{"id":232004,"date":"2023-06-12T00:00:00","date_gmt":"2023-06-11T22:00:00","guid":{"rendered":"https:\/\/wpguerssen-test.odoo.rgbconsulting.com\/product\/reflections-from-an-unseen-world\/"},"modified":"2024-02-22T09:21:29","modified_gmt":"2024-02-22T08:21:29","slug":"reflections-from-an-unseen-world","status":"publish","type":"product","link":"https:\/\/wpguerssen-test.odoo.rgbconsulting.com\/es\/producto\/reflections-from-an-unseen-world\/","title":{"rendered":"Reflections From An Unseen World"},"content":{"rendered":"<p>Este es el cuarto \u00e1lbum de Blue Dawn, la mejor banda de Occult de G\u00e9nova y la mejor hasta la fecha. El \u00e1lbum es el primero en presentar al guitarrista y teclista Davide Bruzzi (Il Segno del Comando), quien toc\u00f3 en tributos a Blue Oyster Cult y Death SS, pero este es el primer \u00e1lbum de larga duraci\u00f3n en el que toca, desde que se uni\u00f3 a la banda en 2017, poco despu\u00e9s del lanzamiento de su anterior disco. Su trabajo distingue el sonido del \u00e1lbum, que va desde Heavy Doom hasta temas m\u00e1s progresivos, embellecidos por los toques de teclado de Bruzzi y solos extravagantes pero emotivos, en canciones construidas sobre riffs poderosos y oscuros creados por Andrea Martino (guitarra) y Enrico Lanciaprima ( bajo\/voz), puntuado por la s\u00f3lida bater\u00eda de Andrea Di Martino y valorado por la voz g\u00f3tica de la cantante M\u00f3nica Santo.<\/p>\n","protected":false},"excerpt":{"rendered":"<p>Este es el cuarto \u00e1lbum de Blue Dawn, la mejor banda de Occult de G\u00e9nova y la mejor hasta la fecha. El \u00e1lbum es el primero en presentar al guitarrista y teclista<a class=\"read\" href=\"https:\/\/wpguerssen-test.odoo.rgbconsulting.com\/es\/producto\/reflections-from-an-unseen-world\/\"> (...)<\/a>","protected":false},"featured_media":233608,"template":"","meta":{"_acf_changed":false},"product_brand":[],"product_cat":[21708,23233],"product_tag":[],"class_list":{"0":"post-232004","1":"product","2":"type-product","3":"status-publish","4":"has-post-thumbnail","6":"product_cat-stoner-doom-es","7":"product_cat-metal-es","8":"pa_artist-blue-dawn","9":"pa_format-lp-es","10":"pa_gender-stoner-doom-metal","11":"pa_label-black-widow","12":"pa_location-europe-es","13":"pa_other-filters-vinyl-only-es","15":"first","16":"instock","17":"taxable","18":"shipping-taxable","19":"purchasable","20":"product-type-simple"},"acf":[],"yoast_head":"<!-- This site is optimized with the Yoast SEO plugin v24.9 - https:\/\/yoast.com\/wordpress\/plugins\/seo\/ -->\n<title>BLUE DAWN - Reflections From An Unseen World -  (LP) | Guerssen<\/title>\n<meta name=\"description\" content=\"Reflections from an unseen world is the 4th album by Blue Dawn, Genoa&#039;s finest Occult band and their best to date. The album is the first to feature guitar &amp; keyboards player Davide Bruzzi (Il Segno del Comando), who played on tributes to Blue Oyster Cult and Death SS, but this is the first full length album in which he plays, since he joined the band in 2017, shortly after the release of their previous record. His work distinguishes the sound of the album, witch ranges from Heavy Doom to more progressive tracks, embellished by Bruzzi s keyboard touches and flamboyant yet emotional solos, on songs built on powerful and dark riffs created by Andrea Martino(guitar) and Enrico Lanciaprima(bass\/vocals), punctuated by the solid drumming of Andrea Di Martino and valued by the gothic voice of singer Monica Santo.\" \/>\n<meta name=\"robots\" content=\"index, follow, max-snippet:-1, max-image-preview:large, max-video-preview:-1\" \/>\n<link rel=\"canonical\" href=\"https:\/\/wpguerssen-test.odoo.rgbconsulting.com\/es\/producto\/reflections-from-an-unseen-world\/\" \/>\n<meta property=\"og:locale\" content=\"es_ES\" \/>\n<meta property=\"og:type\" content=\"article\" \/>\n<meta property=\"og:title\" content=\"BLUE DAWN - Reflections From An Unseen World -  (LP) | Guerssen\" \/>\n<meta property=\"og:description\" content=\"Reflections from an unseen world is the 4th album by Blue Dawn, Genoa&#039;s finest Occult band and their best to date. The album is the first to feature guitar &amp; keyboards player Davide Bruzzi (Il Segno del Comando), who played on tributes to Blue Oyster Cult and Death SS, but this is the first full length album in which he plays, since he joined the band in 2017, shortly after the release of their previous record. His work distinguishes the sound of the album, witch ranges from Heavy Doom to more progressive tracks, embellished by Bruzzi s keyboard touches and flamboyant yet emotional solos, on songs built on powerful and dark riffs created by Andrea Martino(guitar) and Enrico Lanciaprima(bass\/vocals), punctuated by the solid drumming of Andrea Di Martino and valued by the gothic voice of singer Monica Santo.\" \/>\n<meta property=\"og:url\" content=\"https:\/\/wpguerssen-test.odoo.rgbconsulting.com\/es\/producto\/reflections-from-an-unseen-world\/\" \/>\n<meta property=\"og:site_name\" content=\"Guerssen records\" \/>\n<meta property=\"article:modified_time\" content=\"2024-02-22T08:21:29+00:00\" \/>\n<meta property=\"og:image\" content=\"https:\/\/wpguerssen-test.odoo.rgbconsulting.com\/wp-content\/uploads\/2023\/06\/43566.jpg\" \/>\n\t<meta property=\"og:image:width\" content=\"443\" \/>\n\t<meta property=\"og:image:height\" content=\"443\" \/>\n\t<meta property=\"og:image:type\" content=\"image\/jpeg\" \/>\n<meta name=\"twitter:card\" content=\"summary_large_image\" \/>\n<meta name=\"twitter:title\" content=\"BLUE DAWN - Reflections From An Unseen World -  (LP) | Guerssen\" \/>\n<meta name=\"twitter:label1\" content=\"Tiempo de lectura\" \/>\n\t<meta name=\"twitter:data1\" content=\"1 minuto\" \/>\n<script type=\"application\/ld+json\" class=\"yoast-schema-graph\">{\"@context\":\"https:\/\/schema.org\",\"@graph\":[{\"@type\":\"WebPage\",\"@id\":\"https:\/\/wpguerssen-test.odoo.rgbconsulting.com\/es\/producto\/reflections-from-an-unseen-world\/\",\"url\":\"https:\/\/wpguerssen-test.odoo.rgbconsulting.com\/es\/producto\/reflections-from-an-unseen-world\/\",\"name\":\"BLUE DAWN - Reflections From An Unseen World - (LP) | Guerssen\",\"isPartOf\":{\"@id\":\"https:\/\/wpguerssen-test.odoo.rgbconsulting.com\/es\/#website\"},\"primaryImageOfPage\":{\"@id\":\"https:\/\/wpguerssen-test.odoo.rgbconsulting.com\/es\/producto\/reflections-from-an-unseen-world\/#primaryimage\"},\"image\":{\"@id\":\"https:\/\/wpguerssen-test.odoo.rgbconsulting.com\/es\/producto\/reflections-from-an-unseen-world\/#primaryimage\"},\"thumbnailUrl\":\"https:\/\/wpguerssen-test.odoo.rgbconsulting.com\/wp-content\/uploads\/2023\/06\/43566.jpg\",\"datePublished\":\"2023-06-11T22:00:00+00:00\",\"dateModified\":\"2024-02-22T08:21:29+00:00\",\"description\":\"Reflections from an unseen world is the 4th album by Blue Dawn, Genoa's finest Occult band and their best to date. The album is the first to feature guitar & keyboards player Davide Bruzzi (Il Segno del Comando), who played on tributes to Blue Oyster Cult and Death SS, but this is the first full length album in which he plays, since he joined the band in 2017, shortly after the release of their previous record. His work distinguishes the sound of the album, witch ranges from Heavy Doom to more progressive tracks, embellished by Bruzzi s keyboard touches and flamboyant yet emotional solos, on songs built on powerful and dark riffs created by Andrea Martino(guitar) and Enrico Lanciaprima(bass\/vocals), punctuated by the solid drumming of Andrea Di Martino and valued by the gothic voice of singer Monica Santo.\",\"breadcrumb\":{\"@id\":\"https:\/\/wpguerssen-test.odoo.rgbconsulting.com\/es\/producto\/reflections-from-an-unseen-world\/#breadcrumb\"},\"inLanguage\":\"es\",\"potentialAction\":[{\"@type\":\"ReadAction\",\"target\":[\"https:\/\/wpguerssen-test.odoo.rgbconsulting.com\/es\/producto\/reflections-from-an-unseen-world\/\"]}]},{\"@type\":\"ImageObject\",\"inLanguage\":\"es\",\"@id\":\"https:\/\/wpguerssen-test.odoo.rgbconsulting.com\/es\/producto\/reflections-from-an-unseen-world\/#primaryimage\",\"url\":\"https:\/\/wpguerssen-test.odoo.rgbconsulting.com\/wp-content\/uploads\/2023\/06\/43566.jpg\",\"contentUrl\":\"https:\/\/wpguerssen-test.odoo.rgbconsulting.com\/wp-content\/uploads\/2023\/06\/43566.jpg\",\"width\":443,\"height\":443},{\"@type\":\"BreadcrumbList\",\"@id\":\"https:\/\/wpguerssen-test.odoo.rgbconsulting.com\/es\/producto\/reflections-from-an-unseen-world\/#breadcrumb\",\"itemListElement\":[{\"@type\":\"ListItem\",\"position\":1,\"name\":\"Inicio\",\"item\":\"https:\/\/wpguerssen-test.odoo.rgbconsulting.com\/es\/\"},{\"@type\":\"ListItem\",\"position\":2,\"name\":\"Shop\",\"item\":\"https:\/\/wpguerssen-test.odoo.rgbconsulting.com\/shop\/\"},{\"@type\":\"ListItem\",\"position\":3,\"name\":\"Reflections From An Unseen World\"}]},{\"@type\":\"WebSite\",\"@id\":\"https:\/\/wpguerssen-test.odoo.rgbconsulting.com\/es\/#website\",\"url\":\"https:\/\/wpguerssen-test.odoo.rgbconsulting.com\/es\/\",\"name\":\"Guerssen records\",\"description\":\"psychedelia - progressive - folk - garage \",\"publisher\":{\"@id\":\"https:\/\/wpguerssen-test.odoo.rgbconsulting.com\/es\/#organization\"},\"potentialAction\":[{\"@type\":\"SearchAction\",\"target\":{\"@type\":\"EntryPoint\",\"urlTemplate\":\"https:\/\/wpguerssen-test.odoo.rgbconsulting.com\/es\/?s={search_term_string}\"},\"query-input\":{\"@type\":\"PropertyValueSpecification\",\"valueRequired\":true,\"valueName\":\"search_term_string\"}}],\"inLanguage\":\"es\"},{\"@type\":\"Organization\",\"@id\":\"https:\/\/wpguerssen-test.odoo.rgbconsulting.com\/es\/#organization\",\"name\":\"Guerssen records\",\"url\":\"https:\/\/wpguerssen-test.odoo.rgbconsulting.com\/es\/\",\"logo\":{\"@type\":\"ImageObject\",\"inLanguage\":\"es\",\"@id\":\"https:\/\/wpguerssen-test.odoo.rgbconsulting.com\/es\/#\/schema\/logo\/image\/\",\"url\":\"https:\/\/wpguerssen-test.odoo.rgbconsulting.com\/wp-content\/uploads\/2022\/04\/Logo_Guerssen_trans_100.png\",\"contentUrl\":\"https:\/\/wpguerssen-test.odoo.rgbconsulting.com\/wp-content\/uploads\/2022\/04\/Logo_Guerssen_trans_100.png\",\"width\":122,\"height\":100,\"caption\":\"Guerssen records\"},\"image\":{\"@id\":\"https:\/\/wpguerssen-test.odoo.rgbconsulting.com\/es\/#\/schema\/logo\/image\/\"}}]}<\/script>\n<!-- \/ Yoast SEO plugin. -->","yoast_head_json":{"title":"BLUE DAWN - Reflections From An Unseen World -  (LP) | Guerssen","description":"Reflections from an unseen world is the 4th album by Blue Dawn, Genoa's finest Occult band and their best to date. The album is the first to feature guitar & keyboards player Davide Bruzzi (Il Segno del Comando), who played on tributes to Blue Oyster Cult and Death SS, but this is the first full length album in which he plays, since he joined the band in 2017, shortly after the release of their previous record. His work distinguishes the sound of the album, witch ranges from Heavy Doom to more progressive tracks, embellished by Bruzzi s keyboard touches and flamboyant yet emotional solos, on songs built on powerful and dark riffs created by Andrea Martino(guitar) and Enrico Lanciaprima(bass\/vocals), punctuated by the solid drumming of Andrea Di Martino and valued by the gothic voice of singer Monica Santo.","robots":{"index":"index","follow":"follow","max-snippet":"max-snippet:-1","max-image-preview":"max-image-preview:large","max-video-preview":"max-video-preview:-1"},"canonical":"https:\/\/wpguerssen-test.odoo.rgbconsulting.com\/es\/producto\/reflections-from-an-unseen-world\/","og_locale":"es_ES","og_type":"article","og_title":"BLUE DAWN - Reflections From An Unseen World -  (LP) | Guerssen","og_description":"Reflections from an unseen world is the 4th album by Blue Dawn, Genoa's finest Occult band and their best to date. The album is the first to feature guitar & keyboards player Davide Bruzzi (Il Segno del Comando), who played on tributes to Blue Oyster Cult and Death SS, but this is the first full length album in which he plays, since he joined the band in 2017, shortly after the release of their previous record. His work distinguishes the sound of the album, witch ranges from Heavy Doom to more progressive tracks, embellished by Bruzzi s keyboard touches and flamboyant yet emotional solos, on songs built on powerful and dark riffs created by Andrea Martino(guitar) and Enrico Lanciaprima(bass\/vocals), punctuated by the solid drumming of Andrea Di Martino and valued by the gothic voice of singer Monica Santo.","og_url":"https:\/\/wpguerssen-test.odoo.rgbconsulting.com\/es\/producto\/reflections-from-an-unseen-world\/","og_site_name":"Guerssen records","article_modified_time":"2024-02-22T08:21:29+00:00","og_image":[{"width":443,"height":443,"url":"https:\/\/wpguerssen-test.odoo.rgbconsulting.com\/wp-content\/uploads\/2023\/06\/43566.jpg","type":"image\/jpeg"}],"twitter_card":"summary_large_image","twitter_title":"BLUE DAWN - Reflections From An Unseen World -  (LP) | Guerssen","twitter_misc":{"Tiempo de lectura":"1 minuto"},"schema":{"@context":"https:\/\/schema.org","@graph":[{"@type":"WebPage","@id":"https:\/\/wpguerssen-test.odoo.rgbconsulting.com\/es\/producto\/reflections-from-an-unseen-world\/","url":"https:\/\/wpguerssen-test.odoo.rgbconsulting.com\/es\/producto\/reflections-from-an-unseen-world\/","name":"BLUE DAWN - Reflections From An Unseen World - (LP) | Guerssen","isPartOf":{"@id":"https:\/\/wpguerssen-test.odoo.rgbconsulting.com\/es\/#website"},"primaryImageOfPage":{"@id":"https:\/\/wpguerssen-test.odoo.rgbconsulting.com\/es\/producto\/reflections-from-an-unseen-world\/#primaryimage"},"image":{"@id":"https:\/\/wpguerssen-test.odoo.rgbconsulting.com\/es\/producto\/reflections-from-an-unseen-world\/#primaryimage"},"thumbnailUrl":"https:\/\/wpguerssen-test.odoo.rgbconsulting.com\/wp-content\/uploads\/2023\/06\/43566.jpg","datePublished":"2023-06-11T22:00:00+00:00","dateModified":"2024-02-22T08:21:29+00:00","description":"Reflections from an unseen world is the 4th album by Blue Dawn, Genoa's finest Occult band and their best to date. The album is the first to feature guitar & keyboards player Davide Bruzzi (Il Segno del Comando), who played on tributes to Blue Oyster Cult and Death SS, but this is the first full length album in which he plays, since he joined the band in 2017, shortly after the release of their previous record. His work distinguishes the sound of the album, witch ranges from Heavy Doom to more progressive tracks, embellished by Bruzzi s keyboard touches and flamboyant yet emotional solos, on songs built on powerful and dark riffs created by Andrea Martino(guitar) and Enrico Lanciaprima(bass\/vocals), punctuated by the solid drumming of Andrea Di Martino and valued by the gothic voice of singer Monica Santo.","breadcrumb":{"@id":"https:\/\/wpguerssen-test.odoo.rgbconsulting.com\/es\/producto\/reflections-from-an-unseen-world\/#breadcrumb"},"inLanguage":"es","potentialAction":[{"@type":"ReadAction","target":["https:\/\/wpguerssen-test.odoo.rgbconsulting.com\/es\/producto\/reflections-from-an-unseen-world\/"]}]},{"@type":"ImageObject","inLanguage":"es","@id":"https:\/\/wpguerssen-test.odoo.rgbconsulting.com\/es\/producto\/reflections-from-an-unseen-world\/#primaryimage","url":"https:\/\/wpguerssen-test.odoo.rgbconsulting.com\/wp-content\/uploads\/2023\/06\/43566.jpg","contentUrl":"https:\/\/wpguerssen-test.odoo.rgbconsulting.com\/wp-content\/uploads\/2023\/06\/43566.jpg","width":443,"height":443},{"@type":"BreadcrumbList","@id":"https:\/\/wpguerssen-test.odoo.rgbconsulting.com\/es\/producto\/reflections-from-an-unseen-world\/#breadcrumb","itemListElement":[{"@type":"ListItem","position":1,"name":"Inicio","item":"https:\/\/wpguerssen-test.odoo.rgbconsulting.com\/es\/"},{"@type":"ListItem","position":2,"name":"Shop","item":"https:\/\/wpguerssen-test.odoo.rgbconsulting.com\/shop\/"},{"@type":"ListItem","position":3,"name":"Reflections From An Unseen World"}]},{"@type":"WebSite","@id":"https:\/\/wpguerssen-test.odoo.rgbconsulting.com\/es\/#website","url":"https:\/\/wpguerssen-test.odoo.rgbconsulting.com\/es\/","name":"Guerssen records","description":"psychedelia - progressive - folk - garage ","publisher":{"@id":"https:\/\/wpguerssen-test.odoo.rgbconsulting.com\/es\/#organization"},"potentialAction":[{"@type":"SearchAction","target":{"@type":"EntryPoint","urlTemplate":"https:\/\/wpguerssen-test.odoo.rgbconsulting.com\/es\/?s={search_term_string}"},"query-input":{"@type":"PropertyValueSpecification","valueRequired":true,"valueName":"search_term_string"}}],"inLanguage":"es"},{"@type":"Organization","@id":"https:\/\/wpguerssen-test.odoo.rgbconsulting.com\/es\/#organization","name":"Guerssen records","url":"https:\/\/wpguerssen-test.odoo.rgbconsulting.com\/es\/","logo":{"@type":"ImageObject","inLanguage":"es","@id":"https:\/\/wpguerssen-test.odoo.rgbconsulting.com\/es\/#\/schema\/logo\/image\/","url":"https:\/\/wpguerssen-test.odoo.rgbconsulting.com\/wp-content\/uploads\/2022\/04\/Logo_Guerssen_trans_100.png","contentUrl":"https:\/\/wpguerssen-test.odoo.rgbconsulting.com\/wp-content\/uploads\/2022\/04\/Logo_Guerssen_trans_100.png","width":122,"height":100,"caption":"Guerssen records"},"image":{"@id":"https:\/\/wpguerssen-test.odoo.rgbconsulting.com\/es\/#\/schema\/logo\/image\/"}}]}},"_links":{"self":[{"href":"https:\/\/wpguerssen-test.odoo.rgbconsulting.com\/es\/wp-json\/wp\/v2\/product\/232004","targetHints":{"allow":["GET"]}}],"collection":[{"href":"https:\/\/wpguerssen-test.odoo.rgbconsulting.com\/es\/wp-json\/wp\/v2\/product"}],"about":[{"href":"https:\/\/wpguerssen-test.odoo.rgbconsulting.com\/es\/wp-json\/wp\/v2\/types\/product"}],"wp:featuredmedia":[{"embeddable":true,"href":"https:\/\/wpguerssen-test.odoo.rgbconsulting.com\/es\/wp-json\/wp\/v2\/media\/233608"}],"wp:attachment":[{"href":"https:\/\/wpguerssen-test.odoo.rgbconsulting.com\/es\/wp-json\/wp\/v2\/media?parent=232004"}],"wp:term":[{"taxonomy":"product_brand","embeddable":true,"href":"https:\/\/wpguerssen-test.odoo.rgbconsulting.com\/es\/wp-json\/wp\/v2\/product_brand?post=232004"},{"taxonomy":"product_cat","embeddable":true,"href":"https:\/\/wpguerssen-test.odoo.rgbconsulting.com\/es\/wp-json\/wp\/v2\/product_cat?post=232004"},{"taxonomy":"product_tag","embeddable":true,"href":"https:\/\/wpguerssen-test.odoo.rgbconsulting.com\/es\/wp-json\/wp\/v2\/product_tag?post=232004"}],"curies":[{"name":"wp","href":"https:\/\/api.w.org\/{rel}","templated":true}]}}