{"id":232134,"date":"2023-05-18T00:00:00","date_gmt":"2023-05-17T22:00:00","guid":{"rendered":"https:\/\/wpguerssen-test.odoo.rgbconsulting.com\/product\/i-cant-lie-to-you\/"},"modified":"2024-03-14T09:12:46","modified_gmt":"2024-03-14T08:12:46","slug":"i-cant-lie-to-you","status":"publish","type":"product","link":"https:\/\/wpguerssen-test.odoo.rgbconsulting.com\/es\/producto\/i-cant-lie-to-you\/","title":{"rendered":"I Can&#8217;t Lie To You"},"content":{"rendered":"<p>El objetivo del pianista nacido en Glasgow Mike McNaught era insuflar pop y rock en el jazz, formando Atlantic Bridge despu\u00e9s de liderar los London Jazz Four, reclutando al bajista Darryl Runswick y al baterista Mike Travis, con quienes toc\u00f3 en la Henry Lowther Band, junto al flautista y saxofonista Jim Philip del Michael Garrick Sextet para crear un \u00fanico LP para la subsidiaria de Pye&#8217;s Dawn. La pista principal de este raro EP de 12 pulgadas, &#8216;I Can&#8217;t Lie To You&#8217;, era un original no est\u00e1ndar que resum\u00eda todas sus capacidades, con voces femeninas no acreditadas y sobregrabaciones inusuales; los instrumentales &#8216;Hilary Dickson&#8217; y &#8216;Childhood Room&#8217; son agradablemente atmosf\u00e9ricos, este \u00faltimo muestra el impresionante poder de la destreza del bajo mel\u00f3dico de Runswick.<\/p>\n","protected":false},"excerpt":{"rendered":"<p>El objetivo del pianista nacido en Glasgow Mike McNaught era insuflar pop y rock en el jazz, formando Atlantic Bridge despu\u00e9s de liderar los London Jazz Four, reclutando<a class=\"read\" href=\"https:\/\/wpguerssen-test.odoo.rgbconsulting.com\/es\/producto\/i-cant-lie-to-you\/\"> (...)<\/a>","protected":false},"featured_media":232277,"template":"","meta":{"_acf_changed":false},"product_brand":[],"product_cat":[23215,23229],"product_tag":[24190],"class_list":{"0":"post-232134","1":"product","2":"type-product","3":"status-publish","4":"has-post-thumbnail","6":"product_cat-progressive60s-70s-es","7":"product_cat-jazz-rock-es","8":"product_tag-sales-es","9":"pa_artist-atlantic-bridge","10":"pa_format-maxi","11":"pa_gender-jazz-rock-progressive60s-70s","12":"pa_label-trading-places","13":"pa_location-uk-ireland-es","14":"pa_other-filters-vinyl-only-es","16":"first","17":"instock","18":"taxable","19":"shipping-taxable","20":"purchasable","21":"product-type-simple"},"acf":[],"yoast_head":"<!-- This site is optimized with the Yoast SEO plugin v24.9 - https:\/\/yoast.com\/wordpress\/plugins\/seo\/ -->\n<title>ATLANTIC BRIDGE - I Can&#039;t Lie To You -  (MAXI) | Guerssen<\/title>\n<meta name=\"description\" content=\"Glasgow-born pianist Mike McNaught&#039;s aim was to infuse pop and rock into jazz, forming Atlantic Bridge after leading the London Jazz Four, recruiting bassist Darryl Runswick and drummer Mike Travis, who he played with in the Henry Lowther Band, alongside flutist\/saxophonist Jim Philip of the Michael Garrick Sextet to craft a sole LP for Pye&#039;s Dawn subsidiary. The lead track on this rare 12-inch EP, &#039;I Can&#039;t Lie To You,&#039; was a non-standard original that summed up all of their capabilities, with uncredited female vocals and unusual enhancing overdubs; instrumentals &#039;Hilary Dickson&#039; and &#039;Childhood Room&#039; are pleasantly atmospheric, the latter showcasing the awesome power of Runswick&#039;s melodic bass prowess.\" \/>\n<meta name=\"robots\" content=\"index, follow, max-snippet:-1, max-image-preview:large, max-video-preview:-1\" \/>\n<link rel=\"canonical\" href=\"https:\/\/wpguerssen-test.odoo.rgbconsulting.com\/es\/producto\/i-cant-lie-to-you\/\" \/>\n<meta property=\"og:locale\" content=\"es_ES\" \/>\n<meta property=\"og:type\" content=\"article\" \/>\n<meta property=\"og:title\" content=\"ATLANTIC BRIDGE - I Can&#039;t Lie To You -  (MAXI) | Guerssen\" \/>\n<meta property=\"og:description\" content=\"Glasgow-born pianist Mike McNaught&#039;s aim was to infuse pop and rock into jazz, forming Atlantic Bridge after leading the London Jazz Four, recruiting bassist Darryl Runswick and drummer Mike Travis, who he played with in the Henry Lowther Band, alongside flutist\/saxophonist Jim Philip of the Michael Garrick Sextet to craft a sole LP for Pye&#039;s Dawn subsidiary. The lead track on this rare 12-inch EP, &#039;I Can&#039;t Lie To You,&#039; was a non-standard original that summed up all of their capabilities, with uncredited female vocals and unusual enhancing overdubs; instrumentals &#039;Hilary Dickson&#039; and &#039;Childhood Room&#039; are pleasantly atmospheric, the latter showcasing the awesome power of Runswick&#039;s melodic bass prowess.\" \/>\n<meta property=\"og:url\" content=\"https:\/\/wpguerssen-test.odoo.rgbconsulting.com\/es\/producto\/i-cant-lie-to-you\/\" \/>\n<meta property=\"og:site_name\" content=\"Guerssen records\" \/>\n<meta property=\"article:modified_time\" content=\"2024-03-14T08:12:46+00:00\" \/>\n<meta property=\"og:image\" content=\"https:\/\/wpguerssen-test.odoo.rgbconsulting.com\/wp-content\/uploads\/2023\/05\/43589.jpg\" \/>\n\t<meta property=\"og:image:width\" content=\"945\" \/>\n\t<meta property=\"og:image:height\" content=\"942\" \/>\n\t<meta property=\"og:image:type\" content=\"image\/jpeg\" \/>\n<meta name=\"twitter:card\" content=\"summary_large_image\" \/>\n<meta name=\"twitter:title\" content=\"ATLANTIC BRIDGE - I Can&#039;t Lie To You -  (MAXI) | Guerssen\" \/>\n<meta name=\"twitter:label1\" content=\"Tiempo de lectura\" \/>\n\t<meta name=\"twitter:data1\" content=\"1 minuto\" \/>\n<script type=\"application\/ld+json\" class=\"yoast-schema-graph\">{\"@context\":\"https:\/\/schema.org\",\"@graph\":[{\"@type\":\"WebPage\",\"@id\":\"https:\/\/wpguerssen-test.odoo.rgbconsulting.com\/es\/producto\/i-cant-lie-to-you\/\",\"url\":\"https:\/\/wpguerssen-test.odoo.rgbconsulting.com\/es\/producto\/i-cant-lie-to-you\/\",\"name\":\"ATLANTIC BRIDGE - I Can't Lie To You - (MAXI) | Guerssen\",\"isPartOf\":{\"@id\":\"https:\/\/wpguerssen-test.odoo.rgbconsulting.com\/es\/#website\"},\"primaryImageOfPage\":{\"@id\":\"https:\/\/wpguerssen-test.odoo.rgbconsulting.com\/es\/producto\/i-cant-lie-to-you\/#primaryimage\"},\"image\":{\"@id\":\"https:\/\/wpguerssen-test.odoo.rgbconsulting.com\/es\/producto\/i-cant-lie-to-you\/#primaryimage\"},\"thumbnailUrl\":\"https:\/\/wpguerssen-test.odoo.rgbconsulting.com\/wp-content\/uploads\/2023\/05\/43589.jpg\",\"datePublished\":\"2023-05-17T22:00:00+00:00\",\"dateModified\":\"2024-03-14T08:12:46+00:00\",\"description\":\"Glasgow-born pianist Mike McNaught's aim was to infuse pop and rock into jazz, forming Atlantic Bridge after leading the London Jazz Four, recruiting bassist Darryl Runswick and drummer Mike Travis, who he played with in the Henry Lowther Band, alongside flutist\/saxophonist Jim Philip of the Michael Garrick Sextet to craft a sole LP for Pye's Dawn subsidiary. The lead track on this rare 12-inch EP, 'I Can't Lie To You,' was a non-standard original that summed up all of their capabilities, with uncredited female vocals and unusual enhancing overdubs; instrumentals 'Hilary Dickson' and 'Childhood Room' are pleasantly atmospheric, the latter showcasing the awesome power of Runswick's melodic bass prowess.\",\"breadcrumb\":{\"@id\":\"https:\/\/wpguerssen-test.odoo.rgbconsulting.com\/es\/producto\/i-cant-lie-to-you\/#breadcrumb\"},\"inLanguage\":\"es\",\"potentialAction\":[{\"@type\":\"ReadAction\",\"target\":[\"https:\/\/wpguerssen-test.odoo.rgbconsulting.com\/es\/producto\/i-cant-lie-to-you\/\"]}]},{\"@type\":\"ImageObject\",\"inLanguage\":\"es\",\"@id\":\"https:\/\/wpguerssen-test.odoo.rgbconsulting.com\/es\/producto\/i-cant-lie-to-you\/#primaryimage\",\"url\":\"https:\/\/wpguerssen-test.odoo.rgbconsulting.com\/wp-content\/uploads\/2023\/05\/43589.jpg\",\"contentUrl\":\"https:\/\/wpguerssen-test.odoo.rgbconsulting.com\/wp-content\/uploads\/2023\/05\/43589.jpg\",\"width\":945,\"height\":942},{\"@type\":\"BreadcrumbList\",\"@id\":\"https:\/\/wpguerssen-test.odoo.rgbconsulting.com\/es\/producto\/i-cant-lie-to-you\/#breadcrumb\",\"itemListElement\":[{\"@type\":\"ListItem\",\"position\":1,\"name\":\"Inicio\",\"item\":\"https:\/\/wpguerssen-test.odoo.rgbconsulting.com\/es\/\"},{\"@type\":\"ListItem\",\"position\":2,\"name\":\"Shop\",\"item\":\"https:\/\/wpguerssen-test.odoo.rgbconsulting.com\/shop\/\"},{\"@type\":\"ListItem\",\"position\":3,\"name\":\"I Can&#8217;t Lie To You\"}]},{\"@type\":\"WebSite\",\"@id\":\"https:\/\/wpguerssen-test.odoo.rgbconsulting.com\/es\/#website\",\"url\":\"https:\/\/wpguerssen-test.odoo.rgbconsulting.com\/es\/\",\"name\":\"Guerssen records\",\"description\":\"psychedelia - progressive - folk - garage \",\"publisher\":{\"@id\":\"https:\/\/wpguerssen-test.odoo.rgbconsulting.com\/es\/#organization\"},\"potentialAction\":[{\"@type\":\"SearchAction\",\"target\":{\"@type\":\"EntryPoint\",\"urlTemplate\":\"https:\/\/wpguerssen-test.odoo.rgbconsulting.com\/es\/?s={search_term_string}\"},\"query-input\":{\"@type\":\"PropertyValueSpecification\",\"valueRequired\":true,\"valueName\":\"search_term_string\"}}],\"inLanguage\":\"es\"},{\"@type\":\"Organization\",\"@id\":\"https:\/\/wpguerssen-test.odoo.rgbconsulting.com\/es\/#organization\",\"name\":\"Guerssen records\",\"url\":\"https:\/\/wpguerssen-test.odoo.rgbconsulting.com\/es\/\",\"logo\":{\"@type\":\"ImageObject\",\"inLanguage\":\"es\",\"@id\":\"https:\/\/wpguerssen-test.odoo.rgbconsulting.com\/es\/#\/schema\/logo\/image\/\",\"url\":\"https:\/\/wpguerssen-test.odoo.rgbconsulting.com\/wp-content\/uploads\/2022\/04\/Logo_Guerssen_trans_100.png\",\"contentUrl\":\"https:\/\/wpguerssen-test.odoo.rgbconsulting.com\/wp-content\/uploads\/2022\/04\/Logo_Guerssen_trans_100.png\",\"width\":122,\"height\":100,\"caption\":\"Guerssen records\"},\"image\":{\"@id\":\"https:\/\/wpguerssen-test.odoo.rgbconsulting.com\/es\/#\/schema\/logo\/image\/\"}}]}<\/script>\n<!-- \/ Yoast SEO plugin. -->","yoast_head_json":{"title":"ATLANTIC BRIDGE - I Can't Lie To You -  (MAXI) | Guerssen","description":"Glasgow-born pianist Mike McNaught's aim was to infuse pop and rock into jazz, forming Atlantic Bridge after leading the London Jazz Four, recruiting bassist Darryl Runswick and drummer Mike Travis, who he played with in the Henry Lowther Band, alongside flutist\/saxophonist Jim Philip of the Michael Garrick Sextet to craft a sole LP for Pye's Dawn subsidiary. The lead track on this rare 12-inch EP, 'I Can't Lie To You,' was a non-standard original that summed up all of their capabilities, with uncredited female vocals and unusual enhancing overdubs; instrumentals 'Hilary Dickson' and 'Childhood Room' are pleasantly atmospheric, the latter showcasing the awesome power of Runswick's melodic bass prowess.","robots":{"index":"index","follow":"follow","max-snippet":"max-snippet:-1","max-image-preview":"max-image-preview:large","max-video-preview":"max-video-preview:-1"},"canonical":"https:\/\/wpguerssen-test.odoo.rgbconsulting.com\/es\/producto\/i-cant-lie-to-you\/","og_locale":"es_ES","og_type":"article","og_title":"ATLANTIC BRIDGE - I Can't Lie To You -  (MAXI) | Guerssen","og_description":"Glasgow-born pianist Mike McNaught's aim was to infuse pop and rock into jazz, forming Atlantic Bridge after leading the London Jazz Four, recruiting bassist Darryl Runswick and drummer Mike Travis, who he played with in the Henry Lowther Band, alongside flutist\/saxophonist Jim Philip of the Michael Garrick Sextet to craft a sole LP for Pye's Dawn subsidiary. The lead track on this rare 12-inch EP, 'I Can't Lie To You,' was a non-standard original that summed up all of their capabilities, with uncredited female vocals and unusual enhancing overdubs; instrumentals 'Hilary Dickson' and 'Childhood Room' are pleasantly atmospheric, the latter showcasing the awesome power of Runswick's melodic bass prowess.","og_url":"https:\/\/wpguerssen-test.odoo.rgbconsulting.com\/es\/producto\/i-cant-lie-to-you\/","og_site_name":"Guerssen records","article_modified_time":"2024-03-14T08:12:46+00:00","og_image":[{"width":945,"height":942,"url":"https:\/\/wpguerssen-test.odoo.rgbconsulting.com\/wp-content\/uploads\/2023\/05\/43589.jpg","type":"image\/jpeg"}],"twitter_card":"summary_large_image","twitter_title":"ATLANTIC BRIDGE - I Can't Lie To You -  (MAXI) | Guerssen","twitter_misc":{"Tiempo de lectura":"1 minuto"},"schema":{"@context":"https:\/\/schema.org","@graph":[{"@type":"WebPage","@id":"https:\/\/wpguerssen-test.odoo.rgbconsulting.com\/es\/producto\/i-cant-lie-to-you\/","url":"https:\/\/wpguerssen-test.odoo.rgbconsulting.com\/es\/producto\/i-cant-lie-to-you\/","name":"ATLANTIC BRIDGE - I Can't Lie To You - (MAXI) | Guerssen","isPartOf":{"@id":"https:\/\/wpguerssen-test.odoo.rgbconsulting.com\/es\/#website"},"primaryImageOfPage":{"@id":"https:\/\/wpguerssen-test.odoo.rgbconsulting.com\/es\/producto\/i-cant-lie-to-you\/#primaryimage"},"image":{"@id":"https:\/\/wpguerssen-test.odoo.rgbconsulting.com\/es\/producto\/i-cant-lie-to-you\/#primaryimage"},"thumbnailUrl":"https:\/\/wpguerssen-test.odoo.rgbconsulting.com\/wp-content\/uploads\/2023\/05\/43589.jpg","datePublished":"2023-05-17T22:00:00+00:00","dateModified":"2024-03-14T08:12:46+00:00","description":"Glasgow-born pianist Mike McNaught's aim was to infuse pop and rock into jazz, forming Atlantic Bridge after leading the London Jazz Four, recruiting bassist Darryl Runswick and drummer Mike Travis, who he played with in the Henry Lowther Band, alongside flutist\/saxophonist Jim Philip of the Michael Garrick Sextet to craft a sole LP for Pye's Dawn subsidiary. The lead track on this rare 12-inch EP, 'I Can't Lie To You,' was a non-standard original that summed up all of their capabilities, with uncredited female vocals and unusual enhancing overdubs; instrumentals 'Hilary Dickson' and 'Childhood Room' are pleasantly atmospheric, the latter showcasing the awesome power of Runswick's melodic bass prowess.","breadcrumb":{"@id":"https:\/\/wpguerssen-test.odoo.rgbconsulting.com\/es\/producto\/i-cant-lie-to-you\/#breadcrumb"},"inLanguage":"es","potentialAction":[{"@type":"ReadAction","target":["https:\/\/wpguerssen-test.odoo.rgbconsulting.com\/es\/producto\/i-cant-lie-to-you\/"]}]},{"@type":"ImageObject","inLanguage":"es","@id":"https:\/\/wpguerssen-test.odoo.rgbconsulting.com\/es\/producto\/i-cant-lie-to-you\/#primaryimage","url":"https:\/\/wpguerssen-test.odoo.rgbconsulting.com\/wp-content\/uploads\/2023\/05\/43589.jpg","contentUrl":"https:\/\/wpguerssen-test.odoo.rgbconsulting.com\/wp-content\/uploads\/2023\/05\/43589.jpg","width":945,"height":942},{"@type":"BreadcrumbList","@id":"https:\/\/wpguerssen-test.odoo.rgbconsulting.com\/es\/producto\/i-cant-lie-to-you\/#breadcrumb","itemListElement":[{"@type":"ListItem","position":1,"name":"Inicio","item":"https:\/\/wpguerssen-test.odoo.rgbconsulting.com\/es\/"},{"@type":"ListItem","position":2,"name":"Shop","item":"https:\/\/wpguerssen-test.odoo.rgbconsulting.com\/shop\/"},{"@type":"ListItem","position":3,"name":"I Can&#8217;t Lie To You"}]},{"@type":"WebSite","@id":"https:\/\/wpguerssen-test.odoo.rgbconsulting.com\/es\/#website","url":"https:\/\/wpguerssen-test.odoo.rgbconsulting.com\/es\/","name":"Guerssen records","description":"psychedelia - progressive - folk - garage ","publisher":{"@id":"https:\/\/wpguerssen-test.odoo.rgbconsulting.com\/es\/#organization"},"potentialAction":[{"@type":"SearchAction","target":{"@type":"EntryPoint","urlTemplate":"https:\/\/wpguerssen-test.odoo.rgbconsulting.com\/es\/?s={search_term_string}"},"query-input":{"@type":"PropertyValueSpecification","valueRequired":true,"valueName":"search_term_string"}}],"inLanguage":"es"},{"@type":"Organization","@id":"https:\/\/wpguerssen-test.odoo.rgbconsulting.com\/es\/#organization","name":"Guerssen records","url":"https:\/\/wpguerssen-test.odoo.rgbconsulting.com\/es\/","logo":{"@type":"ImageObject","inLanguage":"es","@id":"https:\/\/wpguerssen-test.odoo.rgbconsulting.com\/es\/#\/schema\/logo\/image\/","url":"https:\/\/wpguerssen-test.odoo.rgbconsulting.com\/wp-content\/uploads\/2022\/04\/Logo_Guerssen_trans_100.png","contentUrl":"https:\/\/wpguerssen-test.odoo.rgbconsulting.com\/wp-content\/uploads\/2022\/04\/Logo_Guerssen_trans_100.png","width":122,"height":100,"caption":"Guerssen records"},"image":{"@id":"https:\/\/wpguerssen-test.odoo.rgbconsulting.com\/es\/#\/schema\/logo\/image\/"}}]}},"_links":{"self":[{"href":"https:\/\/wpguerssen-test.odoo.rgbconsulting.com\/es\/wp-json\/wp\/v2\/product\/232134","targetHints":{"allow":["GET"]}}],"collection":[{"href":"https:\/\/wpguerssen-test.odoo.rgbconsulting.com\/es\/wp-json\/wp\/v2\/product"}],"about":[{"href":"https:\/\/wpguerssen-test.odoo.rgbconsulting.com\/es\/wp-json\/wp\/v2\/types\/product"}],"wp:featuredmedia":[{"embeddable":true,"href":"https:\/\/wpguerssen-test.odoo.rgbconsulting.com\/es\/wp-json\/wp\/v2\/media\/232277"}],"wp:attachment":[{"href":"https:\/\/wpguerssen-test.odoo.rgbconsulting.com\/es\/wp-json\/wp\/v2\/media?parent=232134"}],"wp:term":[{"taxonomy":"product_brand","embeddable":true,"href":"https:\/\/wpguerssen-test.odoo.rgbconsulting.com\/es\/wp-json\/wp\/v2\/product_brand?post=232134"},{"taxonomy":"product_cat","embeddable":true,"href":"https:\/\/wpguerssen-test.odoo.rgbconsulting.com\/es\/wp-json\/wp\/v2\/product_cat?post=232134"},{"taxonomy":"product_tag","embeddable":true,"href":"https:\/\/wpguerssen-test.odoo.rgbconsulting.com\/es\/wp-json\/wp\/v2\/product_tag?post=232134"}],"curies":[{"name":"wp","href":"https:\/\/api.w.org\/{rel}","templated":true}]}}