{"id":232136,"date":"2023-05-18T00:00:00","date_gmt":"2023-05-17T22:00:00","guid":{"rendered":"https:\/\/wpguerssen-test.odoo.rgbconsulting.com\/product\/open-the-door-homer\/"},"modified":"2025-04-25T13:42:15","modified_gmt":"2025-04-25T11:42:15","slug":"open-the-door-homer","status":"publish","type":"product","link":"https:\/\/wpguerssen-test.odoo.rgbconsulting.com\/es\/producto\/open-the-door-homer\/","title":{"rendered":"Open The Door Homer"},"content":{"rendered":"<p>El grupo proto-progresivo Titus Groan se reuni\u00f3 en Londres a partir de influencias dispares: el baterista Jim Toomey, que luego toc\u00f3 en los Tourists, ten\u00eda antecedentes de jazz tradicional y luego toc\u00f3 en una banda de soul con el saxofonista\/flautista\/obo\u00edsta Tony Priestland; el bajista John Lee hab\u00eda tocado con el saxofonista de jazz Dick Morrissey, y el guitarrista y teclista Stuart Cowell era fan\u00e1tico del blues, de ah\u00ed las diversas direcciones de su \u00fanico LP. El raro &#8216;Open The Door Homer&#8217; de 12 pulgadas presenta su versi\u00f3n de la canci\u00f3n in\u00e9dita de Bob Dylan que tambi\u00e9n fue abordada por Fairport Convention, los originales &#8216;Woman Of The World&#8217; y &#8216;Liverpool&#8217; entre blues rock, jazz rock y prog.<\/p>\n","protected":false},"excerpt":{"rendered":"<p>El grupo proto-progresivo Titus Groan se reuni\u00f3 en Londres a partir de influencias dispares: el baterista Jim Toomey, que luego toc\u00f3 en los Tourists, ten\u00eda antecedentes<a class=\"read\" href=\"https:\/\/wpguerssen-test.odoo.rgbconsulting.com\/es\/producto\/open-the-door-homer\/\"> (...)<\/a>","protected":false},"featured_media":232281,"template":"","meta":{"_acf_changed":false},"product_brand":[],"product_cat":[23215],"product_tag":[24190],"class_list":{"0":"post-232136","1":"product","2":"type-product","3":"status-publish","4":"has-post-thumbnail","6":"product_cat-progressive60s-70s-es","7":"product_tag-sales-es","8":"pa_artist-titus-groan","9":"pa_format-maxi","10":"pa_gender-progressive60s-70s","11":"pa_label-trading-places","12":"pa_location-uk-ireland-es","13":"pa_other-filters-vinyl-only-es","15":"first","16":"instock","17":"taxable","18":"shipping-taxable","19":"purchasable","20":"product-type-simple"},"acf":[],"yoast_head":"<!-- This site is optimized with the Yoast SEO plugin v24.9 - https:\/\/yoast.com\/wordpress\/plugins\/seo\/ -->\n<title>TITUS GROAN - Open The Door Homer -  (MAXI) | Guerssen<\/title>\n<meta name=\"description\" content=\"Proto-prog act Titus Groan came together in London from disparate influences: drummer Jim Toomey, who later played in the Tourists, had a trad jazz background, and then played in a soul act with saxophonist\/flutist\/oboist Tony Priestland; bassist John Lee had played with jazz saxophonist Dick Morrissey, and guitarist\/keyboardist Stuart Cowell was a blues fan, hence the diverse directions of their sole LP. Rare 12-inch &#039;Open The Door Homer&#039; features their cover of the unreleased Bob Dylan song that was also tackled by Fairport Convention, originals &#039;Woman Of The World&#039; and &#039;Liverpool&#039; between blues rock, jazz rock and prog.\" \/>\n<meta name=\"robots\" content=\"index, follow, max-snippet:-1, max-image-preview:large, max-video-preview:-1\" \/>\n<link rel=\"canonical\" href=\"https:\/\/wpguerssen-test.odoo.rgbconsulting.com\/es\/producto\/open-the-door-homer\/\" \/>\n<meta property=\"og:locale\" content=\"es_ES\" \/>\n<meta property=\"og:type\" content=\"article\" \/>\n<meta property=\"og:title\" content=\"TITUS GROAN - Open The Door Homer -  (MAXI) | Guerssen\" \/>\n<meta property=\"og:description\" content=\"Proto-prog act Titus Groan came together in London from disparate influences: drummer Jim Toomey, who later played in the Tourists, had a trad jazz background, and then played in a soul act with saxophonist\/flutist\/oboist Tony Priestland; bassist John Lee had played with jazz saxophonist Dick Morrissey, and guitarist\/keyboardist Stuart Cowell was a blues fan, hence the diverse directions of their sole LP. Rare 12-inch &#039;Open The Door Homer&#039; features their cover of the unreleased Bob Dylan song that was also tackled by Fairport Convention, originals &#039;Woman Of The World&#039; and &#039;Liverpool&#039; between blues rock, jazz rock and prog.\" \/>\n<meta property=\"og:url\" content=\"https:\/\/wpguerssen-test.odoo.rgbconsulting.com\/es\/producto\/open-the-door-homer\/\" \/>\n<meta property=\"og:site_name\" content=\"Guerssen records\" \/>\n<meta property=\"article:modified_time\" content=\"2025-04-25T11:42:15+00:00\" \/>\n<meta property=\"og:image\" content=\"https:\/\/wpguerssen-test.odoo.rgbconsulting.com\/wp-content\/uploads\/2023\/05\/43591.jpg\" \/>\n\t<meta property=\"og:image:width\" content=\"945\" \/>\n\t<meta property=\"og:image:height\" content=\"944\" \/>\n\t<meta property=\"og:image:type\" content=\"image\/jpeg\" \/>\n<meta name=\"twitter:card\" content=\"summary_large_image\" \/>\n<meta name=\"twitter:title\" content=\"TITUS GROAN - Open The Door Homer -  (MAXI) | Guerssen\" \/>\n<meta name=\"twitter:label1\" content=\"Tiempo de lectura\" \/>\n\t<meta name=\"twitter:data1\" content=\"1 minuto\" \/>\n<script type=\"application\/ld+json\" class=\"yoast-schema-graph\">{\"@context\":\"https:\/\/schema.org\",\"@graph\":[{\"@type\":\"WebPage\",\"@id\":\"https:\/\/wpguerssen-test.odoo.rgbconsulting.com\/es\/producto\/open-the-door-homer\/\",\"url\":\"https:\/\/wpguerssen-test.odoo.rgbconsulting.com\/es\/producto\/open-the-door-homer\/\",\"name\":\"TITUS GROAN - Open The Door Homer - (MAXI) | Guerssen\",\"isPartOf\":{\"@id\":\"https:\/\/wpguerssen-test.odoo.rgbconsulting.com\/es\/#website\"},\"primaryImageOfPage\":{\"@id\":\"https:\/\/wpguerssen-test.odoo.rgbconsulting.com\/es\/producto\/open-the-door-homer\/#primaryimage\"},\"image\":{\"@id\":\"https:\/\/wpguerssen-test.odoo.rgbconsulting.com\/es\/producto\/open-the-door-homer\/#primaryimage\"},\"thumbnailUrl\":\"https:\/\/wpguerssen-test.odoo.rgbconsulting.com\/wp-content\/uploads\/2023\/05\/43591.jpg\",\"datePublished\":\"2023-05-17T22:00:00+00:00\",\"dateModified\":\"2025-04-25T11:42:15+00:00\",\"description\":\"Proto-prog act Titus Groan came together in London from disparate influences: drummer Jim Toomey, who later played in the Tourists, had a trad jazz background, and then played in a soul act with saxophonist\/flutist\/oboist Tony Priestland; bassist John Lee had played with jazz saxophonist Dick Morrissey, and guitarist\/keyboardist Stuart Cowell was a blues fan, hence the diverse directions of their sole LP. Rare 12-inch 'Open The Door Homer' features their cover of the unreleased Bob Dylan song that was also tackled by Fairport Convention, originals 'Woman Of The World' and 'Liverpool' between blues rock, jazz rock and prog.\",\"breadcrumb\":{\"@id\":\"https:\/\/wpguerssen-test.odoo.rgbconsulting.com\/es\/producto\/open-the-door-homer\/#breadcrumb\"},\"inLanguage\":\"es\",\"potentialAction\":[{\"@type\":\"ReadAction\",\"target\":[\"https:\/\/wpguerssen-test.odoo.rgbconsulting.com\/es\/producto\/open-the-door-homer\/\"]}]},{\"@type\":\"ImageObject\",\"inLanguage\":\"es\",\"@id\":\"https:\/\/wpguerssen-test.odoo.rgbconsulting.com\/es\/producto\/open-the-door-homer\/#primaryimage\",\"url\":\"https:\/\/wpguerssen-test.odoo.rgbconsulting.com\/wp-content\/uploads\/2023\/05\/43591.jpg\",\"contentUrl\":\"https:\/\/wpguerssen-test.odoo.rgbconsulting.com\/wp-content\/uploads\/2023\/05\/43591.jpg\",\"width\":945,\"height\":944},{\"@type\":\"BreadcrumbList\",\"@id\":\"https:\/\/wpguerssen-test.odoo.rgbconsulting.com\/es\/producto\/open-the-door-homer\/#breadcrumb\",\"itemListElement\":[{\"@type\":\"ListItem\",\"position\":1,\"name\":\"Inicio\",\"item\":\"https:\/\/wpguerssen-test.odoo.rgbconsulting.com\/es\/\"},{\"@type\":\"ListItem\",\"position\":2,\"name\":\"Shop\",\"item\":\"https:\/\/wpguerssen-test.odoo.rgbconsulting.com\/shop\/\"},{\"@type\":\"ListItem\",\"position\":3,\"name\":\"Open The Door Homer\"}]},{\"@type\":\"WebSite\",\"@id\":\"https:\/\/wpguerssen-test.odoo.rgbconsulting.com\/es\/#website\",\"url\":\"https:\/\/wpguerssen-test.odoo.rgbconsulting.com\/es\/\",\"name\":\"Guerssen records\",\"description\":\"psychedelia - progressive - folk - garage \",\"publisher\":{\"@id\":\"https:\/\/wpguerssen-test.odoo.rgbconsulting.com\/es\/#organization\"},\"potentialAction\":[{\"@type\":\"SearchAction\",\"target\":{\"@type\":\"EntryPoint\",\"urlTemplate\":\"https:\/\/wpguerssen-test.odoo.rgbconsulting.com\/es\/?s={search_term_string}\"},\"query-input\":{\"@type\":\"PropertyValueSpecification\",\"valueRequired\":true,\"valueName\":\"search_term_string\"}}],\"inLanguage\":\"es\"},{\"@type\":\"Organization\",\"@id\":\"https:\/\/wpguerssen-test.odoo.rgbconsulting.com\/es\/#organization\",\"name\":\"Guerssen records\",\"url\":\"https:\/\/wpguerssen-test.odoo.rgbconsulting.com\/es\/\",\"logo\":{\"@type\":\"ImageObject\",\"inLanguage\":\"es\",\"@id\":\"https:\/\/wpguerssen-test.odoo.rgbconsulting.com\/es\/#\/schema\/logo\/image\/\",\"url\":\"https:\/\/wpguerssen-test.odoo.rgbconsulting.com\/wp-content\/uploads\/2022\/04\/Logo_Guerssen_trans_100.png\",\"contentUrl\":\"https:\/\/wpguerssen-test.odoo.rgbconsulting.com\/wp-content\/uploads\/2022\/04\/Logo_Guerssen_trans_100.png\",\"width\":122,\"height\":100,\"caption\":\"Guerssen records\"},\"image\":{\"@id\":\"https:\/\/wpguerssen-test.odoo.rgbconsulting.com\/es\/#\/schema\/logo\/image\/\"}}]}<\/script>\n<!-- \/ Yoast SEO plugin. -->","yoast_head_json":{"title":"TITUS GROAN - Open The Door Homer -  (MAXI) | Guerssen","description":"Proto-prog act Titus Groan came together in London from disparate influences: drummer Jim Toomey, who later played in the Tourists, had a trad jazz background, and then played in a soul act with saxophonist\/flutist\/oboist Tony Priestland; bassist John Lee had played with jazz saxophonist Dick Morrissey, and guitarist\/keyboardist Stuart Cowell was a blues fan, hence the diverse directions of their sole LP. Rare 12-inch 'Open The Door Homer' features their cover of the unreleased Bob Dylan song that was also tackled by Fairport Convention, originals 'Woman Of The World' and 'Liverpool' between blues rock, jazz rock and prog.","robots":{"index":"index","follow":"follow","max-snippet":"max-snippet:-1","max-image-preview":"max-image-preview:large","max-video-preview":"max-video-preview:-1"},"canonical":"https:\/\/wpguerssen-test.odoo.rgbconsulting.com\/es\/producto\/open-the-door-homer\/","og_locale":"es_ES","og_type":"article","og_title":"TITUS GROAN - Open The Door Homer -  (MAXI) | Guerssen","og_description":"Proto-prog act Titus Groan came together in London from disparate influences: drummer Jim Toomey, who later played in the Tourists, had a trad jazz background, and then played in a soul act with saxophonist\/flutist\/oboist Tony Priestland; bassist John Lee had played with jazz saxophonist Dick Morrissey, and guitarist\/keyboardist Stuart Cowell was a blues fan, hence the diverse directions of their sole LP. Rare 12-inch 'Open The Door Homer' features their cover of the unreleased Bob Dylan song that was also tackled by Fairport Convention, originals 'Woman Of The World' and 'Liverpool' between blues rock, jazz rock and prog.","og_url":"https:\/\/wpguerssen-test.odoo.rgbconsulting.com\/es\/producto\/open-the-door-homer\/","og_site_name":"Guerssen records","article_modified_time":"2025-04-25T11:42:15+00:00","og_image":[{"width":945,"height":944,"url":"https:\/\/wpguerssen-test.odoo.rgbconsulting.com\/wp-content\/uploads\/2023\/05\/43591.jpg","type":"image\/jpeg"}],"twitter_card":"summary_large_image","twitter_title":"TITUS GROAN - Open The Door Homer -  (MAXI) | Guerssen","twitter_misc":{"Tiempo de lectura":"1 minuto"},"schema":{"@context":"https:\/\/schema.org","@graph":[{"@type":"WebPage","@id":"https:\/\/wpguerssen-test.odoo.rgbconsulting.com\/es\/producto\/open-the-door-homer\/","url":"https:\/\/wpguerssen-test.odoo.rgbconsulting.com\/es\/producto\/open-the-door-homer\/","name":"TITUS GROAN - Open The Door Homer - (MAXI) | Guerssen","isPartOf":{"@id":"https:\/\/wpguerssen-test.odoo.rgbconsulting.com\/es\/#website"},"primaryImageOfPage":{"@id":"https:\/\/wpguerssen-test.odoo.rgbconsulting.com\/es\/producto\/open-the-door-homer\/#primaryimage"},"image":{"@id":"https:\/\/wpguerssen-test.odoo.rgbconsulting.com\/es\/producto\/open-the-door-homer\/#primaryimage"},"thumbnailUrl":"https:\/\/wpguerssen-test.odoo.rgbconsulting.com\/wp-content\/uploads\/2023\/05\/43591.jpg","datePublished":"2023-05-17T22:00:00+00:00","dateModified":"2025-04-25T11:42:15+00:00","description":"Proto-prog act Titus Groan came together in London from disparate influences: drummer Jim Toomey, who later played in the Tourists, had a trad jazz background, and then played in a soul act with saxophonist\/flutist\/oboist Tony Priestland; bassist John Lee had played with jazz saxophonist Dick Morrissey, and guitarist\/keyboardist Stuart Cowell was a blues fan, hence the diverse directions of their sole LP. Rare 12-inch 'Open The Door Homer' features their cover of the unreleased Bob Dylan song that was also tackled by Fairport Convention, originals 'Woman Of The World' and 'Liverpool' between blues rock, jazz rock and prog.","breadcrumb":{"@id":"https:\/\/wpguerssen-test.odoo.rgbconsulting.com\/es\/producto\/open-the-door-homer\/#breadcrumb"},"inLanguage":"es","potentialAction":[{"@type":"ReadAction","target":["https:\/\/wpguerssen-test.odoo.rgbconsulting.com\/es\/producto\/open-the-door-homer\/"]}]},{"@type":"ImageObject","inLanguage":"es","@id":"https:\/\/wpguerssen-test.odoo.rgbconsulting.com\/es\/producto\/open-the-door-homer\/#primaryimage","url":"https:\/\/wpguerssen-test.odoo.rgbconsulting.com\/wp-content\/uploads\/2023\/05\/43591.jpg","contentUrl":"https:\/\/wpguerssen-test.odoo.rgbconsulting.com\/wp-content\/uploads\/2023\/05\/43591.jpg","width":945,"height":944},{"@type":"BreadcrumbList","@id":"https:\/\/wpguerssen-test.odoo.rgbconsulting.com\/es\/producto\/open-the-door-homer\/#breadcrumb","itemListElement":[{"@type":"ListItem","position":1,"name":"Inicio","item":"https:\/\/wpguerssen-test.odoo.rgbconsulting.com\/es\/"},{"@type":"ListItem","position":2,"name":"Shop","item":"https:\/\/wpguerssen-test.odoo.rgbconsulting.com\/shop\/"},{"@type":"ListItem","position":3,"name":"Open The Door Homer"}]},{"@type":"WebSite","@id":"https:\/\/wpguerssen-test.odoo.rgbconsulting.com\/es\/#website","url":"https:\/\/wpguerssen-test.odoo.rgbconsulting.com\/es\/","name":"Guerssen records","description":"psychedelia - progressive - folk - garage ","publisher":{"@id":"https:\/\/wpguerssen-test.odoo.rgbconsulting.com\/es\/#organization"},"potentialAction":[{"@type":"SearchAction","target":{"@type":"EntryPoint","urlTemplate":"https:\/\/wpguerssen-test.odoo.rgbconsulting.com\/es\/?s={search_term_string}"},"query-input":{"@type":"PropertyValueSpecification","valueRequired":true,"valueName":"search_term_string"}}],"inLanguage":"es"},{"@type":"Organization","@id":"https:\/\/wpguerssen-test.odoo.rgbconsulting.com\/es\/#organization","name":"Guerssen records","url":"https:\/\/wpguerssen-test.odoo.rgbconsulting.com\/es\/","logo":{"@type":"ImageObject","inLanguage":"es","@id":"https:\/\/wpguerssen-test.odoo.rgbconsulting.com\/es\/#\/schema\/logo\/image\/","url":"https:\/\/wpguerssen-test.odoo.rgbconsulting.com\/wp-content\/uploads\/2022\/04\/Logo_Guerssen_trans_100.png","contentUrl":"https:\/\/wpguerssen-test.odoo.rgbconsulting.com\/wp-content\/uploads\/2022\/04\/Logo_Guerssen_trans_100.png","width":122,"height":100,"caption":"Guerssen records"},"image":{"@id":"https:\/\/wpguerssen-test.odoo.rgbconsulting.com\/es\/#\/schema\/logo\/image\/"}}]}},"_links":{"self":[{"href":"https:\/\/wpguerssen-test.odoo.rgbconsulting.com\/es\/wp-json\/wp\/v2\/product\/232136","targetHints":{"allow":["GET"]}}],"collection":[{"href":"https:\/\/wpguerssen-test.odoo.rgbconsulting.com\/es\/wp-json\/wp\/v2\/product"}],"about":[{"href":"https:\/\/wpguerssen-test.odoo.rgbconsulting.com\/es\/wp-json\/wp\/v2\/types\/product"}],"wp:featuredmedia":[{"embeddable":true,"href":"https:\/\/wpguerssen-test.odoo.rgbconsulting.com\/es\/wp-json\/wp\/v2\/media\/232281"}],"wp:attachment":[{"href":"https:\/\/wpguerssen-test.odoo.rgbconsulting.com\/es\/wp-json\/wp\/v2\/media?parent=232136"}],"wp:term":[{"taxonomy":"product_brand","embeddable":true,"href":"https:\/\/wpguerssen-test.odoo.rgbconsulting.com\/es\/wp-json\/wp\/v2\/product_brand?post=232136"},{"taxonomy":"product_cat","embeddable":true,"href":"https:\/\/wpguerssen-test.odoo.rgbconsulting.com\/es\/wp-json\/wp\/v2\/product_cat?post=232136"},{"taxonomy":"product_tag","embeddable":true,"href":"https:\/\/wpguerssen-test.odoo.rgbconsulting.com\/es\/wp-json\/wp\/v2\/product_tag?post=232136"}],"curies":[{"name":"wp","href":"https:\/\/api.w.org\/{rel}","templated":true}]}}