{"id":232137,"date":"2023-05-18T00:00:00","date_gmt":"2023-05-17T22:00:00","guid":{"rendered":"https:\/\/wpguerssen-test.odoo.rgbconsulting.com\/product\/in-the-summertime\/"},"modified":"2024-07-22T17:01:54","modified_gmt":"2024-07-22T15:01:54","slug":"in-the-summertime","status":"publish","type":"product","link":"https:\/\/wpguerssen-test.odoo.rgbconsulting.com\/es\/producto\/in-the-summertime\/","title":{"rendered":"In The Summertime"},"content":{"rendered":"<p>Despu\u00e9s de actuar juntos en la banda orientada al skiffle Good Earth, el cantautor Ray Dorset y el teclista Colin Earl formaron Mungo Jerry, cuyo exitoso sencillo, \u00abIn The Summertime\u00bb, sigue siendo un himno de principios de la d\u00e9cada de 1970. Con Paul King en el banjo y la jarra, Mike Cole en el contrabajo, Earl en el piano ragtime y con la voz humor\u00edstica de Dorset al frente, \u00abIn The Summertime\u00bb fue lo mejor del rock te\u00f1ido de skiffle. La reedici\u00f3n de este poco com\u00fan de 12 pulgadas tambi\u00e9n presenta \u00abMighty Man\u00bb de Dorset, con el kazoo y el arpa de King, as\u00ed como una gran versi\u00f3n de \u00abDust Pneumonia Blues\u00bb de Woodie Guthrie.<\/p>\n","protected":false},"excerpt":{"rendered":"<p>Despu\u00e9s de actuar juntos en la banda orientada al skiffle Good Earth, el cantautor Ray Dorset y el teclista Colin Earl formaron Mungo Jerry, cuyo exitoso sencillo,<a class=\"read\" href=\"https:\/\/wpguerssen-test.odoo.rgbconsulting.com\/es\/producto\/in-the-summertime\/\"> (...)<\/a>","protected":false},"featured_media":232611,"template":"","meta":{"_acf_changed":false},"product_brand":[],"product_cat":[21639,23234],"product_tag":[24190],"class_list":{"0":"post-232137","1":"product","2":"type-product","3":"status-publish","4":"has-post-thumbnail","6":"product_cat-psychedelic60s-70s-es","7":"product_cat-pop-rock-es","8":"product_tag-sales-es","9":"pa_artist-mungo-jerry","10":"pa_format-maxi","11":"pa_gender-psychedelic60s-70s-pop-rock","12":"pa_label-trading-places","13":"pa_location-uk-ireland-es","14":"pa_other-filters-vinyl-only-es","16":"first","17":"instock","18":"taxable","19":"shipping-taxable","20":"purchasable","21":"product-type-simple"},"acf":[],"yoast_head":"<!-- This site is optimized with the Yoast SEO plugin v24.9 - https:\/\/yoast.com\/wordpress\/plugins\/seo\/ -->\n<title>MUNGO JERRY - In The Summertime -  (MAXI) | Guerssen<\/title>\n<meta name=\"description\" content=\"After performing together in the skiffle-oriented band Good Earth, singer-songwriter Ray Dorset and keyboardist Colin Earl formed Mungo Jerry, whose breakthrough single, &quot;In The Summertime,&quot; remains a stone-cold anthem of the early 1970s. With Paul King on banjo and jug, Mike Cole on string bass, Earl on ragtime piano and with Dorset&#039;s humorous vocals upfront, &quot;In The Summertime&quot; was skiffle-tinged rock at its best. The reissue of this uncommon 12-inch also features Dorset&#039;s &quot;Mighty Man,&quot; with King&#039;s kazoo and harp, as well as a great cover of Woodie Guthrie&#039;s &quot;Dust Pneumonia Blues.&quot; A must-have!\" \/>\n<meta name=\"robots\" content=\"index, follow, max-snippet:-1, max-image-preview:large, max-video-preview:-1\" \/>\n<link rel=\"canonical\" href=\"https:\/\/wpguerssen-test.odoo.rgbconsulting.com\/es\/producto\/in-the-summertime\/\" \/>\n<meta property=\"og:locale\" content=\"es_ES\" \/>\n<meta property=\"og:type\" content=\"article\" \/>\n<meta property=\"og:title\" content=\"MUNGO JERRY - In The Summertime -  (MAXI) | Guerssen\" \/>\n<meta property=\"og:description\" content=\"After performing together in the skiffle-oriented band Good Earth, singer-songwriter Ray Dorset and keyboardist Colin Earl formed Mungo Jerry, whose breakthrough single, &quot;In The Summertime,&quot; remains a stone-cold anthem of the early 1970s. With Paul King on banjo and jug, Mike Cole on string bass, Earl on ragtime piano and with Dorset&#039;s humorous vocals upfront, &quot;In The Summertime&quot; was skiffle-tinged rock at its best. The reissue of this uncommon 12-inch also features Dorset&#039;s &quot;Mighty Man,&quot; with King&#039;s kazoo and harp, as well as a great cover of Woodie Guthrie&#039;s &quot;Dust Pneumonia Blues.&quot; A must-have!\" \/>\n<meta property=\"og:url\" content=\"https:\/\/wpguerssen-test.odoo.rgbconsulting.com\/es\/producto\/in-the-summertime\/\" \/>\n<meta property=\"og:site_name\" content=\"Guerssen records\" \/>\n<meta property=\"article:modified_time\" content=\"2024-07-22T15:01:54+00:00\" \/>\n<meta property=\"og:image\" content=\"https:\/\/wpguerssen-test.odoo.rgbconsulting.com\/wp-content\/uploads\/2023\/05\/43592.jpg\" \/>\n\t<meta property=\"og:image:width\" content=\"945\" \/>\n\t<meta property=\"og:image:height\" content=\"942\" \/>\n\t<meta property=\"og:image:type\" content=\"image\/jpeg\" \/>\n<meta name=\"twitter:card\" content=\"summary_large_image\" \/>\n<meta name=\"twitter:title\" content=\"MUNGO JERRY - In The Summertime -  (MAXI) | Guerssen\" \/>\n<meta name=\"twitter:label1\" content=\"Tiempo de lectura\" \/>\n\t<meta name=\"twitter:data1\" content=\"1 minuto\" \/>\n<script type=\"application\/ld+json\" class=\"yoast-schema-graph\">{\"@context\":\"https:\/\/schema.org\",\"@graph\":[{\"@type\":\"WebPage\",\"@id\":\"https:\/\/wpguerssen-test.odoo.rgbconsulting.com\/es\/producto\/in-the-summertime\/\",\"url\":\"https:\/\/wpguerssen-test.odoo.rgbconsulting.com\/es\/producto\/in-the-summertime\/\",\"name\":\"MUNGO JERRY - In The Summertime - (MAXI) | Guerssen\",\"isPartOf\":{\"@id\":\"https:\/\/wpguerssen-test.odoo.rgbconsulting.com\/es\/#website\"},\"primaryImageOfPage\":{\"@id\":\"https:\/\/wpguerssen-test.odoo.rgbconsulting.com\/es\/producto\/in-the-summertime\/#primaryimage\"},\"image\":{\"@id\":\"https:\/\/wpguerssen-test.odoo.rgbconsulting.com\/es\/producto\/in-the-summertime\/#primaryimage\"},\"thumbnailUrl\":\"https:\/\/wpguerssen-test.odoo.rgbconsulting.com\/wp-content\/uploads\/2023\/05\/43592.jpg\",\"datePublished\":\"2023-05-17T22:00:00+00:00\",\"dateModified\":\"2024-07-22T15:01:54+00:00\",\"description\":\"After performing together in the skiffle-oriented band Good Earth, singer-songwriter Ray Dorset and keyboardist Colin Earl formed Mungo Jerry, whose breakthrough single, \\\"In The Summertime,\\\" remains a stone-cold anthem of the early 1970s. With Paul King on banjo and jug, Mike Cole on string bass, Earl on ragtime piano and with Dorset's humorous vocals upfront, \\\"In The Summertime\\\" was skiffle-tinged rock at its best. The reissue of this uncommon 12-inch also features Dorset's \\\"Mighty Man,\\\" with King's kazoo and harp, as well as a great cover of Woodie Guthrie's \\\"Dust Pneumonia Blues.\\\" A must-have!\",\"breadcrumb\":{\"@id\":\"https:\/\/wpguerssen-test.odoo.rgbconsulting.com\/es\/producto\/in-the-summertime\/#breadcrumb\"},\"inLanguage\":\"es\",\"potentialAction\":[{\"@type\":\"ReadAction\",\"target\":[\"https:\/\/wpguerssen-test.odoo.rgbconsulting.com\/es\/producto\/in-the-summertime\/\"]}]},{\"@type\":\"ImageObject\",\"inLanguage\":\"es\",\"@id\":\"https:\/\/wpguerssen-test.odoo.rgbconsulting.com\/es\/producto\/in-the-summertime\/#primaryimage\",\"url\":\"https:\/\/wpguerssen-test.odoo.rgbconsulting.com\/wp-content\/uploads\/2023\/05\/43592.jpg\",\"contentUrl\":\"https:\/\/wpguerssen-test.odoo.rgbconsulting.com\/wp-content\/uploads\/2023\/05\/43592.jpg\",\"width\":945,\"height\":942},{\"@type\":\"BreadcrumbList\",\"@id\":\"https:\/\/wpguerssen-test.odoo.rgbconsulting.com\/es\/producto\/in-the-summertime\/#breadcrumb\",\"itemListElement\":[{\"@type\":\"ListItem\",\"position\":1,\"name\":\"Inicio\",\"item\":\"https:\/\/wpguerssen-test.odoo.rgbconsulting.com\/es\/\"},{\"@type\":\"ListItem\",\"position\":2,\"name\":\"Shop\",\"item\":\"https:\/\/wpguerssen-test.odoo.rgbconsulting.com\/shop\/\"},{\"@type\":\"ListItem\",\"position\":3,\"name\":\"In The Summertime\"}]},{\"@type\":\"WebSite\",\"@id\":\"https:\/\/wpguerssen-test.odoo.rgbconsulting.com\/es\/#website\",\"url\":\"https:\/\/wpguerssen-test.odoo.rgbconsulting.com\/es\/\",\"name\":\"Guerssen records\",\"description\":\"psychedelia - progressive - folk - garage \",\"publisher\":{\"@id\":\"https:\/\/wpguerssen-test.odoo.rgbconsulting.com\/es\/#organization\"},\"potentialAction\":[{\"@type\":\"SearchAction\",\"target\":{\"@type\":\"EntryPoint\",\"urlTemplate\":\"https:\/\/wpguerssen-test.odoo.rgbconsulting.com\/es\/?s={search_term_string}\"},\"query-input\":{\"@type\":\"PropertyValueSpecification\",\"valueRequired\":true,\"valueName\":\"search_term_string\"}}],\"inLanguage\":\"es\"},{\"@type\":\"Organization\",\"@id\":\"https:\/\/wpguerssen-test.odoo.rgbconsulting.com\/es\/#organization\",\"name\":\"Guerssen records\",\"url\":\"https:\/\/wpguerssen-test.odoo.rgbconsulting.com\/es\/\",\"logo\":{\"@type\":\"ImageObject\",\"inLanguage\":\"es\",\"@id\":\"https:\/\/wpguerssen-test.odoo.rgbconsulting.com\/es\/#\/schema\/logo\/image\/\",\"url\":\"https:\/\/wpguerssen-test.odoo.rgbconsulting.com\/wp-content\/uploads\/2022\/04\/Logo_Guerssen_trans_100.png\",\"contentUrl\":\"https:\/\/wpguerssen-test.odoo.rgbconsulting.com\/wp-content\/uploads\/2022\/04\/Logo_Guerssen_trans_100.png\",\"width\":122,\"height\":100,\"caption\":\"Guerssen records\"},\"image\":{\"@id\":\"https:\/\/wpguerssen-test.odoo.rgbconsulting.com\/es\/#\/schema\/logo\/image\/\"}}]}<\/script>\n<!-- \/ Yoast SEO plugin. -->","yoast_head_json":{"title":"MUNGO JERRY - In The Summertime -  (MAXI) | Guerssen","description":"After performing together in the skiffle-oriented band Good Earth, singer-songwriter Ray Dorset and keyboardist Colin Earl formed Mungo Jerry, whose breakthrough single, \"In The Summertime,\" remains a stone-cold anthem of the early 1970s. With Paul King on banjo and jug, Mike Cole on string bass, Earl on ragtime piano and with Dorset's humorous vocals upfront, \"In The Summertime\" was skiffle-tinged rock at its best. The reissue of this uncommon 12-inch also features Dorset's \"Mighty Man,\" with King's kazoo and harp, as well as a great cover of Woodie Guthrie's \"Dust Pneumonia Blues.\" A must-have!","robots":{"index":"index","follow":"follow","max-snippet":"max-snippet:-1","max-image-preview":"max-image-preview:large","max-video-preview":"max-video-preview:-1"},"canonical":"https:\/\/wpguerssen-test.odoo.rgbconsulting.com\/es\/producto\/in-the-summertime\/","og_locale":"es_ES","og_type":"article","og_title":"MUNGO JERRY - In The Summertime -  (MAXI) | Guerssen","og_description":"After performing together in the skiffle-oriented band Good Earth, singer-songwriter Ray Dorset and keyboardist Colin Earl formed Mungo Jerry, whose breakthrough single, \"In The Summertime,\" remains a stone-cold anthem of the early 1970s. With Paul King on banjo and jug, Mike Cole on string bass, Earl on ragtime piano and with Dorset's humorous vocals upfront, \"In The Summertime\" was skiffle-tinged rock at its best. The reissue of this uncommon 12-inch also features Dorset's \"Mighty Man,\" with King's kazoo and harp, as well as a great cover of Woodie Guthrie's \"Dust Pneumonia Blues.\" A must-have!","og_url":"https:\/\/wpguerssen-test.odoo.rgbconsulting.com\/es\/producto\/in-the-summertime\/","og_site_name":"Guerssen records","article_modified_time":"2024-07-22T15:01:54+00:00","og_image":[{"width":945,"height":942,"url":"https:\/\/wpguerssen-test.odoo.rgbconsulting.com\/wp-content\/uploads\/2023\/05\/43592.jpg","type":"image\/jpeg"}],"twitter_card":"summary_large_image","twitter_title":"MUNGO JERRY - In The Summertime -  (MAXI) | Guerssen","twitter_misc":{"Tiempo de lectura":"1 minuto"},"schema":{"@context":"https:\/\/schema.org","@graph":[{"@type":"WebPage","@id":"https:\/\/wpguerssen-test.odoo.rgbconsulting.com\/es\/producto\/in-the-summertime\/","url":"https:\/\/wpguerssen-test.odoo.rgbconsulting.com\/es\/producto\/in-the-summertime\/","name":"MUNGO JERRY - In The Summertime - (MAXI) | Guerssen","isPartOf":{"@id":"https:\/\/wpguerssen-test.odoo.rgbconsulting.com\/es\/#website"},"primaryImageOfPage":{"@id":"https:\/\/wpguerssen-test.odoo.rgbconsulting.com\/es\/producto\/in-the-summertime\/#primaryimage"},"image":{"@id":"https:\/\/wpguerssen-test.odoo.rgbconsulting.com\/es\/producto\/in-the-summertime\/#primaryimage"},"thumbnailUrl":"https:\/\/wpguerssen-test.odoo.rgbconsulting.com\/wp-content\/uploads\/2023\/05\/43592.jpg","datePublished":"2023-05-17T22:00:00+00:00","dateModified":"2024-07-22T15:01:54+00:00","description":"After performing together in the skiffle-oriented band Good Earth, singer-songwriter Ray Dorset and keyboardist Colin Earl formed Mungo Jerry, whose breakthrough single, \"In The Summertime,\" remains a stone-cold anthem of the early 1970s. With Paul King on banjo and jug, Mike Cole on string bass, Earl on ragtime piano and with Dorset's humorous vocals upfront, \"In The Summertime\" was skiffle-tinged rock at its best. The reissue of this uncommon 12-inch also features Dorset's \"Mighty Man,\" with King's kazoo and harp, as well as a great cover of Woodie Guthrie's \"Dust Pneumonia Blues.\" A must-have!","breadcrumb":{"@id":"https:\/\/wpguerssen-test.odoo.rgbconsulting.com\/es\/producto\/in-the-summertime\/#breadcrumb"},"inLanguage":"es","potentialAction":[{"@type":"ReadAction","target":["https:\/\/wpguerssen-test.odoo.rgbconsulting.com\/es\/producto\/in-the-summertime\/"]}]},{"@type":"ImageObject","inLanguage":"es","@id":"https:\/\/wpguerssen-test.odoo.rgbconsulting.com\/es\/producto\/in-the-summertime\/#primaryimage","url":"https:\/\/wpguerssen-test.odoo.rgbconsulting.com\/wp-content\/uploads\/2023\/05\/43592.jpg","contentUrl":"https:\/\/wpguerssen-test.odoo.rgbconsulting.com\/wp-content\/uploads\/2023\/05\/43592.jpg","width":945,"height":942},{"@type":"BreadcrumbList","@id":"https:\/\/wpguerssen-test.odoo.rgbconsulting.com\/es\/producto\/in-the-summertime\/#breadcrumb","itemListElement":[{"@type":"ListItem","position":1,"name":"Inicio","item":"https:\/\/wpguerssen-test.odoo.rgbconsulting.com\/es\/"},{"@type":"ListItem","position":2,"name":"Shop","item":"https:\/\/wpguerssen-test.odoo.rgbconsulting.com\/shop\/"},{"@type":"ListItem","position":3,"name":"In The Summertime"}]},{"@type":"WebSite","@id":"https:\/\/wpguerssen-test.odoo.rgbconsulting.com\/es\/#website","url":"https:\/\/wpguerssen-test.odoo.rgbconsulting.com\/es\/","name":"Guerssen records","description":"psychedelia - progressive - folk - garage ","publisher":{"@id":"https:\/\/wpguerssen-test.odoo.rgbconsulting.com\/es\/#organization"},"potentialAction":[{"@type":"SearchAction","target":{"@type":"EntryPoint","urlTemplate":"https:\/\/wpguerssen-test.odoo.rgbconsulting.com\/es\/?s={search_term_string}"},"query-input":{"@type":"PropertyValueSpecification","valueRequired":true,"valueName":"search_term_string"}}],"inLanguage":"es"},{"@type":"Organization","@id":"https:\/\/wpguerssen-test.odoo.rgbconsulting.com\/es\/#organization","name":"Guerssen records","url":"https:\/\/wpguerssen-test.odoo.rgbconsulting.com\/es\/","logo":{"@type":"ImageObject","inLanguage":"es","@id":"https:\/\/wpguerssen-test.odoo.rgbconsulting.com\/es\/#\/schema\/logo\/image\/","url":"https:\/\/wpguerssen-test.odoo.rgbconsulting.com\/wp-content\/uploads\/2022\/04\/Logo_Guerssen_trans_100.png","contentUrl":"https:\/\/wpguerssen-test.odoo.rgbconsulting.com\/wp-content\/uploads\/2022\/04\/Logo_Guerssen_trans_100.png","width":122,"height":100,"caption":"Guerssen records"},"image":{"@id":"https:\/\/wpguerssen-test.odoo.rgbconsulting.com\/es\/#\/schema\/logo\/image\/"}}]}},"_links":{"self":[{"href":"https:\/\/wpguerssen-test.odoo.rgbconsulting.com\/es\/wp-json\/wp\/v2\/product\/232137","targetHints":{"allow":["GET"]}}],"collection":[{"href":"https:\/\/wpguerssen-test.odoo.rgbconsulting.com\/es\/wp-json\/wp\/v2\/product"}],"about":[{"href":"https:\/\/wpguerssen-test.odoo.rgbconsulting.com\/es\/wp-json\/wp\/v2\/types\/product"}],"wp:featuredmedia":[{"embeddable":true,"href":"https:\/\/wpguerssen-test.odoo.rgbconsulting.com\/es\/wp-json\/wp\/v2\/media\/232611"}],"wp:attachment":[{"href":"https:\/\/wpguerssen-test.odoo.rgbconsulting.com\/es\/wp-json\/wp\/v2\/media?parent=232137"}],"wp:term":[{"taxonomy":"product_brand","embeddable":true,"href":"https:\/\/wpguerssen-test.odoo.rgbconsulting.com\/es\/wp-json\/wp\/v2\/product_brand?post=232137"},{"taxonomy":"product_cat","embeddable":true,"href":"https:\/\/wpguerssen-test.odoo.rgbconsulting.com\/es\/wp-json\/wp\/v2\/product_cat?post=232137"},{"taxonomy":"product_tag","embeddable":true,"href":"https:\/\/wpguerssen-test.odoo.rgbconsulting.com\/es\/wp-json\/wp\/v2\/product_tag?post=232137"}],"curies":[{"name":"wp","href":"https:\/\/api.w.org\/{rel}","templated":true}]}}