{"id":232300,"date":"2023-06-06T00:00:00","date_gmt":"2023-06-05T22:00:00","guid":{"rendered":"https:\/\/wpguerssen-test.odoo.rgbconsulting.com\/product\/liberate-rock-singles-and-more-72-75\/"},"modified":"2024-02-22T09:24:37","modified_gmt":"2024-02-22T08:24:37","slug":"liberate-rock-singles-and-more-72-75","status":"publish","type":"product","link":"https:\/\/wpguerssen-test.odoo.rgbconsulting.com\/es\/producto\/liberate-rock-singles-and-more-72-75\/","title":{"rendered":"Liberate Rock &#8211; Singles And More 72-75"},"content":{"rendered":"<p>COLORED BALLS en un \u00e1lbum doble con 16 pistas con una duraci\u00f3n de 77 minutos. Esta recopila sus seis sencillos lanzados en los sellos Havoc y EMI entre el &#8217;72 y el &#8217;74, dos temas en vivo grabados en su legendaria aparici\u00f3n en el festival Sunbury &#8217;73 y un sencillo cancelado de su \u00faltima sesi\u00f3n de grabaci\u00f3n a principios del &#8217;75, poco antes el grupo se dividi\u00f3. Este conjunto tiene todo lo que no est\u00e1 en sus tres \u00e1lbumes de estudio. La mayor\u00eda de las canciones de esta compilaci\u00f3n han estado agotadas en vinilo durante m\u00e1s de 45 a\u00f1os. \u00abFlying\u00bb est\u00e1 haciendo su debut en vinilo en esta colecci\u00f3n. Notas del experto en rock australiano IAN McFARLANE. Masterizado por el extraordinario baterista e ingeniero\/productor azteca GIL MATTHEWS directamente de las cintas maestras. 100% anal\u00f3gico, de principio a fin. P\u00f3ster desplegable con una imagen in\u00e9dita en el interior.<\/p>\n","protected":false},"excerpt":{"rendered":"<p>COLORED BALLS en un \u00e1lbum doble con 16 pistas con una duraci\u00f3n de 77 minutos. Esta recopila sus seis sencillos lanzados en los sellos Havoc y EMI entre el &#8217;72<a class=\"read\" href=\"https:\/\/wpguerssen-test.odoo.rgbconsulting.com\/es\/producto\/liberate-rock-singles-and-more-72-75\/\"> (...)<\/a>","protected":false},"featured_media":232227,"template":"","meta":{"_acf_changed":false},"product_brand":[],"product_cat":[23224],"product_tag":[],"class_list":{"0":"post-232300","1":"product","2":"type-product","3":"status-publish","4":"has-post-thumbnail","6":"product_cat-hard-rock-60s-70s-es","7":"pa_artist-coloured-balls","8":"pa_format-2lp-es","9":"pa_gender-hard-rock-60s-70s","10":"pa_label-just-add-water","11":"pa_location-australia-nz-es","12":"pa_other-filters-vinyl-only-es","14":"first","15":"instock","16":"taxable","17":"shipping-taxable","18":"purchasable","19":"product-type-simple"},"acf":[],"yoast_head":"<!-- This site is optimized with the Yoast SEO plugin v24.9 - https:\/\/yoast.com\/wordpress\/plugins\/seo\/ -->\n<title>COLOURED BALLS - Liberate Rock - Singles And More 72-75 -  (2LP) | Guerssen<\/title>\n<meta name=\"description\" content=\"COLOURED BALLS by the barrel-full, a double album with 16 tracks clocking in at 77 minutes. This collects all six of their singles released on the Havoc and EMI labels between &#039;72 and &#039;74, two live tracks recorded at their legendary Sunbury &#039;73 festival appearance, and a canceled single from their final recording session in early &#039;75, shortly before the group split. This set has everything that is not on their three studio albums. Most of the songs on this compilation have been out of print on vinyl for 45+ years. &quot;Flying&quot; is making it&#039;s vinyl debut on this collection. Liner notes by Aussie Rock expert IAN McFARLANE. Mastered by Aztecs drummer and engineer\/producer extraordinaire GIL MATTHEWS straight from the master tapes. 100% analog - start to finish. Fold-out poster with an unpublished image inside every copy.\" \/>\n<meta name=\"robots\" content=\"index, follow, max-snippet:-1, max-image-preview:large, max-video-preview:-1\" \/>\n<link rel=\"canonical\" href=\"https:\/\/wpguerssen-test.odoo.rgbconsulting.com\/es\/producto\/liberate-rock-singles-and-more-72-75\/\" \/>\n<meta property=\"og:locale\" content=\"es_ES\" \/>\n<meta property=\"og:type\" content=\"article\" \/>\n<meta property=\"og:title\" content=\"COLOURED BALLS - Liberate Rock - Singles And More 72-75 -  (2LP) | Guerssen\" \/>\n<meta property=\"og:description\" content=\"COLOURED BALLS by the barrel-full, a double album with 16 tracks clocking in at 77 minutes. This collects all six of their singles released on the Havoc and EMI labels between &#039;72 and &#039;74, two live tracks recorded at their legendary Sunbury &#039;73 festival appearance, and a canceled single from their final recording session in early &#039;75, shortly before the group split. This set has everything that is not on their three studio albums. Most of the songs on this compilation have been out of print on vinyl for 45+ years. &quot;Flying&quot; is making it&#039;s vinyl debut on this collection. Liner notes by Aussie Rock expert IAN McFARLANE. Mastered by Aztecs drummer and engineer\/producer extraordinaire GIL MATTHEWS straight from the master tapes. 100% analog - start to finish. Fold-out poster with an unpublished image inside every copy.\" \/>\n<meta property=\"og:url\" content=\"https:\/\/wpguerssen-test.odoo.rgbconsulting.com\/es\/producto\/liberate-rock-singles-and-more-72-75\/\" \/>\n<meta property=\"og:site_name\" content=\"Guerssen records\" \/>\n<meta property=\"article:modified_time\" content=\"2024-02-22T08:24:37+00:00\" \/>\n<meta property=\"og:image\" content=\"https:\/\/wpguerssen-test.odoo.rgbconsulting.com\/wp-content\/uploads\/2023\/05\/43608.png\" \/>\n\t<meta property=\"og:image:width\" content=\"768\" \/>\n\t<meta property=\"og:image:height\" content=\"768\" \/>\n\t<meta property=\"og:image:type\" content=\"image\/png\" \/>\n<meta name=\"twitter:card\" content=\"summary_large_image\" \/>\n<meta name=\"twitter:title\" content=\"COLOURED BALLS - Liberate Rock - Singles And More 72-75 -  (2LP) | Guerssen\" \/>\n<meta name=\"twitter:label1\" content=\"Tiempo de lectura\" \/>\n\t<meta name=\"twitter:data1\" content=\"1 minuto\" \/>\n<script type=\"application\/ld+json\" class=\"yoast-schema-graph\">{\"@context\":\"https:\/\/schema.org\",\"@graph\":[{\"@type\":\"WebPage\",\"@id\":\"https:\/\/wpguerssen-test.odoo.rgbconsulting.com\/es\/producto\/liberate-rock-singles-and-more-72-75\/\",\"url\":\"https:\/\/wpguerssen-test.odoo.rgbconsulting.com\/es\/producto\/liberate-rock-singles-and-more-72-75\/\",\"name\":\"COLOURED BALLS - Liberate Rock - Singles And More 72-75 - (2LP) | Guerssen\",\"isPartOf\":{\"@id\":\"https:\/\/wpguerssen-test.odoo.rgbconsulting.com\/es\/#website\"},\"primaryImageOfPage\":{\"@id\":\"https:\/\/wpguerssen-test.odoo.rgbconsulting.com\/es\/producto\/liberate-rock-singles-and-more-72-75\/#primaryimage\"},\"image\":{\"@id\":\"https:\/\/wpguerssen-test.odoo.rgbconsulting.com\/es\/producto\/liberate-rock-singles-and-more-72-75\/#primaryimage\"},\"thumbnailUrl\":\"https:\/\/wpguerssen-test.odoo.rgbconsulting.com\/wp-content\/uploads\/2023\/05\/43608.png\",\"datePublished\":\"2023-06-05T22:00:00+00:00\",\"dateModified\":\"2024-02-22T08:24:37+00:00\",\"description\":\"COLOURED BALLS by the barrel-full, a double album with 16 tracks clocking in at 77 minutes. This collects all six of their singles released on the Havoc and EMI labels between '72 and '74, two live tracks recorded at their legendary Sunbury '73 festival appearance, and a canceled single from their final recording session in early '75, shortly before the group split. This set has everything that is not on their three studio albums. Most of the songs on this compilation have been out of print on vinyl for 45+ years. \\\"Flying\\\" is making it's vinyl debut on this collection. Liner notes by Aussie Rock expert IAN McFARLANE. Mastered by Aztecs drummer and engineer\/producer extraordinaire GIL MATTHEWS straight from the master tapes. 100% analog - start to finish. Fold-out poster with an unpublished image inside every copy.\",\"breadcrumb\":{\"@id\":\"https:\/\/wpguerssen-test.odoo.rgbconsulting.com\/es\/producto\/liberate-rock-singles-and-more-72-75\/#breadcrumb\"},\"inLanguage\":\"es\",\"potentialAction\":[{\"@type\":\"ReadAction\",\"target\":[\"https:\/\/wpguerssen-test.odoo.rgbconsulting.com\/es\/producto\/liberate-rock-singles-and-more-72-75\/\"]}]},{\"@type\":\"ImageObject\",\"inLanguage\":\"es\",\"@id\":\"https:\/\/wpguerssen-test.odoo.rgbconsulting.com\/es\/producto\/liberate-rock-singles-and-more-72-75\/#primaryimage\",\"url\":\"https:\/\/wpguerssen-test.odoo.rgbconsulting.com\/wp-content\/uploads\/2023\/05\/43608.png\",\"contentUrl\":\"https:\/\/wpguerssen-test.odoo.rgbconsulting.com\/wp-content\/uploads\/2023\/05\/43608.png\",\"width\":768,\"height\":768,\"caption\":\"COLOURED BALLS - Liberate Rock - Singles And More 72-75 - JUST ADD WATER (2LP) | Guerssen\"},{\"@type\":\"BreadcrumbList\",\"@id\":\"https:\/\/wpguerssen-test.odoo.rgbconsulting.com\/es\/producto\/liberate-rock-singles-and-more-72-75\/#breadcrumb\",\"itemListElement\":[{\"@type\":\"ListItem\",\"position\":1,\"name\":\"Inicio\",\"item\":\"https:\/\/wpguerssen-test.odoo.rgbconsulting.com\/es\/\"},{\"@type\":\"ListItem\",\"position\":2,\"name\":\"Shop\",\"item\":\"https:\/\/wpguerssen-test.odoo.rgbconsulting.com\/shop\/\"},{\"@type\":\"ListItem\",\"position\":3,\"name\":\"Liberate Rock &#8211; Singles And More 72-75\"}]},{\"@type\":\"WebSite\",\"@id\":\"https:\/\/wpguerssen-test.odoo.rgbconsulting.com\/es\/#website\",\"url\":\"https:\/\/wpguerssen-test.odoo.rgbconsulting.com\/es\/\",\"name\":\"Guerssen records\",\"description\":\"psychedelia - progressive - folk - garage \",\"publisher\":{\"@id\":\"https:\/\/wpguerssen-test.odoo.rgbconsulting.com\/es\/#organization\"},\"potentialAction\":[{\"@type\":\"SearchAction\",\"target\":{\"@type\":\"EntryPoint\",\"urlTemplate\":\"https:\/\/wpguerssen-test.odoo.rgbconsulting.com\/es\/?s={search_term_string}\"},\"query-input\":{\"@type\":\"PropertyValueSpecification\",\"valueRequired\":true,\"valueName\":\"search_term_string\"}}],\"inLanguage\":\"es\"},{\"@type\":\"Organization\",\"@id\":\"https:\/\/wpguerssen-test.odoo.rgbconsulting.com\/es\/#organization\",\"name\":\"Guerssen records\",\"url\":\"https:\/\/wpguerssen-test.odoo.rgbconsulting.com\/es\/\",\"logo\":{\"@type\":\"ImageObject\",\"inLanguage\":\"es\",\"@id\":\"https:\/\/wpguerssen-test.odoo.rgbconsulting.com\/es\/#\/schema\/logo\/image\/\",\"url\":\"https:\/\/wpguerssen-test.odoo.rgbconsulting.com\/wp-content\/uploads\/2022\/04\/Logo_Guerssen_trans_100.png\",\"contentUrl\":\"https:\/\/wpguerssen-test.odoo.rgbconsulting.com\/wp-content\/uploads\/2022\/04\/Logo_Guerssen_trans_100.png\",\"width\":122,\"height\":100,\"caption\":\"Guerssen records\"},\"image\":{\"@id\":\"https:\/\/wpguerssen-test.odoo.rgbconsulting.com\/es\/#\/schema\/logo\/image\/\"}}]}<\/script>\n<!-- \/ Yoast SEO plugin. -->","yoast_head_json":{"title":"COLOURED BALLS - Liberate Rock - Singles And More 72-75 -  (2LP) | Guerssen","description":"COLOURED BALLS by the barrel-full, a double album with 16 tracks clocking in at 77 minutes. This collects all six of their singles released on the Havoc and EMI labels between '72 and '74, two live tracks recorded at their legendary Sunbury '73 festival appearance, and a canceled single from their final recording session in early '75, shortly before the group split. This set has everything that is not on their three studio albums. Most of the songs on this compilation have been out of print on vinyl for 45+ years. \"Flying\" is making it's vinyl debut on this collection. Liner notes by Aussie Rock expert IAN McFARLANE. Mastered by Aztecs drummer and engineer\/producer extraordinaire GIL MATTHEWS straight from the master tapes. 100% analog - start to finish. Fold-out poster with an unpublished image inside every copy.","robots":{"index":"index","follow":"follow","max-snippet":"max-snippet:-1","max-image-preview":"max-image-preview:large","max-video-preview":"max-video-preview:-1"},"canonical":"https:\/\/wpguerssen-test.odoo.rgbconsulting.com\/es\/producto\/liberate-rock-singles-and-more-72-75\/","og_locale":"es_ES","og_type":"article","og_title":"COLOURED BALLS - Liberate Rock - Singles And More 72-75 -  (2LP) | Guerssen","og_description":"COLOURED BALLS by the barrel-full, a double album with 16 tracks clocking in at 77 minutes. This collects all six of their singles released on the Havoc and EMI labels between '72 and '74, two live tracks recorded at their legendary Sunbury '73 festival appearance, and a canceled single from their final recording session in early '75, shortly before the group split. This set has everything that is not on their three studio albums. Most of the songs on this compilation have been out of print on vinyl for 45+ years. \"Flying\" is making it's vinyl debut on this collection. Liner notes by Aussie Rock expert IAN McFARLANE. Mastered by Aztecs drummer and engineer\/producer extraordinaire GIL MATTHEWS straight from the master tapes. 100% analog - start to finish. Fold-out poster with an unpublished image inside every copy.","og_url":"https:\/\/wpguerssen-test.odoo.rgbconsulting.com\/es\/producto\/liberate-rock-singles-and-more-72-75\/","og_site_name":"Guerssen records","article_modified_time":"2024-02-22T08:24:37+00:00","og_image":[{"width":768,"height":768,"url":"https:\/\/wpguerssen-test.odoo.rgbconsulting.com\/wp-content\/uploads\/2023\/05\/43608.png","type":"image\/png"}],"twitter_card":"summary_large_image","twitter_title":"COLOURED BALLS - Liberate Rock - Singles And More 72-75 -  (2LP) | Guerssen","twitter_misc":{"Tiempo de lectura":"1 minuto"},"schema":{"@context":"https:\/\/schema.org","@graph":[{"@type":"WebPage","@id":"https:\/\/wpguerssen-test.odoo.rgbconsulting.com\/es\/producto\/liberate-rock-singles-and-more-72-75\/","url":"https:\/\/wpguerssen-test.odoo.rgbconsulting.com\/es\/producto\/liberate-rock-singles-and-more-72-75\/","name":"COLOURED BALLS - Liberate Rock - Singles And More 72-75 - (2LP) | Guerssen","isPartOf":{"@id":"https:\/\/wpguerssen-test.odoo.rgbconsulting.com\/es\/#website"},"primaryImageOfPage":{"@id":"https:\/\/wpguerssen-test.odoo.rgbconsulting.com\/es\/producto\/liberate-rock-singles-and-more-72-75\/#primaryimage"},"image":{"@id":"https:\/\/wpguerssen-test.odoo.rgbconsulting.com\/es\/producto\/liberate-rock-singles-and-more-72-75\/#primaryimage"},"thumbnailUrl":"https:\/\/wpguerssen-test.odoo.rgbconsulting.com\/wp-content\/uploads\/2023\/05\/43608.png","datePublished":"2023-06-05T22:00:00+00:00","dateModified":"2024-02-22T08:24:37+00:00","description":"COLOURED BALLS by the barrel-full, a double album with 16 tracks clocking in at 77 minutes. This collects all six of their singles released on the Havoc and EMI labels between '72 and '74, two live tracks recorded at their legendary Sunbury '73 festival appearance, and a canceled single from their final recording session in early '75, shortly before the group split. This set has everything that is not on their three studio albums. Most of the songs on this compilation have been out of print on vinyl for 45+ years. \"Flying\" is making it's vinyl debut on this collection. Liner notes by Aussie Rock expert IAN McFARLANE. Mastered by Aztecs drummer and engineer\/producer extraordinaire GIL MATTHEWS straight from the master tapes. 100% analog - start to finish. Fold-out poster with an unpublished image inside every copy.","breadcrumb":{"@id":"https:\/\/wpguerssen-test.odoo.rgbconsulting.com\/es\/producto\/liberate-rock-singles-and-more-72-75\/#breadcrumb"},"inLanguage":"es","potentialAction":[{"@type":"ReadAction","target":["https:\/\/wpguerssen-test.odoo.rgbconsulting.com\/es\/producto\/liberate-rock-singles-and-more-72-75\/"]}]},{"@type":"ImageObject","inLanguage":"es","@id":"https:\/\/wpguerssen-test.odoo.rgbconsulting.com\/es\/producto\/liberate-rock-singles-and-more-72-75\/#primaryimage","url":"https:\/\/wpguerssen-test.odoo.rgbconsulting.com\/wp-content\/uploads\/2023\/05\/43608.png","contentUrl":"https:\/\/wpguerssen-test.odoo.rgbconsulting.com\/wp-content\/uploads\/2023\/05\/43608.png","width":768,"height":768,"caption":"COLOURED BALLS - Liberate Rock - Singles And More 72-75 - JUST ADD WATER (2LP) | Guerssen"},{"@type":"BreadcrumbList","@id":"https:\/\/wpguerssen-test.odoo.rgbconsulting.com\/es\/producto\/liberate-rock-singles-and-more-72-75\/#breadcrumb","itemListElement":[{"@type":"ListItem","position":1,"name":"Inicio","item":"https:\/\/wpguerssen-test.odoo.rgbconsulting.com\/es\/"},{"@type":"ListItem","position":2,"name":"Shop","item":"https:\/\/wpguerssen-test.odoo.rgbconsulting.com\/shop\/"},{"@type":"ListItem","position":3,"name":"Liberate Rock &#8211; Singles And More 72-75"}]},{"@type":"WebSite","@id":"https:\/\/wpguerssen-test.odoo.rgbconsulting.com\/es\/#website","url":"https:\/\/wpguerssen-test.odoo.rgbconsulting.com\/es\/","name":"Guerssen records","description":"psychedelia - progressive - folk - garage ","publisher":{"@id":"https:\/\/wpguerssen-test.odoo.rgbconsulting.com\/es\/#organization"},"potentialAction":[{"@type":"SearchAction","target":{"@type":"EntryPoint","urlTemplate":"https:\/\/wpguerssen-test.odoo.rgbconsulting.com\/es\/?s={search_term_string}"},"query-input":{"@type":"PropertyValueSpecification","valueRequired":true,"valueName":"search_term_string"}}],"inLanguage":"es"},{"@type":"Organization","@id":"https:\/\/wpguerssen-test.odoo.rgbconsulting.com\/es\/#organization","name":"Guerssen records","url":"https:\/\/wpguerssen-test.odoo.rgbconsulting.com\/es\/","logo":{"@type":"ImageObject","inLanguage":"es","@id":"https:\/\/wpguerssen-test.odoo.rgbconsulting.com\/es\/#\/schema\/logo\/image\/","url":"https:\/\/wpguerssen-test.odoo.rgbconsulting.com\/wp-content\/uploads\/2022\/04\/Logo_Guerssen_trans_100.png","contentUrl":"https:\/\/wpguerssen-test.odoo.rgbconsulting.com\/wp-content\/uploads\/2022\/04\/Logo_Guerssen_trans_100.png","width":122,"height":100,"caption":"Guerssen records"},"image":{"@id":"https:\/\/wpguerssen-test.odoo.rgbconsulting.com\/es\/#\/schema\/logo\/image\/"}}]}},"_links":{"self":[{"href":"https:\/\/wpguerssen-test.odoo.rgbconsulting.com\/es\/wp-json\/wp\/v2\/product\/232300","targetHints":{"allow":["GET"]}}],"collection":[{"href":"https:\/\/wpguerssen-test.odoo.rgbconsulting.com\/es\/wp-json\/wp\/v2\/product"}],"about":[{"href":"https:\/\/wpguerssen-test.odoo.rgbconsulting.com\/es\/wp-json\/wp\/v2\/types\/product"}],"wp:featuredmedia":[{"embeddable":true,"href":"https:\/\/wpguerssen-test.odoo.rgbconsulting.com\/es\/wp-json\/wp\/v2\/media\/232227"}],"wp:attachment":[{"href":"https:\/\/wpguerssen-test.odoo.rgbconsulting.com\/es\/wp-json\/wp\/v2\/media?parent=232300"}],"wp:term":[{"taxonomy":"product_brand","embeddable":true,"href":"https:\/\/wpguerssen-test.odoo.rgbconsulting.com\/es\/wp-json\/wp\/v2\/product_brand?post=232300"},{"taxonomy":"product_cat","embeddable":true,"href":"https:\/\/wpguerssen-test.odoo.rgbconsulting.com\/es\/wp-json\/wp\/v2\/product_cat?post=232300"},{"taxonomy":"product_tag","embeddable":true,"href":"https:\/\/wpguerssen-test.odoo.rgbconsulting.com\/es\/wp-json\/wp\/v2\/product_tag?post=232300"}],"curies":[{"name":"wp","href":"https:\/\/api.w.org\/{rel}","templated":true}]}}