{"id":232309,"date":"2023-06-06T00:00:00","date_gmt":"2023-06-05T22:00:00","guid":{"rendered":"https:\/\/wpguerssen-test.odoo.rgbconsulting.com\/product\/wired-up\/"},"modified":"2025-04-17T15:15:14","modified_gmt":"2025-04-17T13:15:14","slug":"wired-up","status":"publish","type":"product","link":"https:\/\/wpguerssen-test.odoo.rgbconsulting.com\/es\/producto\/wired-up\/","title":{"rendered":"Wired Up"},"content":{"rendered":"<p>\u00abWired Up\u00bb va a la yugular desde el principio con ese riff palpitante de una sola nota que pulveriza tus sentidos. \u00bfC\u00f3mo puede una canci\u00f3n tan incre\u00edblemente pegadiza no ser un \u00e9xito? La pol\u00edtica y los caprichos volubles de la BBC, que nunca le dieron una oportunidad al disco. Vea la obra maestra de TREVOR WHITE \u00abCrazy Kids\u00bb para ver otro excelente ejemplo de que el mundo no es justo. Aqu\u00ed est\u00e1 disponible de nuevo por primera vez desde 1973 en su formato original, nuestro favorito, el todopoderoso sencillo de 7&#8243; y 45 rpm. Disfruten, verdaderos creyentes. Remasterizado y sonando mejor que el original de 1973, que sinceramente era ruidoso y no perfecto.<\/p>\n","protected":false},"excerpt":{"rendered":"<p>\u00abWired Up\u00bb va a la yugular desde el principio con ese riff palpitante de una sola nota que pulveriza tus sentidos. \u00bfC\u00f3mo puede una canci\u00f3n tan incre\u00edblemente<a class=\"read\" href=\"https:\/\/wpguerssen-test.odoo.rgbconsulting.com\/es\/producto\/wired-up\/\"> (...)<\/a>","protected":false},"featured_media":232254,"template":"","meta":{"_acf_changed":false},"product_brand":[],"product_cat":[23221],"product_tag":[],"class_list":{"0":"post-232309","1":"product","2":"type-product","3":"status-publish","4":"has-post-thumbnail","6":"product_cat-glam-es","7":"pa_artist-hector","8":"pa_format-7-es","9":"pa_gender-glam","10":"pa_label-just-add-water","11":"pa_location-uk-ireland-es","12":"pa_other-filters-vinyl-only-es","14":"first","15":"instock","16":"taxable","17":"shipping-taxable","18":"purchasable","19":"product-type-simple"},"acf":[],"yoast_head":"<!-- This site is optimized with the Yoast SEO plugin v24.9 - https:\/\/yoast.com\/wordpress\/plugins\/seo\/ -->\n<title>HECTOR - Wired Up -  (7&quot;) | Guerssen<\/title>\n<meta name=\"description\" content=\"It&#039;s a dream to release not one, but both iconic singles by Junkshop glam titans HECTOR. First up is their debut from &#039;73, &quot;Wired Up&quot;. In a perfect world, this would have topped the charts and The Osmonds would have struggling to make ends meet. Alas, it is a well known fact that quality cannot be shoved down the public&#039;s throat. In spite of loads of coverage in the teen mags and even TV appearances - fame and fortune were not in the cards for HECTOR. &quot;Wired Up&quot; goes for the jugular from the get-go with that throbbing single note riff pulverizing your senses. How can a song this incredibly catchy not be a smash? Politics, and the fickle whims of the BBC, who never gave the record a chance. See TREVOR WHITE&#039;s masterpiece &quot;Crazy Kids&quot; for another sterling example that the world isn&#039;t fair. Here it is available again for the first time since 1973 in it&#039;s original format, our fave, the almighty 7&quot; 45 rpm single. Enjoy, true believers. Remastered and sounding better than the original 1973 pressing which was honestly noisy and not perfect.\" \/>\n<meta name=\"robots\" content=\"index, follow, max-snippet:-1, max-image-preview:large, max-video-preview:-1\" \/>\n<link rel=\"canonical\" href=\"https:\/\/wpguerssen-test.odoo.rgbconsulting.com\/es\/producto\/wired-up\/\" \/>\n<meta property=\"og:locale\" content=\"es_ES\" \/>\n<meta property=\"og:type\" content=\"article\" \/>\n<meta property=\"og:title\" content=\"HECTOR - Wired Up -  (7&quot;) | Guerssen\" \/>\n<meta property=\"og:description\" content=\"It&#039;s a dream to release not one, but both iconic singles by Junkshop glam titans HECTOR. First up is their debut from &#039;73, &quot;Wired Up&quot;. In a perfect world, this would have topped the charts and The Osmonds would have struggling to make ends meet. Alas, it is a well known fact that quality cannot be shoved down the public&#039;s throat. In spite of loads of coverage in the teen mags and even TV appearances - fame and fortune were not in the cards for HECTOR. &quot;Wired Up&quot; goes for the jugular from the get-go with that throbbing single note riff pulverizing your senses. How can a song this incredibly catchy not be a smash? Politics, and the fickle whims of the BBC, who never gave the record a chance. See TREVOR WHITE&#039;s masterpiece &quot;Crazy Kids&quot; for another sterling example that the world isn&#039;t fair. Here it is available again for the first time since 1973 in it&#039;s original format, our fave, the almighty 7&quot; 45 rpm single. Enjoy, true believers. Remastered and sounding better than the original 1973 pressing which was honestly noisy and not perfect.\" \/>\n<meta property=\"og:url\" content=\"https:\/\/wpguerssen-test.odoo.rgbconsulting.com\/es\/producto\/wired-up\/\" \/>\n<meta property=\"og:site_name\" content=\"Guerssen records\" \/>\n<meta property=\"article:modified_time\" content=\"2025-04-17T13:15:14+00:00\" \/>\n<meta property=\"og:image\" content=\"https:\/\/wpguerssen-test.odoo.rgbconsulting.com\/wp-content\/uploads\/2023\/05\/43617.jpg\" \/>\n\t<meta property=\"og:image:width\" content=\"1000\" \/>\n\t<meta property=\"og:image:height\" content=\"1000\" \/>\n\t<meta property=\"og:image:type\" content=\"image\/jpeg\" \/>\n<meta name=\"twitter:card\" content=\"summary_large_image\" \/>\n<meta name=\"twitter:title\" content=\"HECTOR - Wired Up -  (7&quot;) | Guerssen\" \/>\n<meta name=\"twitter:label1\" content=\"Tiempo de lectura\" \/>\n\t<meta name=\"twitter:data1\" content=\"1 minuto\" \/>\n<script type=\"application\/ld+json\" class=\"yoast-schema-graph\">{\"@context\":\"https:\/\/schema.org\",\"@graph\":[{\"@type\":\"WebPage\",\"@id\":\"https:\/\/wpguerssen-test.odoo.rgbconsulting.com\/es\/producto\/wired-up\/\",\"url\":\"https:\/\/wpguerssen-test.odoo.rgbconsulting.com\/es\/producto\/wired-up\/\",\"name\":\"HECTOR - Wired Up - (7\\\") | Guerssen\",\"isPartOf\":{\"@id\":\"https:\/\/wpguerssen-test.odoo.rgbconsulting.com\/es\/#website\"},\"primaryImageOfPage\":{\"@id\":\"https:\/\/wpguerssen-test.odoo.rgbconsulting.com\/es\/producto\/wired-up\/#primaryimage\"},\"image\":{\"@id\":\"https:\/\/wpguerssen-test.odoo.rgbconsulting.com\/es\/producto\/wired-up\/#primaryimage\"},\"thumbnailUrl\":\"https:\/\/wpguerssen-test.odoo.rgbconsulting.com\/wp-content\/uploads\/2023\/05\/43617.jpg\",\"datePublished\":\"2023-06-05T22:00:00+00:00\",\"dateModified\":\"2025-04-17T13:15:14+00:00\",\"description\":\"It's a dream to release not one, but both iconic singles by Junkshop glam titans HECTOR. First up is their debut from '73, \\\"Wired Up\\\". In a perfect world, this would have topped the charts and The Osmonds would have struggling to make ends meet. Alas, it is a well known fact that quality cannot be shoved down the public's throat. In spite of loads of coverage in the teen mags and even TV appearances - fame and fortune were not in the cards for HECTOR. \\\"Wired Up\\\" goes for the jugular from the get-go with that throbbing single note riff pulverizing your senses. How can a song this incredibly catchy not be a smash? Politics, and the fickle whims of the BBC, who never gave the record a chance. See TREVOR WHITE's masterpiece \\\"Crazy Kids\\\" for another sterling example that the world isn't fair. Here it is available again for the first time since 1973 in it's original format, our fave, the almighty 7\\\" 45 rpm single. Enjoy, true believers. Remastered and sounding better than the original 1973 pressing which was honestly noisy and not perfect.\",\"breadcrumb\":{\"@id\":\"https:\/\/wpguerssen-test.odoo.rgbconsulting.com\/es\/producto\/wired-up\/#breadcrumb\"},\"inLanguage\":\"es\",\"potentialAction\":[{\"@type\":\"ReadAction\",\"target\":[\"https:\/\/wpguerssen-test.odoo.rgbconsulting.com\/es\/producto\/wired-up\/\"]}]},{\"@type\":\"ImageObject\",\"inLanguage\":\"es\",\"@id\":\"https:\/\/wpguerssen-test.odoo.rgbconsulting.com\/es\/producto\/wired-up\/#primaryimage\",\"url\":\"https:\/\/wpguerssen-test.odoo.rgbconsulting.com\/wp-content\/uploads\/2023\/05\/43617.jpg\",\"contentUrl\":\"https:\/\/wpguerssen-test.odoo.rgbconsulting.com\/wp-content\/uploads\/2023\/05\/43617.jpg\",\"width\":1000,\"height\":1000},{\"@type\":\"BreadcrumbList\",\"@id\":\"https:\/\/wpguerssen-test.odoo.rgbconsulting.com\/es\/producto\/wired-up\/#breadcrumb\",\"itemListElement\":[{\"@type\":\"ListItem\",\"position\":1,\"name\":\"Inicio\",\"item\":\"https:\/\/wpguerssen-test.odoo.rgbconsulting.com\/es\/\"},{\"@type\":\"ListItem\",\"position\":2,\"name\":\"Shop\",\"item\":\"https:\/\/wpguerssen-test.odoo.rgbconsulting.com\/shop\/\"},{\"@type\":\"ListItem\",\"position\":3,\"name\":\"Wired Up\"}]},{\"@type\":\"WebSite\",\"@id\":\"https:\/\/wpguerssen-test.odoo.rgbconsulting.com\/es\/#website\",\"url\":\"https:\/\/wpguerssen-test.odoo.rgbconsulting.com\/es\/\",\"name\":\"Guerssen records\",\"description\":\"psychedelia - progressive - folk - garage \",\"publisher\":{\"@id\":\"https:\/\/wpguerssen-test.odoo.rgbconsulting.com\/es\/#organization\"},\"potentialAction\":[{\"@type\":\"SearchAction\",\"target\":{\"@type\":\"EntryPoint\",\"urlTemplate\":\"https:\/\/wpguerssen-test.odoo.rgbconsulting.com\/es\/?s={search_term_string}\"},\"query-input\":{\"@type\":\"PropertyValueSpecification\",\"valueRequired\":true,\"valueName\":\"search_term_string\"}}],\"inLanguage\":\"es\"},{\"@type\":\"Organization\",\"@id\":\"https:\/\/wpguerssen-test.odoo.rgbconsulting.com\/es\/#organization\",\"name\":\"Guerssen records\",\"url\":\"https:\/\/wpguerssen-test.odoo.rgbconsulting.com\/es\/\",\"logo\":{\"@type\":\"ImageObject\",\"inLanguage\":\"es\",\"@id\":\"https:\/\/wpguerssen-test.odoo.rgbconsulting.com\/es\/#\/schema\/logo\/image\/\",\"url\":\"https:\/\/wpguerssen-test.odoo.rgbconsulting.com\/wp-content\/uploads\/2022\/04\/Logo_Guerssen_trans_100.png\",\"contentUrl\":\"https:\/\/wpguerssen-test.odoo.rgbconsulting.com\/wp-content\/uploads\/2022\/04\/Logo_Guerssen_trans_100.png\",\"width\":122,\"height\":100,\"caption\":\"Guerssen records\"},\"image\":{\"@id\":\"https:\/\/wpguerssen-test.odoo.rgbconsulting.com\/es\/#\/schema\/logo\/image\/\"}}]}<\/script>\n<!-- \/ Yoast SEO plugin. -->","yoast_head_json":{"title":"HECTOR - Wired Up -  (7\") | Guerssen","description":"It's a dream to release not one, but both iconic singles by Junkshop glam titans HECTOR. First up is their debut from '73, \"Wired Up\". In a perfect world, this would have topped the charts and The Osmonds would have struggling to make ends meet. Alas, it is a well known fact that quality cannot be shoved down the public's throat. In spite of loads of coverage in the teen mags and even TV appearances - fame and fortune were not in the cards for HECTOR. \"Wired Up\" goes for the jugular from the get-go with that throbbing single note riff pulverizing your senses. How can a song this incredibly catchy not be a smash? Politics, and the fickle whims of the BBC, who never gave the record a chance. See TREVOR WHITE's masterpiece \"Crazy Kids\" for another sterling example that the world isn't fair. Here it is available again for the first time since 1973 in it's original format, our fave, the almighty 7\" 45 rpm single. Enjoy, true believers. Remastered and sounding better than the original 1973 pressing which was honestly noisy and not perfect.","robots":{"index":"index","follow":"follow","max-snippet":"max-snippet:-1","max-image-preview":"max-image-preview:large","max-video-preview":"max-video-preview:-1"},"canonical":"https:\/\/wpguerssen-test.odoo.rgbconsulting.com\/es\/producto\/wired-up\/","og_locale":"es_ES","og_type":"article","og_title":"HECTOR - Wired Up -  (7\") | Guerssen","og_description":"It's a dream to release not one, but both iconic singles by Junkshop glam titans HECTOR. First up is their debut from '73, \"Wired Up\". In a perfect world, this would have topped the charts and The Osmonds would have struggling to make ends meet. Alas, it is a well known fact that quality cannot be shoved down the public's throat. In spite of loads of coverage in the teen mags and even TV appearances - fame and fortune were not in the cards for HECTOR. \"Wired Up\" goes for the jugular from the get-go with that throbbing single note riff pulverizing your senses. How can a song this incredibly catchy not be a smash? Politics, and the fickle whims of the BBC, who never gave the record a chance. See TREVOR WHITE's masterpiece \"Crazy Kids\" for another sterling example that the world isn't fair. Here it is available again for the first time since 1973 in it's original format, our fave, the almighty 7\" 45 rpm single. Enjoy, true believers. Remastered and sounding better than the original 1973 pressing which was honestly noisy and not perfect.","og_url":"https:\/\/wpguerssen-test.odoo.rgbconsulting.com\/es\/producto\/wired-up\/","og_site_name":"Guerssen records","article_modified_time":"2025-04-17T13:15:14+00:00","og_image":[{"width":1000,"height":1000,"url":"https:\/\/wpguerssen-test.odoo.rgbconsulting.com\/wp-content\/uploads\/2023\/05\/43617.jpg","type":"image\/jpeg"}],"twitter_card":"summary_large_image","twitter_title":"HECTOR - Wired Up -  (7\") | Guerssen","twitter_misc":{"Tiempo de lectura":"1 minuto"},"schema":{"@context":"https:\/\/schema.org","@graph":[{"@type":"WebPage","@id":"https:\/\/wpguerssen-test.odoo.rgbconsulting.com\/es\/producto\/wired-up\/","url":"https:\/\/wpguerssen-test.odoo.rgbconsulting.com\/es\/producto\/wired-up\/","name":"HECTOR - Wired Up - (7\") | Guerssen","isPartOf":{"@id":"https:\/\/wpguerssen-test.odoo.rgbconsulting.com\/es\/#website"},"primaryImageOfPage":{"@id":"https:\/\/wpguerssen-test.odoo.rgbconsulting.com\/es\/producto\/wired-up\/#primaryimage"},"image":{"@id":"https:\/\/wpguerssen-test.odoo.rgbconsulting.com\/es\/producto\/wired-up\/#primaryimage"},"thumbnailUrl":"https:\/\/wpguerssen-test.odoo.rgbconsulting.com\/wp-content\/uploads\/2023\/05\/43617.jpg","datePublished":"2023-06-05T22:00:00+00:00","dateModified":"2025-04-17T13:15:14+00:00","description":"It's a dream to release not one, but both iconic singles by Junkshop glam titans HECTOR. First up is their debut from '73, \"Wired Up\". In a perfect world, this would have topped the charts and The Osmonds would have struggling to make ends meet. Alas, it is a well known fact that quality cannot be shoved down the public's throat. In spite of loads of coverage in the teen mags and even TV appearances - fame and fortune were not in the cards for HECTOR. \"Wired Up\" goes for the jugular from the get-go with that throbbing single note riff pulverizing your senses. How can a song this incredibly catchy not be a smash? Politics, and the fickle whims of the BBC, who never gave the record a chance. See TREVOR WHITE's masterpiece \"Crazy Kids\" for another sterling example that the world isn't fair. Here it is available again for the first time since 1973 in it's original format, our fave, the almighty 7\" 45 rpm single. Enjoy, true believers. Remastered and sounding better than the original 1973 pressing which was honestly noisy and not perfect.","breadcrumb":{"@id":"https:\/\/wpguerssen-test.odoo.rgbconsulting.com\/es\/producto\/wired-up\/#breadcrumb"},"inLanguage":"es","potentialAction":[{"@type":"ReadAction","target":["https:\/\/wpguerssen-test.odoo.rgbconsulting.com\/es\/producto\/wired-up\/"]}]},{"@type":"ImageObject","inLanguage":"es","@id":"https:\/\/wpguerssen-test.odoo.rgbconsulting.com\/es\/producto\/wired-up\/#primaryimage","url":"https:\/\/wpguerssen-test.odoo.rgbconsulting.com\/wp-content\/uploads\/2023\/05\/43617.jpg","contentUrl":"https:\/\/wpguerssen-test.odoo.rgbconsulting.com\/wp-content\/uploads\/2023\/05\/43617.jpg","width":1000,"height":1000},{"@type":"BreadcrumbList","@id":"https:\/\/wpguerssen-test.odoo.rgbconsulting.com\/es\/producto\/wired-up\/#breadcrumb","itemListElement":[{"@type":"ListItem","position":1,"name":"Inicio","item":"https:\/\/wpguerssen-test.odoo.rgbconsulting.com\/es\/"},{"@type":"ListItem","position":2,"name":"Shop","item":"https:\/\/wpguerssen-test.odoo.rgbconsulting.com\/shop\/"},{"@type":"ListItem","position":3,"name":"Wired Up"}]},{"@type":"WebSite","@id":"https:\/\/wpguerssen-test.odoo.rgbconsulting.com\/es\/#website","url":"https:\/\/wpguerssen-test.odoo.rgbconsulting.com\/es\/","name":"Guerssen records","description":"psychedelia - progressive - folk - garage ","publisher":{"@id":"https:\/\/wpguerssen-test.odoo.rgbconsulting.com\/es\/#organization"},"potentialAction":[{"@type":"SearchAction","target":{"@type":"EntryPoint","urlTemplate":"https:\/\/wpguerssen-test.odoo.rgbconsulting.com\/es\/?s={search_term_string}"},"query-input":{"@type":"PropertyValueSpecification","valueRequired":true,"valueName":"search_term_string"}}],"inLanguage":"es"},{"@type":"Organization","@id":"https:\/\/wpguerssen-test.odoo.rgbconsulting.com\/es\/#organization","name":"Guerssen records","url":"https:\/\/wpguerssen-test.odoo.rgbconsulting.com\/es\/","logo":{"@type":"ImageObject","inLanguage":"es","@id":"https:\/\/wpguerssen-test.odoo.rgbconsulting.com\/es\/#\/schema\/logo\/image\/","url":"https:\/\/wpguerssen-test.odoo.rgbconsulting.com\/wp-content\/uploads\/2022\/04\/Logo_Guerssen_trans_100.png","contentUrl":"https:\/\/wpguerssen-test.odoo.rgbconsulting.com\/wp-content\/uploads\/2022\/04\/Logo_Guerssen_trans_100.png","width":122,"height":100,"caption":"Guerssen records"},"image":{"@id":"https:\/\/wpguerssen-test.odoo.rgbconsulting.com\/es\/#\/schema\/logo\/image\/"}}]}},"_links":{"self":[{"href":"https:\/\/wpguerssen-test.odoo.rgbconsulting.com\/es\/wp-json\/wp\/v2\/product\/232309","targetHints":{"allow":["GET"]}}],"collection":[{"href":"https:\/\/wpguerssen-test.odoo.rgbconsulting.com\/es\/wp-json\/wp\/v2\/product"}],"about":[{"href":"https:\/\/wpguerssen-test.odoo.rgbconsulting.com\/es\/wp-json\/wp\/v2\/types\/product"}],"wp:featuredmedia":[{"embeddable":true,"href":"https:\/\/wpguerssen-test.odoo.rgbconsulting.com\/es\/wp-json\/wp\/v2\/media\/232254"}],"wp:attachment":[{"href":"https:\/\/wpguerssen-test.odoo.rgbconsulting.com\/es\/wp-json\/wp\/v2\/media?parent=232309"}],"wp:term":[{"taxonomy":"product_brand","embeddable":true,"href":"https:\/\/wpguerssen-test.odoo.rgbconsulting.com\/es\/wp-json\/wp\/v2\/product_brand?post=232309"},{"taxonomy":"product_cat","embeddable":true,"href":"https:\/\/wpguerssen-test.odoo.rgbconsulting.com\/es\/wp-json\/wp\/v2\/product_cat?post=232309"},{"taxonomy":"product_tag","embeddable":true,"href":"https:\/\/wpguerssen-test.odoo.rgbconsulting.com\/es\/wp-json\/wp\/v2\/product_tag?post=232309"}],"curies":[{"name":"wp","href":"https:\/\/api.w.org\/{rel}","templated":true}]}}