{"id":232422,"date":"2023-06-12T00:00:00","date_gmt":"2023-06-11T22:00:00","guid":{"rendered":"https:\/\/wpguerssen-test.odoo.rgbconsulting.com\/?post_type=product&#038;p=232422"},"modified":"2025-05-05T11:08:48","modified_gmt":"2025-05-05T09:08:48","slug":"original-syn-1965-69","status":"publish","type":"product","link":"https:\/\/wpguerssen-test.odoo.rgbconsulting.com\/es\/producto\/original-syn-1965-69\/","title":{"rendered":"Original Syn (1965-69)"},"content":{"rendered":"<p>Imprescindible para cualquier aficionado al beat y psicodelia brit\u00e1nica de los 60, aqu\u00ed tienes un recopilatorio de THE SYN, grupo del que surgieron los m\u00edticos YES de Peter Banks y Chris Squire.<\/p>\n<p>Se incluyen sus tremendos singles mod-psicod\u00e9licos para DERAM (\u201cGrounded\u201d, \u201c14 Hour Technicolour Dream\u201d, \u201cFlowerman\u201d\u2026) junto a todo un tesoro de grabaciones in\u00e9ditas de los 60, como una demo de 5 minutos de su legendaria \u201cGangster Opera\u201d; una versi\u00f3n primeriza de \u201cFlowerman\u201d; un acetato pre-Deram de la in\u00e9dita \u201cMerry-Go-Round\u201d; los dos temas de The Self (grupo pre-Syn)\u2026Se incluyen adem\u00e1s como bonus dos canciones grabadas en 1974 por Narsquijack, un proyecto post-Syn. <\/p>\n<p>Liderados por el cantante Steve Nardelli, The Syn se forman en 1965 inicialmente como grupo mod de influencia Tamla-Motown. Pronto se imbuyen en la incipiente psicodelia \/ flower-power, siendo una de las bandas residentes de la sala Marquee, donde son famosos por shows teatrales. Tras una serie de singles para Deram, el grupo va mutando progresivamente a los legendarios Yes.<\/p>\n<p>*Portada de cart\u00f3n duro con artwork por Sara Gossett<br \/>*Sonido remasterizado<br \/>*Insert con detalladas notas por David Wells con una introducci\u00f3n de Phil Collins (gran fan de la banda durante su \u00e9poca del Marquee) y fotos \/ memorabilia.<\/p>\n<p>Tracklist:<br \/>Side 1: 1. Grounded &#8211; 2. 14 Hour Technicolour Dream &#8211; 3. Flowerman &#8211; 4. Created By Clive &#8211; 5. The Last Performance of The Royal Regimental Very Victorious and Valiant Band &#8211; 6. Mister White&#8217;s White Flying Machine<\/p>\n<p><p>Side 2: 1. Flowerman (Demo) &#8211; 2. Merry-Go-Round &#8211; 3. I Can&#8217;t Explain &#8211; 4. Love You &#8211; 5. The Gangster Opera (Chorus \/ Legs Diamond \/ Reprise) &#8211; 6. Sunset Boulevard Lament &#8211; 7. Cadillac Dreams<\/p>\n<p>\n","protected":false},"excerpt":{"rendered":"<p>Imprescindible para cualquier aficionado al beat y psicodelia brit\u00e1nica de los 60, aqu\u00ed tienes un recopilatorio de THE SYN, grupo del que surgieron los m\u00edticos<a class=\"read\" href=\"https:\/\/wpguerssen-test.odoo.rgbconsulting.com\/es\/producto\/original-syn-1965-69\/\"> (...)<\/a>","protected":false},"featured_media":232091,"template":"","meta":{"_acf_changed":false},"product_brand":[],"product_cat":[24508,21639],"product_tag":[],"class_list":{"0":"post-232422","1":"product","2":"type-product","3":"status-publish","4":"has-post-thumbnail","6":"product_cat-uncategorized","7":"product_cat-psychedelic60s-70s-es","8":"pa_artist-syn-the","9":"pa_format-lp-es","10":"pa_gender-psychedelic60s-70s","11":"pa_label-guerssen-es","12":"pa_location-uk-ireland-es","14":"first","15":"instock","16":"taxable","17":"shipping-taxable","18":"purchasable","19":"product-type-simple"},"acf":[],"yoast_head":"<!-- This site is optimized with the Yoast SEO plugin v24.9 - https:\/\/yoast.com\/wordpress\/plugins\/seo\/ -->\n<title>SYN, The - Original Syn (1965-69) -  (LP) | Guerssen<\/title>\n<meta name=\"description\" content=\"A must to anyone into \u201860s British beat and psychedelia, here\u2019s the complete recordings of pre-YES band THE SYN, featuring Chris Squire and Peter Banks.Including their sought after mod-psych singles for DERAM (\u201cGrounded\u201d, \u201c14 Hour Technicolour Dream\u201d, \u201cFlowerman\u201d\u2026) plus a treasure trove of rare 60s recordings , including a five-minute rehearsal excerpt of stage favourite \u2018The Gangster Opera\u2019, an earlier recording of \u2018Flowerman\u2019, a pre- Deram acetate of the unissued-at-the-time \u2018Merry-Go-Round\u2019, two tracks by pre-Syn band The Selfs and more. Also including are a couple of 1974 bonus tracks from post-Syn project Narsquijack.Led by singer Steve Nardelli, the Syn formed in 1966 initially as a mod \/ Tamla band. They soon embraced psychedelia and flower-power with some legendary theatrical shows during their Marquee Club residency. After a string of singles for the Deram label, the band slowly evolved into legendary prog band Yes.*Hard cardboard sleeve with artwork by Sara Gossett*Remastered sound*Insert with detailed liner notes by David Wells with an introduction by Phil Collins (a huge fan during their Marquee days), plus rare photos \/ memorabilia\u201cThis vinyl package concentrates on the original Syn, determined to make their mark as the Tamla\/mod scene melted into the balmy, barmy days of flower power\u201d-David WellsTracklist:Side 1: 1. Grounded - 2. 14 Hour Technicolour Dream - 3. Flowerman - 4. Created By Clive - 5. The Last Performance of The Royal Regimental Very Victorious and Valiant Band - 6. Mister White&#039;s White Flying Machine Side 2: 1. Flowerman (Demo) - 2. Merry-Go-Round - 3. I Can&#039;t Explain - 4. Love You - 5. The Gangster Opera (Chorus \/ Legs Diamond \/ Reprise) - 6. Sunset Boulevard Lament - 7. Cadillac Dreams\" \/>\n<meta name=\"robots\" content=\"index, follow, max-snippet:-1, max-image-preview:large, max-video-preview:-1\" \/>\n<link rel=\"canonical\" href=\"https:\/\/wpguerssen-test.odoo.rgbconsulting.com\/es\/producto\/original-syn-1965-69\/\" \/>\n<meta property=\"og:locale\" content=\"es_ES\" \/>\n<meta property=\"og:type\" content=\"article\" \/>\n<meta property=\"og:title\" content=\"SYN, The - Original Syn (1965-69) -  (LP) | Guerssen\" \/>\n<meta property=\"og:description\" content=\"A must to anyone into \u201860s British beat and psychedelia, here\u2019s the complete recordings of pre-YES band THE SYN, featuring Chris Squire and Peter Banks.Including their sought after mod-psych singles for DERAM (\u201cGrounded\u201d, \u201c14 Hour Technicolour Dream\u201d, \u201cFlowerman\u201d\u2026) plus a treasure trove of rare 60s recordings , including a five-minute rehearsal excerpt of stage favourite \u2018The Gangster Opera\u2019, an earlier recording of \u2018Flowerman\u2019, a pre- Deram acetate of the unissued-at-the-time \u2018Merry-Go-Round\u2019, two tracks by pre-Syn band The Selfs and more. Also including are a couple of 1974 bonus tracks from post-Syn project Narsquijack.Led by singer Steve Nardelli, the Syn formed in 1966 initially as a mod \/ Tamla band. They soon embraced psychedelia and flower-power with some legendary theatrical shows during their Marquee Club residency. After a string of singles for the Deram label, the band slowly evolved into legendary prog band Yes.*Hard cardboard sleeve with artwork by Sara Gossett*Remastered sound*Insert with detailed liner notes by David Wells with an introduction by Phil Collins (a huge fan during their Marquee days), plus rare photos \/ memorabilia\u201cThis vinyl package concentrates on the original Syn, determined to make their mark as the Tamla\/mod scene melted into the balmy, barmy days of flower power\u201d-David WellsTracklist:Side 1: 1. Grounded - 2. 14 Hour Technicolour Dream - 3. Flowerman - 4. Created By Clive - 5. The Last Performance of The Royal Regimental Very Victorious and Valiant Band - 6. Mister White&#039;s White Flying Machine Side 2: 1. Flowerman (Demo) - 2. Merry-Go-Round - 3. I Can&#039;t Explain - 4. Love You - 5. The Gangster Opera (Chorus \/ Legs Diamond \/ Reprise) - 6. Sunset Boulevard Lament - 7. Cadillac Dreams\" \/>\n<meta property=\"og:url\" content=\"https:\/\/wpguerssen-test.odoo.rgbconsulting.com\/es\/producto\/original-syn-1965-69\/\" \/>\n<meta property=\"og:site_name\" content=\"Guerssen records\" \/>\n<meta property=\"article:modified_time\" content=\"2025-05-05T09:08:48+00:00\" \/>\n<meta property=\"og:image\" content=\"https:\/\/wpguerssen-test.odoo.rgbconsulting.com\/wp-content\/uploads\/2023\/05\/41416.jpg\" \/>\n\t<meta property=\"og:image:width\" content=\"1400\" \/>\n\t<meta property=\"og:image:height\" content=\"1400\" \/>\n\t<meta property=\"og:image:type\" content=\"image\/jpeg\" \/>\n<meta name=\"twitter:card\" content=\"summary_large_image\" \/>\n<meta name=\"twitter:title\" content=\"SYN, The - Original Syn (1965-69) -  (LP) | Guerssen\" \/>\n<meta name=\"twitter:label1\" content=\"Tiempo de lectura\" \/>\n\t<meta name=\"twitter:data1\" content=\"1 minuto\" \/>\n<script type=\"application\/ld+json\" class=\"yoast-schema-graph\">{\"@context\":\"https:\/\/schema.org\",\"@graph\":[{\"@type\":\"WebPage\",\"@id\":\"https:\/\/wpguerssen-test.odoo.rgbconsulting.com\/es\/producto\/original-syn-1965-69\/\",\"url\":\"https:\/\/wpguerssen-test.odoo.rgbconsulting.com\/es\/producto\/original-syn-1965-69\/\",\"name\":\"SYN, The - Original Syn (1965-69) - (LP) | Guerssen\",\"isPartOf\":{\"@id\":\"https:\/\/wpguerssen-test.odoo.rgbconsulting.com\/es\/#website\"},\"primaryImageOfPage\":{\"@id\":\"https:\/\/wpguerssen-test.odoo.rgbconsulting.com\/es\/producto\/original-syn-1965-69\/#primaryimage\"},\"image\":{\"@id\":\"https:\/\/wpguerssen-test.odoo.rgbconsulting.com\/es\/producto\/original-syn-1965-69\/#primaryimage\"},\"thumbnailUrl\":\"https:\/\/wpguerssen-test.odoo.rgbconsulting.com\/wp-content\/uploads\/2023\/05\/41416.jpg\",\"datePublished\":\"2023-06-11T22:00:00+00:00\",\"dateModified\":\"2025-05-05T09:08:48+00:00\",\"description\":\"A must to anyone into \u201860s British beat and psychedelia, here\u2019s the complete recordings of pre-YES band THE SYN, featuring Chris Squire and Peter Banks.Including their sought after mod-psych singles for DERAM (\u201cGrounded\u201d, \u201c14 Hour Technicolour Dream\u201d, \u201cFlowerman\u201d\u2026) plus a treasure trove of rare 60s recordings , including a five-minute rehearsal excerpt of stage favourite \u2018The Gangster Opera\u2019, an earlier recording of \u2018Flowerman\u2019, a pre- Deram acetate of the unissued-at-the-time \u2018Merry-Go-Round\u2019, two tracks by pre-Syn band The Selfs and more. Also including are a couple of 1974 bonus tracks from post-Syn project Narsquijack.Led by singer Steve Nardelli, the Syn formed in 1966 initially as a mod \/ Tamla band. They soon embraced psychedelia and flower-power with some legendary theatrical shows during their Marquee Club residency. After a string of singles for the Deram label, the band slowly evolved into legendary prog band Yes.*Hard cardboard sleeve with artwork by Sara Gossett*Remastered sound*Insert with detailed liner notes by David Wells with an introduction by Phil Collins (a huge fan during their Marquee days), plus rare photos \/ memorabilia\u201cThis vinyl package concentrates on the original Syn, determined to make their mark as the Tamla\/mod scene melted into the balmy, barmy days of flower power\u201d-David WellsTracklist:Side 1: 1. Grounded - 2. 14 Hour Technicolour Dream - 3. Flowerman - 4. Created By Clive - 5. The Last Performance of The Royal Regimental Very Victorious and Valiant Band - 6. Mister White's White Flying Machine Side 2: 1. Flowerman (Demo) - 2. Merry-Go-Round - 3. I Can't Explain - 4. Love You - 5. The Gangster Opera (Chorus \/ Legs Diamond \/ Reprise) - 6. Sunset Boulevard Lament - 7. Cadillac Dreams\",\"breadcrumb\":{\"@id\":\"https:\/\/wpguerssen-test.odoo.rgbconsulting.com\/es\/producto\/original-syn-1965-69\/#breadcrumb\"},\"inLanguage\":\"es\",\"potentialAction\":[{\"@type\":\"ReadAction\",\"target\":[\"https:\/\/wpguerssen-test.odoo.rgbconsulting.com\/es\/producto\/original-syn-1965-69\/\"]}]},{\"@type\":\"ImageObject\",\"inLanguage\":\"es\",\"@id\":\"https:\/\/wpguerssen-test.odoo.rgbconsulting.com\/es\/producto\/original-syn-1965-69\/#primaryimage\",\"url\":\"https:\/\/wpguerssen-test.odoo.rgbconsulting.com\/wp-content\/uploads\/2023\/05\/41416.jpg\",\"contentUrl\":\"https:\/\/wpguerssen-test.odoo.rgbconsulting.com\/wp-content\/uploads\/2023\/05\/41416.jpg\",\"width\":1400,\"height\":1400,\"caption\":\"The - Original Syn (1965-69) - GUERSSEN (LP) | Guerssen\"},{\"@type\":\"BreadcrumbList\",\"@id\":\"https:\/\/wpguerssen-test.odoo.rgbconsulting.com\/es\/producto\/original-syn-1965-69\/#breadcrumb\",\"itemListElement\":[{\"@type\":\"ListItem\",\"position\":1,\"name\":\"Inicio\",\"item\":\"https:\/\/wpguerssen-test.odoo.rgbconsulting.com\/es\/\"},{\"@type\":\"ListItem\",\"position\":2,\"name\":\"Shop\",\"item\":\"https:\/\/wpguerssen-test.odoo.rgbconsulting.com\/shop\/\"},{\"@type\":\"ListItem\",\"position\":3,\"name\":\"Original Syn (1965-69)\"}]},{\"@type\":\"WebSite\",\"@id\":\"https:\/\/wpguerssen-test.odoo.rgbconsulting.com\/es\/#website\",\"url\":\"https:\/\/wpguerssen-test.odoo.rgbconsulting.com\/es\/\",\"name\":\"Guerssen records\",\"description\":\"psychedelia - progressive - folk - garage \",\"publisher\":{\"@id\":\"https:\/\/wpguerssen-test.odoo.rgbconsulting.com\/es\/#organization\"},\"potentialAction\":[{\"@type\":\"SearchAction\",\"target\":{\"@type\":\"EntryPoint\",\"urlTemplate\":\"https:\/\/wpguerssen-test.odoo.rgbconsulting.com\/es\/?s={search_term_string}\"},\"query-input\":{\"@type\":\"PropertyValueSpecification\",\"valueRequired\":true,\"valueName\":\"search_term_string\"}}],\"inLanguage\":\"es\"},{\"@type\":\"Organization\",\"@id\":\"https:\/\/wpguerssen-test.odoo.rgbconsulting.com\/es\/#organization\",\"name\":\"Guerssen records\",\"url\":\"https:\/\/wpguerssen-test.odoo.rgbconsulting.com\/es\/\",\"logo\":{\"@type\":\"ImageObject\",\"inLanguage\":\"es\",\"@id\":\"https:\/\/wpguerssen-test.odoo.rgbconsulting.com\/es\/#\/schema\/logo\/image\/\",\"url\":\"https:\/\/wpguerssen-test.odoo.rgbconsulting.com\/wp-content\/uploads\/2022\/04\/Logo_Guerssen_trans_100.png\",\"contentUrl\":\"https:\/\/wpguerssen-test.odoo.rgbconsulting.com\/wp-content\/uploads\/2022\/04\/Logo_Guerssen_trans_100.png\",\"width\":122,\"height\":100,\"caption\":\"Guerssen records\"},\"image\":{\"@id\":\"https:\/\/wpguerssen-test.odoo.rgbconsulting.com\/es\/#\/schema\/logo\/image\/\"}}]}<\/script>\n<!-- \/ Yoast SEO plugin. -->","yoast_head_json":{"title":"SYN, The - Original Syn (1965-69) -  (LP) | Guerssen","description":"A must to anyone into \u201860s British beat and psychedelia, here\u2019s the complete recordings of pre-YES band THE SYN, featuring Chris Squire and Peter Banks.Including their sought after mod-psych singles for DERAM (\u201cGrounded\u201d, \u201c14 Hour Technicolour Dream\u201d, \u201cFlowerman\u201d\u2026) plus a treasure trove of rare 60s recordings , including a five-minute rehearsal excerpt of stage favourite \u2018The Gangster Opera\u2019, an earlier recording of \u2018Flowerman\u2019, a pre- Deram acetate of the unissued-at-the-time \u2018Merry-Go-Round\u2019, two tracks by pre-Syn band The Selfs and more. Also including are a couple of 1974 bonus tracks from post-Syn project Narsquijack.Led by singer Steve Nardelli, the Syn formed in 1966 initially as a mod \/ Tamla band. They soon embraced psychedelia and flower-power with some legendary theatrical shows during their Marquee Club residency. After a string of singles for the Deram label, the band slowly evolved into legendary prog band Yes.*Hard cardboard sleeve with artwork by Sara Gossett*Remastered sound*Insert with detailed liner notes by David Wells with an introduction by Phil Collins (a huge fan during their Marquee days), plus rare photos \/ memorabilia\u201cThis vinyl package concentrates on the original Syn, determined to make their mark as the Tamla\/mod scene melted into the balmy, barmy days of flower power\u201d-David WellsTracklist:Side 1: 1. Grounded - 2. 14 Hour Technicolour Dream - 3. Flowerman - 4. Created By Clive - 5. The Last Performance of The Royal Regimental Very Victorious and Valiant Band - 6. Mister White's White Flying Machine Side 2: 1. Flowerman (Demo) - 2. Merry-Go-Round - 3. I Can't Explain - 4. Love You - 5. The Gangster Opera (Chorus \/ Legs Diamond \/ Reprise) - 6. Sunset Boulevard Lament - 7. Cadillac Dreams","robots":{"index":"index","follow":"follow","max-snippet":"max-snippet:-1","max-image-preview":"max-image-preview:large","max-video-preview":"max-video-preview:-1"},"canonical":"https:\/\/wpguerssen-test.odoo.rgbconsulting.com\/es\/producto\/original-syn-1965-69\/","og_locale":"es_ES","og_type":"article","og_title":"SYN, The - Original Syn (1965-69) -  (LP) | Guerssen","og_description":"A must to anyone into \u201860s British beat and psychedelia, here\u2019s the complete recordings of pre-YES band THE SYN, featuring Chris Squire and Peter Banks.Including their sought after mod-psych singles for DERAM (\u201cGrounded\u201d, \u201c14 Hour Technicolour Dream\u201d, \u201cFlowerman\u201d\u2026) plus a treasure trove of rare 60s recordings , including a five-minute rehearsal excerpt of stage favourite \u2018The Gangster Opera\u2019, an earlier recording of \u2018Flowerman\u2019, a pre- Deram acetate of the unissued-at-the-time \u2018Merry-Go-Round\u2019, two tracks by pre-Syn band The Selfs and more. Also including are a couple of 1974 bonus tracks from post-Syn project Narsquijack.Led by singer Steve Nardelli, the Syn formed in 1966 initially as a mod \/ Tamla band. They soon embraced psychedelia and flower-power with some legendary theatrical shows during their Marquee Club residency. After a string of singles for the Deram label, the band slowly evolved into legendary prog band Yes.*Hard cardboard sleeve with artwork by Sara Gossett*Remastered sound*Insert with detailed liner notes by David Wells with an introduction by Phil Collins (a huge fan during their Marquee days), plus rare photos \/ memorabilia\u201cThis vinyl package concentrates on the original Syn, determined to make their mark as the Tamla\/mod scene melted into the balmy, barmy days of flower power\u201d-David WellsTracklist:Side 1: 1. Grounded - 2. 14 Hour Technicolour Dream - 3. Flowerman - 4. Created By Clive - 5. The Last Performance of The Royal Regimental Very Victorious and Valiant Band - 6. Mister White's White Flying Machine Side 2: 1. Flowerman (Demo) - 2. Merry-Go-Round - 3. I Can't Explain - 4. Love You - 5. The Gangster Opera (Chorus \/ Legs Diamond \/ Reprise) - 6. Sunset Boulevard Lament - 7. Cadillac Dreams","og_url":"https:\/\/wpguerssen-test.odoo.rgbconsulting.com\/es\/producto\/original-syn-1965-69\/","og_site_name":"Guerssen records","article_modified_time":"2025-05-05T09:08:48+00:00","og_image":[{"width":1400,"height":1400,"url":"https:\/\/wpguerssen-test.odoo.rgbconsulting.com\/wp-content\/uploads\/2023\/05\/41416.jpg","type":"image\/jpeg"}],"twitter_card":"summary_large_image","twitter_title":"SYN, The - Original Syn (1965-69) -  (LP) | Guerssen","twitter_misc":{"Tiempo de lectura":"1 minuto"},"schema":{"@context":"https:\/\/schema.org","@graph":[{"@type":"WebPage","@id":"https:\/\/wpguerssen-test.odoo.rgbconsulting.com\/es\/producto\/original-syn-1965-69\/","url":"https:\/\/wpguerssen-test.odoo.rgbconsulting.com\/es\/producto\/original-syn-1965-69\/","name":"SYN, The - Original Syn (1965-69) - (LP) | Guerssen","isPartOf":{"@id":"https:\/\/wpguerssen-test.odoo.rgbconsulting.com\/es\/#website"},"primaryImageOfPage":{"@id":"https:\/\/wpguerssen-test.odoo.rgbconsulting.com\/es\/producto\/original-syn-1965-69\/#primaryimage"},"image":{"@id":"https:\/\/wpguerssen-test.odoo.rgbconsulting.com\/es\/producto\/original-syn-1965-69\/#primaryimage"},"thumbnailUrl":"https:\/\/wpguerssen-test.odoo.rgbconsulting.com\/wp-content\/uploads\/2023\/05\/41416.jpg","datePublished":"2023-06-11T22:00:00+00:00","dateModified":"2025-05-05T09:08:48+00:00","description":"A must to anyone into \u201860s British beat and psychedelia, here\u2019s the complete recordings of pre-YES band THE SYN, featuring Chris Squire and Peter Banks.Including their sought after mod-psych singles for DERAM (\u201cGrounded\u201d, \u201c14 Hour Technicolour Dream\u201d, \u201cFlowerman\u201d\u2026) plus a treasure trove of rare 60s recordings , including a five-minute rehearsal excerpt of stage favourite \u2018The Gangster Opera\u2019, an earlier recording of \u2018Flowerman\u2019, a pre- Deram acetate of the unissued-at-the-time \u2018Merry-Go-Round\u2019, two tracks by pre-Syn band The Selfs and more. Also including are a couple of 1974 bonus tracks from post-Syn project Narsquijack.Led by singer Steve Nardelli, the Syn formed in 1966 initially as a mod \/ Tamla band. They soon embraced psychedelia and flower-power with some legendary theatrical shows during their Marquee Club residency. After a string of singles for the Deram label, the band slowly evolved into legendary prog band Yes.*Hard cardboard sleeve with artwork by Sara Gossett*Remastered sound*Insert with detailed liner notes by David Wells with an introduction by Phil Collins (a huge fan during their Marquee days), plus rare photos \/ memorabilia\u201cThis vinyl package concentrates on the original Syn, determined to make their mark as the Tamla\/mod scene melted into the balmy, barmy days of flower power\u201d-David WellsTracklist:Side 1: 1. Grounded - 2. 14 Hour Technicolour Dream - 3. Flowerman - 4. Created By Clive - 5. The Last Performance of The Royal Regimental Very Victorious and Valiant Band - 6. Mister White's White Flying Machine Side 2: 1. Flowerman (Demo) - 2. Merry-Go-Round - 3. I Can't Explain - 4. Love You - 5. The Gangster Opera (Chorus \/ Legs Diamond \/ Reprise) - 6. Sunset Boulevard Lament - 7. Cadillac Dreams","breadcrumb":{"@id":"https:\/\/wpguerssen-test.odoo.rgbconsulting.com\/es\/producto\/original-syn-1965-69\/#breadcrumb"},"inLanguage":"es","potentialAction":[{"@type":"ReadAction","target":["https:\/\/wpguerssen-test.odoo.rgbconsulting.com\/es\/producto\/original-syn-1965-69\/"]}]},{"@type":"ImageObject","inLanguage":"es","@id":"https:\/\/wpguerssen-test.odoo.rgbconsulting.com\/es\/producto\/original-syn-1965-69\/#primaryimage","url":"https:\/\/wpguerssen-test.odoo.rgbconsulting.com\/wp-content\/uploads\/2023\/05\/41416.jpg","contentUrl":"https:\/\/wpguerssen-test.odoo.rgbconsulting.com\/wp-content\/uploads\/2023\/05\/41416.jpg","width":1400,"height":1400,"caption":"The - Original Syn (1965-69) - GUERSSEN (LP) | Guerssen"},{"@type":"BreadcrumbList","@id":"https:\/\/wpguerssen-test.odoo.rgbconsulting.com\/es\/producto\/original-syn-1965-69\/#breadcrumb","itemListElement":[{"@type":"ListItem","position":1,"name":"Inicio","item":"https:\/\/wpguerssen-test.odoo.rgbconsulting.com\/es\/"},{"@type":"ListItem","position":2,"name":"Shop","item":"https:\/\/wpguerssen-test.odoo.rgbconsulting.com\/shop\/"},{"@type":"ListItem","position":3,"name":"Original Syn (1965-69)"}]},{"@type":"WebSite","@id":"https:\/\/wpguerssen-test.odoo.rgbconsulting.com\/es\/#website","url":"https:\/\/wpguerssen-test.odoo.rgbconsulting.com\/es\/","name":"Guerssen records","description":"psychedelia - progressive - folk - garage ","publisher":{"@id":"https:\/\/wpguerssen-test.odoo.rgbconsulting.com\/es\/#organization"},"potentialAction":[{"@type":"SearchAction","target":{"@type":"EntryPoint","urlTemplate":"https:\/\/wpguerssen-test.odoo.rgbconsulting.com\/es\/?s={search_term_string}"},"query-input":{"@type":"PropertyValueSpecification","valueRequired":true,"valueName":"search_term_string"}}],"inLanguage":"es"},{"@type":"Organization","@id":"https:\/\/wpguerssen-test.odoo.rgbconsulting.com\/es\/#organization","name":"Guerssen records","url":"https:\/\/wpguerssen-test.odoo.rgbconsulting.com\/es\/","logo":{"@type":"ImageObject","inLanguage":"es","@id":"https:\/\/wpguerssen-test.odoo.rgbconsulting.com\/es\/#\/schema\/logo\/image\/","url":"https:\/\/wpguerssen-test.odoo.rgbconsulting.com\/wp-content\/uploads\/2022\/04\/Logo_Guerssen_trans_100.png","contentUrl":"https:\/\/wpguerssen-test.odoo.rgbconsulting.com\/wp-content\/uploads\/2022\/04\/Logo_Guerssen_trans_100.png","width":122,"height":100,"caption":"Guerssen records"},"image":{"@id":"https:\/\/wpguerssen-test.odoo.rgbconsulting.com\/es\/#\/schema\/logo\/image\/"}}]}},"_links":{"self":[{"href":"https:\/\/wpguerssen-test.odoo.rgbconsulting.com\/es\/wp-json\/wp\/v2\/product\/232422","targetHints":{"allow":["GET"]}}],"collection":[{"href":"https:\/\/wpguerssen-test.odoo.rgbconsulting.com\/es\/wp-json\/wp\/v2\/product"}],"about":[{"href":"https:\/\/wpguerssen-test.odoo.rgbconsulting.com\/es\/wp-json\/wp\/v2\/types\/product"}],"wp:featuredmedia":[{"embeddable":true,"href":"https:\/\/wpguerssen-test.odoo.rgbconsulting.com\/es\/wp-json\/wp\/v2\/media\/232091"}],"wp:attachment":[{"href":"https:\/\/wpguerssen-test.odoo.rgbconsulting.com\/es\/wp-json\/wp\/v2\/media?parent=232422"}],"wp:term":[{"taxonomy":"product_brand","embeddable":true,"href":"https:\/\/wpguerssen-test.odoo.rgbconsulting.com\/es\/wp-json\/wp\/v2\/product_brand?post=232422"},{"taxonomy":"product_cat","embeddable":true,"href":"https:\/\/wpguerssen-test.odoo.rgbconsulting.com\/es\/wp-json\/wp\/v2\/product_cat?post=232422"},{"taxonomy":"product_tag","embeddable":true,"href":"https:\/\/wpguerssen-test.odoo.rgbconsulting.com\/es\/wp-json\/wp\/v2\/product_tag?post=232422"}],"curies":[{"name":"wp","href":"https:\/\/api.w.org\/{rel}","templated":true}]}}