{"id":232531,"date":"2025-01-07T00:00:00","date_gmt":"2025-01-06T23:00:00","guid":{"rendered":"https:\/\/wpguerssen-test.odoo.rgbconsulting.com\/product\/renaissance-3\/"},"modified":"2025-02-17T16:38:25","modified_gmt":"2025-02-17T15:38:25","slug":"renaissance-3","status":"publish","type":"product","link":"https:\/\/wpguerssen-test.odoo.rgbconsulting.com\/es\/producto\/renaissance-3\/","title":{"rendered":"Renaissance"},"content":{"rendered":"<p>Moderno y basado en la sensibilidad del hard-bop de la d\u00e9cada de 1960, el pianista y compositor estadounidense Albert Dailey (1939 &#8211; 1984) ten\u00eda un control perfecto sobre su instrumento. Desde temprana edad toc\u00f3 con m\u00fasicos de vanguardia, como Art Blakey, Sarah Vaughan, Stan Getz, Charles Mingus y Lee Konitz, por nombrar solo algunos. Pero a pesar de eso, fue un artista subestimado durante su vida recibiendo un merecido reconocimiento solo despu\u00e9s de su muerte. Renaissance de 1977 es su segundo \u00e1lbum, interpretado por un grupo audaz que incluye la voz de Cheryl Alexander, Carter Jefferson al saxo, Cecil McBee al bajo y Cheryl Alexander y Adam Nussbaum a la bater\u00eda. \u00a1COMPLETAMENTE REMASTERIZADO!<\/p>\n","protected":false},"excerpt":{"rendered":"<p>Moderno y basado en la sensibilidad del hard-bop de la d\u00e9cada de 1960, el pianista y compositor estadounidense Albert Dailey (1939 &#8211; 1984) ten\u00eda un control<a class=\"read\" href=\"https:\/\/wpguerssen-test.odoo.rgbconsulting.com\/es\/producto\/renaissance-3\/\"> (...)<\/a>","protected":false},"featured_media":246633,"template":"","meta":{"_acf_changed":false},"product_brand":[],"product_cat":[23227],"product_tag":[24189,24190],"class_list":{"0":"post-232531","1":"product","2":"type-product","3":"status-publish","4":"has-post-thumbnail","6":"product_cat-jazz-es","7":"product_tag-recien-llegadas","8":"product_tag-sales-es","9":"pa_artist-dailey-albert","10":"pa_format-lp-es","11":"pa_gender-jazz","12":"pa_label-trading-places","13":"pa_location-north-america-es","14":"pa_other-filters-vinyl-only-es","16":"first","17":"instock","18":"taxable","19":"shipping-taxable","20":"purchasable","21":"product-type-simple"},"acf":[],"yoast_head":"<!-- This site is optimized with the Yoast SEO plugin v24.9 - https:\/\/yoast.com\/wordpress\/plugins\/seo\/ -->\n<title>DAILEY, Albert - Renaissance -  (LP) | Guerssen<\/title>\n<meta name=\"description\" content=\"Modern and grounded in 1960s hard-bop sensibility, the American pianist and composer Albert Dailey (1939 - 1984) had perfect control over his instrument. Since an early age he played with cutting-edge musicians, the likes of Art Blakey, Sarah Vaughan, Stan Getz, Charles Mingus and Lee Konitz to name just a few. But despite that, he was an underrated artist during his lifetime receiving deserved recognition only after his death. Renaissance 2 November 1977 is his second album, played by a bold group that includes the voice of Cheryl Alexander, Carter Jefferson on sax, Cecil McBee on bass and features both Cheryl Alexander and Adam Nussbaum on drums. COMPLETELY REMASTERED!\" \/>\n<meta name=\"robots\" content=\"index, follow, max-snippet:-1, max-image-preview:large, max-video-preview:-1\" \/>\n<link rel=\"canonical\" href=\"https:\/\/wpguerssen-test.odoo.rgbconsulting.com\/es\/producto\/renaissance-3\/\" \/>\n<meta property=\"og:locale\" content=\"es_ES\" \/>\n<meta property=\"og:type\" content=\"article\" \/>\n<meta property=\"og:title\" content=\"DAILEY, Albert - Renaissance -  (LP) | Guerssen\" \/>\n<meta property=\"og:description\" content=\"Modern and grounded in 1960s hard-bop sensibility, the American pianist and composer Albert Dailey (1939 - 1984) had perfect control over his instrument. Since an early age he played with cutting-edge musicians, the likes of Art Blakey, Sarah Vaughan, Stan Getz, Charles Mingus and Lee Konitz to name just a few. But despite that, he was an underrated artist during his lifetime receiving deserved recognition only after his death. Renaissance 2 November 1977 is his second album, played by a bold group that includes the voice of Cheryl Alexander, Carter Jefferson on sax, Cecil McBee on bass and features both Cheryl Alexander and Adam Nussbaum on drums. COMPLETELY REMASTERED!\" \/>\n<meta property=\"og:url\" content=\"https:\/\/wpguerssen-test.odoo.rgbconsulting.com\/es\/producto\/renaissance-3\/\" \/>\n<meta property=\"og:site_name\" content=\"Guerssen records\" \/>\n<meta property=\"article:modified_time\" content=\"2025-02-17T15:38:25+00:00\" \/>\n<meta property=\"og:image\" content=\"https:\/\/wpguerssen-test.odoo.rgbconsulting.com\/wp-content\/uploads\/2023\/11\/43644.jpg\" \/>\n\t<meta property=\"og:image:width\" content=\"945\" \/>\n\t<meta property=\"og:image:height\" content=\"944\" \/>\n\t<meta property=\"og:image:type\" content=\"image\/jpeg\" \/>\n<meta name=\"twitter:card\" content=\"summary_large_image\" \/>\n<meta name=\"twitter:title\" content=\"DAILEY, Albert - Renaissance -  (LP) | Guerssen\" \/>\n<meta name=\"twitter:label1\" content=\"Tiempo de lectura\" \/>\n\t<meta name=\"twitter:data1\" content=\"1 minuto\" \/>\n<script type=\"application\/ld+json\" class=\"yoast-schema-graph\">{\"@context\":\"https:\/\/schema.org\",\"@graph\":[{\"@type\":\"WebPage\",\"@id\":\"https:\/\/wpguerssen-test.odoo.rgbconsulting.com\/es\/producto\/renaissance-3\/\",\"url\":\"https:\/\/wpguerssen-test.odoo.rgbconsulting.com\/es\/producto\/renaissance-3\/\",\"name\":\"DAILEY, Albert - Renaissance - (LP) | Guerssen\",\"isPartOf\":{\"@id\":\"https:\/\/wpguerssen-test.odoo.rgbconsulting.com\/es\/#website\"},\"primaryImageOfPage\":{\"@id\":\"https:\/\/wpguerssen-test.odoo.rgbconsulting.com\/es\/producto\/renaissance-3\/#primaryimage\"},\"image\":{\"@id\":\"https:\/\/wpguerssen-test.odoo.rgbconsulting.com\/es\/producto\/renaissance-3\/#primaryimage\"},\"thumbnailUrl\":\"https:\/\/wpguerssen-test.odoo.rgbconsulting.com\/wp-content\/uploads\/2023\/11\/43644.jpg\",\"datePublished\":\"2025-01-06T23:00:00+00:00\",\"dateModified\":\"2025-02-17T15:38:25+00:00\",\"description\":\"Modern and grounded in 1960s hard-bop sensibility, the American pianist and composer Albert Dailey (1939 - 1984) had perfect control over his instrument. Since an early age he played with cutting-edge musicians, the likes of Art Blakey, Sarah Vaughan, Stan Getz, Charles Mingus and Lee Konitz to name just a few. But despite that, he was an underrated artist during his lifetime receiving deserved recognition only after his death. Renaissance 2 November 1977 is his second album, played by a bold group that includes the voice of Cheryl Alexander, Carter Jefferson on sax, Cecil McBee on bass and features both Cheryl Alexander and Adam Nussbaum on drums. COMPLETELY REMASTERED!\",\"breadcrumb\":{\"@id\":\"https:\/\/wpguerssen-test.odoo.rgbconsulting.com\/es\/producto\/renaissance-3\/#breadcrumb\"},\"inLanguage\":\"es\",\"potentialAction\":[{\"@type\":\"ReadAction\",\"target\":[\"https:\/\/wpguerssen-test.odoo.rgbconsulting.com\/es\/producto\/renaissance-3\/\"]}]},{\"@type\":\"ImageObject\",\"inLanguage\":\"es\",\"@id\":\"https:\/\/wpguerssen-test.odoo.rgbconsulting.com\/es\/producto\/renaissance-3\/#primaryimage\",\"url\":\"https:\/\/wpguerssen-test.odoo.rgbconsulting.com\/wp-content\/uploads\/2023\/11\/43644.jpg\",\"contentUrl\":\"https:\/\/wpguerssen-test.odoo.rgbconsulting.com\/wp-content\/uploads\/2023\/11\/43644.jpg\",\"width\":945,\"height\":944,\"caption\":\"Albert - Renaissance - TRADING PLACES (LP) | Guerssen\"},{\"@type\":\"BreadcrumbList\",\"@id\":\"https:\/\/wpguerssen-test.odoo.rgbconsulting.com\/es\/producto\/renaissance-3\/#breadcrumb\",\"itemListElement\":[{\"@type\":\"ListItem\",\"position\":1,\"name\":\"Inicio\",\"item\":\"https:\/\/wpguerssen-test.odoo.rgbconsulting.com\/es\/\"},{\"@type\":\"ListItem\",\"position\":2,\"name\":\"Shop\",\"item\":\"https:\/\/wpguerssen-test.odoo.rgbconsulting.com\/shop\/\"},{\"@type\":\"ListItem\",\"position\":3,\"name\":\"Renaissance\"}]},{\"@type\":\"WebSite\",\"@id\":\"https:\/\/wpguerssen-test.odoo.rgbconsulting.com\/es\/#website\",\"url\":\"https:\/\/wpguerssen-test.odoo.rgbconsulting.com\/es\/\",\"name\":\"Guerssen records\",\"description\":\"psychedelia - progressive - folk - garage \",\"publisher\":{\"@id\":\"https:\/\/wpguerssen-test.odoo.rgbconsulting.com\/es\/#organization\"},\"potentialAction\":[{\"@type\":\"SearchAction\",\"target\":{\"@type\":\"EntryPoint\",\"urlTemplate\":\"https:\/\/wpguerssen-test.odoo.rgbconsulting.com\/es\/?s={search_term_string}\"},\"query-input\":{\"@type\":\"PropertyValueSpecification\",\"valueRequired\":true,\"valueName\":\"search_term_string\"}}],\"inLanguage\":\"es\"},{\"@type\":\"Organization\",\"@id\":\"https:\/\/wpguerssen-test.odoo.rgbconsulting.com\/es\/#organization\",\"name\":\"Guerssen records\",\"url\":\"https:\/\/wpguerssen-test.odoo.rgbconsulting.com\/es\/\",\"logo\":{\"@type\":\"ImageObject\",\"inLanguage\":\"es\",\"@id\":\"https:\/\/wpguerssen-test.odoo.rgbconsulting.com\/es\/#\/schema\/logo\/image\/\",\"url\":\"https:\/\/wpguerssen-test.odoo.rgbconsulting.com\/wp-content\/uploads\/2022\/04\/Logo_Guerssen_trans_100.png\",\"contentUrl\":\"https:\/\/wpguerssen-test.odoo.rgbconsulting.com\/wp-content\/uploads\/2022\/04\/Logo_Guerssen_trans_100.png\",\"width\":122,\"height\":100,\"caption\":\"Guerssen records\"},\"image\":{\"@id\":\"https:\/\/wpguerssen-test.odoo.rgbconsulting.com\/es\/#\/schema\/logo\/image\/\"}}]}<\/script>\n<!-- \/ Yoast SEO plugin. -->","yoast_head_json":{"title":"DAILEY, Albert - Renaissance -  (LP) | Guerssen","description":"Modern and grounded in 1960s hard-bop sensibility, the American pianist and composer Albert Dailey (1939 - 1984) had perfect control over his instrument. Since an early age he played with cutting-edge musicians, the likes of Art Blakey, Sarah Vaughan, Stan Getz, Charles Mingus and Lee Konitz to name just a few. But despite that, he was an underrated artist during his lifetime receiving deserved recognition only after his death. Renaissance 2 November 1977 is his second album, played by a bold group that includes the voice of Cheryl Alexander, Carter Jefferson on sax, Cecil McBee on bass and features both Cheryl Alexander and Adam Nussbaum on drums. COMPLETELY REMASTERED!","robots":{"index":"index","follow":"follow","max-snippet":"max-snippet:-1","max-image-preview":"max-image-preview:large","max-video-preview":"max-video-preview:-1"},"canonical":"https:\/\/wpguerssen-test.odoo.rgbconsulting.com\/es\/producto\/renaissance-3\/","og_locale":"es_ES","og_type":"article","og_title":"DAILEY, Albert - Renaissance -  (LP) | Guerssen","og_description":"Modern and grounded in 1960s hard-bop sensibility, the American pianist and composer Albert Dailey (1939 - 1984) had perfect control over his instrument. Since an early age he played with cutting-edge musicians, the likes of Art Blakey, Sarah Vaughan, Stan Getz, Charles Mingus and Lee Konitz to name just a few. But despite that, he was an underrated artist during his lifetime receiving deserved recognition only after his death. Renaissance 2 November 1977 is his second album, played by a bold group that includes the voice of Cheryl Alexander, Carter Jefferson on sax, Cecil McBee on bass and features both Cheryl Alexander and Adam Nussbaum on drums. COMPLETELY REMASTERED!","og_url":"https:\/\/wpguerssen-test.odoo.rgbconsulting.com\/es\/producto\/renaissance-3\/","og_site_name":"Guerssen records","article_modified_time":"2025-02-17T15:38:25+00:00","og_image":[{"width":945,"height":944,"url":"https:\/\/wpguerssen-test.odoo.rgbconsulting.com\/wp-content\/uploads\/2023\/11\/43644.jpg","type":"image\/jpeg"}],"twitter_card":"summary_large_image","twitter_title":"DAILEY, Albert - Renaissance -  (LP) | Guerssen","twitter_misc":{"Tiempo de lectura":"1 minuto"},"schema":{"@context":"https:\/\/schema.org","@graph":[{"@type":"WebPage","@id":"https:\/\/wpguerssen-test.odoo.rgbconsulting.com\/es\/producto\/renaissance-3\/","url":"https:\/\/wpguerssen-test.odoo.rgbconsulting.com\/es\/producto\/renaissance-3\/","name":"DAILEY, Albert - Renaissance - (LP) | Guerssen","isPartOf":{"@id":"https:\/\/wpguerssen-test.odoo.rgbconsulting.com\/es\/#website"},"primaryImageOfPage":{"@id":"https:\/\/wpguerssen-test.odoo.rgbconsulting.com\/es\/producto\/renaissance-3\/#primaryimage"},"image":{"@id":"https:\/\/wpguerssen-test.odoo.rgbconsulting.com\/es\/producto\/renaissance-3\/#primaryimage"},"thumbnailUrl":"https:\/\/wpguerssen-test.odoo.rgbconsulting.com\/wp-content\/uploads\/2023\/11\/43644.jpg","datePublished":"2025-01-06T23:00:00+00:00","dateModified":"2025-02-17T15:38:25+00:00","description":"Modern and grounded in 1960s hard-bop sensibility, the American pianist and composer Albert Dailey (1939 - 1984) had perfect control over his instrument. Since an early age he played with cutting-edge musicians, the likes of Art Blakey, Sarah Vaughan, Stan Getz, Charles Mingus and Lee Konitz to name just a few. But despite that, he was an underrated artist during his lifetime receiving deserved recognition only after his death. Renaissance 2 November 1977 is his second album, played by a bold group that includes the voice of Cheryl Alexander, Carter Jefferson on sax, Cecil McBee on bass and features both Cheryl Alexander and Adam Nussbaum on drums. COMPLETELY REMASTERED!","breadcrumb":{"@id":"https:\/\/wpguerssen-test.odoo.rgbconsulting.com\/es\/producto\/renaissance-3\/#breadcrumb"},"inLanguage":"es","potentialAction":[{"@type":"ReadAction","target":["https:\/\/wpguerssen-test.odoo.rgbconsulting.com\/es\/producto\/renaissance-3\/"]}]},{"@type":"ImageObject","inLanguage":"es","@id":"https:\/\/wpguerssen-test.odoo.rgbconsulting.com\/es\/producto\/renaissance-3\/#primaryimage","url":"https:\/\/wpguerssen-test.odoo.rgbconsulting.com\/wp-content\/uploads\/2023\/11\/43644.jpg","contentUrl":"https:\/\/wpguerssen-test.odoo.rgbconsulting.com\/wp-content\/uploads\/2023\/11\/43644.jpg","width":945,"height":944,"caption":"Albert - Renaissance - TRADING PLACES (LP) | Guerssen"},{"@type":"BreadcrumbList","@id":"https:\/\/wpguerssen-test.odoo.rgbconsulting.com\/es\/producto\/renaissance-3\/#breadcrumb","itemListElement":[{"@type":"ListItem","position":1,"name":"Inicio","item":"https:\/\/wpguerssen-test.odoo.rgbconsulting.com\/es\/"},{"@type":"ListItem","position":2,"name":"Shop","item":"https:\/\/wpguerssen-test.odoo.rgbconsulting.com\/shop\/"},{"@type":"ListItem","position":3,"name":"Renaissance"}]},{"@type":"WebSite","@id":"https:\/\/wpguerssen-test.odoo.rgbconsulting.com\/es\/#website","url":"https:\/\/wpguerssen-test.odoo.rgbconsulting.com\/es\/","name":"Guerssen records","description":"psychedelia - progressive - folk - garage ","publisher":{"@id":"https:\/\/wpguerssen-test.odoo.rgbconsulting.com\/es\/#organization"},"potentialAction":[{"@type":"SearchAction","target":{"@type":"EntryPoint","urlTemplate":"https:\/\/wpguerssen-test.odoo.rgbconsulting.com\/es\/?s={search_term_string}"},"query-input":{"@type":"PropertyValueSpecification","valueRequired":true,"valueName":"search_term_string"}}],"inLanguage":"es"},{"@type":"Organization","@id":"https:\/\/wpguerssen-test.odoo.rgbconsulting.com\/es\/#organization","name":"Guerssen records","url":"https:\/\/wpguerssen-test.odoo.rgbconsulting.com\/es\/","logo":{"@type":"ImageObject","inLanguage":"es","@id":"https:\/\/wpguerssen-test.odoo.rgbconsulting.com\/es\/#\/schema\/logo\/image\/","url":"https:\/\/wpguerssen-test.odoo.rgbconsulting.com\/wp-content\/uploads\/2022\/04\/Logo_Guerssen_trans_100.png","contentUrl":"https:\/\/wpguerssen-test.odoo.rgbconsulting.com\/wp-content\/uploads\/2022\/04\/Logo_Guerssen_trans_100.png","width":122,"height":100,"caption":"Guerssen records"},"image":{"@id":"https:\/\/wpguerssen-test.odoo.rgbconsulting.com\/es\/#\/schema\/logo\/image\/"}}]}},"_links":{"self":[{"href":"https:\/\/wpguerssen-test.odoo.rgbconsulting.com\/es\/wp-json\/wp\/v2\/product\/232531","targetHints":{"allow":["GET"]}}],"collection":[{"href":"https:\/\/wpguerssen-test.odoo.rgbconsulting.com\/es\/wp-json\/wp\/v2\/product"}],"about":[{"href":"https:\/\/wpguerssen-test.odoo.rgbconsulting.com\/es\/wp-json\/wp\/v2\/types\/product"}],"wp:featuredmedia":[{"embeddable":true,"href":"https:\/\/wpguerssen-test.odoo.rgbconsulting.com\/es\/wp-json\/wp\/v2\/media\/246633"}],"wp:attachment":[{"href":"https:\/\/wpguerssen-test.odoo.rgbconsulting.com\/es\/wp-json\/wp\/v2\/media?parent=232531"}],"wp:term":[{"taxonomy":"product_brand","embeddable":true,"href":"https:\/\/wpguerssen-test.odoo.rgbconsulting.com\/es\/wp-json\/wp\/v2\/product_brand?post=232531"},{"taxonomy":"product_cat","embeddable":true,"href":"https:\/\/wpguerssen-test.odoo.rgbconsulting.com\/es\/wp-json\/wp\/v2\/product_cat?post=232531"},{"taxonomy":"product_tag","embeddable":true,"href":"https:\/\/wpguerssen-test.odoo.rgbconsulting.com\/es\/wp-json\/wp\/v2\/product_tag?post=232531"}],"curies":[{"name":"wp","href":"https:\/\/api.w.org\/{rel}","templated":true}]}}