{"id":232621,"date":"2023-06-20T00:00:00","date_gmt":"2023-06-19T22:00:00","guid":{"rendered":"https:\/\/wpguerssen-test.odoo.rgbconsulting.com\/product\/one-mile-from-heaven\/"},"modified":"2024-02-22T09:28:42","modified_gmt":"2024-02-22T08:28:42","slug":"one-mile-from-heaven-2lp","status":"publish","type":"product","link":"https:\/\/wpguerssen-test.odoo.rgbconsulting.com\/es\/producto\/one-mile-from-heaven-2lp\/","title":{"rendered":"One Mile From Heaven (2LP)"},"content":{"rendered":"<p>ONE MILE FROM HEAVEN es un viaje de ensue\u00f1o a trav\u00e9s de la escena privada de cantautores de los a\u00f1os 70 y m\u00e1s all\u00e1. LISTA DE CANCIONES: Maitreya Kali \u00abOne Last Farewell\u00bb Gary Higgins \u00abThicker Than A Smokey\u00bb Alicia May \u00abSummer Days\u00bb Dan Gillmor &#038; Doug McClaran \u00abGhost Song\u00bb Bobb Trimble \u00abOne Mile From Heaven\u00bb Bob Patterson \u00abFriends Of Mine\u00bb Jim Sullivan \u00bb Jerome\u00bb Chuck &#038; Mary Perrin \u00abCorrine\u00bb Dan Modlin &#038; Dave Scott \u00abLoser, Lover\u00bb Billy Hallquist \u00abPersephone\u00bb Richard Goldman \u00abSweethearts\u00bb Olav Rixen &#038; Ulrich Fausten \u00abPilgrimade\u00bb Naomi Lewis \u00abMore Beautiful\u00bb Jerry and Nancy Stevens \u00abA Little Resolution\u00bb Merrell Fankhauser \u00abOn Our Way To Hana\u00bb Michael Angelo \u00abField Of Lonely Eyes\u00bb Carm Mascarenhas \u00abIn The Sun\u00bb Joe &#038; Bing \u00abDaybreak\u00bb Philip John Lewin \u00abDiamond Love\u00bb Michael Yonkers \u00abY te lo daremos\u00bb<\/p>\n","protected":false},"excerpt":{"rendered":"<p>ONE MILE FROM HEAVEN es un viaje de ensue\u00f1o a trav\u00e9s de la escena privada de cantautores de los a\u00f1os 70 y m\u00e1s all\u00e1. LISTA DE CANCIONES: Maitreya Kali \u00abOne Last<a class=\"read\" href=\"https:\/\/wpguerssen-test.odoo.rgbconsulting.com\/es\/producto\/one-mile-from-heaven-2lp\/\"> (...)<\/a>","protected":false},"featured_media":233810,"template":"","meta":{"_acf_changed":false},"product_brand":[],"product_cat":[23271],"product_tag":[],"class_list":{"0":"post-232621","1":"product","2":"type-product","3":"status-publish","4":"has-post-thumbnail","6":"product_cat-folk-60s-70s-es","7":"pa_artist-various-artists-es","8":"pa_format-2lp-es","9":"pa_gender-folk-60s-70s","10":"pa_label-mapache","11":"pa_location-spain-es","12":"pa_other-filters-vinyl-only-es","14":"first","15":"instock","16":"taxable","17":"shipping-taxable","18":"purchasable","19":"product-type-simple"},"acf":[],"yoast_head":"<!-- This site is optimized with the Yoast SEO plugin v24.9 - https:\/\/yoast.com\/wordpress\/plugins\/seo\/ -->\n<title>VARIOUS ARTISTS - One Mile From Heaven (2LP) -  (2LP) | Guerssen<\/title>\n<meta name=\"description\" content=\"ONE MILE FROM HEAVEN is a dreamy travel through the 70&#039;s and beyond private singer songwriters scene. TRACKLIST: Maitreya Kali &quot;One Last Farewell&quot; Gary Higgins &quot;Thicker Than A Smokey&quot; Alicia May &quot;Summer Days&quot; Dan Gillmor &amp; Doug McClaran &quot;Ghost Song&quot; Bobb Trimble &quot;One Mile From Heaven&quot; Bob Patterson &quot;Friends Of Mine&quot; Jim Sullivan &quot;Jerome&quot; Chuck &amp; Mary Perrin &quot;Corrine&quot; Dan Modlin &amp; Dave Scott &quot;Loser, Lover&quot; Billy Hallquist &quot;Persephone&quot; Richard Goldman &quot;Sweethearts&quot; Olav Rixen &amp; Ulrich Fausten &quot;Pilgrimade&quot; Naomi Lewis &quot;More Beautiful&quot; Jerry and Nancy Stevens &quot;A Little Resolution&quot; Merrell Fankhauser &quot;On Our Way To Hana&quot; Michael Angelo &quot;Field Of Lonely Eyes&quot; Carm Mascarenhas &quot;In The Sun&quot; Joe &amp; Bing &quot;Daybreak&quot; Philip John Lewin &quot;Diamond Love&quot; Michael Yonkers &quot;And Give It To You&quot;\" \/>\n<meta name=\"robots\" content=\"index, follow, max-snippet:-1, max-image-preview:large, max-video-preview:-1\" \/>\n<link rel=\"canonical\" href=\"https:\/\/wpguerssen-test.odoo.rgbconsulting.com\/es\/producto\/one-mile-from-heaven-2lp\/\" \/>\n<meta property=\"og:locale\" content=\"es_ES\" \/>\n<meta property=\"og:type\" content=\"article\" \/>\n<meta property=\"og:title\" content=\"VARIOUS ARTISTS - One Mile From Heaven (2LP) -  (2LP) | Guerssen\" \/>\n<meta property=\"og:description\" content=\"ONE MILE FROM HEAVEN is a dreamy travel through the 70&#039;s and beyond private singer songwriters scene. TRACKLIST: Maitreya Kali &quot;One Last Farewell&quot; Gary Higgins &quot;Thicker Than A Smokey&quot; Alicia May &quot;Summer Days&quot; Dan Gillmor &amp; Doug McClaran &quot;Ghost Song&quot; Bobb Trimble &quot;One Mile From Heaven&quot; Bob Patterson &quot;Friends Of Mine&quot; Jim Sullivan &quot;Jerome&quot; Chuck &amp; Mary Perrin &quot;Corrine&quot; Dan Modlin &amp; Dave Scott &quot;Loser, Lover&quot; Billy Hallquist &quot;Persephone&quot; Richard Goldman &quot;Sweethearts&quot; Olav Rixen &amp; Ulrich Fausten &quot;Pilgrimade&quot; Naomi Lewis &quot;More Beautiful&quot; Jerry and Nancy Stevens &quot;A Little Resolution&quot; Merrell Fankhauser &quot;On Our Way To Hana&quot; Michael Angelo &quot;Field Of Lonely Eyes&quot; Carm Mascarenhas &quot;In The Sun&quot; Joe &amp; Bing &quot;Daybreak&quot; Philip John Lewin &quot;Diamond Love&quot; Michael Yonkers &quot;And Give It To You&quot;\" \/>\n<meta property=\"og:url\" content=\"https:\/\/wpguerssen-test.odoo.rgbconsulting.com\/es\/producto\/one-mile-from-heaven-2lp\/\" \/>\n<meta property=\"og:site_name\" content=\"Guerssen records\" \/>\n<meta property=\"article:modified_time\" content=\"2024-02-22T08:28:42+00:00\" \/>\n<meta property=\"og:image\" content=\"https:\/\/wpguerssen-test.odoo.rgbconsulting.com\/wp-content\/uploads\/2023\/06\/43658.jpg\" \/>\n\t<meta property=\"og:image:width\" content=\"600\" \/>\n\t<meta property=\"og:image:height\" content=\"600\" \/>\n\t<meta property=\"og:image:type\" content=\"image\/jpeg\" \/>\n<meta name=\"twitter:card\" content=\"summary_large_image\" \/>\n<meta name=\"twitter:title\" content=\"VARIOUS ARTISTS - One Mile From Heaven (2LP) -  (2LP) | Guerssen\" \/>\n<meta name=\"twitter:label1\" content=\"Tiempo de lectura\" \/>\n\t<meta name=\"twitter:data1\" content=\"1 minuto\" \/>\n<script type=\"application\/ld+json\" class=\"yoast-schema-graph\">{\"@context\":\"https:\/\/schema.org\",\"@graph\":[{\"@type\":\"WebPage\",\"@id\":\"https:\/\/wpguerssen-test.odoo.rgbconsulting.com\/es\/producto\/one-mile-from-heaven-2lp\/\",\"url\":\"https:\/\/wpguerssen-test.odoo.rgbconsulting.com\/es\/producto\/one-mile-from-heaven-2lp\/\",\"name\":\"VARIOUS ARTISTS - One Mile From Heaven (2LP) - (2LP) | Guerssen\",\"isPartOf\":{\"@id\":\"https:\/\/wpguerssen-test.odoo.rgbconsulting.com\/es\/#website\"},\"primaryImageOfPage\":{\"@id\":\"https:\/\/wpguerssen-test.odoo.rgbconsulting.com\/es\/producto\/one-mile-from-heaven-2lp\/#primaryimage\"},\"image\":{\"@id\":\"https:\/\/wpguerssen-test.odoo.rgbconsulting.com\/es\/producto\/one-mile-from-heaven-2lp\/#primaryimage\"},\"thumbnailUrl\":\"https:\/\/wpguerssen-test.odoo.rgbconsulting.com\/wp-content\/uploads\/2023\/06\/43658.jpg\",\"datePublished\":\"2023-06-19T22:00:00+00:00\",\"dateModified\":\"2024-02-22T08:28:42+00:00\",\"description\":\"ONE MILE FROM HEAVEN is a dreamy travel through the 70's and beyond private singer songwriters scene. TRACKLIST: Maitreya Kali \\\"One Last Farewell\\\" Gary Higgins \\\"Thicker Than A Smokey\\\" Alicia May \\\"Summer Days\\\" Dan Gillmor & Doug McClaran \\\"Ghost Song\\\" Bobb Trimble \\\"One Mile From Heaven\\\" Bob Patterson \\\"Friends Of Mine\\\" Jim Sullivan \\\"Jerome\\\" Chuck & Mary Perrin \\\"Corrine\\\" Dan Modlin & Dave Scott \\\"Loser, Lover\\\" Billy Hallquist \\\"Persephone\\\" Richard Goldman \\\"Sweethearts\\\" Olav Rixen & Ulrich Fausten \\\"Pilgrimade\\\" Naomi Lewis \\\"More Beautiful\\\" Jerry and Nancy Stevens \\\"A Little Resolution\\\" Merrell Fankhauser \\\"On Our Way To Hana\\\" Michael Angelo \\\"Field Of Lonely Eyes\\\" Carm Mascarenhas \\\"In The Sun\\\" Joe & Bing \\\"Daybreak\\\" Philip John Lewin \\\"Diamond Love\\\" Michael Yonkers \\\"And Give It To You\\\"\",\"breadcrumb\":{\"@id\":\"https:\/\/wpguerssen-test.odoo.rgbconsulting.com\/es\/producto\/one-mile-from-heaven-2lp\/#breadcrumb\"},\"inLanguage\":\"es\",\"potentialAction\":[{\"@type\":\"ReadAction\",\"target\":[\"https:\/\/wpguerssen-test.odoo.rgbconsulting.com\/es\/producto\/one-mile-from-heaven-2lp\/\"]}]},{\"@type\":\"ImageObject\",\"inLanguage\":\"es\",\"@id\":\"https:\/\/wpguerssen-test.odoo.rgbconsulting.com\/es\/producto\/one-mile-from-heaven-2lp\/#primaryimage\",\"url\":\"https:\/\/wpguerssen-test.odoo.rgbconsulting.com\/wp-content\/uploads\/2023\/06\/43658.jpg\",\"contentUrl\":\"https:\/\/wpguerssen-test.odoo.rgbconsulting.com\/wp-content\/uploads\/2023\/06\/43658.jpg\",\"width\":600,\"height\":600},{\"@type\":\"BreadcrumbList\",\"@id\":\"https:\/\/wpguerssen-test.odoo.rgbconsulting.com\/es\/producto\/one-mile-from-heaven-2lp\/#breadcrumb\",\"itemListElement\":[{\"@type\":\"ListItem\",\"position\":1,\"name\":\"Inicio\",\"item\":\"https:\/\/wpguerssen-test.odoo.rgbconsulting.com\/es\/\"},{\"@type\":\"ListItem\",\"position\":2,\"name\":\"Shop\",\"item\":\"https:\/\/wpguerssen-test.odoo.rgbconsulting.com\/shop\/\"},{\"@type\":\"ListItem\",\"position\":3,\"name\":\"One Mile From Heaven (2LP)\"}]},{\"@type\":\"WebSite\",\"@id\":\"https:\/\/wpguerssen-test.odoo.rgbconsulting.com\/es\/#website\",\"url\":\"https:\/\/wpguerssen-test.odoo.rgbconsulting.com\/es\/\",\"name\":\"Guerssen records\",\"description\":\"psychedelia - progressive - folk - garage \",\"publisher\":{\"@id\":\"https:\/\/wpguerssen-test.odoo.rgbconsulting.com\/es\/#organization\"},\"potentialAction\":[{\"@type\":\"SearchAction\",\"target\":{\"@type\":\"EntryPoint\",\"urlTemplate\":\"https:\/\/wpguerssen-test.odoo.rgbconsulting.com\/es\/?s={search_term_string}\"},\"query-input\":{\"@type\":\"PropertyValueSpecification\",\"valueRequired\":true,\"valueName\":\"search_term_string\"}}],\"inLanguage\":\"es\"},{\"@type\":\"Organization\",\"@id\":\"https:\/\/wpguerssen-test.odoo.rgbconsulting.com\/es\/#organization\",\"name\":\"Guerssen records\",\"url\":\"https:\/\/wpguerssen-test.odoo.rgbconsulting.com\/es\/\",\"logo\":{\"@type\":\"ImageObject\",\"inLanguage\":\"es\",\"@id\":\"https:\/\/wpguerssen-test.odoo.rgbconsulting.com\/es\/#\/schema\/logo\/image\/\",\"url\":\"https:\/\/wpguerssen-test.odoo.rgbconsulting.com\/wp-content\/uploads\/2022\/04\/Logo_Guerssen_trans_100.png\",\"contentUrl\":\"https:\/\/wpguerssen-test.odoo.rgbconsulting.com\/wp-content\/uploads\/2022\/04\/Logo_Guerssen_trans_100.png\",\"width\":122,\"height\":100,\"caption\":\"Guerssen records\"},\"image\":{\"@id\":\"https:\/\/wpguerssen-test.odoo.rgbconsulting.com\/es\/#\/schema\/logo\/image\/\"}}]}<\/script>\n<!-- \/ Yoast SEO plugin. -->","yoast_head_json":{"title":"VARIOUS ARTISTS - One Mile From Heaven (2LP) -  (2LP) | Guerssen","description":"ONE MILE FROM HEAVEN is a dreamy travel through the 70's and beyond private singer songwriters scene. TRACKLIST: Maitreya Kali \"One Last Farewell\" Gary Higgins \"Thicker Than A Smokey\" Alicia May \"Summer Days\" Dan Gillmor & Doug McClaran \"Ghost Song\" Bobb Trimble \"One Mile From Heaven\" Bob Patterson \"Friends Of Mine\" Jim Sullivan \"Jerome\" Chuck & Mary Perrin \"Corrine\" Dan Modlin & Dave Scott \"Loser, Lover\" Billy Hallquist \"Persephone\" Richard Goldman \"Sweethearts\" Olav Rixen & Ulrich Fausten \"Pilgrimade\" Naomi Lewis \"More Beautiful\" Jerry and Nancy Stevens \"A Little Resolution\" Merrell Fankhauser \"On Our Way To Hana\" Michael Angelo \"Field Of Lonely Eyes\" Carm Mascarenhas \"In The Sun\" Joe & Bing \"Daybreak\" Philip John Lewin \"Diamond Love\" Michael Yonkers \"And Give It To You\"","robots":{"index":"index","follow":"follow","max-snippet":"max-snippet:-1","max-image-preview":"max-image-preview:large","max-video-preview":"max-video-preview:-1"},"canonical":"https:\/\/wpguerssen-test.odoo.rgbconsulting.com\/es\/producto\/one-mile-from-heaven-2lp\/","og_locale":"es_ES","og_type":"article","og_title":"VARIOUS ARTISTS - One Mile From Heaven (2LP) -  (2LP) | Guerssen","og_description":"ONE MILE FROM HEAVEN is a dreamy travel through the 70's and beyond private singer songwriters scene. TRACKLIST: Maitreya Kali \"One Last Farewell\" Gary Higgins \"Thicker Than A Smokey\" Alicia May \"Summer Days\" Dan Gillmor & Doug McClaran \"Ghost Song\" Bobb Trimble \"One Mile From Heaven\" Bob Patterson \"Friends Of Mine\" Jim Sullivan \"Jerome\" Chuck & Mary Perrin \"Corrine\" Dan Modlin & Dave Scott \"Loser, Lover\" Billy Hallquist \"Persephone\" Richard Goldman \"Sweethearts\" Olav Rixen & Ulrich Fausten \"Pilgrimade\" Naomi Lewis \"More Beautiful\" Jerry and Nancy Stevens \"A Little Resolution\" Merrell Fankhauser \"On Our Way To Hana\" Michael Angelo \"Field Of Lonely Eyes\" Carm Mascarenhas \"In The Sun\" Joe & Bing \"Daybreak\" Philip John Lewin \"Diamond Love\" Michael Yonkers \"And Give It To You\"","og_url":"https:\/\/wpguerssen-test.odoo.rgbconsulting.com\/es\/producto\/one-mile-from-heaven-2lp\/","og_site_name":"Guerssen records","article_modified_time":"2024-02-22T08:28:42+00:00","og_image":[{"width":600,"height":600,"url":"https:\/\/wpguerssen-test.odoo.rgbconsulting.com\/wp-content\/uploads\/2023\/06\/43658.jpg","type":"image\/jpeg"}],"twitter_card":"summary_large_image","twitter_title":"VARIOUS ARTISTS - One Mile From Heaven (2LP) -  (2LP) | Guerssen","twitter_misc":{"Tiempo de lectura":"1 minuto"},"schema":{"@context":"https:\/\/schema.org","@graph":[{"@type":"WebPage","@id":"https:\/\/wpguerssen-test.odoo.rgbconsulting.com\/es\/producto\/one-mile-from-heaven-2lp\/","url":"https:\/\/wpguerssen-test.odoo.rgbconsulting.com\/es\/producto\/one-mile-from-heaven-2lp\/","name":"VARIOUS ARTISTS - One Mile From Heaven (2LP) - (2LP) | Guerssen","isPartOf":{"@id":"https:\/\/wpguerssen-test.odoo.rgbconsulting.com\/es\/#website"},"primaryImageOfPage":{"@id":"https:\/\/wpguerssen-test.odoo.rgbconsulting.com\/es\/producto\/one-mile-from-heaven-2lp\/#primaryimage"},"image":{"@id":"https:\/\/wpguerssen-test.odoo.rgbconsulting.com\/es\/producto\/one-mile-from-heaven-2lp\/#primaryimage"},"thumbnailUrl":"https:\/\/wpguerssen-test.odoo.rgbconsulting.com\/wp-content\/uploads\/2023\/06\/43658.jpg","datePublished":"2023-06-19T22:00:00+00:00","dateModified":"2024-02-22T08:28:42+00:00","description":"ONE MILE FROM HEAVEN is a dreamy travel through the 70's and beyond private singer songwriters scene. TRACKLIST: Maitreya Kali \"One Last Farewell\" Gary Higgins \"Thicker Than A Smokey\" Alicia May \"Summer Days\" Dan Gillmor & Doug McClaran \"Ghost Song\" Bobb Trimble \"One Mile From Heaven\" Bob Patterson \"Friends Of Mine\" Jim Sullivan \"Jerome\" Chuck & Mary Perrin \"Corrine\" Dan Modlin & Dave Scott \"Loser, Lover\" Billy Hallquist \"Persephone\" Richard Goldman \"Sweethearts\" Olav Rixen & Ulrich Fausten \"Pilgrimade\" Naomi Lewis \"More Beautiful\" Jerry and Nancy Stevens \"A Little Resolution\" Merrell Fankhauser \"On Our Way To Hana\" Michael Angelo \"Field Of Lonely Eyes\" Carm Mascarenhas \"In The Sun\" Joe & Bing \"Daybreak\" Philip John Lewin \"Diamond Love\" Michael Yonkers \"And Give It To You\"","breadcrumb":{"@id":"https:\/\/wpguerssen-test.odoo.rgbconsulting.com\/es\/producto\/one-mile-from-heaven-2lp\/#breadcrumb"},"inLanguage":"es","potentialAction":[{"@type":"ReadAction","target":["https:\/\/wpguerssen-test.odoo.rgbconsulting.com\/es\/producto\/one-mile-from-heaven-2lp\/"]}]},{"@type":"ImageObject","inLanguage":"es","@id":"https:\/\/wpguerssen-test.odoo.rgbconsulting.com\/es\/producto\/one-mile-from-heaven-2lp\/#primaryimage","url":"https:\/\/wpguerssen-test.odoo.rgbconsulting.com\/wp-content\/uploads\/2023\/06\/43658.jpg","contentUrl":"https:\/\/wpguerssen-test.odoo.rgbconsulting.com\/wp-content\/uploads\/2023\/06\/43658.jpg","width":600,"height":600},{"@type":"BreadcrumbList","@id":"https:\/\/wpguerssen-test.odoo.rgbconsulting.com\/es\/producto\/one-mile-from-heaven-2lp\/#breadcrumb","itemListElement":[{"@type":"ListItem","position":1,"name":"Inicio","item":"https:\/\/wpguerssen-test.odoo.rgbconsulting.com\/es\/"},{"@type":"ListItem","position":2,"name":"Shop","item":"https:\/\/wpguerssen-test.odoo.rgbconsulting.com\/shop\/"},{"@type":"ListItem","position":3,"name":"One Mile From Heaven (2LP)"}]},{"@type":"WebSite","@id":"https:\/\/wpguerssen-test.odoo.rgbconsulting.com\/es\/#website","url":"https:\/\/wpguerssen-test.odoo.rgbconsulting.com\/es\/","name":"Guerssen records","description":"psychedelia - progressive - folk - garage ","publisher":{"@id":"https:\/\/wpguerssen-test.odoo.rgbconsulting.com\/es\/#organization"},"potentialAction":[{"@type":"SearchAction","target":{"@type":"EntryPoint","urlTemplate":"https:\/\/wpguerssen-test.odoo.rgbconsulting.com\/es\/?s={search_term_string}"},"query-input":{"@type":"PropertyValueSpecification","valueRequired":true,"valueName":"search_term_string"}}],"inLanguage":"es"},{"@type":"Organization","@id":"https:\/\/wpguerssen-test.odoo.rgbconsulting.com\/es\/#organization","name":"Guerssen records","url":"https:\/\/wpguerssen-test.odoo.rgbconsulting.com\/es\/","logo":{"@type":"ImageObject","inLanguage":"es","@id":"https:\/\/wpguerssen-test.odoo.rgbconsulting.com\/es\/#\/schema\/logo\/image\/","url":"https:\/\/wpguerssen-test.odoo.rgbconsulting.com\/wp-content\/uploads\/2022\/04\/Logo_Guerssen_trans_100.png","contentUrl":"https:\/\/wpguerssen-test.odoo.rgbconsulting.com\/wp-content\/uploads\/2022\/04\/Logo_Guerssen_trans_100.png","width":122,"height":100,"caption":"Guerssen records"},"image":{"@id":"https:\/\/wpguerssen-test.odoo.rgbconsulting.com\/es\/#\/schema\/logo\/image\/"}}]}},"_links":{"self":[{"href":"https:\/\/wpguerssen-test.odoo.rgbconsulting.com\/es\/wp-json\/wp\/v2\/product\/232621","targetHints":{"allow":["GET"]}}],"collection":[{"href":"https:\/\/wpguerssen-test.odoo.rgbconsulting.com\/es\/wp-json\/wp\/v2\/product"}],"about":[{"href":"https:\/\/wpguerssen-test.odoo.rgbconsulting.com\/es\/wp-json\/wp\/v2\/types\/product"}],"wp:featuredmedia":[{"embeddable":true,"href":"https:\/\/wpguerssen-test.odoo.rgbconsulting.com\/es\/wp-json\/wp\/v2\/media\/233810"}],"wp:attachment":[{"href":"https:\/\/wpguerssen-test.odoo.rgbconsulting.com\/es\/wp-json\/wp\/v2\/media?parent=232621"}],"wp:term":[{"taxonomy":"product_brand","embeddable":true,"href":"https:\/\/wpguerssen-test.odoo.rgbconsulting.com\/es\/wp-json\/wp\/v2\/product_brand?post=232621"},{"taxonomy":"product_cat","embeddable":true,"href":"https:\/\/wpguerssen-test.odoo.rgbconsulting.com\/es\/wp-json\/wp\/v2\/product_cat?post=232621"},{"taxonomy":"product_tag","embeddable":true,"href":"https:\/\/wpguerssen-test.odoo.rgbconsulting.com\/es\/wp-json\/wp\/v2\/product_tag?post=232621"}],"curies":[{"name":"wp","href":"https:\/\/api.w.org\/{rel}","templated":true}]}}