{"id":232817,"date":"2023-06-07T00:00:00","date_gmt":"2023-06-06T22:00:00","guid":{"rendered":"https:\/\/wpguerssen-test.odoo.rgbconsulting.com\/product\/strong-persuader\/"},"modified":"2024-09-26T18:26:40","modified_gmt":"2024-09-26T16:26:40","slug":"strong-persuader","status":"publish","type":"product","link":"https:\/\/wpguerssen-test.odoo.rgbconsulting.com\/es\/producto\/strong-persuader\/","title":{"rendered":"Strong Persuader"},"content":{"rendered":"<p>El quinto \u00e1lbum de estudio del cantante y guitarrista de blues estadounidense Robert Cray, Strong Persuader fue grabado en los estudios de Los \u00c1ngeles Sage &#038; Sound y Haywood&#8217;s bajo la direcci\u00f3n de los productores Bruce Bromberg y Dennis Walker.<br \/>Lanzado por Mercury Records y Hightone Records el 17 de noviembre de 1986, marc\u00f3 el gran avance de Cray y en 1995 hab\u00eda vendido m\u00e1s de dos millones de copias. El \u00e1lbum ocup\u00f3 el puesto n\u00famero 42 en la lista de los 100 mejores \u00e1lbumes de los a\u00f1os 80 de los Rolling Stones.<\/p>\n","protected":false},"excerpt":{"rendered":"<p>El quinto \u00e1lbum de estudio del cantante y guitarrista de blues estadounidense Robert Cray, Strong Persuader fue grabado en los estudios de Los \u00c1ngeles Sage &#038;<a class=\"read\" href=\"https:\/\/wpguerssen-test.odoo.rgbconsulting.com\/es\/producto\/strong-persuader\/\"> (...)<\/a>","protected":false},"featured_media":232785,"template":"","meta":{"_acf_changed":false},"product_brand":[],"product_cat":[23262],"product_tag":[],"class_list":{"0":"post-232817","1":"product","2":"type-product","3":"status-publish","4":"has-post-thumbnail","6":"product_cat-blues-blues-rock-es","7":"pa_artist-cray-robert","8":"pa_format-lp-es","9":"pa_gender-blues-blues-rock","10":"pa_label-mercury","11":"pa_location-north-america-es","12":"pa_other-filters-vinyl-only-es","14":"first","15":"instock","16":"taxable","17":"shipping-taxable","18":"purchasable","19":"product-type-simple"},"acf":[],"yoast_head":"<!-- This site is optimized with the Yoast SEO plugin v24.9 - https:\/\/yoast.com\/wordpress\/plugins\/seo\/ -->\n<title>CRAY, Robert - Strong Persuader -  (LP) | Guerssen<\/title>\n<meta name=\"description\" content=\"The fifth studio album by American blues singer and guitarist Robert Cray, Strong Persuaderwas recorded at the Los Angeles studios Sage &amp; Sound and Haywood&#039;s under producers Bruce Bromberg and Dennis Walker.Released by Mercury Records and Hightone Records on November 17, 1986, it marked Cray&#039;s mainstream breakthrough and by 1995 it had sold over two million copies. The album was ranked #42 on Rolling Stones list of the 100 greatest albums of the &#039;80s.\" \/>\n<meta name=\"robots\" content=\"index, follow, max-snippet:-1, max-image-preview:large, max-video-preview:-1\" \/>\n<link rel=\"canonical\" href=\"https:\/\/wpguerssen-test.odoo.rgbconsulting.com\/es\/producto\/strong-persuader\/\" \/>\n<meta property=\"og:locale\" content=\"es_ES\" \/>\n<meta property=\"og:type\" content=\"article\" \/>\n<meta property=\"og:title\" content=\"CRAY, Robert - Strong Persuader -  (LP) | Guerssen\" \/>\n<meta property=\"og:description\" content=\"The fifth studio album by American blues singer and guitarist Robert Cray, Strong Persuaderwas recorded at the Los Angeles studios Sage &amp; Sound and Haywood&#039;s under producers Bruce Bromberg and Dennis Walker.Released by Mercury Records and Hightone Records on November 17, 1986, it marked Cray&#039;s mainstream breakthrough and by 1995 it had sold over two million copies. The album was ranked #42 on Rolling Stones list of the 100 greatest albums of the &#039;80s.\" \/>\n<meta property=\"og:url\" content=\"https:\/\/wpguerssen-test.odoo.rgbconsulting.com\/es\/producto\/strong-persuader\/\" \/>\n<meta property=\"og:site_name\" content=\"Guerssen records\" \/>\n<meta property=\"article:modified_time\" content=\"2024-09-26T16:26:40+00:00\" \/>\n<meta property=\"og:image\" content=\"https:\/\/wpguerssen-test.odoo.rgbconsulting.com\/wp-content\/uploads\/2023\/05\/43685.jpg\" \/>\n\t<meta property=\"og:image:width\" content=\"800\" \/>\n\t<meta property=\"og:image:height\" content=\"800\" \/>\n\t<meta property=\"og:image:type\" content=\"image\/jpeg\" \/>\n<meta name=\"twitter:card\" content=\"summary_large_image\" \/>\n<meta name=\"twitter:title\" content=\"CRAY, Robert - Strong Persuader -  (LP) | Guerssen\" \/>\n<script type=\"application\/ld+json\" class=\"yoast-schema-graph\">{\"@context\":\"https:\/\/schema.org\",\"@graph\":[{\"@type\":\"WebPage\",\"@id\":\"https:\/\/wpguerssen-test.odoo.rgbconsulting.com\/es\/producto\/strong-persuader\/\",\"url\":\"https:\/\/wpguerssen-test.odoo.rgbconsulting.com\/es\/producto\/strong-persuader\/\",\"name\":\"CRAY, Robert - Strong Persuader - (LP) | Guerssen\",\"isPartOf\":{\"@id\":\"https:\/\/wpguerssen-test.odoo.rgbconsulting.com\/es\/#website\"},\"primaryImageOfPage\":{\"@id\":\"https:\/\/wpguerssen-test.odoo.rgbconsulting.com\/es\/producto\/strong-persuader\/#primaryimage\"},\"image\":{\"@id\":\"https:\/\/wpguerssen-test.odoo.rgbconsulting.com\/es\/producto\/strong-persuader\/#primaryimage\"},\"thumbnailUrl\":\"https:\/\/wpguerssen-test.odoo.rgbconsulting.com\/wp-content\/uploads\/2023\/05\/43685.jpg\",\"datePublished\":\"2023-06-06T22:00:00+00:00\",\"dateModified\":\"2024-09-26T16:26:40+00:00\",\"description\":\"The fifth studio album by American blues singer and guitarist Robert Cray, Strong Persuaderwas recorded at the Los Angeles studios Sage & Sound and Haywood's under producers Bruce Bromberg and Dennis Walker.Released by Mercury Records and Hightone Records on November 17, 1986, it marked Cray's mainstream breakthrough and by 1995 it had sold over two million copies. The album was ranked #42 on Rolling Stones list of the 100 greatest albums of the '80s.\",\"breadcrumb\":{\"@id\":\"https:\/\/wpguerssen-test.odoo.rgbconsulting.com\/es\/producto\/strong-persuader\/#breadcrumb\"},\"inLanguage\":\"es\",\"potentialAction\":[{\"@type\":\"ReadAction\",\"target\":[\"https:\/\/wpguerssen-test.odoo.rgbconsulting.com\/es\/producto\/strong-persuader\/\"]}]},{\"@type\":\"ImageObject\",\"inLanguage\":\"es\",\"@id\":\"https:\/\/wpguerssen-test.odoo.rgbconsulting.com\/es\/producto\/strong-persuader\/#primaryimage\",\"url\":\"https:\/\/wpguerssen-test.odoo.rgbconsulting.com\/wp-content\/uploads\/2023\/05\/43685.jpg\",\"contentUrl\":\"https:\/\/wpguerssen-test.odoo.rgbconsulting.com\/wp-content\/uploads\/2023\/05\/43685.jpg\",\"width\":800,\"height\":800,\"caption\":\"Robert - Strong Persuader - MERCURY (LP) | Guerssen\"},{\"@type\":\"BreadcrumbList\",\"@id\":\"https:\/\/wpguerssen-test.odoo.rgbconsulting.com\/es\/producto\/strong-persuader\/#breadcrumb\",\"itemListElement\":[{\"@type\":\"ListItem\",\"position\":1,\"name\":\"Inicio\",\"item\":\"https:\/\/wpguerssen-test.odoo.rgbconsulting.com\/es\/\"},{\"@type\":\"ListItem\",\"position\":2,\"name\":\"Shop\",\"item\":\"https:\/\/wpguerssen-test.odoo.rgbconsulting.com\/shop\/\"},{\"@type\":\"ListItem\",\"position\":3,\"name\":\"Strong Persuader\"}]},{\"@type\":\"WebSite\",\"@id\":\"https:\/\/wpguerssen-test.odoo.rgbconsulting.com\/es\/#website\",\"url\":\"https:\/\/wpguerssen-test.odoo.rgbconsulting.com\/es\/\",\"name\":\"Guerssen records\",\"description\":\"psychedelia - progressive - folk - garage \",\"publisher\":{\"@id\":\"https:\/\/wpguerssen-test.odoo.rgbconsulting.com\/es\/#organization\"},\"potentialAction\":[{\"@type\":\"SearchAction\",\"target\":{\"@type\":\"EntryPoint\",\"urlTemplate\":\"https:\/\/wpguerssen-test.odoo.rgbconsulting.com\/es\/?s={search_term_string}\"},\"query-input\":{\"@type\":\"PropertyValueSpecification\",\"valueRequired\":true,\"valueName\":\"search_term_string\"}}],\"inLanguage\":\"es\"},{\"@type\":\"Organization\",\"@id\":\"https:\/\/wpguerssen-test.odoo.rgbconsulting.com\/es\/#organization\",\"name\":\"Guerssen records\",\"url\":\"https:\/\/wpguerssen-test.odoo.rgbconsulting.com\/es\/\",\"logo\":{\"@type\":\"ImageObject\",\"inLanguage\":\"es\",\"@id\":\"https:\/\/wpguerssen-test.odoo.rgbconsulting.com\/es\/#\/schema\/logo\/image\/\",\"url\":\"https:\/\/wpguerssen-test.odoo.rgbconsulting.com\/wp-content\/uploads\/2022\/04\/Logo_Guerssen_trans_100.png\",\"contentUrl\":\"https:\/\/wpguerssen-test.odoo.rgbconsulting.com\/wp-content\/uploads\/2022\/04\/Logo_Guerssen_trans_100.png\",\"width\":122,\"height\":100,\"caption\":\"Guerssen records\"},\"image\":{\"@id\":\"https:\/\/wpguerssen-test.odoo.rgbconsulting.com\/es\/#\/schema\/logo\/image\/\"}}]}<\/script>\n<!-- \/ Yoast SEO plugin. -->","yoast_head_json":{"title":"CRAY, Robert - Strong Persuader -  (LP) | Guerssen","description":"The fifth studio album by American blues singer and guitarist Robert Cray, Strong Persuaderwas recorded at the Los Angeles studios Sage & Sound and Haywood's under producers Bruce Bromberg and Dennis Walker.Released by Mercury Records and Hightone Records on November 17, 1986, it marked Cray's mainstream breakthrough and by 1995 it had sold over two million copies. The album was ranked #42 on Rolling Stones list of the 100 greatest albums of the '80s.","robots":{"index":"index","follow":"follow","max-snippet":"max-snippet:-1","max-image-preview":"max-image-preview:large","max-video-preview":"max-video-preview:-1"},"canonical":"https:\/\/wpguerssen-test.odoo.rgbconsulting.com\/es\/producto\/strong-persuader\/","og_locale":"es_ES","og_type":"article","og_title":"CRAY, Robert - Strong Persuader -  (LP) | Guerssen","og_description":"The fifth studio album by American blues singer and guitarist Robert Cray, Strong Persuaderwas recorded at the Los Angeles studios Sage & Sound and Haywood's under producers Bruce Bromberg and Dennis Walker.Released by Mercury Records and Hightone Records on November 17, 1986, it marked Cray's mainstream breakthrough and by 1995 it had sold over two million copies. The album was ranked #42 on Rolling Stones list of the 100 greatest albums of the '80s.","og_url":"https:\/\/wpguerssen-test.odoo.rgbconsulting.com\/es\/producto\/strong-persuader\/","og_site_name":"Guerssen records","article_modified_time":"2024-09-26T16:26:40+00:00","og_image":[{"width":800,"height":800,"url":"https:\/\/wpguerssen-test.odoo.rgbconsulting.com\/wp-content\/uploads\/2023\/05\/43685.jpg","type":"image\/jpeg"}],"twitter_card":"summary_large_image","twitter_title":"CRAY, Robert - Strong Persuader -  (LP) | Guerssen","schema":{"@context":"https:\/\/schema.org","@graph":[{"@type":"WebPage","@id":"https:\/\/wpguerssen-test.odoo.rgbconsulting.com\/es\/producto\/strong-persuader\/","url":"https:\/\/wpguerssen-test.odoo.rgbconsulting.com\/es\/producto\/strong-persuader\/","name":"CRAY, Robert - Strong Persuader - (LP) | Guerssen","isPartOf":{"@id":"https:\/\/wpguerssen-test.odoo.rgbconsulting.com\/es\/#website"},"primaryImageOfPage":{"@id":"https:\/\/wpguerssen-test.odoo.rgbconsulting.com\/es\/producto\/strong-persuader\/#primaryimage"},"image":{"@id":"https:\/\/wpguerssen-test.odoo.rgbconsulting.com\/es\/producto\/strong-persuader\/#primaryimage"},"thumbnailUrl":"https:\/\/wpguerssen-test.odoo.rgbconsulting.com\/wp-content\/uploads\/2023\/05\/43685.jpg","datePublished":"2023-06-06T22:00:00+00:00","dateModified":"2024-09-26T16:26:40+00:00","description":"The fifth studio album by American blues singer and guitarist Robert Cray, Strong Persuaderwas recorded at the Los Angeles studios Sage & Sound and Haywood's under producers Bruce Bromberg and Dennis Walker.Released by Mercury Records and Hightone Records on November 17, 1986, it marked Cray's mainstream breakthrough and by 1995 it had sold over two million copies. The album was ranked #42 on Rolling Stones list of the 100 greatest albums of the '80s.","breadcrumb":{"@id":"https:\/\/wpguerssen-test.odoo.rgbconsulting.com\/es\/producto\/strong-persuader\/#breadcrumb"},"inLanguage":"es","potentialAction":[{"@type":"ReadAction","target":["https:\/\/wpguerssen-test.odoo.rgbconsulting.com\/es\/producto\/strong-persuader\/"]}]},{"@type":"ImageObject","inLanguage":"es","@id":"https:\/\/wpguerssen-test.odoo.rgbconsulting.com\/es\/producto\/strong-persuader\/#primaryimage","url":"https:\/\/wpguerssen-test.odoo.rgbconsulting.com\/wp-content\/uploads\/2023\/05\/43685.jpg","contentUrl":"https:\/\/wpguerssen-test.odoo.rgbconsulting.com\/wp-content\/uploads\/2023\/05\/43685.jpg","width":800,"height":800,"caption":"Robert - Strong Persuader - MERCURY (LP) | Guerssen"},{"@type":"BreadcrumbList","@id":"https:\/\/wpguerssen-test.odoo.rgbconsulting.com\/es\/producto\/strong-persuader\/#breadcrumb","itemListElement":[{"@type":"ListItem","position":1,"name":"Inicio","item":"https:\/\/wpguerssen-test.odoo.rgbconsulting.com\/es\/"},{"@type":"ListItem","position":2,"name":"Shop","item":"https:\/\/wpguerssen-test.odoo.rgbconsulting.com\/shop\/"},{"@type":"ListItem","position":3,"name":"Strong Persuader"}]},{"@type":"WebSite","@id":"https:\/\/wpguerssen-test.odoo.rgbconsulting.com\/es\/#website","url":"https:\/\/wpguerssen-test.odoo.rgbconsulting.com\/es\/","name":"Guerssen records","description":"psychedelia - progressive - folk - garage ","publisher":{"@id":"https:\/\/wpguerssen-test.odoo.rgbconsulting.com\/es\/#organization"},"potentialAction":[{"@type":"SearchAction","target":{"@type":"EntryPoint","urlTemplate":"https:\/\/wpguerssen-test.odoo.rgbconsulting.com\/es\/?s={search_term_string}"},"query-input":{"@type":"PropertyValueSpecification","valueRequired":true,"valueName":"search_term_string"}}],"inLanguage":"es"},{"@type":"Organization","@id":"https:\/\/wpguerssen-test.odoo.rgbconsulting.com\/es\/#organization","name":"Guerssen records","url":"https:\/\/wpguerssen-test.odoo.rgbconsulting.com\/es\/","logo":{"@type":"ImageObject","inLanguage":"es","@id":"https:\/\/wpguerssen-test.odoo.rgbconsulting.com\/es\/#\/schema\/logo\/image\/","url":"https:\/\/wpguerssen-test.odoo.rgbconsulting.com\/wp-content\/uploads\/2022\/04\/Logo_Guerssen_trans_100.png","contentUrl":"https:\/\/wpguerssen-test.odoo.rgbconsulting.com\/wp-content\/uploads\/2022\/04\/Logo_Guerssen_trans_100.png","width":122,"height":100,"caption":"Guerssen records"},"image":{"@id":"https:\/\/wpguerssen-test.odoo.rgbconsulting.com\/es\/#\/schema\/logo\/image\/"}}]}},"_links":{"self":[{"href":"https:\/\/wpguerssen-test.odoo.rgbconsulting.com\/es\/wp-json\/wp\/v2\/product\/232817","targetHints":{"allow":["GET"]}}],"collection":[{"href":"https:\/\/wpguerssen-test.odoo.rgbconsulting.com\/es\/wp-json\/wp\/v2\/product"}],"about":[{"href":"https:\/\/wpguerssen-test.odoo.rgbconsulting.com\/es\/wp-json\/wp\/v2\/types\/product"}],"wp:featuredmedia":[{"embeddable":true,"href":"https:\/\/wpguerssen-test.odoo.rgbconsulting.com\/es\/wp-json\/wp\/v2\/media\/232785"}],"wp:attachment":[{"href":"https:\/\/wpguerssen-test.odoo.rgbconsulting.com\/es\/wp-json\/wp\/v2\/media?parent=232817"}],"wp:term":[{"taxonomy":"product_brand","embeddable":true,"href":"https:\/\/wpguerssen-test.odoo.rgbconsulting.com\/es\/wp-json\/wp\/v2\/product_brand?post=232817"},{"taxonomy":"product_cat","embeddable":true,"href":"https:\/\/wpguerssen-test.odoo.rgbconsulting.com\/es\/wp-json\/wp\/v2\/product_cat?post=232817"},{"taxonomy":"product_tag","embeddable":true,"href":"https:\/\/wpguerssen-test.odoo.rgbconsulting.com\/es\/wp-json\/wp\/v2\/product_tag?post=232817"}],"curies":[{"name":"wp","href":"https:\/\/api.w.org\/{rel}","templated":true}]}}