{"id":232820,"date":"2023-06-09T00:00:00","date_gmt":"2023-06-08T22:00:00","guid":{"rendered":"https:\/\/wpguerssen-test.odoo.rgbconsulting.com\/product\/war-on-45-40th-anniversary-reissue\/"},"modified":"2025-01-23T18:09:31","modified_gmt":"2025-01-23T17:09:31","slug":"war-on-45-40th-anniversary-reissue","status":"publish","type":"product","link":"https:\/\/wpguerssen-test.odoo.rgbconsulting.com\/es\/producto\/war-on-45-40th-anniversary-reissue\/","title":{"rendered":"War on 45 (40th Anniversary Reissue)"},"content":{"rendered":"<p>En 1982, D.O.A. estaba listo para grabar un nuevo \u00e1lbum despu\u00e9s de sus dos primeros alumnos: Something Better Change y Hardcore &#8217;81, que siguen siendo hitos musicales hasta el d\u00eda de hoy. Pero su formaci\u00f3n legendaria hab\u00eda cambiado, ya que Randy Rampage fue expulsado de la banda. El hermano mayor de Chuck Biscuits, Dimwit Biscuits, intervino en el bajo con Chuck todav\u00eda en la bater\u00eda, Joey Shithead en la voz y la guitarra y Dave Gregg en la guitarra. Si bien esta formaci\u00f3n solo dur\u00f3 tres meses, la banda viaj\u00f3 a Los \u00c1ngeles y grab\u00f3 demos en Mystic Studios. Finalmente, Chuck renunci\u00f3, Dimwit se hizo cargo de la bater\u00eda y Wimpy Roy se convirti\u00f3 en el bajista. Entonces, como una gran manera de celebrar el 40 aniversario de War On 45, que muchos cr\u00edticos y fan\u00e1ticos aclamaron como uno de los \u00e1lbumes m\u00e1s innovadores de su tiempo y a la par, en calidad, con sus dos primeros \u00e1lbumes. Sudden Death decidi\u00f3 agregar material extra. En primer lugar, ahora se incluye un folleto de 12 p\u00e1ginas con fotos \u00fanicas, carteles y una extensa historia de D.O.A. en ese momento, escrito por el padrino canadiense del punk Joey Shithead. Adem\u00e1s, las ocho pistas del lanzamiento de War On 45 1982 est\u00e1n en el lado A y siete pistas de las demostraciones anteriores a War On 45 que se grabaron en Mystic en el lado B. As\u00ed que uno tiene a los hermanos Montgomery: Biscuits y Dimwit, dos de los mejores bateristas de todos los tiempos en el mismo LP. Con todo, este \u00e1lbum golpear\u00e1 duro, de la manera en que D.O.A. siempre lo ha hecho y resume una de las mejores \u00e9pocas de estos pioneros del punk de renombre mundial.<\/p>\n","protected":false},"excerpt":{"rendered":"<p>En 1982, D.O.A. estaba listo para grabar un nuevo \u00e1lbum despu\u00e9s de sus dos primeros alumnos: Something Better Change y Hardcore &#8217;81, que siguen siendo hitos<a class=\"read\" href=\"https:\/\/wpguerssen-test.odoo.rgbconsulting.com\/es\/producto\/war-on-45-40th-anniversary-reissue\/\"> (...)<\/a>","protected":false},"featured_media":233207,"template":"","meta":{"_acf_changed":false},"product_brand":[],"product_cat":[21650],"product_tag":[],"class_list":{"0":"post-232820","1":"product","2":"type-product","3":"status-publish","4":"has-post-thumbnail","6":"product_cat-punk-es","7":"pa_artist-d-o-a","8":"pa_format-lp-es","9":"pa_gender-punk","10":"pa_label-pasazer","11":"pa_location-north-america-es","12":"pa_other-filters-vinyl-only-es","14":"first","15":"instock","16":"taxable","17":"shipping-taxable","18":"purchasable","19":"product-type-simple"},"acf":[],"yoast_head":"<!-- This site is optimized with the Yoast SEO plugin v24.9 - https:\/\/yoast.com\/wordpress\/plugins\/seo\/ -->\n<title>D.O.A. - War on 45 (40th Anniversary Reissue) -  (LP) | Guerssen<\/title>\n<meta name=\"description\" content=\"In 1982, D.O.A. was ready to record a new album on the heels of their first two alums: Something Better Change and Hardcore &#039;81, which are still both musical landmarks to this day. But their legendary line up had changed, as Randy Rampage was ousted from the band. Chuck Biscuits&#039; older brother Dimwit Biscuits stepped in on bass with Chuck still on drums, Joey Shithead on vocals and guitar and Dave Gregg on guitar. While this line up only lasted for three months, the band traveled to L.A. and recorded demos at Mystic Studios. Eventually Chuck quit, Dimwit took over on drums and Wimpy Roy became the bassist. So, as a grand way of celebrating the 40th Anniversary of War On 45, which many a critic and fan hailed as one of the most innovative albums of its time and on a par, quality wise with their first two albums. Sudden Death decided to add some bonus matterial. First off, now included is a 12-page booklet of unique photos, posters and an extensive history of D.O.A. at that time, written by Canada&#039;s godfather of punk Joey Shithead. Also, All eight tracks from the War On 45 1982 release are on side A and seven tracks from the pre-War On 45 demos that were recorded at Mystic onto Side B. So one has the Montgomery brothers: Biscuits and Dimwit, two of the greatest drummers of all time on the same LP. All in all, this album will hit one hard, the way D.O.A. always has and it sums up one the best eras of these world renowned punk pioneers.\" \/>\n<meta name=\"robots\" content=\"index, follow, max-snippet:-1, max-image-preview:large, max-video-preview:-1\" \/>\n<link rel=\"canonical\" href=\"https:\/\/wpguerssen-test.odoo.rgbconsulting.com\/es\/producto\/war-on-45-40th-anniversary-reissue\/\" \/>\n<meta property=\"og:locale\" content=\"es_ES\" \/>\n<meta property=\"og:type\" content=\"article\" \/>\n<meta property=\"og:title\" content=\"D.O.A. - War on 45 (40th Anniversary Reissue) -  (LP) | Guerssen\" \/>\n<meta property=\"og:description\" content=\"In 1982, D.O.A. was ready to record a new album on the heels of their first two alums: Something Better Change and Hardcore &#039;81, which are still both musical landmarks to this day. But their legendary line up had changed, as Randy Rampage was ousted from the band. Chuck Biscuits&#039; older brother Dimwit Biscuits stepped in on bass with Chuck still on drums, Joey Shithead on vocals and guitar and Dave Gregg on guitar. While this line up only lasted for three months, the band traveled to L.A. and recorded demos at Mystic Studios. Eventually Chuck quit, Dimwit took over on drums and Wimpy Roy became the bassist. So, as a grand way of celebrating the 40th Anniversary of War On 45, which many a critic and fan hailed as one of the most innovative albums of its time and on a par, quality wise with their first two albums. Sudden Death decided to add some bonus matterial. First off, now included is a 12-page booklet of unique photos, posters and an extensive history of D.O.A. at that time, written by Canada&#039;s godfather of punk Joey Shithead. Also, All eight tracks from the War On 45 1982 release are on side A and seven tracks from the pre-War On 45 demos that were recorded at Mystic onto Side B. So one has the Montgomery brothers: Biscuits and Dimwit, two of the greatest drummers of all time on the same LP. All in all, this album will hit one hard, the way D.O.A. always has and it sums up one the best eras of these world renowned punk pioneers.\" \/>\n<meta property=\"og:url\" content=\"https:\/\/wpguerssen-test.odoo.rgbconsulting.com\/es\/producto\/war-on-45-40th-anniversary-reissue\/\" \/>\n<meta property=\"og:site_name\" content=\"Guerssen records\" \/>\n<meta property=\"article:modified_time\" content=\"2025-01-23T17:09:31+00:00\" \/>\n<meta property=\"og:image\" content=\"https:\/\/wpguerssen-test.odoo.rgbconsulting.com\/wp-content\/uploads\/2023\/06\/43688.jpg\" \/>\n\t<meta property=\"og:image:width\" content=\"711\" \/>\n\t<meta property=\"og:image:height\" content=\"713\" \/>\n\t<meta property=\"og:image:type\" content=\"image\/jpeg\" \/>\n<meta name=\"twitter:card\" content=\"summary_large_image\" \/>\n<meta name=\"twitter:title\" content=\"D.O.A. - War on 45 (40th Anniversary Reissue) -  (LP) | Guerssen\" \/>\n<meta name=\"twitter:label1\" content=\"Tiempo de lectura\" \/>\n\t<meta name=\"twitter:data1\" content=\"2 minutos\" \/>\n<script type=\"application\/ld+json\" class=\"yoast-schema-graph\">{\"@context\":\"https:\/\/schema.org\",\"@graph\":[{\"@type\":\"WebPage\",\"@id\":\"https:\/\/wpguerssen-test.odoo.rgbconsulting.com\/es\/producto\/war-on-45-40th-anniversary-reissue\/\",\"url\":\"https:\/\/wpguerssen-test.odoo.rgbconsulting.com\/es\/producto\/war-on-45-40th-anniversary-reissue\/\",\"name\":\"D.O.A. - War on 45 (40th Anniversary Reissue) - (LP) | Guerssen\",\"isPartOf\":{\"@id\":\"https:\/\/wpguerssen-test.odoo.rgbconsulting.com\/es\/#website\"},\"primaryImageOfPage\":{\"@id\":\"https:\/\/wpguerssen-test.odoo.rgbconsulting.com\/es\/producto\/war-on-45-40th-anniversary-reissue\/#primaryimage\"},\"image\":{\"@id\":\"https:\/\/wpguerssen-test.odoo.rgbconsulting.com\/es\/producto\/war-on-45-40th-anniversary-reissue\/#primaryimage\"},\"thumbnailUrl\":\"https:\/\/wpguerssen-test.odoo.rgbconsulting.com\/wp-content\/uploads\/2023\/06\/43688.jpg\",\"datePublished\":\"2023-06-08T22:00:00+00:00\",\"dateModified\":\"2025-01-23T17:09:31+00:00\",\"description\":\"In 1982, D.O.A. was ready to record a new album on the heels of their first two alums: Something Better Change and Hardcore '81, which are still both musical landmarks to this day. But their legendary line up had changed, as Randy Rampage was ousted from the band. Chuck Biscuits' older brother Dimwit Biscuits stepped in on bass with Chuck still on drums, Joey Shithead on vocals and guitar and Dave Gregg on guitar. While this line up only lasted for three months, the band traveled to L.A. and recorded demos at Mystic Studios. Eventually Chuck quit, Dimwit took over on drums and Wimpy Roy became the bassist. So, as a grand way of celebrating the 40th Anniversary of War On 45, which many a critic and fan hailed as one of the most innovative albums of its time and on a par, quality wise with their first two albums. Sudden Death decided to add some bonus matterial. First off, now included is a 12-page booklet of unique photos, posters and an extensive history of D.O.A. at that time, written by Canada's godfather of punk Joey Shithead. Also, All eight tracks from the War On 45 1982 release are on side A and seven tracks from the pre-War On 45 demos that were recorded at Mystic onto Side B. So one has the Montgomery brothers: Biscuits and Dimwit, two of the greatest drummers of all time on the same LP. All in all, this album will hit one hard, the way D.O.A. always has and it sums up one the best eras of these world renowned punk pioneers.\",\"breadcrumb\":{\"@id\":\"https:\/\/wpguerssen-test.odoo.rgbconsulting.com\/es\/producto\/war-on-45-40th-anniversary-reissue\/#breadcrumb\"},\"inLanguage\":\"es\",\"potentialAction\":[{\"@type\":\"ReadAction\",\"target\":[\"https:\/\/wpguerssen-test.odoo.rgbconsulting.com\/es\/producto\/war-on-45-40th-anniversary-reissue\/\"]}]},{\"@type\":\"ImageObject\",\"inLanguage\":\"es\",\"@id\":\"https:\/\/wpguerssen-test.odoo.rgbconsulting.com\/es\/producto\/war-on-45-40th-anniversary-reissue\/#primaryimage\",\"url\":\"https:\/\/wpguerssen-test.odoo.rgbconsulting.com\/wp-content\/uploads\/2023\/06\/43688.jpg\",\"contentUrl\":\"https:\/\/wpguerssen-test.odoo.rgbconsulting.com\/wp-content\/uploads\/2023\/06\/43688.jpg\",\"width\":711,\"height\":713},{\"@type\":\"BreadcrumbList\",\"@id\":\"https:\/\/wpguerssen-test.odoo.rgbconsulting.com\/es\/producto\/war-on-45-40th-anniversary-reissue\/#breadcrumb\",\"itemListElement\":[{\"@type\":\"ListItem\",\"position\":1,\"name\":\"Inicio\",\"item\":\"https:\/\/wpguerssen-test.odoo.rgbconsulting.com\/es\/\"},{\"@type\":\"ListItem\",\"position\":2,\"name\":\"Shop\",\"item\":\"https:\/\/wpguerssen-test.odoo.rgbconsulting.com\/shop\/\"},{\"@type\":\"ListItem\",\"position\":3,\"name\":\"War on 45 (40th Anniversary Reissue)\"}]},{\"@type\":\"WebSite\",\"@id\":\"https:\/\/wpguerssen-test.odoo.rgbconsulting.com\/es\/#website\",\"url\":\"https:\/\/wpguerssen-test.odoo.rgbconsulting.com\/es\/\",\"name\":\"Guerssen records\",\"description\":\"psychedelia - progressive - folk - garage \",\"publisher\":{\"@id\":\"https:\/\/wpguerssen-test.odoo.rgbconsulting.com\/es\/#organization\"},\"potentialAction\":[{\"@type\":\"SearchAction\",\"target\":{\"@type\":\"EntryPoint\",\"urlTemplate\":\"https:\/\/wpguerssen-test.odoo.rgbconsulting.com\/es\/?s={search_term_string}\"},\"query-input\":{\"@type\":\"PropertyValueSpecification\",\"valueRequired\":true,\"valueName\":\"search_term_string\"}}],\"inLanguage\":\"es\"},{\"@type\":\"Organization\",\"@id\":\"https:\/\/wpguerssen-test.odoo.rgbconsulting.com\/es\/#organization\",\"name\":\"Guerssen records\",\"url\":\"https:\/\/wpguerssen-test.odoo.rgbconsulting.com\/es\/\",\"logo\":{\"@type\":\"ImageObject\",\"inLanguage\":\"es\",\"@id\":\"https:\/\/wpguerssen-test.odoo.rgbconsulting.com\/es\/#\/schema\/logo\/image\/\",\"url\":\"https:\/\/wpguerssen-test.odoo.rgbconsulting.com\/wp-content\/uploads\/2022\/04\/Logo_Guerssen_trans_100.png\",\"contentUrl\":\"https:\/\/wpguerssen-test.odoo.rgbconsulting.com\/wp-content\/uploads\/2022\/04\/Logo_Guerssen_trans_100.png\",\"width\":122,\"height\":100,\"caption\":\"Guerssen records\"},\"image\":{\"@id\":\"https:\/\/wpguerssen-test.odoo.rgbconsulting.com\/es\/#\/schema\/logo\/image\/\"}}]}<\/script>\n<!-- \/ Yoast SEO plugin. -->","yoast_head_json":{"title":"D.O.A. - War on 45 (40th Anniversary Reissue) -  (LP) | Guerssen","description":"In 1982, D.O.A. was ready to record a new album on the heels of their first two alums: Something Better Change and Hardcore '81, which are still both musical landmarks to this day. But their legendary line up had changed, as Randy Rampage was ousted from the band. Chuck Biscuits' older brother Dimwit Biscuits stepped in on bass with Chuck still on drums, Joey Shithead on vocals and guitar and Dave Gregg on guitar. While this line up only lasted for three months, the band traveled to L.A. and recorded demos at Mystic Studios. Eventually Chuck quit, Dimwit took over on drums and Wimpy Roy became the bassist. So, as a grand way of celebrating the 40th Anniversary of War On 45, which many a critic and fan hailed as one of the most innovative albums of its time and on a par, quality wise with their first two albums. Sudden Death decided to add some bonus matterial. First off, now included is a 12-page booklet of unique photos, posters and an extensive history of D.O.A. at that time, written by Canada's godfather of punk Joey Shithead. Also, All eight tracks from the War On 45 1982 release are on side A and seven tracks from the pre-War On 45 demos that were recorded at Mystic onto Side B. So one has the Montgomery brothers: Biscuits and Dimwit, two of the greatest drummers of all time on the same LP. All in all, this album will hit one hard, the way D.O.A. always has and it sums up one the best eras of these world renowned punk pioneers.","robots":{"index":"index","follow":"follow","max-snippet":"max-snippet:-1","max-image-preview":"max-image-preview:large","max-video-preview":"max-video-preview:-1"},"canonical":"https:\/\/wpguerssen-test.odoo.rgbconsulting.com\/es\/producto\/war-on-45-40th-anniversary-reissue\/","og_locale":"es_ES","og_type":"article","og_title":"D.O.A. - War on 45 (40th Anniversary Reissue) -  (LP) | Guerssen","og_description":"In 1982, D.O.A. was ready to record a new album on the heels of their first two alums: Something Better Change and Hardcore '81, which are still both musical landmarks to this day. But their legendary line up had changed, as Randy Rampage was ousted from the band. Chuck Biscuits' older brother Dimwit Biscuits stepped in on bass with Chuck still on drums, Joey Shithead on vocals and guitar and Dave Gregg on guitar. While this line up only lasted for three months, the band traveled to L.A. and recorded demos at Mystic Studios. Eventually Chuck quit, Dimwit took over on drums and Wimpy Roy became the bassist. So, as a grand way of celebrating the 40th Anniversary of War On 45, which many a critic and fan hailed as one of the most innovative albums of its time and on a par, quality wise with their first two albums. Sudden Death decided to add some bonus matterial. First off, now included is a 12-page booklet of unique photos, posters and an extensive history of D.O.A. at that time, written by Canada's godfather of punk Joey Shithead. Also, All eight tracks from the War On 45 1982 release are on side A and seven tracks from the pre-War On 45 demos that were recorded at Mystic onto Side B. So one has the Montgomery brothers: Biscuits and Dimwit, two of the greatest drummers of all time on the same LP. All in all, this album will hit one hard, the way D.O.A. always has and it sums up one the best eras of these world renowned punk pioneers.","og_url":"https:\/\/wpguerssen-test.odoo.rgbconsulting.com\/es\/producto\/war-on-45-40th-anniversary-reissue\/","og_site_name":"Guerssen records","article_modified_time":"2025-01-23T17:09:31+00:00","og_image":[{"width":711,"height":713,"url":"https:\/\/wpguerssen-test.odoo.rgbconsulting.com\/wp-content\/uploads\/2023\/06\/43688.jpg","type":"image\/jpeg"}],"twitter_card":"summary_large_image","twitter_title":"D.O.A. - War on 45 (40th Anniversary Reissue) -  (LP) | Guerssen","twitter_misc":{"Tiempo de lectura":"2 minutos"},"schema":{"@context":"https:\/\/schema.org","@graph":[{"@type":"WebPage","@id":"https:\/\/wpguerssen-test.odoo.rgbconsulting.com\/es\/producto\/war-on-45-40th-anniversary-reissue\/","url":"https:\/\/wpguerssen-test.odoo.rgbconsulting.com\/es\/producto\/war-on-45-40th-anniversary-reissue\/","name":"D.O.A. - War on 45 (40th Anniversary Reissue) - (LP) | Guerssen","isPartOf":{"@id":"https:\/\/wpguerssen-test.odoo.rgbconsulting.com\/es\/#website"},"primaryImageOfPage":{"@id":"https:\/\/wpguerssen-test.odoo.rgbconsulting.com\/es\/producto\/war-on-45-40th-anniversary-reissue\/#primaryimage"},"image":{"@id":"https:\/\/wpguerssen-test.odoo.rgbconsulting.com\/es\/producto\/war-on-45-40th-anniversary-reissue\/#primaryimage"},"thumbnailUrl":"https:\/\/wpguerssen-test.odoo.rgbconsulting.com\/wp-content\/uploads\/2023\/06\/43688.jpg","datePublished":"2023-06-08T22:00:00+00:00","dateModified":"2025-01-23T17:09:31+00:00","description":"In 1982, D.O.A. was ready to record a new album on the heels of their first two alums: Something Better Change and Hardcore '81, which are still both musical landmarks to this day. But their legendary line up had changed, as Randy Rampage was ousted from the band. Chuck Biscuits' older brother Dimwit Biscuits stepped in on bass with Chuck still on drums, Joey Shithead on vocals and guitar and Dave Gregg on guitar. While this line up only lasted for three months, the band traveled to L.A. and recorded demos at Mystic Studios. Eventually Chuck quit, Dimwit took over on drums and Wimpy Roy became the bassist. So, as a grand way of celebrating the 40th Anniversary of War On 45, which many a critic and fan hailed as one of the most innovative albums of its time and on a par, quality wise with their first two albums. Sudden Death decided to add some bonus matterial. First off, now included is a 12-page booklet of unique photos, posters and an extensive history of D.O.A. at that time, written by Canada's godfather of punk Joey Shithead. Also, All eight tracks from the War On 45 1982 release are on side A and seven tracks from the pre-War On 45 demos that were recorded at Mystic onto Side B. So one has the Montgomery brothers: Biscuits and Dimwit, two of the greatest drummers of all time on the same LP. All in all, this album will hit one hard, the way D.O.A. always has and it sums up one the best eras of these world renowned punk pioneers.","breadcrumb":{"@id":"https:\/\/wpguerssen-test.odoo.rgbconsulting.com\/es\/producto\/war-on-45-40th-anniversary-reissue\/#breadcrumb"},"inLanguage":"es","potentialAction":[{"@type":"ReadAction","target":["https:\/\/wpguerssen-test.odoo.rgbconsulting.com\/es\/producto\/war-on-45-40th-anniversary-reissue\/"]}]},{"@type":"ImageObject","inLanguage":"es","@id":"https:\/\/wpguerssen-test.odoo.rgbconsulting.com\/es\/producto\/war-on-45-40th-anniversary-reissue\/#primaryimage","url":"https:\/\/wpguerssen-test.odoo.rgbconsulting.com\/wp-content\/uploads\/2023\/06\/43688.jpg","contentUrl":"https:\/\/wpguerssen-test.odoo.rgbconsulting.com\/wp-content\/uploads\/2023\/06\/43688.jpg","width":711,"height":713},{"@type":"BreadcrumbList","@id":"https:\/\/wpguerssen-test.odoo.rgbconsulting.com\/es\/producto\/war-on-45-40th-anniversary-reissue\/#breadcrumb","itemListElement":[{"@type":"ListItem","position":1,"name":"Inicio","item":"https:\/\/wpguerssen-test.odoo.rgbconsulting.com\/es\/"},{"@type":"ListItem","position":2,"name":"Shop","item":"https:\/\/wpguerssen-test.odoo.rgbconsulting.com\/shop\/"},{"@type":"ListItem","position":3,"name":"War on 45 (40th Anniversary Reissue)"}]},{"@type":"WebSite","@id":"https:\/\/wpguerssen-test.odoo.rgbconsulting.com\/es\/#website","url":"https:\/\/wpguerssen-test.odoo.rgbconsulting.com\/es\/","name":"Guerssen records","description":"psychedelia - progressive - folk - garage ","publisher":{"@id":"https:\/\/wpguerssen-test.odoo.rgbconsulting.com\/es\/#organization"},"potentialAction":[{"@type":"SearchAction","target":{"@type":"EntryPoint","urlTemplate":"https:\/\/wpguerssen-test.odoo.rgbconsulting.com\/es\/?s={search_term_string}"},"query-input":{"@type":"PropertyValueSpecification","valueRequired":true,"valueName":"search_term_string"}}],"inLanguage":"es"},{"@type":"Organization","@id":"https:\/\/wpguerssen-test.odoo.rgbconsulting.com\/es\/#organization","name":"Guerssen records","url":"https:\/\/wpguerssen-test.odoo.rgbconsulting.com\/es\/","logo":{"@type":"ImageObject","inLanguage":"es","@id":"https:\/\/wpguerssen-test.odoo.rgbconsulting.com\/es\/#\/schema\/logo\/image\/","url":"https:\/\/wpguerssen-test.odoo.rgbconsulting.com\/wp-content\/uploads\/2022\/04\/Logo_Guerssen_trans_100.png","contentUrl":"https:\/\/wpguerssen-test.odoo.rgbconsulting.com\/wp-content\/uploads\/2022\/04\/Logo_Guerssen_trans_100.png","width":122,"height":100,"caption":"Guerssen records"},"image":{"@id":"https:\/\/wpguerssen-test.odoo.rgbconsulting.com\/es\/#\/schema\/logo\/image\/"}}]}},"_links":{"self":[{"href":"https:\/\/wpguerssen-test.odoo.rgbconsulting.com\/es\/wp-json\/wp\/v2\/product\/232820","targetHints":{"allow":["GET"]}}],"collection":[{"href":"https:\/\/wpguerssen-test.odoo.rgbconsulting.com\/es\/wp-json\/wp\/v2\/product"}],"about":[{"href":"https:\/\/wpguerssen-test.odoo.rgbconsulting.com\/es\/wp-json\/wp\/v2\/types\/product"}],"wp:featuredmedia":[{"embeddable":true,"href":"https:\/\/wpguerssen-test.odoo.rgbconsulting.com\/es\/wp-json\/wp\/v2\/media\/233207"}],"wp:attachment":[{"href":"https:\/\/wpguerssen-test.odoo.rgbconsulting.com\/es\/wp-json\/wp\/v2\/media?parent=232820"}],"wp:term":[{"taxonomy":"product_brand","embeddable":true,"href":"https:\/\/wpguerssen-test.odoo.rgbconsulting.com\/es\/wp-json\/wp\/v2\/product_brand?post=232820"},{"taxonomy":"product_cat","embeddable":true,"href":"https:\/\/wpguerssen-test.odoo.rgbconsulting.com\/es\/wp-json\/wp\/v2\/product_cat?post=232820"},{"taxonomy":"product_tag","embeddable":true,"href":"https:\/\/wpguerssen-test.odoo.rgbconsulting.com\/es\/wp-json\/wp\/v2\/product_tag?post=232820"}],"curies":[{"name":"wp","href":"https:\/\/api.w.org\/{rel}","templated":true}]}}