{"id":232823,"date":"2023-06-09T00:00:00","date_gmt":"2023-06-08T22:00:00","guid":{"rendered":"https:\/\/wpguerssen-test.odoo.rgbconsulting.com\/product\/live-in-san-francisco-late-1969\/"},"modified":"2024-12-16T17:49:52","modified_gmt":"2024-12-16T16:49:52","slug":"live-in-san-francisco-late-1969","status":"publish","type":"product","link":"https:\/\/wpguerssen-test.odoo.rgbconsulting.com\/es\/producto\/live-in-san-francisco-late-1969\/","title":{"rendered":"Live In San Francisco Late 1969"},"content":{"rendered":"<p>El enfoque poco ortodoxo de la guitarra de Sandy Bull fue tan \u00fanico como sus circunstancias personales. Hijo de la arpista de jazz Daphne Hellman y hermano de la sitarista Daisy Paradis, Bull se convirti\u00f3 en parte del floreciente circuito folcl\u00f3rico de Greenwich Village. Tras mudarse a San Francisco en 1963, comparti\u00f3 un apartamento con el maestro nubio del la\u00fad, Hamza El Din, lo que tuvo un efecto profundo en su forma de tocar, lo que estimul\u00f3 los primeros experimentos de m\u00fasicas del mundo. El in\u00e9dito Live In San Francisco presenta el blues el\u00e9ctrico &#8216;Memphis, Tennessee&#8217; e &#8216;Instrumental Blues&#8217;, adem\u00e1s del resumen &#8216;Untitled Instrumental&#8217; y &#8216;Solo Experimental&#8217;, todos bocados cl\u00e1sicos de la magia de Bull.<\/p>\n","protected":false},"excerpt":{"rendered":"<p>El enfoque poco ortodoxo de la guitarra de Sandy Bull fue tan \u00fanico como sus circunstancias personales. Hijo de la arpista de jazz Daphne Hellman y hermano de la<a class=\"read\" href=\"https:\/\/wpguerssen-test.odoo.rgbconsulting.com\/es\/producto\/live-in-san-francisco-late-1969\/\"> (...)<\/a>","protected":false},"featured_media":233562,"template":"","meta":{"_acf_changed":false},"product_brand":[],"product_cat":[23271],"product_tag":[24190],"class_list":{"0":"post-232823","1":"product","2":"type-product","3":"status-publish","4":"has-post-thumbnail","6":"product_cat-folk-60s-70s-es","7":"product_tag-sales-es","8":"pa_artist-bull-sandy","9":"pa_format-lp-es","10":"pa_gender-folk-60s-70s","11":"pa_label-trading-places","12":"pa_location-north-america-es","13":"pa_other-filters-vinyl-only-es","15":"first","16":"instock","17":"taxable","18":"shipping-taxable","19":"purchasable","20":"product-type-simple"},"acf":[],"yoast_head":"<!-- This site is optimized with the Yoast SEO plugin v24.9 - https:\/\/yoast.com\/wordpress\/plugins\/seo\/ -->\n<title>BULL, Sandy - Live In San Francisco Late 1969 -  (LP) | Guerssen<\/title>\n<meta name=\"description\" content=\"Sandy Bull&#039;s unorthodox approach to guitar was as unique as his personal circumstances. Son of jazz harpist Daphne Hellman and brother to the sitarist Daisy Paradis, Bull became part of the bourgeoning Greenwich Village folk circuit. A move to San Francisco in 1963 found him sharing an apartment with Nubian oud master, Hamza El Din, which had a profound effect on his playing, spurring early world music experiments. The previously unreleased Live In San Francisco features bluesy electric &#039;Memphis, Tennessee&#039; and &#039;Instrumental Blues,&#039; plus the abstract &#039;Untitled Instrumental&#039; and &#039;Solo Experimental,&#039; all classic morsels of Bull wizardry.\" \/>\n<meta name=\"robots\" content=\"index, follow, max-snippet:-1, max-image-preview:large, max-video-preview:-1\" \/>\n<link rel=\"canonical\" href=\"https:\/\/wpguerssen-test.odoo.rgbconsulting.com\/es\/producto\/live-in-san-francisco-late-1969\/\" \/>\n<meta property=\"og:locale\" content=\"es_ES\" \/>\n<meta property=\"og:type\" content=\"article\" \/>\n<meta property=\"og:title\" content=\"BULL, Sandy - Live In San Francisco Late 1969 -  (LP) | Guerssen\" \/>\n<meta property=\"og:description\" content=\"Sandy Bull&#039;s unorthodox approach to guitar was as unique as his personal circumstances. Son of jazz harpist Daphne Hellman and brother to the sitarist Daisy Paradis, Bull became part of the bourgeoning Greenwich Village folk circuit. A move to San Francisco in 1963 found him sharing an apartment with Nubian oud master, Hamza El Din, which had a profound effect on his playing, spurring early world music experiments. The previously unreleased Live In San Francisco features bluesy electric &#039;Memphis, Tennessee&#039; and &#039;Instrumental Blues,&#039; plus the abstract &#039;Untitled Instrumental&#039; and &#039;Solo Experimental,&#039; all classic morsels of Bull wizardry.\" \/>\n<meta property=\"og:url\" content=\"https:\/\/wpguerssen-test.odoo.rgbconsulting.com\/es\/producto\/live-in-san-francisco-late-1969\/\" \/>\n<meta property=\"og:site_name\" content=\"Guerssen records\" \/>\n<meta property=\"article:modified_time\" content=\"2024-12-16T16:49:52+00:00\" \/>\n<meta property=\"og:image\" content=\"https:\/\/wpguerssen-test.odoo.rgbconsulting.com\/wp-content\/uploads\/2023\/06\/43691.jpg\" \/>\n\t<meta property=\"og:image:width\" content=\"945\" \/>\n\t<meta property=\"og:image:height\" content=\"947\" \/>\n\t<meta property=\"og:image:type\" content=\"image\/jpeg\" \/>\n<meta name=\"twitter:card\" content=\"summary_large_image\" \/>\n<meta name=\"twitter:title\" content=\"BULL, Sandy - Live In San Francisco Late 1969 -  (LP) | Guerssen\" \/>\n<meta name=\"twitter:label1\" content=\"Tiempo de lectura\" \/>\n\t<meta name=\"twitter:data1\" content=\"1 minuto\" \/>\n<script type=\"application\/ld+json\" class=\"yoast-schema-graph\">{\"@context\":\"https:\/\/schema.org\",\"@graph\":[{\"@type\":\"WebPage\",\"@id\":\"https:\/\/wpguerssen-test.odoo.rgbconsulting.com\/es\/producto\/live-in-san-francisco-late-1969\/\",\"url\":\"https:\/\/wpguerssen-test.odoo.rgbconsulting.com\/es\/producto\/live-in-san-francisco-late-1969\/\",\"name\":\"BULL, Sandy - Live In San Francisco Late 1969 - (LP) | Guerssen\",\"isPartOf\":{\"@id\":\"https:\/\/wpguerssen-test.odoo.rgbconsulting.com\/es\/#website\"},\"primaryImageOfPage\":{\"@id\":\"https:\/\/wpguerssen-test.odoo.rgbconsulting.com\/es\/producto\/live-in-san-francisco-late-1969\/#primaryimage\"},\"image\":{\"@id\":\"https:\/\/wpguerssen-test.odoo.rgbconsulting.com\/es\/producto\/live-in-san-francisco-late-1969\/#primaryimage\"},\"thumbnailUrl\":\"https:\/\/wpguerssen-test.odoo.rgbconsulting.com\/wp-content\/uploads\/2023\/06\/43691.jpg\",\"datePublished\":\"2023-06-08T22:00:00+00:00\",\"dateModified\":\"2024-12-16T16:49:52+00:00\",\"description\":\"Sandy Bull's unorthodox approach to guitar was as unique as his personal circumstances. Son of jazz harpist Daphne Hellman and brother to the sitarist Daisy Paradis, Bull became part of the bourgeoning Greenwich Village folk circuit. A move to San Francisco in 1963 found him sharing an apartment with Nubian oud master, Hamza El Din, which had a profound effect on his playing, spurring early world music experiments. The previously unreleased Live In San Francisco features bluesy electric 'Memphis, Tennessee' and 'Instrumental Blues,' plus the abstract 'Untitled Instrumental' and 'Solo Experimental,' all classic morsels of Bull wizardry.\",\"breadcrumb\":{\"@id\":\"https:\/\/wpguerssen-test.odoo.rgbconsulting.com\/es\/producto\/live-in-san-francisco-late-1969\/#breadcrumb\"},\"inLanguage\":\"es\",\"potentialAction\":[{\"@type\":\"ReadAction\",\"target\":[\"https:\/\/wpguerssen-test.odoo.rgbconsulting.com\/es\/producto\/live-in-san-francisco-late-1969\/\"]}]},{\"@type\":\"ImageObject\",\"inLanguage\":\"es\",\"@id\":\"https:\/\/wpguerssen-test.odoo.rgbconsulting.com\/es\/producto\/live-in-san-francisco-late-1969\/#primaryimage\",\"url\":\"https:\/\/wpguerssen-test.odoo.rgbconsulting.com\/wp-content\/uploads\/2023\/06\/43691.jpg\",\"contentUrl\":\"https:\/\/wpguerssen-test.odoo.rgbconsulting.com\/wp-content\/uploads\/2023\/06\/43691.jpg\",\"width\":945,\"height\":947,\"caption\":\"Sandy - Live In San Francisco Late 1969 - TRADING PLACES (LP) | Guerssen\"},{\"@type\":\"BreadcrumbList\",\"@id\":\"https:\/\/wpguerssen-test.odoo.rgbconsulting.com\/es\/producto\/live-in-san-francisco-late-1969\/#breadcrumb\",\"itemListElement\":[{\"@type\":\"ListItem\",\"position\":1,\"name\":\"Inicio\",\"item\":\"https:\/\/wpguerssen-test.odoo.rgbconsulting.com\/es\/\"},{\"@type\":\"ListItem\",\"position\":2,\"name\":\"Shop\",\"item\":\"https:\/\/wpguerssen-test.odoo.rgbconsulting.com\/shop\/\"},{\"@type\":\"ListItem\",\"position\":3,\"name\":\"Live In San Francisco Late 1969\"}]},{\"@type\":\"WebSite\",\"@id\":\"https:\/\/wpguerssen-test.odoo.rgbconsulting.com\/es\/#website\",\"url\":\"https:\/\/wpguerssen-test.odoo.rgbconsulting.com\/es\/\",\"name\":\"Guerssen records\",\"description\":\"psychedelia - progressive - folk - garage \",\"publisher\":{\"@id\":\"https:\/\/wpguerssen-test.odoo.rgbconsulting.com\/es\/#organization\"},\"potentialAction\":[{\"@type\":\"SearchAction\",\"target\":{\"@type\":\"EntryPoint\",\"urlTemplate\":\"https:\/\/wpguerssen-test.odoo.rgbconsulting.com\/es\/?s={search_term_string}\"},\"query-input\":{\"@type\":\"PropertyValueSpecification\",\"valueRequired\":true,\"valueName\":\"search_term_string\"}}],\"inLanguage\":\"es\"},{\"@type\":\"Organization\",\"@id\":\"https:\/\/wpguerssen-test.odoo.rgbconsulting.com\/es\/#organization\",\"name\":\"Guerssen records\",\"url\":\"https:\/\/wpguerssen-test.odoo.rgbconsulting.com\/es\/\",\"logo\":{\"@type\":\"ImageObject\",\"inLanguage\":\"es\",\"@id\":\"https:\/\/wpguerssen-test.odoo.rgbconsulting.com\/es\/#\/schema\/logo\/image\/\",\"url\":\"https:\/\/wpguerssen-test.odoo.rgbconsulting.com\/wp-content\/uploads\/2022\/04\/Logo_Guerssen_trans_100.png\",\"contentUrl\":\"https:\/\/wpguerssen-test.odoo.rgbconsulting.com\/wp-content\/uploads\/2022\/04\/Logo_Guerssen_trans_100.png\",\"width\":122,\"height\":100,\"caption\":\"Guerssen records\"},\"image\":{\"@id\":\"https:\/\/wpguerssen-test.odoo.rgbconsulting.com\/es\/#\/schema\/logo\/image\/\"}}]}<\/script>\n<!-- \/ Yoast SEO plugin. -->","yoast_head_json":{"title":"BULL, Sandy - Live In San Francisco Late 1969 -  (LP) | Guerssen","description":"Sandy Bull's unorthodox approach to guitar was as unique as his personal circumstances. Son of jazz harpist Daphne Hellman and brother to the sitarist Daisy Paradis, Bull became part of the bourgeoning Greenwich Village folk circuit. A move to San Francisco in 1963 found him sharing an apartment with Nubian oud master, Hamza El Din, which had a profound effect on his playing, spurring early world music experiments. The previously unreleased Live In San Francisco features bluesy electric 'Memphis, Tennessee' and 'Instrumental Blues,' plus the abstract 'Untitled Instrumental' and 'Solo Experimental,' all classic morsels of Bull wizardry.","robots":{"index":"index","follow":"follow","max-snippet":"max-snippet:-1","max-image-preview":"max-image-preview:large","max-video-preview":"max-video-preview:-1"},"canonical":"https:\/\/wpguerssen-test.odoo.rgbconsulting.com\/es\/producto\/live-in-san-francisco-late-1969\/","og_locale":"es_ES","og_type":"article","og_title":"BULL, Sandy - Live In San Francisco Late 1969 -  (LP) | Guerssen","og_description":"Sandy Bull's unorthodox approach to guitar was as unique as his personal circumstances. Son of jazz harpist Daphne Hellman and brother to the sitarist Daisy Paradis, Bull became part of the bourgeoning Greenwich Village folk circuit. A move to San Francisco in 1963 found him sharing an apartment with Nubian oud master, Hamza El Din, which had a profound effect on his playing, spurring early world music experiments. The previously unreleased Live In San Francisco features bluesy electric 'Memphis, Tennessee' and 'Instrumental Blues,' plus the abstract 'Untitled Instrumental' and 'Solo Experimental,' all classic morsels of Bull wizardry.","og_url":"https:\/\/wpguerssen-test.odoo.rgbconsulting.com\/es\/producto\/live-in-san-francisco-late-1969\/","og_site_name":"Guerssen records","article_modified_time":"2024-12-16T16:49:52+00:00","og_image":[{"width":945,"height":947,"url":"https:\/\/wpguerssen-test.odoo.rgbconsulting.com\/wp-content\/uploads\/2023\/06\/43691.jpg","type":"image\/jpeg"}],"twitter_card":"summary_large_image","twitter_title":"BULL, Sandy - Live In San Francisco Late 1969 -  (LP) | Guerssen","twitter_misc":{"Tiempo de lectura":"1 minuto"},"schema":{"@context":"https:\/\/schema.org","@graph":[{"@type":"WebPage","@id":"https:\/\/wpguerssen-test.odoo.rgbconsulting.com\/es\/producto\/live-in-san-francisco-late-1969\/","url":"https:\/\/wpguerssen-test.odoo.rgbconsulting.com\/es\/producto\/live-in-san-francisco-late-1969\/","name":"BULL, Sandy - Live In San Francisco Late 1969 - (LP) | Guerssen","isPartOf":{"@id":"https:\/\/wpguerssen-test.odoo.rgbconsulting.com\/es\/#website"},"primaryImageOfPage":{"@id":"https:\/\/wpguerssen-test.odoo.rgbconsulting.com\/es\/producto\/live-in-san-francisco-late-1969\/#primaryimage"},"image":{"@id":"https:\/\/wpguerssen-test.odoo.rgbconsulting.com\/es\/producto\/live-in-san-francisco-late-1969\/#primaryimage"},"thumbnailUrl":"https:\/\/wpguerssen-test.odoo.rgbconsulting.com\/wp-content\/uploads\/2023\/06\/43691.jpg","datePublished":"2023-06-08T22:00:00+00:00","dateModified":"2024-12-16T16:49:52+00:00","description":"Sandy Bull's unorthodox approach to guitar was as unique as his personal circumstances. Son of jazz harpist Daphne Hellman and brother to the sitarist Daisy Paradis, Bull became part of the bourgeoning Greenwich Village folk circuit. A move to San Francisco in 1963 found him sharing an apartment with Nubian oud master, Hamza El Din, which had a profound effect on his playing, spurring early world music experiments. The previously unreleased Live In San Francisco features bluesy electric 'Memphis, Tennessee' and 'Instrumental Blues,' plus the abstract 'Untitled Instrumental' and 'Solo Experimental,' all classic morsels of Bull wizardry.","breadcrumb":{"@id":"https:\/\/wpguerssen-test.odoo.rgbconsulting.com\/es\/producto\/live-in-san-francisco-late-1969\/#breadcrumb"},"inLanguage":"es","potentialAction":[{"@type":"ReadAction","target":["https:\/\/wpguerssen-test.odoo.rgbconsulting.com\/es\/producto\/live-in-san-francisco-late-1969\/"]}]},{"@type":"ImageObject","inLanguage":"es","@id":"https:\/\/wpguerssen-test.odoo.rgbconsulting.com\/es\/producto\/live-in-san-francisco-late-1969\/#primaryimage","url":"https:\/\/wpguerssen-test.odoo.rgbconsulting.com\/wp-content\/uploads\/2023\/06\/43691.jpg","contentUrl":"https:\/\/wpguerssen-test.odoo.rgbconsulting.com\/wp-content\/uploads\/2023\/06\/43691.jpg","width":945,"height":947,"caption":"Sandy - Live In San Francisco Late 1969 - TRADING PLACES (LP) | Guerssen"},{"@type":"BreadcrumbList","@id":"https:\/\/wpguerssen-test.odoo.rgbconsulting.com\/es\/producto\/live-in-san-francisco-late-1969\/#breadcrumb","itemListElement":[{"@type":"ListItem","position":1,"name":"Inicio","item":"https:\/\/wpguerssen-test.odoo.rgbconsulting.com\/es\/"},{"@type":"ListItem","position":2,"name":"Shop","item":"https:\/\/wpguerssen-test.odoo.rgbconsulting.com\/shop\/"},{"@type":"ListItem","position":3,"name":"Live In San Francisco Late 1969"}]},{"@type":"WebSite","@id":"https:\/\/wpguerssen-test.odoo.rgbconsulting.com\/es\/#website","url":"https:\/\/wpguerssen-test.odoo.rgbconsulting.com\/es\/","name":"Guerssen records","description":"psychedelia - progressive - folk - garage ","publisher":{"@id":"https:\/\/wpguerssen-test.odoo.rgbconsulting.com\/es\/#organization"},"potentialAction":[{"@type":"SearchAction","target":{"@type":"EntryPoint","urlTemplate":"https:\/\/wpguerssen-test.odoo.rgbconsulting.com\/es\/?s={search_term_string}"},"query-input":{"@type":"PropertyValueSpecification","valueRequired":true,"valueName":"search_term_string"}}],"inLanguage":"es"},{"@type":"Organization","@id":"https:\/\/wpguerssen-test.odoo.rgbconsulting.com\/es\/#organization","name":"Guerssen records","url":"https:\/\/wpguerssen-test.odoo.rgbconsulting.com\/es\/","logo":{"@type":"ImageObject","inLanguage":"es","@id":"https:\/\/wpguerssen-test.odoo.rgbconsulting.com\/es\/#\/schema\/logo\/image\/","url":"https:\/\/wpguerssen-test.odoo.rgbconsulting.com\/wp-content\/uploads\/2022\/04\/Logo_Guerssen_trans_100.png","contentUrl":"https:\/\/wpguerssen-test.odoo.rgbconsulting.com\/wp-content\/uploads\/2022\/04\/Logo_Guerssen_trans_100.png","width":122,"height":100,"caption":"Guerssen records"},"image":{"@id":"https:\/\/wpguerssen-test.odoo.rgbconsulting.com\/es\/#\/schema\/logo\/image\/"}}]}},"_links":{"self":[{"href":"https:\/\/wpguerssen-test.odoo.rgbconsulting.com\/es\/wp-json\/wp\/v2\/product\/232823","targetHints":{"allow":["GET"]}}],"collection":[{"href":"https:\/\/wpguerssen-test.odoo.rgbconsulting.com\/es\/wp-json\/wp\/v2\/product"}],"about":[{"href":"https:\/\/wpguerssen-test.odoo.rgbconsulting.com\/es\/wp-json\/wp\/v2\/types\/product"}],"wp:featuredmedia":[{"embeddable":true,"href":"https:\/\/wpguerssen-test.odoo.rgbconsulting.com\/es\/wp-json\/wp\/v2\/media\/233562"}],"wp:attachment":[{"href":"https:\/\/wpguerssen-test.odoo.rgbconsulting.com\/es\/wp-json\/wp\/v2\/media?parent=232823"}],"wp:term":[{"taxonomy":"product_brand","embeddable":true,"href":"https:\/\/wpguerssen-test.odoo.rgbconsulting.com\/es\/wp-json\/wp\/v2\/product_brand?post=232823"},{"taxonomy":"product_cat","embeddable":true,"href":"https:\/\/wpguerssen-test.odoo.rgbconsulting.com\/es\/wp-json\/wp\/v2\/product_cat?post=232823"},{"taxonomy":"product_tag","embeddable":true,"href":"https:\/\/wpguerssen-test.odoo.rgbconsulting.com\/es\/wp-json\/wp\/v2\/product_tag?post=232823"}],"curies":[{"name":"wp","href":"https:\/\/api.w.org\/{rel}","templated":true}]}}