{"id":232890,"date":"2025-03-25T00:00:00","date_gmt":"2025-03-24T23:00:00","guid":{"rendered":"https:\/\/wpguerssen-test.odoo.rgbconsulting.com\/product\/the-supremes-a-go-go\/"},"modified":"2025-03-27T18:29:20","modified_gmt":"2025-03-27T17:29:20","slug":"the-supremes-a-go-go","status":"publish","type":"product","link":"https:\/\/wpguerssen-test.odoo.rgbconsulting.com\/es\/producto\/the-supremes-a-go-go\/","title":{"rendered":"The Supremes A Go Go"},"content":{"rendered":"<p>The Supremes A&#8217; Go-Go marc\u00f3 el primer \u00e1lbum pop n\u00famero uno del grupo. Se presenta aqu\u00ed en su rara vez escuchada mezcla MONO, que seg\u00fan muchas rese\u00f1as tiene m\u00e1s fuerza e inmediatez que la versi\u00f3n est\u00e9reo. Varias recopilaciones hab\u00edan extra\u00eddo las canciones m\u00e1s conocidas de los \u00e1lbumes de otras Supremes, pero el concepto detr\u00e1s de Supremes A&#8217; Go-Go era hacer que el grupo hiciera versiones de algunos de los mejores \u00e9xitos de otros grupos (principalmente de Motown). Como resultado, todas las canciones del \u00e1lbum ten\u00edan un nombre familiar, y solo se seleccion\u00f3 \u00abYou Can&#8217;t Hurry Love\u00bb para los paquetes de \u00e9xitos. Un \u00e1lbum n\u00famero uno en las listas de pop y R&#038;B, Supremes A&#8217; Go-Go tambi\u00e9n se benefici\u00f3 del hecho de que el \u00e1lbum no inclu\u00eda est\u00e1ndares pop ni baladas lentas, solo s\u00f3lidos n\u00fameros de baile de R&#038;B. Fue el primer LP de un grupo de mujeres en alcanzar el n\u00famero uno en las listas de \u00e1lbumes Billboard 200 en los Estados Unidos. El LP contiene dos de los diez mejores sencillos Billboard Hot 100 de las Supremes: el \u00e9xito n\u00famero 9 \u00abLove Is Like an Itching in My Heart\u00bb y el \u00e9xito n\u00famero 1 \u00abYou Can&#8217;t Hurry Love\u00bb.<\/p>\n","protected":false},"excerpt":{"rendered":"<p>The Supremes A&#8217; Go-Go marc\u00f3 el primer \u00e1lbum pop n\u00famero uno del grupo. Se presenta aqu\u00ed en su rara vez escuchada mezcla MONO, que seg\u00fan muchas rese\u00f1as tiene<a class=\"read\" href=\"https:\/\/wpguerssen-test.odoo.rgbconsulting.com\/es\/producto\/the-supremes-a-go-go\/\"> (...)<\/a>","protected":false},"featured_media":233007,"template":"","meta":{"_acf_changed":false},"product_brand":[],"product_cat":[21649,23219],"product_tag":[24185],"class_list":{"0":"post-232890","1":"product","2":"type-product","3":"status-publish","4":"has-post-thumbnail","6":"product_cat-soul-rnb-es","7":"product_cat-funk-es","8":"product_tag-de-nuevo-en-existencia","9":"pa_artist-supremes-the","10":"pa_format-lp-es","11":"pa_gender-soul-rnb-funk","12":"pa_label-motown","13":"pa_location-north-america-es","14":"pa_other-filters-vinyl-only-es","16":"first","17":"instock","18":"taxable","19":"shipping-taxable","20":"purchasable","21":"product-type-simple"},"acf":[],"yoast_head":"<!-- This site is optimized with the Yoast SEO plugin v24.9 - https:\/\/yoast.com\/wordpress\/plugins\/seo\/ -->\n<title>SUPREMES, The - The Supremes A Go Go -  (LP) | Guerssen<\/title>\n<meta name=\"description\" content=\"The Supremes A&#039; Go-Go marked the group&#039;s first number one pop album. It is presented here in its rarely heard MONO MIX, which according to many reviews has more punch and immediacy than the Stereo version. Various compilations had skimmed the most familiar songs off of other Supremes&#039; albums, but the concept behind Supremes A&#039; Go-Go was to get the group to cover some of the top hits of other (mostly Motown) acts. As a result, every song on the album was familiar in name, and only &quot;You Can&#039;t Hurry Love&quot; was culled for any hits packages. A number one album on the pop and R&amp;B charts, Supremes A&#039; Go-Go also benefited from the fact that the album didn&#039;t include any pop standards or slow ballads, just solid R&amp;B dance numbers. It was the first LP by an all-female group to reach number-one on the Billboard 200 album charts in the United States. The LP contains two of the Supremes&#039; top ten Billboard Hot 100 singles: the #9 hit &quot;Love Is Like an Itching in My Heart&quot; and the #1 hit &quot;You Can&#039;t Hurry Love&quot;.\" \/>\n<meta name=\"robots\" content=\"index, follow, max-snippet:-1, max-image-preview:large, max-video-preview:-1\" \/>\n<link rel=\"canonical\" href=\"https:\/\/wpguerssen-test.odoo.rgbconsulting.com\/es\/producto\/the-supremes-a-go-go\/\" \/>\n<meta property=\"og:locale\" content=\"es_ES\" \/>\n<meta property=\"og:type\" content=\"article\" \/>\n<meta property=\"og:title\" content=\"SUPREMES, The - The Supremes A Go Go -  (LP) | Guerssen\" \/>\n<meta property=\"og:description\" content=\"The Supremes A&#039; Go-Go marked the group&#039;s first number one pop album. It is presented here in its rarely heard MONO MIX, which according to many reviews has more punch and immediacy than the Stereo version. Various compilations had skimmed the most familiar songs off of other Supremes&#039; albums, but the concept behind Supremes A&#039; Go-Go was to get the group to cover some of the top hits of other (mostly Motown) acts. As a result, every song on the album was familiar in name, and only &quot;You Can&#039;t Hurry Love&quot; was culled for any hits packages. A number one album on the pop and R&amp;B charts, Supremes A&#039; Go-Go also benefited from the fact that the album didn&#039;t include any pop standards or slow ballads, just solid R&amp;B dance numbers. It was the first LP by an all-female group to reach number-one on the Billboard 200 album charts in the United States. The LP contains two of the Supremes&#039; top ten Billboard Hot 100 singles: the #9 hit &quot;Love Is Like an Itching in My Heart&quot; and the #1 hit &quot;You Can&#039;t Hurry Love&quot;.\" \/>\n<meta property=\"og:url\" content=\"https:\/\/wpguerssen-test.odoo.rgbconsulting.com\/es\/producto\/the-supremes-a-go-go\/\" \/>\n<meta property=\"og:site_name\" content=\"Guerssen records\" \/>\n<meta property=\"article:modified_time\" content=\"2025-03-27T17:29:20+00:00\" \/>\n<meta property=\"og:image\" content=\"https:\/\/wpguerssen-test.odoo.rgbconsulting.com\/wp-content\/uploads\/2023\/05\/43695.jpg\" \/>\n\t<meta property=\"og:image:width\" content=\"452\" \/>\n\t<meta property=\"og:image:height\" content=\"452\" \/>\n\t<meta property=\"og:image:type\" content=\"image\/jpeg\" \/>\n<meta name=\"twitter:card\" content=\"summary_large_image\" \/>\n<meta name=\"twitter:title\" content=\"SUPREMES, The - The Supremes A Go Go -  (LP) | Guerssen\" \/>\n<meta name=\"twitter:label1\" content=\"Tiempo de lectura\" \/>\n\t<meta name=\"twitter:data1\" content=\"1 minuto\" \/>\n<script type=\"application\/ld+json\" class=\"yoast-schema-graph\">{\"@context\":\"https:\/\/schema.org\",\"@graph\":[{\"@type\":\"WebPage\",\"@id\":\"https:\/\/wpguerssen-test.odoo.rgbconsulting.com\/es\/producto\/the-supremes-a-go-go\/\",\"url\":\"https:\/\/wpguerssen-test.odoo.rgbconsulting.com\/es\/producto\/the-supremes-a-go-go\/\",\"name\":\"SUPREMES, The - The Supremes A Go Go - (LP) | Guerssen\",\"isPartOf\":{\"@id\":\"https:\/\/wpguerssen-test.odoo.rgbconsulting.com\/es\/#website\"},\"primaryImageOfPage\":{\"@id\":\"https:\/\/wpguerssen-test.odoo.rgbconsulting.com\/es\/producto\/the-supremes-a-go-go\/#primaryimage\"},\"image\":{\"@id\":\"https:\/\/wpguerssen-test.odoo.rgbconsulting.com\/es\/producto\/the-supremes-a-go-go\/#primaryimage\"},\"thumbnailUrl\":\"https:\/\/wpguerssen-test.odoo.rgbconsulting.com\/wp-content\/uploads\/2023\/05\/43695.jpg\",\"datePublished\":\"2025-03-24T23:00:00+00:00\",\"dateModified\":\"2025-03-27T17:29:20+00:00\",\"description\":\"The Supremes A' Go-Go marked the group's first number one pop album. It is presented here in its rarely heard MONO MIX, which according to many reviews has more punch and immediacy than the Stereo version. Various compilations had skimmed the most familiar songs off of other Supremes' albums, but the concept behind Supremes A' Go-Go was to get the group to cover some of the top hits of other (mostly Motown) acts. As a result, every song on the album was familiar in name, and only \\\"You Can't Hurry Love\\\" was culled for any hits packages. A number one album on the pop and R&B charts, Supremes A' Go-Go also benefited from the fact that the album didn't include any pop standards or slow ballads, just solid R&B dance numbers. It was the first LP by an all-female group to reach number-one on the Billboard 200 album charts in the United States. The LP contains two of the Supremes' top ten Billboard Hot 100 singles: the #9 hit \\\"Love Is Like an Itching in My Heart\\\" and the #1 hit \\\"You Can't Hurry Love\\\".\",\"breadcrumb\":{\"@id\":\"https:\/\/wpguerssen-test.odoo.rgbconsulting.com\/es\/producto\/the-supremes-a-go-go\/#breadcrumb\"},\"inLanguage\":\"es\",\"potentialAction\":[{\"@type\":\"ReadAction\",\"target\":[\"https:\/\/wpguerssen-test.odoo.rgbconsulting.com\/es\/producto\/the-supremes-a-go-go\/\"]}]},{\"@type\":\"ImageObject\",\"inLanguage\":\"es\",\"@id\":\"https:\/\/wpguerssen-test.odoo.rgbconsulting.com\/es\/producto\/the-supremes-a-go-go\/#primaryimage\",\"url\":\"https:\/\/wpguerssen-test.odoo.rgbconsulting.com\/wp-content\/uploads\/2023\/05\/43695.jpg\",\"contentUrl\":\"https:\/\/wpguerssen-test.odoo.rgbconsulting.com\/wp-content\/uploads\/2023\/05\/43695.jpg\",\"width\":452,\"height\":452,\"caption\":\"The - The Supremes A Go Go - MOTOWN (LP) | Guerssen\"},{\"@type\":\"BreadcrumbList\",\"@id\":\"https:\/\/wpguerssen-test.odoo.rgbconsulting.com\/es\/producto\/the-supremes-a-go-go\/#breadcrumb\",\"itemListElement\":[{\"@type\":\"ListItem\",\"position\":1,\"name\":\"Inicio\",\"item\":\"https:\/\/wpguerssen-test.odoo.rgbconsulting.com\/es\/\"},{\"@type\":\"ListItem\",\"position\":2,\"name\":\"Shop\",\"item\":\"https:\/\/wpguerssen-test.odoo.rgbconsulting.com\/shop\/\"},{\"@type\":\"ListItem\",\"position\":3,\"name\":\"The Supremes A Go Go\"}]},{\"@type\":\"WebSite\",\"@id\":\"https:\/\/wpguerssen-test.odoo.rgbconsulting.com\/es\/#website\",\"url\":\"https:\/\/wpguerssen-test.odoo.rgbconsulting.com\/es\/\",\"name\":\"Guerssen records\",\"description\":\"psychedelia - progressive - folk - garage \",\"publisher\":{\"@id\":\"https:\/\/wpguerssen-test.odoo.rgbconsulting.com\/es\/#organization\"},\"potentialAction\":[{\"@type\":\"SearchAction\",\"target\":{\"@type\":\"EntryPoint\",\"urlTemplate\":\"https:\/\/wpguerssen-test.odoo.rgbconsulting.com\/es\/?s={search_term_string}\"},\"query-input\":{\"@type\":\"PropertyValueSpecification\",\"valueRequired\":true,\"valueName\":\"search_term_string\"}}],\"inLanguage\":\"es\"},{\"@type\":\"Organization\",\"@id\":\"https:\/\/wpguerssen-test.odoo.rgbconsulting.com\/es\/#organization\",\"name\":\"Guerssen records\",\"url\":\"https:\/\/wpguerssen-test.odoo.rgbconsulting.com\/es\/\",\"logo\":{\"@type\":\"ImageObject\",\"inLanguage\":\"es\",\"@id\":\"https:\/\/wpguerssen-test.odoo.rgbconsulting.com\/es\/#\/schema\/logo\/image\/\",\"url\":\"https:\/\/wpguerssen-test.odoo.rgbconsulting.com\/wp-content\/uploads\/2022\/04\/Logo_Guerssen_trans_100.png\",\"contentUrl\":\"https:\/\/wpguerssen-test.odoo.rgbconsulting.com\/wp-content\/uploads\/2022\/04\/Logo_Guerssen_trans_100.png\",\"width\":122,\"height\":100,\"caption\":\"Guerssen records\"},\"image\":{\"@id\":\"https:\/\/wpguerssen-test.odoo.rgbconsulting.com\/es\/#\/schema\/logo\/image\/\"}}]}<\/script>\n<!-- \/ Yoast SEO plugin. -->","yoast_head_json":{"title":"SUPREMES, The - The Supremes A Go Go -  (LP) | Guerssen","description":"The Supremes A' Go-Go marked the group's first number one pop album. It is presented here in its rarely heard MONO MIX, which according to many reviews has more punch and immediacy than the Stereo version. Various compilations had skimmed the most familiar songs off of other Supremes' albums, but the concept behind Supremes A' Go-Go was to get the group to cover some of the top hits of other (mostly Motown) acts. As a result, every song on the album was familiar in name, and only \"You Can't Hurry Love\" was culled for any hits packages. A number one album on the pop and R&B charts, Supremes A' Go-Go also benefited from the fact that the album didn't include any pop standards or slow ballads, just solid R&B dance numbers. It was the first LP by an all-female group to reach number-one on the Billboard 200 album charts in the United States. The LP contains two of the Supremes' top ten Billboard Hot 100 singles: the #9 hit \"Love Is Like an Itching in My Heart\" and the #1 hit \"You Can't Hurry Love\".","robots":{"index":"index","follow":"follow","max-snippet":"max-snippet:-1","max-image-preview":"max-image-preview:large","max-video-preview":"max-video-preview:-1"},"canonical":"https:\/\/wpguerssen-test.odoo.rgbconsulting.com\/es\/producto\/the-supremes-a-go-go\/","og_locale":"es_ES","og_type":"article","og_title":"SUPREMES, The - The Supremes A Go Go -  (LP) | Guerssen","og_description":"The Supremes A' Go-Go marked the group's first number one pop album. It is presented here in its rarely heard MONO MIX, which according to many reviews has more punch and immediacy than the Stereo version. Various compilations had skimmed the most familiar songs off of other Supremes' albums, but the concept behind Supremes A' Go-Go was to get the group to cover some of the top hits of other (mostly Motown) acts. As a result, every song on the album was familiar in name, and only \"You Can't Hurry Love\" was culled for any hits packages. A number one album on the pop and R&B charts, Supremes A' Go-Go also benefited from the fact that the album didn't include any pop standards or slow ballads, just solid R&B dance numbers. It was the first LP by an all-female group to reach number-one on the Billboard 200 album charts in the United States. The LP contains two of the Supremes' top ten Billboard Hot 100 singles: the #9 hit \"Love Is Like an Itching in My Heart\" and the #1 hit \"You Can't Hurry Love\".","og_url":"https:\/\/wpguerssen-test.odoo.rgbconsulting.com\/es\/producto\/the-supremes-a-go-go\/","og_site_name":"Guerssen records","article_modified_time":"2025-03-27T17:29:20+00:00","og_image":[{"width":452,"height":452,"url":"https:\/\/wpguerssen-test.odoo.rgbconsulting.com\/wp-content\/uploads\/2023\/05\/43695.jpg","type":"image\/jpeg"}],"twitter_card":"summary_large_image","twitter_title":"SUPREMES, The - The Supremes A Go Go -  (LP) | Guerssen","twitter_misc":{"Tiempo de lectura":"1 minuto"},"schema":{"@context":"https:\/\/schema.org","@graph":[{"@type":"WebPage","@id":"https:\/\/wpguerssen-test.odoo.rgbconsulting.com\/es\/producto\/the-supremes-a-go-go\/","url":"https:\/\/wpguerssen-test.odoo.rgbconsulting.com\/es\/producto\/the-supremes-a-go-go\/","name":"SUPREMES, The - The Supremes A Go Go - (LP) | Guerssen","isPartOf":{"@id":"https:\/\/wpguerssen-test.odoo.rgbconsulting.com\/es\/#website"},"primaryImageOfPage":{"@id":"https:\/\/wpguerssen-test.odoo.rgbconsulting.com\/es\/producto\/the-supremes-a-go-go\/#primaryimage"},"image":{"@id":"https:\/\/wpguerssen-test.odoo.rgbconsulting.com\/es\/producto\/the-supremes-a-go-go\/#primaryimage"},"thumbnailUrl":"https:\/\/wpguerssen-test.odoo.rgbconsulting.com\/wp-content\/uploads\/2023\/05\/43695.jpg","datePublished":"2025-03-24T23:00:00+00:00","dateModified":"2025-03-27T17:29:20+00:00","description":"The Supremes A' Go-Go marked the group's first number one pop album. It is presented here in its rarely heard MONO MIX, which according to many reviews has more punch and immediacy than the Stereo version. Various compilations had skimmed the most familiar songs off of other Supremes' albums, but the concept behind Supremes A' Go-Go was to get the group to cover some of the top hits of other (mostly Motown) acts. As a result, every song on the album was familiar in name, and only \"You Can't Hurry Love\" was culled for any hits packages. A number one album on the pop and R&B charts, Supremes A' Go-Go also benefited from the fact that the album didn't include any pop standards or slow ballads, just solid R&B dance numbers. It was the first LP by an all-female group to reach number-one on the Billboard 200 album charts in the United States. The LP contains two of the Supremes' top ten Billboard Hot 100 singles: the #9 hit \"Love Is Like an Itching in My Heart\" and the #1 hit \"You Can't Hurry Love\".","breadcrumb":{"@id":"https:\/\/wpguerssen-test.odoo.rgbconsulting.com\/es\/producto\/the-supremes-a-go-go\/#breadcrumb"},"inLanguage":"es","potentialAction":[{"@type":"ReadAction","target":["https:\/\/wpguerssen-test.odoo.rgbconsulting.com\/es\/producto\/the-supremes-a-go-go\/"]}]},{"@type":"ImageObject","inLanguage":"es","@id":"https:\/\/wpguerssen-test.odoo.rgbconsulting.com\/es\/producto\/the-supremes-a-go-go\/#primaryimage","url":"https:\/\/wpguerssen-test.odoo.rgbconsulting.com\/wp-content\/uploads\/2023\/05\/43695.jpg","contentUrl":"https:\/\/wpguerssen-test.odoo.rgbconsulting.com\/wp-content\/uploads\/2023\/05\/43695.jpg","width":452,"height":452,"caption":"The - The Supremes A Go Go - MOTOWN (LP) | Guerssen"},{"@type":"BreadcrumbList","@id":"https:\/\/wpguerssen-test.odoo.rgbconsulting.com\/es\/producto\/the-supremes-a-go-go\/#breadcrumb","itemListElement":[{"@type":"ListItem","position":1,"name":"Inicio","item":"https:\/\/wpguerssen-test.odoo.rgbconsulting.com\/es\/"},{"@type":"ListItem","position":2,"name":"Shop","item":"https:\/\/wpguerssen-test.odoo.rgbconsulting.com\/shop\/"},{"@type":"ListItem","position":3,"name":"The Supremes A Go Go"}]},{"@type":"WebSite","@id":"https:\/\/wpguerssen-test.odoo.rgbconsulting.com\/es\/#website","url":"https:\/\/wpguerssen-test.odoo.rgbconsulting.com\/es\/","name":"Guerssen records","description":"psychedelia - progressive - folk - garage ","publisher":{"@id":"https:\/\/wpguerssen-test.odoo.rgbconsulting.com\/es\/#organization"},"potentialAction":[{"@type":"SearchAction","target":{"@type":"EntryPoint","urlTemplate":"https:\/\/wpguerssen-test.odoo.rgbconsulting.com\/es\/?s={search_term_string}"},"query-input":{"@type":"PropertyValueSpecification","valueRequired":true,"valueName":"search_term_string"}}],"inLanguage":"es"},{"@type":"Organization","@id":"https:\/\/wpguerssen-test.odoo.rgbconsulting.com\/es\/#organization","name":"Guerssen records","url":"https:\/\/wpguerssen-test.odoo.rgbconsulting.com\/es\/","logo":{"@type":"ImageObject","inLanguage":"es","@id":"https:\/\/wpguerssen-test.odoo.rgbconsulting.com\/es\/#\/schema\/logo\/image\/","url":"https:\/\/wpguerssen-test.odoo.rgbconsulting.com\/wp-content\/uploads\/2022\/04\/Logo_Guerssen_trans_100.png","contentUrl":"https:\/\/wpguerssen-test.odoo.rgbconsulting.com\/wp-content\/uploads\/2022\/04\/Logo_Guerssen_trans_100.png","width":122,"height":100,"caption":"Guerssen records"},"image":{"@id":"https:\/\/wpguerssen-test.odoo.rgbconsulting.com\/es\/#\/schema\/logo\/image\/"}}]}},"_links":{"self":[{"href":"https:\/\/wpguerssen-test.odoo.rgbconsulting.com\/es\/wp-json\/wp\/v2\/product\/232890","targetHints":{"allow":["GET"]}}],"collection":[{"href":"https:\/\/wpguerssen-test.odoo.rgbconsulting.com\/es\/wp-json\/wp\/v2\/product"}],"about":[{"href":"https:\/\/wpguerssen-test.odoo.rgbconsulting.com\/es\/wp-json\/wp\/v2\/types\/product"}],"wp:featuredmedia":[{"embeddable":true,"href":"https:\/\/wpguerssen-test.odoo.rgbconsulting.com\/es\/wp-json\/wp\/v2\/media\/233007"}],"wp:attachment":[{"href":"https:\/\/wpguerssen-test.odoo.rgbconsulting.com\/es\/wp-json\/wp\/v2\/media?parent=232890"}],"wp:term":[{"taxonomy":"product_brand","embeddable":true,"href":"https:\/\/wpguerssen-test.odoo.rgbconsulting.com\/es\/wp-json\/wp\/v2\/product_brand?post=232890"},{"taxonomy":"product_cat","embeddable":true,"href":"https:\/\/wpguerssen-test.odoo.rgbconsulting.com\/es\/wp-json\/wp\/v2\/product_cat?post=232890"},{"taxonomy":"product_tag","embeddable":true,"href":"https:\/\/wpguerssen-test.odoo.rgbconsulting.com\/es\/wp-json\/wp\/v2\/product_tag?post=232890"}],"curies":[{"name":"wp","href":"https:\/\/api.w.org\/{rel}","templated":true}]}}