{"id":232896,"date":"2025-01-21T00:00:00","date_gmt":"2025-01-20T23:00:00","guid":{"rendered":"https:\/\/wpguerssen-test.odoo.rgbconsulting.com\/product\/chocolate-chip\/"},"modified":"2025-03-28T12:35:21","modified_gmt":"2025-03-28T11:35:21","slug":"chocolate-chip","status":"publish","type":"product","link":"https:\/\/wpguerssen-test.odoo.rgbconsulting.com\/es\/producto\/chocolate-chip\/","title":{"rendered":"Chocolate Chip"},"content":{"rendered":"<p>El s\u00e9ptimo \u00e1lbum de estudio del autor intelectual del soul estadounidense Isaac Hayes, Chocolate Chip, fue lanzado en 1975 por ABC Records a trav\u00e9s del propio sello de Hayes, Hot Buttered Soul Records, marcando el primer lanzamiento de Hayes despu\u00e9s de dejar el sello Stax, que entonces ten\u00eda problemas financieros. El \u00e1lbum fue la transici\u00f3n de Hayes a un lado m\u00e1s bailable y sofisticado y cont\u00f3 con trompetas y ritmos en capas mientras manten\u00eda su voz conmovedora tradicional. Esta obra maestra del soul-funk obtuvo dos sencillos entre los 20 mejores: \u00abChocolate Chip\u00bb y \u00abI Want to Make Love to You\u00bb, e incluye la pepita funky \u00abI Can&#8217;t Turn Around\u00bb, una canci\u00f3n muy popular que ha sido ampliamente muestreada y remezclado por los padrinos de la escena House de Chicago de la d\u00e9cada de 1980, Farley \u00abJackmaster\u00bb Funk, Steve \u00abSilk\u00bb Hurley y Ron Hardy.<\/p>\n","protected":false},"excerpt":{"rendered":"<p>El s\u00e9ptimo \u00e1lbum de estudio del autor intelectual del soul estadounidense Isaac Hayes, Chocolate Chip, fue lanzado en 1975 por ABC Records a trav\u00e9s del propio sello<a class=\"read\" href=\"https:\/\/wpguerssen-test.odoo.rgbconsulting.com\/es\/producto\/chocolate-chip\/\"> (...)<\/a>","protected":false},"featured_media":233017,"template":"","meta":{"_acf_changed":false},"product_brand":[],"product_cat":[21649,23219],"product_tag":[24185],"class_list":{"0":"post-232896","1":"product","2":"type-product","3":"status-publish","4":"has-post-thumbnail","6":"product_cat-soul-rnb-es","7":"product_cat-funk-es","8":"product_tag-de-nuevo-en-existencia","9":"pa_artist-hayes-isaac","10":"pa_format-lp-es","11":"pa_gender-soul-rnb-funk","12":"pa_label-abc","13":"pa_location-north-america-es","14":"pa_other-filters-vinyl-only-es","16":"first","17":"instock","18":"taxable","19":"shipping-taxable","20":"purchasable","21":"product-type-simple"},"acf":[],"yoast_head":"<!-- This site is optimized with the Yoast SEO plugin v24.9 - https:\/\/yoast.com\/wordpress\/plugins\/seo\/ -->\n<title>HAYES, Isaac - Chocolate Chip -  (LP) | Guerssen<\/title>\n<meta name=\"description\" content=\"The seventh studio album by American soul mastermind Isaac Hayes, Chocolate Chip was released in 1975 by ABC Records through Hayes&#039; own imprint, Hot Buttered Soul Records, marking Hayes&#039; first release after leaving the then-financially troubled Stax label. The album was Hayes&#039; transition to a more danceable and sophisticated side and featured horns and layered beats while maintaining his traditional soulful vocals. This soul-funk masterpiece garnered two top 20 singles: &quot;Chocolate Chip&quot;, and &quot;I Want to Make Love to You&quot;, and includes the funky nugget &quot;I Can&#039;t Turn Around&quot;, a very popular song which has been extensively sampled and remixed by the godfathers of the 1980s Chicago House scene Farley &quot;Jackmaster&quot; Funk, Steve &quot;Silk&quot; Hurley, and Ron Hardy.\" \/>\n<meta name=\"robots\" content=\"index, follow, max-snippet:-1, max-image-preview:large, max-video-preview:-1\" \/>\n<link rel=\"canonical\" href=\"https:\/\/wpguerssen-test.odoo.rgbconsulting.com\/es\/producto\/chocolate-chip\/\" \/>\n<meta property=\"og:locale\" content=\"es_ES\" \/>\n<meta property=\"og:type\" content=\"article\" \/>\n<meta property=\"og:title\" content=\"HAYES, Isaac - Chocolate Chip -  (LP) | Guerssen\" \/>\n<meta property=\"og:description\" content=\"The seventh studio album by American soul mastermind Isaac Hayes, Chocolate Chip was released in 1975 by ABC Records through Hayes&#039; own imprint, Hot Buttered Soul Records, marking Hayes&#039; first release after leaving the then-financially troubled Stax label. The album was Hayes&#039; transition to a more danceable and sophisticated side and featured horns and layered beats while maintaining his traditional soulful vocals. This soul-funk masterpiece garnered two top 20 singles: &quot;Chocolate Chip&quot;, and &quot;I Want to Make Love to You&quot;, and includes the funky nugget &quot;I Can&#039;t Turn Around&quot;, a very popular song which has been extensively sampled and remixed by the godfathers of the 1980s Chicago House scene Farley &quot;Jackmaster&quot; Funk, Steve &quot;Silk&quot; Hurley, and Ron Hardy.\" \/>\n<meta property=\"og:url\" content=\"https:\/\/wpguerssen-test.odoo.rgbconsulting.com\/es\/producto\/chocolate-chip\/\" \/>\n<meta property=\"og:site_name\" content=\"Guerssen records\" \/>\n<meta property=\"article:modified_time\" content=\"2025-03-28T11:35:21+00:00\" \/>\n<meta property=\"og:image\" content=\"https:\/\/wpguerssen-test.odoo.rgbconsulting.com\/wp-content\/uploads\/2023\/05\/43701.png\" \/>\n\t<meta property=\"og:image:width\" content=\"452\" \/>\n\t<meta property=\"og:image:height\" content=\"452\" \/>\n\t<meta property=\"og:image:type\" content=\"image\/png\" \/>\n<meta name=\"twitter:card\" content=\"summary_large_image\" \/>\n<meta name=\"twitter:title\" content=\"HAYES, Isaac - Chocolate Chip -  (LP) | Guerssen\" \/>\n<meta name=\"twitter:label1\" content=\"Tiempo de lectura\" \/>\n\t<meta name=\"twitter:data1\" content=\"1 minuto\" \/>\n<script type=\"application\/ld+json\" class=\"yoast-schema-graph\">{\"@context\":\"https:\/\/schema.org\",\"@graph\":[{\"@type\":\"WebPage\",\"@id\":\"https:\/\/wpguerssen-test.odoo.rgbconsulting.com\/es\/producto\/chocolate-chip\/\",\"url\":\"https:\/\/wpguerssen-test.odoo.rgbconsulting.com\/es\/producto\/chocolate-chip\/\",\"name\":\"HAYES, Isaac - Chocolate Chip - (LP) | Guerssen\",\"isPartOf\":{\"@id\":\"https:\/\/wpguerssen-test.odoo.rgbconsulting.com\/es\/#website\"},\"primaryImageOfPage\":{\"@id\":\"https:\/\/wpguerssen-test.odoo.rgbconsulting.com\/es\/producto\/chocolate-chip\/#primaryimage\"},\"image\":{\"@id\":\"https:\/\/wpguerssen-test.odoo.rgbconsulting.com\/es\/producto\/chocolate-chip\/#primaryimage\"},\"thumbnailUrl\":\"https:\/\/wpguerssen-test.odoo.rgbconsulting.com\/wp-content\/uploads\/2023\/05\/43701.png\",\"datePublished\":\"2025-01-20T23:00:00+00:00\",\"dateModified\":\"2025-03-28T11:35:21+00:00\",\"description\":\"The seventh studio album by American soul mastermind Isaac Hayes, Chocolate Chip was released in 1975 by ABC Records through Hayes' own imprint, Hot Buttered Soul Records, marking Hayes' first release after leaving the then-financially troubled Stax label. The album was Hayes' transition to a more danceable and sophisticated side and featured horns and layered beats while maintaining his traditional soulful vocals. This soul-funk masterpiece garnered two top 20 singles: \\\"Chocolate Chip\\\", and \\\"I Want to Make Love to You\\\", and includes the funky nugget \\\"I Can't Turn Around\\\", a very popular song which has been extensively sampled and remixed by the godfathers of the 1980s Chicago House scene Farley \\\"Jackmaster\\\" Funk, Steve \\\"Silk\\\" Hurley, and Ron Hardy.\",\"breadcrumb\":{\"@id\":\"https:\/\/wpguerssen-test.odoo.rgbconsulting.com\/es\/producto\/chocolate-chip\/#breadcrumb\"},\"inLanguage\":\"es\",\"potentialAction\":[{\"@type\":\"ReadAction\",\"target\":[\"https:\/\/wpguerssen-test.odoo.rgbconsulting.com\/es\/producto\/chocolate-chip\/\"]}]},{\"@type\":\"ImageObject\",\"inLanguage\":\"es\",\"@id\":\"https:\/\/wpguerssen-test.odoo.rgbconsulting.com\/es\/producto\/chocolate-chip\/#primaryimage\",\"url\":\"https:\/\/wpguerssen-test.odoo.rgbconsulting.com\/wp-content\/uploads\/2023\/05\/43701.png\",\"contentUrl\":\"https:\/\/wpguerssen-test.odoo.rgbconsulting.com\/wp-content\/uploads\/2023\/05\/43701.png\",\"width\":452,\"height\":452,\"caption\":\"HAYES\"},{\"@type\":\"BreadcrumbList\",\"@id\":\"https:\/\/wpguerssen-test.odoo.rgbconsulting.com\/es\/producto\/chocolate-chip\/#breadcrumb\",\"itemListElement\":[{\"@type\":\"ListItem\",\"position\":1,\"name\":\"Inicio\",\"item\":\"https:\/\/wpguerssen-test.odoo.rgbconsulting.com\/es\/\"},{\"@type\":\"ListItem\",\"position\":2,\"name\":\"Shop\",\"item\":\"https:\/\/wpguerssen-test.odoo.rgbconsulting.com\/shop\/\"},{\"@type\":\"ListItem\",\"position\":3,\"name\":\"Chocolate Chip\"}]},{\"@type\":\"WebSite\",\"@id\":\"https:\/\/wpguerssen-test.odoo.rgbconsulting.com\/es\/#website\",\"url\":\"https:\/\/wpguerssen-test.odoo.rgbconsulting.com\/es\/\",\"name\":\"Guerssen records\",\"description\":\"psychedelia - progressive - folk - garage \",\"publisher\":{\"@id\":\"https:\/\/wpguerssen-test.odoo.rgbconsulting.com\/es\/#organization\"},\"potentialAction\":[{\"@type\":\"SearchAction\",\"target\":{\"@type\":\"EntryPoint\",\"urlTemplate\":\"https:\/\/wpguerssen-test.odoo.rgbconsulting.com\/es\/?s={search_term_string}\"},\"query-input\":{\"@type\":\"PropertyValueSpecification\",\"valueRequired\":true,\"valueName\":\"search_term_string\"}}],\"inLanguage\":\"es\"},{\"@type\":\"Organization\",\"@id\":\"https:\/\/wpguerssen-test.odoo.rgbconsulting.com\/es\/#organization\",\"name\":\"Guerssen records\",\"url\":\"https:\/\/wpguerssen-test.odoo.rgbconsulting.com\/es\/\",\"logo\":{\"@type\":\"ImageObject\",\"inLanguage\":\"es\",\"@id\":\"https:\/\/wpguerssen-test.odoo.rgbconsulting.com\/es\/#\/schema\/logo\/image\/\",\"url\":\"https:\/\/wpguerssen-test.odoo.rgbconsulting.com\/wp-content\/uploads\/2022\/04\/Logo_Guerssen_trans_100.png\",\"contentUrl\":\"https:\/\/wpguerssen-test.odoo.rgbconsulting.com\/wp-content\/uploads\/2022\/04\/Logo_Guerssen_trans_100.png\",\"width\":122,\"height\":100,\"caption\":\"Guerssen records\"},\"image\":{\"@id\":\"https:\/\/wpguerssen-test.odoo.rgbconsulting.com\/es\/#\/schema\/logo\/image\/\"}}]}<\/script>\n<!-- \/ Yoast SEO plugin. -->","yoast_head_json":{"title":"HAYES, Isaac - Chocolate Chip -  (LP) | Guerssen","description":"The seventh studio album by American soul mastermind Isaac Hayes, Chocolate Chip was released in 1975 by ABC Records through Hayes' own imprint, Hot Buttered Soul Records, marking Hayes' first release after leaving the then-financially troubled Stax label. The album was Hayes' transition to a more danceable and sophisticated side and featured horns and layered beats while maintaining his traditional soulful vocals. This soul-funk masterpiece garnered two top 20 singles: \"Chocolate Chip\", and \"I Want to Make Love to You\", and includes the funky nugget \"I Can't Turn Around\", a very popular song which has been extensively sampled and remixed by the godfathers of the 1980s Chicago House scene Farley \"Jackmaster\" Funk, Steve \"Silk\" Hurley, and Ron Hardy.","robots":{"index":"index","follow":"follow","max-snippet":"max-snippet:-1","max-image-preview":"max-image-preview:large","max-video-preview":"max-video-preview:-1"},"canonical":"https:\/\/wpguerssen-test.odoo.rgbconsulting.com\/es\/producto\/chocolate-chip\/","og_locale":"es_ES","og_type":"article","og_title":"HAYES, Isaac - Chocolate Chip -  (LP) | Guerssen","og_description":"The seventh studio album by American soul mastermind Isaac Hayes, Chocolate Chip was released in 1975 by ABC Records through Hayes' own imprint, Hot Buttered Soul Records, marking Hayes' first release after leaving the then-financially troubled Stax label. The album was Hayes' transition to a more danceable and sophisticated side and featured horns and layered beats while maintaining his traditional soulful vocals. This soul-funk masterpiece garnered two top 20 singles: \"Chocolate Chip\", and \"I Want to Make Love to You\", and includes the funky nugget \"I Can't Turn Around\", a very popular song which has been extensively sampled and remixed by the godfathers of the 1980s Chicago House scene Farley \"Jackmaster\" Funk, Steve \"Silk\" Hurley, and Ron Hardy.","og_url":"https:\/\/wpguerssen-test.odoo.rgbconsulting.com\/es\/producto\/chocolate-chip\/","og_site_name":"Guerssen records","article_modified_time":"2025-03-28T11:35:21+00:00","og_image":[{"width":452,"height":452,"url":"https:\/\/wpguerssen-test.odoo.rgbconsulting.com\/wp-content\/uploads\/2023\/05\/43701.png","type":"image\/png"}],"twitter_card":"summary_large_image","twitter_title":"HAYES, Isaac - Chocolate Chip -  (LP) | Guerssen","twitter_misc":{"Tiempo de lectura":"1 minuto"},"schema":{"@context":"https:\/\/schema.org","@graph":[{"@type":"WebPage","@id":"https:\/\/wpguerssen-test.odoo.rgbconsulting.com\/es\/producto\/chocolate-chip\/","url":"https:\/\/wpguerssen-test.odoo.rgbconsulting.com\/es\/producto\/chocolate-chip\/","name":"HAYES, Isaac - Chocolate Chip - (LP) | Guerssen","isPartOf":{"@id":"https:\/\/wpguerssen-test.odoo.rgbconsulting.com\/es\/#website"},"primaryImageOfPage":{"@id":"https:\/\/wpguerssen-test.odoo.rgbconsulting.com\/es\/producto\/chocolate-chip\/#primaryimage"},"image":{"@id":"https:\/\/wpguerssen-test.odoo.rgbconsulting.com\/es\/producto\/chocolate-chip\/#primaryimage"},"thumbnailUrl":"https:\/\/wpguerssen-test.odoo.rgbconsulting.com\/wp-content\/uploads\/2023\/05\/43701.png","datePublished":"2025-01-20T23:00:00+00:00","dateModified":"2025-03-28T11:35:21+00:00","description":"The seventh studio album by American soul mastermind Isaac Hayes, Chocolate Chip was released in 1975 by ABC Records through Hayes' own imprint, Hot Buttered Soul Records, marking Hayes' first release after leaving the then-financially troubled Stax label. The album was Hayes' transition to a more danceable and sophisticated side and featured horns and layered beats while maintaining his traditional soulful vocals. This soul-funk masterpiece garnered two top 20 singles: \"Chocolate Chip\", and \"I Want to Make Love to You\", and includes the funky nugget \"I Can't Turn Around\", a very popular song which has been extensively sampled and remixed by the godfathers of the 1980s Chicago House scene Farley \"Jackmaster\" Funk, Steve \"Silk\" Hurley, and Ron Hardy.","breadcrumb":{"@id":"https:\/\/wpguerssen-test.odoo.rgbconsulting.com\/es\/producto\/chocolate-chip\/#breadcrumb"},"inLanguage":"es","potentialAction":[{"@type":"ReadAction","target":["https:\/\/wpguerssen-test.odoo.rgbconsulting.com\/es\/producto\/chocolate-chip\/"]}]},{"@type":"ImageObject","inLanguage":"es","@id":"https:\/\/wpguerssen-test.odoo.rgbconsulting.com\/es\/producto\/chocolate-chip\/#primaryimage","url":"https:\/\/wpguerssen-test.odoo.rgbconsulting.com\/wp-content\/uploads\/2023\/05\/43701.png","contentUrl":"https:\/\/wpguerssen-test.odoo.rgbconsulting.com\/wp-content\/uploads\/2023\/05\/43701.png","width":452,"height":452,"caption":"HAYES"},{"@type":"BreadcrumbList","@id":"https:\/\/wpguerssen-test.odoo.rgbconsulting.com\/es\/producto\/chocolate-chip\/#breadcrumb","itemListElement":[{"@type":"ListItem","position":1,"name":"Inicio","item":"https:\/\/wpguerssen-test.odoo.rgbconsulting.com\/es\/"},{"@type":"ListItem","position":2,"name":"Shop","item":"https:\/\/wpguerssen-test.odoo.rgbconsulting.com\/shop\/"},{"@type":"ListItem","position":3,"name":"Chocolate Chip"}]},{"@type":"WebSite","@id":"https:\/\/wpguerssen-test.odoo.rgbconsulting.com\/es\/#website","url":"https:\/\/wpguerssen-test.odoo.rgbconsulting.com\/es\/","name":"Guerssen records","description":"psychedelia - progressive - folk - garage ","publisher":{"@id":"https:\/\/wpguerssen-test.odoo.rgbconsulting.com\/es\/#organization"},"potentialAction":[{"@type":"SearchAction","target":{"@type":"EntryPoint","urlTemplate":"https:\/\/wpguerssen-test.odoo.rgbconsulting.com\/es\/?s={search_term_string}"},"query-input":{"@type":"PropertyValueSpecification","valueRequired":true,"valueName":"search_term_string"}}],"inLanguage":"es"},{"@type":"Organization","@id":"https:\/\/wpguerssen-test.odoo.rgbconsulting.com\/es\/#organization","name":"Guerssen records","url":"https:\/\/wpguerssen-test.odoo.rgbconsulting.com\/es\/","logo":{"@type":"ImageObject","inLanguage":"es","@id":"https:\/\/wpguerssen-test.odoo.rgbconsulting.com\/es\/#\/schema\/logo\/image\/","url":"https:\/\/wpguerssen-test.odoo.rgbconsulting.com\/wp-content\/uploads\/2022\/04\/Logo_Guerssen_trans_100.png","contentUrl":"https:\/\/wpguerssen-test.odoo.rgbconsulting.com\/wp-content\/uploads\/2022\/04\/Logo_Guerssen_trans_100.png","width":122,"height":100,"caption":"Guerssen records"},"image":{"@id":"https:\/\/wpguerssen-test.odoo.rgbconsulting.com\/es\/#\/schema\/logo\/image\/"}}]}},"_links":{"self":[{"href":"https:\/\/wpguerssen-test.odoo.rgbconsulting.com\/es\/wp-json\/wp\/v2\/product\/232896","targetHints":{"allow":["GET"]}}],"collection":[{"href":"https:\/\/wpguerssen-test.odoo.rgbconsulting.com\/es\/wp-json\/wp\/v2\/product"}],"about":[{"href":"https:\/\/wpguerssen-test.odoo.rgbconsulting.com\/es\/wp-json\/wp\/v2\/types\/product"}],"wp:featuredmedia":[{"embeddable":true,"href":"https:\/\/wpguerssen-test.odoo.rgbconsulting.com\/es\/wp-json\/wp\/v2\/media\/233017"}],"wp:attachment":[{"href":"https:\/\/wpguerssen-test.odoo.rgbconsulting.com\/es\/wp-json\/wp\/v2\/media?parent=232896"}],"wp:term":[{"taxonomy":"product_brand","embeddable":true,"href":"https:\/\/wpguerssen-test.odoo.rgbconsulting.com\/es\/wp-json\/wp\/v2\/product_brand?post=232896"},{"taxonomy":"product_cat","embeddable":true,"href":"https:\/\/wpguerssen-test.odoo.rgbconsulting.com\/es\/wp-json\/wp\/v2\/product_cat?post=232896"},{"taxonomy":"product_tag","embeddable":true,"href":"https:\/\/wpguerssen-test.odoo.rgbconsulting.com\/es\/wp-json\/wp\/v2\/product_tag?post=232896"}],"curies":[{"name":"wp","href":"https:\/\/api.w.org\/{rel}","templated":true}]}}