{"id":232901,"date":"2025-01-21T00:00:00","date_gmt":"2025-01-20T23:00:00","guid":{"rendered":"https:\/\/wpguerssen-test.odoo.rgbconsulting.com\/product\/unhalfbricking\/"},"modified":"2025-03-28T12:35:35","modified_gmt":"2025-03-28T11:35:35","slug":"unhalfbricking","status":"publish","type":"product","link":"https:\/\/wpguerssen-test.odoo.rgbconsulting.com\/es\/producto\/unhalfbricking\/","title":{"rendered":"Unhalfbricking"},"content":{"rendered":"<p>Life se considera fundamental en el desarrollo de la m\u00fasica folk rock inglesa. El \u00e1lbum tambi\u00e9n le dio a la banda su primer \u00e9xito en las listas del Reino Unido, alcanzando el puesto 12 en la lista de \u00e1lbumes del Reino Unido (la segunda posici\u00f3n m\u00e1s alta en la carrera de la banda), mientras que el lanzamiento del sencillo, \u00abSi tu dois partir\u00bb, subi\u00f3 al puesto 21 en el Reino Unido. tabla de solteros. Otros aspectos destacados incluyen \u00abAutopsy\u00bb de Sandy Denny y \u00abPercy&#8217;s Song\u00bb, que cuenta con la voz de Iain Matthews.<br \/>Unhalfbricking recibi\u00f3 una rese\u00f1a de 5 estrellas en AllMusic, y Richie Unterberger lo describi\u00f3 como \u00abun \u00e1lbum de transici\u00f3n para la joven Fairport Convention, en el que el grupo se deshizo de sus v\u00ednculos m\u00e1s estrechos con sus influencias del folk-rock estadounidense y comenz\u00f3 a acercarse a un sonido m\u00e1s tradicional con tendencia al folk brit\u00e1nico\u00bb.<\/p>\n","protected":false},"excerpt":{"rendered":"<p>Life se considera fundamental en el desarrollo de la m\u00fasica folk rock inglesa. El \u00e1lbum tambi\u00e9n le dio a la banda su primer \u00e9xito en las listas del Reino Unido,<a class=\"read\" href=\"https:\/\/wpguerssen-test.odoo.rgbconsulting.com\/es\/producto\/unhalfbricking\/\"> (...)<\/a>","protected":false},"featured_media":233027,"template":"","meta":{"_acf_changed":false},"product_brand":[],"product_cat":[23271],"product_tag":[],"class_list":{"0":"post-232901","1":"product","2":"type-product","3":"status-publish","4":"has-post-thumbnail","6":"product_cat-folk-60s-70s-es","7":"pa_artist-fairport-convention","8":"pa_format-lp-es","9":"pa_gender-folk-60s-70s","10":"pa_label-elemental-music","11":"pa_location-uk-ireland-es","12":"pa_other-filters-vinyl-only-es","14":"first","15":"instock","16":"taxable","17":"shipping-taxable","18":"purchasable","19":"product-type-simple"},"acf":[],"yoast_head":"<!-- This site is optimized with the Yoast SEO plugin v24.9 - https:\/\/yoast.com\/wordpress\/plugins\/seo\/ -->\n<title>FAIRPORT CONVENTION - Unhalfbricking -  (LP) | Guerssen<\/title>\n<meta name=\"description\" content=\"Life, is considered pivotal in the development of English folk rock music. The album also gave the band their first UK chart success, reaching #12 in the UK album chart (the second highest position in the band&#039;s career), while the single release, &quot;Si tu dois partir&quot;, climbed to #21 in the UK singles chart. Other highlights include Sandy Denny&#039;s &quot;Autopsy&quot; and &quot;Percy&#039;s Song&quot;, which features vocals by Iain Matthews.Unhalfbricking received a 5-star review in AllMusic, with Richie Unterberger describing it as &quot;a transitional album for the young Fairport Convention, in which the group shed its closest ties to its American folk-rock influences and started to edge toward a more traditional British folk-slanted sound&quot;.\" \/>\n<meta name=\"robots\" content=\"index, follow, max-snippet:-1, max-image-preview:large, max-video-preview:-1\" \/>\n<link rel=\"canonical\" href=\"https:\/\/wpguerssen-test.odoo.rgbconsulting.com\/es\/producto\/unhalfbricking\/\" \/>\n<meta property=\"og:locale\" content=\"es_ES\" \/>\n<meta property=\"og:type\" content=\"article\" \/>\n<meta property=\"og:title\" content=\"FAIRPORT CONVENTION - Unhalfbricking -  (LP) | Guerssen\" \/>\n<meta property=\"og:description\" content=\"Life, is considered pivotal in the development of English folk rock music. The album also gave the band their first UK chart success, reaching #12 in the UK album chart (the second highest position in the band&#039;s career), while the single release, &quot;Si tu dois partir&quot;, climbed to #21 in the UK singles chart. Other highlights include Sandy Denny&#039;s &quot;Autopsy&quot; and &quot;Percy&#039;s Song&quot;, which features vocals by Iain Matthews.Unhalfbricking received a 5-star review in AllMusic, with Richie Unterberger describing it as &quot;a transitional album for the young Fairport Convention, in which the group shed its closest ties to its American folk-rock influences and started to edge toward a more traditional British folk-slanted sound&quot;.\" \/>\n<meta property=\"og:url\" content=\"https:\/\/wpguerssen-test.odoo.rgbconsulting.com\/es\/producto\/unhalfbricking\/\" \/>\n<meta property=\"og:site_name\" content=\"Guerssen records\" \/>\n<meta property=\"article:modified_time\" content=\"2025-03-28T11:35:35+00:00\" \/>\n<meta property=\"og:image\" content=\"https:\/\/wpguerssen-test.odoo.rgbconsulting.com\/wp-content\/uploads\/2023\/05\/43706.jpg\" \/>\n\t<meta property=\"og:image:width\" content=\"452\" \/>\n\t<meta property=\"og:image:height\" content=\"452\" \/>\n\t<meta property=\"og:image:type\" content=\"image\/jpeg\" \/>\n<meta name=\"twitter:card\" content=\"summary_large_image\" \/>\n<meta name=\"twitter:title\" content=\"FAIRPORT CONVENTION - Unhalfbricking -  (LP) | Guerssen\" \/>\n<meta name=\"twitter:label1\" content=\"Tiempo de lectura\" \/>\n\t<meta name=\"twitter:data1\" content=\"1 minuto\" \/>\n<script type=\"application\/ld+json\" class=\"yoast-schema-graph\">{\"@context\":\"https:\/\/schema.org\",\"@graph\":[{\"@type\":\"WebPage\",\"@id\":\"https:\/\/wpguerssen-test.odoo.rgbconsulting.com\/es\/producto\/unhalfbricking\/\",\"url\":\"https:\/\/wpguerssen-test.odoo.rgbconsulting.com\/es\/producto\/unhalfbricking\/\",\"name\":\"FAIRPORT CONVENTION - Unhalfbricking - (LP) | Guerssen\",\"isPartOf\":{\"@id\":\"https:\/\/wpguerssen-test.odoo.rgbconsulting.com\/es\/#website\"},\"primaryImageOfPage\":{\"@id\":\"https:\/\/wpguerssen-test.odoo.rgbconsulting.com\/es\/producto\/unhalfbricking\/#primaryimage\"},\"image\":{\"@id\":\"https:\/\/wpguerssen-test.odoo.rgbconsulting.com\/es\/producto\/unhalfbricking\/#primaryimage\"},\"thumbnailUrl\":\"https:\/\/wpguerssen-test.odoo.rgbconsulting.com\/wp-content\/uploads\/2023\/05\/43706.jpg\",\"datePublished\":\"2025-01-20T23:00:00+00:00\",\"dateModified\":\"2025-03-28T11:35:35+00:00\",\"description\":\"Life, is considered pivotal in the development of English folk rock music. The album also gave the band their first UK chart success, reaching #12 in the UK album chart (the second highest position in the band's career), while the single release, \\\"Si tu dois partir\\\", climbed to #21 in the UK singles chart. Other highlights include Sandy Denny's \\\"Autopsy\\\" and \\\"Percy's Song\\\", which features vocals by Iain Matthews.Unhalfbricking received a 5-star review in AllMusic, with Richie Unterberger describing it as \\\"a transitional album for the young Fairport Convention, in which the group shed its closest ties to its American folk-rock influences and started to edge toward a more traditional British folk-slanted sound\\\".\",\"breadcrumb\":{\"@id\":\"https:\/\/wpguerssen-test.odoo.rgbconsulting.com\/es\/producto\/unhalfbricking\/#breadcrumb\"},\"inLanguage\":\"es\",\"potentialAction\":[{\"@type\":\"ReadAction\",\"target\":[\"https:\/\/wpguerssen-test.odoo.rgbconsulting.com\/es\/producto\/unhalfbricking\/\"]}]},{\"@type\":\"ImageObject\",\"inLanguage\":\"es\",\"@id\":\"https:\/\/wpguerssen-test.odoo.rgbconsulting.com\/es\/producto\/unhalfbricking\/#primaryimage\",\"url\":\"https:\/\/wpguerssen-test.odoo.rgbconsulting.com\/wp-content\/uploads\/2023\/05\/43706.jpg\",\"contentUrl\":\"https:\/\/wpguerssen-test.odoo.rgbconsulting.com\/wp-content\/uploads\/2023\/05\/43706.jpg\",\"width\":452,\"height\":452},{\"@type\":\"BreadcrumbList\",\"@id\":\"https:\/\/wpguerssen-test.odoo.rgbconsulting.com\/es\/producto\/unhalfbricking\/#breadcrumb\",\"itemListElement\":[{\"@type\":\"ListItem\",\"position\":1,\"name\":\"Inicio\",\"item\":\"https:\/\/wpguerssen-test.odoo.rgbconsulting.com\/es\/\"},{\"@type\":\"ListItem\",\"position\":2,\"name\":\"Shop\",\"item\":\"https:\/\/wpguerssen-test.odoo.rgbconsulting.com\/shop\/\"},{\"@type\":\"ListItem\",\"position\":3,\"name\":\"Unhalfbricking\"}]},{\"@type\":\"WebSite\",\"@id\":\"https:\/\/wpguerssen-test.odoo.rgbconsulting.com\/es\/#website\",\"url\":\"https:\/\/wpguerssen-test.odoo.rgbconsulting.com\/es\/\",\"name\":\"Guerssen records\",\"description\":\"psychedelia - progressive - folk - garage \",\"publisher\":{\"@id\":\"https:\/\/wpguerssen-test.odoo.rgbconsulting.com\/es\/#organization\"},\"potentialAction\":[{\"@type\":\"SearchAction\",\"target\":{\"@type\":\"EntryPoint\",\"urlTemplate\":\"https:\/\/wpguerssen-test.odoo.rgbconsulting.com\/es\/?s={search_term_string}\"},\"query-input\":{\"@type\":\"PropertyValueSpecification\",\"valueRequired\":true,\"valueName\":\"search_term_string\"}}],\"inLanguage\":\"es\"},{\"@type\":\"Organization\",\"@id\":\"https:\/\/wpguerssen-test.odoo.rgbconsulting.com\/es\/#organization\",\"name\":\"Guerssen records\",\"url\":\"https:\/\/wpguerssen-test.odoo.rgbconsulting.com\/es\/\",\"logo\":{\"@type\":\"ImageObject\",\"inLanguage\":\"es\",\"@id\":\"https:\/\/wpguerssen-test.odoo.rgbconsulting.com\/es\/#\/schema\/logo\/image\/\",\"url\":\"https:\/\/wpguerssen-test.odoo.rgbconsulting.com\/wp-content\/uploads\/2022\/04\/Logo_Guerssen_trans_100.png\",\"contentUrl\":\"https:\/\/wpguerssen-test.odoo.rgbconsulting.com\/wp-content\/uploads\/2022\/04\/Logo_Guerssen_trans_100.png\",\"width\":122,\"height\":100,\"caption\":\"Guerssen records\"},\"image\":{\"@id\":\"https:\/\/wpguerssen-test.odoo.rgbconsulting.com\/es\/#\/schema\/logo\/image\/\"}}]}<\/script>\n<!-- \/ Yoast SEO plugin. -->","yoast_head_json":{"title":"FAIRPORT CONVENTION - Unhalfbricking -  (LP) | Guerssen","description":"Life, is considered pivotal in the development of English folk rock music. The album also gave the band their first UK chart success, reaching #12 in the UK album chart (the second highest position in the band's career), while the single release, \"Si tu dois partir\", climbed to #21 in the UK singles chart. Other highlights include Sandy Denny's \"Autopsy\" and \"Percy's Song\", which features vocals by Iain Matthews.Unhalfbricking received a 5-star review in AllMusic, with Richie Unterberger describing it as \"a transitional album for the young Fairport Convention, in which the group shed its closest ties to its American folk-rock influences and started to edge toward a more traditional British folk-slanted sound\".","robots":{"index":"index","follow":"follow","max-snippet":"max-snippet:-1","max-image-preview":"max-image-preview:large","max-video-preview":"max-video-preview:-1"},"canonical":"https:\/\/wpguerssen-test.odoo.rgbconsulting.com\/es\/producto\/unhalfbricking\/","og_locale":"es_ES","og_type":"article","og_title":"FAIRPORT CONVENTION - Unhalfbricking -  (LP) | Guerssen","og_description":"Life, is considered pivotal in the development of English folk rock music. The album also gave the band their first UK chart success, reaching #12 in the UK album chart (the second highest position in the band's career), while the single release, \"Si tu dois partir\", climbed to #21 in the UK singles chart. Other highlights include Sandy Denny's \"Autopsy\" and \"Percy's Song\", which features vocals by Iain Matthews.Unhalfbricking received a 5-star review in AllMusic, with Richie Unterberger describing it as \"a transitional album for the young Fairport Convention, in which the group shed its closest ties to its American folk-rock influences and started to edge toward a more traditional British folk-slanted sound\".","og_url":"https:\/\/wpguerssen-test.odoo.rgbconsulting.com\/es\/producto\/unhalfbricking\/","og_site_name":"Guerssen records","article_modified_time":"2025-03-28T11:35:35+00:00","og_image":[{"width":452,"height":452,"url":"https:\/\/wpguerssen-test.odoo.rgbconsulting.com\/wp-content\/uploads\/2023\/05\/43706.jpg","type":"image\/jpeg"}],"twitter_card":"summary_large_image","twitter_title":"FAIRPORT CONVENTION - Unhalfbricking -  (LP) | Guerssen","twitter_misc":{"Tiempo de lectura":"1 minuto"},"schema":{"@context":"https:\/\/schema.org","@graph":[{"@type":"WebPage","@id":"https:\/\/wpguerssen-test.odoo.rgbconsulting.com\/es\/producto\/unhalfbricking\/","url":"https:\/\/wpguerssen-test.odoo.rgbconsulting.com\/es\/producto\/unhalfbricking\/","name":"FAIRPORT CONVENTION - Unhalfbricking - (LP) | Guerssen","isPartOf":{"@id":"https:\/\/wpguerssen-test.odoo.rgbconsulting.com\/es\/#website"},"primaryImageOfPage":{"@id":"https:\/\/wpguerssen-test.odoo.rgbconsulting.com\/es\/producto\/unhalfbricking\/#primaryimage"},"image":{"@id":"https:\/\/wpguerssen-test.odoo.rgbconsulting.com\/es\/producto\/unhalfbricking\/#primaryimage"},"thumbnailUrl":"https:\/\/wpguerssen-test.odoo.rgbconsulting.com\/wp-content\/uploads\/2023\/05\/43706.jpg","datePublished":"2025-01-20T23:00:00+00:00","dateModified":"2025-03-28T11:35:35+00:00","description":"Life, is considered pivotal in the development of English folk rock music. The album also gave the band their first UK chart success, reaching #12 in the UK album chart (the second highest position in the band's career), while the single release, \"Si tu dois partir\", climbed to #21 in the UK singles chart. Other highlights include Sandy Denny's \"Autopsy\" and \"Percy's Song\", which features vocals by Iain Matthews.Unhalfbricking received a 5-star review in AllMusic, with Richie Unterberger describing it as \"a transitional album for the young Fairport Convention, in which the group shed its closest ties to its American folk-rock influences and started to edge toward a more traditional British folk-slanted sound\".","breadcrumb":{"@id":"https:\/\/wpguerssen-test.odoo.rgbconsulting.com\/es\/producto\/unhalfbricking\/#breadcrumb"},"inLanguage":"es","potentialAction":[{"@type":"ReadAction","target":["https:\/\/wpguerssen-test.odoo.rgbconsulting.com\/es\/producto\/unhalfbricking\/"]}]},{"@type":"ImageObject","inLanguage":"es","@id":"https:\/\/wpguerssen-test.odoo.rgbconsulting.com\/es\/producto\/unhalfbricking\/#primaryimage","url":"https:\/\/wpguerssen-test.odoo.rgbconsulting.com\/wp-content\/uploads\/2023\/05\/43706.jpg","contentUrl":"https:\/\/wpguerssen-test.odoo.rgbconsulting.com\/wp-content\/uploads\/2023\/05\/43706.jpg","width":452,"height":452},{"@type":"BreadcrumbList","@id":"https:\/\/wpguerssen-test.odoo.rgbconsulting.com\/es\/producto\/unhalfbricking\/#breadcrumb","itemListElement":[{"@type":"ListItem","position":1,"name":"Inicio","item":"https:\/\/wpguerssen-test.odoo.rgbconsulting.com\/es\/"},{"@type":"ListItem","position":2,"name":"Shop","item":"https:\/\/wpguerssen-test.odoo.rgbconsulting.com\/shop\/"},{"@type":"ListItem","position":3,"name":"Unhalfbricking"}]},{"@type":"WebSite","@id":"https:\/\/wpguerssen-test.odoo.rgbconsulting.com\/es\/#website","url":"https:\/\/wpguerssen-test.odoo.rgbconsulting.com\/es\/","name":"Guerssen records","description":"psychedelia - progressive - folk - garage ","publisher":{"@id":"https:\/\/wpguerssen-test.odoo.rgbconsulting.com\/es\/#organization"},"potentialAction":[{"@type":"SearchAction","target":{"@type":"EntryPoint","urlTemplate":"https:\/\/wpguerssen-test.odoo.rgbconsulting.com\/es\/?s={search_term_string}"},"query-input":{"@type":"PropertyValueSpecification","valueRequired":true,"valueName":"search_term_string"}}],"inLanguage":"es"},{"@type":"Organization","@id":"https:\/\/wpguerssen-test.odoo.rgbconsulting.com\/es\/#organization","name":"Guerssen records","url":"https:\/\/wpguerssen-test.odoo.rgbconsulting.com\/es\/","logo":{"@type":"ImageObject","inLanguage":"es","@id":"https:\/\/wpguerssen-test.odoo.rgbconsulting.com\/es\/#\/schema\/logo\/image\/","url":"https:\/\/wpguerssen-test.odoo.rgbconsulting.com\/wp-content\/uploads\/2022\/04\/Logo_Guerssen_trans_100.png","contentUrl":"https:\/\/wpguerssen-test.odoo.rgbconsulting.com\/wp-content\/uploads\/2022\/04\/Logo_Guerssen_trans_100.png","width":122,"height":100,"caption":"Guerssen records"},"image":{"@id":"https:\/\/wpguerssen-test.odoo.rgbconsulting.com\/es\/#\/schema\/logo\/image\/"}}]}},"_links":{"self":[{"href":"https:\/\/wpguerssen-test.odoo.rgbconsulting.com\/es\/wp-json\/wp\/v2\/product\/232901","targetHints":{"allow":["GET"]}}],"collection":[{"href":"https:\/\/wpguerssen-test.odoo.rgbconsulting.com\/es\/wp-json\/wp\/v2\/product"}],"about":[{"href":"https:\/\/wpguerssen-test.odoo.rgbconsulting.com\/es\/wp-json\/wp\/v2\/types\/product"}],"wp:featuredmedia":[{"embeddable":true,"href":"https:\/\/wpguerssen-test.odoo.rgbconsulting.com\/es\/wp-json\/wp\/v2\/media\/233027"}],"wp:attachment":[{"href":"https:\/\/wpguerssen-test.odoo.rgbconsulting.com\/es\/wp-json\/wp\/v2\/media?parent=232901"}],"wp:term":[{"taxonomy":"product_brand","embeddable":true,"href":"https:\/\/wpguerssen-test.odoo.rgbconsulting.com\/es\/wp-json\/wp\/v2\/product_brand?post=232901"},{"taxonomy":"product_cat","embeddable":true,"href":"https:\/\/wpguerssen-test.odoo.rgbconsulting.com\/es\/wp-json\/wp\/v2\/product_cat?post=232901"},{"taxonomy":"product_tag","embeddable":true,"href":"https:\/\/wpguerssen-test.odoo.rgbconsulting.com\/es\/wp-json\/wp\/v2\/product_tag?post=232901"}],"curies":[{"name":"wp","href":"https:\/\/api.w.org\/{rel}","templated":true}]}}