{"id":232905,"date":"2023-12-07T00:00:00","date_gmt":"2023-12-06T23:00:00","guid":{"rendered":"https:\/\/wpguerssen-test.odoo.rgbconsulting.com\/product\/gangsters-70\/"},"modified":"2024-12-02T17:05:18","modified_gmt":"2024-12-02T16:05:18","slug":"gangsters-70","status":"publish","type":"product","link":"https:\/\/wpguerssen-test.odoo.rgbconsulting.com\/es\/producto\/gangsters-70\/","title":{"rendered":"Gangsters 70"},"content":{"rendered":"<p>Un incre\u00edble primer lanzamiento de la banda sonora del legendario compositor Egisto Macchi para la pel\u00edcula de 1968 de Mino Guerrini, \u00abGangsters &#8217;70\u00bb. Creado en colaboraci\u00f3n con Walter Branchi, Gruppo di Improvvisazione Nuova Consonanza, es uno de los m\u00e1s sorprendentemente experimentales de todo su trabajo de banda sonora y sigue siendo sorprendentemente m\u00e1s de medio siglo despu\u00e9s. Este \u00e1lbum lo tiene todo, jazz psicod\u00e9lico, flow demente, tensi\u00f3n, energ\u00eda, belleza mel\u00f3dica y una interacci\u00f3n telep\u00e1tica.<\/p>\n","protected":false},"excerpt":{"rendered":"<p>Un incre\u00edble primer lanzamiento de la banda sonora del legendario compositor Egisto Macchi para la pel\u00edcula de 1968 de Mino Guerrini, \u00abGangsters &#8217;70\u00bb. Creado<a class=\"read\" href=\"https:\/\/wpguerssen-test.odoo.rgbconsulting.com\/es\/producto\/gangsters-70\/\"> (...)<\/a>","protected":false},"featured_media":246229,"template":"","meta":{"_acf_changed":false},"product_brand":[],"product_cat":[21641,23232],"product_tag":[],"class_list":{"0":"post-232905","1":"product","2":"type-product","3":"status-publish","4":"has-post-thumbnail","6":"product_cat-soundtracks-es","7":"product_cat-library-music-lounge-es","8":"pa_artist-macchi-egisto-es-2","9":"pa_format-lp-es","10":"pa_gender-soundtracks-library-music-lounge","11":"pa_label-cinedelic","12":"pa_location-europe-es","13":"pa_other-filters-vinyl-only-es","15":"first","16":"instock","17":"taxable","18":"shipping-taxable","19":"purchasable","20":"product-type-simple"},"acf":[],"yoast_head":"<!-- This site is optimized with the Yoast SEO plugin v24.9 - https:\/\/yoast.com\/wordpress\/plugins\/seo\/ -->\n<title>MACCHI, Egisto - Gangsters 70 -  (LP) | Guerssen<\/title>\n<meta name=\"description\" content=\"First Time On Vinyl - From Original Master Tapes.An incredible first ever release of the legendary composer Egisto Macchi&#039;s soundtrack for Mino Guerrini&#039;s 1968 film, &quot;Gangsters &#039;70&quot;. Created in collaboration with Walter Branchi, Gruppo di Improvvisazione Nuova Consonanza, it&#039;s among the most strikingly experimental of all his soundtrack work and remains startlingly urgent more than half a century down the road. This album has it all. Psychedelic jazz, free outings, insane flow, tension, energy, melodic beauty and a telephathis interaction.\" \/>\n<meta name=\"robots\" content=\"index, follow, max-snippet:-1, max-image-preview:large, max-video-preview:-1\" \/>\n<link rel=\"canonical\" href=\"https:\/\/wpguerssen-test.odoo.rgbconsulting.com\/es\/producto\/gangsters-70\/\" \/>\n<meta property=\"og:locale\" content=\"es_ES\" \/>\n<meta property=\"og:type\" content=\"article\" \/>\n<meta property=\"og:title\" content=\"MACCHI, Egisto - Gangsters 70 -  (LP) | Guerssen\" \/>\n<meta property=\"og:description\" content=\"First Time On Vinyl - From Original Master Tapes.An incredible first ever release of the legendary composer Egisto Macchi&#039;s soundtrack for Mino Guerrini&#039;s 1968 film, &quot;Gangsters &#039;70&quot;. Created in collaboration with Walter Branchi, Gruppo di Improvvisazione Nuova Consonanza, it&#039;s among the most strikingly experimental of all his soundtrack work and remains startlingly urgent more than half a century down the road. This album has it all. Psychedelic jazz, free outings, insane flow, tension, energy, melodic beauty and a telephathis interaction.\" \/>\n<meta property=\"og:url\" content=\"https:\/\/wpguerssen-test.odoo.rgbconsulting.com\/es\/producto\/gangsters-70\/\" \/>\n<meta property=\"og:site_name\" content=\"Guerssen records\" \/>\n<meta property=\"article:modified_time\" content=\"2024-12-02T16:05:18+00:00\" \/>\n<meta property=\"og:image\" content=\"https:\/\/wpguerssen-test.odoo.rgbconsulting.com\/wp-content\/uploads\/2023\/11\/43710.jpg\" \/>\n\t<meta property=\"og:image:width\" content=\"1000\" \/>\n\t<meta property=\"og:image:height\" content=\"995\" \/>\n\t<meta property=\"og:image:type\" content=\"image\/jpeg\" \/>\n<meta name=\"twitter:card\" content=\"summary_large_image\" \/>\n<meta name=\"twitter:title\" content=\"MACCHI, Egisto - Gangsters 70 -  (LP) | Guerssen\" \/>\n<script type=\"application\/ld+json\" class=\"yoast-schema-graph\">{\"@context\":\"https:\/\/schema.org\",\"@graph\":[{\"@type\":\"WebPage\",\"@id\":\"https:\/\/wpguerssen-test.odoo.rgbconsulting.com\/es\/producto\/gangsters-70\/\",\"url\":\"https:\/\/wpguerssen-test.odoo.rgbconsulting.com\/es\/producto\/gangsters-70\/\",\"name\":\"MACCHI, Egisto - Gangsters 70 - (LP) | Guerssen\",\"isPartOf\":{\"@id\":\"https:\/\/wpguerssen-test.odoo.rgbconsulting.com\/es\/#website\"},\"primaryImageOfPage\":{\"@id\":\"https:\/\/wpguerssen-test.odoo.rgbconsulting.com\/es\/producto\/gangsters-70\/#primaryimage\"},\"image\":{\"@id\":\"https:\/\/wpguerssen-test.odoo.rgbconsulting.com\/es\/producto\/gangsters-70\/#primaryimage\"},\"thumbnailUrl\":\"https:\/\/wpguerssen-test.odoo.rgbconsulting.com\/wp-content\/uploads\/2023\/11\/43710.jpg\",\"datePublished\":\"2023-12-06T23:00:00+00:00\",\"dateModified\":\"2024-12-02T16:05:18+00:00\",\"description\":\"First Time On Vinyl - From Original Master Tapes.An incredible first ever release of the legendary composer Egisto Macchi's soundtrack for Mino Guerrini's 1968 film, \\\"Gangsters '70\\\". Created in collaboration with Walter Branchi, Gruppo di Improvvisazione Nuova Consonanza, it's among the most strikingly experimental of all his soundtrack work and remains startlingly urgent more than half a century down the road. This album has it all. Psychedelic jazz, free outings, insane flow, tension, energy, melodic beauty and a telephathis interaction.\",\"breadcrumb\":{\"@id\":\"https:\/\/wpguerssen-test.odoo.rgbconsulting.com\/es\/producto\/gangsters-70\/#breadcrumb\"},\"inLanguage\":\"es\",\"potentialAction\":[{\"@type\":\"ReadAction\",\"target\":[\"https:\/\/wpguerssen-test.odoo.rgbconsulting.com\/es\/producto\/gangsters-70\/\"]}]},{\"@type\":\"ImageObject\",\"inLanguage\":\"es\",\"@id\":\"https:\/\/wpguerssen-test.odoo.rgbconsulting.com\/es\/producto\/gangsters-70\/#primaryimage\",\"url\":\"https:\/\/wpguerssen-test.odoo.rgbconsulting.com\/wp-content\/uploads\/2023\/11\/43710.jpg\",\"contentUrl\":\"https:\/\/wpguerssen-test.odoo.rgbconsulting.com\/wp-content\/uploads\/2023\/11\/43710.jpg\",\"width\":1000,\"height\":995,\"caption\":\"Egisto - Gangsters 70 - CINEDELIC (LP) | Guerssen\"},{\"@type\":\"BreadcrumbList\",\"@id\":\"https:\/\/wpguerssen-test.odoo.rgbconsulting.com\/es\/producto\/gangsters-70\/#breadcrumb\",\"itemListElement\":[{\"@type\":\"ListItem\",\"position\":1,\"name\":\"Inicio\",\"item\":\"https:\/\/wpguerssen-test.odoo.rgbconsulting.com\/es\/\"},{\"@type\":\"ListItem\",\"position\":2,\"name\":\"Shop\",\"item\":\"https:\/\/wpguerssen-test.odoo.rgbconsulting.com\/shop\/\"},{\"@type\":\"ListItem\",\"position\":3,\"name\":\"Gangsters 70\"}]},{\"@type\":\"WebSite\",\"@id\":\"https:\/\/wpguerssen-test.odoo.rgbconsulting.com\/es\/#website\",\"url\":\"https:\/\/wpguerssen-test.odoo.rgbconsulting.com\/es\/\",\"name\":\"Guerssen records\",\"description\":\"psychedelia - progressive - folk - garage \",\"publisher\":{\"@id\":\"https:\/\/wpguerssen-test.odoo.rgbconsulting.com\/es\/#organization\"},\"potentialAction\":[{\"@type\":\"SearchAction\",\"target\":{\"@type\":\"EntryPoint\",\"urlTemplate\":\"https:\/\/wpguerssen-test.odoo.rgbconsulting.com\/es\/?s={search_term_string}\"},\"query-input\":{\"@type\":\"PropertyValueSpecification\",\"valueRequired\":true,\"valueName\":\"search_term_string\"}}],\"inLanguage\":\"es\"},{\"@type\":\"Organization\",\"@id\":\"https:\/\/wpguerssen-test.odoo.rgbconsulting.com\/es\/#organization\",\"name\":\"Guerssen records\",\"url\":\"https:\/\/wpguerssen-test.odoo.rgbconsulting.com\/es\/\",\"logo\":{\"@type\":\"ImageObject\",\"inLanguage\":\"es\",\"@id\":\"https:\/\/wpguerssen-test.odoo.rgbconsulting.com\/es\/#\/schema\/logo\/image\/\",\"url\":\"https:\/\/wpguerssen-test.odoo.rgbconsulting.com\/wp-content\/uploads\/2022\/04\/Logo_Guerssen_trans_100.png\",\"contentUrl\":\"https:\/\/wpguerssen-test.odoo.rgbconsulting.com\/wp-content\/uploads\/2022\/04\/Logo_Guerssen_trans_100.png\",\"width\":122,\"height\":100,\"caption\":\"Guerssen records\"},\"image\":{\"@id\":\"https:\/\/wpguerssen-test.odoo.rgbconsulting.com\/es\/#\/schema\/logo\/image\/\"}}]}<\/script>\n<!-- \/ Yoast SEO plugin. -->","yoast_head_json":{"title":"MACCHI, Egisto - Gangsters 70 -  (LP) | Guerssen","description":"First Time On Vinyl - From Original Master Tapes.An incredible first ever release of the legendary composer Egisto Macchi's soundtrack for Mino Guerrini's 1968 film, \"Gangsters '70\". Created in collaboration with Walter Branchi, Gruppo di Improvvisazione Nuova Consonanza, it's among the most strikingly experimental of all his soundtrack work and remains startlingly urgent more than half a century down the road. This album has it all. Psychedelic jazz, free outings, insane flow, tension, energy, melodic beauty and a telephathis interaction.","robots":{"index":"index","follow":"follow","max-snippet":"max-snippet:-1","max-image-preview":"max-image-preview:large","max-video-preview":"max-video-preview:-1"},"canonical":"https:\/\/wpguerssen-test.odoo.rgbconsulting.com\/es\/producto\/gangsters-70\/","og_locale":"es_ES","og_type":"article","og_title":"MACCHI, Egisto - Gangsters 70 -  (LP) | Guerssen","og_description":"First Time On Vinyl - From Original Master Tapes.An incredible first ever release of the legendary composer Egisto Macchi's soundtrack for Mino Guerrini's 1968 film, \"Gangsters '70\". Created in collaboration with Walter Branchi, Gruppo di Improvvisazione Nuova Consonanza, it's among the most strikingly experimental of all his soundtrack work and remains startlingly urgent more than half a century down the road. This album has it all. Psychedelic jazz, free outings, insane flow, tension, energy, melodic beauty and a telephathis interaction.","og_url":"https:\/\/wpguerssen-test.odoo.rgbconsulting.com\/es\/producto\/gangsters-70\/","og_site_name":"Guerssen records","article_modified_time":"2024-12-02T16:05:18+00:00","og_image":[{"width":1000,"height":995,"url":"https:\/\/wpguerssen-test.odoo.rgbconsulting.com\/wp-content\/uploads\/2023\/11\/43710.jpg","type":"image\/jpeg"}],"twitter_card":"summary_large_image","twitter_title":"MACCHI, Egisto - Gangsters 70 -  (LP) | Guerssen","schema":{"@context":"https:\/\/schema.org","@graph":[{"@type":"WebPage","@id":"https:\/\/wpguerssen-test.odoo.rgbconsulting.com\/es\/producto\/gangsters-70\/","url":"https:\/\/wpguerssen-test.odoo.rgbconsulting.com\/es\/producto\/gangsters-70\/","name":"MACCHI, Egisto - Gangsters 70 - (LP) | Guerssen","isPartOf":{"@id":"https:\/\/wpguerssen-test.odoo.rgbconsulting.com\/es\/#website"},"primaryImageOfPage":{"@id":"https:\/\/wpguerssen-test.odoo.rgbconsulting.com\/es\/producto\/gangsters-70\/#primaryimage"},"image":{"@id":"https:\/\/wpguerssen-test.odoo.rgbconsulting.com\/es\/producto\/gangsters-70\/#primaryimage"},"thumbnailUrl":"https:\/\/wpguerssen-test.odoo.rgbconsulting.com\/wp-content\/uploads\/2023\/11\/43710.jpg","datePublished":"2023-12-06T23:00:00+00:00","dateModified":"2024-12-02T16:05:18+00:00","description":"First Time On Vinyl - From Original Master Tapes.An incredible first ever release of the legendary composer Egisto Macchi's soundtrack for Mino Guerrini's 1968 film, \"Gangsters '70\". Created in collaboration with Walter Branchi, Gruppo di Improvvisazione Nuova Consonanza, it's among the most strikingly experimental of all his soundtrack work and remains startlingly urgent more than half a century down the road. This album has it all. Psychedelic jazz, free outings, insane flow, tension, energy, melodic beauty and a telephathis interaction.","breadcrumb":{"@id":"https:\/\/wpguerssen-test.odoo.rgbconsulting.com\/es\/producto\/gangsters-70\/#breadcrumb"},"inLanguage":"es","potentialAction":[{"@type":"ReadAction","target":["https:\/\/wpguerssen-test.odoo.rgbconsulting.com\/es\/producto\/gangsters-70\/"]}]},{"@type":"ImageObject","inLanguage":"es","@id":"https:\/\/wpguerssen-test.odoo.rgbconsulting.com\/es\/producto\/gangsters-70\/#primaryimage","url":"https:\/\/wpguerssen-test.odoo.rgbconsulting.com\/wp-content\/uploads\/2023\/11\/43710.jpg","contentUrl":"https:\/\/wpguerssen-test.odoo.rgbconsulting.com\/wp-content\/uploads\/2023\/11\/43710.jpg","width":1000,"height":995,"caption":"Egisto - Gangsters 70 - CINEDELIC (LP) | Guerssen"},{"@type":"BreadcrumbList","@id":"https:\/\/wpguerssen-test.odoo.rgbconsulting.com\/es\/producto\/gangsters-70\/#breadcrumb","itemListElement":[{"@type":"ListItem","position":1,"name":"Inicio","item":"https:\/\/wpguerssen-test.odoo.rgbconsulting.com\/es\/"},{"@type":"ListItem","position":2,"name":"Shop","item":"https:\/\/wpguerssen-test.odoo.rgbconsulting.com\/shop\/"},{"@type":"ListItem","position":3,"name":"Gangsters 70"}]},{"@type":"WebSite","@id":"https:\/\/wpguerssen-test.odoo.rgbconsulting.com\/es\/#website","url":"https:\/\/wpguerssen-test.odoo.rgbconsulting.com\/es\/","name":"Guerssen records","description":"psychedelia - progressive - folk - garage ","publisher":{"@id":"https:\/\/wpguerssen-test.odoo.rgbconsulting.com\/es\/#organization"},"potentialAction":[{"@type":"SearchAction","target":{"@type":"EntryPoint","urlTemplate":"https:\/\/wpguerssen-test.odoo.rgbconsulting.com\/es\/?s={search_term_string}"},"query-input":{"@type":"PropertyValueSpecification","valueRequired":true,"valueName":"search_term_string"}}],"inLanguage":"es"},{"@type":"Organization","@id":"https:\/\/wpguerssen-test.odoo.rgbconsulting.com\/es\/#organization","name":"Guerssen records","url":"https:\/\/wpguerssen-test.odoo.rgbconsulting.com\/es\/","logo":{"@type":"ImageObject","inLanguage":"es","@id":"https:\/\/wpguerssen-test.odoo.rgbconsulting.com\/es\/#\/schema\/logo\/image\/","url":"https:\/\/wpguerssen-test.odoo.rgbconsulting.com\/wp-content\/uploads\/2022\/04\/Logo_Guerssen_trans_100.png","contentUrl":"https:\/\/wpguerssen-test.odoo.rgbconsulting.com\/wp-content\/uploads\/2022\/04\/Logo_Guerssen_trans_100.png","width":122,"height":100,"caption":"Guerssen records"},"image":{"@id":"https:\/\/wpguerssen-test.odoo.rgbconsulting.com\/es\/#\/schema\/logo\/image\/"}}]}},"_links":{"self":[{"href":"https:\/\/wpguerssen-test.odoo.rgbconsulting.com\/es\/wp-json\/wp\/v2\/product\/232905","targetHints":{"allow":["GET"]}}],"collection":[{"href":"https:\/\/wpguerssen-test.odoo.rgbconsulting.com\/es\/wp-json\/wp\/v2\/product"}],"about":[{"href":"https:\/\/wpguerssen-test.odoo.rgbconsulting.com\/es\/wp-json\/wp\/v2\/types\/product"}],"wp:featuredmedia":[{"embeddable":true,"href":"https:\/\/wpguerssen-test.odoo.rgbconsulting.com\/es\/wp-json\/wp\/v2\/media\/246229"}],"wp:attachment":[{"href":"https:\/\/wpguerssen-test.odoo.rgbconsulting.com\/es\/wp-json\/wp\/v2\/media?parent=232905"}],"wp:term":[{"taxonomy":"product_brand","embeddable":true,"href":"https:\/\/wpguerssen-test.odoo.rgbconsulting.com\/es\/wp-json\/wp\/v2\/product_brand?post=232905"},{"taxonomy":"product_cat","embeddable":true,"href":"https:\/\/wpguerssen-test.odoo.rgbconsulting.com\/es\/wp-json\/wp\/v2\/product_cat?post=232905"},{"taxonomy":"product_tag","embeddable":true,"href":"https:\/\/wpguerssen-test.odoo.rgbconsulting.com\/es\/wp-json\/wp\/v2\/product_tag?post=232905"}],"curies":[{"name":"wp","href":"https:\/\/api.w.org\/{rel}","templated":true}]}}