{"id":233061,"date":"2025-01-07T00:00:00","date_gmt":"2025-01-06T23:00:00","guid":{"rendered":"https:\/\/wpguerssen-test.odoo.rgbconsulting.com\/product\/jawbone\/"},"modified":"2025-04-23T17:25:06","modified_gmt":"2025-04-23T15:25:06","slug":"jawbone","status":"publish","type":"product","link":"https:\/\/wpguerssen-test.odoo.rgbconsulting.com\/es\/producto\/jawbone\/","title":{"rendered":"Jawbone"},"content":{"rendered":"<p>El grupo de pop psicod\u00e9lico Jawbone ten\u00eda un amplio talento y grandes conexiones en la industria, pero segu\u00eda siendo injustamente oscuro. Los miembros principales hab\u00edan estado activos en The Mirage, que firmaron con CBS y luego grabaron para Phillips; el baterista David Hynes y el bajista\/futuro pilar de la Elton John Band, Dee Murray, se unieron brevemente al Spencer Davis Group, pero se reagruparon como Portobello Explosion, que se convirti\u00f3 en Jawbone. Su raro debut hom\u00f3nimo, lanzado por Carnaby en 1970, ten\u00eda un trasfondo estadounidense, y hay una versi\u00f3n \u00fanica de \u00abAcross The Universe\u00bb de The Beatles; esta edici\u00f3n incluye el bonus track &#8216;Way, Way Down&#8217;.<\/p>\n","protected":false},"excerpt":{"rendered":"<p>El grupo de pop psicod\u00e9lico Jawbone ten\u00eda un amplio talento y grandes conexiones en la industria, pero segu\u00eda siendo injustamente oscuro. Los miembros principales<a class=\"read\" href=\"https:\/\/wpguerssen-test.odoo.rgbconsulting.com\/es\/producto\/jawbone\/\"> (...)<\/a>","protected":false},"featured_media":233133,"template":"","meta":{"_acf_changed":false},"product_brand":[],"product_cat":[21639],"product_tag":[24185,24190],"class_list":{"0":"post-233061","1":"product","2":"type-product","3":"status-publish","4":"has-post-thumbnail","6":"product_cat-psychedelic60s-70s-es","7":"product_tag-de-nuevo-en-existencia","8":"product_tag-sales-es","9":"pa_artist-jawbone","10":"pa_format-lp-es","11":"pa_gender-psychedelic60s-70s","12":"pa_label-trading-places","13":"pa_location-uk-ireland-es","14":"pa_other-filters-vinyl-only-es","16":"first","17":"instock","18":"taxable","19":"shipping-taxable","20":"purchasable","21":"product-type-simple"},"acf":[],"yoast_head":"<!-- This site is optimized with the Yoast SEO plugin v24.9 - https:\/\/yoast.com\/wordpress\/plugins\/seo\/ -->\n<title>JAWBONE - Jawbone -  (LP) | Guerssen<\/title>\n<meta name=\"description\" content=\"Psychedelic pop act Jawbone had ample talent and keen industry connections yet remained unjustly obscure. Core members had been active in The Mirage, who signed with CBS and later recorded for Phillips; drummer David Hynes and bassist\/future Elton John Band mainstay Dee Murray briefly joined the Spencer Davis Group, but regrouped as Portobello Explosion, which became Jawbone. Their rare self-titled debut, released by Carnaby in 1970, had an undercurrent of Americana, and there&#039;s a one-off cover of The Beatles&#039; &#039;Across The Universe&#039;; this edition features bonus track &#039;Way, Way Down,&#039; a non-LP Carnaby 45.\" \/>\n<meta name=\"robots\" content=\"index, follow, max-snippet:-1, max-image-preview:large, max-video-preview:-1\" \/>\n<link rel=\"canonical\" href=\"https:\/\/wpguerssen-test.odoo.rgbconsulting.com\/es\/producto\/jawbone\/\" \/>\n<meta property=\"og:locale\" content=\"es_ES\" \/>\n<meta property=\"og:type\" content=\"article\" \/>\n<meta property=\"og:title\" content=\"JAWBONE - Jawbone -  (LP) | Guerssen\" \/>\n<meta property=\"og:description\" content=\"Psychedelic pop act Jawbone had ample talent and keen industry connections yet remained unjustly obscure. Core members had been active in The Mirage, who signed with CBS and later recorded for Phillips; drummer David Hynes and bassist\/future Elton John Band mainstay Dee Murray briefly joined the Spencer Davis Group, but regrouped as Portobello Explosion, which became Jawbone. Their rare self-titled debut, released by Carnaby in 1970, had an undercurrent of Americana, and there&#039;s a one-off cover of The Beatles&#039; &#039;Across The Universe&#039;; this edition features bonus track &#039;Way, Way Down,&#039; a non-LP Carnaby 45.\" \/>\n<meta property=\"og:url\" content=\"https:\/\/wpguerssen-test.odoo.rgbconsulting.com\/es\/producto\/jawbone\/\" \/>\n<meta property=\"og:site_name\" content=\"Guerssen records\" \/>\n<meta property=\"article:modified_time\" content=\"2025-04-23T15:25:06+00:00\" \/>\n<meta property=\"og:image\" content=\"https:\/\/wpguerssen-test.odoo.rgbconsulting.com\/wp-content\/uploads\/2023\/06\/43743.jpg\" \/>\n\t<meta property=\"og:image:width\" content=\"945\" \/>\n\t<meta property=\"og:image:height\" content=\"946\" \/>\n\t<meta property=\"og:image:type\" content=\"image\/jpeg\" \/>\n<meta name=\"twitter:card\" content=\"summary_large_image\" \/>\n<meta name=\"twitter:title\" content=\"JAWBONE - Jawbone -  (LP) | Guerssen\" \/>\n<meta name=\"twitter:label1\" content=\"Tiempo de lectura\" \/>\n\t<meta name=\"twitter:data1\" content=\"1 minuto\" \/>\n<script type=\"application\/ld+json\" class=\"yoast-schema-graph\">{\"@context\":\"https:\/\/schema.org\",\"@graph\":[{\"@type\":\"WebPage\",\"@id\":\"https:\/\/wpguerssen-test.odoo.rgbconsulting.com\/es\/producto\/jawbone\/\",\"url\":\"https:\/\/wpguerssen-test.odoo.rgbconsulting.com\/es\/producto\/jawbone\/\",\"name\":\"JAWBONE - Jawbone - (LP) | Guerssen\",\"isPartOf\":{\"@id\":\"https:\/\/wpguerssen-test.odoo.rgbconsulting.com\/es\/#website\"},\"primaryImageOfPage\":{\"@id\":\"https:\/\/wpguerssen-test.odoo.rgbconsulting.com\/es\/producto\/jawbone\/#primaryimage\"},\"image\":{\"@id\":\"https:\/\/wpguerssen-test.odoo.rgbconsulting.com\/es\/producto\/jawbone\/#primaryimage\"},\"thumbnailUrl\":\"https:\/\/wpguerssen-test.odoo.rgbconsulting.com\/wp-content\/uploads\/2023\/06\/43743.jpg\",\"datePublished\":\"2025-01-06T23:00:00+00:00\",\"dateModified\":\"2025-04-23T15:25:06+00:00\",\"description\":\"Psychedelic pop act Jawbone had ample talent and keen industry connections yet remained unjustly obscure. Core members had been active in The Mirage, who signed with CBS and later recorded for Phillips; drummer David Hynes and bassist\/future Elton John Band mainstay Dee Murray briefly joined the Spencer Davis Group, but regrouped as Portobello Explosion, which became Jawbone. Their rare self-titled debut, released by Carnaby in 1970, had an undercurrent of Americana, and there's a one-off cover of The Beatles' 'Across The Universe'; this edition features bonus track 'Way, Way Down,' a non-LP Carnaby 45.\",\"breadcrumb\":{\"@id\":\"https:\/\/wpguerssen-test.odoo.rgbconsulting.com\/es\/producto\/jawbone\/#breadcrumb\"},\"inLanguage\":\"es\",\"potentialAction\":[{\"@type\":\"ReadAction\",\"target\":[\"https:\/\/wpguerssen-test.odoo.rgbconsulting.com\/es\/producto\/jawbone\/\"]}]},{\"@type\":\"ImageObject\",\"inLanguage\":\"es\",\"@id\":\"https:\/\/wpguerssen-test.odoo.rgbconsulting.com\/es\/producto\/jawbone\/#primaryimage\",\"url\":\"https:\/\/wpguerssen-test.odoo.rgbconsulting.com\/wp-content\/uploads\/2023\/06\/43743.jpg\",\"contentUrl\":\"https:\/\/wpguerssen-test.odoo.rgbconsulting.com\/wp-content\/uploads\/2023\/06\/43743.jpg\",\"width\":945,\"height\":946},{\"@type\":\"BreadcrumbList\",\"@id\":\"https:\/\/wpguerssen-test.odoo.rgbconsulting.com\/es\/producto\/jawbone\/#breadcrumb\",\"itemListElement\":[{\"@type\":\"ListItem\",\"position\":1,\"name\":\"Inicio\",\"item\":\"https:\/\/wpguerssen-test.odoo.rgbconsulting.com\/es\/\"},{\"@type\":\"ListItem\",\"position\":2,\"name\":\"Shop\",\"item\":\"https:\/\/wpguerssen-test.odoo.rgbconsulting.com\/shop\/\"},{\"@type\":\"ListItem\",\"position\":3,\"name\":\"Jawbone\"}]},{\"@type\":\"WebSite\",\"@id\":\"https:\/\/wpguerssen-test.odoo.rgbconsulting.com\/es\/#website\",\"url\":\"https:\/\/wpguerssen-test.odoo.rgbconsulting.com\/es\/\",\"name\":\"Guerssen records\",\"description\":\"psychedelia - progressive - folk - garage \",\"publisher\":{\"@id\":\"https:\/\/wpguerssen-test.odoo.rgbconsulting.com\/es\/#organization\"},\"potentialAction\":[{\"@type\":\"SearchAction\",\"target\":{\"@type\":\"EntryPoint\",\"urlTemplate\":\"https:\/\/wpguerssen-test.odoo.rgbconsulting.com\/es\/?s={search_term_string}\"},\"query-input\":{\"@type\":\"PropertyValueSpecification\",\"valueRequired\":true,\"valueName\":\"search_term_string\"}}],\"inLanguage\":\"es\"},{\"@type\":\"Organization\",\"@id\":\"https:\/\/wpguerssen-test.odoo.rgbconsulting.com\/es\/#organization\",\"name\":\"Guerssen records\",\"url\":\"https:\/\/wpguerssen-test.odoo.rgbconsulting.com\/es\/\",\"logo\":{\"@type\":\"ImageObject\",\"inLanguage\":\"es\",\"@id\":\"https:\/\/wpguerssen-test.odoo.rgbconsulting.com\/es\/#\/schema\/logo\/image\/\",\"url\":\"https:\/\/wpguerssen-test.odoo.rgbconsulting.com\/wp-content\/uploads\/2022\/04\/Logo_Guerssen_trans_100.png\",\"contentUrl\":\"https:\/\/wpguerssen-test.odoo.rgbconsulting.com\/wp-content\/uploads\/2022\/04\/Logo_Guerssen_trans_100.png\",\"width\":122,\"height\":100,\"caption\":\"Guerssen records\"},\"image\":{\"@id\":\"https:\/\/wpguerssen-test.odoo.rgbconsulting.com\/es\/#\/schema\/logo\/image\/\"}}]}<\/script>\n<!-- \/ Yoast SEO plugin. -->","yoast_head_json":{"title":"JAWBONE - Jawbone -  (LP) | Guerssen","description":"Psychedelic pop act Jawbone had ample talent and keen industry connections yet remained unjustly obscure. Core members had been active in The Mirage, who signed with CBS and later recorded for Phillips; drummer David Hynes and bassist\/future Elton John Band mainstay Dee Murray briefly joined the Spencer Davis Group, but regrouped as Portobello Explosion, which became Jawbone. Their rare self-titled debut, released by Carnaby in 1970, had an undercurrent of Americana, and there's a one-off cover of The Beatles' 'Across The Universe'; this edition features bonus track 'Way, Way Down,' a non-LP Carnaby 45.","robots":{"index":"index","follow":"follow","max-snippet":"max-snippet:-1","max-image-preview":"max-image-preview:large","max-video-preview":"max-video-preview:-1"},"canonical":"https:\/\/wpguerssen-test.odoo.rgbconsulting.com\/es\/producto\/jawbone\/","og_locale":"es_ES","og_type":"article","og_title":"JAWBONE - Jawbone -  (LP) | Guerssen","og_description":"Psychedelic pop act Jawbone had ample talent and keen industry connections yet remained unjustly obscure. Core members had been active in The Mirage, who signed with CBS and later recorded for Phillips; drummer David Hynes and bassist\/future Elton John Band mainstay Dee Murray briefly joined the Spencer Davis Group, but regrouped as Portobello Explosion, which became Jawbone. Their rare self-titled debut, released by Carnaby in 1970, had an undercurrent of Americana, and there's a one-off cover of The Beatles' 'Across The Universe'; this edition features bonus track 'Way, Way Down,' a non-LP Carnaby 45.","og_url":"https:\/\/wpguerssen-test.odoo.rgbconsulting.com\/es\/producto\/jawbone\/","og_site_name":"Guerssen records","article_modified_time":"2025-04-23T15:25:06+00:00","og_image":[{"width":945,"height":946,"url":"https:\/\/wpguerssen-test.odoo.rgbconsulting.com\/wp-content\/uploads\/2023\/06\/43743.jpg","type":"image\/jpeg"}],"twitter_card":"summary_large_image","twitter_title":"JAWBONE - Jawbone -  (LP) | Guerssen","twitter_misc":{"Tiempo de lectura":"1 minuto"},"schema":{"@context":"https:\/\/schema.org","@graph":[{"@type":"WebPage","@id":"https:\/\/wpguerssen-test.odoo.rgbconsulting.com\/es\/producto\/jawbone\/","url":"https:\/\/wpguerssen-test.odoo.rgbconsulting.com\/es\/producto\/jawbone\/","name":"JAWBONE - Jawbone - (LP) | Guerssen","isPartOf":{"@id":"https:\/\/wpguerssen-test.odoo.rgbconsulting.com\/es\/#website"},"primaryImageOfPage":{"@id":"https:\/\/wpguerssen-test.odoo.rgbconsulting.com\/es\/producto\/jawbone\/#primaryimage"},"image":{"@id":"https:\/\/wpguerssen-test.odoo.rgbconsulting.com\/es\/producto\/jawbone\/#primaryimage"},"thumbnailUrl":"https:\/\/wpguerssen-test.odoo.rgbconsulting.com\/wp-content\/uploads\/2023\/06\/43743.jpg","datePublished":"2025-01-06T23:00:00+00:00","dateModified":"2025-04-23T15:25:06+00:00","description":"Psychedelic pop act Jawbone had ample talent and keen industry connections yet remained unjustly obscure. Core members had been active in The Mirage, who signed with CBS and later recorded for Phillips; drummer David Hynes and bassist\/future Elton John Band mainstay Dee Murray briefly joined the Spencer Davis Group, but regrouped as Portobello Explosion, which became Jawbone. Their rare self-titled debut, released by Carnaby in 1970, had an undercurrent of Americana, and there's a one-off cover of The Beatles' 'Across The Universe'; this edition features bonus track 'Way, Way Down,' a non-LP Carnaby 45.","breadcrumb":{"@id":"https:\/\/wpguerssen-test.odoo.rgbconsulting.com\/es\/producto\/jawbone\/#breadcrumb"},"inLanguage":"es","potentialAction":[{"@type":"ReadAction","target":["https:\/\/wpguerssen-test.odoo.rgbconsulting.com\/es\/producto\/jawbone\/"]}]},{"@type":"ImageObject","inLanguage":"es","@id":"https:\/\/wpguerssen-test.odoo.rgbconsulting.com\/es\/producto\/jawbone\/#primaryimage","url":"https:\/\/wpguerssen-test.odoo.rgbconsulting.com\/wp-content\/uploads\/2023\/06\/43743.jpg","contentUrl":"https:\/\/wpguerssen-test.odoo.rgbconsulting.com\/wp-content\/uploads\/2023\/06\/43743.jpg","width":945,"height":946},{"@type":"BreadcrumbList","@id":"https:\/\/wpguerssen-test.odoo.rgbconsulting.com\/es\/producto\/jawbone\/#breadcrumb","itemListElement":[{"@type":"ListItem","position":1,"name":"Inicio","item":"https:\/\/wpguerssen-test.odoo.rgbconsulting.com\/es\/"},{"@type":"ListItem","position":2,"name":"Shop","item":"https:\/\/wpguerssen-test.odoo.rgbconsulting.com\/shop\/"},{"@type":"ListItem","position":3,"name":"Jawbone"}]},{"@type":"WebSite","@id":"https:\/\/wpguerssen-test.odoo.rgbconsulting.com\/es\/#website","url":"https:\/\/wpguerssen-test.odoo.rgbconsulting.com\/es\/","name":"Guerssen records","description":"psychedelia - progressive - folk - garage ","publisher":{"@id":"https:\/\/wpguerssen-test.odoo.rgbconsulting.com\/es\/#organization"},"potentialAction":[{"@type":"SearchAction","target":{"@type":"EntryPoint","urlTemplate":"https:\/\/wpguerssen-test.odoo.rgbconsulting.com\/es\/?s={search_term_string}"},"query-input":{"@type":"PropertyValueSpecification","valueRequired":true,"valueName":"search_term_string"}}],"inLanguage":"es"},{"@type":"Organization","@id":"https:\/\/wpguerssen-test.odoo.rgbconsulting.com\/es\/#organization","name":"Guerssen records","url":"https:\/\/wpguerssen-test.odoo.rgbconsulting.com\/es\/","logo":{"@type":"ImageObject","inLanguage":"es","@id":"https:\/\/wpguerssen-test.odoo.rgbconsulting.com\/es\/#\/schema\/logo\/image\/","url":"https:\/\/wpguerssen-test.odoo.rgbconsulting.com\/wp-content\/uploads\/2022\/04\/Logo_Guerssen_trans_100.png","contentUrl":"https:\/\/wpguerssen-test.odoo.rgbconsulting.com\/wp-content\/uploads\/2022\/04\/Logo_Guerssen_trans_100.png","width":122,"height":100,"caption":"Guerssen records"},"image":{"@id":"https:\/\/wpguerssen-test.odoo.rgbconsulting.com\/es\/#\/schema\/logo\/image\/"}}]}},"_links":{"self":[{"href":"https:\/\/wpguerssen-test.odoo.rgbconsulting.com\/es\/wp-json\/wp\/v2\/product\/233061","targetHints":{"allow":["GET"]}}],"collection":[{"href":"https:\/\/wpguerssen-test.odoo.rgbconsulting.com\/es\/wp-json\/wp\/v2\/product"}],"about":[{"href":"https:\/\/wpguerssen-test.odoo.rgbconsulting.com\/es\/wp-json\/wp\/v2\/types\/product"}],"wp:featuredmedia":[{"embeddable":true,"href":"https:\/\/wpguerssen-test.odoo.rgbconsulting.com\/es\/wp-json\/wp\/v2\/media\/233133"}],"wp:attachment":[{"href":"https:\/\/wpguerssen-test.odoo.rgbconsulting.com\/es\/wp-json\/wp\/v2\/media?parent=233061"}],"wp:term":[{"taxonomy":"product_brand","embeddable":true,"href":"https:\/\/wpguerssen-test.odoo.rgbconsulting.com\/es\/wp-json\/wp\/v2\/product_brand?post=233061"},{"taxonomy":"product_cat","embeddable":true,"href":"https:\/\/wpguerssen-test.odoo.rgbconsulting.com\/es\/wp-json\/wp\/v2\/product_cat?post=233061"},{"taxonomy":"product_tag","embeddable":true,"href":"https:\/\/wpguerssen-test.odoo.rgbconsulting.com\/es\/wp-json\/wp\/v2\/product_tag?post=233061"}],"curies":[{"name":"wp","href":"https:\/\/api.w.org\/{rel}","templated":true}]}}