{"id":233156,"date":"2023-06-07T00:00:00","date_gmt":"2023-06-06T22:00:00","guid":{"rendered":"https:\/\/wpguerssen-test.odoo.rgbconsulting.com\/product\/masterpiece-limited-edition\/"},"modified":"2025-01-07T19:03:36","modified_gmt":"2025-01-07T18:03:36","slug":"masterpiece-limited-edition","status":"publish","type":"product","link":"https:\/\/wpguerssen-test.odoo.rgbconsulting.com\/es\/producto\/masterpiece-limited-edition\/","title":{"rendered":"Masterpiece Limited Edition"},"content":{"rendered":"<p>LP de edici\u00f3n limitada de 180 gramos<br \/>Como todos los \u00e1lbumes de la era del \u00absoul psicod\u00e9lico\u00bb de The Temptations, Masterpiece fue producido por Norman Whitfield. Despu\u00e9s de haber producido canciones para The Temptations como \u00abSmiling Faces times\u00bb y \u00abPapa Was a Rollin&#8217; Stone\u00bb, que enfatizaron sus pistas instrumentales sobre las voces del grupo, Whitfield fue aqu\u00ed un paso m\u00e1s all\u00e1. La canci\u00f3n principal, de casi catorce minutos de duraci\u00f3n, incluye solo tres minutos de voces grupales. Muchos cr\u00edticos, y los propios The Temptations, comentaron que gran parte de Masterpiece, y especialmente su canci\u00f3n principal, suena m\u00e1s como una grabaci\u00f3n en solitario de Norman Whitfield\/Funk Brothers con coros de The Temptations que como una canci\u00f3n del grupo. Masterpiece alcanz\u00f3 el n\u00famero 1 en la lista de sencillos de R&#038;B de Billboard y el n\u00famero 7 en Billboard Hot 100. \u00abHey Girl (I Like Your Style)\u00bb tambi\u00e9n se convirti\u00f3 en un \u00e9xito Top 40 a fines del verano y principios del oto\u00f1o de 1973, y \u00abLaw of the Land\u00bb fue lanzado como un sencillo solo en el Reino Unido por Tamla Motown, y se perdi\u00f3 el Top 40 del Reino Unido, alcanzando el puesto 41 a finales de 1973.<\/p>\n","protected":false},"excerpt":{"rendered":"<p>LP de edici\u00f3n limitada de 180 gramos<br \/>Como todos los \u00e1lbumes de la era del \u00absoul psicod\u00e9lico\u00bb de The Temptations, Masterpiece fue producido por Norman Whitfield.<a class=\"read\" href=\"https:\/\/wpguerssen-test.odoo.rgbconsulting.com\/es\/producto\/masterpiece-limited-edition\/\"> (...)<\/a>","protected":false},"featured_media":233113,"template":"","meta":{"_acf_changed":false},"product_brand":[],"product_cat":[21649],"product_tag":[],"class_list":{"0":"post-233156","1":"product","2":"type-product","3":"status-publish","4":"has-post-thumbnail","6":"product_cat-soul-rnb-es","7":"pa_artist-temptations-the","8":"pa_format-lp-es","9":"pa_gender-soul-rnb","10":"pa_label-elemental-music","11":"pa_location-north-america-es","12":"pa_other-filters-vinyl-only-es","14":"first","15":"instock","16":"taxable","17":"shipping-taxable","18":"purchasable","19":"product-type-simple"},"acf":[],"yoast_head":"<!-- This site is optimized with the Yoast SEO plugin v24.9 - https:\/\/yoast.com\/wordpress\/plugins\/seo\/ -->\n<title>TEMPTATIONS, The - Masterpiece Limited Edition -  (LP) | Guerssen<\/title>\n<meta name=\"description\" content=\"Limited Edition 180 Gram LPAs all of The Temptations&#039; &quot;psychedelic soul&quot;-era albums, Masterpiece was produced by Norman Whitfield. Having already produced songs for the Temptations such as &quot;Smiling Faces Sometimes&quot; and &quot;Papa Was a Rollin&#039; Stone&quot;, which emphasized his instrumental tracks over the group&#039;s vocals, Whitfield went here one step further. The title track, at nearly fourteen minutes long, includes just three minutes of group vocals. Many critics, and The Temptations themselves, remarked that much of Masterpiece, and especially its title track, sounds more like a Norman Whitfield\/Funk Brothers solo recording featuring supporting vocals by The Temptations than as a song by the group. Masterpiece reached #1 on the Billboard R&amp;B singles chart, and #7 on the Billboard Hot 100. &quot;Hey Girl (I Like Your Style)&quot; also became a Top 40 hit in the late summer\/early fall of 1973, and &quot;Law of the Land&quot; was released as a UK-only single by Tamla Motown, and just missed the UK Top 40, peaking at #41 in late 1973.\" \/>\n<meta name=\"robots\" content=\"index, follow, max-snippet:-1, max-image-preview:large, max-video-preview:-1\" \/>\n<link rel=\"canonical\" href=\"https:\/\/wpguerssen-test.odoo.rgbconsulting.com\/es\/producto\/masterpiece-limited-edition\/\" \/>\n<meta property=\"og:locale\" content=\"es_ES\" \/>\n<meta property=\"og:type\" content=\"article\" \/>\n<meta property=\"og:title\" content=\"TEMPTATIONS, The - Masterpiece Limited Edition -  (LP) | Guerssen\" \/>\n<meta property=\"og:description\" content=\"Limited Edition 180 Gram LPAs all of The Temptations&#039; &quot;psychedelic soul&quot;-era albums, Masterpiece was produced by Norman Whitfield. Having already produced songs for the Temptations such as &quot;Smiling Faces Sometimes&quot; and &quot;Papa Was a Rollin&#039; Stone&quot;, which emphasized his instrumental tracks over the group&#039;s vocals, Whitfield went here one step further. The title track, at nearly fourteen minutes long, includes just three minutes of group vocals. Many critics, and The Temptations themselves, remarked that much of Masterpiece, and especially its title track, sounds more like a Norman Whitfield\/Funk Brothers solo recording featuring supporting vocals by The Temptations than as a song by the group. Masterpiece reached #1 on the Billboard R&amp;B singles chart, and #7 on the Billboard Hot 100. &quot;Hey Girl (I Like Your Style)&quot; also became a Top 40 hit in the late summer\/early fall of 1973, and &quot;Law of the Land&quot; was released as a UK-only single by Tamla Motown, and just missed the UK Top 40, peaking at #41 in late 1973.\" \/>\n<meta property=\"og:url\" content=\"https:\/\/wpguerssen-test.odoo.rgbconsulting.com\/es\/producto\/masterpiece-limited-edition\/\" \/>\n<meta property=\"og:site_name\" content=\"Guerssen records\" \/>\n<meta property=\"article:modified_time\" content=\"2025-01-07T18:03:36+00:00\" \/>\n<meta property=\"og:image\" content=\"https:\/\/wpguerssen-test.odoo.rgbconsulting.com\/wp-content\/uploads\/2023\/06\/43760.jpg\" \/>\n\t<meta property=\"og:image:width\" content=\"381\" \/>\n\t<meta property=\"og:image:height\" content=\"381\" \/>\n\t<meta property=\"og:image:type\" content=\"image\/jpeg\" \/>\n<meta name=\"twitter:card\" content=\"summary_large_image\" \/>\n<meta name=\"twitter:title\" content=\"TEMPTATIONS, The - Masterpiece Limited Edition -  (LP) | Guerssen\" \/>\n<meta name=\"twitter:label1\" content=\"Tiempo de lectura\" \/>\n\t<meta name=\"twitter:data1\" content=\"1 minuto\" \/>\n<script type=\"application\/ld+json\" class=\"yoast-schema-graph\">{\"@context\":\"https:\/\/schema.org\",\"@graph\":[{\"@type\":\"WebPage\",\"@id\":\"https:\/\/wpguerssen-test.odoo.rgbconsulting.com\/es\/producto\/masterpiece-limited-edition\/\",\"url\":\"https:\/\/wpguerssen-test.odoo.rgbconsulting.com\/es\/producto\/masterpiece-limited-edition\/\",\"name\":\"TEMPTATIONS, The - Masterpiece Limited Edition - (LP) | Guerssen\",\"isPartOf\":{\"@id\":\"https:\/\/wpguerssen-test.odoo.rgbconsulting.com\/es\/#website\"},\"primaryImageOfPage\":{\"@id\":\"https:\/\/wpguerssen-test.odoo.rgbconsulting.com\/es\/producto\/masterpiece-limited-edition\/#primaryimage\"},\"image\":{\"@id\":\"https:\/\/wpguerssen-test.odoo.rgbconsulting.com\/es\/producto\/masterpiece-limited-edition\/#primaryimage\"},\"thumbnailUrl\":\"https:\/\/wpguerssen-test.odoo.rgbconsulting.com\/wp-content\/uploads\/2023\/06\/43760.jpg\",\"datePublished\":\"2023-06-06T22:00:00+00:00\",\"dateModified\":\"2025-01-07T18:03:36+00:00\",\"description\":\"Limited Edition 180 Gram LPAs all of The Temptations' \\\"psychedelic soul\\\"-era albums, Masterpiece was produced by Norman Whitfield. Having already produced songs for the Temptations such as \\\"Smiling Faces Sometimes\\\" and \\\"Papa Was a Rollin' Stone\\\", which emphasized his instrumental tracks over the group's vocals, Whitfield went here one step further. The title track, at nearly fourteen minutes long, includes just three minutes of group vocals. Many critics, and The Temptations themselves, remarked that much of Masterpiece, and especially its title track, sounds more like a Norman Whitfield\/Funk Brothers solo recording featuring supporting vocals by The Temptations than as a song by the group. Masterpiece reached #1 on the Billboard R&B singles chart, and #7 on the Billboard Hot 100. \\\"Hey Girl (I Like Your Style)\\\" also became a Top 40 hit in the late summer\/early fall of 1973, and \\\"Law of the Land\\\" was released as a UK-only single by Tamla Motown, and just missed the UK Top 40, peaking at #41 in late 1973.\",\"breadcrumb\":{\"@id\":\"https:\/\/wpguerssen-test.odoo.rgbconsulting.com\/es\/producto\/masterpiece-limited-edition\/#breadcrumb\"},\"inLanguage\":\"es\",\"potentialAction\":[{\"@type\":\"ReadAction\",\"target\":[\"https:\/\/wpguerssen-test.odoo.rgbconsulting.com\/es\/producto\/masterpiece-limited-edition\/\"]}]},{\"@type\":\"ImageObject\",\"inLanguage\":\"es\",\"@id\":\"https:\/\/wpguerssen-test.odoo.rgbconsulting.com\/es\/producto\/masterpiece-limited-edition\/#primaryimage\",\"url\":\"https:\/\/wpguerssen-test.odoo.rgbconsulting.com\/wp-content\/uploads\/2023\/06\/43760.jpg\",\"contentUrl\":\"https:\/\/wpguerssen-test.odoo.rgbconsulting.com\/wp-content\/uploads\/2023\/06\/43760.jpg\",\"width\":381,\"height\":381,\"caption\":\"The - Masterpiece Limited Edition - ELEMENTAL MUSIC (LP) | Guerssen\"},{\"@type\":\"BreadcrumbList\",\"@id\":\"https:\/\/wpguerssen-test.odoo.rgbconsulting.com\/es\/producto\/masterpiece-limited-edition\/#breadcrumb\",\"itemListElement\":[{\"@type\":\"ListItem\",\"position\":1,\"name\":\"Inicio\",\"item\":\"https:\/\/wpguerssen-test.odoo.rgbconsulting.com\/es\/\"},{\"@type\":\"ListItem\",\"position\":2,\"name\":\"Shop\",\"item\":\"https:\/\/wpguerssen-test.odoo.rgbconsulting.com\/shop\/\"},{\"@type\":\"ListItem\",\"position\":3,\"name\":\"Masterpiece Limited Edition\"}]},{\"@type\":\"WebSite\",\"@id\":\"https:\/\/wpguerssen-test.odoo.rgbconsulting.com\/es\/#website\",\"url\":\"https:\/\/wpguerssen-test.odoo.rgbconsulting.com\/es\/\",\"name\":\"Guerssen records\",\"description\":\"psychedelia - progressive - folk - garage \",\"publisher\":{\"@id\":\"https:\/\/wpguerssen-test.odoo.rgbconsulting.com\/es\/#organization\"},\"potentialAction\":[{\"@type\":\"SearchAction\",\"target\":{\"@type\":\"EntryPoint\",\"urlTemplate\":\"https:\/\/wpguerssen-test.odoo.rgbconsulting.com\/es\/?s={search_term_string}\"},\"query-input\":{\"@type\":\"PropertyValueSpecification\",\"valueRequired\":true,\"valueName\":\"search_term_string\"}}],\"inLanguage\":\"es\"},{\"@type\":\"Organization\",\"@id\":\"https:\/\/wpguerssen-test.odoo.rgbconsulting.com\/es\/#organization\",\"name\":\"Guerssen records\",\"url\":\"https:\/\/wpguerssen-test.odoo.rgbconsulting.com\/es\/\",\"logo\":{\"@type\":\"ImageObject\",\"inLanguage\":\"es\",\"@id\":\"https:\/\/wpguerssen-test.odoo.rgbconsulting.com\/es\/#\/schema\/logo\/image\/\",\"url\":\"https:\/\/wpguerssen-test.odoo.rgbconsulting.com\/wp-content\/uploads\/2022\/04\/Logo_Guerssen_trans_100.png\",\"contentUrl\":\"https:\/\/wpguerssen-test.odoo.rgbconsulting.com\/wp-content\/uploads\/2022\/04\/Logo_Guerssen_trans_100.png\",\"width\":122,\"height\":100,\"caption\":\"Guerssen records\"},\"image\":{\"@id\":\"https:\/\/wpguerssen-test.odoo.rgbconsulting.com\/es\/#\/schema\/logo\/image\/\"}}]}<\/script>\n<!-- \/ Yoast SEO plugin. -->","yoast_head_json":{"title":"TEMPTATIONS, The - Masterpiece Limited Edition -  (LP) | Guerssen","description":"Limited Edition 180 Gram LPAs all of The Temptations' \"psychedelic soul\"-era albums, Masterpiece was produced by Norman Whitfield. Having already produced songs for the Temptations such as \"Smiling Faces Sometimes\" and \"Papa Was a Rollin' Stone\", which emphasized his instrumental tracks over the group's vocals, Whitfield went here one step further. The title track, at nearly fourteen minutes long, includes just three minutes of group vocals. Many critics, and The Temptations themselves, remarked that much of Masterpiece, and especially its title track, sounds more like a Norman Whitfield\/Funk Brothers solo recording featuring supporting vocals by The Temptations than as a song by the group. Masterpiece reached #1 on the Billboard R&B singles chart, and #7 on the Billboard Hot 100. \"Hey Girl (I Like Your Style)\" also became a Top 40 hit in the late summer\/early fall of 1973, and \"Law of the Land\" was released as a UK-only single by Tamla Motown, and just missed the UK Top 40, peaking at #41 in late 1973.","robots":{"index":"index","follow":"follow","max-snippet":"max-snippet:-1","max-image-preview":"max-image-preview:large","max-video-preview":"max-video-preview:-1"},"canonical":"https:\/\/wpguerssen-test.odoo.rgbconsulting.com\/es\/producto\/masterpiece-limited-edition\/","og_locale":"es_ES","og_type":"article","og_title":"TEMPTATIONS, The - Masterpiece Limited Edition -  (LP) | Guerssen","og_description":"Limited Edition 180 Gram LPAs all of The Temptations' \"psychedelic soul\"-era albums, Masterpiece was produced by Norman Whitfield. Having already produced songs for the Temptations such as \"Smiling Faces Sometimes\" and \"Papa Was a Rollin' Stone\", which emphasized his instrumental tracks over the group's vocals, Whitfield went here one step further. The title track, at nearly fourteen minutes long, includes just three minutes of group vocals. Many critics, and The Temptations themselves, remarked that much of Masterpiece, and especially its title track, sounds more like a Norman Whitfield\/Funk Brothers solo recording featuring supporting vocals by The Temptations than as a song by the group. Masterpiece reached #1 on the Billboard R&B singles chart, and #7 on the Billboard Hot 100. \"Hey Girl (I Like Your Style)\" also became a Top 40 hit in the late summer\/early fall of 1973, and \"Law of the Land\" was released as a UK-only single by Tamla Motown, and just missed the UK Top 40, peaking at #41 in late 1973.","og_url":"https:\/\/wpguerssen-test.odoo.rgbconsulting.com\/es\/producto\/masterpiece-limited-edition\/","og_site_name":"Guerssen records","article_modified_time":"2025-01-07T18:03:36+00:00","og_image":[{"width":381,"height":381,"url":"https:\/\/wpguerssen-test.odoo.rgbconsulting.com\/wp-content\/uploads\/2023\/06\/43760.jpg","type":"image\/jpeg"}],"twitter_card":"summary_large_image","twitter_title":"TEMPTATIONS, The - Masterpiece Limited Edition -  (LP) | Guerssen","twitter_misc":{"Tiempo de lectura":"1 minuto"},"schema":{"@context":"https:\/\/schema.org","@graph":[{"@type":"WebPage","@id":"https:\/\/wpguerssen-test.odoo.rgbconsulting.com\/es\/producto\/masterpiece-limited-edition\/","url":"https:\/\/wpguerssen-test.odoo.rgbconsulting.com\/es\/producto\/masterpiece-limited-edition\/","name":"TEMPTATIONS, The - Masterpiece Limited Edition - (LP) | Guerssen","isPartOf":{"@id":"https:\/\/wpguerssen-test.odoo.rgbconsulting.com\/es\/#website"},"primaryImageOfPage":{"@id":"https:\/\/wpguerssen-test.odoo.rgbconsulting.com\/es\/producto\/masterpiece-limited-edition\/#primaryimage"},"image":{"@id":"https:\/\/wpguerssen-test.odoo.rgbconsulting.com\/es\/producto\/masterpiece-limited-edition\/#primaryimage"},"thumbnailUrl":"https:\/\/wpguerssen-test.odoo.rgbconsulting.com\/wp-content\/uploads\/2023\/06\/43760.jpg","datePublished":"2023-06-06T22:00:00+00:00","dateModified":"2025-01-07T18:03:36+00:00","description":"Limited Edition 180 Gram LPAs all of The Temptations' \"psychedelic soul\"-era albums, Masterpiece was produced by Norman Whitfield. Having already produced songs for the Temptations such as \"Smiling Faces Sometimes\" and \"Papa Was a Rollin' Stone\", which emphasized his instrumental tracks over the group's vocals, Whitfield went here one step further. The title track, at nearly fourteen minutes long, includes just three minutes of group vocals. Many critics, and The Temptations themselves, remarked that much of Masterpiece, and especially its title track, sounds more like a Norman Whitfield\/Funk Brothers solo recording featuring supporting vocals by The Temptations than as a song by the group. Masterpiece reached #1 on the Billboard R&B singles chart, and #7 on the Billboard Hot 100. \"Hey Girl (I Like Your Style)\" also became a Top 40 hit in the late summer\/early fall of 1973, and \"Law of the Land\" was released as a UK-only single by Tamla Motown, and just missed the UK Top 40, peaking at #41 in late 1973.","breadcrumb":{"@id":"https:\/\/wpguerssen-test.odoo.rgbconsulting.com\/es\/producto\/masterpiece-limited-edition\/#breadcrumb"},"inLanguage":"es","potentialAction":[{"@type":"ReadAction","target":["https:\/\/wpguerssen-test.odoo.rgbconsulting.com\/es\/producto\/masterpiece-limited-edition\/"]}]},{"@type":"ImageObject","inLanguage":"es","@id":"https:\/\/wpguerssen-test.odoo.rgbconsulting.com\/es\/producto\/masterpiece-limited-edition\/#primaryimage","url":"https:\/\/wpguerssen-test.odoo.rgbconsulting.com\/wp-content\/uploads\/2023\/06\/43760.jpg","contentUrl":"https:\/\/wpguerssen-test.odoo.rgbconsulting.com\/wp-content\/uploads\/2023\/06\/43760.jpg","width":381,"height":381,"caption":"The - Masterpiece Limited Edition - ELEMENTAL MUSIC (LP) | Guerssen"},{"@type":"BreadcrumbList","@id":"https:\/\/wpguerssen-test.odoo.rgbconsulting.com\/es\/producto\/masterpiece-limited-edition\/#breadcrumb","itemListElement":[{"@type":"ListItem","position":1,"name":"Inicio","item":"https:\/\/wpguerssen-test.odoo.rgbconsulting.com\/es\/"},{"@type":"ListItem","position":2,"name":"Shop","item":"https:\/\/wpguerssen-test.odoo.rgbconsulting.com\/shop\/"},{"@type":"ListItem","position":3,"name":"Masterpiece Limited Edition"}]},{"@type":"WebSite","@id":"https:\/\/wpguerssen-test.odoo.rgbconsulting.com\/es\/#website","url":"https:\/\/wpguerssen-test.odoo.rgbconsulting.com\/es\/","name":"Guerssen records","description":"psychedelia - progressive - folk - garage ","publisher":{"@id":"https:\/\/wpguerssen-test.odoo.rgbconsulting.com\/es\/#organization"},"potentialAction":[{"@type":"SearchAction","target":{"@type":"EntryPoint","urlTemplate":"https:\/\/wpguerssen-test.odoo.rgbconsulting.com\/es\/?s={search_term_string}"},"query-input":{"@type":"PropertyValueSpecification","valueRequired":true,"valueName":"search_term_string"}}],"inLanguage":"es"},{"@type":"Organization","@id":"https:\/\/wpguerssen-test.odoo.rgbconsulting.com\/es\/#organization","name":"Guerssen records","url":"https:\/\/wpguerssen-test.odoo.rgbconsulting.com\/es\/","logo":{"@type":"ImageObject","inLanguage":"es","@id":"https:\/\/wpguerssen-test.odoo.rgbconsulting.com\/es\/#\/schema\/logo\/image\/","url":"https:\/\/wpguerssen-test.odoo.rgbconsulting.com\/wp-content\/uploads\/2022\/04\/Logo_Guerssen_trans_100.png","contentUrl":"https:\/\/wpguerssen-test.odoo.rgbconsulting.com\/wp-content\/uploads\/2022\/04\/Logo_Guerssen_trans_100.png","width":122,"height":100,"caption":"Guerssen records"},"image":{"@id":"https:\/\/wpguerssen-test.odoo.rgbconsulting.com\/es\/#\/schema\/logo\/image\/"}}]}},"_links":{"self":[{"href":"https:\/\/wpguerssen-test.odoo.rgbconsulting.com\/es\/wp-json\/wp\/v2\/product\/233156","targetHints":{"allow":["GET"]}}],"collection":[{"href":"https:\/\/wpguerssen-test.odoo.rgbconsulting.com\/es\/wp-json\/wp\/v2\/product"}],"about":[{"href":"https:\/\/wpguerssen-test.odoo.rgbconsulting.com\/es\/wp-json\/wp\/v2\/types\/product"}],"wp:featuredmedia":[{"embeddable":true,"href":"https:\/\/wpguerssen-test.odoo.rgbconsulting.com\/es\/wp-json\/wp\/v2\/media\/233113"}],"wp:attachment":[{"href":"https:\/\/wpguerssen-test.odoo.rgbconsulting.com\/es\/wp-json\/wp\/v2\/media?parent=233156"}],"wp:term":[{"taxonomy":"product_brand","embeddable":true,"href":"https:\/\/wpguerssen-test.odoo.rgbconsulting.com\/es\/wp-json\/wp\/v2\/product_brand?post=233156"},{"taxonomy":"product_cat","embeddable":true,"href":"https:\/\/wpguerssen-test.odoo.rgbconsulting.com\/es\/wp-json\/wp\/v2\/product_cat?post=233156"},{"taxonomy":"product_tag","embeddable":true,"href":"https:\/\/wpguerssen-test.odoo.rgbconsulting.com\/es\/wp-json\/wp\/v2\/product_tag?post=233156"}],"curies":[{"name":"wp","href":"https:\/\/api.w.org\/{rel}","templated":true}]}}