{"id":233157,"date":"2025-02-21T00:00:00","date_gmt":"2025-02-20T23:00:00","guid":{"rendered":"https:\/\/wpguerssen-test.odoo.rgbconsulting.com\/product\/the-temptin-temptations\/"},"modified":"2025-03-06T14:09:55","modified_gmt":"2025-03-06T13:09:55","slug":"the-temptin-temptations","status":"publish","type":"product","link":"https:\/\/wpguerssen-test.odoo.rgbconsulting.com\/es\/producto\/the-temptin-temptations\/","title":{"rendered":"The Temptin&#8217; Temptations"},"content":{"rendered":"<p>LP de edici\u00f3n limitada de 180gr<br \/>Lanzado en 1965, Temptin&#8217; Temptations marc\u00f3 el tercer \u00e1lbum de la banda para la subsidiaria Gordy de Motown. Cont\u00f3 con siete sencillos que alcanzaron las listas de \u00e9xitos, incluidos \u00abSince I Lost My Baby\u00bb, \u00abMy Baby\u00bb, \u00abDon&#8217;t Look Back\u00bb y \u00abGirl (Why You Wanna Make Me Blue)\u00bb. Smokey Robinson produjo seis de las pistas, mientras que el \u00e1lbum tambi\u00e9n present\u00f3 el trabajo de producci\u00f3n de Ivory Joe Hunter y Mickey Stevenson en \u00abJust Another Lonely Night\u00bb y \u00abBorn to Love You\u00bb y el futuro productor Norman Whitfield en \u00abThe Girl&#8217;s Alright With Me\u00bb, \u00abI Gotta Know Now\u00bb y \u00abEverybody Needs Love\u00bb. El LP subi\u00f3 al n\u00famero 1 en la lista de los mejores \u00e1lbumes de R&#038;B de EE. UU., mientras que \u00abSince I Lost My Baby\u00bb y \u00abMy Baby\u00bb subieron al n\u00famero 4 en la lista de sencillos de R&#038;B de Billboard de EE. UU. El \u00e1lbum presenta la mejor formaci\u00f3n de The Temptations, con David Ruffin, Eddie Kendricks, Paul Williams, Melvin Franklin y Otis Williams.<\/p>\n","protected":false},"excerpt":{"rendered":"<p>LP de edici\u00f3n limitada de 180gr<br \/>Lanzado en 1965, Temptin&#8217; Temptations marc\u00f3 el tercer \u00e1lbum de la banda para la subsidiaria Gordy de Motown. Cont\u00f3 con<a class=\"read\" href=\"https:\/\/wpguerssen-test.odoo.rgbconsulting.com\/es\/producto\/the-temptin-temptations\/\"> (...)<\/a>","protected":false},"featured_media":233116,"template":"","meta":{"_acf_changed":false},"product_brand":[],"product_cat":[21649],"product_tag":[24185],"class_list":{"0":"post-233157","1":"product","2":"type-product","3":"status-publish","4":"has-post-thumbnail","6":"product_cat-soul-rnb-es","7":"product_tag-de-nuevo-en-existencia","8":"pa_artist-temptations-the","9":"pa_format-lp-es","10":"pa_gender-soul-rnb","11":"pa_label-elemental-music","12":"pa_location-north-america-es","13":"pa_other-filters-vinyl-only-es","15":"first","16":"instock","17":"taxable","18":"shipping-taxable","19":"purchasable","20":"product-type-simple"},"acf":[],"yoast_head":"<!-- This site is optimized with the Yoast SEO plugin v24.9 - https:\/\/yoast.com\/wordpress\/plugins\/seo\/ -->\n<title>TEMPTATIONS, The - The Temptin&#039; Temptations -  (LP) | Guerssen<\/title>\n<meta name=\"description\" content=\"Limited edition 180gr LPReleased in 1965, Temptin&#039; Temptations marked the band&#039;s third album for Motown&#039;s Gordy subsidiary. It boasted seven chart-hitting singles, including &quot;Since I Lost My Baby,&quot; &quot;My Baby,&quot; &quot;Don&#039;t Look Back,&quot; and &quot;Girl (Why You Wanna Make Me Blue).&quot; Smokey Robinson produced six of the tracks, while the album also introduced Ivory Joe Hunter and Mickey Stevenson&#039;s production work on &quot;Just Another Lonely Night&quot; and &quot;Born to Love You&quot; and future producer Norman Whitfield on &quot;The Girl&#039;s Alright With Me,&quot; &quot;I Gotta Know Now,&quot; and &quot;Everybody Needs Love.&quot; The LP climbed to #1 in the U.S. Top R&amp;B Albums chart, while &quot;Since I Lost My Baby&quot; and &quot;My Baby&quot; both rose to #4 in the U.S. Billboard R&amp;B Singles chart. The album features The Temptations&#039; top formation, with David Ruffin, Eddie Kendricks, Paul Williams, Melvin Franklin, and Otis Williams.\" \/>\n<meta name=\"robots\" content=\"index, follow, max-snippet:-1, max-image-preview:large, max-video-preview:-1\" \/>\n<link rel=\"canonical\" href=\"https:\/\/wpguerssen-test.odoo.rgbconsulting.com\/es\/producto\/the-temptin-temptations\/\" \/>\n<meta property=\"og:locale\" content=\"es_ES\" \/>\n<meta property=\"og:type\" content=\"article\" \/>\n<meta property=\"og:title\" content=\"TEMPTATIONS, The - The Temptin&#039; Temptations -  (LP) | Guerssen\" \/>\n<meta property=\"og:description\" content=\"Limited edition 180gr LPReleased in 1965, Temptin&#039; Temptations marked the band&#039;s third album for Motown&#039;s Gordy subsidiary. It boasted seven chart-hitting singles, including &quot;Since I Lost My Baby,&quot; &quot;My Baby,&quot; &quot;Don&#039;t Look Back,&quot; and &quot;Girl (Why You Wanna Make Me Blue).&quot; Smokey Robinson produced six of the tracks, while the album also introduced Ivory Joe Hunter and Mickey Stevenson&#039;s production work on &quot;Just Another Lonely Night&quot; and &quot;Born to Love You&quot; and future producer Norman Whitfield on &quot;The Girl&#039;s Alright With Me,&quot; &quot;I Gotta Know Now,&quot; and &quot;Everybody Needs Love.&quot; The LP climbed to #1 in the U.S. Top R&amp;B Albums chart, while &quot;Since I Lost My Baby&quot; and &quot;My Baby&quot; both rose to #4 in the U.S. Billboard R&amp;B Singles chart. The album features The Temptations&#039; top formation, with David Ruffin, Eddie Kendricks, Paul Williams, Melvin Franklin, and Otis Williams.\" \/>\n<meta property=\"og:url\" content=\"https:\/\/wpguerssen-test.odoo.rgbconsulting.com\/es\/producto\/the-temptin-temptations\/\" \/>\n<meta property=\"og:site_name\" content=\"Guerssen records\" \/>\n<meta property=\"article:modified_time\" content=\"2025-03-06T13:09:55+00:00\" \/>\n<meta property=\"og:image\" content=\"https:\/\/wpguerssen-test.odoo.rgbconsulting.com\/wp-content\/uploads\/2023\/06\/43761.jpg\" \/>\n\t<meta property=\"og:image:width\" content=\"381\" \/>\n\t<meta property=\"og:image:height\" content=\"381\" \/>\n\t<meta property=\"og:image:type\" content=\"image\/jpeg\" \/>\n<meta name=\"twitter:card\" content=\"summary_large_image\" \/>\n<meta name=\"twitter:title\" content=\"TEMPTATIONS, The - The Temptin&#039; Temptations -  (LP) | Guerssen\" \/>\n<meta name=\"twitter:label1\" content=\"Tiempo de lectura\" \/>\n\t<meta name=\"twitter:data1\" content=\"1 minuto\" \/>\n<script type=\"application\/ld+json\" class=\"yoast-schema-graph\">{\"@context\":\"https:\/\/schema.org\",\"@graph\":[{\"@type\":\"WebPage\",\"@id\":\"https:\/\/wpguerssen-test.odoo.rgbconsulting.com\/es\/producto\/the-temptin-temptations\/\",\"url\":\"https:\/\/wpguerssen-test.odoo.rgbconsulting.com\/es\/producto\/the-temptin-temptations\/\",\"name\":\"TEMPTATIONS, The - The Temptin' Temptations - (LP) | Guerssen\",\"isPartOf\":{\"@id\":\"https:\/\/wpguerssen-test.odoo.rgbconsulting.com\/es\/#website\"},\"primaryImageOfPage\":{\"@id\":\"https:\/\/wpguerssen-test.odoo.rgbconsulting.com\/es\/producto\/the-temptin-temptations\/#primaryimage\"},\"image\":{\"@id\":\"https:\/\/wpguerssen-test.odoo.rgbconsulting.com\/es\/producto\/the-temptin-temptations\/#primaryimage\"},\"thumbnailUrl\":\"https:\/\/wpguerssen-test.odoo.rgbconsulting.com\/wp-content\/uploads\/2023\/06\/43761.jpg\",\"datePublished\":\"2025-02-20T23:00:00+00:00\",\"dateModified\":\"2025-03-06T13:09:55+00:00\",\"description\":\"Limited edition 180gr LPReleased in 1965, Temptin' Temptations marked the band's third album for Motown's Gordy subsidiary. It boasted seven chart-hitting singles, including \\\"Since I Lost My Baby,\\\" \\\"My Baby,\\\" \\\"Don't Look Back,\\\" and \\\"Girl (Why You Wanna Make Me Blue).\\\" Smokey Robinson produced six of the tracks, while the album also introduced Ivory Joe Hunter and Mickey Stevenson's production work on \\\"Just Another Lonely Night\\\" and \\\"Born to Love You\\\" and future producer Norman Whitfield on \\\"The Girl's Alright With Me,\\\" \\\"I Gotta Know Now,\\\" and \\\"Everybody Needs Love.\\\" The LP climbed to #1 in the U.S. Top R&B Albums chart, while \\\"Since I Lost My Baby\\\" and \\\"My Baby\\\" both rose to #4 in the U.S. Billboard R&B Singles chart. The album features The Temptations' top formation, with David Ruffin, Eddie Kendricks, Paul Williams, Melvin Franklin, and Otis Williams.\",\"breadcrumb\":{\"@id\":\"https:\/\/wpguerssen-test.odoo.rgbconsulting.com\/es\/producto\/the-temptin-temptations\/#breadcrumb\"},\"inLanguage\":\"es\",\"potentialAction\":[{\"@type\":\"ReadAction\",\"target\":[\"https:\/\/wpguerssen-test.odoo.rgbconsulting.com\/es\/producto\/the-temptin-temptations\/\"]}]},{\"@type\":\"ImageObject\",\"inLanguage\":\"es\",\"@id\":\"https:\/\/wpguerssen-test.odoo.rgbconsulting.com\/es\/producto\/the-temptin-temptations\/#primaryimage\",\"url\":\"https:\/\/wpguerssen-test.odoo.rgbconsulting.com\/wp-content\/uploads\/2023\/06\/43761.jpg\",\"contentUrl\":\"https:\/\/wpguerssen-test.odoo.rgbconsulting.com\/wp-content\/uploads\/2023\/06\/43761.jpg\",\"width\":381,\"height\":381,\"caption\":\"The - The Temptin' Temptations - ELEMENTAL MUSIC (LP) | Guerssen\"},{\"@type\":\"BreadcrumbList\",\"@id\":\"https:\/\/wpguerssen-test.odoo.rgbconsulting.com\/es\/producto\/the-temptin-temptations\/#breadcrumb\",\"itemListElement\":[{\"@type\":\"ListItem\",\"position\":1,\"name\":\"Inicio\",\"item\":\"https:\/\/wpguerssen-test.odoo.rgbconsulting.com\/es\/\"},{\"@type\":\"ListItem\",\"position\":2,\"name\":\"Shop\",\"item\":\"https:\/\/wpguerssen-test.odoo.rgbconsulting.com\/shop\/\"},{\"@type\":\"ListItem\",\"position\":3,\"name\":\"The Temptin&#8217; Temptations\"}]},{\"@type\":\"WebSite\",\"@id\":\"https:\/\/wpguerssen-test.odoo.rgbconsulting.com\/es\/#website\",\"url\":\"https:\/\/wpguerssen-test.odoo.rgbconsulting.com\/es\/\",\"name\":\"Guerssen records\",\"description\":\"psychedelia - progressive - folk - garage \",\"publisher\":{\"@id\":\"https:\/\/wpguerssen-test.odoo.rgbconsulting.com\/es\/#organization\"},\"potentialAction\":[{\"@type\":\"SearchAction\",\"target\":{\"@type\":\"EntryPoint\",\"urlTemplate\":\"https:\/\/wpguerssen-test.odoo.rgbconsulting.com\/es\/?s={search_term_string}\"},\"query-input\":{\"@type\":\"PropertyValueSpecification\",\"valueRequired\":true,\"valueName\":\"search_term_string\"}}],\"inLanguage\":\"es\"},{\"@type\":\"Organization\",\"@id\":\"https:\/\/wpguerssen-test.odoo.rgbconsulting.com\/es\/#organization\",\"name\":\"Guerssen records\",\"url\":\"https:\/\/wpguerssen-test.odoo.rgbconsulting.com\/es\/\",\"logo\":{\"@type\":\"ImageObject\",\"inLanguage\":\"es\",\"@id\":\"https:\/\/wpguerssen-test.odoo.rgbconsulting.com\/es\/#\/schema\/logo\/image\/\",\"url\":\"https:\/\/wpguerssen-test.odoo.rgbconsulting.com\/wp-content\/uploads\/2022\/04\/Logo_Guerssen_trans_100.png\",\"contentUrl\":\"https:\/\/wpguerssen-test.odoo.rgbconsulting.com\/wp-content\/uploads\/2022\/04\/Logo_Guerssen_trans_100.png\",\"width\":122,\"height\":100,\"caption\":\"Guerssen records\"},\"image\":{\"@id\":\"https:\/\/wpguerssen-test.odoo.rgbconsulting.com\/es\/#\/schema\/logo\/image\/\"}}]}<\/script>\n<!-- \/ Yoast SEO plugin. -->","yoast_head_json":{"title":"TEMPTATIONS, The - The Temptin' Temptations -  (LP) | Guerssen","description":"Limited edition 180gr LPReleased in 1965, Temptin' Temptations marked the band's third album for Motown's Gordy subsidiary. It boasted seven chart-hitting singles, including \"Since I Lost My Baby,\" \"My Baby,\" \"Don't Look Back,\" and \"Girl (Why You Wanna Make Me Blue).\" Smokey Robinson produced six of the tracks, while the album also introduced Ivory Joe Hunter and Mickey Stevenson's production work on \"Just Another Lonely Night\" and \"Born to Love You\" and future producer Norman Whitfield on \"The Girl's Alright With Me,\" \"I Gotta Know Now,\" and \"Everybody Needs Love.\" The LP climbed to #1 in the U.S. Top R&B Albums chart, while \"Since I Lost My Baby\" and \"My Baby\" both rose to #4 in the U.S. Billboard R&B Singles chart. The album features The Temptations' top formation, with David Ruffin, Eddie Kendricks, Paul Williams, Melvin Franklin, and Otis Williams.","robots":{"index":"index","follow":"follow","max-snippet":"max-snippet:-1","max-image-preview":"max-image-preview:large","max-video-preview":"max-video-preview:-1"},"canonical":"https:\/\/wpguerssen-test.odoo.rgbconsulting.com\/es\/producto\/the-temptin-temptations\/","og_locale":"es_ES","og_type":"article","og_title":"TEMPTATIONS, The - The Temptin' Temptations -  (LP) | Guerssen","og_description":"Limited edition 180gr LPReleased in 1965, Temptin' Temptations marked the band's third album for Motown's Gordy subsidiary. It boasted seven chart-hitting singles, including \"Since I Lost My Baby,\" \"My Baby,\" \"Don't Look Back,\" and \"Girl (Why You Wanna Make Me Blue).\" Smokey Robinson produced six of the tracks, while the album also introduced Ivory Joe Hunter and Mickey Stevenson's production work on \"Just Another Lonely Night\" and \"Born to Love You\" and future producer Norman Whitfield on \"The Girl's Alright With Me,\" \"I Gotta Know Now,\" and \"Everybody Needs Love.\" The LP climbed to #1 in the U.S. Top R&B Albums chart, while \"Since I Lost My Baby\" and \"My Baby\" both rose to #4 in the U.S. Billboard R&B Singles chart. The album features The Temptations' top formation, with David Ruffin, Eddie Kendricks, Paul Williams, Melvin Franklin, and Otis Williams.","og_url":"https:\/\/wpguerssen-test.odoo.rgbconsulting.com\/es\/producto\/the-temptin-temptations\/","og_site_name":"Guerssen records","article_modified_time":"2025-03-06T13:09:55+00:00","og_image":[{"width":381,"height":381,"url":"https:\/\/wpguerssen-test.odoo.rgbconsulting.com\/wp-content\/uploads\/2023\/06\/43761.jpg","type":"image\/jpeg"}],"twitter_card":"summary_large_image","twitter_title":"TEMPTATIONS, The - The Temptin' Temptations -  (LP) | Guerssen","twitter_misc":{"Tiempo de lectura":"1 minuto"},"schema":{"@context":"https:\/\/schema.org","@graph":[{"@type":"WebPage","@id":"https:\/\/wpguerssen-test.odoo.rgbconsulting.com\/es\/producto\/the-temptin-temptations\/","url":"https:\/\/wpguerssen-test.odoo.rgbconsulting.com\/es\/producto\/the-temptin-temptations\/","name":"TEMPTATIONS, The - The Temptin' Temptations - (LP) | Guerssen","isPartOf":{"@id":"https:\/\/wpguerssen-test.odoo.rgbconsulting.com\/es\/#website"},"primaryImageOfPage":{"@id":"https:\/\/wpguerssen-test.odoo.rgbconsulting.com\/es\/producto\/the-temptin-temptations\/#primaryimage"},"image":{"@id":"https:\/\/wpguerssen-test.odoo.rgbconsulting.com\/es\/producto\/the-temptin-temptations\/#primaryimage"},"thumbnailUrl":"https:\/\/wpguerssen-test.odoo.rgbconsulting.com\/wp-content\/uploads\/2023\/06\/43761.jpg","datePublished":"2025-02-20T23:00:00+00:00","dateModified":"2025-03-06T13:09:55+00:00","description":"Limited edition 180gr LPReleased in 1965, Temptin' Temptations marked the band's third album for Motown's Gordy subsidiary. It boasted seven chart-hitting singles, including \"Since I Lost My Baby,\" \"My Baby,\" \"Don't Look Back,\" and \"Girl (Why You Wanna Make Me Blue).\" Smokey Robinson produced six of the tracks, while the album also introduced Ivory Joe Hunter and Mickey Stevenson's production work on \"Just Another Lonely Night\" and \"Born to Love You\" and future producer Norman Whitfield on \"The Girl's Alright With Me,\" \"I Gotta Know Now,\" and \"Everybody Needs Love.\" The LP climbed to #1 in the U.S. Top R&B Albums chart, while \"Since I Lost My Baby\" and \"My Baby\" both rose to #4 in the U.S. Billboard R&B Singles chart. The album features The Temptations' top formation, with David Ruffin, Eddie Kendricks, Paul Williams, Melvin Franklin, and Otis Williams.","breadcrumb":{"@id":"https:\/\/wpguerssen-test.odoo.rgbconsulting.com\/es\/producto\/the-temptin-temptations\/#breadcrumb"},"inLanguage":"es","potentialAction":[{"@type":"ReadAction","target":["https:\/\/wpguerssen-test.odoo.rgbconsulting.com\/es\/producto\/the-temptin-temptations\/"]}]},{"@type":"ImageObject","inLanguage":"es","@id":"https:\/\/wpguerssen-test.odoo.rgbconsulting.com\/es\/producto\/the-temptin-temptations\/#primaryimage","url":"https:\/\/wpguerssen-test.odoo.rgbconsulting.com\/wp-content\/uploads\/2023\/06\/43761.jpg","contentUrl":"https:\/\/wpguerssen-test.odoo.rgbconsulting.com\/wp-content\/uploads\/2023\/06\/43761.jpg","width":381,"height":381,"caption":"The - The Temptin' Temptations - ELEMENTAL MUSIC (LP) | Guerssen"},{"@type":"BreadcrumbList","@id":"https:\/\/wpguerssen-test.odoo.rgbconsulting.com\/es\/producto\/the-temptin-temptations\/#breadcrumb","itemListElement":[{"@type":"ListItem","position":1,"name":"Inicio","item":"https:\/\/wpguerssen-test.odoo.rgbconsulting.com\/es\/"},{"@type":"ListItem","position":2,"name":"Shop","item":"https:\/\/wpguerssen-test.odoo.rgbconsulting.com\/shop\/"},{"@type":"ListItem","position":3,"name":"The Temptin&#8217; Temptations"}]},{"@type":"WebSite","@id":"https:\/\/wpguerssen-test.odoo.rgbconsulting.com\/es\/#website","url":"https:\/\/wpguerssen-test.odoo.rgbconsulting.com\/es\/","name":"Guerssen records","description":"psychedelia - progressive - folk - garage ","publisher":{"@id":"https:\/\/wpguerssen-test.odoo.rgbconsulting.com\/es\/#organization"},"potentialAction":[{"@type":"SearchAction","target":{"@type":"EntryPoint","urlTemplate":"https:\/\/wpguerssen-test.odoo.rgbconsulting.com\/es\/?s={search_term_string}"},"query-input":{"@type":"PropertyValueSpecification","valueRequired":true,"valueName":"search_term_string"}}],"inLanguage":"es"},{"@type":"Organization","@id":"https:\/\/wpguerssen-test.odoo.rgbconsulting.com\/es\/#organization","name":"Guerssen records","url":"https:\/\/wpguerssen-test.odoo.rgbconsulting.com\/es\/","logo":{"@type":"ImageObject","inLanguage":"es","@id":"https:\/\/wpguerssen-test.odoo.rgbconsulting.com\/es\/#\/schema\/logo\/image\/","url":"https:\/\/wpguerssen-test.odoo.rgbconsulting.com\/wp-content\/uploads\/2022\/04\/Logo_Guerssen_trans_100.png","contentUrl":"https:\/\/wpguerssen-test.odoo.rgbconsulting.com\/wp-content\/uploads\/2022\/04\/Logo_Guerssen_trans_100.png","width":122,"height":100,"caption":"Guerssen records"},"image":{"@id":"https:\/\/wpguerssen-test.odoo.rgbconsulting.com\/es\/#\/schema\/logo\/image\/"}}]}},"_links":{"self":[{"href":"https:\/\/wpguerssen-test.odoo.rgbconsulting.com\/es\/wp-json\/wp\/v2\/product\/233157","targetHints":{"allow":["GET"]}}],"collection":[{"href":"https:\/\/wpguerssen-test.odoo.rgbconsulting.com\/es\/wp-json\/wp\/v2\/product"}],"about":[{"href":"https:\/\/wpguerssen-test.odoo.rgbconsulting.com\/es\/wp-json\/wp\/v2\/types\/product"}],"wp:featuredmedia":[{"embeddable":true,"href":"https:\/\/wpguerssen-test.odoo.rgbconsulting.com\/es\/wp-json\/wp\/v2\/media\/233116"}],"wp:attachment":[{"href":"https:\/\/wpguerssen-test.odoo.rgbconsulting.com\/es\/wp-json\/wp\/v2\/media?parent=233157"}],"wp:term":[{"taxonomy":"product_brand","embeddable":true,"href":"https:\/\/wpguerssen-test.odoo.rgbconsulting.com\/es\/wp-json\/wp\/v2\/product_brand?post=233157"},{"taxonomy":"product_cat","embeddable":true,"href":"https:\/\/wpguerssen-test.odoo.rgbconsulting.com\/es\/wp-json\/wp\/v2\/product_cat?post=233157"},{"taxonomy":"product_tag","embeddable":true,"href":"https:\/\/wpguerssen-test.odoo.rgbconsulting.com\/es\/wp-json\/wp\/v2\/product_tag?post=233157"}],"curies":[{"name":"wp","href":"https:\/\/api.w.org\/{rel}","templated":true}]}}