{"id":233216,"date":"2023-10-23T00:00:00","date_gmt":"2023-10-22T22:00:00","guid":{"rendered":"https:\/\/wpguerssen-test.odoo.rgbconsulting.com\/product\/we-insist-freedom-now-suite-clear\/"},"modified":"2025-03-31T18:41:57","modified_gmt":"2025-03-31T16:41:57","slug":"we-insist-freedom-now-suite-clear","status":"publish","type":"product","link":"https:\/\/wpguerssen-test.odoo.rgbconsulting.com\/es\/producto\/we-insist-freedom-now-suite-clear\/","title":{"rendered":"We insist! Freedom now suite (Clear)"},"content":{"rendered":"<p>Mejor conocido por su trabajo pionero en el be-bop, el baterista Max Roach fue una figura muy importante que trabaj\u00f3 con innumerables grandes del jazz, incluidos Dizzy Gillespie, Duke Ellington, Charlie Park, Miles Davis, Charles Mingus y Thelonious Monk. \u00ab\u00a1We Insist! Freedom Now Suite\u00bb de Max Roach fue creado con la entonces esposa Abbie Lincoln, el saxofonista Coleman Hawkins, el percusionista nigeriano Olatunji y el letrista Oscar Brown Jr para conmemorar el centenario de la Proclamaci\u00f3n de Emancipaci\u00f3n, el hito \u00fanico, una obra maestra intensa y musicalmente desafiante de relevancia social, estando muy adelantado a su tiempo.<\/p>\n","protected":false},"excerpt":{"rendered":"<p>Mejor conocido por su trabajo pionero en el be-bop, el baterista Max Roach fue una figura muy importante que trabaj\u00f3 con innumerables grandes del jazz, incluidos<a class=\"read\" href=\"https:\/\/wpguerssen-test.odoo.rgbconsulting.com\/es\/producto\/we-insist-freedom-now-suite-clear\/\"> (...)<\/a>","protected":false},"featured_media":233195,"template":"","meta":{"_acf_changed":false},"product_brand":[],"product_cat":[23227],"product_tag":[29140],"class_list":{"0":"post-233216","1":"product","2":"type-product","3":"status-publish","4":"has-post-thumbnail","6":"product_cat-jazz-es","7":"product_tag-color-vinyl-es","8":"pa_artist-roach-max","9":"pa_format-lp-es","10":"pa_gender-jazz","11":"pa_label-destination-moon","12":"pa_location-north-america-es","13":"pa_other-filters-vinyl-only-es","15":"first","16":"instock","17":"taxable","18":"shipping-taxable","19":"purchasable","20":"product-type-simple"},"acf":[],"yoast_head":"<!-- This site is optimized with the Yoast SEO plugin v24.9 - https:\/\/yoast.com\/wordpress\/plugins\/seo\/ -->\n<title>ROACH, Max - We insist! Freedom now suite (Clear) -  (LP) | Guerssen<\/title>\n<meta name=\"description\" content=\"Best known for his pioneering work in be-bop, drummer Max Roach was a hugely important figure who worked with countless jazz greats, including Dizzy Gillespie, Duke Ellington, Charlie Park, Miles Davis, Charles Mingus, and Thelonious Monk. We Insist! Max Roach&#039;s Freedom Now Suite was created with then-wife Abbie Lincoln, saxophonist Coleman Hawkins, the Nigerian percussionist Olatunji, and lyricist Oscar Brown Jr to commemorate the hundredth anniversary of the Emancipation Proclamation, the unique landmark an intense, musically challenging masterwork of social relevance that was far ahead of its time.\" \/>\n<meta name=\"robots\" content=\"index, follow, max-snippet:-1, max-image-preview:large, max-video-preview:-1\" \/>\n<link rel=\"canonical\" href=\"https:\/\/wpguerssen-test.odoo.rgbconsulting.com\/es\/producto\/we-insist-freedom-now-suite-clear\/\" \/>\n<meta property=\"og:locale\" content=\"es_ES\" \/>\n<meta property=\"og:type\" content=\"article\" \/>\n<meta property=\"og:title\" content=\"ROACH, Max - We insist! Freedom now suite (Clear) -  (LP) | Guerssen\" \/>\n<meta property=\"og:description\" content=\"Best known for his pioneering work in be-bop, drummer Max Roach was a hugely important figure who worked with countless jazz greats, including Dizzy Gillespie, Duke Ellington, Charlie Park, Miles Davis, Charles Mingus, and Thelonious Monk. We Insist! Max Roach&#039;s Freedom Now Suite was created with then-wife Abbie Lincoln, saxophonist Coleman Hawkins, the Nigerian percussionist Olatunji, and lyricist Oscar Brown Jr to commemorate the hundredth anniversary of the Emancipation Proclamation, the unique landmark an intense, musically challenging masterwork of social relevance that was far ahead of its time.\" \/>\n<meta property=\"og:url\" content=\"https:\/\/wpguerssen-test.odoo.rgbconsulting.com\/es\/producto\/we-insist-freedom-now-suite-clear\/\" \/>\n<meta property=\"og:site_name\" content=\"Guerssen records\" \/>\n<meta property=\"article:modified_time\" content=\"2025-03-31T16:41:57+00:00\" \/>\n<meta property=\"og:image\" content=\"https:\/\/wpguerssen-test.odoo.rgbconsulting.com\/wp-content\/uploads\/2023\/06\/43776.jpg\" \/>\n\t<meta property=\"og:image:width\" content=\"1717\" \/>\n\t<meta property=\"og:image:height\" content=\"1772\" \/>\n\t<meta property=\"og:image:type\" content=\"image\/jpeg\" \/>\n<meta name=\"twitter:card\" content=\"summary_large_image\" \/>\n<meta name=\"twitter:title\" content=\"ROACH, Max - We insist! Freedom now suite (Clear) -  (LP) | Guerssen\" \/>\n<script type=\"application\/ld+json\" class=\"yoast-schema-graph\">{\"@context\":\"https:\/\/schema.org\",\"@graph\":[{\"@type\":\"WebPage\",\"@id\":\"https:\/\/wpguerssen-test.odoo.rgbconsulting.com\/es\/producto\/we-insist-freedom-now-suite-clear\/\",\"url\":\"https:\/\/wpguerssen-test.odoo.rgbconsulting.com\/es\/producto\/we-insist-freedom-now-suite-clear\/\",\"name\":\"ROACH, Max - We insist! Freedom now suite (Clear) - (LP) | Guerssen\",\"isPartOf\":{\"@id\":\"https:\/\/wpguerssen-test.odoo.rgbconsulting.com\/es\/#website\"},\"primaryImageOfPage\":{\"@id\":\"https:\/\/wpguerssen-test.odoo.rgbconsulting.com\/es\/producto\/we-insist-freedom-now-suite-clear\/#primaryimage\"},\"image\":{\"@id\":\"https:\/\/wpguerssen-test.odoo.rgbconsulting.com\/es\/producto\/we-insist-freedom-now-suite-clear\/#primaryimage\"},\"thumbnailUrl\":\"https:\/\/wpguerssen-test.odoo.rgbconsulting.com\/wp-content\/uploads\/2023\/06\/43776.jpg\",\"datePublished\":\"2023-10-22T22:00:00+00:00\",\"dateModified\":\"2025-03-31T16:41:57+00:00\",\"description\":\"Best known for his pioneering work in be-bop, drummer Max Roach was a hugely important figure who worked with countless jazz greats, including Dizzy Gillespie, Duke Ellington, Charlie Park, Miles Davis, Charles Mingus, and Thelonious Monk. We Insist! Max Roach's Freedom Now Suite was created with then-wife Abbie Lincoln, saxophonist Coleman Hawkins, the Nigerian percussionist Olatunji, and lyricist Oscar Brown Jr to commemorate the hundredth anniversary of the Emancipation Proclamation, the unique landmark an intense, musically challenging masterwork of social relevance that was far ahead of its time.\",\"breadcrumb\":{\"@id\":\"https:\/\/wpguerssen-test.odoo.rgbconsulting.com\/es\/producto\/we-insist-freedom-now-suite-clear\/#breadcrumb\"},\"inLanguage\":\"es\",\"potentialAction\":[{\"@type\":\"ReadAction\",\"target\":[\"https:\/\/wpguerssen-test.odoo.rgbconsulting.com\/es\/producto\/we-insist-freedom-now-suite-clear\/\"]}]},{\"@type\":\"ImageObject\",\"inLanguage\":\"es\",\"@id\":\"https:\/\/wpguerssen-test.odoo.rgbconsulting.com\/es\/producto\/we-insist-freedom-now-suite-clear\/#primaryimage\",\"url\":\"https:\/\/wpguerssen-test.odoo.rgbconsulting.com\/wp-content\/uploads\/2023\/06\/43776.jpg\",\"contentUrl\":\"https:\/\/wpguerssen-test.odoo.rgbconsulting.com\/wp-content\/uploads\/2023\/06\/43776.jpg\",\"width\":1717,\"height\":1772,\"caption\":\"Max - We insist! Freedom now suite (Clear) - DESTINATION MOON (LP) | Guerssen\"},{\"@type\":\"BreadcrumbList\",\"@id\":\"https:\/\/wpguerssen-test.odoo.rgbconsulting.com\/es\/producto\/we-insist-freedom-now-suite-clear\/#breadcrumb\",\"itemListElement\":[{\"@type\":\"ListItem\",\"position\":1,\"name\":\"Inicio\",\"item\":\"https:\/\/wpguerssen-test.odoo.rgbconsulting.com\/es\/\"},{\"@type\":\"ListItem\",\"position\":2,\"name\":\"Shop\",\"item\":\"https:\/\/wpguerssen-test.odoo.rgbconsulting.com\/shop\/\"},{\"@type\":\"ListItem\",\"position\":3,\"name\":\"We insist! Freedom now suite (Clear)\"}]},{\"@type\":\"WebSite\",\"@id\":\"https:\/\/wpguerssen-test.odoo.rgbconsulting.com\/es\/#website\",\"url\":\"https:\/\/wpguerssen-test.odoo.rgbconsulting.com\/es\/\",\"name\":\"Guerssen records\",\"description\":\"psychedelia - progressive - folk - garage \",\"publisher\":{\"@id\":\"https:\/\/wpguerssen-test.odoo.rgbconsulting.com\/es\/#organization\"},\"potentialAction\":[{\"@type\":\"SearchAction\",\"target\":{\"@type\":\"EntryPoint\",\"urlTemplate\":\"https:\/\/wpguerssen-test.odoo.rgbconsulting.com\/es\/?s={search_term_string}\"},\"query-input\":{\"@type\":\"PropertyValueSpecification\",\"valueRequired\":true,\"valueName\":\"search_term_string\"}}],\"inLanguage\":\"es\"},{\"@type\":\"Organization\",\"@id\":\"https:\/\/wpguerssen-test.odoo.rgbconsulting.com\/es\/#organization\",\"name\":\"Guerssen records\",\"url\":\"https:\/\/wpguerssen-test.odoo.rgbconsulting.com\/es\/\",\"logo\":{\"@type\":\"ImageObject\",\"inLanguage\":\"es\",\"@id\":\"https:\/\/wpguerssen-test.odoo.rgbconsulting.com\/es\/#\/schema\/logo\/image\/\",\"url\":\"https:\/\/wpguerssen-test.odoo.rgbconsulting.com\/wp-content\/uploads\/2022\/04\/Logo_Guerssen_trans_100.png\",\"contentUrl\":\"https:\/\/wpguerssen-test.odoo.rgbconsulting.com\/wp-content\/uploads\/2022\/04\/Logo_Guerssen_trans_100.png\",\"width\":122,\"height\":100,\"caption\":\"Guerssen records\"},\"image\":{\"@id\":\"https:\/\/wpguerssen-test.odoo.rgbconsulting.com\/es\/#\/schema\/logo\/image\/\"}}]}<\/script>\n<!-- \/ Yoast SEO plugin. -->","yoast_head_json":{"title":"ROACH, Max - We insist! Freedom now suite (Clear) -  (LP) | Guerssen","description":"Best known for his pioneering work in be-bop, drummer Max Roach was a hugely important figure who worked with countless jazz greats, including Dizzy Gillespie, Duke Ellington, Charlie Park, Miles Davis, Charles Mingus, and Thelonious Monk. We Insist! Max Roach's Freedom Now Suite was created with then-wife Abbie Lincoln, saxophonist Coleman Hawkins, the Nigerian percussionist Olatunji, and lyricist Oscar Brown Jr to commemorate the hundredth anniversary of the Emancipation Proclamation, the unique landmark an intense, musically challenging masterwork of social relevance that was far ahead of its time.","robots":{"index":"index","follow":"follow","max-snippet":"max-snippet:-1","max-image-preview":"max-image-preview:large","max-video-preview":"max-video-preview:-1"},"canonical":"https:\/\/wpguerssen-test.odoo.rgbconsulting.com\/es\/producto\/we-insist-freedom-now-suite-clear\/","og_locale":"es_ES","og_type":"article","og_title":"ROACH, Max - We insist! Freedom now suite (Clear) -  (LP) | Guerssen","og_description":"Best known for his pioneering work in be-bop, drummer Max Roach was a hugely important figure who worked with countless jazz greats, including Dizzy Gillespie, Duke Ellington, Charlie Park, Miles Davis, Charles Mingus, and Thelonious Monk. We Insist! Max Roach's Freedom Now Suite was created with then-wife Abbie Lincoln, saxophonist Coleman Hawkins, the Nigerian percussionist Olatunji, and lyricist Oscar Brown Jr to commemorate the hundredth anniversary of the Emancipation Proclamation, the unique landmark an intense, musically challenging masterwork of social relevance that was far ahead of its time.","og_url":"https:\/\/wpguerssen-test.odoo.rgbconsulting.com\/es\/producto\/we-insist-freedom-now-suite-clear\/","og_site_name":"Guerssen records","article_modified_time":"2025-03-31T16:41:57+00:00","og_image":[{"width":1717,"height":1772,"url":"https:\/\/wpguerssen-test.odoo.rgbconsulting.com\/wp-content\/uploads\/2023\/06\/43776.jpg","type":"image\/jpeg"}],"twitter_card":"summary_large_image","twitter_title":"ROACH, Max - We insist! Freedom now suite (Clear) -  (LP) | Guerssen","schema":{"@context":"https:\/\/schema.org","@graph":[{"@type":"WebPage","@id":"https:\/\/wpguerssen-test.odoo.rgbconsulting.com\/es\/producto\/we-insist-freedom-now-suite-clear\/","url":"https:\/\/wpguerssen-test.odoo.rgbconsulting.com\/es\/producto\/we-insist-freedom-now-suite-clear\/","name":"ROACH, Max - We insist! Freedom now suite (Clear) - (LP) | Guerssen","isPartOf":{"@id":"https:\/\/wpguerssen-test.odoo.rgbconsulting.com\/es\/#website"},"primaryImageOfPage":{"@id":"https:\/\/wpguerssen-test.odoo.rgbconsulting.com\/es\/producto\/we-insist-freedom-now-suite-clear\/#primaryimage"},"image":{"@id":"https:\/\/wpguerssen-test.odoo.rgbconsulting.com\/es\/producto\/we-insist-freedom-now-suite-clear\/#primaryimage"},"thumbnailUrl":"https:\/\/wpguerssen-test.odoo.rgbconsulting.com\/wp-content\/uploads\/2023\/06\/43776.jpg","datePublished":"2023-10-22T22:00:00+00:00","dateModified":"2025-03-31T16:41:57+00:00","description":"Best known for his pioneering work in be-bop, drummer Max Roach was a hugely important figure who worked with countless jazz greats, including Dizzy Gillespie, Duke Ellington, Charlie Park, Miles Davis, Charles Mingus, and Thelonious Monk. We Insist! Max Roach's Freedom Now Suite was created with then-wife Abbie Lincoln, saxophonist Coleman Hawkins, the Nigerian percussionist Olatunji, and lyricist Oscar Brown Jr to commemorate the hundredth anniversary of the Emancipation Proclamation, the unique landmark an intense, musically challenging masterwork of social relevance that was far ahead of its time.","breadcrumb":{"@id":"https:\/\/wpguerssen-test.odoo.rgbconsulting.com\/es\/producto\/we-insist-freedom-now-suite-clear\/#breadcrumb"},"inLanguage":"es","potentialAction":[{"@type":"ReadAction","target":["https:\/\/wpguerssen-test.odoo.rgbconsulting.com\/es\/producto\/we-insist-freedom-now-suite-clear\/"]}]},{"@type":"ImageObject","inLanguage":"es","@id":"https:\/\/wpguerssen-test.odoo.rgbconsulting.com\/es\/producto\/we-insist-freedom-now-suite-clear\/#primaryimage","url":"https:\/\/wpguerssen-test.odoo.rgbconsulting.com\/wp-content\/uploads\/2023\/06\/43776.jpg","contentUrl":"https:\/\/wpguerssen-test.odoo.rgbconsulting.com\/wp-content\/uploads\/2023\/06\/43776.jpg","width":1717,"height":1772,"caption":"Max - We insist! Freedom now suite (Clear) - DESTINATION MOON (LP) | Guerssen"},{"@type":"BreadcrumbList","@id":"https:\/\/wpguerssen-test.odoo.rgbconsulting.com\/es\/producto\/we-insist-freedom-now-suite-clear\/#breadcrumb","itemListElement":[{"@type":"ListItem","position":1,"name":"Inicio","item":"https:\/\/wpguerssen-test.odoo.rgbconsulting.com\/es\/"},{"@type":"ListItem","position":2,"name":"Shop","item":"https:\/\/wpguerssen-test.odoo.rgbconsulting.com\/shop\/"},{"@type":"ListItem","position":3,"name":"We insist! Freedom now suite (Clear)"}]},{"@type":"WebSite","@id":"https:\/\/wpguerssen-test.odoo.rgbconsulting.com\/es\/#website","url":"https:\/\/wpguerssen-test.odoo.rgbconsulting.com\/es\/","name":"Guerssen records","description":"psychedelia - progressive - folk - garage ","publisher":{"@id":"https:\/\/wpguerssen-test.odoo.rgbconsulting.com\/es\/#organization"},"potentialAction":[{"@type":"SearchAction","target":{"@type":"EntryPoint","urlTemplate":"https:\/\/wpguerssen-test.odoo.rgbconsulting.com\/es\/?s={search_term_string}"},"query-input":{"@type":"PropertyValueSpecification","valueRequired":true,"valueName":"search_term_string"}}],"inLanguage":"es"},{"@type":"Organization","@id":"https:\/\/wpguerssen-test.odoo.rgbconsulting.com\/es\/#organization","name":"Guerssen records","url":"https:\/\/wpguerssen-test.odoo.rgbconsulting.com\/es\/","logo":{"@type":"ImageObject","inLanguage":"es","@id":"https:\/\/wpguerssen-test.odoo.rgbconsulting.com\/es\/#\/schema\/logo\/image\/","url":"https:\/\/wpguerssen-test.odoo.rgbconsulting.com\/wp-content\/uploads\/2022\/04\/Logo_Guerssen_trans_100.png","contentUrl":"https:\/\/wpguerssen-test.odoo.rgbconsulting.com\/wp-content\/uploads\/2022\/04\/Logo_Guerssen_trans_100.png","width":122,"height":100,"caption":"Guerssen records"},"image":{"@id":"https:\/\/wpguerssen-test.odoo.rgbconsulting.com\/es\/#\/schema\/logo\/image\/"}}]}},"_links":{"self":[{"href":"https:\/\/wpguerssen-test.odoo.rgbconsulting.com\/es\/wp-json\/wp\/v2\/product\/233216","targetHints":{"allow":["GET"]}}],"collection":[{"href":"https:\/\/wpguerssen-test.odoo.rgbconsulting.com\/es\/wp-json\/wp\/v2\/product"}],"about":[{"href":"https:\/\/wpguerssen-test.odoo.rgbconsulting.com\/es\/wp-json\/wp\/v2\/types\/product"}],"wp:featuredmedia":[{"embeddable":true,"href":"https:\/\/wpguerssen-test.odoo.rgbconsulting.com\/es\/wp-json\/wp\/v2\/media\/233195"}],"wp:attachment":[{"href":"https:\/\/wpguerssen-test.odoo.rgbconsulting.com\/es\/wp-json\/wp\/v2\/media?parent=233216"}],"wp:term":[{"taxonomy":"product_brand","embeddable":true,"href":"https:\/\/wpguerssen-test.odoo.rgbconsulting.com\/es\/wp-json\/wp\/v2\/product_brand?post=233216"},{"taxonomy":"product_cat","embeddable":true,"href":"https:\/\/wpguerssen-test.odoo.rgbconsulting.com\/es\/wp-json\/wp\/v2\/product_cat?post=233216"},{"taxonomy":"product_tag","embeddable":true,"href":"https:\/\/wpguerssen-test.odoo.rgbconsulting.com\/es\/wp-json\/wp\/v2\/product_tag?post=233216"}],"curies":[{"name":"wp","href":"https:\/\/api.w.org\/{rel}","templated":true}]}}