{"id":233473,"date":"2023-06-07T00:00:00","date_gmt":"2023-06-06T22:00:00","guid":{"rendered":"https:\/\/wpguerssen-test.odoo.rgbconsulting.com\/product\/americanos-gold\/"},"modified":"2025-01-09T15:24:02","modified_gmt":"2025-01-09T14:24:02","slug":"americanos-gold","status":"publish","type":"product","link":"https:\/\/wpguerssen-test.odoo.rgbconsulting.com\/es\/producto\/americanos-gold\/","title":{"rendered":"Americanos (Gold)"},"content":{"rendered":"<p>Primera reedici\u00f3n oficial en vinilo, que incluye dos bonus tracks, contraportada redise\u00f1ada y numerada a mano hasta 200 copias. El \u00e1lbum debut altamente coleccionable de Contraluz, lanzado originalmente en 1973 en EMI, es la obra maestra de psicodelia dura m\u00e1s ejemplar que jam\u00e1s haya surgido de la prol\u00edfica escena argentina, intercalado con detalles progresivos que est\u00e1n perfumados con elementos folk. El legendario Americanos est\u00e1 repleto de melod\u00edas pegajosas, desde la canci\u00f3n de apertura hom\u00f3nima, un himno de psych-folk directo de seriedad comparable a &#8216;Todos Juntos&#8217; de Jaivas, a la \u00e1cida &#8216;Clave De Sol&#8217; y &#8216;La Sarna Del Viento&#8217;, y la et\u00e9rea progresista &#8216;El Charco&#8217;.<\/p>\n","protected":false},"excerpt":{"rendered":"<p>Primera reedici\u00f3n oficial en vinilo, que incluye dos bonus tracks, contraportada redise\u00f1ada y numerada a mano hasta 200 copias. El \u00e1lbum debut altamente coleccionable<a class=\"read\" href=\"https:\/\/wpguerssen-test.odoo.rgbconsulting.com\/es\/producto\/americanos-gold\/\"> (...)<\/a>","protected":false},"featured_media":233443,"template":"","meta":{"_acf_changed":false},"product_brand":[],"product_cat":[23215,23224],"product_tag":[29140],"class_list":{"0":"post-233473","1":"product","2":"type-product","3":"status-publish","4":"has-post-thumbnail","6":"product_cat-progressive60s-70s-es","7":"product_cat-hard-rock-60s-70s-es","8":"product_tag-color-vinyl-es","9":"pa_artist-contraluz","10":"pa_format-lp-es","11":"pa_gender-progressive60s-70s-hard-rock-60s-70s","12":"pa_label-disques-plusquereel","13":"pa_location-south-america-caribbean-es","14":"pa_other-filters-vinyl-only-es","16":"first","17":"instock","18":"taxable","19":"shipping-taxable","20":"purchasable","21":"product-type-simple"},"acf":[],"yoast_head":"<!-- This site is optimized with the Yoast SEO plugin v24.9 - https:\/\/yoast.com\/wordpress\/plugins\/seo\/ -->\n<title>CONTRALUZ - Americanos (Gold) -  (LP) | Guerssen<\/title>\n<meta name=\"description\" content=\"First official vinyl reissue, including two bonus tracks, redesigned back-cover and hand-numbered to 200 copies. The highly collectable debut album by Contraluz, originally released in 1973 on EMI, is the most exemplary hard-psych masterpiece to ever emerge from the prolific Argentinean scene, interspersed with proggy corridors that are scented with folky elements. This is a pure ear-pampering experience for those who crave in-your-face hard sonic assaults and ferocious rhythm-sections, topped up with majestic flutework and glimpses of prog serenity around the edges. The legendary Americanos is packed with sticky tunes, from the homonymous opening track, a straight psych-folk anthem of comparable gravitas to Jaivas&#039; &#039;Todos Juntos&#039;, to the acid-drenched &#039;Clave De Sol&#039; and &#039;La Sarna Del Viento&#039;, and the ethereally proggy &#039;El Charco&#039;.\" \/>\n<meta name=\"robots\" content=\"index, follow, max-snippet:-1, max-image-preview:large, max-video-preview:-1\" \/>\n<link rel=\"canonical\" href=\"https:\/\/wpguerssen-test.odoo.rgbconsulting.com\/es\/producto\/americanos-gold\/\" \/>\n<meta property=\"og:locale\" content=\"es_ES\" \/>\n<meta property=\"og:type\" content=\"article\" \/>\n<meta property=\"og:title\" content=\"CONTRALUZ - Americanos (Gold) -  (LP) | Guerssen\" \/>\n<meta property=\"og:description\" content=\"First official vinyl reissue, including two bonus tracks, redesigned back-cover and hand-numbered to 200 copies. The highly collectable debut album by Contraluz, originally released in 1973 on EMI, is the most exemplary hard-psych masterpiece to ever emerge from the prolific Argentinean scene, interspersed with proggy corridors that are scented with folky elements. This is a pure ear-pampering experience for those who crave in-your-face hard sonic assaults and ferocious rhythm-sections, topped up with majestic flutework and glimpses of prog serenity around the edges. The legendary Americanos is packed with sticky tunes, from the homonymous opening track, a straight psych-folk anthem of comparable gravitas to Jaivas&#039; &#039;Todos Juntos&#039;, to the acid-drenched &#039;Clave De Sol&#039; and &#039;La Sarna Del Viento&#039;, and the ethereally proggy &#039;El Charco&#039;.\" \/>\n<meta property=\"og:url\" content=\"https:\/\/wpguerssen-test.odoo.rgbconsulting.com\/es\/producto\/americanos-gold\/\" \/>\n<meta property=\"og:site_name\" content=\"Guerssen records\" \/>\n<meta property=\"article:modified_time\" content=\"2025-01-09T14:24:02+00:00\" \/>\n<meta property=\"og:image\" content=\"https:\/\/wpguerssen-test.odoo.rgbconsulting.com\/wp-content\/uploads\/2023\/06\/43801.jpg\" \/>\n\t<meta property=\"og:image:width\" content=\"1200\" \/>\n\t<meta property=\"og:image:height\" content=\"1172\" \/>\n\t<meta property=\"og:image:type\" content=\"image\/jpeg\" \/>\n<meta name=\"twitter:card\" content=\"summary_large_image\" \/>\n<meta name=\"twitter:title\" content=\"CONTRALUZ - Americanos (Gold) -  (LP) | Guerssen\" \/>\n<meta name=\"twitter:label1\" content=\"Tiempo de lectura\" \/>\n\t<meta name=\"twitter:data1\" content=\"1 minuto\" \/>\n<script type=\"application\/ld+json\" class=\"yoast-schema-graph\">{\"@context\":\"https:\/\/schema.org\",\"@graph\":[{\"@type\":\"WebPage\",\"@id\":\"https:\/\/wpguerssen-test.odoo.rgbconsulting.com\/es\/producto\/americanos-gold\/\",\"url\":\"https:\/\/wpguerssen-test.odoo.rgbconsulting.com\/es\/producto\/americanos-gold\/\",\"name\":\"CONTRALUZ - Americanos (Gold) - (LP) | Guerssen\",\"isPartOf\":{\"@id\":\"https:\/\/wpguerssen-test.odoo.rgbconsulting.com\/es\/#website\"},\"primaryImageOfPage\":{\"@id\":\"https:\/\/wpguerssen-test.odoo.rgbconsulting.com\/es\/producto\/americanos-gold\/#primaryimage\"},\"image\":{\"@id\":\"https:\/\/wpguerssen-test.odoo.rgbconsulting.com\/es\/producto\/americanos-gold\/#primaryimage\"},\"thumbnailUrl\":\"https:\/\/wpguerssen-test.odoo.rgbconsulting.com\/wp-content\/uploads\/2023\/06\/43801.jpg\",\"datePublished\":\"2023-06-06T22:00:00+00:00\",\"dateModified\":\"2025-01-09T14:24:02+00:00\",\"description\":\"First official vinyl reissue, including two bonus tracks, redesigned back-cover and hand-numbered to 200 copies. The highly collectable debut album by Contraluz, originally released in 1973 on EMI, is the most exemplary hard-psych masterpiece to ever emerge from the prolific Argentinean scene, interspersed with proggy corridors that are scented with folky elements. This is a pure ear-pampering experience for those who crave in-your-face hard sonic assaults and ferocious rhythm-sections, topped up with majestic flutework and glimpses of prog serenity around the edges. The legendary Americanos is packed with sticky tunes, from the homonymous opening track, a straight psych-folk anthem of comparable gravitas to Jaivas' 'Todos Juntos', to the acid-drenched 'Clave De Sol' and 'La Sarna Del Viento', and the ethereally proggy 'El Charco'.\",\"breadcrumb\":{\"@id\":\"https:\/\/wpguerssen-test.odoo.rgbconsulting.com\/es\/producto\/americanos-gold\/#breadcrumb\"},\"inLanguage\":\"es\",\"potentialAction\":[{\"@type\":\"ReadAction\",\"target\":[\"https:\/\/wpguerssen-test.odoo.rgbconsulting.com\/es\/producto\/americanos-gold\/\"]}]},{\"@type\":\"ImageObject\",\"inLanguage\":\"es\",\"@id\":\"https:\/\/wpguerssen-test.odoo.rgbconsulting.com\/es\/producto\/americanos-gold\/#primaryimage\",\"url\":\"https:\/\/wpguerssen-test.odoo.rgbconsulting.com\/wp-content\/uploads\/2023\/06\/43801.jpg\",\"contentUrl\":\"https:\/\/wpguerssen-test.odoo.rgbconsulting.com\/wp-content\/uploads\/2023\/06\/43801.jpg\",\"width\":1200,\"height\":1172},{\"@type\":\"BreadcrumbList\",\"@id\":\"https:\/\/wpguerssen-test.odoo.rgbconsulting.com\/es\/producto\/americanos-gold\/#breadcrumb\",\"itemListElement\":[{\"@type\":\"ListItem\",\"position\":1,\"name\":\"Inicio\",\"item\":\"https:\/\/wpguerssen-test.odoo.rgbconsulting.com\/es\/\"},{\"@type\":\"ListItem\",\"position\":2,\"name\":\"Shop\",\"item\":\"https:\/\/wpguerssen-test.odoo.rgbconsulting.com\/shop\/\"},{\"@type\":\"ListItem\",\"position\":3,\"name\":\"Americanos (Gold)\"}]},{\"@type\":\"WebSite\",\"@id\":\"https:\/\/wpguerssen-test.odoo.rgbconsulting.com\/es\/#website\",\"url\":\"https:\/\/wpguerssen-test.odoo.rgbconsulting.com\/es\/\",\"name\":\"Guerssen records\",\"description\":\"psychedelia - progressive - folk - garage \",\"publisher\":{\"@id\":\"https:\/\/wpguerssen-test.odoo.rgbconsulting.com\/es\/#organization\"},\"potentialAction\":[{\"@type\":\"SearchAction\",\"target\":{\"@type\":\"EntryPoint\",\"urlTemplate\":\"https:\/\/wpguerssen-test.odoo.rgbconsulting.com\/es\/?s={search_term_string}\"},\"query-input\":{\"@type\":\"PropertyValueSpecification\",\"valueRequired\":true,\"valueName\":\"search_term_string\"}}],\"inLanguage\":\"es\"},{\"@type\":\"Organization\",\"@id\":\"https:\/\/wpguerssen-test.odoo.rgbconsulting.com\/es\/#organization\",\"name\":\"Guerssen records\",\"url\":\"https:\/\/wpguerssen-test.odoo.rgbconsulting.com\/es\/\",\"logo\":{\"@type\":\"ImageObject\",\"inLanguage\":\"es\",\"@id\":\"https:\/\/wpguerssen-test.odoo.rgbconsulting.com\/es\/#\/schema\/logo\/image\/\",\"url\":\"https:\/\/wpguerssen-test.odoo.rgbconsulting.com\/wp-content\/uploads\/2022\/04\/Logo_Guerssen_trans_100.png\",\"contentUrl\":\"https:\/\/wpguerssen-test.odoo.rgbconsulting.com\/wp-content\/uploads\/2022\/04\/Logo_Guerssen_trans_100.png\",\"width\":122,\"height\":100,\"caption\":\"Guerssen records\"},\"image\":{\"@id\":\"https:\/\/wpguerssen-test.odoo.rgbconsulting.com\/es\/#\/schema\/logo\/image\/\"}}]}<\/script>\n<!-- \/ Yoast SEO plugin. -->","yoast_head_json":{"title":"CONTRALUZ - Americanos (Gold) -  (LP) | Guerssen","description":"First official vinyl reissue, including two bonus tracks, redesigned back-cover and hand-numbered to 200 copies. The highly collectable debut album by Contraluz, originally released in 1973 on EMI, is the most exemplary hard-psych masterpiece to ever emerge from the prolific Argentinean scene, interspersed with proggy corridors that are scented with folky elements. This is a pure ear-pampering experience for those who crave in-your-face hard sonic assaults and ferocious rhythm-sections, topped up with majestic flutework and glimpses of prog serenity around the edges. The legendary Americanos is packed with sticky tunes, from the homonymous opening track, a straight psych-folk anthem of comparable gravitas to Jaivas' 'Todos Juntos', to the acid-drenched 'Clave De Sol' and 'La Sarna Del Viento', and the ethereally proggy 'El Charco'.","robots":{"index":"index","follow":"follow","max-snippet":"max-snippet:-1","max-image-preview":"max-image-preview:large","max-video-preview":"max-video-preview:-1"},"canonical":"https:\/\/wpguerssen-test.odoo.rgbconsulting.com\/es\/producto\/americanos-gold\/","og_locale":"es_ES","og_type":"article","og_title":"CONTRALUZ - Americanos (Gold) -  (LP) | Guerssen","og_description":"First official vinyl reissue, including two bonus tracks, redesigned back-cover and hand-numbered to 200 copies. The highly collectable debut album by Contraluz, originally released in 1973 on EMI, is the most exemplary hard-psych masterpiece to ever emerge from the prolific Argentinean scene, interspersed with proggy corridors that are scented with folky elements. This is a pure ear-pampering experience for those who crave in-your-face hard sonic assaults and ferocious rhythm-sections, topped up with majestic flutework and glimpses of prog serenity around the edges. The legendary Americanos is packed with sticky tunes, from the homonymous opening track, a straight psych-folk anthem of comparable gravitas to Jaivas' 'Todos Juntos', to the acid-drenched 'Clave De Sol' and 'La Sarna Del Viento', and the ethereally proggy 'El Charco'.","og_url":"https:\/\/wpguerssen-test.odoo.rgbconsulting.com\/es\/producto\/americanos-gold\/","og_site_name":"Guerssen records","article_modified_time":"2025-01-09T14:24:02+00:00","og_image":[{"width":1200,"height":1172,"url":"https:\/\/wpguerssen-test.odoo.rgbconsulting.com\/wp-content\/uploads\/2023\/06\/43801.jpg","type":"image\/jpeg"}],"twitter_card":"summary_large_image","twitter_title":"CONTRALUZ - Americanos (Gold) -  (LP) | Guerssen","twitter_misc":{"Tiempo de lectura":"1 minuto"},"schema":{"@context":"https:\/\/schema.org","@graph":[{"@type":"WebPage","@id":"https:\/\/wpguerssen-test.odoo.rgbconsulting.com\/es\/producto\/americanos-gold\/","url":"https:\/\/wpguerssen-test.odoo.rgbconsulting.com\/es\/producto\/americanos-gold\/","name":"CONTRALUZ - Americanos (Gold) - (LP) | Guerssen","isPartOf":{"@id":"https:\/\/wpguerssen-test.odoo.rgbconsulting.com\/es\/#website"},"primaryImageOfPage":{"@id":"https:\/\/wpguerssen-test.odoo.rgbconsulting.com\/es\/producto\/americanos-gold\/#primaryimage"},"image":{"@id":"https:\/\/wpguerssen-test.odoo.rgbconsulting.com\/es\/producto\/americanos-gold\/#primaryimage"},"thumbnailUrl":"https:\/\/wpguerssen-test.odoo.rgbconsulting.com\/wp-content\/uploads\/2023\/06\/43801.jpg","datePublished":"2023-06-06T22:00:00+00:00","dateModified":"2025-01-09T14:24:02+00:00","description":"First official vinyl reissue, including two bonus tracks, redesigned back-cover and hand-numbered to 200 copies. The highly collectable debut album by Contraluz, originally released in 1973 on EMI, is the most exemplary hard-psych masterpiece to ever emerge from the prolific Argentinean scene, interspersed with proggy corridors that are scented with folky elements. This is a pure ear-pampering experience for those who crave in-your-face hard sonic assaults and ferocious rhythm-sections, topped up with majestic flutework and glimpses of prog serenity around the edges. The legendary Americanos is packed with sticky tunes, from the homonymous opening track, a straight psych-folk anthem of comparable gravitas to Jaivas' 'Todos Juntos', to the acid-drenched 'Clave De Sol' and 'La Sarna Del Viento', and the ethereally proggy 'El Charco'.","breadcrumb":{"@id":"https:\/\/wpguerssen-test.odoo.rgbconsulting.com\/es\/producto\/americanos-gold\/#breadcrumb"},"inLanguage":"es","potentialAction":[{"@type":"ReadAction","target":["https:\/\/wpguerssen-test.odoo.rgbconsulting.com\/es\/producto\/americanos-gold\/"]}]},{"@type":"ImageObject","inLanguage":"es","@id":"https:\/\/wpguerssen-test.odoo.rgbconsulting.com\/es\/producto\/americanos-gold\/#primaryimage","url":"https:\/\/wpguerssen-test.odoo.rgbconsulting.com\/wp-content\/uploads\/2023\/06\/43801.jpg","contentUrl":"https:\/\/wpguerssen-test.odoo.rgbconsulting.com\/wp-content\/uploads\/2023\/06\/43801.jpg","width":1200,"height":1172},{"@type":"BreadcrumbList","@id":"https:\/\/wpguerssen-test.odoo.rgbconsulting.com\/es\/producto\/americanos-gold\/#breadcrumb","itemListElement":[{"@type":"ListItem","position":1,"name":"Inicio","item":"https:\/\/wpguerssen-test.odoo.rgbconsulting.com\/es\/"},{"@type":"ListItem","position":2,"name":"Shop","item":"https:\/\/wpguerssen-test.odoo.rgbconsulting.com\/shop\/"},{"@type":"ListItem","position":3,"name":"Americanos (Gold)"}]},{"@type":"WebSite","@id":"https:\/\/wpguerssen-test.odoo.rgbconsulting.com\/es\/#website","url":"https:\/\/wpguerssen-test.odoo.rgbconsulting.com\/es\/","name":"Guerssen records","description":"psychedelia - progressive - folk - garage ","publisher":{"@id":"https:\/\/wpguerssen-test.odoo.rgbconsulting.com\/es\/#organization"},"potentialAction":[{"@type":"SearchAction","target":{"@type":"EntryPoint","urlTemplate":"https:\/\/wpguerssen-test.odoo.rgbconsulting.com\/es\/?s={search_term_string}"},"query-input":{"@type":"PropertyValueSpecification","valueRequired":true,"valueName":"search_term_string"}}],"inLanguage":"es"},{"@type":"Organization","@id":"https:\/\/wpguerssen-test.odoo.rgbconsulting.com\/es\/#organization","name":"Guerssen records","url":"https:\/\/wpguerssen-test.odoo.rgbconsulting.com\/es\/","logo":{"@type":"ImageObject","inLanguage":"es","@id":"https:\/\/wpguerssen-test.odoo.rgbconsulting.com\/es\/#\/schema\/logo\/image\/","url":"https:\/\/wpguerssen-test.odoo.rgbconsulting.com\/wp-content\/uploads\/2022\/04\/Logo_Guerssen_trans_100.png","contentUrl":"https:\/\/wpguerssen-test.odoo.rgbconsulting.com\/wp-content\/uploads\/2022\/04\/Logo_Guerssen_trans_100.png","width":122,"height":100,"caption":"Guerssen records"},"image":{"@id":"https:\/\/wpguerssen-test.odoo.rgbconsulting.com\/es\/#\/schema\/logo\/image\/"}}]}},"_links":{"self":[{"href":"https:\/\/wpguerssen-test.odoo.rgbconsulting.com\/es\/wp-json\/wp\/v2\/product\/233473","targetHints":{"allow":["GET"]}}],"collection":[{"href":"https:\/\/wpguerssen-test.odoo.rgbconsulting.com\/es\/wp-json\/wp\/v2\/product"}],"about":[{"href":"https:\/\/wpguerssen-test.odoo.rgbconsulting.com\/es\/wp-json\/wp\/v2\/types\/product"}],"wp:featuredmedia":[{"embeddable":true,"href":"https:\/\/wpguerssen-test.odoo.rgbconsulting.com\/es\/wp-json\/wp\/v2\/media\/233443"}],"wp:attachment":[{"href":"https:\/\/wpguerssen-test.odoo.rgbconsulting.com\/es\/wp-json\/wp\/v2\/media?parent=233473"}],"wp:term":[{"taxonomy":"product_brand","embeddable":true,"href":"https:\/\/wpguerssen-test.odoo.rgbconsulting.com\/es\/wp-json\/wp\/v2\/product_brand?post=233473"},{"taxonomy":"product_cat","embeddable":true,"href":"https:\/\/wpguerssen-test.odoo.rgbconsulting.com\/es\/wp-json\/wp\/v2\/product_cat?post=233473"},{"taxonomy":"product_tag","embeddable":true,"href":"https:\/\/wpguerssen-test.odoo.rgbconsulting.com\/es\/wp-json\/wp\/v2\/product_tag?post=233473"}],"curies":[{"name":"wp","href":"https:\/\/api.w.org\/{rel}","templated":true}]}}