{"id":233476,"date":"2023-08-31T00:00:00","date_gmt":"2023-08-30T22:00:00","guid":{"rendered":"https:\/\/wpguerssen-test.odoo.rgbconsulting.com\/product\/skates\/"},"modified":"2025-03-19T16:27:35","modified_gmt":"2025-03-19T15:27:35","slug":"skates","status":"publish","type":"product","link":"https:\/\/wpguerssen-test.odoo.rgbconsulting.com\/es\/producto\/skates\/","title":{"rendered":"Skates"},"content":{"rendered":"<p>Segundo LP completamente desconocido e in\u00e9dito de un cantautor ingl\u00e9s pastoral. Grabado en 1973 en el Departamento de M\u00fasica de la Universidad de Surrey, donde Robert estudiaba guitarra. Un caleidoscopio de canciones bellamente cantadas, intensas, impresionistas y compuestas por \u00e9l mismo. Algunas simplemente respaldadas por su impresionante trabajo de guitarra, otras con un respaldo completo de folk-rock de c\u00e1mara. Letras fuertemente simb\u00f3licas y m\u00fasica enga\u00f1osamente dulce, gran parte de las im\u00e1genes parecen anticipar su tr\u00e1gica muerte prematura, mientras dorm\u00eda, a los 19 a\u00f1os, solo unas semanas antes de graduarse. Se pueden hacer comparaciones obvias con Nick Drake e incluso con Tim Buckley, pero quiz\u00e1s de manera m\u00e1s aguda con los primeros Al Stewart y con una fuerte resonancia de los artistas de Village Thing, especialmente Dave Evans, dos LP cl\u00e1sicos. Atemporal, agudo, melanc\u00f3lico y exc\u00e9ntrico. Un milagro que esto haya sobrevivido.<br \/>Car\u00e1tula totalmente laminada, SIN C\u00d3DIGO DE BARRAS, caracter\u00edsticas interiores con letras completas e insert con recuerdos de su hermano, dise\u00f1ado por el inmortal Bobby Blisters. Masterizado por Reynolds Mastering, los reyes de la reconstrucci\u00f3n y prensado en las antiguas prensas EMI de Vinyl Factory para obtener la m\u00e1xima calidad. Limitado a 227 unidades.<\/p>\n","protected":false},"excerpt":{"rendered":"<p>Segundo LP completamente desconocido e in\u00e9dito de un cantautor ingl\u00e9s pastoral. Grabado en 1973 en el Departamento de M\u00fasica de la Universidad de Surrey, donde<a class=\"read\" href=\"https:\/\/wpguerssen-test.odoo.rgbconsulting.com\/es\/producto\/skates\/\"> (...)<\/a>","protected":false},"featured_media":233566,"template":"","meta":{"_acf_changed":false},"product_brand":[],"product_cat":[23271,23274],"product_tag":[],"class_list":{"0":"post-233476","1":"product","2":"type-product","3":"status-publish","4":"has-post-thumbnail","6":"product_cat-folk-60s-70s-es","7":"product_cat-folk-rock-60s-70s-es","8":"pa_artist-naylor-robert","9":"pa_format-lp-es","10":"pa_gender-folk-60s-70s-folk-rock-60s-70s","11":"pa_label-bright-carvings","12":"pa_location-uk-ireland-es","13":"pa_other-filters-vinyl-only-es","15":"first","16":"instock","17":"taxable","18":"shipping-taxable","19":"purchasable","20":"product-type-simple"},"acf":[],"yoast_head":"<!-- This site is optimized with the Yoast SEO plugin v24.9 - https:\/\/yoast.com\/wordpress\/plugins\/seo\/ -->\n<title>NAYLOR, Robert - Skates -  (LP) | Guerssen<\/title>\n<meta name=\"description\" content=\"Previously completely unknown second, unreleased, LP by pastoral English songsmith. Recorded in 1973 at the University of Surrey Music Department where Robert was a Guitar Degree Student. A kaleidoscope of beautifully sung, intense, impressionistic, self-composed songs. Some simply backed by his stunning guitar work, others with full chamber folk-rock backing. Heavily symbolic lyrics and deceptively sweet music, much of the imagery seems to anticipate his tragic early death, in his sleep, aged 19, just weeks before he graduated. Obvious comparisons can be made to Nick Drake and even Tim Buckley, but perhaps more sharply to early Al Stewart and with a strong resonance of Village Thing artists, especially Dave Evans two classic LPs. Timeless, sharp, wistful and eccentric. A miracle this has survived.Fully laminated sleeve, NO BARCODE, features inner with full lyrics and insert with memories from his Brother, designed by the immortal Bobby Blisters. Mastered by Reynolds Mastering, the kings of reconstruction and pressed on the old EMI Presses by Vinyl Factory for maximum quality. As always pressing run limited to 227.\" \/>\n<meta name=\"robots\" content=\"index, follow, max-snippet:-1, max-image-preview:large, max-video-preview:-1\" \/>\n<link rel=\"canonical\" href=\"https:\/\/wpguerssen-test.odoo.rgbconsulting.com\/es\/producto\/skates\/\" \/>\n<meta property=\"og:locale\" content=\"es_ES\" \/>\n<meta property=\"og:type\" content=\"article\" \/>\n<meta property=\"og:title\" content=\"NAYLOR, Robert - Skates -  (LP) | Guerssen\" \/>\n<meta property=\"og:description\" content=\"Previously completely unknown second, unreleased, LP by pastoral English songsmith. Recorded in 1973 at the University of Surrey Music Department where Robert was a Guitar Degree Student. A kaleidoscope of beautifully sung, intense, impressionistic, self-composed songs. Some simply backed by his stunning guitar work, others with full chamber folk-rock backing. Heavily symbolic lyrics and deceptively sweet music, much of the imagery seems to anticipate his tragic early death, in his sleep, aged 19, just weeks before he graduated. Obvious comparisons can be made to Nick Drake and even Tim Buckley, but perhaps more sharply to early Al Stewart and with a strong resonance of Village Thing artists, especially Dave Evans two classic LPs. Timeless, sharp, wistful and eccentric. A miracle this has survived.Fully laminated sleeve, NO BARCODE, features inner with full lyrics and insert with memories from his Brother, designed by the immortal Bobby Blisters. Mastered by Reynolds Mastering, the kings of reconstruction and pressed on the old EMI Presses by Vinyl Factory for maximum quality. As always pressing run limited to 227.\" \/>\n<meta property=\"og:url\" content=\"https:\/\/wpguerssen-test.odoo.rgbconsulting.com\/es\/producto\/skates\/\" \/>\n<meta property=\"og:site_name\" content=\"Guerssen records\" \/>\n<meta property=\"article:modified_time\" content=\"2025-03-19T15:27:35+00:00\" \/>\n<meta property=\"og:image\" content=\"https:\/\/wpguerssen-test.odoo.rgbconsulting.com\/wp-content\/uploads\/2023\/06\/43804.jpg\" \/>\n\t<meta property=\"og:image:width\" content=\"588\" \/>\n\t<meta property=\"og:image:height\" content=\"598\" \/>\n\t<meta property=\"og:image:type\" content=\"image\/jpeg\" \/>\n<meta name=\"twitter:card\" content=\"summary_large_image\" \/>\n<meta name=\"twitter:title\" content=\"NAYLOR, Robert - Skates -  (LP) | Guerssen\" \/>\n<meta name=\"twitter:label1\" content=\"Tiempo de lectura\" \/>\n\t<meta name=\"twitter:data1\" content=\"1 minuto\" \/>\n<script type=\"application\/ld+json\" class=\"yoast-schema-graph\">{\"@context\":\"https:\/\/schema.org\",\"@graph\":[{\"@type\":\"WebPage\",\"@id\":\"https:\/\/wpguerssen-test.odoo.rgbconsulting.com\/es\/producto\/skates\/\",\"url\":\"https:\/\/wpguerssen-test.odoo.rgbconsulting.com\/es\/producto\/skates\/\",\"name\":\"NAYLOR, Robert - Skates - (LP) | Guerssen\",\"isPartOf\":{\"@id\":\"https:\/\/wpguerssen-test.odoo.rgbconsulting.com\/es\/#website\"},\"primaryImageOfPage\":{\"@id\":\"https:\/\/wpguerssen-test.odoo.rgbconsulting.com\/es\/producto\/skates\/#primaryimage\"},\"image\":{\"@id\":\"https:\/\/wpguerssen-test.odoo.rgbconsulting.com\/es\/producto\/skates\/#primaryimage\"},\"thumbnailUrl\":\"https:\/\/wpguerssen-test.odoo.rgbconsulting.com\/wp-content\/uploads\/2023\/06\/43804.jpg\",\"datePublished\":\"2023-08-30T22:00:00+00:00\",\"dateModified\":\"2025-03-19T15:27:35+00:00\",\"description\":\"Previously completely unknown second, unreleased, LP by pastoral English songsmith. Recorded in 1973 at the University of Surrey Music Department where Robert was a Guitar Degree Student. A kaleidoscope of beautifully sung, intense, impressionistic, self-composed songs. Some simply backed by his stunning guitar work, others with full chamber folk-rock backing. Heavily symbolic lyrics and deceptively sweet music, much of the imagery seems to anticipate his tragic early death, in his sleep, aged 19, just weeks before he graduated. Obvious comparisons can be made to Nick Drake and even Tim Buckley, but perhaps more sharply to early Al Stewart and with a strong resonance of Village Thing artists, especially Dave Evans two classic LPs. Timeless, sharp, wistful and eccentric. A miracle this has survived.Fully laminated sleeve, NO BARCODE, features inner with full lyrics and insert with memories from his Brother, designed by the immortal Bobby Blisters. Mastered by Reynolds Mastering, the kings of reconstruction and pressed on the old EMI Presses by Vinyl Factory for maximum quality. As always pressing run limited to 227.\",\"breadcrumb\":{\"@id\":\"https:\/\/wpguerssen-test.odoo.rgbconsulting.com\/es\/producto\/skates\/#breadcrumb\"},\"inLanguage\":\"es\",\"potentialAction\":[{\"@type\":\"ReadAction\",\"target\":[\"https:\/\/wpguerssen-test.odoo.rgbconsulting.com\/es\/producto\/skates\/\"]}]},{\"@type\":\"ImageObject\",\"inLanguage\":\"es\",\"@id\":\"https:\/\/wpguerssen-test.odoo.rgbconsulting.com\/es\/producto\/skates\/#primaryimage\",\"url\":\"https:\/\/wpguerssen-test.odoo.rgbconsulting.com\/wp-content\/uploads\/2023\/06\/43804.jpg\",\"contentUrl\":\"https:\/\/wpguerssen-test.odoo.rgbconsulting.com\/wp-content\/uploads\/2023\/06\/43804.jpg\",\"width\":588,\"height\":598,\"caption\":\"Robert - Skates - BRIGHT CARVINGS (LP) | Guerssen\"},{\"@type\":\"BreadcrumbList\",\"@id\":\"https:\/\/wpguerssen-test.odoo.rgbconsulting.com\/es\/producto\/skates\/#breadcrumb\",\"itemListElement\":[{\"@type\":\"ListItem\",\"position\":1,\"name\":\"Inicio\",\"item\":\"https:\/\/wpguerssen-test.odoo.rgbconsulting.com\/es\/\"},{\"@type\":\"ListItem\",\"position\":2,\"name\":\"Shop\",\"item\":\"https:\/\/wpguerssen-test.odoo.rgbconsulting.com\/shop\/\"},{\"@type\":\"ListItem\",\"position\":3,\"name\":\"Skates\"}]},{\"@type\":\"WebSite\",\"@id\":\"https:\/\/wpguerssen-test.odoo.rgbconsulting.com\/es\/#website\",\"url\":\"https:\/\/wpguerssen-test.odoo.rgbconsulting.com\/es\/\",\"name\":\"Guerssen records\",\"description\":\"psychedelia - progressive - folk - garage \",\"publisher\":{\"@id\":\"https:\/\/wpguerssen-test.odoo.rgbconsulting.com\/es\/#organization\"},\"potentialAction\":[{\"@type\":\"SearchAction\",\"target\":{\"@type\":\"EntryPoint\",\"urlTemplate\":\"https:\/\/wpguerssen-test.odoo.rgbconsulting.com\/es\/?s={search_term_string}\"},\"query-input\":{\"@type\":\"PropertyValueSpecification\",\"valueRequired\":true,\"valueName\":\"search_term_string\"}}],\"inLanguage\":\"es\"},{\"@type\":\"Organization\",\"@id\":\"https:\/\/wpguerssen-test.odoo.rgbconsulting.com\/es\/#organization\",\"name\":\"Guerssen records\",\"url\":\"https:\/\/wpguerssen-test.odoo.rgbconsulting.com\/es\/\",\"logo\":{\"@type\":\"ImageObject\",\"inLanguage\":\"es\",\"@id\":\"https:\/\/wpguerssen-test.odoo.rgbconsulting.com\/es\/#\/schema\/logo\/image\/\",\"url\":\"https:\/\/wpguerssen-test.odoo.rgbconsulting.com\/wp-content\/uploads\/2022\/04\/Logo_Guerssen_trans_100.png\",\"contentUrl\":\"https:\/\/wpguerssen-test.odoo.rgbconsulting.com\/wp-content\/uploads\/2022\/04\/Logo_Guerssen_trans_100.png\",\"width\":122,\"height\":100,\"caption\":\"Guerssen records\"},\"image\":{\"@id\":\"https:\/\/wpguerssen-test.odoo.rgbconsulting.com\/es\/#\/schema\/logo\/image\/\"}}]}<\/script>\n<!-- \/ Yoast SEO plugin. -->","yoast_head_json":{"title":"NAYLOR, Robert - Skates -  (LP) | Guerssen","description":"Previously completely unknown second, unreleased, LP by pastoral English songsmith. Recorded in 1973 at the University of Surrey Music Department where Robert was a Guitar Degree Student. A kaleidoscope of beautifully sung, intense, impressionistic, self-composed songs. Some simply backed by his stunning guitar work, others with full chamber folk-rock backing. Heavily symbolic lyrics and deceptively sweet music, much of the imagery seems to anticipate his tragic early death, in his sleep, aged 19, just weeks before he graduated. Obvious comparisons can be made to Nick Drake and even Tim Buckley, but perhaps more sharply to early Al Stewart and with a strong resonance of Village Thing artists, especially Dave Evans two classic LPs. Timeless, sharp, wistful and eccentric. A miracle this has survived.Fully laminated sleeve, NO BARCODE, features inner with full lyrics and insert with memories from his Brother, designed by the immortal Bobby Blisters. Mastered by Reynolds Mastering, the kings of reconstruction and pressed on the old EMI Presses by Vinyl Factory for maximum quality. As always pressing run limited to 227.","robots":{"index":"index","follow":"follow","max-snippet":"max-snippet:-1","max-image-preview":"max-image-preview:large","max-video-preview":"max-video-preview:-1"},"canonical":"https:\/\/wpguerssen-test.odoo.rgbconsulting.com\/es\/producto\/skates\/","og_locale":"es_ES","og_type":"article","og_title":"NAYLOR, Robert - Skates -  (LP) | Guerssen","og_description":"Previously completely unknown second, unreleased, LP by pastoral English songsmith. Recorded in 1973 at the University of Surrey Music Department where Robert was a Guitar Degree Student. A kaleidoscope of beautifully sung, intense, impressionistic, self-composed songs. Some simply backed by his stunning guitar work, others with full chamber folk-rock backing. Heavily symbolic lyrics and deceptively sweet music, much of the imagery seems to anticipate his tragic early death, in his sleep, aged 19, just weeks before he graduated. Obvious comparisons can be made to Nick Drake and even Tim Buckley, but perhaps more sharply to early Al Stewart and with a strong resonance of Village Thing artists, especially Dave Evans two classic LPs. Timeless, sharp, wistful and eccentric. A miracle this has survived.Fully laminated sleeve, NO BARCODE, features inner with full lyrics and insert with memories from his Brother, designed by the immortal Bobby Blisters. Mastered by Reynolds Mastering, the kings of reconstruction and pressed on the old EMI Presses by Vinyl Factory for maximum quality. As always pressing run limited to 227.","og_url":"https:\/\/wpguerssen-test.odoo.rgbconsulting.com\/es\/producto\/skates\/","og_site_name":"Guerssen records","article_modified_time":"2025-03-19T15:27:35+00:00","og_image":[{"width":588,"height":598,"url":"https:\/\/wpguerssen-test.odoo.rgbconsulting.com\/wp-content\/uploads\/2023\/06\/43804.jpg","type":"image\/jpeg"}],"twitter_card":"summary_large_image","twitter_title":"NAYLOR, Robert - Skates -  (LP) | Guerssen","twitter_misc":{"Tiempo de lectura":"1 minuto"},"schema":{"@context":"https:\/\/schema.org","@graph":[{"@type":"WebPage","@id":"https:\/\/wpguerssen-test.odoo.rgbconsulting.com\/es\/producto\/skates\/","url":"https:\/\/wpguerssen-test.odoo.rgbconsulting.com\/es\/producto\/skates\/","name":"NAYLOR, Robert - Skates - (LP) | Guerssen","isPartOf":{"@id":"https:\/\/wpguerssen-test.odoo.rgbconsulting.com\/es\/#website"},"primaryImageOfPage":{"@id":"https:\/\/wpguerssen-test.odoo.rgbconsulting.com\/es\/producto\/skates\/#primaryimage"},"image":{"@id":"https:\/\/wpguerssen-test.odoo.rgbconsulting.com\/es\/producto\/skates\/#primaryimage"},"thumbnailUrl":"https:\/\/wpguerssen-test.odoo.rgbconsulting.com\/wp-content\/uploads\/2023\/06\/43804.jpg","datePublished":"2023-08-30T22:00:00+00:00","dateModified":"2025-03-19T15:27:35+00:00","description":"Previously completely unknown second, unreleased, LP by pastoral English songsmith. Recorded in 1973 at the University of Surrey Music Department where Robert was a Guitar Degree Student. A kaleidoscope of beautifully sung, intense, impressionistic, self-composed songs. Some simply backed by his stunning guitar work, others with full chamber folk-rock backing. Heavily symbolic lyrics and deceptively sweet music, much of the imagery seems to anticipate his tragic early death, in his sleep, aged 19, just weeks before he graduated. Obvious comparisons can be made to Nick Drake and even Tim Buckley, but perhaps more sharply to early Al Stewart and with a strong resonance of Village Thing artists, especially Dave Evans two classic LPs. Timeless, sharp, wistful and eccentric. A miracle this has survived.Fully laminated sleeve, NO BARCODE, features inner with full lyrics and insert with memories from his Brother, designed by the immortal Bobby Blisters. Mastered by Reynolds Mastering, the kings of reconstruction and pressed on the old EMI Presses by Vinyl Factory for maximum quality. As always pressing run limited to 227.","breadcrumb":{"@id":"https:\/\/wpguerssen-test.odoo.rgbconsulting.com\/es\/producto\/skates\/#breadcrumb"},"inLanguage":"es","potentialAction":[{"@type":"ReadAction","target":["https:\/\/wpguerssen-test.odoo.rgbconsulting.com\/es\/producto\/skates\/"]}]},{"@type":"ImageObject","inLanguage":"es","@id":"https:\/\/wpguerssen-test.odoo.rgbconsulting.com\/es\/producto\/skates\/#primaryimage","url":"https:\/\/wpguerssen-test.odoo.rgbconsulting.com\/wp-content\/uploads\/2023\/06\/43804.jpg","contentUrl":"https:\/\/wpguerssen-test.odoo.rgbconsulting.com\/wp-content\/uploads\/2023\/06\/43804.jpg","width":588,"height":598,"caption":"Robert - Skates - BRIGHT CARVINGS (LP) | Guerssen"},{"@type":"BreadcrumbList","@id":"https:\/\/wpguerssen-test.odoo.rgbconsulting.com\/es\/producto\/skates\/#breadcrumb","itemListElement":[{"@type":"ListItem","position":1,"name":"Inicio","item":"https:\/\/wpguerssen-test.odoo.rgbconsulting.com\/es\/"},{"@type":"ListItem","position":2,"name":"Shop","item":"https:\/\/wpguerssen-test.odoo.rgbconsulting.com\/shop\/"},{"@type":"ListItem","position":3,"name":"Skates"}]},{"@type":"WebSite","@id":"https:\/\/wpguerssen-test.odoo.rgbconsulting.com\/es\/#website","url":"https:\/\/wpguerssen-test.odoo.rgbconsulting.com\/es\/","name":"Guerssen records","description":"psychedelia - progressive - folk - garage ","publisher":{"@id":"https:\/\/wpguerssen-test.odoo.rgbconsulting.com\/es\/#organization"},"potentialAction":[{"@type":"SearchAction","target":{"@type":"EntryPoint","urlTemplate":"https:\/\/wpguerssen-test.odoo.rgbconsulting.com\/es\/?s={search_term_string}"},"query-input":{"@type":"PropertyValueSpecification","valueRequired":true,"valueName":"search_term_string"}}],"inLanguage":"es"},{"@type":"Organization","@id":"https:\/\/wpguerssen-test.odoo.rgbconsulting.com\/es\/#organization","name":"Guerssen records","url":"https:\/\/wpguerssen-test.odoo.rgbconsulting.com\/es\/","logo":{"@type":"ImageObject","inLanguage":"es","@id":"https:\/\/wpguerssen-test.odoo.rgbconsulting.com\/es\/#\/schema\/logo\/image\/","url":"https:\/\/wpguerssen-test.odoo.rgbconsulting.com\/wp-content\/uploads\/2022\/04\/Logo_Guerssen_trans_100.png","contentUrl":"https:\/\/wpguerssen-test.odoo.rgbconsulting.com\/wp-content\/uploads\/2022\/04\/Logo_Guerssen_trans_100.png","width":122,"height":100,"caption":"Guerssen records"},"image":{"@id":"https:\/\/wpguerssen-test.odoo.rgbconsulting.com\/es\/#\/schema\/logo\/image\/"}}]}},"_links":{"self":[{"href":"https:\/\/wpguerssen-test.odoo.rgbconsulting.com\/es\/wp-json\/wp\/v2\/product\/233476","targetHints":{"allow":["GET"]}}],"collection":[{"href":"https:\/\/wpguerssen-test.odoo.rgbconsulting.com\/es\/wp-json\/wp\/v2\/product"}],"about":[{"href":"https:\/\/wpguerssen-test.odoo.rgbconsulting.com\/es\/wp-json\/wp\/v2\/types\/product"}],"wp:featuredmedia":[{"embeddable":true,"href":"https:\/\/wpguerssen-test.odoo.rgbconsulting.com\/es\/wp-json\/wp\/v2\/media\/233566"}],"wp:attachment":[{"href":"https:\/\/wpguerssen-test.odoo.rgbconsulting.com\/es\/wp-json\/wp\/v2\/media?parent=233476"}],"wp:term":[{"taxonomy":"product_brand","embeddable":true,"href":"https:\/\/wpguerssen-test.odoo.rgbconsulting.com\/es\/wp-json\/wp\/v2\/product_brand?post=233476"},{"taxonomy":"product_cat","embeddable":true,"href":"https:\/\/wpguerssen-test.odoo.rgbconsulting.com\/es\/wp-json\/wp\/v2\/product_cat?post=233476"},{"taxonomy":"product_tag","embeddable":true,"href":"https:\/\/wpguerssen-test.odoo.rgbconsulting.com\/es\/wp-json\/wp\/v2\/product_tag?post=233476"}],"curies":[{"name":"wp","href":"https:\/\/api.w.org\/{rel}","templated":true}]}}