{"id":233477,"date":"2023-08-31T00:00:00","date_gmt":"2023-08-30T22:00:00","guid":{"rendered":"https:\/\/wpguerssen-test.odoo.rgbconsulting.com\/product\/one-3\/"},"modified":"2025-03-19T16:27:39","modified_gmt":"2025-03-19T15:27:39","slug":"one-2","status":"publish","type":"product","link":"https:\/\/wpguerssen-test.odoo.rgbconsulting.com\/es\/producto\/one-2\/","title":{"rendered":"One"},"content":{"rendered":"<p>Una genuina banda de blues psicod\u00e9lica, progresiva de Sussex, con inflexiones de la costa oeste, presenta un conjunto bellamente grabado que comienza con Quicksilvers Pride of Man e incluye a Donovan (impresionante versi\u00f3n de Hampstead Heath Incident), Dylan y John Mayall, as\u00ed como oscuras pistas de blues y folk y dos originales. Excelente guitarra en todo momento. Los fan\u00e1ticos de los primeros Quicksilver, el 1er LP Savoy Brown, Mighty Baby y todas esas cosas hippies del 69\/70 no necesitan ir m\u00e1s lejos. Originalmente un precioso lanzamiento privado de 99 copias en el legendario sello Saturn, solo un pu\u00f1ado perdura. Replica de car\u00e1tula y etiquetas originales, dise\u00f1adas por el inmortal Bobby Blisters. Masterizado por Reynolds Mastering, los reyes de la reconstrucci\u00f3n y prensado en las antiguas prensas EMI de Vinyl Factory para obtener la m\u00e1xima calidad. Limitado a 227 unidades.<\/p>\n","protected":false},"excerpt":{"rendered":"<p>Una genuina banda de blues psicod\u00e9lica, progresiva de Sussex, con inflexiones de la costa oeste, presenta un conjunto bellamente grabado que comienza con Quicksilvers<a class=\"read\" href=\"https:\/\/wpguerssen-test.odoo.rgbconsulting.com\/es\/producto\/one-2\/\"> (...)<\/a>","protected":false},"featured_media":233568,"template":"","meta":{"_acf_changed":false},"product_brand":[],"product_cat":[21639,23215],"product_tag":[],"class_list":{"0":"post-233477","1":"product","2":"type-product","3":"status-publish","4":"has-post-thumbnail","6":"product_cat-psychedelic60s-70s-es","7":"product_cat-progressive60s-70s-es","8":"pa_artist-terraplane","9":"pa_format-lp-es","10":"pa_gender-progressive60s-70s-psychedelic60s-70s","11":"pa_label-bright-carvings","12":"pa_location-uk-ireland-es","13":"pa_other-filters-vinyl-only-es","15":"first","16":"instock","17":"taxable","18":"shipping-taxable","19":"purchasable","20":"product-type-simple"},"acf":[],"yoast_head":"<!-- This site is optimized with the Yoast SEO plugin v24.9 - https:\/\/yoast.com\/wordpress\/plugins\/seo\/ -->\n<title>TERRAPLANE - One -  (LP) | Guerssen<\/title>\n<meta name=\"description\" content=\"A genuine Underground, West Coast inflected, progressive, psychedelic blues band from Sussex present a beautifully curated and recorded set kicking off with Quicksilvers Pride of Man and taking in Donovan (stunning version of Hampstead Heath Incident), Dylan and John Mayall as well as obscure blues and folk tracks (a wonderful Portland Town) and two great originals. Superb guitar throughout. Fans of early Quicksilver, 1st LP Savoy Brown, Mighty Baby and all that 69\/70 hippy stuff need go no further. Originally a precious 99 copy only private release on the legendary Saturn label, only a handful have ever escaped into the wild.Fully laminated sleeve, NO BARCODE, features inner with full history and background done by the Band, replica of original hand-made sleeve and replica original labels, designed by the immortal Bobby Blisters. Mastered by Reynolds Mastering, the kings of reconstruction and pressed on the old EMI Presses by Vinyl Factory for maximum quality. As always pressing run limited to 227.\" \/>\n<meta name=\"robots\" content=\"index, follow, max-snippet:-1, max-image-preview:large, max-video-preview:-1\" \/>\n<link rel=\"canonical\" href=\"https:\/\/wpguerssen-test.odoo.rgbconsulting.com\/es\/producto\/one-2\/\" \/>\n<meta property=\"og:locale\" content=\"es_ES\" \/>\n<meta property=\"og:type\" content=\"article\" \/>\n<meta property=\"og:title\" content=\"TERRAPLANE - One -  (LP) | Guerssen\" \/>\n<meta property=\"og:description\" content=\"A genuine Underground, West Coast inflected, progressive, psychedelic blues band from Sussex present a beautifully curated and recorded set kicking off with Quicksilvers Pride of Man and taking in Donovan (stunning version of Hampstead Heath Incident), Dylan and John Mayall as well as obscure blues and folk tracks (a wonderful Portland Town) and two great originals. Superb guitar throughout. Fans of early Quicksilver, 1st LP Savoy Brown, Mighty Baby and all that 69\/70 hippy stuff need go no further. Originally a precious 99 copy only private release on the legendary Saturn label, only a handful have ever escaped into the wild.Fully laminated sleeve, NO BARCODE, features inner with full history and background done by the Band, replica of original hand-made sleeve and replica original labels, designed by the immortal Bobby Blisters. Mastered by Reynolds Mastering, the kings of reconstruction and pressed on the old EMI Presses by Vinyl Factory for maximum quality. As always pressing run limited to 227.\" \/>\n<meta property=\"og:url\" content=\"https:\/\/wpguerssen-test.odoo.rgbconsulting.com\/es\/producto\/one-2\/\" \/>\n<meta property=\"og:site_name\" content=\"Guerssen records\" \/>\n<meta property=\"article:modified_time\" content=\"2025-03-19T15:27:39+00:00\" \/>\n<meta property=\"og:image\" content=\"https:\/\/wpguerssen-test.odoo.rgbconsulting.com\/wp-content\/uploads\/2023\/06\/43805.jpg\" \/>\n\t<meta property=\"og:image:width\" content=\"589\" \/>\n\t<meta property=\"og:image:height\" content=\"581\" \/>\n\t<meta property=\"og:image:type\" content=\"image\/jpeg\" \/>\n<meta name=\"twitter:card\" content=\"summary_large_image\" \/>\n<meta name=\"twitter:title\" content=\"TERRAPLANE - One -  (LP) | Guerssen\" \/>\n<meta name=\"twitter:label1\" content=\"Tiempo de lectura\" \/>\n\t<meta name=\"twitter:data1\" content=\"1 minuto\" \/>\n<script type=\"application\/ld+json\" class=\"yoast-schema-graph\">{\"@context\":\"https:\/\/schema.org\",\"@graph\":[{\"@type\":\"WebPage\",\"@id\":\"https:\/\/wpguerssen-test.odoo.rgbconsulting.com\/es\/producto\/one-2\/\",\"url\":\"https:\/\/wpguerssen-test.odoo.rgbconsulting.com\/es\/producto\/one-2\/\",\"name\":\"TERRAPLANE - One - (LP) | Guerssen\",\"isPartOf\":{\"@id\":\"https:\/\/wpguerssen-test.odoo.rgbconsulting.com\/es\/#website\"},\"primaryImageOfPage\":{\"@id\":\"https:\/\/wpguerssen-test.odoo.rgbconsulting.com\/es\/producto\/one-2\/#primaryimage\"},\"image\":{\"@id\":\"https:\/\/wpguerssen-test.odoo.rgbconsulting.com\/es\/producto\/one-2\/#primaryimage\"},\"thumbnailUrl\":\"https:\/\/wpguerssen-test.odoo.rgbconsulting.com\/wp-content\/uploads\/2023\/06\/43805.jpg\",\"datePublished\":\"2023-08-30T22:00:00+00:00\",\"dateModified\":\"2025-03-19T15:27:39+00:00\",\"description\":\"A genuine Underground, West Coast inflected, progressive, psychedelic blues band from Sussex present a beautifully curated and recorded set kicking off with Quicksilvers Pride of Man and taking in Donovan (stunning version of Hampstead Heath Incident), Dylan and John Mayall as well as obscure blues and folk tracks (a wonderful Portland Town) and two great originals. Superb guitar throughout. Fans of early Quicksilver, 1st LP Savoy Brown, Mighty Baby and all that 69\/70 hippy stuff need go no further. Originally a precious 99 copy only private release on the legendary Saturn label, only a handful have ever escaped into the wild.Fully laminated sleeve, NO BARCODE, features inner with full history and background done by the Band, replica of original hand-made sleeve and replica original labels, designed by the immortal Bobby Blisters. Mastered by Reynolds Mastering, the kings of reconstruction and pressed on the old EMI Presses by Vinyl Factory for maximum quality. As always pressing run limited to 227.\",\"breadcrumb\":{\"@id\":\"https:\/\/wpguerssen-test.odoo.rgbconsulting.com\/es\/producto\/one-2\/#breadcrumb\"},\"inLanguage\":\"es\",\"potentialAction\":[{\"@type\":\"ReadAction\",\"target\":[\"https:\/\/wpguerssen-test.odoo.rgbconsulting.com\/es\/producto\/one-2\/\"]}]},{\"@type\":\"ImageObject\",\"inLanguage\":\"es\",\"@id\":\"https:\/\/wpguerssen-test.odoo.rgbconsulting.com\/es\/producto\/one-2\/#primaryimage\",\"url\":\"https:\/\/wpguerssen-test.odoo.rgbconsulting.com\/wp-content\/uploads\/2023\/06\/43805.jpg\",\"contentUrl\":\"https:\/\/wpguerssen-test.odoo.rgbconsulting.com\/wp-content\/uploads\/2023\/06\/43805.jpg\",\"width\":589,\"height\":581},{\"@type\":\"BreadcrumbList\",\"@id\":\"https:\/\/wpguerssen-test.odoo.rgbconsulting.com\/es\/producto\/one-2\/#breadcrumb\",\"itemListElement\":[{\"@type\":\"ListItem\",\"position\":1,\"name\":\"Inicio\",\"item\":\"https:\/\/wpguerssen-test.odoo.rgbconsulting.com\/es\/\"},{\"@type\":\"ListItem\",\"position\":2,\"name\":\"Shop\",\"item\":\"https:\/\/wpguerssen-test.odoo.rgbconsulting.com\/shop\/\"},{\"@type\":\"ListItem\",\"position\":3,\"name\":\"One\"}]},{\"@type\":\"WebSite\",\"@id\":\"https:\/\/wpguerssen-test.odoo.rgbconsulting.com\/es\/#website\",\"url\":\"https:\/\/wpguerssen-test.odoo.rgbconsulting.com\/es\/\",\"name\":\"Guerssen records\",\"description\":\"psychedelia - progressive - folk - garage \",\"publisher\":{\"@id\":\"https:\/\/wpguerssen-test.odoo.rgbconsulting.com\/es\/#organization\"},\"potentialAction\":[{\"@type\":\"SearchAction\",\"target\":{\"@type\":\"EntryPoint\",\"urlTemplate\":\"https:\/\/wpguerssen-test.odoo.rgbconsulting.com\/es\/?s={search_term_string}\"},\"query-input\":{\"@type\":\"PropertyValueSpecification\",\"valueRequired\":true,\"valueName\":\"search_term_string\"}}],\"inLanguage\":\"es\"},{\"@type\":\"Organization\",\"@id\":\"https:\/\/wpguerssen-test.odoo.rgbconsulting.com\/es\/#organization\",\"name\":\"Guerssen records\",\"url\":\"https:\/\/wpguerssen-test.odoo.rgbconsulting.com\/es\/\",\"logo\":{\"@type\":\"ImageObject\",\"inLanguage\":\"es\",\"@id\":\"https:\/\/wpguerssen-test.odoo.rgbconsulting.com\/es\/#\/schema\/logo\/image\/\",\"url\":\"https:\/\/wpguerssen-test.odoo.rgbconsulting.com\/wp-content\/uploads\/2022\/04\/Logo_Guerssen_trans_100.png\",\"contentUrl\":\"https:\/\/wpguerssen-test.odoo.rgbconsulting.com\/wp-content\/uploads\/2022\/04\/Logo_Guerssen_trans_100.png\",\"width\":122,\"height\":100,\"caption\":\"Guerssen records\"},\"image\":{\"@id\":\"https:\/\/wpguerssen-test.odoo.rgbconsulting.com\/es\/#\/schema\/logo\/image\/\"}}]}<\/script>\n<!-- \/ Yoast SEO plugin. -->","yoast_head_json":{"title":"TERRAPLANE - One -  (LP) | Guerssen","description":"A genuine Underground, West Coast inflected, progressive, psychedelic blues band from Sussex present a beautifully curated and recorded set kicking off with Quicksilvers Pride of Man and taking in Donovan (stunning version of Hampstead Heath Incident), Dylan and John Mayall as well as obscure blues and folk tracks (a wonderful Portland Town) and two great originals. Superb guitar throughout. Fans of early Quicksilver, 1st LP Savoy Brown, Mighty Baby and all that 69\/70 hippy stuff need go no further. Originally a precious 99 copy only private release on the legendary Saturn label, only a handful have ever escaped into the wild.Fully laminated sleeve, NO BARCODE, features inner with full history and background done by the Band, replica of original hand-made sleeve and replica original labels, designed by the immortal Bobby Blisters. Mastered by Reynolds Mastering, the kings of reconstruction and pressed on the old EMI Presses by Vinyl Factory for maximum quality. As always pressing run limited to 227.","robots":{"index":"index","follow":"follow","max-snippet":"max-snippet:-1","max-image-preview":"max-image-preview:large","max-video-preview":"max-video-preview:-1"},"canonical":"https:\/\/wpguerssen-test.odoo.rgbconsulting.com\/es\/producto\/one-2\/","og_locale":"es_ES","og_type":"article","og_title":"TERRAPLANE - One -  (LP) | Guerssen","og_description":"A genuine Underground, West Coast inflected, progressive, psychedelic blues band from Sussex present a beautifully curated and recorded set kicking off with Quicksilvers Pride of Man and taking in Donovan (stunning version of Hampstead Heath Incident), Dylan and John Mayall as well as obscure blues and folk tracks (a wonderful Portland Town) and two great originals. Superb guitar throughout. Fans of early Quicksilver, 1st LP Savoy Brown, Mighty Baby and all that 69\/70 hippy stuff need go no further. Originally a precious 99 copy only private release on the legendary Saturn label, only a handful have ever escaped into the wild.Fully laminated sleeve, NO BARCODE, features inner with full history and background done by the Band, replica of original hand-made sleeve and replica original labels, designed by the immortal Bobby Blisters. Mastered by Reynolds Mastering, the kings of reconstruction and pressed on the old EMI Presses by Vinyl Factory for maximum quality. As always pressing run limited to 227.","og_url":"https:\/\/wpguerssen-test.odoo.rgbconsulting.com\/es\/producto\/one-2\/","og_site_name":"Guerssen records","article_modified_time":"2025-03-19T15:27:39+00:00","og_image":[{"width":589,"height":581,"url":"https:\/\/wpguerssen-test.odoo.rgbconsulting.com\/wp-content\/uploads\/2023\/06\/43805.jpg","type":"image\/jpeg"}],"twitter_card":"summary_large_image","twitter_title":"TERRAPLANE - One -  (LP) | Guerssen","twitter_misc":{"Tiempo de lectura":"1 minuto"},"schema":{"@context":"https:\/\/schema.org","@graph":[{"@type":"WebPage","@id":"https:\/\/wpguerssen-test.odoo.rgbconsulting.com\/es\/producto\/one-2\/","url":"https:\/\/wpguerssen-test.odoo.rgbconsulting.com\/es\/producto\/one-2\/","name":"TERRAPLANE - One - (LP) | Guerssen","isPartOf":{"@id":"https:\/\/wpguerssen-test.odoo.rgbconsulting.com\/es\/#website"},"primaryImageOfPage":{"@id":"https:\/\/wpguerssen-test.odoo.rgbconsulting.com\/es\/producto\/one-2\/#primaryimage"},"image":{"@id":"https:\/\/wpguerssen-test.odoo.rgbconsulting.com\/es\/producto\/one-2\/#primaryimage"},"thumbnailUrl":"https:\/\/wpguerssen-test.odoo.rgbconsulting.com\/wp-content\/uploads\/2023\/06\/43805.jpg","datePublished":"2023-08-30T22:00:00+00:00","dateModified":"2025-03-19T15:27:39+00:00","description":"A genuine Underground, West Coast inflected, progressive, psychedelic blues band from Sussex present a beautifully curated and recorded set kicking off with Quicksilvers Pride of Man and taking in Donovan (stunning version of Hampstead Heath Incident), Dylan and John Mayall as well as obscure blues and folk tracks (a wonderful Portland Town) and two great originals. Superb guitar throughout. Fans of early Quicksilver, 1st LP Savoy Brown, Mighty Baby and all that 69\/70 hippy stuff need go no further. Originally a precious 99 copy only private release on the legendary Saturn label, only a handful have ever escaped into the wild.Fully laminated sleeve, NO BARCODE, features inner with full history and background done by the Band, replica of original hand-made sleeve and replica original labels, designed by the immortal Bobby Blisters. Mastered by Reynolds Mastering, the kings of reconstruction and pressed on the old EMI Presses by Vinyl Factory for maximum quality. As always pressing run limited to 227.","breadcrumb":{"@id":"https:\/\/wpguerssen-test.odoo.rgbconsulting.com\/es\/producto\/one-2\/#breadcrumb"},"inLanguage":"es","potentialAction":[{"@type":"ReadAction","target":["https:\/\/wpguerssen-test.odoo.rgbconsulting.com\/es\/producto\/one-2\/"]}]},{"@type":"ImageObject","inLanguage":"es","@id":"https:\/\/wpguerssen-test.odoo.rgbconsulting.com\/es\/producto\/one-2\/#primaryimage","url":"https:\/\/wpguerssen-test.odoo.rgbconsulting.com\/wp-content\/uploads\/2023\/06\/43805.jpg","contentUrl":"https:\/\/wpguerssen-test.odoo.rgbconsulting.com\/wp-content\/uploads\/2023\/06\/43805.jpg","width":589,"height":581},{"@type":"BreadcrumbList","@id":"https:\/\/wpguerssen-test.odoo.rgbconsulting.com\/es\/producto\/one-2\/#breadcrumb","itemListElement":[{"@type":"ListItem","position":1,"name":"Inicio","item":"https:\/\/wpguerssen-test.odoo.rgbconsulting.com\/es\/"},{"@type":"ListItem","position":2,"name":"Shop","item":"https:\/\/wpguerssen-test.odoo.rgbconsulting.com\/shop\/"},{"@type":"ListItem","position":3,"name":"One"}]},{"@type":"WebSite","@id":"https:\/\/wpguerssen-test.odoo.rgbconsulting.com\/es\/#website","url":"https:\/\/wpguerssen-test.odoo.rgbconsulting.com\/es\/","name":"Guerssen records","description":"psychedelia - progressive - folk - garage ","publisher":{"@id":"https:\/\/wpguerssen-test.odoo.rgbconsulting.com\/es\/#organization"},"potentialAction":[{"@type":"SearchAction","target":{"@type":"EntryPoint","urlTemplate":"https:\/\/wpguerssen-test.odoo.rgbconsulting.com\/es\/?s={search_term_string}"},"query-input":{"@type":"PropertyValueSpecification","valueRequired":true,"valueName":"search_term_string"}}],"inLanguage":"es"},{"@type":"Organization","@id":"https:\/\/wpguerssen-test.odoo.rgbconsulting.com\/es\/#organization","name":"Guerssen records","url":"https:\/\/wpguerssen-test.odoo.rgbconsulting.com\/es\/","logo":{"@type":"ImageObject","inLanguage":"es","@id":"https:\/\/wpguerssen-test.odoo.rgbconsulting.com\/es\/#\/schema\/logo\/image\/","url":"https:\/\/wpguerssen-test.odoo.rgbconsulting.com\/wp-content\/uploads\/2022\/04\/Logo_Guerssen_trans_100.png","contentUrl":"https:\/\/wpguerssen-test.odoo.rgbconsulting.com\/wp-content\/uploads\/2022\/04\/Logo_Guerssen_trans_100.png","width":122,"height":100,"caption":"Guerssen records"},"image":{"@id":"https:\/\/wpguerssen-test.odoo.rgbconsulting.com\/es\/#\/schema\/logo\/image\/"}}]}},"_links":{"self":[{"href":"https:\/\/wpguerssen-test.odoo.rgbconsulting.com\/es\/wp-json\/wp\/v2\/product\/233477","targetHints":{"allow":["GET"]}}],"collection":[{"href":"https:\/\/wpguerssen-test.odoo.rgbconsulting.com\/es\/wp-json\/wp\/v2\/product"}],"about":[{"href":"https:\/\/wpguerssen-test.odoo.rgbconsulting.com\/es\/wp-json\/wp\/v2\/types\/product"}],"wp:featuredmedia":[{"embeddable":true,"href":"https:\/\/wpguerssen-test.odoo.rgbconsulting.com\/es\/wp-json\/wp\/v2\/media\/233568"}],"wp:attachment":[{"href":"https:\/\/wpguerssen-test.odoo.rgbconsulting.com\/es\/wp-json\/wp\/v2\/media?parent=233477"}],"wp:term":[{"taxonomy":"product_brand","embeddable":true,"href":"https:\/\/wpguerssen-test.odoo.rgbconsulting.com\/es\/wp-json\/wp\/v2\/product_brand?post=233477"},{"taxonomy":"product_cat","embeddable":true,"href":"https:\/\/wpguerssen-test.odoo.rgbconsulting.com\/es\/wp-json\/wp\/v2\/product_cat?post=233477"},{"taxonomy":"product_tag","embeddable":true,"href":"https:\/\/wpguerssen-test.odoo.rgbconsulting.com\/es\/wp-json\/wp\/v2\/product_tag?post=233477"}],"curies":[{"name":"wp","href":"https:\/\/api.w.org\/{rel}","templated":true}]}}