{"id":233516,"date":"2023-07-10T00:00:00","date_gmt":"2023-07-09T22:00:00","guid":{"rendered":"https:\/\/wpguerssen-test.odoo.rgbconsulting.com\/product\/shaghayeh-band-grey-7\/"},"modified":"2025-03-27T18:29:44","modified_gmt":"2025-03-27T17:29:44","slug":"shaghayeh-band-grey-7","status":"publish","type":"product","link":"https:\/\/wpguerssen-test.odoo.rgbconsulting.com\/es\/producto\/shaghayeh-band-grey-7\/","title":{"rendered":"Shaghayeh Band (Grey 7&#8243;)"},"content":{"rendered":"<p>Shaghayegh fue un grupo de Iran que emergi\u00f3 a mediados de los 60 y editaron nada m\u00e1s que un EP, raro a cojones. Aqu\u00ed est\u00e1 reeditado por el sello Juzz en Teher\u00e1n, dando nueva vida a este particular garage-beat en una bonita edici\u00f3n limitada a 500 copias.<\/p>\n","protected":false},"excerpt":{"rendered":"<p>Shaghayegh fue un grupo de Iran que emergi\u00f3 a mediados de los 60 y editaron nada m\u00e1s que un EP, raro a cojones. Aqu\u00ed est\u00e1 reeditado por el sello Juzz en Teher\u00e1n,<a class=\"read\" href=\"https:\/\/wpguerssen-test.odoo.rgbconsulting.com\/es\/producto\/shaghayeh-band-grey-7\/\"> (...)<\/a>","protected":false},"featured_media":233505,"template":"","meta":{"_acf_changed":false},"product_brand":[],"product_cat":[23281],"product_tag":[29140],"class_list":{"0":"post-233516","1":"product","2":"type-product","3":"status-publish","4":"has-post-thumbnail","6":"product_cat-garagebeatrnb60-70-es","7":"product_tag-color-vinyl-es","8":"pa_artist-shaghayegh-band","9":"pa_format-7-es","10":"pa_gender-garage-beat-rnb60-70-garagebeatrnb60-70","11":"pa_label-juzz-records","12":"pa_location-eastern-es","13":"pa_other-filters-vinyl-only-es","15":"first","16":"instock","17":"taxable","18":"shipping-taxable","19":"purchasable","20":"product-type-simple"},"acf":[],"yoast_head":"<!-- This site is optimized with the Yoast SEO plugin v24.9 - https:\/\/yoast.com\/wordpress\/plugins\/seo\/ -->\n<title>SHAGHAYEGH BAND - Shaghayeh Band (Grey 7&quot;) -  (7&quot;) | Guerssen<\/title>\n<meta name=\"description\" content=\"Shaghayegh was an Iranian rock band that emerged in the mid-1960s. They only released one EP, which was released under two different labels (Royal and Monogram), both versions rare as hell and go try find one. and their original vinyl records are some real highly rarity. Only four tracks are known to exist from the band, and they were printed on two different labels at the time.Now it&#039;s reissued thanks to the mighty Juzz label out of Tehran, bringing their garage-beat particular sound to a new life, in a well-cared production, limited to 500 copies in grey vinyl and beautiful cover.\" \/>\n<meta name=\"robots\" content=\"index, follow, max-snippet:-1, max-image-preview:large, max-video-preview:-1\" \/>\n<link rel=\"canonical\" href=\"https:\/\/wpguerssen-test.odoo.rgbconsulting.com\/es\/producto\/shaghayeh-band-grey-7\/\" \/>\n<meta property=\"og:locale\" content=\"es_ES\" \/>\n<meta property=\"og:type\" content=\"article\" \/>\n<meta property=\"og:title\" content=\"SHAGHAYEGH BAND - Shaghayeh Band (Grey 7&quot;) -  (7&quot;) | Guerssen\" \/>\n<meta property=\"og:description\" content=\"Shaghayegh was an Iranian rock band that emerged in the mid-1960s. They only released one EP, which was released under two different labels (Royal and Monogram), both versions rare as hell and go try find one. and their original vinyl records are some real highly rarity. Only four tracks are known to exist from the band, and they were printed on two different labels at the time.Now it&#039;s reissued thanks to the mighty Juzz label out of Tehran, bringing their garage-beat particular sound to a new life, in a well-cared production, limited to 500 copies in grey vinyl and beautiful cover.\" \/>\n<meta property=\"og:url\" content=\"https:\/\/wpguerssen-test.odoo.rgbconsulting.com\/es\/producto\/shaghayeh-band-grey-7\/\" \/>\n<meta property=\"og:site_name\" content=\"Guerssen records\" \/>\n<meta property=\"article:modified_time\" content=\"2025-03-27T17:29:44+00:00\" \/>\n<meta property=\"og:image\" content=\"https:\/\/wpguerssen-test.odoo.rgbconsulting.com\/wp-content\/uploads\/2023\/06\/43807.jpg\" \/>\n\t<meta property=\"og:image:width\" content=\"511\" \/>\n\t<meta property=\"og:image:height\" content=\"511\" \/>\n\t<meta property=\"og:image:type\" content=\"image\/jpeg\" \/>\n<meta name=\"twitter:card\" content=\"summary_large_image\" \/>\n<meta name=\"twitter:title\" content=\"SHAGHAYEGH BAND - Shaghayeh Band (Grey 7&quot;) -  (7&quot;) | Guerssen\" \/>\n<script type=\"application\/ld+json\" class=\"yoast-schema-graph\">{\"@context\":\"https:\/\/schema.org\",\"@graph\":[{\"@type\":\"WebPage\",\"@id\":\"https:\/\/wpguerssen-test.odoo.rgbconsulting.com\/es\/producto\/shaghayeh-band-grey-7\/\",\"url\":\"https:\/\/wpguerssen-test.odoo.rgbconsulting.com\/es\/producto\/shaghayeh-band-grey-7\/\",\"name\":\"SHAGHAYEGH BAND - Shaghayeh Band (Grey 7\\\") - (7\\\") | Guerssen\",\"isPartOf\":{\"@id\":\"https:\/\/wpguerssen-test.odoo.rgbconsulting.com\/es\/#website\"},\"primaryImageOfPage\":{\"@id\":\"https:\/\/wpguerssen-test.odoo.rgbconsulting.com\/es\/producto\/shaghayeh-band-grey-7\/#primaryimage\"},\"image\":{\"@id\":\"https:\/\/wpguerssen-test.odoo.rgbconsulting.com\/es\/producto\/shaghayeh-band-grey-7\/#primaryimage\"},\"thumbnailUrl\":\"https:\/\/wpguerssen-test.odoo.rgbconsulting.com\/wp-content\/uploads\/2023\/06\/43807.jpg\",\"datePublished\":\"2023-07-09T22:00:00+00:00\",\"dateModified\":\"2025-03-27T17:29:44+00:00\",\"description\":\"Shaghayegh was an Iranian rock band that emerged in the mid-1960s. They only released one EP, which was released under two different labels (Royal and Monogram), both versions rare as hell and go try find one. and their original vinyl records are some real highly rarity. Only four tracks are known to exist from the band, and they were printed on two different labels at the time.Now it's reissued thanks to the mighty Juzz label out of Tehran, bringing their garage-beat particular sound to a new life, in a well-cared production, limited to 500 copies in grey vinyl and beautiful cover.\",\"breadcrumb\":{\"@id\":\"https:\/\/wpguerssen-test.odoo.rgbconsulting.com\/es\/producto\/shaghayeh-band-grey-7\/#breadcrumb\"},\"inLanguage\":\"es\",\"potentialAction\":[{\"@type\":\"ReadAction\",\"target\":[\"https:\/\/wpguerssen-test.odoo.rgbconsulting.com\/es\/producto\/shaghayeh-band-grey-7\/\"]}]},{\"@type\":\"ImageObject\",\"inLanguage\":\"es\",\"@id\":\"https:\/\/wpguerssen-test.odoo.rgbconsulting.com\/es\/producto\/shaghayeh-band-grey-7\/#primaryimage\",\"url\":\"https:\/\/wpguerssen-test.odoo.rgbconsulting.com\/wp-content\/uploads\/2023\/06\/43807.jpg\",\"contentUrl\":\"https:\/\/wpguerssen-test.odoo.rgbconsulting.com\/wp-content\/uploads\/2023\/06\/43807.jpg\",\"width\":511,\"height\":511},{\"@type\":\"BreadcrumbList\",\"@id\":\"https:\/\/wpguerssen-test.odoo.rgbconsulting.com\/es\/producto\/shaghayeh-band-grey-7\/#breadcrumb\",\"itemListElement\":[{\"@type\":\"ListItem\",\"position\":1,\"name\":\"Inicio\",\"item\":\"https:\/\/wpguerssen-test.odoo.rgbconsulting.com\/es\/\"},{\"@type\":\"ListItem\",\"position\":2,\"name\":\"Shop\",\"item\":\"https:\/\/wpguerssen-test.odoo.rgbconsulting.com\/shop\/\"},{\"@type\":\"ListItem\",\"position\":3,\"name\":\"Shaghayeh Band (Grey 7&#8243;)\"}]},{\"@type\":\"WebSite\",\"@id\":\"https:\/\/wpguerssen-test.odoo.rgbconsulting.com\/es\/#website\",\"url\":\"https:\/\/wpguerssen-test.odoo.rgbconsulting.com\/es\/\",\"name\":\"Guerssen records\",\"description\":\"psychedelia - progressive - folk - garage \",\"publisher\":{\"@id\":\"https:\/\/wpguerssen-test.odoo.rgbconsulting.com\/es\/#organization\"},\"potentialAction\":[{\"@type\":\"SearchAction\",\"target\":{\"@type\":\"EntryPoint\",\"urlTemplate\":\"https:\/\/wpguerssen-test.odoo.rgbconsulting.com\/es\/?s={search_term_string}\"},\"query-input\":{\"@type\":\"PropertyValueSpecification\",\"valueRequired\":true,\"valueName\":\"search_term_string\"}}],\"inLanguage\":\"es\"},{\"@type\":\"Organization\",\"@id\":\"https:\/\/wpguerssen-test.odoo.rgbconsulting.com\/es\/#organization\",\"name\":\"Guerssen records\",\"url\":\"https:\/\/wpguerssen-test.odoo.rgbconsulting.com\/es\/\",\"logo\":{\"@type\":\"ImageObject\",\"inLanguage\":\"es\",\"@id\":\"https:\/\/wpguerssen-test.odoo.rgbconsulting.com\/es\/#\/schema\/logo\/image\/\",\"url\":\"https:\/\/wpguerssen-test.odoo.rgbconsulting.com\/wp-content\/uploads\/2022\/04\/Logo_Guerssen_trans_100.png\",\"contentUrl\":\"https:\/\/wpguerssen-test.odoo.rgbconsulting.com\/wp-content\/uploads\/2022\/04\/Logo_Guerssen_trans_100.png\",\"width\":122,\"height\":100,\"caption\":\"Guerssen records\"},\"image\":{\"@id\":\"https:\/\/wpguerssen-test.odoo.rgbconsulting.com\/es\/#\/schema\/logo\/image\/\"}}]}<\/script>\n<!-- \/ Yoast SEO plugin. -->","yoast_head_json":{"title":"SHAGHAYEGH BAND - Shaghayeh Band (Grey 7\") -  (7\") | Guerssen","description":"Shaghayegh was an Iranian rock band that emerged in the mid-1960s. They only released one EP, which was released under two different labels (Royal and Monogram), both versions rare as hell and go try find one. and their original vinyl records are some real highly rarity. Only four tracks are known to exist from the band, and they were printed on two different labels at the time.Now it's reissued thanks to the mighty Juzz label out of Tehran, bringing their garage-beat particular sound to a new life, in a well-cared production, limited to 500 copies in grey vinyl and beautiful cover.","robots":{"index":"index","follow":"follow","max-snippet":"max-snippet:-1","max-image-preview":"max-image-preview:large","max-video-preview":"max-video-preview:-1"},"canonical":"https:\/\/wpguerssen-test.odoo.rgbconsulting.com\/es\/producto\/shaghayeh-band-grey-7\/","og_locale":"es_ES","og_type":"article","og_title":"SHAGHAYEGH BAND - Shaghayeh Band (Grey 7\") -  (7\") | Guerssen","og_description":"Shaghayegh was an Iranian rock band that emerged in the mid-1960s. They only released one EP, which was released under two different labels (Royal and Monogram), both versions rare as hell and go try find one. and their original vinyl records are some real highly rarity. Only four tracks are known to exist from the band, and they were printed on two different labels at the time.Now it's reissued thanks to the mighty Juzz label out of Tehran, bringing their garage-beat particular sound to a new life, in a well-cared production, limited to 500 copies in grey vinyl and beautiful cover.","og_url":"https:\/\/wpguerssen-test.odoo.rgbconsulting.com\/es\/producto\/shaghayeh-band-grey-7\/","og_site_name":"Guerssen records","article_modified_time":"2025-03-27T17:29:44+00:00","og_image":[{"width":511,"height":511,"url":"https:\/\/wpguerssen-test.odoo.rgbconsulting.com\/wp-content\/uploads\/2023\/06\/43807.jpg","type":"image\/jpeg"}],"twitter_card":"summary_large_image","twitter_title":"SHAGHAYEGH BAND - Shaghayeh Band (Grey 7\") -  (7\") | Guerssen","schema":{"@context":"https:\/\/schema.org","@graph":[{"@type":"WebPage","@id":"https:\/\/wpguerssen-test.odoo.rgbconsulting.com\/es\/producto\/shaghayeh-band-grey-7\/","url":"https:\/\/wpguerssen-test.odoo.rgbconsulting.com\/es\/producto\/shaghayeh-band-grey-7\/","name":"SHAGHAYEGH BAND - Shaghayeh Band (Grey 7\") - (7\") | Guerssen","isPartOf":{"@id":"https:\/\/wpguerssen-test.odoo.rgbconsulting.com\/es\/#website"},"primaryImageOfPage":{"@id":"https:\/\/wpguerssen-test.odoo.rgbconsulting.com\/es\/producto\/shaghayeh-band-grey-7\/#primaryimage"},"image":{"@id":"https:\/\/wpguerssen-test.odoo.rgbconsulting.com\/es\/producto\/shaghayeh-band-grey-7\/#primaryimage"},"thumbnailUrl":"https:\/\/wpguerssen-test.odoo.rgbconsulting.com\/wp-content\/uploads\/2023\/06\/43807.jpg","datePublished":"2023-07-09T22:00:00+00:00","dateModified":"2025-03-27T17:29:44+00:00","description":"Shaghayegh was an Iranian rock band that emerged in the mid-1960s. They only released one EP, which was released under two different labels (Royal and Monogram), both versions rare as hell and go try find one. and their original vinyl records are some real highly rarity. Only four tracks are known to exist from the band, and they were printed on two different labels at the time.Now it's reissued thanks to the mighty Juzz label out of Tehran, bringing their garage-beat particular sound to a new life, in a well-cared production, limited to 500 copies in grey vinyl and beautiful cover.","breadcrumb":{"@id":"https:\/\/wpguerssen-test.odoo.rgbconsulting.com\/es\/producto\/shaghayeh-band-grey-7\/#breadcrumb"},"inLanguage":"es","potentialAction":[{"@type":"ReadAction","target":["https:\/\/wpguerssen-test.odoo.rgbconsulting.com\/es\/producto\/shaghayeh-band-grey-7\/"]}]},{"@type":"ImageObject","inLanguage":"es","@id":"https:\/\/wpguerssen-test.odoo.rgbconsulting.com\/es\/producto\/shaghayeh-band-grey-7\/#primaryimage","url":"https:\/\/wpguerssen-test.odoo.rgbconsulting.com\/wp-content\/uploads\/2023\/06\/43807.jpg","contentUrl":"https:\/\/wpguerssen-test.odoo.rgbconsulting.com\/wp-content\/uploads\/2023\/06\/43807.jpg","width":511,"height":511},{"@type":"BreadcrumbList","@id":"https:\/\/wpguerssen-test.odoo.rgbconsulting.com\/es\/producto\/shaghayeh-band-grey-7\/#breadcrumb","itemListElement":[{"@type":"ListItem","position":1,"name":"Inicio","item":"https:\/\/wpguerssen-test.odoo.rgbconsulting.com\/es\/"},{"@type":"ListItem","position":2,"name":"Shop","item":"https:\/\/wpguerssen-test.odoo.rgbconsulting.com\/shop\/"},{"@type":"ListItem","position":3,"name":"Shaghayeh Band (Grey 7&#8243;)"}]},{"@type":"WebSite","@id":"https:\/\/wpguerssen-test.odoo.rgbconsulting.com\/es\/#website","url":"https:\/\/wpguerssen-test.odoo.rgbconsulting.com\/es\/","name":"Guerssen records","description":"psychedelia - progressive - folk - garage ","publisher":{"@id":"https:\/\/wpguerssen-test.odoo.rgbconsulting.com\/es\/#organization"},"potentialAction":[{"@type":"SearchAction","target":{"@type":"EntryPoint","urlTemplate":"https:\/\/wpguerssen-test.odoo.rgbconsulting.com\/es\/?s={search_term_string}"},"query-input":{"@type":"PropertyValueSpecification","valueRequired":true,"valueName":"search_term_string"}}],"inLanguage":"es"},{"@type":"Organization","@id":"https:\/\/wpguerssen-test.odoo.rgbconsulting.com\/es\/#organization","name":"Guerssen records","url":"https:\/\/wpguerssen-test.odoo.rgbconsulting.com\/es\/","logo":{"@type":"ImageObject","inLanguage":"es","@id":"https:\/\/wpguerssen-test.odoo.rgbconsulting.com\/es\/#\/schema\/logo\/image\/","url":"https:\/\/wpguerssen-test.odoo.rgbconsulting.com\/wp-content\/uploads\/2022\/04\/Logo_Guerssen_trans_100.png","contentUrl":"https:\/\/wpguerssen-test.odoo.rgbconsulting.com\/wp-content\/uploads\/2022\/04\/Logo_Guerssen_trans_100.png","width":122,"height":100,"caption":"Guerssen records"},"image":{"@id":"https:\/\/wpguerssen-test.odoo.rgbconsulting.com\/es\/#\/schema\/logo\/image\/"}}]}},"_links":{"self":[{"href":"https:\/\/wpguerssen-test.odoo.rgbconsulting.com\/es\/wp-json\/wp\/v2\/product\/233516","targetHints":{"allow":["GET"]}}],"collection":[{"href":"https:\/\/wpguerssen-test.odoo.rgbconsulting.com\/es\/wp-json\/wp\/v2\/product"}],"about":[{"href":"https:\/\/wpguerssen-test.odoo.rgbconsulting.com\/es\/wp-json\/wp\/v2\/types\/product"}],"wp:featuredmedia":[{"embeddable":true,"href":"https:\/\/wpguerssen-test.odoo.rgbconsulting.com\/es\/wp-json\/wp\/v2\/media\/233505"}],"wp:attachment":[{"href":"https:\/\/wpguerssen-test.odoo.rgbconsulting.com\/es\/wp-json\/wp\/v2\/media?parent=233516"}],"wp:term":[{"taxonomy":"product_brand","embeddable":true,"href":"https:\/\/wpguerssen-test.odoo.rgbconsulting.com\/es\/wp-json\/wp\/v2\/product_brand?post=233516"},{"taxonomy":"product_cat","embeddable":true,"href":"https:\/\/wpguerssen-test.odoo.rgbconsulting.com\/es\/wp-json\/wp\/v2\/product_cat?post=233516"},{"taxonomy":"product_tag","embeddable":true,"href":"https:\/\/wpguerssen-test.odoo.rgbconsulting.com\/es\/wp-json\/wp\/v2\/product_tag?post=233516"}],"curies":[{"name":"wp","href":"https:\/\/api.w.org\/{rel}","templated":true}]}}