{"id":233517,"date":"2025-01-13T00:00:00","date_gmt":"2025-01-12T23:00:00","guid":{"rendered":"https:\/\/wpguerssen-test.odoo.rgbconsulting.com\/product\/cantiga-de-longe\/"},"modified":"2025-03-27T18:29:48","modified_gmt":"2025-03-27T17:29:48","slug":"cantiga-de-longe","status":"publish","type":"product","link":"https:\/\/wpguerssen-test.odoo.rgbconsulting.com\/es\/producto\/cantiga-de-longe\/","title":{"rendered":"Cantiga De Longe"},"content":{"rendered":"<p>Con algunos solos instrumentales m\u00e1s que los \u00e1lbumes regulares de Lobo, Cantiga De Longe aprovecha la genialidad del arreglista\/instrumentista Hermeto Pascoal. El disco cuenta con otras estrellas, entre ellas el percusionista Airto Moreira y el baterista Cl\u00e1udio Slom. Hay varias canciones importantes en este disco: \u00abCasa Forte\u00bb (que luego ser\u00eda grabada por Flora Purim), \u00abMariana, Mariana\u00bb, \u00abCantiga de Longe\u00bb, \u00abZanzibar\u00bb y otras. No son los mayores \u00e9xitos de Lobo, sino bellas melod\u00edas y letras en un \u00e1lbum con un apoyo instrumental m\u00e1s s\u00f3lido. (All Music))<\/p>\n","protected":false},"excerpt":{"rendered":"<p>Con algunos solos instrumentales m\u00e1s que los \u00e1lbumes regulares de Lobo, Cantiga De Longe aprovecha la genialidad del arreglista\/instrumentista Hermeto Pascoal. El<a class=\"read\" href=\"https:\/\/wpguerssen-test.odoo.rgbconsulting.com\/es\/producto\/cantiga-de-longe\/\"> (...)<\/a>","protected":false},"featured_media":233508,"template":"","meta":{"_acf_changed":false},"product_brand":[],"product_cat":[23231,23227],"product_tag":[24185],"class_list":{"0":"post-233517","1":"product","2":"type-product","3":"status-publish","4":"has-post-thumbnail","6":"product_cat-latin-brazilian-es","7":"product_cat-jazz-es","8":"product_tag-de-nuevo-en-existencia","9":"pa_artist-lobo-edu","10":"pa_format-lp-es","11":"pa_gender-latin-brazilian-jazz","12":"pa_label-audio-clarity-es","13":"pa_location-south-america-caribbean-es","14":"pa_other-filters-vinyl-only-es","16":"first","17":"instock","18":"taxable","19":"shipping-taxable","20":"purchasable","21":"product-type-simple"},"acf":[],"yoast_head":"<!-- This site is optimized with the Yoast SEO plugin v24.9 - https:\/\/yoast.com\/wordpress\/plugins\/seo\/ -->\n<title>LOBO, Edu - Cantiga De Longe -  (LP) | Guerssen<\/title>\n<meta name=\"description\" content=\"With a few more instrumental solos than regular Lobo albums, Cantiga De Longe takes advantage of the genius of the arranger\/instrumentalist Hermeto Pascoal. The album has other stars, including percussionist Airto Moreira and drummer Cl\u00e1udio Slom. There are several important songs on this album: &quot;Casa Forte&quot; (which would be recorded later by Flora Purim), &quot;Mariana, Mariana,&quot; &quot;Cantiga de Longe,&quot; &quot;Zanzibar,&quot; and others. Not Lobo&#039;s biggest hits, but beautiful melodies and lyrics on an album with stronger instrumental support. (All Music)\" \/>\n<meta name=\"robots\" content=\"index, follow, max-snippet:-1, max-image-preview:large, max-video-preview:-1\" \/>\n<link rel=\"canonical\" href=\"https:\/\/wpguerssen-test.odoo.rgbconsulting.com\/es\/producto\/cantiga-de-longe\/\" \/>\n<meta property=\"og:locale\" content=\"es_ES\" \/>\n<meta property=\"og:type\" content=\"article\" \/>\n<meta property=\"og:title\" content=\"LOBO, Edu - Cantiga De Longe -  (LP) | Guerssen\" \/>\n<meta property=\"og:description\" content=\"With a few more instrumental solos than regular Lobo albums, Cantiga De Longe takes advantage of the genius of the arranger\/instrumentalist Hermeto Pascoal. The album has other stars, including percussionist Airto Moreira and drummer Cl\u00e1udio Slom. There are several important songs on this album: &quot;Casa Forte&quot; (which would be recorded later by Flora Purim), &quot;Mariana, Mariana,&quot; &quot;Cantiga de Longe,&quot; &quot;Zanzibar,&quot; and others. Not Lobo&#039;s biggest hits, but beautiful melodies and lyrics on an album with stronger instrumental support. (All Music)\" \/>\n<meta property=\"og:url\" content=\"https:\/\/wpguerssen-test.odoo.rgbconsulting.com\/es\/producto\/cantiga-de-longe\/\" \/>\n<meta property=\"og:site_name\" content=\"Guerssen records\" \/>\n<meta property=\"article:modified_time\" content=\"2025-03-27T17:29:48+00:00\" \/>\n<meta property=\"og:image\" content=\"https:\/\/wpguerssen-test.odoo.rgbconsulting.com\/wp-content\/uploads\/2023\/06\/43808.jpg\" \/>\n\t<meta property=\"og:image:width\" content=\"945\" \/>\n\t<meta property=\"og:image:height\" content=\"952\" \/>\n\t<meta property=\"og:image:type\" content=\"image\/jpeg\" \/>\n<meta name=\"twitter:card\" content=\"summary_large_image\" \/>\n<meta name=\"twitter:title\" content=\"LOBO, Edu - Cantiga De Longe -  (LP) | Guerssen\" \/>\n<script type=\"application\/ld+json\" class=\"yoast-schema-graph\">{\"@context\":\"https:\/\/schema.org\",\"@graph\":[{\"@type\":\"WebPage\",\"@id\":\"https:\/\/wpguerssen-test.odoo.rgbconsulting.com\/es\/producto\/cantiga-de-longe\/\",\"url\":\"https:\/\/wpguerssen-test.odoo.rgbconsulting.com\/es\/producto\/cantiga-de-longe\/\",\"name\":\"LOBO, Edu - Cantiga De Longe - (LP) | Guerssen\",\"isPartOf\":{\"@id\":\"https:\/\/wpguerssen-test.odoo.rgbconsulting.com\/es\/#website\"},\"primaryImageOfPage\":{\"@id\":\"https:\/\/wpguerssen-test.odoo.rgbconsulting.com\/es\/producto\/cantiga-de-longe\/#primaryimage\"},\"image\":{\"@id\":\"https:\/\/wpguerssen-test.odoo.rgbconsulting.com\/es\/producto\/cantiga-de-longe\/#primaryimage\"},\"thumbnailUrl\":\"https:\/\/wpguerssen-test.odoo.rgbconsulting.com\/wp-content\/uploads\/2023\/06\/43808.jpg\",\"datePublished\":\"2025-01-12T23:00:00+00:00\",\"dateModified\":\"2025-03-27T17:29:48+00:00\",\"description\":\"With a few more instrumental solos than regular Lobo albums, Cantiga De Longe takes advantage of the genius of the arranger\/instrumentalist Hermeto Pascoal. The album has other stars, including percussionist Airto Moreira and drummer Cl\u00e1udio Slom. There are several important songs on this album: \\\"Casa Forte\\\" (which would be recorded later by Flora Purim), \\\"Mariana, Mariana,\\\" \\\"Cantiga de Longe,\\\" \\\"Zanzibar,\\\" and others. Not Lobo's biggest hits, but beautiful melodies and lyrics on an album with stronger instrumental support. (All Music)\",\"breadcrumb\":{\"@id\":\"https:\/\/wpguerssen-test.odoo.rgbconsulting.com\/es\/producto\/cantiga-de-longe\/#breadcrumb\"},\"inLanguage\":\"es\",\"potentialAction\":[{\"@type\":\"ReadAction\",\"target\":[\"https:\/\/wpguerssen-test.odoo.rgbconsulting.com\/es\/producto\/cantiga-de-longe\/\"]}]},{\"@type\":\"ImageObject\",\"inLanguage\":\"es\",\"@id\":\"https:\/\/wpguerssen-test.odoo.rgbconsulting.com\/es\/producto\/cantiga-de-longe\/#primaryimage\",\"url\":\"https:\/\/wpguerssen-test.odoo.rgbconsulting.com\/wp-content\/uploads\/2023\/06\/43808.jpg\",\"contentUrl\":\"https:\/\/wpguerssen-test.odoo.rgbconsulting.com\/wp-content\/uploads\/2023\/06\/43808.jpg\",\"width\":945,\"height\":952,\"caption\":\"Edu - Cantiga De Longe - AUDIO CLARITY (LP) | Guerssen\"},{\"@type\":\"BreadcrumbList\",\"@id\":\"https:\/\/wpguerssen-test.odoo.rgbconsulting.com\/es\/producto\/cantiga-de-longe\/#breadcrumb\",\"itemListElement\":[{\"@type\":\"ListItem\",\"position\":1,\"name\":\"Inicio\",\"item\":\"https:\/\/wpguerssen-test.odoo.rgbconsulting.com\/es\/\"},{\"@type\":\"ListItem\",\"position\":2,\"name\":\"Shop\",\"item\":\"https:\/\/wpguerssen-test.odoo.rgbconsulting.com\/shop\/\"},{\"@type\":\"ListItem\",\"position\":3,\"name\":\"Cantiga De Longe\"}]},{\"@type\":\"WebSite\",\"@id\":\"https:\/\/wpguerssen-test.odoo.rgbconsulting.com\/es\/#website\",\"url\":\"https:\/\/wpguerssen-test.odoo.rgbconsulting.com\/es\/\",\"name\":\"Guerssen records\",\"description\":\"psychedelia - progressive - folk - garage \",\"publisher\":{\"@id\":\"https:\/\/wpguerssen-test.odoo.rgbconsulting.com\/es\/#organization\"},\"potentialAction\":[{\"@type\":\"SearchAction\",\"target\":{\"@type\":\"EntryPoint\",\"urlTemplate\":\"https:\/\/wpguerssen-test.odoo.rgbconsulting.com\/es\/?s={search_term_string}\"},\"query-input\":{\"@type\":\"PropertyValueSpecification\",\"valueRequired\":true,\"valueName\":\"search_term_string\"}}],\"inLanguage\":\"es\"},{\"@type\":\"Organization\",\"@id\":\"https:\/\/wpguerssen-test.odoo.rgbconsulting.com\/es\/#organization\",\"name\":\"Guerssen records\",\"url\":\"https:\/\/wpguerssen-test.odoo.rgbconsulting.com\/es\/\",\"logo\":{\"@type\":\"ImageObject\",\"inLanguage\":\"es\",\"@id\":\"https:\/\/wpguerssen-test.odoo.rgbconsulting.com\/es\/#\/schema\/logo\/image\/\",\"url\":\"https:\/\/wpguerssen-test.odoo.rgbconsulting.com\/wp-content\/uploads\/2022\/04\/Logo_Guerssen_trans_100.png\",\"contentUrl\":\"https:\/\/wpguerssen-test.odoo.rgbconsulting.com\/wp-content\/uploads\/2022\/04\/Logo_Guerssen_trans_100.png\",\"width\":122,\"height\":100,\"caption\":\"Guerssen records\"},\"image\":{\"@id\":\"https:\/\/wpguerssen-test.odoo.rgbconsulting.com\/es\/#\/schema\/logo\/image\/\"}}]}<\/script>\n<!-- \/ Yoast SEO plugin. -->","yoast_head_json":{"title":"LOBO, Edu - Cantiga De Longe -  (LP) | Guerssen","description":"With a few more instrumental solos than regular Lobo albums, Cantiga De Longe takes advantage of the genius of the arranger\/instrumentalist Hermeto Pascoal. The album has other stars, including percussionist Airto Moreira and drummer Cl\u00e1udio Slom. There are several important songs on this album: \"Casa Forte\" (which would be recorded later by Flora Purim), \"Mariana, Mariana,\" \"Cantiga de Longe,\" \"Zanzibar,\" and others. Not Lobo's biggest hits, but beautiful melodies and lyrics on an album with stronger instrumental support. (All Music)","robots":{"index":"index","follow":"follow","max-snippet":"max-snippet:-1","max-image-preview":"max-image-preview:large","max-video-preview":"max-video-preview:-1"},"canonical":"https:\/\/wpguerssen-test.odoo.rgbconsulting.com\/es\/producto\/cantiga-de-longe\/","og_locale":"es_ES","og_type":"article","og_title":"LOBO, Edu - Cantiga De Longe -  (LP) | Guerssen","og_description":"With a few more instrumental solos than regular Lobo albums, Cantiga De Longe takes advantage of the genius of the arranger\/instrumentalist Hermeto Pascoal. The album has other stars, including percussionist Airto Moreira and drummer Cl\u00e1udio Slom. There are several important songs on this album: \"Casa Forte\" (which would be recorded later by Flora Purim), \"Mariana, Mariana,\" \"Cantiga de Longe,\" \"Zanzibar,\" and others. Not Lobo's biggest hits, but beautiful melodies and lyrics on an album with stronger instrumental support. (All Music)","og_url":"https:\/\/wpguerssen-test.odoo.rgbconsulting.com\/es\/producto\/cantiga-de-longe\/","og_site_name":"Guerssen records","article_modified_time":"2025-03-27T17:29:48+00:00","og_image":[{"width":945,"height":952,"url":"https:\/\/wpguerssen-test.odoo.rgbconsulting.com\/wp-content\/uploads\/2023\/06\/43808.jpg","type":"image\/jpeg"}],"twitter_card":"summary_large_image","twitter_title":"LOBO, Edu - Cantiga De Longe -  (LP) | Guerssen","schema":{"@context":"https:\/\/schema.org","@graph":[{"@type":"WebPage","@id":"https:\/\/wpguerssen-test.odoo.rgbconsulting.com\/es\/producto\/cantiga-de-longe\/","url":"https:\/\/wpguerssen-test.odoo.rgbconsulting.com\/es\/producto\/cantiga-de-longe\/","name":"LOBO, Edu - Cantiga De Longe - (LP) | Guerssen","isPartOf":{"@id":"https:\/\/wpguerssen-test.odoo.rgbconsulting.com\/es\/#website"},"primaryImageOfPage":{"@id":"https:\/\/wpguerssen-test.odoo.rgbconsulting.com\/es\/producto\/cantiga-de-longe\/#primaryimage"},"image":{"@id":"https:\/\/wpguerssen-test.odoo.rgbconsulting.com\/es\/producto\/cantiga-de-longe\/#primaryimage"},"thumbnailUrl":"https:\/\/wpguerssen-test.odoo.rgbconsulting.com\/wp-content\/uploads\/2023\/06\/43808.jpg","datePublished":"2025-01-12T23:00:00+00:00","dateModified":"2025-03-27T17:29:48+00:00","description":"With a few more instrumental solos than regular Lobo albums, Cantiga De Longe takes advantage of the genius of the arranger\/instrumentalist Hermeto Pascoal. The album has other stars, including percussionist Airto Moreira and drummer Cl\u00e1udio Slom. There are several important songs on this album: \"Casa Forte\" (which would be recorded later by Flora Purim), \"Mariana, Mariana,\" \"Cantiga de Longe,\" \"Zanzibar,\" and others. Not Lobo's biggest hits, but beautiful melodies and lyrics on an album with stronger instrumental support. (All Music)","breadcrumb":{"@id":"https:\/\/wpguerssen-test.odoo.rgbconsulting.com\/es\/producto\/cantiga-de-longe\/#breadcrumb"},"inLanguage":"es","potentialAction":[{"@type":"ReadAction","target":["https:\/\/wpguerssen-test.odoo.rgbconsulting.com\/es\/producto\/cantiga-de-longe\/"]}]},{"@type":"ImageObject","inLanguage":"es","@id":"https:\/\/wpguerssen-test.odoo.rgbconsulting.com\/es\/producto\/cantiga-de-longe\/#primaryimage","url":"https:\/\/wpguerssen-test.odoo.rgbconsulting.com\/wp-content\/uploads\/2023\/06\/43808.jpg","contentUrl":"https:\/\/wpguerssen-test.odoo.rgbconsulting.com\/wp-content\/uploads\/2023\/06\/43808.jpg","width":945,"height":952,"caption":"Edu - Cantiga De Longe - AUDIO CLARITY (LP) | Guerssen"},{"@type":"BreadcrumbList","@id":"https:\/\/wpguerssen-test.odoo.rgbconsulting.com\/es\/producto\/cantiga-de-longe\/#breadcrumb","itemListElement":[{"@type":"ListItem","position":1,"name":"Inicio","item":"https:\/\/wpguerssen-test.odoo.rgbconsulting.com\/es\/"},{"@type":"ListItem","position":2,"name":"Shop","item":"https:\/\/wpguerssen-test.odoo.rgbconsulting.com\/shop\/"},{"@type":"ListItem","position":3,"name":"Cantiga De Longe"}]},{"@type":"WebSite","@id":"https:\/\/wpguerssen-test.odoo.rgbconsulting.com\/es\/#website","url":"https:\/\/wpguerssen-test.odoo.rgbconsulting.com\/es\/","name":"Guerssen records","description":"psychedelia - progressive - folk - garage ","publisher":{"@id":"https:\/\/wpguerssen-test.odoo.rgbconsulting.com\/es\/#organization"},"potentialAction":[{"@type":"SearchAction","target":{"@type":"EntryPoint","urlTemplate":"https:\/\/wpguerssen-test.odoo.rgbconsulting.com\/es\/?s={search_term_string}"},"query-input":{"@type":"PropertyValueSpecification","valueRequired":true,"valueName":"search_term_string"}}],"inLanguage":"es"},{"@type":"Organization","@id":"https:\/\/wpguerssen-test.odoo.rgbconsulting.com\/es\/#organization","name":"Guerssen records","url":"https:\/\/wpguerssen-test.odoo.rgbconsulting.com\/es\/","logo":{"@type":"ImageObject","inLanguage":"es","@id":"https:\/\/wpguerssen-test.odoo.rgbconsulting.com\/es\/#\/schema\/logo\/image\/","url":"https:\/\/wpguerssen-test.odoo.rgbconsulting.com\/wp-content\/uploads\/2022\/04\/Logo_Guerssen_trans_100.png","contentUrl":"https:\/\/wpguerssen-test.odoo.rgbconsulting.com\/wp-content\/uploads\/2022\/04\/Logo_Guerssen_trans_100.png","width":122,"height":100,"caption":"Guerssen records"},"image":{"@id":"https:\/\/wpguerssen-test.odoo.rgbconsulting.com\/es\/#\/schema\/logo\/image\/"}}]}},"_links":{"self":[{"href":"https:\/\/wpguerssen-test.odoo.rgbconsulting.com\/es\/wp-json\/wp\/v2\/product\/233517","targetHints":{"allow":["GET"]}}],"collection":[{"href":"https:\/\/wpguerssen-test.odoo.rgbconsulting.com\/es\/wp-json\/wp\/v2\/product"}],"about":[{"href":"https:\/\/wpguerssen-test.odoo.rgbconsulting.com\/es\/wp-json\/wp\/v2\/types\/product"}],"wp:featuredmedia":[{"embeddable":true,"href":"https:\/\/wpguerssen-test.odoo.rgbconsulting.com\/es\/wp-json\/wp\/v2\/media\/233508"}],"wp:attachment":[{"href":"https:\/\/wpguerssen-test.odoo.rgbconsulting.com\/es\/wp-json\/wp\/v2\/media?parent=233517"}],"wp:term":[{"taxonomy":"product_brand","embeddable":true,"href":"https:\/\/wpguerssen-test.odoo.rgbconsulting.com\/es\/wp-json\/wp\/v2\/product_brand?post=233517"},{"taxonomy":"product_cat","embeddable":true,"href":"https:\/\/wpguerssen-test.odoo.rgbconsulting.com\/es\/wp-json\/wp\/v2\/product_cat?post=233517"},{"taxonomy":"product_tag","embeddable":true,"href":"https:\/\/wpguerssen-test.odoo.rgbconsulting.com\/es\/wp-json\/wp\/v2\/product_tag?post=233517"}],"curies":[{"name":"wp","href":"https:\/\/api.w.org\/{rel}","templated":true}]}}