{"id":233518,"date":"2025-03-24T00:00:00","date_gmt":"2025-03-23T23:00:00","guid":{"rendered":"https:\/\/wpguerssen-test.odoo.rgbconsulting.com\/product\/edu-lobo\/"},"modified":"2025-03-24T17:31:38","modified_gmt":"2025-03-24T16:31:38","slug":"edu-lobo","status":"publish","type":"product","link":"https:\/\/wpguerssen-test.odoo.rgbconsulting.com\/es\/producto\/edu-lobo\/","title":{"rendered":"Edu Lobo"},"content":{"rendered":"<p>Antes de que Edu lanzara este \u00e1lbum, trat\u00f3 de romper el mercado de habla inglesa lanzando su \u00e1lbum \u00abSergio Mendes Presents Edu Lobo\u00bb. Esta colecci\u00f3n de sus \u00e9xitos, que reconstruy\u00f3 y cant\u00f3 en ingl\u00e9s, fue una oportunidad para que este mercado experimentara un sonido aut\u00e9nticamente nuevo brasile\u00f1o que estaba a la altura de todo lo que exist\u00eda. As\u00ed que seguro de su propio talento, Edu regres\u00f3 a Brasil y se concentr\u00f3 en hacer un \u00e1lbum que hiciera una declaraci\u00f3n sobre la importancia del libre albedr\u00edo. Sus propios t\u00e9rminos eran su sonido \u00fanico y un gran talento para los arreglos alucinante que proven\u00eda de las ra\u00edces folcl\u00f3ricas y regionales de Brasil. Tom\u00f3 lo que se estaba convirtiendo en un sonido gen\u00e9rico de bossa nova influenciado por el jazz y fue m\u00e1s all\u00e1 mostrando lo que pens\u00f3 que podr\u00eda ser el pin\u00e1culo del sonido post-bossa nova.<\/p>\n","protected":false},"excerpt":{"rendered":"<p>Antes de que Edu lanzara este \u00e1lbum, trat\u00f3 de romper el mercado de habla inglesa lanzando su \u00e1lbum \u00abSergio Mendes Presents Edu Lobo\u00bb. Esta colecci\u00f3n de sus \u00e9xitos,<a class=\"read\" href=\"https:\/\/wpguerssen-test.odoo.rgbconsulting.com\/es\/producto\/edu-lobo\/\"> (...)<\/a>","protected":false},"featured_media":233511,"template":"","meta":{"_acf_changed":false},"product_brand":[],"product_cat":[23231,23227],"product_tag":[24185],"class_list":{"0":"post-233518","1":"product","2":"type-product","3":"status-publish","4":"has-post-thumbnail","6":"product_cat-latin-brazilian-es","7":"product_cat-jazz-es","8":"product_tag-de-nuevo-en-existencia","9":"pa_artist-lobo-edu","10":"pa_format-lp-es","11":"pa_gender-latin-brazilian-jazz","12":"pa_label-audio-clarity-es","13":"pa_location-south-america-caribbean-es","14":"pa_other-filters-vinyl-only-es","16":"first","17":"instock","18":"taxable","19":"shipping-taxable","20":"purchasable","21":"product-type-simple"},"acf":[],"yoast_head":"<!-- This site is optimized with the Yoast SEO plugin v24.9 - https:\/\/yoast.com\/wordpress\/plugins\/seo\/ -->\n<title>LOBO, Edu - Edu Lobo -  (LP) | Guerssen<\/title>\n<meta name=\"description\" content=\"Before Edu released this album, he tried to break the English speaking market by releasing his &quot;Sergio Mendes Presents Edu Lobo&quot; album. This collection of his hits that he rebuilt and sung in English, was an opportunity for this market to experience an authentically new-Brazilian sound that was the equal of anything out there. So self assured of his own talent Edu came back to Brazil and concentrated in making an album that would make a statement on the importance of free will. His own terms were his unique Nordeste sound and just mind-boggling great arranging talents that came from Brazil&#039;s folkloric and regional roots. He took what was becoming a generic mainstream jazz-influenced bossa nova sound and went beyond it displaying what he thought the pinnacle of post-bossa nova sound could be.\" \/>\n<meta name=\"robots\" content=\"index, follow, max-snippet:-1, max-image-preview:large, max-video-preview:-1\" \/>\n<link rel=\"canonical\" href=\"https:\/\/wpguerssen-test.odoo.rgbconsulting.com\/es\/producto\/edu-lobo\/\" \/>\n<meta property=\"og:locale\" content=\"es_ES\" \/>\n<meta property=\"og:type\" content=\"article\" \/>\n<meta property=\"og:title\" content=\"LOBO, Edu - Edu Lobo -  (LP) | Guerssen\" \/>\n<meta property=\"og:description\" content=\"Before Edu released this album, he tried to break the English speaking market by releasing his &quot;Sergio Mendes Presents Edu Lobo&quot; album. This collection of his hits that he rebuilt and sung in English, was an opportunity for this market to experience an authentically new-Brazilian sound that was the equal of anything out there. So self assured of his own talent Edu came back to Brazil and concentrated in making an album that would make a statement on the importance of free will. His own terms were his unique Nordeste sound and just mind-boggling great arranging talents that came from Brazil&#039;s folkloric and regional roots. He took what was becoming a generic mainstream jazz-influenced bossa nova sound and went beyond it displaying what he thought the pinnacle of post-bossa nova sound could be.\" \/>\n<meta property=\"og:url\" content=\"https:\/\/wpguerssen-test.odoo.rgbconsulting.com\/es\/producto\/edu-lobo\/\" \/>\n<meta property=\"og:site_name\" content=\"Guerssen records\" \/>\n<meta property=\"article:modified_time\" content=\"2025-03-24T16:31:38+00:00\" \/>\n<meta property=\"og:image\" content=\"https:\/\/wpguerssen-test.odoo.rgbconsulting.com\/wp-content\/uploads\/2023\/06\/43809.jpg\" \/>\n\t<meta property=\"og:image:width\" content=\"945\" \/>\n\t<meta property=\"og:image:height\" content=\"958\" \/>\n\t<meta property=\"og:image:type\" content=\"image\/jpeg\" \/>\n<meta name=\"twitter:card\" content=\"summary_large_image\" \/>\n<meta name=\"twitter:title\" content=\"LOBO, Edu - Edu Lobo -  (LP) | Guerssen\" \/>\n<meta name=\"twitter:label1\" content=\"Tiempo de lectura\" \/>\n\t<meta name=\"twitter:data1\" content=\"1 minuto\" \/>\n<script type=\"application\/ld+json\" class=\"yoast-schema-graph\">{\"@context\":\"https:\/\/schema.org\",\"@graph\":[{\"@type\":\"WebPage\",\"@id\":\"https:\/\/wpguerssen-test.odoo.rgbconsulting.com\/es\/producto\/edu-lobo\/\",\"url\":\"https:\/\/wpguerssen-test.odoo.rgbconsulting.com\/es\/producto\/edu-lobo\/\",\"name\":\"LOBO, Edu - Edu Lobo - (LP) | Guerssen\",\"isPartOf\":{\"@id\":\"https:\/\/wpguerssen-test.odoo.rgbconsulting.com\/es\/#website\"},\"primaryImageOfPage\":{\"@id\":\"https:\/\/wpguerssen-test.odoo.rgbconsulting.com\/es\/producto\/edu-lobo\/#primaryimage\"},\"image\":{\"@id\":\"https:\/\/wpguerssen-test.odoo.rgbconsulting.com\/es\/producto\/edu-lobo\/#primaryimage\"},\"thumbnailUrl\":\"https:\/\/wpguerssen-test.odoo.rgbconsulting.com\/wp-content\/uploads\/2023\/06\/43809.jpg\",\"datePublished\":\"2025-03-23T23:00:00+00:00\",\"dateModified\":\"2025-03-24T16:31:38+00:00\",\"description\":\"Before Edu released this album, he tried to break the English speaking market by releasing his \\\"Sergio Mendes Presents Edu Lobo\\\" album. This collection of his hits that he rebuilt and sung in English, was an opportunity for this market to experience an authentically new-Brazilian sound that was the equal of anything out there. So self assured of his own talent Edu came back to Brazil and concentrated in making an album that would make a statement on the importance of free will. His own terms were his unique Nordeste sound and just mind-boggling great arranging talents that came from Brazil's folkloric and regional roots. He took what was becoming a generic mainstream jazz-influenced bossa nova sound and went beyond it displaying what he thought the pinnacle of post-bossa nova sound could be.\",\"breadcrumb\":{\"@id\":\"https:\/\/wpguerssen-test.odoo.rgbconsulting.com\/es\/producto\/edu-lobo\/#breadcrumb\"},\"inLanguage\":\"es\",\"potentialAction\":[{\"@type\":\"ReadAction\",\"target\":[\"https:\/\/wpguerssen-test.odoo.rgbconsulting.com\/es\/producto\/edu-lobo\/\"]}]},{\"@type\":\"ImageObject\",\"inLanguage\":\"es\",\"@id\":\"https:\/\/wpguerssen-test.odoo.rgbconsulting.com\/es\/producto\/edu-lobo\/#primaryimage\",\"url\":\"https:\/\/wpguerssen-test.odoo.rgbconsulting.com\/wp-content\/uploads\/2023\/06\/43809.jpg\",\"contentUrl\":\"https:\/\/wpguerssen-test.odoo.rgbconsulting.com\/wp-content\/uploads\/2023\/06\/43809.jpg\",\"width\":945,\"height\":958,\"caption\":\"Edu - Edu Lobo - AUDIO CLARITY (LP) | Guerssen\"},{\"@type\":\"BreadcrumbList\",\"@id\":\"https:\/\/wpguerssen-test.odoo.rgbconsulting.com\/es\/producto\/edu-lobo\/#breadcrumb\",\"itemListElement\":[{\"@type\":\"ListItem\",\"position\":1,\"name\":\"Inicio\",\"item\":\"https:\/\/wpguerssen-test.odoo.rgbconsulting.com\/es\/\"},{\"@type\":\"ListItem\",\"position\":2,\"name\":\"Shop\",\"item\":\"https:\/\/wpguerssen-test.odoo.rgbconsulting.com\/shop\/\"},{\"@type\":\"ListItem\",\"position\":3,\"name\":\"Edu Lobo\"}]},{\"@type\":\"WebSite\",\"@id\":\"https:\/\/wpguerssen-test.odoo.rgbconsulting.com\/es\/#website\",\"url\":\"https:\/\/wpguerssen-test.odoo.rgbconsulting.com\/es\/\",\"name\":\"Guerssen records\",\"description\":\"psychedelia - progressive - folk - garage \",\"publisher\":{\"@id\":\"https:\/\/wpguerssen-test.odoo.rgbconsulting.com\/es\/#organization\"},\"potentialAction\":[{\"@type\":\"SearchAction\",\"target\":{\"@type\":\"EntryPoint\",\"urlTemplate\":\"https:\/\/wpguerssen-test.odoo.rgbconsulting.com\/es\/?s={search_term_string}\"},\"query-input\":{\"@type\":\"PropertyValueSpecification\",\"valueRequired\":true,\"valueName\":\"search_term_string\"}}],\"inLanguage\":\"es\"},{\"@type\":\"Organization\",\"@id\":\"https:\/\/wpguerssen-test.odoo.rgbconsulting.com\/es\/#organization\",\"name\":\"Guerssen records\",\"url\":\"https:\/\/wpguerssen-test.odoo.rgbconsulting.com\/es\/\",\"logo\":{\"@type\":\"ImageObject\",\"inLanguage\":\"es\",\"@id\":\"https:\/\/wpguerssen-test.odoo.rgbconsulting.com\/es\/#\/schema\/logo\/image\/\",\"url\":\"https:\/\/wpguerssen-test.odoo.rgbconsulting.com\/wp-content\/uploads\/2022\/04\/Logo_Guerssen_trans_100.png\",\"contentUrl\":\"https:\/\/wpguerssen-test.odoo.rgbconsulting.com\/wp-content\/uploads\/2022\/04\/Logo_Guerssen_trans_100.png\",\"width\":122,\"height\":100,\"caption\":\"Guerssen records\"},\"image\":{\"@id\":\"https:\/\/wpguerssen-test.odoo.rgbconsulting.com\/es\/#\/schema\/logo\/image\/\"}}]}<\/script>\n<!-- \/ Yoast SEO plugin. -->","yoast_head_json":{"title":"LOBO, Edu - Edu Lobo -  (LP) | Guerssen","description":"Before Edu released this album, he tried to break the English speaking market by releasing his \"Sergio Mendes Presents Edu Lobo\" album. This collection of his hits that he rebuilt and sung in English, was an opportunity for this market to experience an authentically new-Brazilian sound that was the equal of anything out there. So self assured of his own talent Edu came back to Brazil and concentrated in making an album that would make a statement on the importance of free will. His own terms were his unique Nordeste sound and just mind-boggling great arranging talents that came from Brazil's folkloric and regional roots. He took what was becoming a generic mainstream jazz-influenced bossa nova sound and went beyond it displaying what he thought the pinnacle of post-bossa nova sound could be.","robots":{"index":"index","follow":"follow","max-snippet":"max-snippet:-1","max-image-preview":"max-image-preview:large","max-video-preview":"max-video-preview:-1"},"canonical":"https:\/\/wpguerssen-test.odoo.rgbconsulting.com\/es\/producto\/edu-lobo\/","og_locale":"es_ES","og_type":"article","og_title":"LOBO, Edu - Edu Lobo -  (LP) | Guerssen","og_description":"Before Edu released this album, he tried to break the English speaking market by releasing his \"Sergio Mendes Presents Edu Lobo\" album. This collection of his hits that he rebuilt and sung in English, was an opportunity for this market to experience an authentically new-Brazilian sound that was the equal of anything out there. So self assured of his own talent Edu came back to Brazil and concentrated in making an album that would make a statement on the importance of free will. His own terms were his unique Nordeste sound and just mind-boggling great arranging talents that came from Brazil's folkloric and regional roots. He took what was becoming a generic mainstream jazz-influenced bossa nova sound and went beyond it displaying what he thought the pinnacle of post-bossa nova sound could be.","og_url":"https:\/\/wpguerssen-test.odoo.rgbconsulting.com\/es\/producto\/edu-lobo\/","og_site_name":"Guerssen records","article_modified_time":"2025-03-24T16:31:38+00:00","og_image":[{"width":945,"height":958,"url":"https:\/\/wpguerssen-test.odoo.rgbconsulting.com\/wp-content\/uploads\/2023\/06\/43809.jpg","type":"image\/jpeg"}],"twitter_card":"summary_large_image","twitter_title":"LOBO, Edu - Edu Lobo -  (LP) | Guerssen","twitter_misc":{"Tiempo de lectura":"1 minuto"},"schema":{"@context":"https:\/\/schema.org","@graph":[{"@type":"WebPage","@id":"https:\/\/wpguerssen-test.odoo.rgbconsulting.com\/es\/producto\/edu-lobo\/","url":"https:\/\/wpguerssen-test.odoo.rgbconsulting.com\/es\/producto\/edu-lobo\/","name":"LOBO, Edu - Edu Lobo - (LP) | Guerssen","isPartOf":{"@id":"https:\/\/wpguerssen-test.odoo.rgbconsulting.com\/es\/#website"},"primaryImageOfPage":{"@id":"https:\/\/wpguerssen-test.odoo.rgbconsulting.com\/es\/producto\/edu-lobo\/#primaryimage"},"image":{"@id":"https:\/\/wpguerssen-test.odoo.rgbconsulting.com\/es\/producto\/edu-lobo\/#primaryimage"},"thumbnailUrl":"https:\/\/wpguerssen-test.odoo.rgbconsulting.com\/wp-content\/uploads\/2023\/06\/43809.jpg","datePublished":"2025-03-23T23:00:00+00:00","dateModified":"2025-03-24T16:31:38+00:00","description":"Before Edu released this album, he tried to break the English speaking market by releasing his \"Sergio Mendes Presents Edu Lobo\" album. This collection of his hits that he rebuilt and sung in English, was an opportunity for this market to experience an authentically new-Brazilian sound that was the equal of anything out there. So self assured of his own talent Edu came back to Brazil and concentrated in making an album that would make a statement on the importance of free will. His own terms were his unique Nordeste sound and just mind-boggling great arranging talents that came from Brazil's folkloric and regional roots. He took what was becoming a generic mainstream jazz-influenced bossa nova sound and went beyond it displaying what he thought the pinnacle of post-bossa nova sound could be.","breadcrumb":{"@id":"https:\/\/wpguerssen-test.odoo.rgbconsulting.com\/es\/producto\/edu-lobo\/#breadcrumb"},"inLanguage":"es","potentialAction":[{"@type":"ReadAction","target":["https:\/\/wpguerssen-test.odoo.rgbconsulting.com\/es\/producto\/edu-lobo\/"]}]},{"@type":"ImageObject","inLanguage":"es","@id":"https:\/\/wpguerssen-test.odoo.rgbconsulting.com\/es\/producto\/edu-lobo\/#primaryimage","url":"https:\/\/wpguerssen-test.odoo.rgbconsulting.com\/wp-content\/uploads\/2023\/06\/43809.jpg","contentUrl":"https:\/\/wpguerssen-test.odoo.rgbconsulting.com\/wp-content\/uploads\/2023\/06\/43809.jpg","width":945,"height":958,"caption":"Edu - Edu Lobo - AUDIO CLARITY (LP) | Guerssen"},{"@type":"BreadcrumbList","@id":"https:\/\/wpguerssen-test.odoo.rgbconsulting.com\/es\/producto\/edu-lobo\/#breadcrumb","itemListElement":[{"@type":"ListItem","position":1,"name":"Inicio","item":"https:\/\/wpguerssen-test.odoo.rgbconsulting.com\/es\/"},{"@type":"ListItem","position":2,"name":"Shop","item":"https:\/\/wpguerssen-test.odoo.rgbconsulting.com\/shop\/"},{"@type":"ListItem","position":3,"name":"Edu Lobo"}]},{"@type":"WebSite","@id":"https:\/\/wpguerssen-test.odoo.rgbconsulting.com\/es\/#website","url":"https:\/\/wpguerssen-test.odoo.rgbconsulting.com\/es\/","name":"Guerssen records","description":"psychedelia - progressive - folk - garage ","publisher":{"@id":"https:\/\/wpguerssen-test.odoo.rgbconsulting.com\/es\/#organization"},"potentialAction":[{"@type":"SearchAction","target":{"@type":"EntryPoint","urlTemplate":"https:\/\/wpguerssen-test.odoo.rgbconsulting.com\/es\/?s={search_term_string}"},"query-input":{"@type":"PropertyValueSpecification","valueRequired":true,"valueName":"search_term_string"}}],"inLanguage":"es"},{"@type":"Organization","@id":"https:\/\/wpguerssen-test.odoo.rgbconsulting.com\/es\/#organization","name":"Guerssen records","url":"https:\/\/wpguerssen-test.odoo.rgbconsulting.com\/es\/","logo":{"@type":"ImageObject","inLanguage":"es","@id":"https:\/\/wpguerssen-test.odoo.rgbconsulting.com\/es\/#\/schema\/logo\/image\/","url":"https:\/\/wpguerssen-test.odoo.rgbconsulting.com\/wp-content\/uploads\/2022\/04\/Logo_Guerssen_trans_100.png","contentUrl":"https:\/\/wpguerssen-test.odoo.rgbconsulting.com\/wp-content\/uploads\/2022\/04\/Logo_Guerssen_trans_100.png","width":122,"height":100,"caption":"Guerssen records"},"image":{"@id":"https:\/\/wpguerssen-test.odoo.rgbconsulting.com\/es\/#\/schema\/logo\/image\/"}}]}},"_links":{"self":[{"href":"https:\/\/wpguerssen-test.odoo.rgbconsulting.com\/es\/wp-json\/wp\/v2\/product\/233518","targetHints":{"allow":["GET"]}}],"collection":[{"href":"https:\/\/wpguerssen-test.odoo.rgbconsulting.com\/es\/wp-json\/wp\/v2\/product"}],"about":[{"href":"https:\/\/wpguerssen-test.odoo.rgbconsulting.com\/es\/wp-json\/wp\/v2\/types\/product"}],"wp:featuredmedia":[{"embeddable":true,"href":"https:\/\/wpguerssen-test.odoo.rgbconsulting.com\/es\/wp-json\/wp\/v2\/media\/233511"}],"wp:attachment":[{"href":"https:\/\/wpguerssen-test.odoo.rgbconsulting.com\/es\/wp-json\/wp\/v2\/media?parent=233518"}],"wp:term":[{"taxonomy":"product_brand","embeddable":true,"href":"https:\/\/wpguerssen-test.odoo.rgbconsulting.com\/es\/wp-json\/wp\/v2\/product_brand?post=233518"},{"taxonomy":"product_cat","embeddable":true,"href":"https:\/\/wpguerssen-test.odoo.rgbconsulting.com\/es\/wp-json\/wp\/v2\/product_cat?post=233518"},{"taxonomy":"product_tag","embeddable":true,"href":"https:\/\/wpguerssen-test.odoo.rgbconsulting.com\/es\/wp-json\/wp\/v2\/product_tag?post=233518"}],"curies":[{"name":"wp","href":"https:\/\/api.w.org\/{rel}","templated":true}]}}