{"id":233815,"date":"2023-08-21T00:00:00","date_gmt":"2023-08-20T22:00:00","guid":{"rendered":"https:\/\/wpguerssen-test.odoo.rgbconsulting.com\/product\/babadu\/"},"modified":"2024-02-22T09:41:37","modified_gmt":"2024-02-22T08:41:37","slug":"babadu","status":"publish","type":"product","link":"https:\/\/wpguerssen-test.odoo.rgbconsulting.com\/es\/producto\/babadu\/","title":{"rendered":"Babadu!"},"content":{"rendered":"<p>Producido por la leyenda del AOR hawaiano Kirk Thompson (de KALAPANA y Lemuria), el \u00fanico \u00e1lbum del cantautor Babadu es soul hawaiano suave de principio a fin.<br \/>La d\u00e9cada de 1970 vio el nacimiento de la m\u00fasica hawaiana contempor\u00e1nea, un g\u00e9nero inspirado en los sonidos populares de los Estados Unidos continentales, pero con un distintivo sentimiento hawaiano. Quiz\u00e1s la forma m\u00e1s popular de m\u00fasica hawaiana contempor\u00e1nea fue el AOR hawaiano. Tiene sentido: los ritmos suaves y las l\u00edneas de bajo relajadas parecen perfectas para las playas v\u00edrgenes de Waikiki; sin embargo, el g\u00e9nero despegar\u00eda y ganar\u00eda popularidad en pa\u00edses tan lejanos como Jap\u00f3n.<br \/>\u00a1Babadu! est\u00e1 firmemente en la tradici\u00f3n del AOR hawaiano, con la voz del mismo Babadu descansando perfectamente sobre pistas de acompa\u00f1amiento que fusionan perfectamente los sonidos de la isla con el rock de yates del continente. La apertura del \u00e1lbum \u00abWe&#8217;re Not To Blame\u00bb es un ejemplo perfecto, con flautas tropicales pr\u00e1cticamente bailando sobre la voz conmovedora de Babadu y un ritmo que har\u00e1 que cualquiera asienta con la cabeza. Con Kirk Thompson de Kalapana manejando la producci\u00f3n, los arreglos y los teclados, al igual que lo hizo con las leyendas del AOR hawaiano Lemuria, el \u00e1lbum suena simplemente sublime. Reeditado con una obi-strip por primera vez, con el hermoso rostro del propio Babadu adornando la portada, ya sabes que te espera un buen momento conmovedor con este \u00e1lbum.<\/p>\n","protected":false},"excerpt":{"rendered":"<p>Producido por la leyenda del AOR hawaiano Kirk Thompson (de KALAPANA y Lemuria), el \u00fanico \u00e1lbum del cantautor Babadu es soul hawaiano suave de principio a fin.<br<a class=\"read\" href=\"https:\/\/wpguerssen-test.odoo.rgbconsulting.com\/es\/producto\/babadu\/\"> (...)<\/a>","protected":false},"featured_media":233730,"template":"","meta":{"_acf_changed":false},"product_brand":[],"product_cat":[21649],"product_tag":[],"class_list":{"0":"post-233815","1":"product","2":"type-product","3":"status-publish","4":"has-post-thumbnail","6":"product_cat-soul-rnb-es","7":"pa_artist-babadu","8":"pa_format-lp-es","9":"pa_gender-soul-rnb","10":"pa_label-p-vine","11":"pa_location-north-america-es","12":"pa_other-filters-vinyl-only-es","14":"first","15":"instock","16":"taxable","17":"shipping-taxable","18":"purchasable","19":"product-type-simple"},"acf":[],"yoast_head":"<!-- This site is optimized with the Yoast SEO plugin v24.9 - https:\/\/yoast.com\/wordpress\/plugins\/seo\/ -->\n<title>BABADU! - Babadu! -  (LP) | Guerssen<\/title>\n<meta name=\"description\" content=\"Produced by Hawaiian AOR legend Kirk Thompson (of KALAPANA and Lemuria fame) singer-songwriter Babadu&#039;s sole album is mellow Hawaiian soul from start to finish.The 1970s saw the birth of Contemporary Hawaiian music, a genre inspired by the popular sounds of the mainland US, but with a distinct, Hawaiian feeling. Perhaps the most popular form of Contemporary Hawaiian music was Hawaiian AOR. It makes sense - mellow grooves and laid-back bass lines seem perfect for the pristine beaches of Waikiki; yet the genre would take off, gaining popularity in lands as far away as Japan.Babadu! is firmly in the tradition of Hawaiian AOR, with the vocals of Babadu himself resting perfectly atop backing tracks that perfectly meld the sounds of the island with mainland yacht rock. Album opener &quot;We&#039;re Not To Blame&quot; is a perfect example, with tropical flutes practically dancing over Babadu&#039;s soulful vocals and a groove that&#039;ll have anybody nodding their head. With Kirk Thompson of Kalapana handling production, arranging and keyboards - much like he did for Hawaiian AOR legends Lemuria, the album sounds simply sublime. Reissued with an obi-strip for the first time ever, with the handsome face of Babadu himself adorning the cover, you already know you&#039;re in for a soulful, good time with this album.\" \/>\n<meta name=\"robots\" content=\"index, follow, max-snippet:-1, max-image-preview:large, max-video-preview:-1\" \/>\n<link rel=\"canonical\" href=\"https:\/\/wpguerssen-test.odoo.rgbconsulting.com\/es\/producto\/babadu\/\" \/>\n<meta property=\"og:locale\" content=\"es_ES\" \/>\n<meta property=\"og:type\" content=\"article\" \/>\n<meta property=\"og:title\" content=\"BABADU! - Babadu! -  (LP) | Guerssen\" \/>\n<meta property=\"og:description\" content=\"Produced by Hawaiian AOR legend Kirk Thompson (of KALAPANA and Lemuria fame) singer-songwriter Babadu&#039;s sole album is mellow Hawaiian soul from start to finish.The 1970s saw the birth of Contemporary Hawaiian music, a genre inspired by the popular sounds of the mainland US, but with a distinct, Hawaiian feeling. Perhaps the most popular form of Contemporary Hawaiian music was Hawaiian AOR. It makes sense - mellow grooves and laid-back bass lines seem perfect for the pristine beaches of Waikiki; yet the genre would take off, gaining popularity in lands as far away as Japan.Babadu! is firmly in the tradition of Hawaiian AOR, with the vocals of Babadu himself resting perfectly atop backing tracks that perfectly meld the sounds of the island with mainland yacht rock. Album opener &quot;We&#039;re Not To Blame&quot; is a perfect example, with tropical flutes practically dancing over Babadu&#039;s soulful vocals and a groove that&#039;ll have anybody nodding their head. With Kirk Thompson of Kalapana handling production, arranging and keyboards - much like he did for Hawaiian AOR legends Lemuria, the album sounds simply sublime. Reissued with an obi-strip for the first time ever, with the handsome face of Babadu himself adorning the cover, you already know you&#039;re in for a soulful, good time with this album.\" \/>\n<meta property=\"og:url\" content=\"https:\/\/wpguerssen-test.odoo.rgbconsulting.com\/es\/producto\/babadu\/\" \/>\n<meta property=\"og:site_name\" content=\"Guerssen records\" \/>\n<meta property=\"article:modified_time\" content=\"2024-02-22T08:41:37+00:00\" \/>\n<meta property=\"og:image\" content=\"https:\/\/wpguerssen-test.odoo.rgbconsulting.com\/wp-content\/uploads\/2023\/06\/43833-scaled.jpg\" \/>\n\t<meta property=\"og:image:width\" content=\"2560\" \/>\n\t<meta property=\"og:image:height\" content=\"2536\" \/>\n\t<meta property=\"og:image:type\" content=\"image\/jpeg\" \/>\n<meta name=\"twitter:card\" content=\"summary_large_image\" \/>\n<meta name=\"twitter:title\" content=\"BABADU! - Babadu! -  (LP) | Guerssen\" \/>\n<meta name=\"twitter:label1\" content=\"Tiempo de lectura\" \/>\n\t<meta name=\"twitter:data1\" content=\"1 minuto\" \/>\n<script type=\"application\/ld+json\" class=\"yoast-schema-graph\">{\"@context\":\"https:\/\/schema.org\",\"@graph\":[{\"@type\":\"WebPage\",\"@id\":\"https:\/\/wpguerssen-test.odoo.rgbconsulting.com\/es\/producto\/babadu\/\",\"url\":\"https:\/\/wpguerssen-test.odoo.rgbconsulting.com\/es\/producto\/babadu\/\",\"name\":\"BABADU! - Babadu! - (LP) | Guerssen\",\"isPartOf\":{\"@id\":\"https:\/\/wpguerssen-test.odoo.rgbconsulting.com\/es\/#website\"},\"primaryImageOfPage\":{\"@id\":\"https:\/\/wpguerssen-test.odoo.rgbconsulting.com\/es\/producto\/babadu\/#primaryimage\"},\"image\":{\"@id\":\"https:\/\/wpguerssen-test.odoo.rgbconsulting.com\/es\/producto\/babadu\/#primaryimage\"},\"thumbnailUrl\":\"https:\/\/wpguerssen-test.odoo.rgbconsulting.com\/wp-content\/uploads\/2023\/06\/43833-scaled.jpg\",\"datePublished\":\"2023-08-20T22:00:00+00:00\",\"dateModified\":\"2024-02-22T08:41:37+00:00\",\"description\":\"Produced by Hawaiian AOR legend Kirk Thompson (of KALAPANA and Lemuria fame) singer-songwriter Babadu's sole album is mellow Hawaiian soul from start to finish.The 1970s saw the birth of Contemporary Hawaiian music, a genre inspired by the popular sounds of the mainland US, but with a distinct, Hawaiian feeling. Perhaps the most popular form of Contemporary Hawaiian music was Hawaiian AOR. It makes sense - mellow grooves and laid-back bass lines seem perfect for the pristine beaches of Waikiki; yet the genre would take off, gaining popularity in lands as far away as Japan.Babadu! is firmly in the tradition of Hawaiian AOR, with the vocals of Babadu himself resting perfectly atop backing tracks that perfectly meld the sounds of the island with mainland yacht rock. Album opener \\\"We're Not To Blame\\\" is a perfect example, with tropical flutes practically dancing over Babadu's soulful vocals and a groove that'll have anybody nodding their head. With Kirk Thompson of Kalapana handling production, arranging and keyboards - much like he did for Hawaiian AOR legends Lemuria, the album sounds simply sublime. Reissued with an obi-strip for the first time ever, with the handsome face of Babadu himself adorning the cover, you already know you're in for a soulful, good time with this album.\",\"breadcrumb\":{\"@id\":\"https:\/\/wpguerssen-test.odoo.rgbconsulting.com\/es\/producto\/babadu\/#breadcrumb\"},\"inLanguage\":\"es\",\"potentialAction\":[{\"@type\":\"ReadAction\",\"target\":[\"https:\/\/wpguerssen-test.odoo.rgbconsulting.com\/es\/producto\/babadu\/\"]}]},{\"@type\":\"ImageObject\",\"inLanguage\":\"es\",\"@id\":\"https:\/\/wpguerssen-test.odoo.rgbconsulting.com\/es\/producto\/babadu\/#primaryimage\",\"url\":\"https:\/\/wpguerssen-test.odoo.rgbconsulting.com\/wp-content\/uploads\/2023\/06\/43833-scaled.jpg\",\"contentUrl\":\"https:\/\/wpguerssen-test.odoo.rgbconsulting.com\/wp-content\/uploads\/2023\/06\/43833-scaled.jpg\",\"width\":2560,\"height\":2536},{\"@type\":\"BreadcrumbList\",\"@id\":\"https:\/\/wpguerssen-test.odoo.rgbconsulting.com\/es\/producto\/babadu\/#breadcrumb\",\"itemListElement\":[{\"@type\":\"ListItem\",\"position\":1,\"name\":\"Inicio\",\"item\":\"https:\/\/wpguerssen-test.odoo.rgbconsulting.com\/es\/\"},{\"@type\":\"ListItem\",\"position\":2,\"name\":\"Shop\",\"item\":\"https:\/\/wpguerssen-test.odoo.rgbconsulting.com\/shop\/\"},{\"@type\":\"ListItem\",\"position\":3,\"name\":\"Babadu!\"}]},{\"@type\":\"WebSite\",\"@id\":\"https:\/\/wpguerssen-test.odoo.rgbconsulting.com\/es\/#website\",\"url\":\"https:\/\/wpguerssen-test.odoo.rgbconsulting.com\/es\/\",\"name\":\"Guerssen records\",\"description\":\"psychedelia - progressive - folk - garage \",\"publisher\":{\"@id\":\"https:\/\/wpguerssen-test.odoo.rgbconsulting.com\/es\/#organization\"},\"potentialAction\":[{\"@type\":\"SearchAction\",\"target\":{\"@type\":\"EntryPoint\",\"urlTemplate\":\"https:\/\/wpguerssen-test.odoo.rgbconsulting.com\/es\/?s={search_term_string}\"},\"query-input\":{\"@type\":\"PropertyValueSpecification\",\"valueRequired\":true,\"valueName\":\"search_term_string\"}}],\"inLanguage\":\"es\"},{\"@type\":\"Organization\",\"@id\":\"https:\/\/wpguerssen-test.odoo.rgbconsulting.com\/es\/#organization\",\"name\":\"Guerssen records\",\"url\":\"https:\/\/wpguerssen-test.odoo.rgbconsulting.com\/es\/\",\"logo\":{\"@type\":\"ImageObject\",\"inLanguage\":\"es\",\"@id\":\"https:\/\/wpguerssen-test.odoo.rgbconsulting.com\/es\/#\/schema\/logo\/image\/\",\"url\":\"https:\/\/wpguerssen-test.odoo.rgbconsulting.com\/wp-content\/uploads\/2022\/04\/Logo_Guerssen_trans_100.png\",\"contentUrl\":\"https:\/\/wpguerssen-test.odoo.rgbconsulting.com\/wp-content\/uploads\/2022\/04\/Logo_Guerssen_trans_100.png\",\"width\":122,\"height\":100,\"caption\":\"Guerssen records\"},\"image\":{\"@id\":\"https:\/\/wpguerssen-test.odoo.rgbconsulting.com\/es\/#\/schema\/logo\/image\/\"}}]}<\/script>\n<!-- \/ Yoast SEO plugin. -->","yoast_head_json":{"title":"BABADU! - Babadu! -  (LP) | Guerssen","description":"Produced by Hawaiian AOR legend Kirk Thompson (of KALAPANA and Lemuria fame) singer-songwriter Babadu's sole album is mellow Hawaiian soul from start to finish.The 1970s saw the birth of Contemporary Hawaiian music, a genre inspired by the popular sounds of the mainland US, but with a distinct, Hawaiian feeling. Perhaps the most popular form of Contemporary Hawaiian music was Hawaiian AOR. It makes sense - mellow grooves and laid-back bass lines seem perfect for the pristine beaches of Waikiki; yet the genre would take off, gaining popularity in lands as far away as Japan.Babadu! is firmly in the tradition of Hawaiian AOR, with the vocals of Babadu himself resting perfectly atop backing tracks that perfectly meld the sounds of the island with mainland yacht rock. Album opener \"We're Not To Blame\" is a perfect example, with tropical flutes practically dancing over Babadu's soulful vocals and a groove that'll have anybody nodding their head. With Kirk Thompson of Kalapana handling production, arranging and keyboards - much like he did for Hawaiian AOR legends Lemuria, the album sounds simply sublime. Reissued with an obi-strip for the first time ever, with the handsome face of Babadu himself adorning the cover, you already know you're in for a soulful, good time with this album.","robots":{"index":"index","follow":"follow","max-snippet":"max-snippet:-1","max-image-preview":"max-image-preview:large","max-video-preview":"max-video-preview:-1"},"canonical":"https:\/\/wpguerssen-test.odoo.rgbconsulting.com\/es\/producto\/babadu\/","og_locale":"es_ES","og_type":"article","og_title":"BABADU! - Babadu! -  (LP) | Guerssen","og_description":"Produced by Hawaiian AOR legend Kirk Thompson (of KALAPANA and Lemuria fame) singer-songwriter Babadu's sole album is mellow Hawaiian soul from start to finish.The 1970s saw the birth of Contemporary Hawaiian music, a genre inspired by the popular sounds of the mainland US, but with a distinct, Hawaiian feeling. Perhaps the most popular form of Contemporary Hawaiian music was Hawaiian AOR. It makes sense - mellow grooves and laid-back bass lines seem perfect for the pristine beaches of Waikiki; yet the genre would take off, gaining popularity in lands as far away as Japan.Babadu! is firmly in the tradition of Hawaiian AOR, with the vocals of Babadu himself resting perfectly atop backing tracks that perfectly meld the sounds of the island with mainland yacht rock. Album opener \"We're Not To Blame\" is a perfect example, with tropical flutes practically dancing over Babadu's soulful vocals and a groove that'll have anybody nodding their head. With Kirk Thompson of Kalapana handling production, arranging and keyboards - much like he did for Hawaiian AOR legends Lemuria, the album sounds simply sublime. Reissued with an obi-strip for the first time ever, with the handsome face of Babadu himself adorning the cover, you already know you're in for a soulful, good time with this album.","og_url":"https:\/\/wpguerssen-test.odoo.rgbconsulting.com\/es\/producto\/babadu\/","og_site_name":"Guerssen records","article_modified_time":"2024-02-22T08:41:37+00:00","og_image":[{"width":2560,"height":2536,"url":"https:\/\/wpguerssen-test.odoo.rgbconsulting.com\/wp-content\/uploads\/2023\/06\/43833-scaled.jpg","type":"image\/jpeg"}],"twitter_card":"summary_large_image","twitter_title":"BABADU! - Babadu! -  (LP) | Guerssen","twitter_misc":{"Tiempo de lectura":"1 minuto"},"schema":{"@context":"https:\/\/schema.org","@graph":[{"@type":"WebPage","@id":"https:\/\/wpguerssen-test.odoo.rgbconsulting.com\/es\/producto\/babadu\/","url":"https:\/\/wpguerssen-test.odoo.rgbconsulting.com\/es\/producto\/babadu\/","name":"BABADU! - Babadu! - (LP) | Guerssen","isPartOf":{"@id":"https:\/\/wpguerssen-test.odoo.rgbconsulting.com\/es\/#website"},"primaryImageOfPage":{"@id":"https:\/\/wpguerssen-test.odoo.rgbconsulting.com\/es\/producto\/babadu\/#primaryimage"},"image":{"@id":"https:\/\/wpguerssen-test.odoo.rgbconsulting.com\/es\/producto\/babadu\/#primaryimage"},"thumbnailUrl":"https:\/\/wpguerssen-test.odoo.rgbconsulting.com\/wp-content\/uploads\/2023\/06\/43833-scaled.jpg","datePublished":"2023-08-20T22:00:00+00:00","dateModified":"2024-02-22T08:41:37+00:00","description":"Produced by Hawaiian AOR legend Kirk Thompson (of KALAPANA and Lemuria fame) singer-songwriter Babadu's sole album is mellow Hawaiian soul from start to finish.The 1970s saw the birth of Contemporary Hawaiian music, a genre inspired by the popular sounds of the mainland US, but with a distinct, Hawaiian feeling. Perhaps the most popular form of Contemporary Hawaiian music was Hawaiian AOR. It makes sense - mellow grooves and laid-back bass lines seem perfect for the pristine beaches of Waikiki; yet the genre would take off, gaining popularity in lands as far away as Japan.Babadu! is firmly in the tradition of Hawaiian AOR, with the vocals of Babadu himself resting perfectly atop backing tracks that perfectly meld the sounds of the island with mainland yacht rock. Album opener \"We're Not To Blame\" is a perfect example, with tropical flutes practically dancing over Babadu's soulful vocals and a groove that'll have anybody nodding their head. With Kirk Thompson of Kalapana handling production, arranging and keyboards - much like he did for Hawaiian AOR legends Lemuria, the album sounds simply sublime. Reissued with an obi-strip for the first time ever, with the handsome face of Babadu himself adorning the cover, you already know you're in for a soulful, good time with this album.","breadcrumb":{"@id":"https:\/\/wpguerssen-test.odoo.rgbconsulting.com\/es\/producto\/babadu\/#breadcrumb"},"inLanguage":"es","potentialAction":[{"@type":"ReadAction","target":["https:\/\/wpguerssen-test.odoo.rgbconsulting.com\/es\/producto\/babadu\/"]}]},{"@type":"ImageObject","inLanguage":"es","@id":"https:\/\/wpguerssen-test.odoo.rgbconsulting.com\/es\/producto\/babadu\/#primaryimage","url":"https:\/\/wpguerssen-test.odoo.rgbconsulting.com\/wp-content\/uploads\/2023\/06\/43833-scaled.jpg","contentUrl":"https:\/\/wpguerssen-test.odoo.rgbconsulting.com\/wp-content\/uploads\/2023\/06\/43833-scaled.jpg","width":2560,"height":2536},{"@type":"BreadcrumbList","@id":"https:\/\/wpguerssen-test.odoo.rgbconsulting.com\/es\/producto\/babadu\/#breadcrumb","itemListElement":[{"@type":"ListItem","position":1,"name":"Inicio","item":"https:\/\/wpguerssen-test.odoo.rgbconsulting.com\/es\/"},{"@type":"ListItem","position":2,"name":"Shop","item":"https:\/\/wpguerssen-test.odoo.rgbconsulting.com\/shop\/"},{"@type":"ListItem","position":3,"name":"Babadu!"}]},{"@type":"WebSite","@id":"https:\/\/wpguerssen-test.odoo.rgbconsulting.com\/es\/#website","url":"https:\/\/wpguerssen-test.odoo.rgbconsulting.com\/es\/","name":"Guerssen records","description":"psychedelia - progressive - folk - garage ","publisher":{"@id":"https:\/\/wpguerssen-test.odoo.rgbconsulting.com\/es\/#organization"},"potentialAction":[{"@type":"SearchAction","target":{"@type":"EntryPoint","urlTemplate":"https:\/\/wpguerssen-test.odoo.rgbconsulting.com\/es\/?s={search_term_string}"},"query-input":{"@type":"PropertyValueSpecification","valueRequired":true,"valueName":"search_term_string"}}],"inLanguage":"es"},{"@type":"Organization","@id":"https:\/\/wpguerssen-test.odoo.rgbconsulting.com\/es\/#organization","name":"Guerssen records","url":"https:\/\/wpguerssen-test.odoo.rgbconsulting.com\/es\/","logo":{"@type":"ImageObject","inLanguage":"es","@id":"https:\/\/wpguerssen-test.odoo.rgbconsulting.com\/es\/#\/schema\/logo\/image\/","url":"https:\/\/wpguerssen-test.odoo.rgbconsulting.com\/wp-content\/uploads\/2022\/04\/Logo_Guerssen_trans_100.png","contentUrl":"https:\/\/wpguerssen-test.odoo.rgbconsulting.com\/wp-content\/uploads\/2022\/04\/Logo_Guerssen_trans_100.png","width":122,"height":100,"caption":"Guerssen records"},"image":{"@id":"https:\/\/wpguerssen-test.odoo.rgbconsulting.com\/es\/#\/schema\/logo\/image\/"}}]}},"_links":{"self":[{"href":"https:\/\/wpguerssen-test.odoo.rgbconsulting.com\/es\/wp-json\/wp\/v2\/product\/233815","targetHints":{"allow":["GET"]}}],"collection":[{"href":"https:\/\/wpguerssen-test.odoo.rgbconsulting.com\/es\/wp-json\/wp\/v2\/product"}],"about":[{"href":"https:\/\/wpguerssen-test.odoo.rgbconsulting.com\/es\/wp-json\/wp\/v2\/types\/product"}],"wp:featuredmedia":[{"embeddable":true,"href":"https:\/\/wpguerssen-test.odoo.rgbconsulting.com\/es\/wp-json\/wp\/v2\/media\/233730"}],"wp:attachment":[{"href":"https:\/\/wpguerssen-test.odoo.rgbconsulting.com\/es\/wp-json\/wp\/v2\/media?parent=233815"}],"wp:term":[{"taxonomy":"product_brand","embeddable":true,"href":"https:\/\/wpguerssen-test.odoo.rgbconsulting.com\/es\/wp-json\/wp\/v2\/product_brand?post=233815"},{"taxonomy":"product_cat","embeddable":true,"href":"https:\/\/wpguerssen-test.odoo.rgbconsulting.com\/es\/wp-json\/wp\/v2\/product_cat?post=233815"},{"taxonomy":"product_tag","embeddable":true,"href":"https:\/\/wpguerssen-test.odoo.rgbconsulting.com\/es\/wp-json\/wp\/v2\/product_tag?post=233815"}],"curies":[{"name":"wp","href":"https:\/\/api.w.org\/{rel}","templated":true}]}}