{"id":233817,"date":"2023-08-21T00:00:00","date_gmt":"2023-08-20T22:00:00","guid":{"rendered":"https:\/\/wpguerssen-test.odoo.rgbconsulting.com\/product\/spread-love\/"},"modified":"2024-02-22T09:41:48","modified_gmt":"2024-02-22T08:41:48","slug":"spread-love","status":"publish","type":"product","link":"https:\/\/wpguerssen-test.odoo.rgbconsulting.com\/es\/producto\/spread-love\/","title":{"rendered":"Spread Love"},"content":{"rendered":"<p>\u00bfHas visto a este mago?<br \/>Lanzado inicialmente por el sello Sunstar de Detroit en 1976, el \u00e1lbum del d\u00fao del bajista Carey Harris y el vocalista y teclista Michael Orr ha ganado r\u00e1pidamente una reputaci\u00f3n, no solo por el mago distintivo dibujado a mano en la portada, sino por su incre\u00edble sonido. La canci\u00f3n principal \u00abSpread Love\u00bb es amada por DJs de deep funk como Kenny Dope y Keb Darge (tanto que la reeditaron como single en su sello, Kay Dee Records), \u00a1y con raz\u00f3n! La canci\u00f3n est\u00e1 repleta de slap bass, ritmos de guitarra staccato, sintetizadores de la era espacial, todas las caracter\u00edsticas del gran funk. Combinada con el musculoso bar\u00edtono de Michael Orr, esta es una de las mejores canciones del funk. Sin embargo, canciones como \u00abEcstasy, Fantasy, and Dreamland\u00bb y \u00abHere I Go\u00bb, que abren el \u00e1lbum, presentan los sonidos suaves del soul moderno, con riffs de teclado centelleando sobre ritmos sincopados sofisticados. Los dos se fusionaron a lo largo del \u00e1lbum, creando un proyecto que es, simplemente: m\u00e1gico. \u00a1No te pierdas este \u00e1lbum ic\u00f3nico, disponible ahora en P-VINE Records en vinilo de edici\u00f3n limitada con una de nuestras ic\u00f3nicas obi-strips adjuntas!<\/p>\n","protected":false},"excerpt":{"rendered":"<p>\u00bfHas visto a este mago?<br \/>Lanzado inicialmente por el sello Sunstar de Detroit en 1976, el \u00e1lbum del d\u00fao del bajista Carey Harris y el vocalista y teclista Michael<a class=\"read\" href=\"https:\/\/wpguerssen-test.odoo.rgbconsulting.com\/es\/producto\/spread-love\/\"> (...)<\/a>","protected":false},"featured_media":233736,"template":"","meta":{"_acf_changed":false},"product_brand":[],"product_cat":[21649],"product_tag":[],"class_list":{"0":"post-233817","1":"product","2":"type-product","3":"status-publish","4":"has-post-thumbnail","6":"product_cat-soul-rnb-es","7":"pa_artist-harris-and-orr","8":"pa_format-lp-es","9":"pa_gender-soul-rnb","10":"pa_label-p-vine","11":"pa_location-north-america-es","12":"pa_other-filters-vinyl-only-es","14":"first","15":"instock","16":"taxable","17":"shipping-taxable","18":"purchasable","19":"product-type-simple"},"acf":[],"yoast_head":"<!-- This site is optimized with the Yoast SEO plugin v24.9 - https:\/\/yoast.com\/wordpress\/plugins\/seo\/ -->\n<title>HARRIS AND ORR - Spread Love -  (LP) | Guerssen<\/title>\n<meta name=\"description\" content=\"Have you seen this wizard?Initially released from Detroit label Sunstar in 1976, the duo album from bassist Carey Harris and vocalist\/keyboardist Michael Orr has quickly gained a reputation, not just for the distinct, hand-drawn magician on the cover, but for its incredible sound. The title-track &quot;Spread Love&quot; is beloved by deep funk DJs such as Kenny Dope and Keb Darge (so much so that they reissued it as a single on their label, Kay Dee Records), and rightly so! The song is chock full of slap bass, staccato guitar rhythms, space age synth - all the hallmarks of great funk. Combined with the brawny baritone of Michael Orr, this is one of funk&#039;s finest songs. Yet songs such as album opener &quot;Ecstasy, Fantasy, and Dreamland&quot; and &quot;Here I Go&quot; feature the smooth sounds of modern soul, with keyboard riffs twinkling over sophisticated syncopated rhythms. The two meld together through the course of the album, creating a project that is, simply put : magical. Don&#039;t miss this iconic album, available now from P-VINE Records on limited edition vinyl with one of our iconic obi-strips attached!\" \/>\n<meta name=\"robots\" content=\"index, follow, max-snippet:-1, max-image-preview:large, max-video-preview:-1\" \/>\n<link rel=\"canonical\" href=\"https:\/\/wpguerssen-test.odoo.rgbconsulting.com\/es\/producto\/spread-love\/\" \/>\n<meta property=\"og:locale\" content=\"es_ES\" \/>\n<meta property=\"og:type\" content=\"article\" \/>\n<meta property=\"og:title\" content=\"HARRIS AND ORR - Spread Love -  (LP) | Guerssen\" \/>\n<meta property=\"og:description\" content=\"Have you seen this wizard?Initially released from Detroit label Sunstar in 1976, the duo album from bassist Carey Harris and vocalist\/keyboardist Michael Orr has quickly gained a reputation, not just for the distinct, hand-drawn magician on the cover, but for its incredible sound. The title-track &quot;Spread Love&quot; is beloved by deep funk DJs such as Kenny Dope and Keb Darge (so much so that they reissued it as a single on their label, Kay Dee Records), and rightly so! The song is chock full of slap bass, staccato guitar rhythms, space age synth - all the hallmarks of great funk. Combined with the brawny baritone of Michael Orr, this is one of funk&#039;s finest songs. Yet songs such as album opener &quot;Ecstasy, Fantasy, and Dreamland&quot; and &quot;Here I Go&quot; feature the smooth sounds of modern soul, with keyboard riffs twinkling over sophisticated syncopated rhythms. The two meld together through the course of the album, creating a project that is, simply put : magical. Don&#039;t miss this iconic album, available now from P-VINE Records on limited edition vinyl with one of our iconic obi-strips attached!\" \/>\n<meta property=\"og:url\" content=\"https:\/\/wpguerssen-test.odoo.rgbconsulting.com\/es\/producto\/spread-love\/\" \/>\n<meta property=\"og:site_name\" content=\"Guerssen records\" \/>\n<meta property=\"article:modified_time\" content=\"2024-02-22T08:41:48+00:00\" \/>\n<meta property=\"og:image\" content=\"https:\/\/wpguerssen-test.odoo.rgbconsulting.com\/wp-content\/uploads\/2023\/06\/43835-scaled.jpg\" \/>\n\t<meta property=\"og:image:width\" content=\"2560\" \/>\n\t<meta property=\"og:image:height\" content=\"2535\" \/>\n\t<meta property=\"og:image:type\" content=\"image\/jpeg\" \/>\n<meta name=\"twitter:card\" content=\"summary_large_image\" \/>\n<meta name=\"twitter:title\" content=\"HARRIS AND ORR - Spread Love -  (LP) | Guerssen\" \/>\n<meta name=\"twitter:label1\" content=\"Tiempo de lectura\" \/>\n\t<meta name=\"twitter:data1\" content=\"1 minuto\" \/>\n<script type=\"application\/ld+json\" class=\"yoast-schema-graph\">{\"@context\":\"https:\/\/schema.org\",\"@graph\":[{\"@type\":\"WebPage\",\"@id\":\"https:\/\/wpguerssen-test.odoo.rgbconsulting.com\/es\/producto\/spread-love\/\",\"url\":\"https:\/\/wpguerssen-test.odoo.rgbconsulting.com\/es\/producto\/spread-love\/\",\"name\":\"HARRIS AND ORR - Spread Love - (LP) | Guerssen\",\"isPartOf\":{\"@id\":\"https:\/\/wpguerssen-test.odoo.rgbconsulting.com\/es\/#website\"},\"primaryImageOfPage\":{\"@id\":\"https:\/\/wpguerssen-test.odoo.rgbconsulting.com\/es\/producto\/spread-love\/#primaryimage\"},\"image\":{\"@id\":\"https:\/\/wpguerssen-test.odoo.rgbconsulting.com\/es\/producto\/spread-love\/#primaryimage\"},\"thumbnailUrl\":\"https:\/\/wpguerssen-test.odoo.rgbconsulting.com\/wp-content\/uploads\/2023\/06\/43835-scaled.jpg\",\"datePublished\":\"2023-08-20T22:00:00+00:00\",\"dateModified\":\"2024-02-22T08:41:48+00:00\",\"description\":\"Have you seen this wizard?Initially released from Detroit label Sunstar in 1976, the duo album from bassist Carey Harris and vocalist\/keyboardist Michael Orr has quickly gained a reputation, not just for the distinct, hand-drawn magician on the cover, but for its incredible sound. The title-track \\\"Spread Love\\\" is beloved by deep funk DJs such as Kenny Dope and Keb Darge (so much so that they reissued it as a single on their label, Kay Dee Records), and rightly so! The song is chock full of slap bass, staccato guitar rhythms, space age synth - all the hallmarks of great funk. Combined with the brawny baritone of Michael Orr, this is one of funk's finest songs. Yet songs such as album opener \\\"Ecstasy, Fantasy, and Dreamland\\\" and \\\"Here I Go\\\" feature the smooth sounds of modern soul, with keyboard riffs twinkling over sophisticated syncopated rhythms. The two meld together through the course of the album, creating a project that is, simply put : magical. Don't miss this iconic album, available now from P-VINE Records on limited edition vinyl with one of our iconic obi-strips attached!\",\"breadcrumb\":{\"@id\":\"https:\/\/wpguerssen-test.odoo.rgbconsulting.com\/es\/producto\/spread-love\/#breadcrumb\"},\"inLanguage\":\"es\",\"potentialAction\":[{\"@type\":\"ReadAction\",\"target\":[\"https:\/\/wpguerssen-test.odoo.rgbconsulting.com\/es\/producto\/spread-love\/\"]}]},{\"@type\":\"ImageObject\",\"inLanguage\":\"es\",\"@id\":\"https:\/\/wpguerssen-test.odoo.rgbconsulting.com\/es\/producto\/spread-love\/#primaryimage\",\"url\":\"https:\/\/wpguerssen-test.odoo.rgbconsulting.com\/wp-content\/uploads\/2023\/06\/43835-scaled.jpg\",\"contentUrl\":\"https:\/\/wpguerssen-test.odoo.rgbconsulting.com\/wp-content\/uploads\/2023\/06\/43835-scaled.jpg\",\"width\":2560,\"height\":2535},{\"@type\":\"BreadcrumbList\",\"@id\":\"https:\/\/wpguerssen-test.odoo.rgbconsulting.com\/es\/producto\/spread-love\/#breadcrumb\",\"itemListElement\":[{\"@type\":\"ListItem\",\"position\":1,\"name\":\"Inicio\",\"item\":\"https:\/\/wpguerssen-test.odoo.rgbconsulting.com\/es\/\"},{\"@type\":\"ListItem\",\"position\":2,\"name\":\"Shop\",\"item\":\"https:\/\/wpguerssen-test.odoo.rgbconsulting.com\/shop\/\"},{\"@type\":\"ListItem\",\"position\":3,\"name\":\"Spread Love\"}]},{\"@type\":\"WebSite\",\"@id\":\"https:\/\/wpguerssen-test.odoo.rgbconsulting.com\/es\/#website\",\"url\":\"https:\/\/wpguerssen-test.odoo.rgbconsulting.com\/es\/\",\"name\":\"Guerssen records\",\"description\":\"psychedelia - progressive - folk - garage \",\"publisher\":{\"@id\":\"https:\/\/wpguerssen-test.odoo.rgbconsulting.com\/es\/#organization\"},\"potentialAction\":[{\"@type\":\"SearchAction\",\"target\":{\"@type\":\"EntryPoint\",\"urlTemplate\":\"https:\/\/wpguerssen-test.odoo.rgbconsulting.com\/es\/?s={search_term_string}\"},\"query-input\":{\"@type\":\"PropertyValueSpecification\",\"valueRequired\":true,\"valueName\":\"search_term_string\"}}],\"inLanguage\":\"es\"},{\"@type\":\"Organization\",\"@id\":\"https:\/\/wpguerssen-test.odoo.rgbconsulting.com\/es\/#organization\",\"name\":\"Guerssen records\",\"url\":\"https:\/\/wpguerssen-test.odoo.rgbconsulting.com\/es\/\",\"logo\":{\"@type\":\"ImageObject\",\"inLanguage\":\"es\",\"@id\":\"https:\/\/wpguerssen-test.odoo.rgbconsulting.com\/es\/#\/schema\/logo\/image\/\",\"url\":\"https:\/\/wpguerssen-test.odoo.rgbconsulting.com\/wp-content\/uploads\/2022\/04\/Logo_Guerssen_trans_100.png\",\"contentUrl\":\"https:\/\/wpguerssen-test.odoo.rgbconsulting.com\/wp-content\/uploads\/2022\/04\/Logo_Guerssen_trans_100.png\",\"width\":122,\"height\":100,\"caption\":\"Guerssen records\"},\"image\":{\"@id\":\"https:\/\/wpguerssen-test.odoo.rgbconsulting.com\/es\/#\/schema\/logo\/image\/\"}}]}<\/script>\n<!-- \/ Yoast SEO plugin. -->","yoast_head_json":{"title":"HARRIS AND ORR - Spread Love -  (LP) | Guerssen","description":"Have you seen this wizard?Initially released from Detroit label Sunstar in 1976, the duo album from bassist Carey Harris and vocalist\/keyboardist Michael Orr has quickly gained a reputation, not just for the distinct, hand-drawn magician on the cover, but for its incredible sound. The title-track \"Spread Love\" is beloved by deep funk DJs such as Kenny Dope and Keb Darge (so much so that they reissued it as a single on their label, Kay Dee Records), and rightly so! The song is chock full of slap bass, staccato guitar rhythms, space age synth - all the hallmarks of great funk. Combined with the brawny baritone of Michael Orr, this is one of funk's finest songs. Yet songs such as album opener \"Ecstasy, Fantasy, and Dreamland\" and \"Here I Go\" feature the smooth sounds of modern soul, with keyboard riffs twinkling over sophisticated syncopated rhythms. The two meld together through the course of the album, creating a project that is, simply put : magical. Don't miss this iconic album, available now from P-VINE Records on limited edition vinyl with one of our iconic obi-strips attached!","robots":{"index":"index","follow":"follow","max-snippet":"max-snippet:-1","max-image-preview":"max-image-preview:large","max-video-preview":"max-video-preview:-1"},"canonical":"https:\/\/wpguerssen-test.odoo.rgbconsulting.com\/es\/producto\/spread-love\/","og_locale":"es_ES","og_type":"article","og_title":"HARRIS AND ORR - Spread Love -  (LP) | Guerssen","og_description":"Have you seen this wizard?Initially released from Detroit label Sunstar in 1976, the duo album from bassist Carey Harris and vocalist\/keyboardist Michael Orr has quickly gained a reputation, not just for the distinct, hand-drawn magician on the cover, but for its incredible sound. The title-track \"Spread Love\" is beloved by deep funk DJs such as Kenny Dope and Keb Darge (so much so that they reissued it as a single on their label, Kay Dee Records), and rightly so! The song is chock full of slap bass, staccato guitar rhythms, space age synth - all the hallmarks of great funk. Combined with the brawny baritone of Michael Orr, this is one of funk's finest songs. Yet songs such as album opener \"Ecstasy, Fantasy, and Dreamland\" and \"Here I Go\" feature the smooth sounds of modern soul, with keyboard riffs twinkling over sophisticated syncopated rhythms. The two meld together through the course of the album, creating a project that is, simply put : magical. Don't miss this iconic album, available now from P-VINE Records on limited edition vinyl with one of our iconic obi-strips attached!","og_url":"https:\/\/wpguerssen-test.odoo.rgbconsulting.com\/es\/producto\/spread-love\/","og_site_name":"Guerssen records","article_modified_time":"2024-02-22T08:41:48+00:00","og_image":[{"width":2560,"height":2535,"url":"https:\/\/wpguerssen-test.odoo.rgbconsulting.com\/wp-content\/uploads\/2023\/06\/43835-scaled.jpg","type":"image\/jpeg"}],"twitter_card":"summary_large_image","twitter_title":"HARRIS AND ORR - Spread Love -  (LP) | Guerssen","twitter_misc":{"Tiempo de lectura":"1 minuto"},"schema":{"@context":"https:\/\/schema.org","@graph":[{"@type":"WebPage","@id":"https:\/\/wpguerssen-test.odoo.rgbconsulting.com\/es\/producto\/spread-love\/","url":"https:\/\/wpguerssen-test.odoo.rgbconsulting.com\/es\/producto\/spread-love\/","name":"HARRIS AND ORR - Spread Love - (LP) | Guerssen","isPartOf":{"@id":"https:\/\/wpguerssen-test.odoo.rgbconsulting.com\/es\/#website"},"primaryImageOfPage":{"@id":"https:\/\/wpguerssen-test.odoo.rgbconsulting.com\/es\/producto\/spread-love\/#primaryimage"},"image":{"@id":"https:\/\/wpguerssen-test.odoo.rgbconsulting.com\/es\/producto\/spread-love\/#primaryimage"},"thumbnailUrl":"https:\/\/wpguerssen-test.odoo.rgbconsulting.com\/wp-content\/uploads\/2023\/06\/43835-scaled.jpg","datePublished":"2023-08-20T22:00:00+00:00","dateModified":"2024-02-22T08:41:48+00:00","description":"Have you seen this wizard?Initially released from Detroit label Sunstar in 1976, the duo album from bassist Carey Harris and vocalist\/keyboardist Michael Orr has quickly gained a reputation, not just for the distinct, hand-drawn magician on the cover, but for its incredible sound. The title-track \"Spread Love\" is beloved by deep funk DJs such as Kenny Dope and Keb Darge (so much so that they reissued it as a single on their label, Kay Dee Records), and rightly so! The song is chock full of slap bass, staccato guitar rhythms, space age synth - all the hallmarks of great funk. Combined with the brawny baritone of Michael Orr, this is one of funk's finest songs. Yet songs such as album opener \"Ecstasy, Fantasy, and Dreamland\" and \"Here I Go\" feature the smooth sounds of modern soul, with keyboard riffs twinkling over sophisticated syncopated rhythms. The two meld together through the course of the album, creating a project that is, simply put : magical. Don't miss this iconic album, available now from P-VINE Records on limited edition vinyl with one of our iconic obi-strips attached!","breadcrumb":{"@id":"https:\/\/wpguerssen-test.odoo.rgbconsulting.com\/es\/producto\/spread-love\/#breadcrumb"},"inLanguage":"es","potentialAction":[{"@type":"ReadAction","target":["https:\/\/wpguerssen-test.odoo.rgbconsulting.com\/es\/producto\/spread-love\/"]}]},{"@type":"ImageObject","inLanguage":"es","@id":"https:\/\/wpguerssen-test.odoo.rgbconsulting.com\/es\/producto\/spread-love\/#primaryimage","url":"https:\/\/wpguerssen-test.odoo.rgbconsulting.com\/wp-content\/uploads\/2023\/06\/43835-scaled.jpg","contentUrl":"https:\/\/wpguerssen-test.odoo.rgbconsulting.com\/wp-content\/uploads\/2023\/06\/43835-scaled.jpg","width":2560,"height":2535},{"@type":"BreadcrumbList","@id":"https:\/\/wpguerssen-test.odoo.rgbconsulting.com\/es\/producto\/spread-love\/#breadcrumb","itemListElement":[{"@type":"ListItem","position":1,"name":"Inicio","item":"https:\/\/wpguerssen-test.odoo.rgbconsulting.com\/es\/"},{"@type":"ListItem","position":2,"name":"Shop","item":"https:\/\/wpguerssen-test.odoo.rgbconsulting.com\/shop\/"},{"@type":"ListItem","position":3,"name":"Spread Love"}]},{"@type":"WebSite","@id":"https:\/\/wpguerssen-test.odoo.rgbconsulting.com\/es\/#website","url":"https:\/\/wpguerssen-test.odoo.rgbconsulting.com\/es\/","name":"Guerssen records","description":"psychedelia - progressive - folk - garage ","publisher":{"@id":"https:\/\/wpguerssen-test.odoo.rgbconsulting.com\/es\/#organization"},"potentialAction":[{"@type":"SearchAction","target":{"@type":"EntryPoint","urlTemplate":"https:\/\/wpguerssen-test.odoo.rgbconsulting.com\/es\/?s={search_term_string}"},"query-input":{"@type":"PropertyValueSpecification","valueRequired":true,"valueName":"search_term_string"}}],"inLanguage":"es"},{"@type":"Organization","@id":"https:\/\/wpguerssen-test.odoo.rgbconsulting.com\/es\/#organization","name":"Guerssen records","url":"https:\/\/wpguerssen-test.odoo.rgbconsulting.com\/es\/","logo":{"@type":"ImageObject","inLanguage":"es","@id":"https:\/\/wpguerssen-test.odoo.rgbconsulting.com\/es\/#\/schema\/logo\/image\/","url":"https:\/\/wpguerssen-test.odoo.rgbconsulting.com\/wp-content\/uploads\/2022\/04\/Logo_Guerssen_trans_100.png","contentUrl":"https:\/\/wpguerssen-test.odoo.rgbconsulting.com\/wp-content\/uploads\/2022\/04\/Logo_Guerssen_trans_100.png","width":122,"height":100,"caption":"Guerssen records"},"image":{"@id":"https:\/\/wpguerssen-test.odoo.rgbconsulting.com\/es\/#\/schema\/logo\/image\/"}}]}},"_links":{"self":[{"href":"https:\/\/wpguerssen-test.odoo.rgbconsulting.com\/es\/wp-json\/wp\/v2\/product\/233817","targetHints":{"allow":["GET"]}}],"collection":[{"href":"https:\/\/wpguerssen-test.odoo.rgbconsulting.com\/es\/wp-json\/wp\/v2\/product"}],"about":[{"href":"https:\/\/wpguerssen-test.odoo.rgbconsulting.com\/es\/wp-json\/wp\/v2\/types\/product"}],"wp:featuredmedia":[{"embeddable":true,"href":"https:\/\/wpguerssen-test.odoo.rgbconsulting.com\/es\/wp-json\/wp\/v2\/media\/233736"}],"wp:attachment":[{"href":"https:\/\/wpguerssen-test.odoo.rgbconsulting.com\/es\/wp-json\/wp\/v2\/media?parent=233817"}],"wp:term":[{"taxonomy":"product_brand","embeddable":true,"href":"https:\/\/wpguerssen-test.odoo.rgbconsulting.com\/es\/wp-json\/wp\/v2\/product_brand?post=233817"},{"taxonomy":"product_cat","embeddable":true,"href":"https:\/\/wpguerssen-test.odoo.rgbconsulting.com\/es\/wp-json\/wp\/v2\/product_cat?post=233817"},{"taxonomy":"product_tag","embeddable":true,"href":"https:\/\/wpguerssen-test.odoo.rgbconsulting.com\/es\/wp-json\/wp\/v2\/product_tag?post=233817"}],"curies":[{"name":"wp","href":"https:\/\/api.w.org\/{rel}","templated":true}]}}