{"id":233819,"date":"2023-08-21T00:00:00","date_gmt":"2023-08-20T22:00:00","guid":{"rendered":"https:\/\/wpguerssen-test.odoo.rgbconsulting.com\/product\/with-love-from-the-lovelites\/"},"modified":"2024-05-08T09:25:52","modified_gmt":"2024-05-08T07:25:52","slug":"with-love-from-the-lovelites","status":"publish","type":"product","link":"https:\/\/wpguerssen-test.odoo.rgbconsulting.com\/es\/producto\/with-love-from-the-lovelites\/","title":{"rendered":"With Love From The Lovelites"},"content":{"rendered":"<p>Formado alrededor del talento singular que era Patti Hamilton, el tr\u00edo de soul adolescente de Chicago, The Lovelites, lanz\u00f3 un \u00e1lbum, With Love from The Lovelites, antes de disolverse. Su \u00fanico \u00e1lbum, inicialmente un fracaso comercial, se convertir\u00eda en un cl\u00e1sico, vendi\u00e9ndose con precios de varios cientos de d\u00f3lares en el mercado de segunda mano m\u00e1s de medio siglo despu\u00e9s de su lanzamiento. Y no es de extra\u00f1ar por qu\u00e9: la voz conmovedora de Patti Hamilton suena sabia m\u00e1s all\u00e1 de su edad, y las armon\u00edas angelicales del tr\u00edo est\u00e1n respaldadas por una banda de m\u00fasica completa de Chicago. Con la h\u00e1bil mano de Clarence Johnson (mejor conocido por su producci\u00f3n de Brighter Side of Darkness) produciendo, las armon\u00edas son dulces, la banda es firme y la voz singular de Patti Hamilton brilla a trav\u00e9s de todo. La primera reedici\u00f3n de With Love From The Lovelites est\u00e1 disponible en vinilo de edici\u00f3n limitada, con una tira obi, solo en P-VINE Records.<\/p>\n","protected":false},"excerpt":{"rendered":"<p>Formado alrededor del talento singular que era Patti Hamilton, el tr\u00edo de soul adolescente de Chicago, The Lovelites, lanz\u00f3 un \u00e1lbum, With Love from The Lovelites,<a class=\"read\" href=\"https:\/\/wpguerssen-test.odoo.rgbconsulting.com\/es\/producto\/with-love-from-the-lovelites\/\"> (...)<\/a>","protected":false},"featured_media":233740,"template":"","meta":{"_acf_changed":false},"product_brand":[],"product_cat":[21649],"product_tag":[],"class_list":{"0":"post-233819","1":"product","2":"type-product","3":"status-publish","4":"has-post-thumbnail","6":"product_cat-soul-rnb-es","7":"pa_artist-lovelites-the","8":"pa_format-lp-es","9":"pa_gender-soul-rnb","10":"pa_label-p-vine","11":"pa_location-north-america-es","12":"pa_other-filters-vinyl-only-es","14":"first","15":"instock","16":"taxable","17":"shipping-taxable","18":"purchasable","19":"product-type-simple"},"acf":[],"yoast_head":"<!-- This site is optimized with the Yoast SEO plugin v24.9 - https:\/\/yoast.com\/wordpress\/plugins\/seo\/ -->\n<title>LOVELITES, The - With Love From The Lovelites -  (LP) | Guerssen<\/title>\n<meta name=\"description\" content=\"Formed around the singular talent that was Patti Hamilton, Chicago teen soul trio, The Lovelites, released one album - With Love from The Lovelites - before disbanding. Their sole album, initially a commercial failure, would become a crate digger classic, selling with several-hundred dollar premiums on the second hand market over half a century after its release. And it&#039;s no wonder why - Patti Hamilton&#039;s soulful voice sounds wise beyond her years, and the trio&#039;s angelic harmonies are backed by a full Chicago brass band. With the deft hand of Clarence Johnson (best known for his production of Brighter Side of Darkness) producing, the harmonies are sweet, the band is tight, and the singular voice of Patti Hamilton shines through it all. The first ever reissue of With Love From The Lovelites is available on limited edition vinyl, with an obi-strip, only from P-VINE Records.\" \/>\n<meta name=\"robots\" content=\"index, follow, max-snippet:-1, max-image-preview:large, max-video-preview:-1\" \/>\n<link rel=\"canonical\" href=\"https:\/\/wpguerssen-test.odoo.rgbconsulting.com\/es\/producto\/with-love-from-the-lovelites\/\" \/>\n<meta property=\"og:locale\" content=\"es_ES\" \/>\n<meta property=\"og:type\" content=\"article\" \/>\n<meta property=\"og:title\" content=\"LOVELITES, The - With Love From The Lovelites -  (LP) | Guerssen\" \/>\n<meta property=\"og:description\" content=\"Formed around the singular talent that was Patti Hamilton, Chicago teen soul trio, The Lovelites, released one album - With Love from The Lovelites - before disbanding. Their sole album, initially a commercial failure, would become a crate digger classic, selling with several-hundred dollar premiums on the second hand market over half a century after its release. And it&#039;s no wonder why - Patti Hamilton&#039;s soulful voice sounds wise beyond her years, and the trio&#039;s angelic harmonies are backed by a full Chicago brass band. With the deft hand of Clarence Johnson (best known for his production of Brighter Side of Darkness) producing, the harmonies are sweet, the band is tight, and the singular voice of Patti Hamilton shines through it all. The first ever reissue of With Love From The Lovelites is available on limited edition vinyl, with an obi-strip, only from P-VINE Records.\" \/>\n<meta property=\"og:url\" content=\"https:\/\/wpguerssen-test.odoo.rgbconsulting.com\/es\/producto\/with-love-from-the-lovelites\/\" \/>\n<meta property=\"og:site_name\" content=\"Guerssen records\" \/>\n<meta property=\"article:modified_time\" content=\"2024-05-08T07:25:52+00:00\" \/>\n<meta property=\"og:image\" content=\"https:\/\/wpguerssen-test.odoo.rgbconsulting.com\/wp-content\/uploads\/2023\/06\/43837-scaled.jpg\" \/>\n\t<meta property=\"og:image:width\" content=\"2560\" \/>\n\t<meta property=\"og:image:height\" content=\"2560\" \/>\n\t<meta property=\"og:image:type\" content=\"image\/jpeg\" \/>\n<meta name=\"twitter:card\" content=\"summary_large_image\" \/>\n<meta name=\"twitter:title\" content=\"LOVELITES, The - With Love From The Lovelites -  (LP) | Guerssen\" \/>\n<meta name=\"twitter:label1\" content=\"Tiempo de lectura\" \/>\n\t<meta name=\"twitter:data1\" content=\"1 minuto\" \/>\n<script type=\"application\/ld+json\" class=\"yoast-schema-graph\">{\"@context\":\"https:\/\/schema.org\",\"@graph\":[{\"@type\":\"WebPage\",\"@id\":\"https:\/\/wpguerssen-test.odoo.rgbconsulting.com\/es\/producto\/with-love-from-the-lovelites\/\",\"url\":\"https:\/\/wpguerssen-test.odoo.rgbconsulting.com\/es\/producto\/with-love-from-the-lovelites\/\",\"name\":\"LOVELITES, The - With Love From The Lovelites - (LP) | Guerssen\",\"isPartOf\":{\"@id\":\"https:\/\/wpguerssen-test.odoo.rgbconsulting.com\/es\/#website\"},\"primaryImageOfPage\":{\"@id\":\"https:\/\/wpguerssen-test.odoo.rgbconsulting.com\/es\/producto\/with-love-from-the-lovelites\/#primaryimage\"},\"image\":{\"@id\":\"https:\/\/wpguerssen-test.odoo.rgbconsulting.com\/es\/producto\/with-love-from-the-lovelites\/#primaryimage\"},\"thumbnailUrl\":\"https:\/\/wpguerssen-test.odoo.rgbconsulting.com\/wp-content\/uploads\/2023\/06\/43837-scaled.jpg\",\"datePublished\":\"2023-08-20T22:00:00+00:00\",\"dateModified\":\"2024-05-08T07:25:52+00:00\",\"description\":\"Formed around the singular talent that was Patti Hamilton, Chicago teen soul trio, The Lovelites, released one album - With Love from The Lovelites - before disbanding. Their sole album, initially a commercial failure, would become a crate digger classic, selling with several-hundred dollar premiums on the second hand market over half a century after its release. And it's no wonder why - Patti Hamilton's soulful voice sounds wise beyond her years, and the trio's angelic harmonies are backed by a full Chicago brass band. With the deft hand of Clarence Johnson (best known for his production of Brighter Side of Darkness) producing, the harmonies are sweet, the band is tight, and the singular voice of Patti Hamilton shines through it all. The first ever reissue of With Love From The Lovelites is available on limited edition vinyl, with an obi-strip, only from P-VINE Records.\",\"breadcrumb\":{\"@id\":\"https:\/\/wpguerssen-test.odoo.rgbconsulting.com\/es\/producto\/with-love-from-the-lovelites\/#breadcrumb\"},\"inLanguage\":\"es\",\"potentialAction\":[{\"@type\":\"ReadAction\",\"target\":[\"https:\/\/wpguerssen-test.odoo.rgbconsulting.com\/es\/producto\/with-love-from-the-lovelites\/\"]}]},{\"@type\":\"ImageObject\",\"inLanguage\":\"es\",\"@id\":\"https:\/\/wpguerssen-test.odoo.rgbconsulting.com\/es\/producto\/with-love-from-the-lovelites\/#primaryimage\",\"url\":\"https:\/\/wpguerssen-test.odoo.rgbconsulting.com\/wp-content\/uploads\/2023\/06\/43837-scaled.jpg\",\"contentUrl\":\"https:\/\/wpguerssen-test.odoo.rgbconsulting.com\/wp-content\/uploads\/2023\/06\/43837-scaled.jpg\",\"width\":2560,\"height\":2560,\"caption\":\"The - With Love From The Lovelites - P-VINE (LP) | Guerssen\"},{\"@type\":\"BreadcrumbList\",\"@id\":\"https:\/\/wpguerssen-test.odoo.rgbconsulting.com\/es\/producto\/with-love-from-the-lovelites\/#breadcrumb\",\"itemListElement\":[{\"@type\":\"ListItem\",\"position\":1,\"name\":\"Inicio\",\"item\":\"https:\/\/wpguerssen-test.odoo.rgbconsulting.com\/es\/\"},{\"@type\":\"ListItem\",\"position\":2,\"name\":\"Shop\",\"item\":\"https:\/\/wpguerssen-test.odoo.rgbconsulting.com\/shop\/\"},{\"@type\":\"ListItem\",\"position\":3,\"name\":\"With Love From The Lovelites\"}]},{\"@type\":\"WebSite\",\"@id\":\"https:\/\/wpguerssen-test.odoo.rgbconsulting.com\/es\/#website\",\"url\":\"https:\/\/wpguerssen-test.odoo.rgbconsulting.com\/es\/\",\"name\":\"Guerssen records\",\"description\":\"psychedelia - progressive - folk - garage \",\"publisher\":{\"@id\":\"https:\/\/wpguerssen-test.odoo.rgbconsulting.com\/es\/#organization\"},\"potentialAction\":[{\"@type\":\"SearchAction\",\"target\":{\"@type\":\"EntryPoint\",\"urlTemplate\":\"https:\/\/wpguerssen-test.odoo.rgbconsulting.com\/es\/?s={search_term_string}\"},\"query-input\":{\"@type\":\"PropertyValueSpecification\",\"valueRequired\":true,\"valueName\":\"search_term_string\"}}],\"inLanguage\":\"es\"},{\"@type\":\"Organization\",\"@id\":\"https:\/\/wpguerssen-test.odoo.rgbconsulting.com\/es\/#organization\",\"name\":\"Guerssen records\",\"url\":\"https:\/\/wpguerssen-test.odoo.rgbconsulting.com\/es\/\",\"logo\":{\"@type\":\"ImageObject\",\"inLanguage\":\"es\",\"@id\":\"https:\/\/wpguerssen-test.odoo.rgbconsulting.com\/es\/#\/schema\/logo\/image\/\",\"url\":\"https:\/\/wpguerssen-test.odoo.rgbconsulting.com\/wp-content\/uploads\/2022\/04\/Logo_Guerssen_trans_100.png\",\"contentUrl\":\"https:\/\/wpguerssen-test.odoo.rgbconsulting.com\/wp-content\/uploads\/2022\/04\/Logo_Guerssen_trans_100.png\",\"width\":122,\"height\":100,\"caption\":\"Guerssen records\"},\"image\":{\"@id\":\"https:\/\/wpguerssen-test.odoo.rgbconsulting.com\/es\/#\/schema\/logo\/image\/\"}}]}<\/script>\n<!-- \/ Yoast SEO plugin. -->","yoast_head_json":{"title":"LOVELITES, The - With Love From The Lovelites -  (LP) | Guerssen","description":"Formed around the singular talent that was Patti Hamilton, Chicago teen soul trio, The Lovelites, released one album - With Love from The Lovelites - before disbanding. Their sole album, initially a commercial failure, would become a crate digger classic, selling with several-hundred dollar premiums on the second hand market over half a century after its release. And it's no wonder why - Patti Hamilton's soulful voice sounds wise beyond her years, and the trio's angelic harmonies are backed by a full Chicago brass band. With the deft hand of Clarence Johnson (best known for his production of Brighter Side of Darkness) producing, the harmonies are sweet, the band is tight, and the singular voice of Patti Hamilton shines through it all. The first ever reissue of With Love From The Lovelites is available on limited edition vinyl, with an obi-strip, only from P-VINE Records.","robots":{"index":"index","follow":"follow","max-snippet":"max-snippet:-1","max-image-preview":"max-image-preview:large","max-video-preview":"max-video-preview:-1"},"canonical":"https:\/\/wpguerssen-test.odoo.rgbconsulting.com\/es\/producto\/with-love-from-the-lovelites\/","og_locale":"es_ES","og_type":"article","og_title":"LOVELITES, The - With Love From The Lovelites -  (LP) | Guerssen","og_description":"Formed around the singular talent that was Patti Hamilton, Chicago teen soul trio, The Lovelites, released one album - With Love from The Lovelites - before disbanding. Their sole album, initially a commercial failure, would become a crate digger classic, selling with several-hundred dollar premiums on the second hand market over half a century after its release. And it's no wonder why - Patti Hamilton's soulful voice sounds wise beyond her years, and the trio's angelic harmonies are backed by a full Chicago brass band. With the deft hand of Clarence Johnson (best known for his production of Brighter Side of Darkness) producing, the harmonies are sweet, the band is tight, and the singular voice of Patti Hamilton shines through it all. The first ever reissue of With Love From The Lovelites is available on limited edition vinyl, with an obi-strip, only from P-VINE Records.","og_url":"https:\/\/wpguerssen-test.odoo.rgbconsulting.com\/es\/producto\/with-love-from-the-lovelites\/","og_site_name":"Guerssen records","article_modified_time":"2024-05-08T07:25:52+00:00","og_image":[{"width":2560,"height":2560,"url":"https:\/\/wpguerssen-test.odoo.rgbconsulting.com\/wp-content\/uploads\/2023\/06\/43837-scaled.jpg","type":"image\/jpeg"}],"twitter_card":"summary_large_image","twitter_title":"LOVELITES, The - With Love From The Lovelites -  (LP) | Guerssen","twitter_misc":{"Tiempo de lectura":"1 minuto"},"schema":{"@context":"https:\/\/schema.org","@graph":[{"@type":"WebPage","@id":"https:\/\/wpguerssen-test.odoo.rgbconsulting.com\/es\/producto\/with-love-from-the-lovelites\/","url":"https:\/\/wpguerssen-test.odoo.rgbconsulting.com\/es\/producto\/with-love-from-the-lovelites\/","name":"LOVELITES, The - With Love From The Lovelites - (LP) | Guerssen","isPartOf":{"@id":"https:\/\/wpguerssen-test.odoo.rgbconsulting.com\/es\/#website"},"primaryImageOfPage":{"@id":"https:\/\/wpguerssen-test.odoo.rgbconsulting.com\/es\/producto\/with-love-from-the-lovelites\/#primaryimage"},"image":{"@id":"https:\/\/wpguerssen-test.odoo.rgbconsulting.com\/es\/producto\/with-love-from-the-lovelites\/#primaryimage"},"thumbnailUrl":"https:\/\/wpguerssen-test.odoo.rgbconsulting.com\/wp-content\/uploads\/2023\/06\/43837-scaled.jpg","datePublished":"2023-08-20T22:00:00+00:00","dateModified":"2024-05-08T07:25:52+00:00","description":"Formed around the singular talent that was Patti Hamilton, Chicago teen soul trio, The Lovelites, released one album - With Love from The Lovelites - before disbanding. Their sole album, initially a commercial failure, would become a crate digger classic, selling with several-hundred dollar premiums on the second hand market over half a century after its release. And it's no wonder why - Patti Hamilton's soulful voice sounds wise beyond her years, and the trio's angelic harmonies are backed by a full Chicago brass band. With the deft hand of Clarence Johnson (best known for his production of Brighter Side of Darkness) producing, the harmonies are sweet, the band is tight, and the singular voice of Patti Hamilton shines through it all. The first ever reissue of With Love From The Lovelites is available on limited edition vinyl, with an obi-strip, only from P-VINE Records.","breadcrumb":{"@id":"https:\/\/wpguerssen-test.odoo.rgbconsulting.com\/es\/producto\/with-love-from-the-lovelites\/#breadcrumb"},"inLanguage":"es","potentialAction":[{"@type":"ReadAction","target":["https:\/\/wpguerssen-test.odoo.rgbconsulting.com\/es\/producto\/with-love-from-the-lovelites\/"]}]},{"@type":"ImageObject","inLanguage":"es","@id":"https:\/\/wpguerssen-test.odoo.rgbconsulting.com\/es\/producto\/with-love-from-the-lovelites\/#primaryimage","url":"https:\/\/wpguerssen-test.odoo.rgbconsulting.com\/wp-content\/uploads\/2023\/06\/43837-scaled.jpg","contentUrl":"https:\/\/wpguerssen-test.odoo.rgbconsulting.com\/wp-content\/uploads\/2023\/06\/43837-scaled.jpg","width":2560,"height":2560,"caption":"The - With Love From The Lovelites - P-VINE (LP) | Guerssen"},{"@type":"BreadcrumbList","@id":"https:\/\/wpguerssen-test.odoo.rgbconsulting.com\/es\/producto\/with-love-from-the-lovelites\/#breadcrumb","itemListElement":[{"@type":"ListItem","position":1,"name":"Inicio","item":"https:\/\/wpguerssen-test.odoo.rgbconsulting.com\/es\/"},{"@type":"ListItem","position":2,"name":"Shop","item":"https:\/\/wpguerssen-test.odoo.rgbconsulting.com\/shop\/"},{"@type":"ListItem","position":3,"name":"With Love From The Lovelites"}]},{"@type":"WebSite","@id":"https:\/\/wpguerssen-test.odoo.rgbconsulting.com\/es\/#website","url":"https:\/\/wpguerssen-test.odoo.rgbconsulting.com\/es\/","name":"Guerssen records","description":"psychedelia - progressive - folk - garage ","publisher":{"@id":"https:\/\/wpguerssen-test.odoo.rgbconsulting.com\/es\/#organization"},"potentialAction":[{"@type":"SearchAction","target":{"@type":"EntryPoint","urlTemplate":"https:\/\/wpguerssen-test.odoo.rgbconsulting.com\/es\/?s={search_term_string}"},"query-input":{"@type":"PropertyValueSpecification","valueRequired":true,"valueName":"search_term_string"}}],"inLanguage":"es"},{"@type":"Organization","@id":"https:\/\/wpguerssen-test.odoo.rgbconsulting.com\/es\/#organization","name":"Guerssen records","url":"https:\/\/wpguerssen-test.odoo.rgbconsulting.com\/es\/","logo":{"@type":"ImageObject","inLanguage":"es","@id":"https:\/\/wpguerssen-test.odoo.rgbconsulting.com\/es\/#\/schema\/logo\/image\/","url":"https:\/\/wpguerssen-test.odoo.rgbconsulting.com\/wp-content\/uploads\/2022\/04\/Logo_Guerssen_trans_100.png","contentUrl":"https:\/\/wpguerssen-test.odoo.rgbconsulting.com\/wp-content\/uploads\/2022\/04\/Logo_Guerssen_trans_100.png","width":122,"height":100,"caption":"Guerssen records"},"image":{"@id":"https:\/\/wpguerssen-test.odoo.rgbconsulting.com\/es\/#\/schema\/logo\/image\/"}}]}},"_links":{"self":[{"href":"https:\/\/wpguerssen-test.odoo.rgbconsulting.com\/es\/wp-json\/wp\/v2\/product\/233819","targetHints":{"allow":["GET"]}}],"collection":[{"href":"https:\/\/wpguerssen-test.odoo.rgbconsulting.com\/es\/wp-json\/wp\/v2\/product"}],"about":[{"href":"https:\/\/wpguerssen-test.odoo.rgbconsulting.com\/es\/wp-json\/wp\/v2\/types\/product"}],"wp:featuredmedia":[{"embeddable":true,"href":"https:\/\/wpguerssen-test.odoo.rgbconsulting.com\/es\/wp-json\/wp\/v2\/media\/233740"}],"wp:attachment":[{"href":"https:\/\/wpguerssen-test.odoo.rgbconsulting.com\/es\/wp-json\/wp\/v2\/media?parent=233819"}],"wp:term":[{"taxonomy":"product_brand","embeddable":true,"href":"https:\/\/wpguerssen-test.odoo.rgbconsulting.com\/es\/wp-json\/wp\/v2\/product_brand?post=233819"},{"taxonomy":"product_cat","embeddable":true,"href":"https:\/\/wpguerssen-test.odoo.rgbconsulting.com\/es\/wp-json\/wp\/v2\/product_cat?post=233819"},{"taxonomy":"product_tag","embeddable":true,"href":"https:\/\/wpguerssen-test.odoo.rgbconsulting.com\/es\/wp-json\/wp\/v2\/product_tag?post=233819"}],"curies":[{"name":"wp","href":"https:\/\/api.w.org\/{rel}","templated":true}]}}