{"id":233820,"date":"2023-08-21T00:00:00","date_gmt":"2023-08-20T22:00:00","guid":{"rendered":"https:\/\/wpguerssen-test.odoo.rgbconsulting.com\/product\/love-will-rise\/"},"modified":"2024-02-22T09:42:05","modified_gmt":"2024-02-22T08:42:05","slug":"love-will-rise","status":"publish","type":"product","link":"https:\/\/wpguerssen-test.odoo.rgbconsulting.com\/es\/producto\/love-will-rise\/","title":{"rendered":"Love Will Rise"},"content":{"rendered":"<p>Michael Orr mejor conocido por su trabajo con la diva del soul FAY, as\u00ed como por su ic\u00f3nico e incre\u00edblemente raro \u00e1lbum de 1976 Spread Love, los talentos parecen inconmensurables. Respaldados por la banda de su ciudad natal, Book of Life, los dos se combinan en una explosi\u00f3n funky como no se ha visto desde entonces. Los rebuscadores reconocer\u00e1n el nombre del \u00e1lbum m\u00e1s cercano \u00abSpread Love\u00bb del \u00e1lbum de Orr de 1976 del mismo nombre, sin embargo, esta es una grabaci\u00f3n de alguna manera a\u00fan m\u00e1s funky de la misma melod\u00eda. El funk bailable siempre ha sido la especialidad de Orr, pero parece subir el dial hasta el 11 con esta interpretaci\u00f3n.<br \/>La otra cara de la moneda de Michael Orr es la canci\u00f3n principal, \u00abLove Will Rise\u00bb. Con ritmos suaves, percusi\u00f3n suave y el bar\u00edtono siempre presente del propio Michael Orr, la canci\u00f3n es un asunto relajado, que recuerda la foto de Orr al estilo predicador en la portada. Tan elegante y conmovedor como es, los ritmos siguen siendo incomparables, unificando el \u00e1lbum de una manera extra\u00f1amente po\u00e9tica. \u00a1No te pierdas a Michael Orr y The Book of Life&#8217;s Love Will Rise, disponible en vinilo de edici\u00f3n limitada con una obi-strip japonesa adjunta!<\/p>\n","protected":false},"excerpt":{"rendered":"<p>Michael Orr mejor conocido por su trabajo con la diva del soul FAY, as\u00ed como por su ic\u00f3nico e incre\u00edblemente raro \u00e1lbum de 1976 Spread Love, los talentos parecen<a class=\"read\" href=\"https:\/\/wpguerssen-test.odoo.rgbconsulting.com\/es\/producto\/love-will-rise\/\"> (...)<\/a>","protected":false},"featured_media":233743,"template":"","meta":{"_acf_changed":false},"product_brand":[],"product_cat":[21649],"product_tag":[],"class_list":{"0":"post-233820","1":"product","2":"type-product","3":"status-publish","4":"has-post-thumbnail","6":"product_cat-soul-rnb-es","7":"pa_artist-michael-orr-and-the-book-of-life","8":"pa_format-lp-es","9":"pa_gender-soul-rnb","10":"pa_label-p-vine","11":"pa_location-north-america-es","12":"pa_other-filters-vinyl-only-es","14":"first","15":"instock","16":"taxable","17":"shipping-taxable","18":"purchasable","19":"product-type-simple"},"acf":[],"yoast_head":"<!-- This site is optimized with the Yoast SEO plugin v24.9 - https:\/\/yoast.com\/wordpress\/plugins\/seo\/ -->\n<title>MICHAEL ORR AND THE BOOK OF LIFE - Love Will Rise -  (LP) | Guerssen<\/title>\n<meta name=\"description\" content=\"Forget the magician! Featuring Michael Orr front and center in all of his 70s slickness : Love Will Rise!Best known for his work with soul diva FAY, as well as his iconic, and incredibly rare 1976 album Spread Love, Michael Orr&#039;s talents seem immeasurable. Backed by his hometown band, Book of Life, the two combine in a funky explosion the likes of which hasn&#039;t been seen since! Crate diggers will recognize the name of album closer &quot;Spread Love&quot; from Orr&#039;s 1976 album of the same name, yet this is a somehow even funkier recording of the same tune, with a leaner groove and harder beat. Danceable funk has always been Orr&#039;s speciality, but he seems to turn the dial up to 11 with this interpretation.The other side of the Michael Orr coin is title track &quot;Love Will Rise&quot;. With smooth grooves, gentle drumming, and the ever present baritone of Michael Orr himself, the song is a relaxed affair, calling to mind the preacher-esque photo of Orr on the cover. As slick and soulful as it is, the grooves remain unparalleled, unifying the album in a strangely poetic way. Don&#039;t miss Michael Orr and The Book of Life&#039;s Love Will Rise, available on limited edition vinyl with a Japanese obi-strip attached!\" \/>\n<meta name=\"robots\" content=\"index, follow, max-snippet:-1, max-image-preview:large, max-video-preview:-1\" \/>\n<link rel=\"canonical\" href=\"https:\/\/wpguerssen-test.odoo.rgbconsulting.com\/es\/producto\/love-will-rise\/\" \/>\n<meta property=\"og:locale\" content=\"es_ES\" \/>\n<meta property=\"og:type\" content=\"article\" \/>\n<meta property=\"og:title\" content=\"MICHAEL ORR AND THE BOOK OF LIFE - Love Will Rise -  (LP) | Guerssen\" \/>\n<meta property=\"og:description\" content=\"Forget the magician! Featuring Michael Orr front and center in all of his 70s slickness : Love Will Rise!Best known for his work with soul diva FAY, as well as his iconic, and incredibly rare 1976 album Spread Love, Michael Orr&#039;s talents seem immeasurable. Backed by his hometown band, Book of Life, the two combine in a funky explosion the likes of which hasn&#039;t been seen since! Crate diggers will recognize the name of album closer &quot;Spread Love&quot; from Orr&#039;s 1976 album of the same name, yet this is a somehow even funkier recording of the same tune, with a leaner groove and harder beat. Danceable funk has always been Orr&#039;s speciality, but he seems to turn the dial up to 11 with this interpretation.The other side of the Michael Orr coin is title track &quot;Love Will Rise&quot;. With smooth grooves, gentle drumming, and the ever present baritone of Michael Orr himself, the song is a relaxed affair, calling to mind the preacher-esque photo of Orr on the cover. As slick and soulful as it is, the grooves remain unparalleled, unifying the album in a strangely poetic way. Don&#039;t miss Michael Orr and The Book of Life&#039;s Love Will Rise, available on limited edition vinyl with a Japanese obi-strip attached!\" \/>\n<meta property=\"og:url\" content=\"https:\/\/wpguerssen-test.odoo.rgbconsulting.com\/es\/producto\/love-will-rise\/\" \/>\n<meta property=\"og:site_name\" content=\"Guerssen records\" \/>\n<meta property=\"article:modified_time\" content=\"2024-02-22T08:42:05+00:00\" \/>\n<meta property=\"og:image\" content=\"https:\/\/wpguerssen-test.odoo.rgbconsulting.com\/wp-content\/uploads\/2023\/06\/43838-scaled.jpg\" \/>\n\t<meta property=\"og:image:width\" content=\"2560\" \/>\n\t<meta property=\"og:image:height\" content=\"2535\" \/>\n\t<meta property=\"og:image:type\" content=\"image\/jpeg\" \/>\n<meta name=\"twitter:card\" content=\"summary_large_image\" \/>\n<meta name=\"twitter:title\" content=\"MICHAEL ORR AND THE BOOK OF LIFE - Love Will Rise -  (LP) | Guerssen\" \/>\n<meta name=\"twitter:label1\" content=\"Tiempo de lectura\" \/>\n\t<meta name=\"twitter:data1\" content=\"1 minuto\" \/>\n<script type=\"application\/ld+json\" class=\"yoast-schema-graph\">{\"@context\":\"https:\/\/schema.org\",\"@graph\":[{\"@type\":\"WebPage\",\"@id\":\"https:\/\/wpguerssen-test.odoo.rgbconsulting.com\/es\/producto\/love-will-rise\/\",\"url\":\"https:\/\/wpguerssen-test.odoo.rgbconsulting.com\/es\/producto\/love-will-rise\/\",\"name\":\"MICHAEL ORR AND THE BOOK OF LIFE - Love Will Rise - (LP) | Guerssen\",\"isPartOf\":{\"@id\":\"https:\/\/wpguerssen-test.odoo.rgbconsulting.com\/es\/#website\"},\"primaryImageOfPage\":{\"@id\":\"https:\/\/wpguerssen-test.odoo.rgbconsulting.com\/es\/producto\/love-will-rise\/#primaryimage\"},\"image\":{\"@id\":\"https:\/\/wpguerssen-test.odoo.rgbconsulting.com\/es\/producto\/love-will-rise\/#primaryimage\"},\"thumbnailUrl\":\"https:\/\/wpguerssen-test.odoo.rgbconsulting.com\/wp-content\/uploads\/2023\/06\/43838-scaled.jpg\",\"datePublished\":\"2023-08-20T22:00:00+00:00\",\"dateModified\":\"2024-02-22T08:42:05+00:00\",\"description\":\"Forget the magician! Featuring Michael Orr front and center in all of his 70s slickness : Love Will Rise!Best known for his work with soul diva FAY, as well as his iconic, and incredibly rare 1976 album Spread Love, Michael Orr's talents seem immeasurable. Backed by his hometown band, Book of Life, the two combine in a funky explosion the likes of which hasn't been seen since! Crate diggers will recognize the name of album closer \\\"Spread Love\\\" from Orr's 1976 album of the same name, yet this is a somehow even funkier recording of the same tune, with a leaner groove and harder beat. Danceable funk has always been Orr's speciality, but he seems to turn the dial up to 11 with this interpretation.The other side of the Michael Orr coin is title track \\\"Love Will Rise\\\". With smooth grooves, gentle drumming, and the ever present baritone of Michael Orr himself, the song is a relaxed affair, calling to mind the preacher-esque photo of Orr on the cover. As slick and soulful as it is, the grooves remain unparalleled, unifying the album in a strangely poetic way. Don't miss Michael Orr and The Book of Life's Love Will Rise, available on limited edition vinyl with a Japanese obi-strip attached!\",\"breadcrumb\":{\"@id\":\"https:\/\/wpguerssen-test.odoo.rgbconsulting.com\/es\/producto\/love-will-rise\/#breadcrumb\"},\"inLanguage\":\"es\",\"potentialAction\":[{\"@type\":\"ReadAction\",\"target\":[\"https:\/\/wpguerssen-test.odoo.rgbconsulting.com\/es\/producto\/love-will-rise\/\"]}]},{\"@type\":\"ImageObject\",\"inLanguage\":\"es\",\"@id\":\"https:\/\/wpguerssen-test.odoo.rgbconsulting.com\/es\/producto\/love-will-rise\/#primaryimage\",\"url\":\"https:\/\/wpguerssen-test.odoo.rgbconsulting.com\/wp-content\/uploads\/2023\/06\/43838-scaled.jpg\",\"contentUrl\":\"https:\/\/wpguerssen-test.odoo.rgbconsulting.com\/wp-content\/uploads\/2023\/06\/43838-scaled.jpg\",\"width\":2560,\"height\":2535},{\"@type\":\"BreadcrumbList\",\"@id\":\"https:\/\/wpguerssen-test.odoo.rgbconsulting.com\/es\/producto\/love-will-rise\/#breadcrumb\",\"itemListElement\":[{\"@type\":\"ListItem\",\"position\":1,\"name\":\"Inicio\",\"item\":\"https:\/\/wpguerssen-test.odoo.rgbconsulting.com\/es\/\"},{\"@type\":\"ListItem\",\"position\":2,\"name\":\"Shop\",\"item\":\"https:\/\/wpguerssen-test.odoo.rgbconsulting.com\/shop\/\"},{\"@type\":\"ListItem\",\"position\":3,\"name\":\"Love Will Rise\"}]},{\"@type\":\"WebSite\",\"@id\":\"https:\/\/wpguerssen-test.odoo.rgbconsulting.com\/es\/#website\",\"url\":\"https:\/\/wpguerssen-test.odoo.rgbconsulting.com\/es\/\",\"name\":\"Guerssen records\",\"description\":\"psychedelia - progressive - folk - garage \",\"publisher\":{\"@id\":\"https:\/\/wpguerssen-test.odoo.rgbconsulting.com\/es\/#organization\"},\"potentialAction\":[{\"@type\":\"SearchAction\",\"target\":{\"@type\":\"EntryPoint\",\"urlTemplate\":\"https:\/\/wpguerssen-test.odoo.rgbconsulting.com\/es\/?s={search_term_string}\"},\"query-input\":{\"@type\":\"PropertyValueSpecification\",\"valueRequired\":true,\"valueName\":\"search_term_string\"}}],\"inLanguage\":\"es\"},{\"@type\":\"Organization\",\"@id\":\"https:\/\/wpguerssen-test.odoo.rgbconsulting.com\/es\/#organization\",\"name\":\"Guerssen records\",\"url\":\"https:\/\/wpguerssen-test.odoo.rgbconsulting.com\/es\/\",\"logo\":{\"@type\":\"ImageObject\",\"inLanguage\":\"es\",\"@id\":\"https:\/\/wpguerssen-test.odoo.rgbconsulting.com\/es\/#\/schema\/logo\/image\/\",\"url\":\"https:\/\/wpguerssen-test.odoo.rgbconsulting.com\/wp-content\/uploads\/2022\/04\/Logo_Guerssen_trans_100.png\",\"contentUrl\":\"https:\/\/wpguerssen-test.odoo.rgbconsulting.com\/wp-content\/uploads\/2022\/04\/Logo_Guerssen_trans_100.png\",\"width\":122,\"height\":100,\"caption\":\"Guerssen records\"},\"image\":{\"@id\":\"https:\/\/wpguerssen-test.odoo.rgbconsulting.com\/es\/#\/schema\/logo\/image\/\"}}]}<\/script>\n<!-- \/ Yoast SEO plugin. -->","yoast_head_json":{"title":"MICHAEL ORR AND THE BOOK OF LIFE - Love Will Rise -  (LP) | Guerssen","description":"Forget the magician! Featuring Michael Orr front and center in all of his 70s slickness : Love Will Rise!Best known for his work with soul diva FAY, as well as his iconic, and incredibly rare 1976 album Spread Love, Michael Orr's talents seem immeasurable. Backed by his hometown band, Book of Life, the two combine in a funky explosion the likes of which hasn't been seen since! Crate diggers will recognize the name of album closer \"Spread Love\" from Orr's 1976 album of the same name, yet this is a somehow even funkier recording of the same tune, with a leaner groove and harder beat. Danceable funk has always been Orr's speciality, but he seems to turn the dial up to 11 with this interpretation.The other side of the Michael Orr coin is title track \"Love Will Rise\". With smooth grooves, gentle drumming, and the ever present baritone of Michael Orr himself, the song is a relaxed affair, calling to mind the preacher-esque photo of Orr on the cover. As slick and soulful as it is, the grooves remain unparalleled, unifying the album in a strangely poetic way. Don't miss Michael Orr and The Book of Life's Love Will Rise, available on limited edition vinyl with a Japanese obi-strip attached!","robots":{"index":"index","follow":"follow","max-snippet":"max-snippet:-1","max-image-preview":"max-image-preview:large","max-video-preview":"max-video-preview:-1"},"canonical":"https:\/\/wpguerssen-test.odoo.rgbconsulting.com\/es\/producto\/love-will-rise\/","og_locale":"es_ES","og_type":"article","og_title":"MICHAEL ORR AND THE BOOK OF LIFE - Love Will Rise -  (LP) | Guerssen","og_description":"Forget the magician! Featuring Michael Orr front and center in all of his 70s slickness : Love Will Rise!Best known for his work with soul diva FAY, as well as his iconic, and incredibly rare 1976 album Spread Love, Michael Orr's talents seem immeasurable. Backed by his hometown band, Book of Life, the two combine in a funky explosion the likes of which hasn't been seen since! Crate diggers will recognize the name of album closer \"Spread Love\" from Orr's 1976 album of the same name, yet this is a somehow even funkier recording of the same tune, with a leaner groove and harder beat. Danceable funk has always been Orr's speciality, but he seems to turn the dial up to 11 with this interpretation.The other side of the Michael Orr coin is title track \"Love Will Rise\". With smooth grooves, gentle drumming, and the ever present baritone of Michael Orr himself, the song is a relaxed affair, calling to mind the preacher-esque photo of Orr on the cover. As slick and soulful as it is, the grooves remain unparalleled, unifying the album in a strangely poetic way. Don't miss Michael Orr and The Book of Life's Love Will Rise, available on limited edition vinyl with a Japanese obi-strip attached!","og_url":"https:\/\/wpguerssen-test.odoo.rgbconsulting.com\/es\/producto\/love-will-rise\/","og_site_name":"Guerssen records","article_modified_time":"2024-02-22T08:42:05+00:00","og_image":[{"width":2560,"height":2535,"url":"https:\/\/wpguerssen-test.odoo.rgbconsulting.com\/wp-content\/uploads\/2023\/06\/43838-scaled.jpg","type":"image\/jpeg"}],"twitter_card":"summary_large_image","twitter_title":"MICHAEL ORR AND THE BOOK OF LIFE - Love Will Rise -  (LP) | Guerssen","twitter_misc":{"Tiempo de lectura":"1 minuto"},"schema":{"@context":"https:\/\/schema.org","@graph":[{"@type":"WebPage","@id":"https:\/\/wpguerssen-test.odoo.rgbconsulting.com\/es\/producto\/love-will-rise\/","url":"https:\/\/wpguerssen-test.odoo.rgbconsulting.com\/es\/producto\/love-will-rise\/","name":"MICHAEL ORR AND THE BOOK OF LIFE - Love Will Rise - (LP) | Guerssen","isPartOf":{"@id":"https:\/\/wpguerssen-test.odoo.rgbconsulting.com\/es\/#website"},"primaryImageOfPage":{"@id":"https:\/\/wpguerssen-test.odoo.rgbconsulting.com\/es\/producto\/love-will-rise\/#primaryimage"},"image":{"@id":"https:\/\/wpguerssen-test.odoo.rgbconsulting.com\/es\/producto\/love-will-rise\/#primaryimage"},"thumbnailUrl":"https:\/\/wpguerssen-test.odoo.rgbconsulting.com\/wp-content\/uploads\/2023\/06\/43838-scaled.jpg","datePublished":"2023-08-20T22:00:00+00:00","dateModified":"2024-02-22T08:42:05+00:00","description":"Forget the magician! Featuring Michael Orr front and center in all of his 70s slickness : Love Will Rise!Best known for his work with soul diva FAY, as well as his iconic, and incredibly rare 1976 album Spread Love, Michael Orr's talents seem immeasurable. Backed by his hometown band, Book of Life, the two combine in a funky explosion the likes of which hasn't been seen since! Crate diggers will recognize the name of album closer \"Spread Love\" from Orr's 1976 album of the same name, yet this is a somehow even funkier recording of the same tune, with a leaner groove and harder beat. Danceable funk has always been Orr's speciality, but he seems to turn the dial up to 11 with this interpretation.The other side of the Michael Orr coin is title track \"Love Will Rise\". With smooth grooves, gentle drumming, and the ever present baritone of Michael Orr himself, the song is a relaxed affair, calling to mind the preacher-esque photo of Orr on the cover. As slick and soulful as it is, the grooves remain unparalleled, unifying the album in a strangely poetic way. Don't miss Michael Orr and The Book of Life's Love Will Rise, available on limited edition vinyl with a Japanese obi-strip attached!","breadcrumb":{"@id":"https:\/\/wpguerssen-test.odoo.rgbconsulting.com\/es\/producto\/love-will-rise\/#breadcrumb"},"inLanguage":"es","potentialAction":[{"@type":"ReadAction","target":["https:\/\/wpguerssen-test.odoo.rgbconsulting.com\/es\/producto\/love-will-rise\/"]}]},{"@type":"ImageObject","inLanguage":"es","@id":"https:\/\/wpguerssen-test.odoo.rgbconsulting.com\/es\/producto\/love-will-rise\/#primaryimage","url":"https:\/\/wpguerssen-test.odoo.rgbconsulting.com\/wp-content\/uploads\/2023\/06\/43838-scaled.jpg","contentUrl":"https:\/\/wpguerssen-test.odoo.rgbconsulting.com\/wp-content\/uploads\/2023\/06\/43838-scaled.jpg","width":2560,"height":2535},{"@type":"BreadcrumbList","@id":"https:\/\/wpguerssen-test.odoo.rgbconsulting.com\/es\/producto\/love-will-rise\/#breadcrumb","itemListElement":[{"@type":"ListItem","position":1,"name":"Inicio","item":"https:\/\/wpguerssen-test.odoo.rgbconsulting.com\/es\/"},{"@type":"ListItem","position":2,"name":"Shop","item":"https:\/\/wpguerssen-test.odoo.rgbconsulting.com\/shop\/"},{"@type":"ListItem","position":3,"name":"Love Will Rise"}]},{"@type":"WebSite","@id":"https:\/\/wpguerssen-test.odoo.rgbconsulting.com\/es\/#website","url":"https:\/\/wpguerssen-test.odoo.rgbconsulting.com\/es\/","name":"Guerssen records","description":"psychedelia - progressive - folk - garage ","publisher":{"@id":"https:\/\/wpguerssen-test.odoo.rgbconsulting.com\/es\/#organization"},"potentialAction":[{"@type":"SearchAction","target":{"@type":"EntryPoint","urlTemplate":"https:\/\/wpguerssen-test.odoo.rgbconsulting.com\/es\/?s={search_term_string}"},"query-input":{"@type":"PropertyValueSpecification","valueRequired":true,"valueName":"search_term_string"}}],"inLanguage":"es"},{"@type":"Organization","@id":"https:\/\/wpguerssen-test.odoo.rgbconsulting.com\/es\/#organization","name":"Guerssen records","url":"https:\/\/wpguerssen-test.odoo.rgbconsulting.com\/es\/","logo":{"@type":"ImageObject","inLanguage":"es","@id":"https:\/\/wpguerssen-test.odoo.rgbconsulting.com\/es\/#\/schema\/logo\/image\/","url":"https:\/\/wpguerssen-test.odoo.rgbconsulting.com\/wp-content\/uploads\/2022\/04\/Logo_Guerssen_trans_100.png","contentUrl":"https:\/\/wpguerssen-test.odoo.rgbconsulting.com\/wp-content\/uploads\/2022\/04\/Logo_Guerssen_trans_100.png","width":122,"height":100,"caption":"Guerssen records"},"image":{"@id":"https:\/\/wpguerssen-test.odoo.rgbconsulting.com\/es\/#\/schema\/logo\/image\/"}}]}},"_links":{"self":[{"href":"https:\/\/wpguerssen-test.odoo.rgbconsulting.com\/es\/wp-json\/wp\/v2\/product\/233820","targetHints":{"allow":["GET"]}}],"collection":[{"href":"https:\/\/wpguerssen-test.odoo.rgbconsulting.com\/es\/wp-json\/wp\/v2\/product"}],"about":[{"href":"https:\/\/wpguerssen-test.odoo.rgbconsulting.com\/es\/wp-json\/wp\/v2\/types\/product"}],"wp:featuredmedia":[{"embeddable":true,"href":"https:\/\/wpguerssen-test.odoo.rgbconsulting.com\/es\/wp-json\/wp\/v2\/media\/233743"}],"wp:attachment":[{"href":"https:\/\/wpguerssen-test.odoo.rgbconsulting.com\/es\/wp-json\/wp\/v2\/media?parent=233820"}],"wp:term":[{"taxonomy":"product_brand","embeddable":true,"href":"https:\/\/wpguerssen-test.odoo.rgbconsulting.com\/es\/wp-json\/wp\/v2\/product_brand?post=233820"},{"taxonomy":"product_cat","embeddable":true,"href":"https:\/\/wpguerssen-test.odoo.rgbconsulting.com\/es\/wp-json\/wp\/v2\/product_cat?post=233820"},{"taxonomy":"product_tag","embeddable":true,"href":"https:\/\/wpguerssen-test.odoo.rgbconsulting.com\/es\/wp-json\/wp\/v2\/product_tag?post=233820"}],"curies":[{"name":"wp","href":"https:\/\/api.w.org\/{rel}","templated":true}]}}