{"id":233821,"date":"2023-08-21T00:00:00","date_gmt":"2023-08-20T22:00:00","guid":{"rendered":"https:\/\/wpguerssen-test.odoo.rgbconsulting.com\/product\/the-next-movement\/"},"modified":"2024-02-22T09:42:10","modified_gmt":"2024-02-22T08:42:10","slug":"the-next-movement","status":"publish","type":"product","link":"https:\/\/wpguerssen-test.odoo.rgbconsulting.com\/es\/producto\/the-next-movement\/","title":{"rendered":"The Next Movement"},"content":{"rendered":"<p>\u00ab\u00bfCu\u00e1l es el pr\u00f3ximo movimiento?\u00bb supuestamente era algo que se le preguntaba con tanta frecuencia al incipiente Next Movement (debido a sus movimientos de baile incre\u00edbles), que decidieron tomar su nombre de \u00e9l. Aunque se hicieron un nombre actuando para Oprah Winfrey y las ruidosas multitudes de Las Vegas, su \u00e1lbum debut hom\u00f3nimo, el \u00fanico larga duraci\u00f3n del grupo, es anterior a esa fama, y \u00bf\u00bffue lanzado inicialmente a trav\u00e9s de GEC en 1980. La canci\u00f3n que abre el \u00e1lbum \u00abYou&#8217;re The One\u00bb es una melod\u00eda de baile funky, completa con bajos slap, guitarras con wah wah y sonidos de sintetizador ic\u00f3nicos de los 80. En comparaci\u00f3n, el cierre del lado A, \u00abKid Stuff\u00bb, es una balada de soul, profundamente groovy, pero te\u00f1ida con un toque de melancol\u00eda. \u00a1Todo esto est\u00e1 unido por las impecables armon\u00edas vocales del grupo, que reflejan verdaderamente el inmenso talento que se encuentra en estos cantantes de Chicago! \u00a1P-VINE est\u00e1 encantado de reeditar el debut hom\u00f3nimo de Next Movement en vinilo de edici\u00f3n limitada con una tira obi por primera vez!<\/p>\n","protected":false},"excerpt":{"rendered":"<p>\u00ab\u00bfCu\u00e1l es el pr\u00f3ximo movimiento?\u00bb supuestamente era algo que se le preguntaba con tanta frecuencia al incipiente Next Movement (debido a sus movimientos de baile<a class=\"read\" href=\"https:\/\/wpguerssen-test.odoo.rgbconsulting.com\/es\/producto\/the-next-movement\/\"> (...)<\/a>","protected":false},"featured_media":233746,"template":"","meta":{"_acf_changed":false},"product_brand":[],"product_cat":[21649],"product_tag":[],"class_list":{"0":"post-233821","1":"product","2":"type-product","3":"status-publish","4":"has-post-thumbnail","6":"product_cat-soul-rnb-es","7":"pa_artist-next-movement","8":"pa_format-lp-es","9":"pa_gender-soul-rnb","10":"pa_label-p-vine","11":"pa_location-north-america-es","12":"pa_other-filters-vinyl-only-es","14":"first","15":"instock","16":"taxable","17":"shipping-taxable","18":"purchasable","19":"product-type-simple"},"acf":[],"yoast_head":"<!-- This site is optimized with the Yoast SEO plugin v24.9 - https:\/\/yoast.com\/wordpress\/plugins\/seo\/ -->\n<title>NEXT MOVEMENT - The Next Movement -  (LP) | Guerssen<\/title>\n<meta name=\"description\" content=\"The first ever vinyl reissue of Chicago&#039;s very own chorus group The Next Movement&#039;s self-titled debut, is getting its long-awaited release!&quot;What&#039;s the next move?&quot; was supposedly something that the fledgling Next Movement was asked so frequently (due to their incredibly smooth dance moves), they decided to take their name from it. Although they made a name for themselves performing for Oprah Winfrey and rowdy Las Vegas crowds, their self-titled debut album - the sole full length effort from the group - predates that fame, initially being released through GEC in 1980. Album opener &quot;You&#039;re The One&quot; is a funky dance tune, complete with slap bass, wah&#039;d out guitars, and iconic 80s synth sounds. In comparison, A-side closer &quot;Kid Stuff&quot; is a soul ballad, deeply groovy, but tinged with a hint of melancholy. All of this is tied together by the group&#039;s impeccable vocal harmonies, truly reflecting the immense talent found in these Chicago crooners! P-VINE is thrilled to be reissuing the Next Movement&#039;s self-titled debut on limited edition vinyl with an obi-strip for the first time ever!\" \/>\n<meta name=\"robots\" content=\"index, follow, max-snippet:-1, max-image-preview:large, max-video-preview:-1\" \/>\n<link rel=\"canonical\" href=\"https:\/\/wpguerssen-test.odoo.rgbconsulting.com\/es\/producto\/the-next-movement\/\" \/>\n<meta property=\"og:locale\" content=\"es_ES\" \/>\n<meta property=\"og:type\" content=\"article\" \/>\n<meta property=\"og:title\" content=\"NEXT MOVEMENT - The Next Movement -  (LP) | Guerssen\" \/>\n<meta property=\"og:description\" content=\"The first ever vinyl reissue of Chicago&#039;s very own chorus group The Next Movement&#039;s self-titled debut, is getting its long-awaited release!&quot;What&#039;s the next move?&quot; was supposedly something that the fledgling Next Movement was asked so frequently (due to their incredibly smooth dance moves), they decided to take their name from it. Although they made a name for themselves performing for Oprah Winfrey and rowdy Las Vegas crowds, their self-titled debut album - the sole full length effort from the group - predates that fame, initially being released through GEC in 1980. Album opener &quot;You&#039;re The One&quot; is a funky dance tune, complete with slap bass, wah&#039;d out guitars, and iconic 80s synth sounds. In comparison, A-side closer &quot;Kid Stuff&quot; is a soul ballad, deeply groovy, but tinged with a hint of melancholy. All of this is tied together by the group&#039;s impeccable vocal harmonies, truly reflecting the immense talent found in these Chicago crooners! P-VINE is thrilled to be reissuing the Next Movement&#039;s self-titled debut on limited edition vinyl with an obi-strip for the first time ever!\" \/>\n<meta property=\"og:url\" content=\"https:\/\/wpguerssen-test.odoo.rgbconsulting.com\/es\/producto\/the-next-movement\/\" \/>\n<meta property=\"og:site_name\" content=\"Guerssen records\" \/>\n<meta property=\"article:modified_time\" content=\"2024-02-22T08:42:10+00:00\" \/>\n<meta property=\"og:image\" content=\"https:\/\/wpguerssen-test.odoo.rgbconsulting.com\/wp-content\/uploads\/2023\/06\/43839-scaled.jpg\" \/>\n\t<meta property=\"og:image:width\" content=\"2560\" \/>\n\t<meta property=\"og:image:height\" content=\"2535\" \/>\n\t<meta property=\"og:image:type\" content=\"image\/jpeg\" \/>\n<meta name=\"twitter:card\" content=\"summary_large_image\" \/>\n<meta name=\"twitter:title\" content=\"NEXT MOVEMENT - The Next Movement -  (LP) | Guerssen\" \/>\n<meta name=\"twitter:label1\" content=\"Tiempo de lectura\" \/>\n\t<meta name=\"twitter:data1\" content=\"1 minuto\" \/>\n<script type=\"application\/ld+json\" class=\"yoast-schema-graph\">{\"@context\":\"https:\/\/schema.org\",\"@graph\":[{\"@type\":\"WebPage\",\"@id\":\"https:\/\/wpguerssen-test.odoo.rgbconsulting.com\/es\/producto\/the-next-movement\/\",\"url\":\"https:\/\/wpguerssen-test.odoo.rgbconsulting.com\/es\/producto\/the-next-movement\/\",\"name\":\"NEXT MOVEMENT - The Next Movement - (LP) | Guerssen\",\"isPartOf\":{\"@id\":\"https:\/\/wpguerssen-test.odoo.rgbconsulting.com\/es\/#website\"},\"primaryImageOfPage\":{\"@id\":\"https:\/\/wpguerssen-test.odoo.rgbconsulting.com\/es\/producto\/the-next-movement\/#primaryimage\"},\"image\":{\"@id\":\"https:\/\/wpguerssen-test.odoo.rgbconsulting.com\/es\/producto\/the-next-movement\/#primaryimage\"},\"thumbnailUrl\":\"https:\/\/wpguerssen-test.odoo.rgbconsulting.com\/wp-content\/uploads\/2023\/06\/43839-scaled.jpg\",\"datePublished\":\"2023-08-20T22:00:00+00:00\",\"dateModified\":\"2024-02-22T08:42:10+00:00\",\"description\":\"The first ever vinyl reissue of Chicago's very own chorus group The Next Movement's self-titled debut, is getting its long-awaited release!\\\"What's the next move?\\\" was supposedly something that the fledgling Next Movement was asked so frequently (due to their incredibly smooth dance moves), they decided to take their name from it. Although they made a name for themselves performing for Oprah Winfrey and rowdy Las Vegas crowds, their self-titled debut album - the sole full length effort from the group - predates that fame, initially being released through GEC in 1980. Album opener \\\"You're The One\\\" is a funky dance tune, complete with slap bass, wah'd out guitars, and iconic 80s synth sounds. In comparison, A-side closer \\\"Kid Stuff\\\" is a soul ballad, deeply groovy, but tinged with a hint of melancholy. All of this is tied together by the group's impeccable vocal harmonies, truly reflecting the immense talent found in these Chicago crooners! P-VINE is thrilled to be reissuing the Next Movement's self-titled debut on limited edition vinyl with an obi-strip for the first time ever!\",\"breadcrumb\":{\"@id\":\"https:\/\/wpguerssen-test.odoo.rgbconsulting.com\/es\/producto\/the-next-movement\/#breadcrumb\"},\"inLanguage\":\"es\",\"potentialAction\":[{\"@type\":\"ReadAction\",\"target\":[\"https:\/\/wpguerssen-test.odoo.rgbconsulting.com\/es\/producto\/the-next-movement\/\"]}]},{\"@type\":\"ImageObject\",\"inLanguage\":\"es\",\"@id\":\"https:\/\/wpguerssen-test.odoo.rgbconsulting.com\/es\/producto\/the-next-movement\/#primaryimage\",\"url\":\"https:\/\/wpguerssen-test.odoo.rgbconsulting.com\/wp-content\/uploads\/2023\/06\/43839-scaled.jpg\",\"contentUrl\":\"https:\/\/wpguerssen-test.odoo.rgbconsulting.com\/wp-content\/uploads\/2023\/06\/43839-scaled.jpg\",\"width\":2560,\"height\":2535},{\"@type\":\"BreadcrumbList\",\"@id\":\"https:\/\/wpguerssen-test.odoo.rgbconsulting.com\/es\/producto\/the-next-movement\/#breadcrumb\",\"itemListElement\":[{\"@type\":\"ListItem\",\"position\":1,\"name\":\"Inicio\",\"item\":\"https:\/\/wpguerssen-test.odoo.rgbconsulting.com\/es\/\"},{\"@type\":\"ListItem\",\"position\":2,\"name\":\"Shop\",\"item\":\"https:\/\/wpguerssen-test.odoo.rgbconsulting.com\/shop\/\"},{\"@type\":\"ListItem\",\"position\":3,\"name\":\"The Next Movement\"}]},{\"@type\":\"WebSite\",\"@id\":\"https:\/\/wpguerssen-test.odoo.rgbconsulting.com\/es\/#website\",\"url\":\"https:\/\/wpguerssen-test.odoo.rgbconsulting.com\/es\/\",\"name\":\"Guerssen records\",\"description\":\"psychedelia - progressive - folk - garage \",\"publisher\":{\"@id\":\"https:\/\/wpguerssen-test.odoo.rgbconsulting.com\/es\/#organization\"},\"potentialAction\":[{\"@type\":\"SearchAction\",\"target\":{\"@type\":\"EntryPoint\",\"urlTemplate\":\"https:\/\/wpguerssen-test.odoo.rgbconsulting.com\/es\/?s={search_term_string}\"},\"query-input\":{\"@type\":\"PropertyValueSpecification\",\"valueRequired\":true,\"valueName\":\"search_term_string\"}}],\"inLanguage\":\"es\"},{\"@type\":\"Organization\",\"@id\":\"https:\/\/wpguerssen-test.odoo.rgbconsulting.com\/es\/#organization\",\"name\":\"Guerssen records\",\"url\":\"https:\/\/wpguerssen-test.odoo.rgbconsulting.com\/es\/\",\"logo\":{\"@type\":\"ImageObject\",\"inLanguage\":\"es\",\"@id\":\"https:\/\/wpguerssen-test.odoo.rgbconsulting.com\/es\/#\/schema\/logo\/image\/\",\"url\":\"https:\/\/wpguerssen-test.odoo.rgbconsulting.com\/wp-content\/uploads\/2022\/04\/Logo_Guerssen_trans_100.png\",\"contentUrl\":\"https:\/\/wpguerssen-test.odoo.rgbconsulting.com\/wp-content\/uploads\/2022\/04\/Logo_Guerssen_trans_100.png\",\"width\":122,\"height\":100,\"caption\":\"Guerssen records\"},\"image\":{\"@id\":\"https:\/\/wpguerssen-test.odoo.rgbconsulting.com\/es\/#\/schema\/logo\/image\/\"}}]}<\/script>\n<!-- \/ Yoast SEO plugin. -->","yoast_head_json":{"title":"NEXT MOVEMENT - The Next Movement -  (LP) | Guerssen","description":"The first ever vinyl reissue of Chicago's very own chorus group The Next Movement's self-titled debut, is getting its long-awaited release!\"What's the next move?\" was supposedly something that the fledgling Next Movement was asked so frequently (due to their incredibly smooth dance moves), they decided to take their name from it. Although they made a name for themselves performing for Oprah Winfrey and rowdy Las Vegas crowds, their self-titled debut album - the sole full length effort from the group - predates that fame, initially being released through GEC in 1980. Album opener \"You're The One\" is a funky dance tune, complete with slap bass, wah'd out guitars, and iconic 80s synth sounds. In comparison, A-side closer \"Kid Stuff\" is a soul ballad, deeply groovy, but tinged with a hint of melancholy. All of this is tied together by the group's impeccable vocal harmonies, truly reflecting the immense talent found in these Chicago crooners! P-VINE is thrilled to be reissuing the Next Movement's self-titled debut on limited edition vinyl with an obi-strip for the first time ever!","robots":{"index":"index","follow":"follow","max-snippet":"max-snippet:-1","max-image-preview":"max-image-preview:large","max-video-preview":"max-video-preview:-1"},"canonical":"https:\/\/wpguerssen-test.odoo.rgbconsulting.com\/es\/producto\/the-next-movement\/","og_locale":"es_ES","og_type":"article","og_title":"NEXT MOVEMENT - The Next Movement -  (LP) | Guerssen","og_description":"The first ever vinyl reissue of Chicago's very own chorus group The Next Movement's self-titled debut, is getting its long-awaited release!\"What's the next move?\" was supposedly something that the fledgling Next Movement was asked so frequently (due to their incredibly smooth dance moves), they decided to take their name from it. Although they made a name for themselves performing for Oprah Winfrey and rowdy Las Vegas crowds, their self-titled debut album - the sole full length effort from the group - predates that fame, initially being released through GEC in 1980. Album opener \"You're The One\" is a funky dance tune, complete with slap bass, wah'd out guitars, and iconic 80s synth sounds. In comparison, A-side closer \"Kid Stuff\" is a soul ballad, deeply groovy, but tinged with a hint of melancholy. All of this is tied together by the group's impeccable vocal harmonies, truly reflecting the immense talent found in these Chicago crooners! P-VINE is thrilled to be reissuing the Next Movement's self-titled debut on limited edition vinyl with an obi-strip for the first time ever!","og_url":"https:\/\/wpguerssen-test.odoo.rgbconsulting.com\/es\/producto\/the-next-movement\/","og_site_name":"Guerssen records","article_modified_time":"2024-02-22T08:42:10+00:00","og_image":[{"width":2560,"height":2535,"url":"https:\/\/wpguerssen-test.odoo.rgbconsulting.com\/wp-content\/uploads\/2023\/06\/43839-scaled.jpg","type":"image\/jpeg"}],"twitter_card":"summary_large_image","twitter_title":"NEXT MOVEMENT - The Next Movement -  (LP) | Guerssen","twitter_misc":{"Tiempo de lectura":"1 minuto"},"schema":{"@context":"https:\/\/schema.org","@graph":[{"@type":"WebPage","@id":"https:\/\/wpguerssen-test.odoo.rgbconsulting.com\/es\/producto\/the-next-movement\/","url":"https:\/\/wpguerssen-test.odoo.rgbconsulting.com\/es\/producto\/the-next-movement\/","name":"NEXT MOVEMENT - The Next Movement - (LP) | Guerssen","isPartOf":{"@id":"https:\/\/wpguerssen-test.odoo.rgbconsulting.com\/es\/#website"},"primaryImageOfPage":{"@id":"https:\/\/wpguerssen-test.odoo.rgbconsulting.com\/es\/producto\/the-next-movement\/#primaryimage"},"image":{"@id":"https:\/\/wpguerssen-test.odoo.rgbconsulting.com\/es\/producto\/the-next-movement\/#primaryimage"},"thumbnailUrl":"https:\/\/wpguerssen-test.odoo.rgbconsulting.com\/wp-content\/uploads\/2023\/06\/43839-scaled.jpg","datePublished":"2023-08-20T22:00:00+00:00","dateModified":"2024-02-22T08:42:10+00:00","description":"The first ever vinyl reissue of Chicago's very own chorus group The Next Movement's self-titled debut, is getting its long-awaited release!\"What's the next move?\" was supposedly something that the fledgling Next Movement was asked so frequently (due to their incredibly smooth dance moves), they decided to take their name from it. Although they made a name for themselves performing for Oprah Winfrey and rowdy Las Vegas crowds, their self-titled debut album - the sole full length effort from the group - predates that fame, initially being released through GEC in 1980. Album opener \"You're The One\" is a funky dance tune, complete with slap bass, wah'd out guitars, and iconic 80s synth sounds. In comparison, A-side closer \"Kid Stuff\" is a soul ballad, deeply groovy, but tinged with a hint of melancholy. All of this is tied together by the group's impeccable vocal harmonies, truly reflecting the immense talent found in these Chicago crooners! P-VINE is thrilled to be reissuing the Next Movement's self-titled debut on limited edition vinyl with an obi-strip for the first time ever!","breadcrumb":{"@id":"https:\/\/wpguerssen-test.odoo.rgbconsulting.com\/es\/producto\/the-next-movement\/#breadcrumb"},"inLanguage":"es","potentialAction":[{"@type":"ReadAction","target":["https:\/\/wpguerssen-test.odoo.rgbconsulting.com\/es\/producto\/the-next-movement\/"]}]},{"@type":"ImageObject","inLanguage":"es","@id":"https:\/\/wpguerssen-test.odoo.rgbconsulting.com\/es\/producto\/the-next-movement\/#primaryimage","url":"https:\/\/wpguerssen-test.odoo.rgbconsulting.com\/wp-content\/uploads\/2023\/06\/43839-scaled.jpg","contentUrl":"https:\/\/wpguerssen-test.odoo.rgbconsulting.com\/wp-content\/uploads\/2023\/06\/43839-scaled.jpg","width":2560,"height":2535},{"@type":"BreadcrumbList","@id":"https:\/\/wpguerssen-test.odoo.rgbconsulting.com\/es\/producto\/the-next-movement\/#breadcrumb","itemListElement":[{"@type":"ListItem","position":1,"name":"Inicio","item":"https:\/\/wpguerssen-test.odoo.rgbconsulting.com\/es\/"},{"@type":"ListItem","position":2,"name":"Shop","item":"https:\/\/wpguerssen-test.odoo.rgbconsulting.com\/shop\/"},{"@type":"ListItem","position":3,"name":"The Next Movement"}]},{"@type":"WebSite","@id":"https:\/\/wpguerssen-test.odoo.rgbconsulting.com\/es\/#website","url":"https:\/\/wpguerssen-test.odoo.rgbconsulting.com\/es\/","name":"Guerssen records","description":"psychedelia - progressive - folk - garage ","publisher":{"@id":"https:\/\/wpguerssen-test.odoo.rgbconsulting.com\/es\/#organization"},"potentialAction":[{"@type":"SearchAction","target":{"@type":"EntryPoint","urlTemplate":"https:\/\/wpguerssen-test.odoo.rgbconsulting.com\/es\/?s={search_term_string}"},"query-input":{"@type":"PropertyValueSpecification","valueRequired":true,"valueName":"search_term_string"}}],"inLanguage":"es"},{"@type":"Organization","@id":"https:\/\/wpguerssen-test.odoo.rgbconsulting.com\/es\/#organization","name":"Guerssen records","url":"https:\/\/wpguerssen-test.odoo.rgbconsulting.com\/es\/","logo":{"@type":"ImageObject","inLanguage":"es","@id":"https:\/\/wpguerssen-test.odoo.rgbconsulting.com\/es\/#\/schema\/logo\/image\/","url":"https:\/\/wpguerssen-test.odoo.rgbconsulting.com\/wp-content\/uploads\/2022\/04\/Logo_Guerssen_trans_100.png","contentUrl":"https:\/\/wpguerssen-test.odoo.rgbconsulting.com\/wp-content\/uploads\/2022\/04\/Logo_Guerssen_trans_100.png","width":122,"height":100,"caption":"Guerssen records"},"image":{"@id":"https:\/\/wpguerssen-test.odoo.rgbconsulting.com\/es\/#\/schema\/logo\/image\/"}}]}},"_links":{"self":[{"href":"https:\/\/wpguerssen-test.odoo.rgbconsulting.com\/es\/wp-json\/wp\/v2\/product\/233821","targetHints":{"allow":["GET"]}}],"collection":[{"href":"https:\/\/wpguerssen-test.odoo.rgbconsulting.com\/es\/wp-json\/wp\/v2\/product"}],"about":[{"href":"https:\/\/wpguerssen-test.odoo.rgbconsulting.com\/es\/wp-json\/wp\/v2\/types\/product"}],"wp:featuredmedia":[{"embeddable":true,"href":"https:\/\/wpguerssen-test.odoo.rgbconsulting.com\/es\/wp-json\/wp\/v2\/media\/233746"}],"wp:attachment":[{"href":"https:\/\/wpguerssen-test.odoo.rgbconsulting.com\/es\/wp-json\/wp\/v2\/media?parent=233821"}],"wp:term":[{"taxonomy":"product_brand","embeddable":true,"href":"https:\/\/wpguerssen-test.odoo.rgbconsulting.com\/es\/wp-json\/wp\/v2\/product_brand?post=233821"},{"taxonomy":"product_cat","embeddable":true,"href":"https:\/\/wpguerssen-test.odoo.rgbconsulting.com\/es\/wp-json\/wp\/v2\/product_cat?post=233821"},{"taxonomy":"product_tag","embeddable":true,"href":"https:\/\/wpguerssen-test.odoo.rgbconsulting.com\/es\/wp-json\/wp\/v2\/product_tag?post=233821"}],"curies":[{"name":"wp","href":"https:\/\/api.w.org\/{rel}","templated":true}]}}