{"id":233822,"date":"2023-08-21T00:00:00","date_gmt":"2023-08-20T22:00:00","guid":{"rendered":"https:\/\/wpguerssen-test.odoo.rgbconsulting.com\/product\/sweet-surrender\/"},"modified":"2024-02-22T09:42:16","modified_gmt":"2024-02-22T08:42:16","slug":"sweet-surrender","status":"publish","type":"product","link":"https:\/\/wpguerssen-test.odoo.rgbconsulting.com\/es\/producto\/sweet-surrender\/","title":{"rendered":"Sweet Surrender"},"content":{"rendered":"<p>\u00a1Uno de los mejores discos del soul sure\u00f1o! El debut en solitario de Ollie Nightingale, Sweet Surrender, lanzado originalmente en 1973, \u00a1finalmente tendr\u00e1 una merecida reedici\u00f3n anal\u00f3gica!<br \/>Mejor conocido como el cantante principal de Ollie and The Nightingale, el debut en solitario de Ollie Nightingale, Sweet Surrender (1973) est\u00e1 absolutamente lleno hasta el borde con puro Soul. Con las tareas de producci\u00f3n a cargo del legendario Gene \u00abBowlegs\u00bb Miller (cuyo trabajo con Otis Redding y Etta James lo convirti\u00f3 en uno de los productores de soul m\u00e1s solicitados), y arreglos de cuerdas adicionales del hermano menor de Willie Mitchell, el saxofonista James Mitchell, no hay duda que este \u00e1lbum sonar\u00e1 familiar para cualquier fan\u00e1tico del soul sure\u00f1o. Comparaciones con Wright son frecuentes, pero la voz \u00fanica y aguda de Ollie toca las fibras del coraz\u00f3n, y cualquiera de sus fant\u00e1sticas baladas seguramente te har\u00e1 llorar. Desde baladas de soul de manual como \u00abI&#8217;m In Love\u00bb hasta n\u00fameros de gospel de blues como \u00abStanding On A Promise\u00bb, \u00a1seguro que hay algo para todos en Sweet Surrender! Reeditado en vinilo por primera vez y con una obi-strip, P-VINE se enorgullece de presentar Sweet Surrender de Ollie Nightingale.<\/p>\n","protected":false},"excerpt":{"rendered":"<p>\u00a1Uno de los mejores discos del soul sure\u00f1o! El debut en solitario de Ollie Nightingale, Sweet Surrender, lanzado originalmente en 1973, \u00a1finalmente tendr\u00e1 una<a class=\"read\" href=\"https:\/\/wpguerssen-test.odoo.rgbconsulting.com\/es\/producto\/sweet-surrender\/\"> (...)<\/a>","protected":false},"featured_media":233749,"template":"","meta":{"_acf_changed":false},"product_brand":[],"product_cat":[21649],"product_tag":[],"class_list":{"0":"post-233822","1":"product","2":"type-product","3":"status-publish","4":"has-post-thumbnail","6":"product_cat-soul-rnb-es","7":"pa_artist-nightingale-ollie","8":"pa_format-lp-es","9":"pa_gender-soul-rnb","10":"pa_label-p-vine","11":"pa_location-north-america-es","12":"pa_other-filters-vinyl-only-es","14":"first","15":"instock","16":"taxable","17":"shipping-taxable","18":"purchasable","19":"product-type-simple"},"acf":[],"yoast_head":"<!-- This site is optimized with the Yoast SEO plugin v24.9 - https:\/\/yoast.com\/wordpress\/plugins\/seo\/ -->\n<title>NIGHTINGALE, Ollie - Sweet Surrender -  (LP) | Guerssen<\/title>\n<meta name=\"description\" content=\"One of southern soul&#039;s finest records! The solo debut from Ollie Nightingale, Sweet Surrender, originally released in 1973, is finally getting a long-deserved analog reissue!Best known as the lead singer of Ollie and The Nightingale, Ollie Nightingale&#039;s solo debut, Sweet Surrender (1973) is absolutely filled to the brim with down-home soul. With production duties handled by the legendary Gene &quot;Bowlegs&quot; Miller (whose work with Otis Redding and Etta James made him one of soul&#039;s most in-demand producers), and additional string arrangements by Willie Mitchell&#039;s younger brother, saxophonist James Mitchell, there&#039;s no doubt that this album will sound familiar to any fans of southern soul! Comparisons to O.V. Wright are frequent, but Ollie&#039;s unique, high-pitched voice pulls at the heart strings, and any of his fantastic ballads are sure to bring a tear to your eye. From textbook soul ballads such as &quot;I&#039;m In Love&quot; to bluesy gospel numbers such as &quot;Standing On A Promise&quot;, there&#039;s sure to be something for everyone on Sweet Surrender! Reissued on vinyl for the first time ever, and with an obi-strip, P-VINE is proud to present Ollie Nightingale&#039;s Sweet Surrender.\" \/>\n<meta name=\"robots\" content=\"index, follow, max-snippet:-1, max-image-preview:large, max-video-preview:-1\" \/>\n<link rel=\"canonical\" href=\"https:\/\/wpguerssen-test.odoo.rgbconsulting.com\/es\/producto\/sweet-surrender\/\" \/>\n<meta property=\"og:locale\" content=\"es_ES\" \/>\n<meta property=\"og:type\" content=\"article\" \/>\n<meta property=\"og:title\" content=\"NIGHTINGALE, Ollie - Sweet Surrender -  (LP) | Guerssen\" \/>\n<meta property=\"og:description\" content=\"One of southern soul&#039;s finest records! The solo debut from Ollie Nightingale, Sweet Surrender, originally released in 1973, is finally getting a long-deserved analog reissue!Best known as the lead singer of Ollie and The Nightingale, Ollie Nightingale&#039;s solo debut, Sweet Surrender (1973) is absolutely filled to the brim with down-home soul. With production duties handled by the legendary Gene &quot;Bowlegs&quot; Miller (whose work with Otis Redding and Etta James made him one of soul&#039;s most in-demand producers), and additional string arrangements by Willie Mitchell&#039;s younger brother, saxophonist James Mitchell, there&#039;s no doubt that this album will sound familiar to any fans of southern soul! Comparisons to O.V. Wright are frequent, but Ollie&#039;s unique, high-pitched voice pulls at the heart strings, and any of his fantastic ballads are sure to bring a tear to your eye. From textbook soul ballads such as &quot;I&#039;m In Love&quot; to bluesy gospel numbers such as &quot;Standing On A Promise&quot;, there&#039;s sure to be something for everyone on Sweet Surrender! Reissued on vinyl for the first time ever, and with an obi-strip, P-VINE is proud to present Ollie Nightingale&#039;s Sweet Surrender.\" \/>\n<meta property=\"og:url\" content=\"https:\/\/wpguerssen-test.odoo.rgbconsulting.com\/es\/producto\/sweet-surrender\/\" \/>\n<meta property=\"og:site_name\" content=\"Guerssen records\" \/>\n<meta property=\"article:modified_time\" content=\"2024-02-22T08:42:16+00:00\" \/>\n<meta property=\"og:image\" content=\"https:\/\/wpguerssen-test.odoo.rgbconsulting.com\/wp-content\/uploads\/2023\/06\/43840-scaled.jpg\" \/>\n\t<meta property=\"og:image:width\" content=\"2560\" \/>\n\t<meta property=\"og:image:height\" content=\"2536\" \/>\n\t<meta property=\"og:image:type\" content=\"image\/jpeg\" \/>\n<meta name=\"twitter:card\" content=\"summary_large_image\" \/>\n<meta name=\"twitter:title\" content=\"NIGHTINGALE, Ollie - Sweet Surrender -  (LP) | Guerssen\" \/>\n<meta name=\"twitter:label1\" content=\"Tiempo de lectura\" \/>\n\t<meta name=\"twitter:data1\" content=\"1 minuto\" \/>\n<script type=\"application\/ld+json\" class=\"yoast-schema-graph\">{\"@context\":\"https:\/\/schema.org\",\"@graph\":[{\"@type\":\"WebPage\",\"@id\":\"https:\/\/wpguerssen-test.odoo.rgbconsulting.com\/es\/producto\/sweet-surrender\/\",\"url\":\"https:\/\/wpguerssen-test.odoo.rgbconsulting.com\/es\/producto\/sweet-surrender\/\",\"name\":\"NIGHTINGALE, Ollie - Sweet Surrender - (LP) | Guerssen\",\"isPartOf\":{\"@id\":\"https:\/\/wpguerssen-test.odoo.rgbconsulting.com\/es\/#website\"},\"primaryImageOfPage\":{\"@id\":\"https:\/\/wpguerssen-test.odoo.rgbconsulting.com\/es\/producto\/sweet-surrender\/#primaryimage\"},\"image\":{\"@id\":\"https:\/\/wpguerssen-test.odoo.rgbconsulting.com\/es\/producto\/sweet-surrender\/#primaryimage\"},\"thumbnailUrl\":\"https:\/\/wpguerssen-test.odoo.rgbconsulting.com\/wp-content\/uploads\/2023\/06\/43840-scaled.jpg\",\"datePublished\":\"2023-08-20T22:00:00+00:00\",\"dateModified\":\"2024-02-22T08:42:16+00:00\",\"description\":\"One of southern soul's finest records! The solo debut from Ollie Nightingale, Sweet Surrender, originally released in 1973, is finally getting a long-deserved analog reissue!Best known as the lead singer of Ollie and The Nightingale, Ollie Nightingale's solo debut, Sweet Surrender (1973) is absolutely filled to the brim with down-home soul. With production duties handled by the legendary Gene \\\"Bowlegs\\\" Miller (whose work with Otis Redding and Etta James made him one of soul's most in-demand producers), and additional string arrangements by Willie Mitchell's younger brother, saxophonist James Mitchell, there's no doubt that this album will sound familiar to any fans of southern soul! Comparisons to O.V. Wright are frequent, but Ollie's unique, high-pitched voice pulls at the heart strings, and any of his fantastic ballads are sure to bring a tear to your eye. From textbook soul ballads such as \\\"I'm In Love\\\" to bluesy gospel numbers such as \\\"Standing On A Promise\\\", there's sure to be something for everyone on Sweet Surrender! Reissued on vinyl for the first time ever, and with an obi-strip, P-VINE is proud to present Ollie Nightingale's Sweet Surrender.\",\"breadcrumb\":{\"@id\":\"https:\/\/wpguerssen-test.odoo.rgbconsulting.com\/es\/producto\/sweet-surrender\/#breadcrumb\"},\"inLanguage\":\"es\",\"potentialAction\":[{\"@type\":\"ReadAction\",\"target\":[\"https:\/\/wpguerssen-test.odoo.rgbconsulting.com\/es\/producto\/sweet-surrender\/\"]}]},{\"@type\":\"ImageObject\",\"inLanguage\":\"es\",\"@id\":\"https:\/\/wpguerssen-test.odoo.rgbconsulting.com\/es\/producto\/sweet-surrender\/#primaryimage\",\"url\":\"https:\/\/wpguerssen-test.odoo.rgbconsulting.com\/wp-content\/uploads\/2023\/06\/43840-scaled.jpg\",\"contentUrl\":\"https:\/\/wpguerssen-test.odoo.rgbconsulting.com\/wp-content\/uploads\/2023\/06\/43840-scaled.jpg\",\"width\":2560,\"height\":2536,\"caption\":\"Ollie - Sweet Surrender - P-VINE (LP) | Guerssen\"},{\"@type\":\"BreadcrumbList\",\"@id\":\"https:\/\/wpguerssen-test.odoo.rgbconsulting.com\/es\/producto\/sweet-surrender\/#breadcrumb\",\"itemListElement\":[{\"@type\":\"ListItem\",\"position\":1,\"name\":\"Inicio\",\"item\":\"https:\/\/wpguerssen-test.odoo.rgbconsulting.com\/es\/\"},{\"@type\":\"ListItem\",\"position\":2,\"name\":\"Shop\",\"item\":\"https:\/\/wpguerssen-test.odoo.rgbconsulting.com\/shop\/\"},{\"@type\":\"ListItem\",\"position\":3,\"name\":\"Sweet Surrender\"}]},{\"@type\":\"WebSite\",\"@id\":\"https:\/\/wpguerssen-test.odoo.rgbconsulting.com\/es\/#website\",\"url\":\"https:\/\/wpguerssen-test.odoo.rgbconsulting.com\/es\/\",\"name\":\"Guerssen records\",\"description\":\"psychedelia - progressive - folk - garage \",\"publisher\":{\"@id\":\"https:\/\/wpguerssen-test.odoo.rgbconsulting.com\/es\/#organization\"},\"potentialAction\":[{\"@type\":\"SearchAction\",\"target\":{\"@type\":\"EntryPoint\",\"urlTemplate\":\"https:\/\/wpguerssen-test.odoo.rgbconsulting.com\/es\/?s={search_term_string}\"},\"query-input\":{\"@type\":\"PropertyValueSpecification\",\"valueRequired\":true,\"valueName\":\"search_term_string\"}}],\"inLanguage\":\"es\"},{\"@type\":\"Organization\",\"@id\":\"https:\/\/wpguerssen-test.odoo.rgbconsulting.com\/es\/#organization\",\"name\":\"Guerssen records\",\"url\":\"https:\/\/wpguerssen-test.odoo.rgbconsulting.com\/es\/\",\"logo\":{\"@type\":\"ImageObject\",\"inLanguage\":\"es\",\"@id\":\"https:\/\/wpguerssen-test.odoo.rgbconsulting.com\/es\/#\/schema\/logo\/image\/\",\"url\":\"https:\/\/wpguerssen-test.odoo.rgbconsulting.com\/wp-content\/uploads\/2022\/04\/Logo_Guerssen_trans_100.png\",\"contentUrl\":\"https:\/\/wpguerssen-test.odoo.rgbconsulting.com\/wp-content\/uploads\/2022\/04\/Logo_Guerssen_trans_100.png\",\"width\":122,\"height\":100,\"caption\":\"Guerssen records\"},\"image\":{\"@id\":\"https:\/\/wpguerssen-test.odoo.rgbconsulting.com\/es\/#\/schema\/logo\/image\/\"}}]}<\/script>\n<!-- \/ Yoast SEO plugin. -->","yoast_head_json":{"title":"NIGHTINGALE, Ollie - Sweet Surrender -  (LP) | Guerssen","description":"One of southern soul's finest records! The solo debut from Ollie Nightingale, Sweet Surrender, originally released in 1973, is finally getting a long-deserved analog reissue!Best known as the lead singer of Ollie and The Nightingale, Ollie Nightingale's solo debut, Sweet Surrender (1973) is absolutely filled to the brim with down-home soul. With production duties handled by the legendary Gene \"Bowlegs\" Miller (whose work with Otis Redding and Etta James made him one of soul's most in-demand producers), and additional string arrangements by Willie Mitchell's younger brother, saxophonist James Mitchell, there's no doubt that this album will sound familiar to any fans of southern soul! Comparisons to O.V. Wright are frequent, but Ollie's unique, high-pitched voice pulls at the heart strings, and any of his fantastic ballads are sure to bring a tear to your eye. From textbook soul ballads such as \"I'm In Love\" to bluesy gospel numbers such as \"Standing On A Promise\", there's sure to be something for everyone on Sweet Surrender! Reissued on vinyl for the first time ever, and with an obi-strip, P-VINE is proud to present Ollie Nightingale's Sweet Surrender.","robots":{"index":"index","follow":"follow","max-snippet":"max-snippet:-1","max-image-preview":"max-image-preview:large","max-video-preview":"max-video-preview:-1"},"canonical":"https:\/\/wpguerssen-test.odoo.rgbconsulting.com\/es\/producto\/sweet-surrender\/","og_locale":"es_ES","og_type":"article","og_title":"NIGHTINGALE, Ollie - Sweet Surrender -  (LP) | Guerssen","og_description":"One of southern soul's finest records! The solo debut from Ollie Nightingale, Sweet Surrender, originally released in 1973, is finally getting a long-deserved analog reissue!Best known as the lead singer of Ollie and The Nightingale, Ollie Nightingale's solo debut, Sweet Surrender (1973) is absolutely filled to the brim with down-home soul. With production duties handled by the legendary Gene \"Bowlegs\" Miller (whose work with Otis Redding and Etta James made him one of soul's most in-demand producers), and additional string arrangements by Willie Mitchell's younger brother, saxophonist James Mitchell, there's no doubt that this album will sound familiar to any fans of southern soul! Comparisons to O.V. Wright are frequent, but Ollie's unique, high-pitched voice pulls at the heart strings, and any of his fantastic ballads are sure to bring a tear to your eye. From textbook soul ballads such as \"I'm In Love\" to bluesy gospel numbers such as \"Standing On A Promise\", there's sure to be something for everyone on Sweet Surrender! Reissued on vinyl for the first time ever, and with an obi-strip, P-VINE is proud to present Ollie Nightingale's Sweet Surrender.","og_url":"https:\/\/wpguerssen-test.odoo.rgbconsulting.com\/es\/producto\/sweet-surrender\/","og_site_name":"Guerssen records","article_modified_time":"2024-02-22T08:42:16+00:00","og_image":[{"width":2560,"height":2536,"url":"https:\/\/wpguerssen-test.odoo.rgbconsulting.com\/wp-content\/uploads\/2023\/06\/43840-scaled.jpg","type":"image\/jpeg"}],"twitter_card":"summary_large_image","twitter_title":"NIGHTINGALE, Ollie - Sweet Surrender -  (LP) | Guerssen","twitter_misc":{"Tiempo de lectura":"1 minuto"},"schema":{"@context":"https:\/\/schema.org","@graph":[{"@type":"WebPage","@id":"https:\/\/wpguerssen-test.odoo.rgbconsulting.com\/es\/producto\/sweet-surrender\/","url":"https:\/\/wpguerssen-test.odoo.rgbconsulting.com\/es\/producto\/sweet-surrender\/","name":"NIGHTINGALE, Ollie - Sweet Surrender - (LP) | Guerssen","isPartOf":{"@id":"https:\/\/wpguerssen-test.odoo.rgbconsulting.com\/es\/#website"},"primaryImageOfPage":{"@id":"https:\/\/wpguerssen-test.odoo.rgbconsulting.com\/es\/producto\/sweet-surrender\/#primaryimage"},"image":{"@id":"https:\/\/wpguerssen-test.odoo.rgbconsulting.com\/es\/producto\/sweet-surrender\/#primaryimage"},"thumbnailUrl":"https:\/\/wpguerssen-test.odoo.rgbconsulting.com\/wp-content\/uploads\/2023\/06\/43840-scaled.jpg","datePublished":"2023-08-20T22:00:00+00:00","dateModified":"2024-02-22T08:42:16+00:00","description":"One of southern soul's finest records! The solo debut from Ollie Nightingale, Sweet Surrender, originally released in 1973, is finally getting a long-deserved analog reissue!Best known as the lead singer of Ollie and The Nightingale, Ollie Nightingale's solo debut, Sweet Surrender (1973) is absolutely filled to the brim with down-home soul. With production duties handled by the legendary Gene \"Bowlegs\" Miller (whose work with Otis Redding and Etta James made him one of soul's most in-demand producers), and additional string arrangements by Willie Mitchell's younger brother, saxophonist James Mitchell, there's no doubt that this album will sound familiar to any fans of southern soul! Comparisons to O.V. Wright are frequent, but Ollie's unique, high-pitched voice pulls at the heart strings, and any of his fantastic ballads are sure to bring a tear to your eye. From textbook soul ballads such as \"I'm In Love\" to bluesy gospel numbers such as \"Standing On A Promise\", there's sure to be something for everyone on Sweet Surrender! Reissued on vinyl for the first time ever, and with an obi-strip, P-VINE is proud to present Ollie Nightingale's Sweet Surrender.","breadcrumb":{"@id":"https:\/\/wpguerssen-test.odoo.rgbconsulting.com\/es\/producto\/sweet-surrender\/#breadcrumb"},"inLanguage":"es","potentialAction":[{"@type":"ReadAction","target":["https:\/\/wpguerssen-test.odoo.rgbconsulting.com\/es\/producto\/sweet-surrender\/"]}]},{"@type":"ImageObject","inLanguage":"es","@id":"https:\/\/wpguerssen-test.odoo.rgbconsulting.com\/es\/producto\/sweet-surrender\/#primaryimage","url":"https:\/\/wpguerssen-test.odoo.rgbconsulting.com\/wp-content\/uploads\/2023\/06\/43840-scaled.jpg","contentUrl":"https:\/\/wpguerssen-test.odoo.rgbconsulting.com\/wp-content\/uploads\/2023\/06\/43840-scaled.jpg","width":2560,"height":2536,"caption":"Ollie - Sweet Surrender - P-VINE (LP) | Guerssen"},{"@type":"BreadcrumbList","@id":"https:\/\/wpguerssen-test.odoo.rgbconsulting.com\/es\/producto\/sweet-surrender\/#breadcrumb","itemListElement":[{"@type":"ListItem","position":1,"name":"Inicio","item":"https:\/\/wpguerssen-test.odoo.rgbconsulting.com\/es\/"},{"@type":"ListItem","position":2,"name":"Shop","item":"https:\/\/wpguerssen-test.odoo.rgbconsulting.com\/shop\/"},{"@type":"ListItem","position":3,"name":"Sweet Surrender"}]},{"@type":"WebSite","@id":"https:\/\/wpguerssen-test.odoo.rgbconsulting.com\/es\/#website","url":"https:\/\/wpguerssen-test.odoo.rgbconsulting.com\/es\/","name":"Guerssen records","description":"psychedelia - progressive - folk - garage ","publisher":{"@id":"https:\/\/wpguerssen-test.odoo.rgbconsulting.com\/es\/#organization"},"potentialAction":[{"@type":"SearchAction","target":{"@type":"EntryPoint","urlTemplate":"https:\/\/wpguerssen-test.odoo.rgbconsulting.com\/es\/?s={search_term_string}"},"query-input":{"@type":"PropertyValueSpecification","valueRequired":true,"valueName":"search_term_string"}}],"inLanguage":"es"},{"@type":"Organization","@id":"https:\/\/wpguerssen-test.odoo.rgbconsulting.com\/es\/#organization","name":"Guerssen records","url":"https:\/\/wpguerssen-test.odoo.rgbconsulting.com\/es\/","logo":{"@type":"ImageObject","inLanguage":"es","@id":"https:\/\/wpguerssen-test.odoo.rgbconsulting.com\/es\/#\/schema\/logo\/image\/","url":"https:\/\/wpguerssen-test.odoo.rgbconsulting.com\/wp-content\/uploads\/2022\/04\/Logo_Guerssen_trans_100.png","contentUrl":"https:\/\/wpguerssen-test.odoo.rgbconsulting.com\/wp-content\/uploads\/2022\/04\/Logo_Guerssen_trans_100.png","width":122,"height":100,"caption":"Guerssen records"},"image":{"@id":"https:\/\/wpguerssen-test.odoo.rgbconsulting.com\/es\/#\/schema\/logo\/image\/"}}]}},"_links":{"self":[{"href":"https:\/\/wpguerssen-test.odoo.rgbconsulting.com\/es\/wp-json\/wp\/v2\/product\/233822","targetHints":{"allow":["GET"]}}],"collection":[{"href":"https:\/\/wpguerssen-test.odoo.rgbconsulting.com\/es\/wp-json\/wp\/v2\/product"}],"about":[{"href":"https:\/\/wpguerssen-test.odoo.rgbconsulting.com\/es\/wp-json\/wp\/v2\/types\/product"}],"wp:featuredmedia":[{"embeddable":true,"href":"https:\/\/wpguerssen-test.odoo.rgbconsulting.com\/es\/wp-json\/wp\/v2\/media\/233749"}],"wp:attachment":[{"href":"https:\/\/wpguerssen-test.odoo.rgbconsulting.com\/es\/wp-json\/wp\/v2\/media?parent=233822"}],"wp:term":[{"taxonomy":"product_brand","embeddable":true,"href":"https:\/\/wpguerssen-test.odoo.rgbconsulting.com\/es\/wp-json\/wp\/v2\/product_brand?post=233822"},{"taxonomy":"product_cat","embeddable":true,"href":"https:\/\/wpguerssen-test.odoo.rgbconsulting.com\/es\/wp-json\/wp\/v2\/product_cat?post=233822"},{"taxonomy":"product_tag","embeddable":true,"href":"https:\/\/wpguerssen-test.odoo.rgbconsulting.com\/es\/wp-json\/wp\/v2\/product_tag?post=233822"}],"curies":[{"name":"wp","href":"https:\/\/api.w.org\/{rel}","templated":true}]}}