{"id":233823,"date":"2023-08-21T00:00:00","date_gmt":"2023-08-20T22:00:00","guid":{"rendered":"https:\/\/wpguerssen-test.odoo.rgbconsulting.com\/product\/do-you-hear-me-talking-to-you\/"},"modified":"2024-02-22T09:42:21","modified_gmt":"2024-02-22T08:42:21","slug":"do-you-hear-me-talking-to-you","status":"publish","type":"product","link":"https:\/\/wpguerssen-test.odoo.rgbconsulting.com\/es\/producto\/do-you-hear-me-talking-to-you\/","title":{"rendered":"Do You Hear Me Talking To You?"},"content":{"rendered":"<p>\u00a1Esto es lo que quiere la gente! A menudo considerado como uno de los discos m\u00e1s raros de todos los tiempos, las ediciones originales se han vendido por m\u00e1s de tres mil d\u00f3lares en el mercado de segunda mano, un r\u00e9cord (sin juego de palabras) que se compara regularmente con el ultra raro &#8216;Help Us Spread The Message&#8217;  por The Mighty Ryeders. \u00a1Hemos combinado el LP con \u00abWorld Full of People\u00bb, una canci\u00f3n genial grabada originalmente por la banda bajo el apodo de Everyday People para crear la mejor experiencia de People&#8217;s Pleasure!<br \/>El tema de apertura y t\u00edtulo \u00abDo You Hear Me Talking To You ?\u00bb es una explosi\u00f3n maravillosa y conmovedora, con guitarras desgastadas, una l\u00ednea de bajo funky y percusi\u00f3n de los 70 que forman la base de las encantadoras armon\u00edas gemelas de People&#8217;s Pleasure. El cierre del lado A, \u00abWorld Full of People\u00bb, es un cl\u00e1sico de baile de tempo medio, una pista popular desde hace mucho tiempo entre los DJ de Los \u00c1ngeles, Londres y Tokio. El cierre del \u00e1lbum, \u00abFantasies and Dreams\u00bb, es un cl\u00e1sico downtempo, con armon\u00edas de ensue\u00f1o flotando sobre un sintetizador celestial. El disco a menudo se considera un grial para los coleccionistas de discos, nada m\u00e1s que un sue\u00f1o febril para la mayor\u00eda, y las apariciones en el mercado de segunda mano son pocas y espor\u00e1dicas. \u00a1No te pierdas esta fant\u00e1stica reedici\u00f3n en vinilo de edici\u00f3n limitada, con una ic\u00f3nica tira OBI!!<\/p>\n","protected":false},"excerpt":{"rendered":"<p>\u00a1Esto es lo que quiere la gente! A menudo considerado como uno de los discos m\u00e1s raros de todos los tiempos, las ediciones originales se han vendido por m\u00e1s de<a class=\"read\" href=\"https:\/\/wpguerssen-test.odoo.rgbconsulting.com\/es\/producto\/do-you-hear-me-talking-to-you\/\"> (...)<\/a>","protected":false},"featured_media":233752,"template":"","meta":{"_acf_changed":false},"product_brand":[],"product_cat":[21649],"product_tag":[],"class_list":{"0":"post-233823","1":"product","2":"type-product","3":"status-publish","4":"has-post-thumbnail","6":"product_cat-soul-rnb-es","7":"pa_artist-peoples-pleasure-with-l-a-s-no-1-band-alive-w","8":"pa_format-lp-es","9":"pa_gender-soul-rnb","10":"pa_label-p-vine","11":"pa_location-north-america-es","12":"pa_other-filters-vinyl-only-es","14":"first","15":"instock","16":"taxable","17":"shipping-taxable","18":"purchasable","19":"product-type-simple"},"acf":[],"yoast_head":"<!-- This site is optimized with the Yoast SEO plugin v24.9 - https:\/\/yoast.com\/wordpress\/plugins\/seo\/ -->\n<title>PEOPLE&#039;S PLEASURE WITH L.A.&#039;S NO. 1 BAND ALIVE &amp; W - Do You Hear Me Talking To You? -  (LP) | Guerssen<\/title>\n<meta name=\"description\" content=\"This is what the people want! Often considered to be one of the rarest records of all time, original pressings have sold for over three thousand dollars on the second hand market, a record (no pun intended) regularly compared to the similarly ultra-rare &#039;Help Us Spread The Message&#039; by The Mighty Ryeders. We&#039;ve combined the LP with &quot;World Full of People&quot;, a killer track originally recorded by the band under the Everyday People moniker to create the ultimate People&#039;s Pleasure experience!Opener and title track &quot;Do You Hear Me Talking To You?&quot; is a a groovy, soulful explosion, with wah&#039;d out guitars, a funky bassline, and 70s percussion forming the basis for the lovely twin harmonies of People&#039;s Pleasure. A-side closer &quot;World Full of People&quot;, is a mid-tempo dance classic, a track long popular with DJs from L.A. to London, to Tokyo. Album closer &quot;Fantasies and Dreams&quot;, is a downtempo classic, with dreamy harmonies floating above a heavenly synthesizer. The record is often considered a grail for record collectors - nothing more than a fever dream for most - with appearances on the second hand market being few and far between. Don&#039;t miss this fantastic reissue on limited edition vinyl, with an iconic OBI-strip, available soon from P-VINE Records!\" \/>\n<meta name=\"robots\" content=\"index, follow, max-snippet:-1, max-image-preview:large, max-video-preview:-1\" \/>\n<link rel=\"canonical\" href=\"https:\/\/wpguerssen-test.odoo.rgbconsulting.com\/es\/producto\/do-you-hear-me-talking-to-you\/\" \/>\n<meta property=\"og:locale\" content=\"es_ES\" \/>\n<meta property=\"og:type\" content=\"article\" \/>\n<meta property=\"og:title\" content=\"PEOPLE&#039;S PLEASURE WITH L.A.&#039;S NO. 1 BAND ALIVE &amp; W - Do You Hear Me Talking To You? -  (LP) | Guerssen\" \/>\n<meta property=\"og:description\" content=\"This is what the people want! Often considered to be one of the rarest records of all time, original pressings have sold for over three thousand dollars on the second hand market, a record (no pun intended) regularly compared to the similarly ultra-rare &#039;Help Us Spread The Message&#039; by The Mighty Ryeders. We&#039;ve combined the LP with &quot;World Full of People&quot;, a killer track originally recorded by the band under the Everyday People moniker to create the ultimate People&#039;s Pleasure experience!Opener and title track &quot;Do You Hear Me Talking To You?&quot; is a a groovy, soulful explosion, with wah&#039;d out guitars, a funky bassline, and 70s percussion forming the basis for the lovely twin harmonies of People&#039;s Pleasure. A-side closer &quot;World Full of People&quot;, is a mid-tempo dance classic, a track long popular with DJs from L.A. to London, to Tokyo. Album closer &quot;Fantasies and Dreams&quot;, is a downtempo classic, with dreamy harmonies floating above a heavenly synthesizer. The record is often considered a grail for record collectors - nothing more than a fever dream for most - with appearances on the second hand market being few and far between. Don&#039;t miss this fantastic reissue on limited edition vinyl, with an iconic OBI-strip, available soon from P-VINE Records!\" \/>\n<meta property=\"og:url\" content=\"https:\/\/wpguerssen-test.odoo.rgbconsulting.com\/es\/producto\/do-you-hear-me-talking-to-you\/\" \/>\n<meta property=\"og:site_name\" content=\"Guerssen records\" \/>\n<meta property=\"article:modified_time\" content=\"2024-02-22T08:42:21+00:00\" \/>\n<meta property=\"og:image\" content=\"https:\/\/wpguerssen-test.odoo.rgbconsulting.com\/wp-content\/uploads\/2023\/06\/43841-scaled.jpg\" \/>\n\t<meta property=\"og:image:width\" content=\"2560\" \/>\n\t<meta property=\"og:image:height\" content=\"2535\" \/>\n\t<meta property=\"og:image:type\" content=\"image\/jpeg\" \/>\n<meta name=\"twitter:card\" content=\"summary_large_image\" \/>\n<meta name=\"twitter:title\" content=\"PEOPLE&#039;S PLEASURE WITH L.A.&#039;S NO. 1 BAND ALIVE &amp; W - Do You Hear Me Talking To You? -  (LP) | Guerssen\" \/>\n<meta name=\"twitter:label1\" content=\"Tiempo de lectura\" \/>\n\t<meta name=\"twitter:data1\" content=\"1 minuto\" \/>\n<script type=\"application\/ld+json\" class=\"yoast-schema-graph\">{\"@context\":\"https:\/\/schema.org\",\"@graph\":[{\"@type\":\"WebPage\",\"@id\":\"https:\/\/wpguerssen-test.odoo.rgbconsulting.com\/es\/producto\/do-you-hear-me-talking-to-you\/\",\"url\":\"https:\/\/wpguerssen-test.odoo.rgbconsulting.com\/es\/producto\/do-you-hear-me-talking-to-you\/\",\"name\":\"PEOPLE'S PLEASURE WITH L.A.'S NO. 1 BAND ALIVE & W - Do You Hear Me Talking To You? - (LP) | Guerssen\",\"isPartOf\":{\"@id\":\"https:\/\/wpguerssen-test.odoo.rgbconsulting.com\/es\/#website\"},\"primaryImageOfPage\":{\"@id\":\"https:\/\/wpguerssen-test.odoo.rgbconsulting.com\/es\/producto\/do-you-hear-me-talking-to-you\/#primaryimage\"},\"image\":{\"@id\":\"https:\/\/wpguerssen-test.odoo.rgbconsulting.com\/es\/producto\/do-you-hear-me-talking-to-you\/#primaryimage\"},\"thumbnailUrl\":\"https:\/\/wpguerssen-test.odoo.rgbconsulting.com\/wp-content\/uploads\/2023\/06\/43841-scaled.jpg\",\"datePublished\":\"2023-08-20T22:00:00+00:00\",\"dateModified\":\"2024-02-22T08:42:21+00:00\",\"description\":\"This is what the people want! Often considered to be one of the rarest records of all time, original pressings have sold for over three thousand dollars on the second hand market, a record (no pun intended) regularly compared to the similarly ultra-rare 'Help Us Spread The Message' by The Mighty Ryeders. We've combined the LP with \\\"World Full of People\\\", a killer track originally recorded by the band under the Everyday People moniker to create the ultimate People's Pleasure experience!Opener and title track \\\"Do You Hear Me Talking To You?\\\" is a a groovy, soulful explosion, with wah'd out guitars, a funky bassline, and 70s percussion forming the basis for the lovely twin harmonies of People's Pleasure. A-side closer \\\"World Full of People\\\", is a mid-tempo dance classic, a track long popular with DJs from L.A. to London, to Tokyo. Album closer \\\"Fantasies and Dreams\\\", is a downtempo classic, with dreamy harmonies floating above a heavenly synthesizer. The record is often considered a grail for record collectors - nothing more than a fever dream for most - with appearances on the second hand market being few and far between. Don't miss this fantastic reissue on limited edition vinyl, with an iconic OBI-strip, available soon from P-VINE Records!\",\"breadcrumb\":{\"@id\":\"https:\/\/wpguerssen-test.odoo.rgbconsulting.com\/es\/producto\/do-you-hear-me-talking-to-you\/#breadcrumb\"},\"inLanguage\":\"es\",\"potentialAction\":[{\"@type\":\"ReadAction\",\"target\":[\"https:\/\/wpguerssen-test.odoo.rgbconsulting.com\/es\/producto\/do-you-hear-me-talking-to-you\/\"]}]},{\"@type\":\"ImageObject\",\"inLanguage\":\"es\",\"@id\":\"https:\/\/wpguerssen-test.odoo.rgbconsulting.com\/es\/producto\/do-you-hear-me-talking-to-you\/#primaryimage\",\"url\":\"https:\/\/wpguerssen-test.odoo.rgbconsulting.com\/wp-content\/uploads\/2023\/06\/43841-scaled.jpg\",\"contentUrl\":\"https:\/\/wpguerssen-test.odoo.rgbconsulting.com\/wp-content\/uploads\/2023\/06\/43841-scaled.jpg\",\"width\":2560,\"height\":2535},{\"@type\":\"BreadcrumbList\",\"@id\":\"https:\/\/wpguerssen-test.odoo.rgbconsulting.com\/es\/producto\/do-you-hear-me-talking-to-you\/#breadcrumb\",\"itemListElement\":[{\"@type\":\"ListItem\",\"position\":1,\"name\":\"Inicio\",\"item\":\"https:\/\/wpguerssen-test.odoo.rgbconsulting.com\/es\/\"},{\"@type\":\"ListItem\",\"position\":2,\"name\":\"Shop\",\"item\":\"https:\/\/wpguerssen-test.odoo.rgbconsulting.com\/shop\/\"},{\"@type\":\"ListItem\",\"position\":3,\"name\":\"Do You Hear Me Talking To You?\"}]},{\"@type\":\"WebSite\",\"@id\":\"https:\/\/wpguerssen-test.odoo.rgbconsulting.com\/es\/#website\",\"url\":\"https:\/\/wpguerssen-test.odoo.rgbconsulting.com\/es\/\",\"name\":\"Guerssen records\",\"description\":\"psychedelia - progressive - folk - garage \",\"publisher\":{\"@id\":\"https:\/\/wpguerssen-test.odoo.rgbconsulting.com\/es\/#organization\"},\"potentialAction\":[{\"@type\":\"SearchAction\",\"target\":{\"@type\":\"EntryPoint\",\"urlTemplate\":\"https:\/\/wpguerssen-test.odoo.rgbconsulting.com\/es\/?s={search_term_string}\"},\"query-input\":{\"@type\":\"PropertyValueSpecification\",\"valueRequired\":true,\"valueName\":\"search_term_string\"}}],\"inLanguage\":\"es\"},{\"@type\":\"Organization\",\"@id\":\"https:\/\/wpguerssen-test.odoo.rgbconsulting.com\/es\/#organization\",\"name\":\"Guerssen records\",\"url\":\"https:\/\/wpguerssen-test.odoo.rgbconsulting.com\/es\/\",\"logo\":{\"@type\":\"ImageObject\",\"inLanguage\":\"es\",\"@id\":\"https:\/\/wpguerssen-test.odoo.rgbconsulting.com\/es\/#\/schema\/logo\/image\/\",\"url\":\"https:\/\/wpguerssen-test.odoo.rgbconsulting.com\/wp-content\/uploads\/2022\/04\/Logo_Guerssen_trans_100.png\",\"contentUrl\":\"https:\/\/wpguerssen-test.odoo.rgbconsulting.com\/wp-content\/uploads\/2022\/04\/Logo_Guerssen_trans_100.png\",\"width\":122,\"height\":100,\"caption\":\"Guerssen records\"},\"image\":{\"@id\":\"https:\/\/wpguerssen-test.odoo.rgbconsulting.com\/es\/#\/schema\/logo\/image\/\"}}]}<\/script>\n<!-- \/ Yoast SEO plugin. -->","yoast_head_json":{"title":"PEOPLE'S PLEASURE WITH L.A.'S NO. 1 BAND ALIVE & W - Do You Hear Me Talking To You? -  (LP) | Guerssen","description":"This is what the people want! Often considered to be one of the rarest records of all time, original pressings have sold for over three thousand dollars on the second hand market, a record (no pun intended) regularly compared to the similarly ultra-rare 'Help Us Spread The Message' by The Mighty Ryeders. We've combined the LP with \"World Full of People\", a killer track originally recorded by the band under the Everyday People moniker to create the ultimate People's Pleasure experience!Opener and title track \"Do You Hear Me Talking To You?\" is a a groovy, soulful explosion, with wah'd out guitars, a funky bassline, and 70s percussion forming the basis for the lovely twin harmonies of People's Pleasure. A-side closer \"World Full of People\", is a mid-tempo dance classic, a track long popular with DJs from L.A. to London, to Tokyo. Album closer \"Fantasies and Dreams\", is a downtempo classic, with dreamy harmonies floating above a heavenly synthesizer. The record is often considered a grail for record collectors - nothing more than a fever dream for most - with appearances on the second hand market being few and far between. Don't miss this fantastic reissue on limited edition vinyl, with an iconic OBI-strip, available soon from P-VINE Records!","robots":{"index":"index","follow":"follow","max-snippet":"max-snippet:-1","max-image-preview":"max-image-preview:large","max-video-preview":"max-video-preview:-1"},"canonical":"https:\/\/wpguerssen-test.odoo.rgbconsulting.com\/es\/producto\/do-you-hear-me-talking-to-you\/","og_locale":"es_ES","og_type":"article","og_title":"PEOPLE'S PLEASURE WITH L.A.'S NO. 1 BAND ALIVE & W - Do You Hear Me Talking To You? -  (LP) | Guerssen","og_description":"This is what the people want! Often considered to be one of the rarest records of all time, original pressings have sold for over three thousand dollars on the second hand market, a record (no pun intended) regularly compared to the similarly ultra-rare 'Help Us Spread The Message' by The Mighty Ryeders. We've combined the LP with \"World Full of People\", a killer track originally recorded by the band under the Everyday People moniker to create the ultimate People's Pleasure experience!Opener and title track \"Do You Hear Me Talking To You?\" is a a groovy, soulful explosion, with wah'd out guitars, a funky bassline, and 70s percussion forming the basis for the lovely twin harmonies of People's Pleasure. A-side closer \"World Full of People\", is a mid-tempo dance classic, a track long popular with DJs from L.A. to London, to Tokyo. Album closer \"Fantasies and Dreams\", is a downtempo classic, with dreamy harmonies floating above a heavenly synthesizer. The record is often considered a grail for record collectors - nothing more than a fever dream for most - with appearances on the second hand market being few and far between. Don't miss this fantastic reissue on limited edition vinyl, with an iconic OBI-strip, available soon from P-VINE Records!","og_url":"https:\/\/wpguerssen-test.odoo.rgbconsulting.com\/es\/producto\/do-you-hear-me-talking-to-you\/","og_site_name":"Guerssen records","article_modified_time":"2024-02-22T08:42:21+00:00","og_image":[{"width":2560,"height":2535,"url":"https:\/\/wpguerssen-test.odoo.rgbconsulting.com\/wp-content\/uploads\/2023\/06\/43841-scaled.jpg","type":"image\/jpeg"}],"twitter_card":"summary_large_image","twitter_title":"PEOPLE'S PLEASURE WITH L.A.'S NO. 1 BAND ALIVE & W - Do You Hear Me Talking To You? -  (LP) | Guerssen","twitter_misc":{"Tiempo de lectura":"1 minuto"},"schema":{"@context":"https:\/\/schema.org","@graph":[{"@type":"WebPage","@id":"https:\/\/wpguerssen-test.odoo.rgbconsulting.com\/es\/producto\/do-you-hear-me-talking-to-you\/","url":"https:\/\/wpguerssen-test.odoo.rgbconsulting.com\/es\/producto\/do-you-hear-me-talking-to-you\/","name":"PEOPLE'S PLEASURE WITH L.A.'S NO. 1 BAND ALIVE & W - Do You Hear Me Talking To You? - (LP) | Guerssen","isPartOf":{"@id":"https:\/\/wpguerssen-test.odoo.rgbconsulting.com\/es\/#website"},"primaryImageOfPage":{"@id":"https:\/\/wpguerssen-test.odoo.rgbconsulting.com\/es\/producto\/do-you-hear-me-talking-to-you\/#primaryimage"},"image":{"@id":"https:\/\/wpguerssen-test.odoo.rgbconsulting.com\/es\/producto\/do-you-hear-me-talking-to-you\/#primaryimage"},"thumbnailUrl":"https:\/\/wpguerssen-test.odoo.rgbconsulting.com\/wp-content\/uploads\/2023\/06\/43841-scaled.jpg","datePublished":"2023-08-20T22:00:00+00:00","dateModified":"2024-02-22T08:42:21+00:00","description":"This is what the people want! Often considered to be one of the rarest records of all time, original pressings have sold for over three thousand dollars on the second hand market, a record (no pun intended) regularly compared to the similarly ultra-rare 'Help Us Spread The Message' by The Mighty Ryeders. We've combined the LP with \"World Full of People\", a killer track originally recorded by the band under the Everyday People moniker to create the ultimate People's Pleasure experience!Opener and title track \"Do You Hear Me Talking To You?\" is a a groovy, soulful explosion, with wah'd out guitars, a funky bassline, and 70s percussion forming the basis for the lovely twin harmonies of People's Pleasure. A-side closer \"World Full of People\", is a mid-tempo dance classic, a track long popular with DJs from L.A. to London, to Tokyo. Album closer \"Fantasies and Dreams\", is a downtempo classic, with dreamy harmonies floating above a heavenly synthesizer. The record is often considered a grail for record collectors - nothing more than a fever dream for most - with appearances on the second hand market being few and far between. Don't miss this fantastic reissue on limited edition vinyl, with an iconic OBI-strip, available soon from P-VINE Records!","breadcrumb":{"@id":"https:\/\/wpguerssen-test.odoo.rgbconsulting.com\/es\/producto\/do-you-hear-me-talking-to-you\/#breadcrumb"},"inLanguage":"es","potentialAction":[{"@type":"ReadAction","target":["https:\/\/wpguerssen-test.odoo.rgbconsulting.com\/es\/producto\/do-you-hear-me-talking-to-you\/"]}]},{"@type":"ImageObject","inLanguage":"es","@id":"https:\/\/wpguerssen-test.odoo.rgbconsulting.com\/es\/producto\/do-you-hear-me-talking-to-you\/#primaryimage","url":"https:\/\/wpguerssen-test.odoo.rgbconsulting.com\/wp-content\/uploads\/2023\/06\/43841-scaled.jpg","contentUrl":"https:\/\/wpguerssen-test.odoo.rgbconsulting.com\/wp-content\/uploads\/2023\/06\/43841-scaled.jpg","width":2560,"height":2535},{"@type":"BreadcrumbList","@id":"https:\/\/wpguerssen-test.odoo.rgbconsulting.com\/es\/producto\/do-you-hear-me-talking-to-you\/#breadcrumb","itemListElement":[{"@type":"ListItem","position":1,"name":"Inicio","item":"https:\/\/wpguerssen-test.odoo.rgbconsulting.com\/es\/"},{"@type":"ListItem","position":2,"name":"Shop","item":"https:\/\/wpguerssen-test.odoo.rgbconsulting.com\/shop\/"},{"@type":"ListItem","position":3,"name":"Do You Hear Me Talking To You?"}]},{"@type":"WebSite","@id":"https:\/\/wpguerssen-test.odoo.rgbconsulting.com\/es\/#website","url":"https:\/\/wpguerssen-test.odoo.rgbconsulting.com\/es\/","name":"Guerssen records","description":"psychedelia - progressive - folk - garage ","publisher":{"@id":"https:\/\/wpguerssen-test.odoo.rgbconsulting.com\/es\/#organization"},"potentialAction":[{"@type":"SearchAction","target":{"@type":"EntryPoint","urlTemplate":"https:\/\/wpguerssen-test.odoo.rgbconsulting.com\/es\/?s={search_term_string}"},"query-input":{"@type":"PropertyValueSpecification","valueRequired":true,"valueName":"search_term_string"}}],"inLanguage":"es"},{"@type":"Organization","@id":"https:\/\/wpguerssen-test.odoo.rgbconsulting.com\/es\/#organization","name":"Guerssen records","url":"https:\/\/wpguerssen-test.odoo.rgbconsulting.com\/es\/","logo":{"@type":"ImageObject","inLanguage":"es","@id":"https:\/\/wpguerssen-test.odoo.rgbconsulting.com\/es\/#\/schema\/logo\/image\/","url":"https:\/\/wpguerssen-test.odoo.rgbconsulting.com\/wp-content\/uploads\/2022\/04\/Logo_Guerssen_trans_100.png","contentUrl":"https:\/\/wpguerssen-test.odoo.rgbconsulting.com\/wp-content\/uploads\/2022\/04\/Logo_Guerssen_trans_100.png","width":122,"height":100,"caption":"Guerssen records"},"image":{"@id":"https:\/\/wpguerssen-test.odoo.rgbconsulting.com\/es\/#\/schema\/logo\/image\/"}}]}},"_links":{"self":[{"href":"https:\/\/wpguerssen-test.odoo.rgbconsulting.com\/es\/wp-json\/wp\/v2\/product\/233823","targetHints":{"allow":["GET"]}}],"collection":[{"href":"https:\/\/wpguerssen-test.odoo.rgbconsulting.com\/es\/wp-json\/wp\/v2\/product"}],"about":[{"href":"https:\/\/wpguerssen-test.odoo.rgbconsulting.com\/es\/wp-json\/wp\/v2\/types\/product"}],"wp:featuredmedia":[{"embeddable":true,"href":"https:\/\/wpguerssen-test.odoo.rgbconsulting.com\/es\/wp-json\/wp\/v2\/media\/233752"}],"wp:attachment":[{"href":"https:\/\/wpguerssen-test.odoo.rgbconsulting.com\/es\/wp-json\/wp\/v2\/media?parent=233823"}],"wp:term":[{"taxonomy":"product_brand","embeddable":true,"href":"https:\/\/wpguerssen-test.odoo.rgbconsulting.com\/es\/wp-json\/wp\/v2\/product_brand?post=233823"},{"taxonomy":"product_cat","embeddable":true,"href":"https:\/\/wpguerssen-test.odoo.rgbconsulting.com\/es\/wp-json\/wp\/v2\/product_cat?post=233823"},{"taxonomy":"product_tag","embeddable":true,"href":"https:\/\/wpguerssen-test.odoo.rgbconsulting.com\/es\/wp-json\/wp\/v2\/product_tag?post=233823"}],"curies":[{"name":"wp","href":"https:\/\/api.w.org\/{rel}","templated":true}]}}