{"id":233826,"date":"2023-08-21T00:00:00","date_gmt":"2023-08-20T22:00:00","guid":{"rendered":"https:\/\/wpguerssen-test.odoo.rgbconsulting.com\/product\/i-was-born-to-love-you\/"},"modified":"2024-02-22T09:42:38","modified_gmt":"2024-02-22T08:42:38","slug":"i-was-born-to-love-you","status":"publish","type":"product","link":"https:\/\/wpguerssen-test.odoo.rgbconsulting.com\/es\/producto\/i-was-born-to-love-you\/","title":{"rendered":"I Was Born To Love You"},"content":{"rendered":"<p>En 1980, cuatro a\u00f1os despu\u00e9s del lanzamiento de su LP debut, Synchronized, Timeless Legend lanz\u00f3 &#8216;I Was Born To Love You&#8217;. Su ritmo sutil y su sensibilidad disco atemporal han cautivado durante mucho tiempo a los buscadores y a los fan\u00e1ticos del rare groove por igual, catapultando los precios de sus singles de 7\u00bf al rango de cuatro cifras. Pero una escucha y es claro ver por qu\u00e9 los oyentes fan\u00e1ticos han gastado una parte considerable de los ahorros de su vida en estos discos. Desde dulces baladas de soul hasta melod\u00edas de baile suaves, la unidad vocal de cuatro piezas de Ohio realmente lo hace todo, y vaya, se ven bien mientras lo hacen. Por primera vez, P-VINE ha recopilado &#8216;I Was Born To Love You&#8217; con las canciones de sus otros sencillos de 7\u00bf para crear el otro LP de Timeless Legend. Disponible en vinilo de edici\u00f3n limitada con una obi-strip, \u00a1este disco seguramente se convertir\u00e1 en una leyenda atemporal por s\u00ed mismo!<\/p>\n","protected":false},"excerpt":{"rendered":"<p>En 1980, cuatro a\u00f1os despu\u00e9s del lanzamiento de su LP debut, Synchronized, Timeless Legend lanz\u00f3 &#8216;I Was Born To Love You&#8217;. Su ritmo sutil y su sensibilidad<a class=\"read\" href=\"https:\/\/wpguerssen-test.odoo.rgbconsulting.com\/es\/producto\/i-was-born-to-love-you\/\"> (...)<\/a>","protected":false},"featured_media":233761,"template":"","meta":{"_acf_changed":false},"product_brand":[],"product_cat":[21649],"product_tag":[],"class_list":{"0":"post-233826","1":"product","2":"type-product","3":"status-publish","4":"has-post-thumbnail","6":"product_cat-soul-rnb-es","7":"pa_artist-timeless-legend","8":"pa_format-lp-es","9":"pa_gender-soul-rnb","10":"pa_label-p-vine","11":"pa_location-north-america-es","12":"pa_other-filters-vinyl-only-es","14":"first","15":"instock","16":"taxable","17":"shipping-taxable","18":"purchasable","19":"product-type-simple"},"acf":[],"yoast_head":"<!-- This site is optimized with the Yoast SEO plugin v24.9 - https:\/\/yoast.com\/wordpress\/plugins\/seo\/ -->\n<title>TIMELESS LEGEND - I Was Born To Love You -  (LP) | Guerssen<\/title>\n<meta name=\"description\" content=\"In 1980, four years after the release of their debut LP, Synchronized, Timeless Legend released &#039;I Was Born To Love You&#039;. Its subtle groove and timeless disco sensibilities have long captivated crate diggers and fans of rare groove alike - catapulting prices for their 7&quot; singles to the four-figure range. But one listen and it&#039;s clear to see why fanatical listeners have spent a considerable portion of their life savings on these records. From sweet soul ballads to mellow dance tunes, the Ohio four piece vocal unit truly does it all - and boy, do they look good while they do it. For the first time ever, P-VINE has collected &#039;I Was Born To Love You&#039; with the songs from their other 7&quot; singles to create Timeless Legend&#039;s other LP! Available on limited edition vinyl with an obi-strip, this record is sure to become a timeless legend of its own!\" \/>\n<meta name=\"robots\" content=\"index, follow, max-snippet:-1, max-image-preview:large, max-video-preview:-1\" \/>\n<link rel=\"canonical\" href=\"https:\/\/wpguerssen-test.odoo.rgbconsulting.com\/es\/producto\/i-was-born-to-love-you\/\" \/>\n<meta property=\"og:locale\" content=\"es_ES\" \/>\n<meta property=\"og:type\" content=\"article\" \/>\n<meta property=\"og:title\" content=\"TIMELESS LEGEND - I Was Born To Love You -  (LP) | Guerssen\" \/>\n<meta property=\"og:description\" content=\"In 1980, four years after the release of their debut LP, Synchronized, Timeless Legend released &#039;I Was Born To Love You&#039;. Its subtle groove and timeless disco sensibilities have long captivated crate diggers and fans of rare groove alike - catapulting prices for their 7&quot; singles to the four-figure range. But one listen and it&#039;s clear to see why fanatical listeners have spent a considerable portion of their life savings on these records. From sweet soul ballads to mellow dance tunes, the Ohio four piece vocal unit truly does it all - and boy, do they look good while they do it. For the first time ever, P-VINE has collected &#039;I Was Born To Love You&#039; with the songs from their other 7&quot; singles to create Timeless Legend&#039;s other LP! Available on limited edition vinyl with an obi-strip, this record is sure to become a timeless legend of its own!\" \/>\n<meta property=\"og:url\" content=\"https:\/\/wpguerssen-test.odoo.rgbconsulting.com\/es\/producto\/i-was-born-to-love-you\/\" \/>\n<meta property=\"og:site_name\" content=\"Guerssen records\" \/>\n<meta property=\"article:modified_time\" content=\"2024-02-22T08:42:38+00:00\" \/>\n<meta property=\"og:image\" content=\"https:\/\/wpguerssen-test.odoo.rgbconsulting.com\/wp-content\/uploads\/2023\/06\/43844-scaled.jpg\" \/>\n\t<meta property=\"og:image:width\" content=\"2560\" \/>\n\t<meta property=\"og:image:height\" content=\"2536\" \/>\n\t<meta property=\"og:image:type\" content=\"image\/jpeg\" \/>\n<meta name=\"twitter:card\" content=\"summary_large_image\" \/>\n<meta name=\"twitter:title\" content=\"TIMELESS LEGEND - I Was Born To Love You -  (LP) | Guerssen\" \/>\n<meta name=\"twitter:label1\" content=\"Tiempo de lectura\" \/>\n\t<meta name=\"twitter:data1\" content=\"1 minuto\" \/>\n<script type=\"application\/ld+json\" class=\"yoast-schema-graph\">{\"@context\":\"https:\/\/schema.org\",\"@graph\":[{\"@type\":\"WebPage\",\"@id\":\"https:\/\/wpguerssen-test.odoo.rgbconsulting.com\/es\/producto\/i-was-born-to-love-you\/\",\"url\":\"https:\/\/wpguerssen-test.odoo.rgbconsulting.com\/es\/producto\/i-was-born-to-love-you\/\",\"name\":\"TIMELESS LEGEND - I Was Born To Love You - (LP) | Guerssen\",\"isPartOf\":{\"@id\":\"https:\/\/wpguerssen-test.odoo.rgbconsulting.com\/es\/#website\"},\"primaryImageOfPage\":{\"@id\":\"https:\/\/wpguerssen-test.odoo.rgbconsulting.com\/es\/producto\/i-was-born-to-love-you\/#primaryimage\"},\"image\":{\"@id\":\"https:\/\/wpguerssen-test.odoo.rgbconsulting.com\/es\/producto\/i-was-born-to-love-you\/#primaryimage\"},\"thumbnailUrl\":\"https:\/\/wpguerssen-test.odoo.rgbconsulting.com\/wp-content\/uploads\/2023\/06\/43844-scaled.jpg\",\"datePublished\":\"2023-08-20T22:00:00+00:00\",\"dateModified\":\"2024-02-22T08:42:38+00:00\",\"description\":\"In 1980, four years after the release of their debut LP, Synchronized, Timeless Legend released 'I Was Born To Love You'. Its subtle groove and timeless disco sensibilities have long captivated crate diggers and fans of rare groove alike - catapulting prices for their 7\\\" singles to the four-figure range. But one listen and it's clear to see why fanatical listeners have spent a considerable portion of their life savings on these records. From sweet soul ballads to mellow dance tunes, the Ohio four piece vocal unit truly does it all - and boy, do they look good while they do it. For the first time ever, P-VINE has collected 'I Was Born To Love You' with the songs from their other 7\\\" singles to create Timeless Legend's other LP! Available on limited edition vinyl with an obi-strip, this record is sure to become a timeless legend of its own!\",\"breadcrumb\":{\"@id\":\"https:\/\/wpguerssen-test.odoo.rgbconsulting.com\/es\/producto\/i-was-born-to-love-you\/#breadcrumb\"},\"inLanguage\":\"es\",\"potentialAction\":[{\"@type\":\"ReadAction\",\"target\":[\"https:\/\/wpguerssen-test.odoo.rgbconsulting.com\/es\/producto\/i-was-born-to-love-you\/\"]}]},{\"@type\":\"ImageObject\",\"inLanguage\":\"es\",\"@id\":\"https:\/\/wpguerssen-test.odoo.rgbconsulting.com\/es\/producto\/i-was-born-to-love-you\/#primaryimage\",\"url\":\"https:\/\/wpguerssen-test.odoo.rgbconsulting.com\/wp-content\/uploads\/2023\/06\/43844-scaled.jpg\",\"contentUrl\":\"https:\/\/wpguerssen-test.odoo.rgbconsulting.com\/wp-content\/uploads\/2023\/06\/43844-scaled.jpg\",\"width\":2560,\"height\":2536},{\"@type\":\"BreadcrumbList\",\"@id\":\"https:\/\/wpguerssen-test.odoo.rgbconsulting.com\/es\/producto\/i-was-born-to-love-you\/#breadcrumb\",\"itemListElement\":[{\"@type\":\"ListItem\",\"position\":1,\"name\":\"Inicio\",\"item\":\"https:\/\/wpguerssen-test.odoo.rgbconsulting.com\/es\/\"},{\"@type\":\"ListItem\",\"position\":2,\"name\":\"Shop\",\"item\":\"https:\/\/wpguerssen-test.odoo.rgbconsulting.com\/shop\/\"},{\"@type\":\"ListItem\",\"position\":3,\"name\":\"I Was Born To Love You\"}]},{\"@type\":\"WebSite\",\"@id\":\"https:\/\/wpguerssen-test.odoo.rgbconsulting.com\/es\/#website\",\"url\":\"https:\/\/wpguerssen-test.odoo.rgbconsulting.com\/es\/\",\"name\":\"Guerssen records\",\"description\":\"psychedelia - progressive - folk - garage \",\"publisher\":{\"@id\":\"https:\/\/wpguerssen-test.odoo.rgbconsulting.com\/es\/#organization\"},\"potentialAction\":[{\"@type\":\"SearchAction\",\"target\":{\"@type\":\"EntryPoint\",\"urlTemplate\":\"https:\/\/wpguerssen-test.odoo.rgbconsulting.com\/es\/?s={search_term_string}\"},\"query-input\":{\"@type\":\"PropertyValueSpecification\",\"valueRequired\":true,\"valueName\":\"search_term_string\"}}],\"inLanguage\":\"es\"},{\"@type\":\"Organization\",\"@id\":\"https:\/\/wpguerssen-test.odoo.rgbconsulting.com\/es\/#organization\",\"name\":\"Guerssen records\",\"url\":\"https:\/\/wpguerssen-test.odoo.rgbconsulting.com\/es\/\",\"logo\":{\"@type\":\"ImageObject\",\"inLanguage\":\"es\",\"@id\":\"https:\/\/wpguerssen-test.odoo.rgbconsulting.com\/es\/#\/schema\/logo\/image\/\",\"url\":\"https:\/\/wpguerssen-test.odoo.rgbconsulting.com\/wp-content\/uploads\/2022\/04\/Logo_Guerssen_trans_100.png\",\"contentUrl\":\"https:\/\/wpguerssen-test.odoo.rgbconsulting.com\/wp-content\/uploads\/2022\/04\/Logo_Guerssen_trans_100.png\",\"width\":122,\"height\":100,\"caption\":\"Guerssen records\"},\"image\":{\"@id\":\"https:\/\/wpguerssen-test.odoo.rgbconsulting.com\/es\/#\/schema\/logo\/image\/\"}}]}<\/script>\n<!-- \/ Yoast SEO plugin. -->","yoast_head_json":{"title":"TIMELESS LEGEND - I Was Born To Love You -  (LP) | Guerssen","description":"In 1980, four years after the release of their debut LP, Synchronized, Timeless Legend released 'I Was Born To Love You'. Its subtle groove and timeless disco sensibilities have long captivated crate diggers and fans of rare groove alike - catapulting prices for their 7\" singles to the four-figure range. But one listen and it's clear to see why fanatical listeners have spent a considerable portion of their life savings on these records. From sweet soul ballads to mellow dance tunes, the Ohio four piece vocal unit truly does it all - and boy, do they look good while they do it. For the first time ever, P-VINE has collected 'I Was Born To Love You' with the songs from their other 7\" singles to create Timeless Legend's other LP! Available on limited edition vinyl with an obi-strip, this record is sure to become a timeless legend of its own!","robots":{"index":"index","follow":"follow","max-snippet":"max-snippet:-1","max-image-preview":"max-image-preview:large","max-video-preview":"max-video-preview:-1"},"canonical":"https:\/\/wpguerssen-test.odoo.rgbconsulting.com\/es\/producto\/i-was-born-to-love-you\/","og_locale":"es_ES","og_type":"article","og_title":"TIMELESS LEGEND - I Was Born To Love You -  (LP) | Guerssen","og_description":"In 1980, four years after the release of their debut LP, Synchronized, Timeless Legend released 'I Was Born To Love You'. Its subtle groove and timeless disco sensibilities have long captivated crate diggers and fans of rare groove alike - catapulting prices for their 7\" singles to the four-figure range. But one listen and it's clear to see why fanatical listeners have spent a considerable portion of their life savings on these records. From sweet soul ballads to mellow dance tunes, the Ohio four piece vocal unit truly does it all - and boy, do they look good while they do it. For the first time ever, P-VINE has collected 'I Was Born To Love You' with the songs from their other 7\" singles to create Timeless Legend's other LP! Available on limited edition vinyl with an obi-strip, this record is sure to become a timeless legend of its own!","og_url":"https:\/\/wpguerssen-test.odoo.rgbconsulting.com\/es\/producto\/i-was-born-to-love-you\/","og_site_name":"Guerssen records","article_modified_time":"2024-02-22T08:42:38+00:00","og_image":[{"width":2560,"height":2536,"url":"https:\/\/wpguerssen-test.odoo.rgbconsulting.com\/wp-content\/uploads\/2023\/06\/43844-scaled.jpg","type":"image\/jpeg"}],"twitter_card":"summary_large_image","twitter_title":"TIMELESS LEGEND - I Was Born To Love You -  (LP) | Guerssen","twitter_misc":{"Tiempo de lectura":"1 minuto"},"schema":{"@context":"https:\/\/schema.org","@graph":[{"@type":"WebPage","@id":"https:\/\/wpguerssen-test.odoo.rgbconsulting.com\/es\/producto\/i-was-born-to-love-you\/","url":"https:\/\/wpguerssen-test.odoo.rgbconsulting.com\/es\/producto\/i-was-born-to-love-you\/","name":"TIMELESS LEGEND - I Was Born To Love You - (LP) | Guerssen","isPartOf":{"@id":"https:\/\/wpguerssen-test.odoo.rgbconsulting.com\/es\/#website"},"primaryImageOfPage":{"@id":"https:\/\/wpguerssen-test.odoo.rgbconsulting.com\/es\/producto\/i-was-born-to-love-you\/#primaryimage"},"image":{"@id":"https:\/\/wpguerssen-test.odoo.rgbconsulting.com\/es\/producto\/i-was-born-to-love-you\/#primaryimage"},"thumbnailUrl":"https:\/\/wpguerssen-test.odoo.rgbconsulting.com\/wp-content\/uploads\/2023\/06\/43844-scaled.jpg","datePublished":"2023-08-20T22:00:00+00:00","dateModified":"2024-02-22T08:42:38+00:00","description":"In 1980, four years after the release of their debut LP, Synchronized, Timeless Legend released 'I Was Born To Love You'. Its subtle groove and timeless disco sensibilities have long captivated crate diggers and fans of rare groove alike - catapulting prices for their 7\" singles to the four-figure range. But one listen and it's clear to see why fanatical listeners have spent a considerable portion of their life savings on these records. From sweet soul ballads to mellow dance tunes, the Ohio four piece vocal unit truly does it all - and boy, do they look good while they do it. For the first time ever, P-VINE has collected 'I Was Born To Love You' with the songs from their other 7\" singles to create Timeless Legend's other LP! Available on limited edition vinyl with an obi-strip, this record is sure to become a timeless legend of its own!","breadcrumb":{"@id":"https:\/\/wpguerssen-test.odoo.rgbconsulting.com\/es\/producto\/i-was-born-to-love-you\/#breadcrumb"},"inLanguage":"es","potentialAction":[{"@type":"ReadAction","target":["https:\/\/wpguerssen-test.odoo.rgbconsulting.com\/es\/producto\/i-was-born-to-love-you\/"]}]},{"@type":"ImageObject","inLanguage":"es","@id":"https:\/\/wpguerssen-test.odoo.rgbconsulting.com\/es\/producto\/i-was-born-to-love-you\/#primaryimage","url":"https:\/\/wpguerssen-test.odoo.rgbconsulting.com\/wp-content\/uploads\/2023\/06\/43844-scaled.jpg","contentUrl":"https:\/\/wpguerssen-test.odoo.rgbconsulting.com\/wp-content\/uploads\/2023\/06\/43844-scaled.jpg","width":2560,"height":2536},{"@type":"BreadcrumbList","@id":"https:\/\/wpguerssen-test.odoo.rgbconsulting.com\/es\/producto\/i-was-born-to-love-you\/#breadcrumb","itemListElement":[{"@type":"ListItem","position":1,"name":"Inicio","item":"https:\/\/wpguerssen-test.odoo.rgbconsulting.com\/es\/"},{"@type":"ListItem","position":2,"name":"Shop","item":"https:\/\/wpguerssen-test.odoo.rgbconsulting.com\/shop\/"},{"@type":"ListItem","position":3,"name":"I Was Born To Love You"}]},{"@type":"WebSite","@id":"https:\/\/wpguerssen-test.odoo.rgbconsulting.com\/es\/#website","url":"https:\/\/wpguerssen-test.odoo.rgbconsulting.com\/es\/","name":"Guerssen records","description":"psychedelia - progressive - folk - garage ","publisher":{"@id":"https:\/\/wpguerssen-test.odoo.rgbconsulting.com\/es\/#organization"},"potentialAction":[{"@type":"SearchAction","target":{"@type":"EntryPoint","urlTemplate":"https:\/\/wpguerssen-test.odoo.rgbconsulting.com\/es\/?s={search_term_string}"},"query-input":{"@type":"PropertyValueSpecification","valueRequired":true,"valueName":"search_term_string"}}],"inLanguage":"es"},{"@type":"Organization","@id":"https:\/\/wpguerssen-test.odoo.rgbconsulting.com\/es\/#organization","name":"Guerssen records","url":"https:\/\/wpguerssen-test.odoo.rgbconsulting.com\/es\/","logo":{"@type":"ImageObject","inLanguage":"es","@id":"https:\/\/wpguerssen-test.odoo.rgbconsulting.com\/es\/#\/schema\/logo\/image\/","url":"https:\/\/wpguerssen-test.odoo.rgbconsulting.com\/wp-content\/uploads\/2022\/04\/Logo_Guerssen_trans_100.png","contentUrl":"https:\/\/wpguerssen-test.odoo.rgbconsulting.com\/wp-content\/uploads\/2022\/04\/Logo_Guerssen_trans_100.png","width":122,"height":100,"caption":"Guerssen records"},"image":{"@id":"https:\/\/wpguerssen-test.odoo.rgbconsulting.com\/es\/#\/schema\/logo\/image\/"}}]}},"_links":{"self":[{"href":"https:\/\/wpguerssen-test.odoo.rgbconsulting.com\/es\/wp-json\/wp\/v2\/product\/233826","targetHints":{"allow":["GET"]}}],"collection":[{"href":"https:\/\/wpguerssen-test.odoo.rgbconsulting.com\/es\/wp-json\/wp\/v2\/product"}],"about":[{"href":"https:\/\/wpguerssen-test.odoo.rgbconsulting.com\/es\/wp-json\/wp\/v2\/types\/product"}],"wp:featuredmedia":[{"embeddable":true,"href":"https:\/\/wpguerssen-test.odoo.rgbconsulting.com\/es\/wp-json\/wp\/v2\/media\/233761"}],"wp:attachment":[{"href":"https:\/\/wpguerssen-test.odoo.rgbconsulting.com\/es\/wp-json\/wp\/v2\/media?parent=233826"}],"wp:term":[{"taxonomy":"product_brand","embeddable":true,"href":"https:\/\/wpguerssen-test.odoo.rgbconsulting.com\/es\/wp-json\/wp\/v2\/product_brand?post=233826"},{"taxonomy":"product_cat","embeddable":true,"href":"https:\/\/wpguerssen-test.odoo.rgbconsulting.com\/es\/wp-json\/wp\/v2\/product_cat?post=233826"},{"taxonomy":"product_tag","embeddable":true,"href":"https:\/\/wpguerssen-test.odoo.rgbconsulting.com\/es\/wp-json\/wp\/v2\/product_tag?post=233826"}],"curies":[{"name":"wp","href":"https:\/\/api.w.org\/{rel}","templated":true}]}}