{"id":233828,"date":"2023-08-21T00:00:00","date_gmt":"2023-08-20T22:00:00","guid":{"rendered":"https:\/\/wpguerssen-test.odoo.rgbconsulting.com\/product\/together\/"},"modified":"2024-02-22T09:42:50","modified_gmt":"2024-02-22T08:42:50","slug":"together","status":"publish","type":"product","link":"https:\/\/wpguerssen-test.odoo.rgbconsulting.com\/es\/producto\/together\/","title":{"rendered":"Together"},"content":{"rendered":"<p>Del famoso sello de estafas fiscales \u00abTiger Lily Records\u00bb, llega otro disco de soul ultra raro, Together, reeditado por primera vez.<br \/>Una portada rosa impactante, con un simple logo negro pintado encima. Adem\u00e1s de los t\u00edtulos de las canciones, los compositores y el ic\u00f3nico nombre de Tiger Lily Records, no aparecen cr\u00e9ditos en ninguna parte de este misterioso disco. Sin embargo, el sonido, que recuerda al alma adolescente de los Jackson Five, y de las Jackson Sisters ha recibido grandes elogios, apareciendo a menudo en las listas del Grial para los rebuscadores incondicionales.<br \/>Despu\u00e9s de llamar la atenci\u00f3n del fundador y principal productor de Woodstock, Michael Lange, en 1975, Together firm\u00f3 un contrato con un importante sello discogr\u00e1fico. Es decir, hasta el cambio de voz prematuro del vocalista principal adolescente an\u00f3nimo. El disco se archiv\u00f3 en el \u00faltimo minuto y, a trav\u00e9s de una serie de circunstancias desconocidas, termin\u00f3 siendo lanzado por Tiger Lily Records. \u00a1Pero escuchalo una vez y la historia del \u00e1lbum ser\u00e1 la \u00faltima de sus preocupaciones!<br \/>Las encantadoras armon\u00edas vocales de los cantantes adolescentes, el sonido de la banda incre\u00edblemente bailable: \u00a1todo lo que podr\u00edas desear est\u00e1 ah\u00ed! Desde el n\u00famero de baile de apertura \u00abOne Kiss And Then\u00bb hasta la dulce balada de soul \u00abCan I Be The Woman\u00bb, \u00a1este disco est\u00e1 repleto de soul y groove de los 70! \u00a1P-VINE est\u00e1 encantado de reeditar el debut hom\u00f3nimo de Together por primera vez, en vinilo de edici\u00f3n limitada con una tira obi adjunta y Guerssen te lo acerca a estas latitudes!!<\/p>\n","protected":false},"excerpt":{"rendered":"<p>Del famoso sello de estafas fiscales \u00abTiger Lily Records\u00bb, llega otro disco de soul ultra raro, Together, reeditado por primera vez.<br \/>Una portada rosa impactante,<a class=\"read\" href=\"https:\/\/wpguerssen-test.odoo.rgbconsulting.com\/es\/producto\/together\/\"> (...)<\/a>","protected":false},"featured_media":233767,"template":"","meta":{"_acf_changed":false},"product_brand":[],"product_cat":[21649],"product_tag":[],"class_list":{"0":"post-233828","1":"product","2":"type-product","3":"status-publish","4":"has-post-thumbnail","6":"product_cat-soul-rnb-es","7":"pa_artist-together","8":"pa_format-lp-es","9":"pa_gender-soul-rnb","10":"pa_label-p-vine","11":"pa_location-north-america-es","12":"pa_other-filters-vinyl-only-es","14":"first","15":"instock","16":"taxable","17":"shipping-taxable","18":"purchasable","19":"product-type-simple"},"acf":[],"yoast_head":"<!-- This site is optimized with the Yoast SEO plugin v24.9 - https:\/\/yoast.com\/wordpress\/plugins\/seo\/ -->\n<title>TOGETHER - Together -  (LP) | Guerssen<\/title>\n<meta name=\"description\" content=\"From famed tax scam label &quot;Tiger Lily Records&quot;, comes another ultra rare soul record - Together - reissued for the first time ever.A shocking pink cover, with a simple black logo painted on top of it. Besides song titles, composers, and the iconic Tiger Lily Records name, no credits appear anywhere on this mysterious record. Yet the sound, reminiscent of the teen soul of the Jackson Five, and Jackson Sisters has garnered high praise - often appearing on grail lists for hardcore crate diggers.After catching the eye of Woodstock founder and major producer Michael Lange in 1975, Together signed a deal with a major record label. That is, until the untimely voice change of the unnamed teenage lead vocalist. The record was shelved at the last minute, and through a series of unknown circumstances, ended up being released by Tiger Lily Records. But take one listen and the album&#039;s history will be the last of your concerns!The charming vocal harmonies of the teenage singers, the incredibly danceable band sound - everything you could want is there! From the dance number opener &quot;One Kiss And Then&quot; to sweet soul ballad &quot;Can I Be The Woman&quot;, this record is packed full of 70s soul and groove! P-VINE is thrilled to be reissuing Together&#039;s self-titled debut for the first time ever, on limited edition vinyl with an obi-strip attached!\" \/>\n<meta name=\"robots\" content=\"index, follow, max-snippet:-1, max-image-preview:large, max-video-preview:-1\" \/>\n<link rel=\"canonical\" href=\"https:\/\/wpguerssen-test.odoo.rgbconsulting.com\/es\/producto\/together\/\" \/>\n<meta property=\"og:locale\" content=\"es_ES\" \/>\n<meta property=\"og:type\" content=\"article\" \/>\n<meta property=\"og:title\" content=\"TOGETHER - Together -  (LP) | Guerssen\" \/>\n<meta property=\"og:description\" content=\"From famed tax scam label &quot;Tiger Lily Records&quot;, comes another ultra rare soul record - Together - reissued for the first time ever.A shocking pink cover, with a simple black logo painted on top of it. Besides song titles, composers, and the iconic Tiger Lily Records name, no credits appear anywhere on this mysterious record. Yet the sound, reminiscent of the teen soul of the Jackson Five, and Jackson Sisters has garnered high praise - often appearing on grail lists for hardcore crate diggers.After catching the eye of Woodstock founder and major producer Michael Lange in 1975, Together signed a deal with a major record label. That is, until the untimely voice change of the unnamed teenage lead vocalist. The record was shelved at the last minute, and through a series of unknown circumstances, ended up being released by Tiger Lily Records. But take one listen and the album&#039;s history will be the last of your concerns!The charming vocal harmonies of the teenage singers, the incredibly danceable band sound - everything you could want is there! From the dance number opener &quot;One Kiss And Then&quot; to sweet soul ballad &quot;Can I Be The Woman&quot;, this record is packed full of 70s soul and groove! P-VINE is thrilled to be reissuing Together&#039;s self-titled debut for the first time ever, on limited edition vinyl with an obi-strip attached!\" \/>\n<meta property=\"og:url\" content=\"https:\/\/wpguerssen-test.odoo.rgbconsulting.com\/es\/producto\/together\/\" \/>\n<meta property=\"og:site_name\" content=\"Guerssen records\" \/>\n<meta property=\"article:modified_time\" content=\"2024-02-22T08:42:50+00:00\" \/>\n<meta property=\"og:image\" content=\"https:\/\/wpguerssen-test.odoo.rgbconsulting.com\/wp-content\/uploads\/2023\/06\/43846-scaled.jpg\" \/>\n\t<meta property=\"og:image:width\" content=\"2560\" \/>\n\t<meta property=\"og:image:height\" content=\"2537\" \/>\n\t<meta property=\"og:image:type\" content=\"image\/jpeg\" \/>\n<meta name=\"twitter:card\" content=\"summary_large_image\" \/>\n<meta name=\"twitter:title\" content=\"TOGETHER - Together -  (LP) | Guerssen\" \/>\n<meta name=\"twitter:label1\" content=\"Tiempo de lectura\" \/>\n\t<meta name=\"twitter:data1\" content=\"1 minuto\" \/>\n<script type=\"application\/ld+json\" class=\"yoast-schema-graph\">{\"@context\":\"https:\/\/schema.org\",\"@graph\":[{\"@type\":\"WebPage\",\"@id\":\"https:\/\/wpguerssen-test.odoo.rgbconsulting.com\/es\/producto\/together\/\",\"url\":\"https:\/\/wpguerssen-test.odoo.rgbconsulting.com\/es\/producto\/together\/\",\"name\":\"TOGETHER - Together - (LP) | Guerssen\",\"isPartOf\":{\"@id\":\"https:\/\/wpguerssen-test.odoo.rgbconsulting.com\/es\/#website\"},\"primaryImageOfPage\":{\"@id\":\"https:\/\/wpguerssen-test.odoo.rgbconsulting.com\/es\/producto\/together\/#primaryimage\"},\"image\":{\"@id\":\"https:\/\/wpguerssen-test.odoo.rgbconsulting.com\/es\/producto\/together\/#primaryimage\"},\"thumbnailUrl\":\"https:\/\/wpguerssen-test.odoo.rgbconsulting.com\/wp-content\/uploads\/2023\/06\/43846-scaled.jpg\",\"datePublished\":\"2023-08-20T22:00:00+00:00\",\"dateModified\":\"2024-02-22T08:42:50+00:00\",\"description\":\"From famed tax scam label \\\"Tiger Lily Records\\\", comes another ultra rare soul record - Together - reissued for the first time ever.A shocking pink cover, with a simple black logo painted on top of it. Besides song titles, composers, and the iconic Tiger Lily Records name, no credits appear anywhere on this mysterious record. Yet the sound, reminiscent of the teen soul of the Jackson Five, and Jackson Sisters has garnered high praise - often appearing on grail lists for hardcore crate diggers.After catching the eye of Woodstock founder and major producer Michael Lange in 1975, Together signed a deal with a major record label. That is, until the untimely voice change of the unnamed teenage lead vocalist. The record was shelved at the last minute, and through a series of unknown circumstances, ended up being released by Tiger Lily Records. But take one listen and the album's history will be the last of your concerns!The charming vocal harmonies of the teenage singers, the incredibly danceable band sound - everything you could want is there! From the dance number opener \\\"One Kiss And Then\\\" to sweet soul ballad \\\"Can I Be The Woman\\\", this record is packed full of 70s soul and groove! P-VINE is thrilled to be reissuing Together's self-titled debut for the first time ever, on limited edition vinyl with an obi-strip attached!\",\"breadcrumb\":{\"@id\":\"https:\/\/wpguerssen-test.odoo.rgbconsulting.com\/es\/producto\/together\/#breadcrumb\"},\"inLanguage\":\"es\",\"potentialAction\":[{\"@type\":\"ReadAction\",\"target\":[\"https:\/\/wpguerssen-test.odoo.rgbconsulting.com\/es\/producto\/together\/\"]}]},{\"@type\":\"ImageObject\",\"inLanguage\":\"es\",\"@id\":\"https:\/\/wpguerssen-test.odoo.rgbconsulting.com\/es\/producto\/together\/#primaryimage\",\"url\":\"https:\/\/wpguerssen-test.odoo.rgbconsulting.com\/wp-content\/uploads\/2023\/06\/43846-scaled.jpg\",\"contentUrl\":\"https:\/\/wpguerssen-test.odoo.rgbconsulting.com\/wp-content\/uploads\/2023\/06\/43846-scaled.jpg\",\"width\":2560,\"height\":2537},{\"@type\":\"BreadcrumbList\",\"@id\":\"https:\/\/wpguerssen-test.odoo.rgbconsulting.com\/es\/producto\/together\/#breadcrumb\",\"itemListElement\":[{\"@type\":\"ListItem\",\"position\":1,\"name\":\"Inicio\",\"item\":\"https:\/\/wpguerssen-test.odoo.rgbconsulting.com\/es\/\"},{\"@type\":\"ListItem\",\"position\":2,\"name\":\"Shop\",\"item\":\"https:\/\/wpguerssen-test.odoo.rgbconsulting.com\/shop\/\"},{\"@type\":\"ListItem\",\"position\":3,\"name\":\"Together\"}]},{\"@type\":\"WebSite\",\"@id\":\"https:\/\/wpguerssen-test.odoo.rgbconsulting.com\/es\/#website\",\"url\":\"https:\/\/wpguerssen-test.odoo.rgbconsulting.com\/es\/\",\"name\":\"Guerssen records\",\"description\":\"psychedelia - progressive - folk - garage \",\"publisher\":{\"@id\":\"https:\/\/wpguerssen-test.odoo.rgbconsulting.com\/es\/#organization\"},\"potentialAction\":[{\"@type\":\"SearchAction\",\"target\":{\"@type\":\"EntryPoint\",\"urlTemplate\":\"https:\/\/wpguerssen-test.odoo.rgbconsulting.com\/es\/?s={search_term_string}\"},\"query-input\":{\"@type\":\"PropertyValueSpecification\",\"valueRequired\":true,\"valueName\":\"search_term_string\"}}],\"inLanguage\":\"es\"},{\"@type\":\"Organization\",\"@id\":\"https:\/\/wpguerssen-test.odoo.rgbconsulting.com\/es\/#organization\",\"name\":\"Guerssen records\",\"url\":\"https:\/\/wpguerssen-test.odoo.rgbconsulting.com\/es\/\",\"logo\":{\"@type\":\"ImageObject\",\"inLanguage\":\"es\",\"@id\":\"https:\/\/wpguerssen-test.odoo.rgbconsulting.com\/es\/#\/schema\/logo\/image\/\",\"url\":\"https:\/\/wpguerssen-test.odoo.rgbconsulting.com\/wp-content\/uploads\/2022\/04\/Logo_Guerssen_trans_100.png\",\"contentUrl\":\"https:\/\/wpguerssen-test.odoo.rgbconsulting.com\/wp-content\/uploads\/2022\/04\/Logo_Guerssen_trans_100.png\",\"width\":122,\"height\":100,\"caption\":\"Guerssen records\"},\"image\":{\"@id\":\"https:\/\/wpguerssen-test.odoo.rgbconsulting.com\/es\/#\/schema\/logo\/image\/\"}}]}<\/script>\n<!-- \/ Yoast SEO plugin. -->","yoast_head_json":{"title":"TOGETHER - Together -  (LP) | Guerssen","description":"From famed tax scam label \"Tiger Lily Records\", comes another ultra rare soul record - Together - reissued for the first time ever.A shocking pink cover, with a simple black logo painted on top of it. Besides song titles, composers, and the iconic Tiger Lily Records name, no credits appear anywhere on this mysterious record. Yet the sound, reminiscent of the teen soul of the Jackson Five, and Jackson Sisters has garnered high praise - often appearing on grail lists for hardcore crate diggers.After catching the eye of Woodstock founder and major producer Michael Lange in 1975, Together signed a deal with a major record label. That is, until the untimely voice change of the unnamed teenage lead vocalist. The record was shelved at the last minute, and through a series of unknown circumstances, ended up being released by Tiger Lily Records. But take one listen and the album's history will be the last of your concerns!The charming vocal harmonies of the teenage singers, the incredibly danceable band sound - everything you could want is there! From the dance number opener \"One Kiss And Then\" to sweet soul ballad \"Can I Be The Woman\", this record is packed full of 70s soul and groove! P-VINE is thrilled to be reissuing Together's self-titled debut for the first time ever, on limited edition vinyl with an obi-strip attached!","robots":{"index":"index","follow":"follow","max-snippet":"max-snippet:-1","max-image-preview":"max-image-preview:large","max-video-preview":"max-video-preview:-1"},"canonical":"https:\/\/wpguerssen-test.odoo.rgbconsulting.com\/es\/producto\/together\/","og_locale":"es_ES","og_type":"article","og_title":"TOGETHER - Together -  (LP) | Guerssen","og_description":"From famed tax scam label \"Tiger Lily Records\", comes another ultra rare soul record - Together - reissued for the first time ever.A shocking pink cover, with a simple black logo painted on top of it. Besides song titles, composers, and the iconic Tiger Lily Records name, no credits appear anywhere on this mysterious record. Yet the sound, reminiscent of the teen soul of the Jackson Five, and Jackson Sisters has garnered high praise - often appearing on grail lists for hardcore crate diggers.After catching the eye of Woodstock founder and major producer Michael Lange in 1975, Together signed a deal with a major record label. That is, until the untimely voice change of the unnamed teenage lead vocalist. The record was shelved at the last minute, and through a series of unknown circumstances, ended up being released by Tiger Lily Records. But take one listen and the album's history will be the last of your concerns!The charming vocal harmonies of the teenage singers, the incredibly danceable band sound - everything you could want is there! From the dance number opener \"One Kiss And Then\" to sweet soul ballad \"Can I Be The Woman\", this record is packed full of 70s soul and groove! P-VINE is thrilled to be reissuing Together's self-titled debut for the first time ever, on limited edition vinyl with an obi-strip attached!","og_url":"https:\/\/wpguerssen-test.odoo.rgbconsulting.com\/es\/producto\/together\/","og_site_name":"Guerssen records","article_modified_time":"2024-02-22T08:42:50+00:00","og_image":[{"width":2560,"height":2537,"url":"https:\/\/wpguerssen-test.odoo.rgbconsulting.com\/wp-content\/uploads\/2023\/06\/43846-scaled.jpg","type":"image\/jpeg"}],"twitter_card":"summary_large_image","twitter_title":"TOGETHER - Together -  (LP) | Guerssen","twitter_misc":{"Tiempo de lectura":"1 minuto"},"schema":{"@context":"https:\/\/schema.org","@graph":[{"@type":"WebPage","@id":"https:\/\/wpguerssen-test.odoo.rgbconsulting.com\/es\/producto\/together\/","url":"https:\/\/wpguerssen-test.odoo.rgbconsulting.com\/es\/producto\/together\/","name":"TOGETHER - Together - (LP) | Guerssen","isPartOf":{"@id":"https:\/\/wpguerssen-test.odoo.rgbconsulting.com\/es\/#website"},"primaryImageOfPage":{"@id":"https:\/\/wpguerssen-test.odoo.rgbconsulting.com\/es\/producto\/together\/#primaryimage"},"image":{"@id":"https:\/\/wpguerssen-test.odoo.rgbconsulting.com\/es\/producto\/together\/#primaryimage"},"thumbnailUrl":"https:\/\/wpguerssen-test.odoo.rgbconsulting.com\/wp-content\/uploads\/2023\/06\/43846-scaled.jpg","datePublished":"2023-08-20T22:00:00+00:00","dateModified":"2024-02-22T08:42:50+00:00","description":"From famed tax scam label \"Tiger Lily Records\", comes another ultra rare soul record - Together - reissued for the first time ever.A shocking pink cover, with a simple black logo painted on top of it. Besides song titles, composers, and the iconic Tiger Lily Records name, no credits appear anywhere on this mysterious record. Yet the sound, reminiscent of the teen soul of the Jackson Five, and Jackson Sisters has garnered high praise - often appearing on grail lists for hardcore crate diggers.After catching the eye of Woodstock founder and major producer Michael Lange in 1975, Together signed a deal with a major record label. That is, until the untimely voice change of the unnamed teenage lead vocalist. The record was shelved at the last minute, and through a series of unknown circumstances, ended up being released by Tiger Lily Records. But take one listen and the album's history will be the last of your concerns!The charming vocal harmonies of the teenage singers, the incredibly danceable band sound - everything you could want is there! From the dance number opener \"One Kiss And Then\" to sweet soul ballad \"Can I Be The Woman\", this record is packed full of 70s soul and groove! P-VINE is thrilled to be reissuing Together's self-titled debut for the first time ever, on limited edition vinyl with an obi-strip attached!","breadcrumb":{"@id":"https:\/\/wpguerssen-test.odoo.rgbconsulting.com\/es\/producto\/together\/#breadcrumb"},"inLanguage":"es","potentialAction":[{"@type":"ReadAction","target":["https:\/\/wpguerssen-test.odoo.rgbconsulting.com\/es\/producto\/together\/"]}]},{"@type":"ImageObject","inLanguage":"es","@id":"https:\/\/wpguerssen-test.odoo.rgbconsulting.com\/es\/producto\/together\/#primaryimage","url":"https:\/\/wpguerssen-test.odoo.rgbconsulting.com\/wp-content\/uploads\/2023\/06\/43846-scaled.jpg","contentUrl":"https:\/\/wpguerssen-test.odoo.rgbconsulting.com\/wp-content\/uploads\/2023\/06\/43846-scaled.jpg","width":2560,"height":2537},{"@type":"BreadcrumbList","@id":"https:\/\/wpguerssen-test.odoo.rgbconsulting.com\/es\/producto\/together\/#breadcrumb","itemListElement":[{"@type":"ListItem","position":1,"name":"Inicio","item":"https:\/\/wpguerssen-test.odoo.rgbconsulting.com\/es\/"},{"@type":"ListItem","position":2,"name":"Shop","item":"https:\/\/wpguerssen-test.odoo.rgbconsulting.com\/shop\/"},{"@type":"ListItem","position":3,"name":"Together"}]},{"@type":"WebSite","@id":"https:\/\/wpguerssen-test.odoo.rgbconsulting.com\/es\/#website","url":"https:\/\/wpguerssen-test.odoo.rgbconsulting.com\/es\/","name":"Guerssen records","description":"psychedelia - progressive - folk - garage ","publisher":{"@id":"https:\/\/wpguerssen-test.odoo.rgbconsulting.com\/es\/#organization"},"potentialAction":[{"@type":"SearchAction","target":{"@type":"EntryPoint","urlTemplate":"https:\/\/wpguerssen-test.odoo.rgbconsulting.com\/es\/?s={search_term_string}"},"query-input":{"@type":"PropertyValueSpecification","valueRequired":true,"valueName":"search_term_string"}}],"inLanguage":"es"},{"@type":"Organization","@id":"https:\/\/wpguerssen-test.odoo.rgbconsulting.com\/es\/#organization","name":"Guerssen records","url":"https:\/\/wpguerssen-test.odoo.rgbconsulting.com\/es\/","logo":{"@type":"ImageObject","inLanguage":"es","@id":"https:\/\/wpguerssen-test.odoo.rgbconsulting.com\/es\/#\/schema\/logo\/image\/","url":"https:\/\/wpguerssen-test.odoo.rgbconsulting.com\/wp-content\/uploads\/2022\/04\/Logo_Guerssen_trans_100.png","contentUrl":"https:\/\/wpguerssen-test.odoo.rgbconsulting.com\/wp-content\/uploads\/2022\/04\/Logo_Guerssen_trans_100.png","width":122,"height":100,"caption":"Guerssen records"},"image":{"@id":"https:\/\/wpguerssen-test.odoo.rgbconsulting.com\/es\/#\/schema\/logo\/image\/"}}]}},"_links":{"self":[{"href":"https:\/\/wpguerssen-test.odoo.rgbconsulting.com\/es\/wp-json\/wp\/v2\/product\/233828","targetHints":{"allow":["GET"]}}],"collection":[{"href":"https:\/\/wpguerssen-test.odoo.rgbconsulting.com\/es\/wp-json\/wp\/v2\/product"}],"about":[{"href":"https:\/\/wpguerssen-test.odoo.rgbconsulting.com\/es\/wp-json\/wp\/v2\/types\/product"}],"wp:featuredmedia":[{"embeddable":true,"href":"https:\/\/wpguerssen-test.odoo.rgbconsulting.com\/es\/wp-json\/wp\/v2\/media\/233767"}],"wp:attachment":[{"href":"https:\/\/wpguerssen-test.odoo.rgbconsulting.com\/es\/wp-json\/wp\/v2\/media?parent=233828"}],"wp:term":[{"taxonomy":"product_brand","embeddable":true,"href":"https:\/\/wpguerssen-test.odoo.rgbconsulting.com\/es\/wp-json\/wp\/v2\/product_brand?post=233828"},{"taxonomy":"product_cat","embeddable":true,"href":"https:\/\/wpguerssen-test.odoo.rgbconsulting.com\/es\/wp-json\/wp\/v2\/product_cat?post=233828"},{"taxonomy":"product_tag","embeddable":true,"href":"https:\/\/wpguerssen-test.odoo.rgbconsulting.com\/es\/wp-json\/wp\/v2\/product_tag?post=233828"}],"curies":[{"name":"wp","href":"https:\/\/api.w.org\/{rel}","templated":true}]}}