{"id":233829,"date":"2023-08-21T00:00:00","date_gmt":"2023-08-20T22:00:00","guid":{"rendered":"https:\/\/wpguerssen-test.odoo.rgbconsulting.com\/product\/gonna-get-your-cherry\/"},"modified":"2024-02-22T09:42:56","modified_gmt":"2024-02-22T08:42:56","slug":"gonna-get-your-cherry","status":"publish","type":"product","link":"https:\/\/wpguerssen-test.odoo.rgbconsulting.com\/es\/producto\/gonna-get-your-cherry\/","title":{"rendered":"Gonna Get Your Cherry"},"content":{"rendered":"<p>Grabado originalmente en 1977 por un peque\u00f1o batall\u00f3n de adolescentes (supuestamente hab\u00eda m\u00e1s de diez miembros), Gonna Get Your Cherry fue el lanzamiento inaugural de Groove Diggers en 2006. \u00bfEl t\u00edtulo es inmaduro? Tal vez. Pero no hay nada inmaduro en las 11 pistas de funk conmovedor y bailable que componen el \u00e1lbum. Desde el tema que abre el \u00e1lbum, \u00abCan&#8217;t Hide the Funk\u00bb, la habilidad de estos j\u00f3venes m\u00fasicos se muestra de inmediato, con armon\u00edas vocales y una secci\u00f3n r\u00edtmica tan ajustada que podr\u00edas confundirlos con artistas que les doblan la edad. Sigue la canci\u00f3n principal \u00abGonna Get Your Cherry\u00bb, con un ritmo tan maravilloso que incluso pensar en la canci\u00f3n te har\u00e1 dar golpecitos con el pie. \u00abInstrumental Soul\u00bb es, como se describe, uno de los mejores soul-funk instrumentales de este lado de Chicago, con un ardiente solo de saxof\u00f3n y un rasgueo de guitarra entrecortado que te har\u00e1 bailar en un abrir y cerrar de ojos.<br \/>En comparaci\u00f3n, el tema de apertura de la cara B, \u00abLiving In Style\u00bb y \u00abWho Wants To Fall In Love\u00bb, son asuntos discretos, con vocalistas femeninas y un coro de acompa\u00f1amiento que da espacio para que brille el lado m\u00e1s conmovedor de Washington Jamb Band. Incluyendo la pista nunca antes reeditada (en vinilo) \u00abIn The Clouds\u00bb, dos bonus tracks al estilo boogie y una obi-strip, \u00a1esta es la mejor reedici\u00f3n que jam\u00e1s haya llegado al mercado! \u00a1Aseg\u00farate de no perderte Gonna Get Your Cherry de Washington Jamb Band, solo de P-VINE Records!<\/p>\n","protected":false},"excerpt":{"rendered":"<p>Grabado originalmente en 1977 por un peque\u00f1o batall\u00f3n de adolescentes (supuestamente hab\u00eda m\u00e1s de diez miembros), Gonna Get Your Cherry fue el lanzamiento inaugural<a class=\"read\" href=\"https:\/\/wpguerssen-test.odoo.rgbconsulting.com\/es\/producto\/gonna-get-your-cherry\/\"> (...)<\/a>","protected":false},"featured_media":233770,"template":"","meta":{"_acf_changed":false},"product_brand":[],"product_cat":[21649],"product_tag":[],"class_list":{"0":"post-233829","1":"product","2":"type-product","3":"status-publish","4":"has-post-thumbnail","6":"product_cat-soul-rnb-es","7":"pa_artist-washington-jamb-band","8":"pa_format-lp-es","9":"pa_gender-soul-rnb","10":"pa_label-p-vine","11":"pa_location-north-america-es","12":"pa_other-filters-vinyl-only-es","14":"first","15":"instock","16":"taxable","17":"shipping-taxable","18":"purchasable","19":"product-type-simple"},"acf":[],"yoast_head":"<!-- This site is optimized with the Yoast SEO plugin v24.9 - https:\/\/yoast.com\/wordpress\/plugins\/seo\/ -->\n<title>WASHINGTON JAMB BAND - Gonna Get Your Cherry -  (LP) | Guerssen<\/title>\n<meta name=\"description\" content=\"Originally recorded in 1977 by a small battalion of teenagers (there were supposedly upwards of ten members) Gonna Get Your Cherry was Groove Diggers&#039; inaugural release in 2006! Is the title immature? Perhaps. But there&#039;s nothing immature about the 11 tracks of soulful, danceable funk that the album is made up of. From album opener &quot;Can&#039;t Hide the Funk&quot;, the skill of these young players is on immediate display, with vocal harmonies and a rhythm section so tight you could mistake them for performers twice their age. Title track &quot;Gonna Get Your Cherry&quot; follows, with a beat so groovy even thinking about the song will have you tapping your foot. &quot;Instrumental Soul&quot; is - as described - some of the finest instrumental soul-funk this side of Chicago, with a fiery saxophone solo and staccato guitar strumming that&#039;ll have you dancing in no time. In comparison, B-side opener &quot;Living In Style&quot; and &quot;Who Wants To Fall In Love&quot; are subdued affairs, with female vocalists and a backing chorus giving space for the Washington Jamb Band&#039;s more soulful side to shine. Including the never before reissued (on vinyl) track &quot;In The Clouds&quot;, two boogie-esque bonus tracks, and an obi-strip, this is the finest reissue to ever hit the market! Make sure you don&#039;t miss Washington Jamb Band&#039;s Gonna Get Your Cherry, only from P-VINE Records!\" \/>\n<meta name=\"robots\" content=\"index, follow, max-snippet:-1, max-image-preview:large, max-video-preview:-1\" \/>\n<link rel=\"canonical\" href=\"https:\/\/wpguerssen-test.odoo.rgbconsulting.com\/es\/producto\/gonna-get-your-cherry\/\" \/>\n<meta property=\"og:locale\" content=\"es_ES\" \/>\n<meta property=\"og:type\" content=\"article\" \/>\n<meta property=\"og:title\" content=\"WASHINGTON JAMB BAND - Gonna Get Your Cherry -  (LP) | Guerssen\" \/>\n<meta property=\"og:description\" content=\"Originally recorded in 1977 by a small battalion of teenagers (there were supposedly upwards of ten members) Gonna Get Your Cherry was Groove Diggers&#039; inaugural release in 2006! Is the title immature? Perhaps. But there&#039;s nothing immature about the 11 tracks of soulful, danceable funk that the album is made up of. From album opener &quot;Can&#039;t Hide the Funk&quot;, the skill of these young players is on immediate display, with vocal harmonies and a rhythm section so tight you could mistake them for performers twice their age. Title track &quot;Gonna Get Your Cherry&quot; follows, with a beat so groovy even thinking about the song will have you tapping your foot. &quot;Instrumental Soul&quot; is - as described - some of the finest instrumental soul-funk this side of Chicago, with a fiery saxophone solo and staccato guitar strumming that&#039;ll have you dancing in no time. In comparison, B-side opener &quot;Living In Style&quot; and &quot;Who Wants To Fall In Love&quot; are subdued affairs, with female vocalists and a backing chorus giving space for the Washington Jamb Band&#039;s more soulful side to shine. Including the never before reissued (on vinyl) track &quot;In The Clouds&quot;, two boogie-esque bonus tracks, and an obi-strip, this is the finest reissue to ever hit the market! Make sure you don&#039;t miss Washington Jamb Band&#039;s Gonna Get Your Cherry, only from P-VINE Records!\" \/>\n<meta property=\"og:url\" content=\"https:\/\/wpguerssen-test.odoo.rgbconsulting.com\/es\/producto\/gonna-get-your-cherry\/\" \/>\n<meta property=\"og:site_name\" content=\"Guerssen records\" \/>\n<meta property=\"article:modified_time\" content=\"2024-02-22T08:42:56+00:00\" \/>\n<meta property=\"og:image\" content=\"https:\/\/wpguerssen-test.odoo.rgbconsulting.com\/wp-content\/uploads\/2023\/06\/43847-scaled.jpg\" \/>\n\t<meta property=\"og:image:width\" content=\"2560\" \/>\n\t<meta property=\"og:image:height\" content=\"2535\" \/>\n\t<meta property=\"og:image:type\" content=\"image\/jpeg\" \/>\n<meta name=\"twitter:card\" content=\"summary_large_image\" \/>\n<meta name=\"twitter:title\" content=\"WASHINGTON JAMB BAND - Gonna Get Your Cherry -  (LP) | Guerssen\" \/>\n<meta name=\"twitter:label1\" content=\"Tiempo de lectura\" \/>\n\t<meta name=\"twitter:data1\" content=\"1 minuto\" \/>\n<script type=\"application\/ld+json\" class=\"yoast-schema-graph\">{\"@context\":\"https:\/\/schema.org\",\"@graph\":[{\"@type\":\"WebPage\",\"@id\":\"https:\/\/wpguerssen-test.odoo.rgbconsulting.com\/es\/producto\/gonna-get-your-cherry\/\",\"url\":\"https:\/\/wpguerssen-test.odoo.rgbconsulting.com\/es\/producto\/gonna-get-your-cherry\/\",\"name\":\"WASHINGTON JAMB BAND - Gonna Get Your Cherry - (LP) | Guerssen\",\"isPartOf\":{\"@id\":\"https:\/\/wpguerssen-test.odoo.rgbconsulting.com\/es\/#website\"},\"primaryImageOfPage\":{\"@id\":\"https:\/\/wpguerssen-test.odoo.rgbconsulting.com\/es\/producto\/gonna-get-your-cherry\/#primaryimage\"},\"image\":{\"@id\":\"https:\/\/wpguerssen-test.odoo.rgbconsulting.com\/es\/producto\/gonna-get-your-cherry\/#primaryimage\"},\"thumbnailUrl\":\"https:\/\/wpguerssen-test.odoo.rgbconsulting.com\/wp-content\/uploads\/2023\/06\/43847-scaled.jpg\",\"datePublished\":\"2023-08-20T22:00:00+00:00\",\"dateModified\":\"2024-02-22T08:42:56+00:00\",\"description\":\"Originally recorded in 1977 by a small battalion of teenagers (there were supposedly upwards of ten members) Gonna Get Your Cherry was Groove Diggers' inaugural release in 2006! Is the title immature? Perhaps. But there's nothing immature about the 11 tracks of soulful, danceable funk that the album is made up of. From album opener \\\"Can't Hide the Funk\\\", the skill of these young players is on immediate display, with vocal harmonies and a rhythm section so tight you could mistake them for performers twice their age. Title track \\\"Gonna Get Your Cherry\\\" follows, with a beat so groovy even thinking about the song will have you tapping your foot. \\\"Instrumental Soul\\\" is - as described - some of the finest instrumental soul-funk this side of Chicago, with a fiery saxophone solo and staccato guitar strumming that'll have you dancing in no time. In comparison, B-side opener \\\"Living In Style\\\" and \\\"Who Wants To Fall In Love\\\" are subdued affairs, with female vocalists and a backing chorus giving space for the Washington Jamb Band's more soulful side to shine. Including the never before reissued (on vinyl) track \\\"In The Clouds\\\", two boogie-esque bonus tracks, and an obi-strip, this is the finest reissue to ever hit the market! Make sure you don't miss Washington Jamb Band's Gonna Get Your Cherry, only from P-VINE Records!\",\"breadcrumb\":{\"@id\":\"https:\/\/wpguerssen-test.odoo.rgbconsulting.com\/es\/producto\/gonna-get-your-cherry\/#breadcrumb\"},\"inLanguage\":\"es\",\"potentialAction\":[{\"@type\":\"ReadAction\",\"target\":[\"https:\/\/wpguerssen-test.odoo.rgbconsulting.com\/es\/producto\/gonna-get-your-cherry\/\"]}]},{\"@type\":\"ImageObject\",\"inLanguage\":\"es\",\"@id\":\"https:\/\/wpguerssen-test.odoo.rgbconsulting.com\/es\/producto\/gonna-get-your-cherry\/#primaryimage\",\"url\":\"https:\/\/wpguerssen-test.odoo.rgbconsulting.com\/wp-content\/uploads\/2023\/06\/43847-scaled.jpg\",\"contentUrl\":\"https:\/\/wpguerssen-test.odoo.rgbconsulting.com\/wp-content\/uploads\/2023\/06\/43847-scaled.jpg\",\"width\":2560,\"height\":2535},{\"@type\":\"BreadcrumbList\",\"@id\":\"https:\/\/wpguerssen-test.odoo.rgbconsulting.com\/es\/producto\/gonna-get-your-cherry\/#breadcrumb\",\"itemListElement\":[{\"@type\":\"ListItem\",\"position\":1,\"name\":\"Inicio\",\"item\":\"https:\/\/wpguerssen-test.odoo.rgbconsulting.com\/es\/\"},{\"@type\":\"ListItem\",\"position\":2,\"name\":\"Shop\",\"item\":\"https:\/\/wpguerssen-test.odoo.rgbconsulting.com\/shop\/\"},{\"@type\":\"ListItem\",\"position\":3,\"name\":\"Gonna Get Your Cherry\"}]},{\"@type\":\"WebSite\",\"@id\":\"https:\/\/wpguerssen-test.odoo.rgbconsulting.com\/es\/#website\",\"url\":\"https:\/\/wpguerssen-test.odoo.rgbconsulting.com\/es\/\",\"name\":\"Guerssen records\",\"description\":\"psychedelia - progressive - folk - garage \",\"publisher\":{\"@id\":\"https:\/\/wpguerssen-test.odoo.rgbconsulting.com\/es\/#organization\"},\"potentialAction\":[{\"@type\":\"SearchAction\",\"target\":{\"@type\":\"EntryPoint\",\"urlTemplate\":\"https:\/\/wpguerssen-test.odoo.rgbconsulting.com\/es\/?s={search_term_string}\"},\"query-input\":{\"@type\":\"PropertyValueSpecification\",\"valueRequired\":true,\"valueName\":\"search_term_string\"}}],\"inLanguage\":\"es\"},{\"@type\":\"Organization\",\"@id\":\"https:\/\/wpguerssen-test.odoo.rgbconsulting.com\/es\/#organization\",\"name\":\"Guerssen records\",\"url\":\"https:\/\/wpguerssen-test.odoo.rgbconsulting.com\/es\/\",\"logo\":{\"@type\":\"ImageObject\",\"inLanguage\":\"es\",\"@id\":\"https:\/\/wpguerssen-test.odoo.rgbconsulting.com\/es\/#\/schema\/logo\/image\/\",\"url\":\"https:\/\/wpguerssen-test.odoo.rgbconsulting.com\/wp-content\/uploads\/2022\/04\/Logo_Guerssen_trans_100.png\",\"contentUrl\":\"https:\/\/wpguerssen-test.odoo.rgbconsulting.com\/wp-content\/uploads\/2022\/04\/Logo_Guerssen_trans_100.png\",\"width\":122,\"height\":100,\"caption\":\"Guerssen records\"},\"image\":{\"@id\":\"https:\/\/wpguerssen-test.odoo.rgbconsulting.com\/es\/#\/schema\/logo\/image\/\"}}]}<\/script>\n<!-- \/ Yoast SEO plugin. -->","yoast_head_json":{"title":"WASHINGTON JAMB BAND - Gonna Get Your Cherry -  (LP) | Guerssen","description":"Originally recorded in 1977 by a small battalion of teenagers (there were supposedly upwards of ten members) Gonna Get Your Cherry was Groove Diggers' inaugural release in 2006! Is the title immature? Perhaps. But there's nothing immature about the 11 tracks of soulful, danceable funk that the album is made up of. From album opener \"Can't Hide the Funk\", the skill of these young players is on immediate display, with vocal harmonies and a rhythm section so tight you could mistake them for performers twice their age. Title track \"Gonna Get Your Cherry\" follows, with a beat so groovy even thinking about the song will have you tapping your foot. \"Instrumental Soul\" is - as described - some of the finest instrumental soul-funk this side of Chicago, with a fiery saxophone solo and staccato guitar strumming that'll have you dancing in no time. In comparison, B-side opener \"Living In Style\" and \"Who Wants To Fall In Love\" are subdued affairs, with female vocalists and a backing chorus giving space for the Washington Jamb Band's more soulful side to shine. Including the never before reissued (on vinyl) track \"In The Clouds\", two boogie-esque bonus tracks, and an obi-strip, this is the finest reissue to ever hit the market! Make sure you don't miss Washington Jamb Band's Gonna Get Your Cherry, only from P-VINE Records!","robots":{"index":"index","follow":"follow","max-snippet":"max-snippet:-1","max-image-preview":"max-image-preview:large","max-video-preview":"max-video-preview:-1"},"canonical":"https:\/\/wpguerssen-test.odoo.rgbconsulting.com\/es\/producto\/gonna-get-your-cherry\/","og_locale":"es_ES","og_type":"article","og_title":"WASHINGTON JAMB BAND - Gonna Get Your Cherry -  (LP) | Guerssen","og_description":"Originally recorded in 1977 by a small battalion of teenagers (there were supposedly upwards of ten members) Gonna Get Your Cherry was Groove Diggers' inaugural release in 2006! Is the title immature? Perhaps. But there's nothing immature about the 11 tracks of soulful, danceable funk that the album is made up of. From album opener \"Can't Hide the Funk\", the skill of these young players is on immediate display, with vocal harmonies and a rhythm section so tight you could mistake them for performers twice their age. Title track \"Gonna Get Your Cherry\" follows, with a beat so groovy even thinking about the song will have you tapping your foot. \"Instrumental Soul\" is - as described - some of the finest instrumental soul-funk this side of Chicago, with a fiery saxophone solo and staccato guitar strumming that'll have you dancing in no time. In comparison, B-side opener \"Living In Style\" and \"Who Wants To Fall In Love\" are subdued affairs, with female vocalists and a backing chorus giving space for the Washington Jamb Band's more soulful side to shine. Including the never before reissued (on vinyl) track \"In The Clouds\", two boogie-esque bonus tracks, and an obi-strip, this is the finest reissue to ever hit the market! Make sure you don't miss Washington Jamb Band's Gonna Get Your Cherry, only from P-VINE Records!","og_url":"https:\/\/wpguerssen-test.odoo.rgbconsulting.com\/es\/producto\/gonna-get-your-cherry\/","og_site_name":"Guerssen records","article_modified_time":"2024-02-22T08:42:56+00:00","og_image":[{"width":2560,"height":2535,"url":"https:\/\/wpguerssen-test.odoo.rgbconsulting.com\/wp-content\/uploads\/2023\/06\/43847-scaled.jpg","type":"image\/jpeg"}],"twitter_card":"summary_large_image","twitter_title":"WASHINGTON JAMB BAND - Gonna Get Your Cherry -  (LP) | Guerssen","twitter_misc":{"Tiempo de lectura":"1 minuto"},"schema":{"@context":"https:\/\/schema.org","@graph":[{"@type":"WebPage","@id":"https:\/\/wpguerssen-test.odoo.rgbconsulting.com\/es\/producto\/gonna-get-your-cherry\/","url":"https:\/\/wpguerssen-test.odoo.rgbconsulting.com\/es\/producto\/gonna-get-your-cherry\/","name":"WASHINGTON JAMB BAND - Gonna Get Your Cherry - (LP) | Guerssen","isPartOf":{"@id":"https:\/\/wpguerssen-test.odoo.rgbconsulting.com\/es\/#website"},"primaryImageOfPage":{"@id":"https:\/\/wpguerssen-test.odoo.rgbconsulting.com\/es\/producto\/gonna-get-your-cherry\/#primaryimage"},"image":{"@id":"https:\/\/wpguerssen-test.odoo.rgbconsulting.com\/es\/producto\/gonna-get-your-cherry\/#primaryimage"},"thumbnailUrl":"https:\/\/wpguerssen-test.odoo.rgbconsulting.com\/wp-content\/uploads\/2023\/06\/43847-scaled.jpg","datePublished":"2023-08-20T22:00:00+00:00","dateModified":"2024-02-22T08:42:56+00:00","description":"Originally recorded in 1977 by a small battalion of teenagers (there were supposedly upwards of ten members) Gonna Get Your Cherry was Groove Diggers' inaugural release in 2006! Is the title immature? Perhaps. But there's nothing immature about the 11 tracks of soulful, danceable funk that the album is made up of. From album opener \"Can't Hide the Funk\", the skill of these young players is on immediate display, with vocal harmonies and a rhythm section so tight you could mistake them for performers twice their age. Title track \"Gonna Get Your Cherry\" follows, with a beat so groovy even thinking about the song will have you tapping your foot. \"Instrumental Soul\" is - as described - some of the finest instrumental soul-funk this side of Chicago, with a fiery saxophone solo and staccato guitar strumming that'll have you dancing in no time. In comparison, B-side opener \"Living In Style\" and \"Who Wants To Fall In Love\" are subdued affairs, with female vocalists and a backing chorus giving space for the Washington Jamb Band's more soulful side to shine. Including the never before reissued (on vinyl) track \"In The Clouds\", two boogie-esque bonus tracks, and an obi-strip, this is the finest reissue to ever hit the market! Make sure you don't miss Washington Jamb Band's Gonna Get Your Cherry, only from P-VINE Records!","breadcrumb":{"@id":"https:\/\/wpguerssen-test.odoo.rgbconsulting.com\/es\/producto\/gonna-get-your-cherry\/#breadcrumb"},"inLanguage":"es","potentialAction":[{"@type":"ReadAction","target":["https:\/\/wpguerssen-test.odoo.rgbconsulting.com\/es\/producto\/gonna-get-your-cherry\/"]}]},{"@type":"ImageObject","inLanguage":"es","@id":"https:\/\/wpguerssen-test.odoo.rgbconsulting.com\/es\/producto\/gonna-get-your-cherry\/#primaryimage","url":"https:\/\/wpguerssen-test.odoo.rgbconsulting.com\/wp-content\/uploads\/2023\/06\/43847-scaled.jpg","contentUrl":"https:\/\/wpguerssen-test.odoo.rgbconsulting.com\/wp-content\/uploads\/2023\/06\/43847-scaled.jpg","width":2560,"height":2535},{"@type":"BreadcrumbList","@id":"https:\/\/wpguerssen-test.odoo.rgbconsulting.com\/es\/producto\/gonna-get-your-cherry\/#breadcrumb","itemListElement":[{"@type":"ListItem","position":1,"name":"Inicio","item":"https:\/\/wpguerssen-test.odoo.rgbconsulting.com\/es\/"},{"@type":"ListItem","position":2,"name":"Shop","item":"https:\/\/wpguerssen-test.odoo.rgbconsulting.com\/shop\/"},{"@type":"ListItem","position":3,"name":"Gonna Get Your Cherry"}]},{"@type":"WebSite","@id":"https:\/\/wpguerssen-test.odoo.rgbconsulting.com\/es\/#website","url":"https:\/\/wpguerssen-test.odoo.rgbconsulting.com\/es\/","name":"Guerssen records","description":"psychedelia - progressive - folk - garage ","publisher":{"@id":"https:\/\/wpguerssen-test.odoo.rgbconsulting.com\/es\/#organization"},"potentialAction":[{"@type":"SearchAction","target":{"@type":"EntryPoint","urlTemplate":"https:\/\/wpguerssen-test.odoo.rgbconsulting.com\/es\/?s={search_term_string}"},"query-input":{"@type":"PropertyValueSpecification","valueRequired":true,"valueName":"search_term_string"}}],"inLanguage":"es"},{"@type":"Organization","@id":"https:\/\/wpguerssen-test.odoo.rgbconsulting.com\/es\/#organization","name":"Guerssen records","url":"https:\/\/wpguerssen-test.odoo.rgbconsulting.com\/es\/","logo":{"@type":"ImageObject","inLanguage":"es","@id":"https:\/\/wpguerssen-test.odoo.rgbconsulting.com\/es\/#\/schema\/logo\/image\/","url":"https:\/\/wpguerssen-test.odoo.rgbconsulting.com\/wp-content\/uploads\/2022\/04\/Logo_Guerssen_trans_100.png","contentUrl":"https:\/\/wpguerssen-test.odoo.rgbconsulting.com\/wp-content\/uploads\/2022\/04\/Logo_Guerssen_trans_100.png","width":122,"height":100,"caption":"Guerssen records"},"image":{"@id":"https:\/\/wpguerssen-test.odoo.rgbconsulting.com\/es\/#\/schema\/logo\/image\/"}}]}},"_links":{"self":[{"href":"https:\/\/wpguerssen-test.odoo.rgbconsulting.com\/es\/wp-json\/wp\/v2\/product\/233829","targetHints":{"allow":["GET"]}}],"collection":[{"href":"https:\/\/wpguerssen-test.odoo.rgbconsulting.com\/es\/wp-json\/wp\/v2\/product"}],"about":[{"href":"https:\/\/wpguerssen-test.odoo.rgbconsulting.com\/es\/wp-json\/wp\/v2\/types\/product"}],"wp:featuredmedia":[{"embeddable":true,"href":"https:\/\/wpguerssen-test.odoo.rgbconsulting.com\/es\/wp-json\/wp\/v2\/media\/233770"}],"wp:attachment":[{"href":"https:\/\/wpguerssen-test.odoo.rgbconsulting.com\/es\/wp-json\/wp\/v2\/media?parent=233829"}],"wp:term":[{"taxonomy":"product_brand","embeddable":true,"href":"https:\/\/wpguerssen-test.odoo.rgbconsulting.com\/es\/wp-json\/wp\/v2\/product_brand?post=233829"},{"taxonomy":"product_cat","embeddable":true,"href":"https:\/\/wpguerssen-test.odoo.rgbconsulting.com\/es\/wp-json\/wp\/v2\/product_cat?post=233829"},{"taxonomy":"product_tag","embeddable":true,"href":"https:\/\/wpguerssen-test.odoo.rgbconsulting.com\/es\/wp-json\/wp\/v2\/product_tag?post=233829"}],"curies":[{"name":"wp","href":"https:\/\/api.w.org\/{rel}","templated":true}]}}