{"id":233830,"date":"2023-08-21T00:00:00","date_gmt":"2023-08-20T22:00:00","guid":{"rendered":"https:\/\/wpguerssen-test.odoo.rgbconsulting.com\/product\/doin-it\/"},"modified":"2024-02-22T09:43:01","modified_gmt":"2024-02-22T08:43:01","slug":"doin-it","status":"publish","type":"product","link":"https:\/\/wpguerssen-test.odoo.rgbconsulting.com\/es\/producto\/doin-it\/","title":{"rendered":"Doin&#8217; It"},"content":{"rendered":"<p>\u00a1Una poderosa secci\u00f3n de vientos, acordes de guitarra entrecortados, una secci\u00f3n r\u00edtmica maravillosa y la poderosa voz de la gran Spanky Wilson! \u00bfQu\u00e9 m\u00e1s podr\u00edas querer? Casi parece como si fuera un conducto para \u00abThe Funk\u00bb, ya que ofrece una actuaci\u00f3n vocal incre\u00edble tras otra, versionando canciones tan variadas como \u00abLight my Fire\u00bb de Doors, \u00abSunshine of your Love\u00bb de Cream e incluso el cl\u00e1sico del soul \u00abLoveland\u00bb. \u00a1En m\u00e1s de 11 pistas, Wilson muestra su poderosa pero indudablemente hermosa voz! \u00a1No se pierda las grabaciones recientemente remasterizadas, disponibles con una tira OBI japonesa por primera vez, disponibles solo en P-VINE Records y Guerssen te lo trae a la puerta de casa!!!<\/p>\n","protected":false},"excerpt":{"rendered":"<p>\u00a1Una poderosa secci\u00f3n de vientos, acordes de guitarra entrecortados, una secci\u00f3n r\u00edtmica maravillosa y la poderosa voz de la gran Spanky Wilson! \u00bfQu\u00e9 m\u00e1s podr\u00edas<a class=\"read\" href=\"https:\/\/wpguerssen-test.odoo.rgbconsulting.com\/es\/producto\/doin-it\/\"> (...)<\/a>","protected":false},"featured_media":233773,"template":"","meta":{"_acf_changed":false},"product_brand":[],"product_cat":[21649],"product_tag":[],"class_list":{"0":"post-233830","1":"product","2":"type-product","3":"status-publish","4":"has-post-thumbnail","6":"product_cat-soul-rnb-es","7":"pa_artist-wilson-spanky","8":"pa_format-lp-es","9":"pa_gender-soul-rnb","10":"pa_label-p-vine","11":"pa_location-north-america-es","12":"pa_other-filters-vinyl-only-es","14":"first","15":"instock","16":"taxable","17":"shipping-taxable","18":"purchasable","19":"product-type-simple"},"acf":[],"yoast_head":"<!-- This site is optimized with the Yoast SEO plugin v24.9 - https:\/\/yoast.com\/wordpress\/plugins\/seo\/ -->\n<title>WILSON, Spanky - Doin&#039; It -  (LP) | Guerssen<\/title>\n<meta name=\"description\" content=\"A powerful horn section, staccato guitar chords, a groovy rhythm section, and the powerful voice of the great Spanky Wilson! What more could you want? It almost seems as if she&#039;s a conduit for &quot;The Funk&quot;, as she delivers one killer vocal performance after the next, covering songs as varied as the Doors&#039; &quot;Light my Fire&quot;, Cream&#039;s &quot;Sunshine of your Love&quot;, and even free soul classic &quot;Loveland&quot;. Over 11 tracks, Wilson showcases her powerful, yet undoubtedly beautiful voice! Don&#039;t miss the newly remastered recordings, available with a Japanese OBI-strip for the first time ever, available only from P-VINE Records!\" \/>\n<meta name=\"robots\" content=\"index, follow, max-snippet:-1, max-image-preview:large, max-video-preview:-1\" \/>\n<link rel=\"canonical\" href=\"https:\/\/wpguerssen-test.odoo.rgbconsulting.com\/es\/producto\/doin-it\/\" \/>\n<meta property=\"og:locale\" content=\"es_ES\" \/>\n<meta property=\"og:type\" content=\"article\" \/>\n<meta property=\"og:title\" content=\"WILSON, Spanky - Doin&#039; It -  (LP) | Guerssen\" \/>\n<meta property=\"og:description\" content=\"A powerful horn section, staccato guitar chords, a groovy rhythm section, and the powerful voice of the great Spanky Wilson! What more could you want? It almost seems as if she&#039;s a conduit for &quot;The Funk&quot;, as she delivers one killer vocal performance after the next, covering songs as varied as the Doors&#039; &quot;Light my Fire&quot;, Cream&#039;s &quot;Sunshine of your Love&quot;, and even free soul classic &quot;Loveland&quot;. Over 11 tracks, Wilson showcases her powerful, yet undoubtedly beautiful voice! Don&#039;t miss the newly remastered recordings, available with a Japanese OBI-strip for the first time ever, available only from P-VINE Records!\" \/>\n<meta property=\"og:url\" content=\"https:\/\/wpguerssen-test.odoo.rgbconsulting.com\/es\/producto\/doin-it\/\" \/>\n<meta property=\"og:site_name\" content=\"Guerssen records\" \/>\n<meta property=\"article:modified_time\" content=\"2024-02-22T08:43:01+00:00\" \/>\n<meta property=\"og:image\" content=\"https:\/\/wpguerssen-test.odoo.rgbconsulting.com\/wp-content\/uploads\/2023\/06\/43848-scaled.jpg\" \/>\n\t<meta property=\"og:image:width\" content=\"2560\" \/>\n\t<meta property=\"og:image:height\" content=\"2536\" \/>\n\t<meta property=\"og:image:type\" content=\"image\/jpeg\" \/>\n<meta name=\"twitter:card\" content=\"summary_large_image\" \/>\n<meta name=\"twitter:title\" content=\"WILSON, Spanky - Doin&#039; It -  (LP) | Guerssen\" \/>\n<meta name=\"twitter:label1\" content=\"Tiempo de lectura\" \/>\n\t<meta name=\"twitter:data1\" content=\"1 minuto\" \/>\n<script type=\"application\/ld+json\" class=\"yoast-schema-graph\">{\"@context\":\"https:\/\/schema.org\",\"@graph\":[{\"@type\":\"WebPage\",\"@id\":\"https:\/\/wpguerssen-test.odoo.rgbconsulting.com\/es\/producto\/doin-it\/\",\"url\":\"https:\/\/wpguerssen-test.odoo.rgbconsulting.com\/es\/producto\/doin-it\/\",\"name\":\"WILSON, Spanky - Doin' It - (LP) | Guerssen\",\"isPartOf\":{\"@id\":\"https:\/\/wpguerssen-test.odoo.rgbconsulting.com\/es\/#website\"},\"primaryImageOfPage\":{\"@id\":\"https:\/\/wpguerssen-test.odoo.rgbconsulting.com\/es\/producto\/doin-it\/#primaryimage\"},\"image\":{\"@id\":\"https:\/\/wpguerssen-test.odoo.rgbconsulting.com\/es\/producto\/doin-it\/#primaryimage\"},\"thumbnailUrl\":\"https:\/\/wpguerssen-test.odoo.rgbconsulting.com\/wp-content\/uploads\/2023\/06\/43848-scaled.jpg\",\"datePublished\":\"2023-08-20T22:00:00+00:00\",\"dateModified\":\"2024-02-22T08:43:01+00:00\",\"description\":\"A powerful horn section, staccato guitar chords, a groovy rhythm section, and the powerful voice of the great Spanky Wilson! What more could you want? It almost seems as if she's a conduit for \\\"The Funk\\\", as she delivers one killer vocal performance after the next, covering songs as varied as the Doors' \\\"Light my Fire\\\", Cream's \\\"Sunshine of your Love\\\", and even free soul classic \\\"Loveland\\\". Over 11 tracks, Wilson showcases her powerful, yet undoubtedly beautiful voice! Don't miss the newly remastered recordings, available with a Japanese OBI-strip for the first time ever, available only from P-VINE Records!\",\"breadcrumb\":{\"@id\":\"https:\/\/wpguerssen-test.odoo.rgbconsulting.com\/es\/producto\/doin-it\/#breadcrumb\"},\"inLanguage\":\"es\",\"potentialAction\":[{\"@type\":\"ReadAction\",\"target\":[\"https:\/\/wpguerssen-test.odoo.rgbconsulting.com\/es\/producto\/doin-it\/\"]}]},{\"@type\":\"ImageObject\",\"inLanguage\":\"es\",\"@id\":\"https:\/\/wpguerssen-test.odoo.rgbconsulting.com\/es\/producto\/doin-it\/#primaryimage\",\"url\":\"https:\/\/wpguerssen-test.odoo.rgbconsulting.com\/wp-content\/uploads\/2023\/06\/43848-scaled.jpg\",\"contentUrl\":\"https:\/\/wpguerssen-test.odoo.rgbconsulting.com\/wp-content\/uploads\/2023\/06\/43848-scaled.jpg\",\"width\":2560,\"height\":2536,\"caption\":\"Spanky - Doin' It - P-VINE (LP) | Guerssen\"},{\"@type\":\"BreadcrumbList\",\"@id\":\"https:\/\/wpguerssen-test.odoo.rgbconsulting.com\/es\/producto\/doin-it\/#breadcrumb\",\"itemListElement\":[{\"@type\":\"ListItem\",\"position\":1,\"name\":\"Inicio\",\"item\":\"https:\/\/wpguerssen-test.odoo.rgbconsulting.com\/es\/\"},{\"@type\":\"ListItem\",\"position\":2,\"name\":\"Shop\",\"item\":\"https:\/\/wpguerssen-test.odoo.rgbconsulting.com\/shop\/\"},{\"@type\":\"ListItem\",\"position\":3,\"name\":\"Doin&#8217; It\"}]},{\"@type\":\"WebSite\",\"@id\":\"https:\/\/wpguerssen-test.odoo.rgbconsulting.com\/es\/#website\",\"url\":\"https:\/\/wpguerssen-test.odoo.rgbconsulting.com\/es\/\",\"name\":\"Guerssen records\",\"description\":\"psychedelia - progressive - folk - garage \",\"publisher\":{\"@id\":\"https:\/\/wpguerssen-test.odoo.rgbconsulting.com\/es\/#organization\"},\"potentialAction\":[{\"@type\":\"SearchAction\",\"target\":{\"@type\":\"EntryPoint\",\"urlTemplate\":\"https:\/\/wpguerssen-test.odoo.rgbconsulting.com\/es\/?s={search_term_string}\"},\"query-input\":{\"@type\":\"PropertyValueSpecification\",\"valueRequired\":true,\"valueName\":\"search_term_string\"}}],\"inLanguage\":\"es\"},{\"@type\":\"Organization\",\"@id\":\"https:\/\/wpguerssen-test.odoo.rgbconsulting.com\/es\/#organization\",\"name\":\"Guerssen records\",\"url\":\"https:\/\/wpguerssen-test.odoo.rgbconsulting.com\/es\/\",\"logo\":{\"@type\":\"ImageObject\",\"inLanguage\":\"es\",\"@id\":\"https:\/\/wpguerssen-test.odoo.rgbconsulting.com\/es\/#\/schema\/logo\/image\/\",\"url\":\"https:\/\/wpguerssen-test.odoo.rgbconsulting.com\/wp-content\/uploads\/2022\/04\/Logo_Guerssen_trans_100.png\",\"contentUrl\":\"https:\/\/wpguerssen-test.odoo.rgbconsulting.com\/wp-content\/uploads\/2022\/04\/Logo_Guerssen_trans_100.png\",\"width\":122,\"height\":100,\"caption\":\"Guerssen records\"},\"image\":{\"@id\":\"https:\/\/wpguerssen-test.odoo.rgbconsulting.com\/es\/#\/schema\/logo\/image\/\"}}]}<\/script>\n<!-- \/ Yoast SEO plugin. -->","yoast_head_json":{"title":"WILSON, Spanky - Doin' It -  (LP) | Guerssen","description":"A powerful horn section, staccato guitar chords, a groovy rhythm section, and the powerful voice of the great Spanky Wilson! What more could you want? It almost seems as if she's a conduit for \"The Funk\", as she delivers one killer vocal performance after the next, covering songs as varied as the Doors' \"Light my Fire\", Cream's \"Sunshine of your Love\", and even free soul classic \"Loveland\". Over 11 tracks, Wilson showcases her powerful, yet undoubtedly beautiful voice! Don't miss the newly remastered recordings, available with a Japanese OBI-strip for the first time ever, available only from P-VINE Records!","robots":{"index":"index","follow":"follow","max-snippet":"max-snippet:-1","max-image-preview":"max-image-preview:large","max-video-preview":"max-video-preview:-1"},"canonical":"https:\/\/wpguerssen-test.odoo.rgbconsulting.com\/es\/producto\/doin-it\/","og_locale":"es_ES","og_type":"article","og_title":"WILSON, Spanky - Doin' It -  (LP) | Guerssen","og_description":"A powerful horn section, staccato guitar chords, a groovy rhythm section, and the powerful voice of the great Spanky Wilson! What more could you want? It almost seems as if she's a conduit for \"The Funk\", as she delivers one killer vocal performance after the next, covering songs as varied as the Doors' \"Light my Fire\", Cream's \"Sunshine of your Love\", and even free soul classic \"Loveland\". Over 11 tracks, Wilson showcases her powerful, yet undoubtedly beautiful voice! Don't miss the newly remastered recordings, available with a Japanese OBI-strip for the first time ever, available only from P-VINE Records!","og_url":"https:\/\/wpguerssen-test.odoo.rgbconsulting.com\/es\/producto\/doin-it\/","og_site_name":"Guerssen records","article_modified_time":"2024-02-22T08:43:01+00:00","og_image":[{"width":2560,"height":2536,"url":"https:\/\/wpguerssen-test.odoo.rgbconsulting.com\/wp-content\/uploads\/2023\/06\/43848-scaled.jpg","type":"image\/jpeg"}],"twitter_card":"summary_large_image","twitter_title":"WILSON, Spanky - Doin' It -  (LP) | Guerssen","twitter_misc":{"Tiempo de lectura":"1 minuto"},"schema":{"@context":"https:\/\/schema.org","@graph":[{"@type":"WebPage","@id":"https:\/\/wpguerssen-test.odoo.rgbconsulting.com\/es\/producto\/doin-it\/","url":"https:\/\/wpguerssen-test.odoo.rgbconsulting.com\/es\/producto\/doin-it\/","name":"WILSON, Spanky - Doin' It - (LP) | Guerssen","isPartOf":{"@id":"https:\/\/wpguerssen-test.odoo.rgbconsulting.com\/es\/#website"},"primaryImageOfPage":{"@id":"https:\/\/wpguerssen-test.odoo.rgbconsulting.com\/es\/producto\/doin-it\/#primaryimage"},"image":{"@id":"https:\/\/wpguerssen-test.odoo.rgbconsulting.com\/es\/producto\/doin-it\/#primaryimage"},"thumbnailUrl":"https:\/\/wpguerssen-test.odoo.rgbconsulting.com\/wp-content\/uploads\/2023\/06\/43848-scaled.jpg","datePublished":"2023-08-20T22:00:00+00:00","dateModified":"2024-02-22T08:43:01+00:00","description":"A powerful horn section, staccato guitar chords, a groovy rhythm section, and the powerful voice of the great Spanky Wilson! What more could you want? It almost seems as if she's a conduit for \"The Funk\", as she delivers one killer vocal performance after the next, covering songs as varied as the Doors' \"Light my Fire\", Cream's \"Sunshine of your Love\", and even free soul classic \"Loveland\". Over 11 tracks, Wilson showcases her powerful, yet undoubtedly beautiful voice! Don't miss the newly remastered recordings, available with a Japanese OBI-strip for the first time ever, available only from P-VINE Records!","breadcrumb":{"@id":"https:\/\/wpguerssen-test.odoo.rgbconsulting.com\/es\/producto\/doin-it\/#breadcrumb"},"inLanguage":"es","potentialAction":[{"@type":"ReadAction","target":["https:\/\/wpguerssen-test.odoo.rgbconsulting.com\/es\/producto\/doin-it\/"]}]},{"@type":"ImageObject","inLanguage":"es","@id":"https:\/\/wpguerssen-test.odoo.rgbconsulting.com\/es\/producto\/doin-it\/#primaryimage","url":"https:\/\/wpguerssen-test.odoo.rgbconsulting.com\/wp-content\/uploads\/2023\/06\/43848-scaled.jpg","contentUrl":"https:\/\/wpguerssen-test.odoo.rgbconsulting.com\/wp-content\/uploads\/2023\/06\/43848-scaled.jpg","width":2560,"height":2536,"caption":"Spanky - Doin' It - P-VINE (LP) | Guerssen"},{"@type":"BreadcrumbList","@id":"https:\/\/wpguerssen-test.odoo.rgbconsulting.com\/es\/producto\/doin-it\/#breadcrumb","itemListElement":[{"@type":"ListItem","position":1,"name":"Inicio","item":"https:\/\/wpguerssen-test.odoo.rgbconsulting.com\/es\/"},{"@type":"ListItem","position":2,"name":"Shop","item":"https:\/\/wpguerssen-test.odoo.rgbconsulting.com\/shop\/"},{"@type":"ListItem","position":3,"name":"Doin&#8217; It"}]},{"@type":"WebSite","@id":"https:\/\/wpguerssen-test.odoo.rgbconsulting.com\/es\/#website","url":"https:\/\/wpguerssen-test.odoo.rgbconsulting.com\/es\/","name":"Guerssen records","description":"psychedelia - progressive - folk - garage ","publisher":{"@id":"https:\/\/wpguerssen-test.odoo.rgbconsulting.com\/es\/#organization"},"potentialAction":[{"@type":"SearchAction","target":{"@type":"EntryPoint","urlTemplate":"https:\/\/wpguerssen-test.odoo.rgbconsulting.com\/es\/?s={search_term_string}"},"query-input":{"@type":"PropertyValueSpecification","valueRequired":true,"valueName":"search_term_string"}}],"inLanguage":"es"},{"@type":"Organization","@id":"https:\/\/wpguerssen-test.odoo.rgbconsulting.com\/es\/#organization","name":"Guerssen records","url":"https:\/\/wpguerssen-test.odoo.rgbconsulting.com\/es\/","logo":{"@type":"ImageObject","inLanguage":"es","@id":"https:\/\/wpguerssen-test.odoo.rgbconsulting.com\/es\/#\/schema\/logo\/image\/","url":"https:\/\/wpguerssen-test.odoo.rgbconsulting.com\/wp-content\/uploads\/2022\/04\/Logo_Guerssen_trans_100.png","contentUrl":"https:\/\/wpguerssen-test.odoo.rgbconsulting.com\/wp-content\/uploads\/2022\/04\/Logo_Guerssen_trans_100.png","width":122,"height":100,"caption":"Guerssen records"},"image":{"@id":"https:\/\/wpguerssen-test.odoo.rgbconsulting.com\/es\/#\/schema\/logo\/image\/"}}]}},"_links":{"self":[{"href":"https:\/\/wpguerssen-test.odoo.rgbconsulting.com\/es\/wp-json\/wp\/v2\/product\/233830","targetHints":{"allow":["GET"]}}],"collection":[{"href":"https:\/\/wpguerssen-test.odoo.rgbconsulting.com\/es\/wp-json\/wp\/v2\/product"}],"about":[{"href":"https:\/\/wpguerssen-test.odoo.rgbconsulting.com\/es\/wp-json\/wp\/v2\/types\/product"}],"wp:featuredmedia":[{"embeddable":true,"href":"https:\/\/wpguerssen-test.odoo.rgbconsulting.com\/es\/wp-json\/wp\/v2\/media\/233773"}],"wp:attachment":[{"href":"https:\/\/wpguerssen-test.odoo.rgbconsulting.com\/es\/wp-json\/wp\/v2\/media?parent=233830"}],"wp:term":[{"taxonomy":"product_brand","embeddable":true,"href":"https:\/\/wpguerssen-test.odoo.rgbconsulting.com\/es\/wp-json\/wp\/v2\/product_brand?post=233830"},{"taxonomy":"product_cat","embeddable":true,"href":"https:\/\/wpguerssen-test.odoo.rgbconsulting.com\/es\/wp-json\/wp\/v2\/product_cat?post=233830"},{"taxonomy":"product_tag","embeddable":true,"href":"https:\/\/wpguerssen-test.odoo.rgbconsulting.com\/es\/wp-json\/wp\/v2\/product_tag?post=233830"}],"curies":[{"name":"wp","href":"https:\/\/api.w.org\/{rel}","templated":true}]}}