{"id":233831,"date":"2023-08-21T00:00:00","date_gmt":"2023-08-20T22:00:00","guid":{"rendered":"https:\/\/wpguerssen-test.odoo.rgbconsulting.com\/product\/let-it-be-2\/"},"modified":"2024-02-22T09:43:08","modified_gmt":"2024-02-22T08:43:08","slug":"let-it-be-2","status":"publish","type":"product","link":"https:\/\/wpguerssen-test.odoo.rgbconsulting.com\/es\/producto\/let-it-be-2\/","title":{"rendered":"Let It Be"},"content":{"rendered":"<p>El final de la legendaria trilog\u00eda de Spanky con Mother&#8217;s Records: \u00a1&#8217;Let it Be&#8217;! El disco se abre con la canci\u00f3n principal, que transforma el cl\u00e1sico de los Beatles en un himno en\u00e9rgico pero conmovedor. Las trompetas suenan cuando Spanky suelta su voz, anunciando el comienzo de lo que sin duda es uno de los mejores discos de soul de todos los tiempos. La apertura de la cara B y el cl\u00e1sico de Simon &#038; Garfunkel \u00abBridge Over Troubled Waters\u00bb tiene un enfoque m\u00e1s suave, no menos transformador que cualquiera de las otras versiones, pero un testimonio de la ternura que la voz de Spanky podr\u00eda asumir. \u00a1Spanky hace que cada canci\u00f3n sea propia, ofreciendo interpretaciones conmovedoras de cl\u00e1sicos como \u00abAlfie\u00bb de Burt Bacharach, \u00abLove or Let Me Be Lonely\u00bb y \u00abLoveland\u00bb! Medio siglo despu\u00e9s, este \u00e1lbum de la hermana del soul de Filadelfia, Spanky Wilson, \u00a1suena tan fresco como el d\u00eda en que se grab\u00f3! \u00a1No se pierda las grabaciones recientemente remasterizadas, disponibles con una tira OBI japonesa, disponible solo en P-VINE Records!<\/p>\n","protected":false},"excerpt":{"rendered":"<p>El final de la legendaria trilog\u00eda de Spanky con Mother&#8217;s Records: \u00a1&#8217;Let it Be&#8217;! El disco se abre con la canci\u00f3n principal, que transforma el<a class=\"read\" href=\"https:\/\/wpguerssen-test.odoo.rgbconsulting.com\/es\/producto\/let-it-be-2\/\"> (...)<\/a>","protected":false},"featured_media":233776,"template":"","meta":{"_acf_changed":false},"product_brand":[],"product_cat":[21649],"product_tag":[],"class_list":{"0":"post-233831","1":"product","2":"type-product","3":"status-publish","4":"has-post-thumbnail","6":"product_cat-soul-rnb-es","7":"pa_artist-wilson-spanky","8":"pa_format-lp-es","9":"pa_gender-soul-rnb","10":"pa_label-p-vine","11":"pa_location-north-america-es","12":"pa_other-filters-vinyl-only-es","14":"first","15":"instock","16":"taxable","17":"shipping-taxable","18":"purchasable","19":"product-type-simple"},"acf":[],"yoast_head":"<!-- This site is optimized with the Yoast SEO plugin v24.9 - https:\/\/yoast.com\/wordpress\/plugins\/seo\/ -->\n<title>WILSON, Spanky - Let It Be -  (LP) | Guerssen<\/title>\n<meta name=\"description\" content=\"The finale to Spanky&#039;s legendary trilogy with Mother&#039;s Records : &#039;Let it Be&#039;! The record opens with the title track, transforming the Beatles&#039; classic into an energetic, but soulful hymn. Trumpets sound as Spanky lets her voice loose, heralding the beginning of what is no doubt one of the best soul records of all time! B-side opener and Simon &amp; Garfunkel classic &quot;Bridge Over Troubled Waters&quot; takes a mellower approach, no less transformative than any of the other covers, but a testament to the tenderness that Spanky&#039;s voice could take on. Spanky makes each song her own, delivering moving performances of classics such as Burt Bacharach&#039;s &quot;Alfie&quot;, &quot;Love or Let Me Be Lonely&quot;, and &quot;Loveland&quot;! Half a century later, this album by Philadelphia Soul-sister Spanky Wilson sounds as fresh as the day it was recorded! Don&#039;t miss the newly remastered recordings, available with a Japanese OBI-strip, available only from P-VINE Records!\" \/>\n<meta name=\"robots\" content=\"index, follow, max-snippet:-1, max-image-preview:large, max-video-preview:-1\" \/>\n<link rel=\"canonical\" href=\"https:\/\/wpguerssen-test.odoo.rgbconsulting.com\/es\/producto\/let-it-be-2\/\" \/>\n<meta property=\"og:locale\" content=\"es_ES\" \/>\n<meta property=\"og:type\" content=\"article\" \/>\n<meta property=\"og:title\" content=\"WILSON, Spanky - Let It Be -  (LP) | Guerssen\" \/>\n<meta property=\"og:description\" content=\"The finale to Spanky&#039;s legendary trilogy with Mother&#039;s Records : &#039;Let it Be&#039;! The record opens with the title track, transforming the Beatles&#039; classic into an energetic, but soulful hymn. Trumpets sound as Spanky lets her voice loose, heralding the beginning of what is no doubt one of the best soul records of all time! B-side opener and Simon &amp; Garfunkel classic &quot;Bridge Over Troubled Waters&quot; takes a mellower approach, no less transformative than any of the other covers, but a testament to the tenderness that Spanky&#039;s voice could take on. Spanky makes each song her own, delivering moving performances of classics such as Burt Bacharach&#039;s &quot;Alfie&quot;, &quot;Love or Let Me Be Lonely&quot;, and &quot;Loveland&quot;! Half a century later, this album by Philadelphia Soul-sister Spanky Wilson sounds as fresh as the day it was recorded! Don&#039;t miss the newly remastered recordings, available with a Japanese OBI-strip, available only from P-VINE Records!\" \/>\n<meta property=\"og:url\" content=\"https:\/\/wpguerssen-test.odoo.rgbconsulting.com\/es\/producto\/let-it-be-2\/\" \/>\n<meta property=\"og:site_name\" content=\"Guerssen records\" \/>\n<meta property=\"article:modified_time\" content=\"2024-02-22T08:43:08+00:00\" \/>\n<meta property=\"og:image\" content=\"https:\/\/wpguerssen-test.odoo.rgbconsulting.com\/wp-content\/uploads\/2023\/06\/43849-scaled.jpg\" \/>\n\t<meta property=\"og:image:width\" content=\"2560\" \/>\n\t<meta property=\"og:image:height\" content=\"2536\" \/>\n\t<meta property=\"og:image:type\" content=\"image\/jpeg\" \/>\n<meta name=\"twitter:card\" content=\"summary_large_image\" \/>\n<meta name=\"twitter:title\" content=\"WILSON, Spanky - Let It Be -  (LP) | Guerssen\" \/>\n<meta name=\"twitter:label1\" content=\"Tiempo de lectura\" \/>\n\t<meta name=\"twitter:data1\" content=\"1 minuto\" \/>\n<script type=\"application\/ld+json\" class=\"yoast-schema-graph\">{\"@context\":\"https:\/\/schema.org\",\"@graph\":[{\"@type\":\"WebPage\",\"@id\":\"https:\/\/wpguerssen-test.odoo.rgbconsulting.com\/es\/producto\/let-it-be-2\/\",\"url\":\"https:\/\/wpguerssen-test.odoo.rgbconsulting.com\/es\/producto\/let-it-be-2\/\",\"name\":\"WILSON, Spanky - Let It Be - (LP) | Guerssen\",\"isPartOf\":{\"@id\":\"https:\/\/wpguerssen-test.odoo.rgbconsulting.com\/es\/#website\"},\"primaryImageOfPage\":{\"@id\":\"https:\/\/wpguerssen-test.odoo.rgbconsulting.com\/es\/producto\/let-it-be-2\/#primaryimage\"},\"image\":{\"@id\":\"https:\/\/wpguerssen-test.odoo.rgbconsulting.com\/es\/producto\/let-it-be-2\/#primaryimage\"},\"thumbnailUrl\":\"https:\/\/wpguerssen-test.odoo.rgbconsulting.com\/wp-content\/uploads\/2023\/06\/43849-scaled.jpg\",\"datePublished\":\"2023-08-20T22:00:00+00:00\",\"dateModified\":\"2024-02-22T08:43:08+00:00\",\"description\":\"The finale to Spanky's legendary trilogy with Mother's Records : 'Let it Be'! The record opens with the title track, transforming the Beatles' classic into an energetic, but soulful hymn. Trumpets sound as Spanky lets her voice loose, heralding the beginning of what is no doubt one of the best soul records of all time! B-side opener and Simon & Garfunkel classic \\\"Bridge Over Troubled Waters\\\" takes a mellower approach, no less transformative than any of the other covers, but a testament to the tenderness that Spanky's voice could take on. Spanky makes each song her own, delivering moving performances of classics such as Burt Bacharach's \\\"Alfie\\\", \\\"Love or Let Me Be Lonely\\\", and \\\"Loveland\\\"! Half a century later, this album by Philadelphia Soul-sister Spanky Wilson sounds as fresh as the day it was recorded! Don't miss the newly remastered recordings, available with a Japanese OBI-strip, available only from P-VINE Records!\",\"breadcrumb\":{\"@id\":\"https:\/\/wpguerssen-test.odoo.rgbconsulting.com\/es\/producto\/let-it-be-2\/#breadcrumb\"},\"inLanguage\":\"es\",\"potentialAction\":[{\"@type\":\"ReadAction\",\"target\":[\"https:\/\/wpguerssen-test.odoo.rgbconsulting.com\/es\/producto\/let-it-be-2\/\"]}]},{\"@type\":\"ImageObject\",\"inLanguage\":\"es\",\"@id\":\"https:\/\/wpguerssen-test.odoo.rgbconsulting.com\/es\/producto\/let-it-be-2\/#primaryimage\",\"url\":\"https:\/\/wpguerssen-test.odoo.rgbconsulting.com\/wp-content\/uploads\/2023\/06\/43849-scaled.jpg\",\"contentUrl\":\"https:\/\/wpguerssen-test.odoo.rgbconsulting.com\/wp-content\/uploads\/2023\/06\/43849-scaled.jpg\",\"width\":2560,\"height\":2536,\"caption\":\"Spanky - Let It Be - P-VINE (LP) | Guerssen\"},{\"@type\":\"BreadcrumbList\",\"@id\":\"https:\/\/wpguerssen-test.odoo.rgbconsulting.com\/es\/producto\/let-it-be-2\/#breadcrumb\",\"itemListElement\":[{\"@type\":\"ListItem\",\"position\":1,\"name\":\"Inicio\",\"item\":\"https:\/\/wpguerssen-test.odoo.rgbconsulting.com\/es\/\"},{\"@type\":\"ListItem\",\"position\":2,\"name\":\"Shop\",\"item\":\"https:\/\/wpguerssen-test.odoo.rgbconsulting.com\/shop\/\"},{\"@type\":\"ListItem\",\"position\":3,\"name\":\"Let It Be\"}]},{\"@type\":\"WebSite\",\"@id\":\"https:\/\/wpguerssen-test.odoo.rgbconsulting.com\/es\/#website\",\"url\":\"https:\/\/wpguerssen-test.odoo.rgbconsulting.com\/es\/\",\"name\":\"Guerssen records\",\"description\":\"psychedelia - progressive - folk - garage \",\"publisher\":{\"@id\":\"https:\/\/wpguerssen-test.odoo.rgbconsulting.com\/es\/#organization\"},\"potentialAction\":[{\"@type\":\"SearchAction\",\"target\":{\"@type\":\"EntryPoint\",\"urlTemplate\":\"https:\/\/wpguerssen-test.odoo.rgbconsulting.com\/es\/?s={search_term_string}\"},\"query-input\":{\"@type\":\"PropertyValueSpecification\",\"valueRequired\":true,\"valueName\":\"search_term_string\"}}],\"inLanguage\":\"es\"},{\"@type\":\"Organization\",\"@id\":\"https:\/\/wpguerssen-test.odoo.rgbconsulting.com\/es\/#organization\",\"name\":\"Guerssen records\",\"url\":\"https:\/\/wpguerssen-test.odoo.rgbconsulting.com\/es\/\",\"logo\":{\"@type\":\"ImageObject\",\"inLanguage\":\"es\",\"@id\":\"https:\/\/wpguerssen-test.odoo.rgbconsulting.com\/es\/#\/schema\/logo\/image\/\",\"url\":\"https:\/\/wpguerssen-test.odoo.rgbconsulting.com\/wp-content\/uploads\/2022\/04\/Logo_Guerssen_trans_100.png\",\"contentUrl\":\"https:\/\/wpguerssen-test.odoo.rgbconsulting.com\/wp-content\/uploads\/2022\/04\/Logo_Guerssen_trans_100.png\",\"width\":122,\"height\":100,\"caption\":\"Guerssen records\"},\"image\":{\"@id\":\"https:\/\/wpguerssen-test.odoo.rgbconsulting.com\/es\/#\/schema\/logo\/image\/\"}}]}<\/script>\n<!-- \/ Yoast SEO plugin. -->","yoast_head_json":{"title":"WILSON, Spanky - Let It Be -  (LP) | Guerssen","description":"The finale to Spanky's legendary trilogy with Mother's Records : 'Let it Be'! The record opens with the title track, transforming the Beatles' classic into an energetic, but soulful hymn. Trumpets sound as Spanky lets her voice loose, heralding the beginning of what is no doubt one of the best soul records of all time! B-side opener and Simon & Garfunkel classic \"Bridge Over Troubled Waters\" takes a mellower approach, no less transformative than any of the other covers, but a testament to the tenderness that Spanky's voice could take on. Spanky makes each song her own, delivering moving performances of classics such as Burt Bacharach's \"Alfie\", \"Love or Let Me Be Lonely\", and \"Loveland\"! Half a century later, this album by Philadelphia Soul-sister Spanky Wilson sounds as fresh as the day it was recorded! Don't miss the newly remastered recordings, available with a Japanese OBI-strip, available only from P-VINE Records!","robots":{"index":"index","follow":"follow","max-snippet":"max-snippet:-1","max-image-preview":"max-image-preview:large","max-video-preview":"max-video-preview:-1"},"canonical":"https:\/\/wpguerssen-test.odoo.rgbconsulting.com\/es\/producto\/let-it-be-2\/","og_locale":"es_ES","og_type":"article","og_title":"WILSON, Spanky - Let It Be -  (LP) | Guerssen","og_description":"The finale to Spanky's legendary trilogy with Mother's Records : 'Let it Be'! The record opens with the title track, transforming the Beatles' classic into an energetic, but soulful hymn. Trumpets sound as Spanky lets her voice loose, heralding the beginning of what is no doubt one of the best soul records of all time! B-side opener and Simon & Garfunkel classic \"Bridge Over Troubled Waters\" takes a mellower approach, no less transformative than any of the other covers, but a testament to the tenderness that Spanky's voice could take on. Spanky makes each song her own, delivering moving performances of classics such as Burt Bacharach's \"Alfie\", \"Love or Let Me Be Lonely\", and \"Loveland\"! Half a century later, this album by Philadelphia Soul-sister Spanky Wilson sounds as fresh as the day it was recorded! Don't miss the newly remastered recordings, available with a Japanese OBI-strip, available only from P-VINE Records!","og_url":"https:\/\/wpguerssen-test.odoo.rgbconsulting.com\/es\/producto\/let-it-be-2\/","og_site_name":"Guerssen records","article_modified_time":"2024-02-22T08:43:08+00:00","og_image":[{"width":2560,"height":2536,"url":"https:\/\/wpguerssen-test.odoo.rgbconsulting.com\/wp-content\/uploads\/2023\/06\/43849-scaled.jpg","type":"image\/jpeg"}],"twitter_card":"summary_large_image","twitter_title":"WILSON, Spanky - Let It Be -  (LP) | Guerssen","twitter_misc":{"Tiempo de lectura":"1 minuto"},"schema":{"@context":"https:\/\/schema.org","@graph":[{"@type":"WebPage","@id":"https:\/\/wpguerssen-test.odoo.rgbconsulting.com\/es\/producto\/let-it-be-2\/","url":"https:\/\/wpguerssen-test.odoo.rgbconsulting.com\/es\/producto\/let-it-be-2\/","name":"WILSON, Spanky - Let It Be - (LP) | Guerssen","isPartOf":{"@id":"https:\/\/wpguerssen-test.odoo.rgbconsulting.com\/es\/#website"},"primaryImageOfPage":{"@id":"https:\/\/wpguerssen-test.odoo.rgbconsulting.com\/es\/producto\/let-it-be-2\/#primaryimage"},"image":{"@id":"https:\/\/wpguerssen-test.odoo.rgbconsulting.com\/es\/producto\/let-it-be-2\/#primaryimage"},"thumbnailUrl":"https:\/\/wpguerssen-test.odoo.rgbconsulting.com\/wp-content\/uploads\/2023\/06\/43849-scaled.jpg","datePublished":"2023-08-20T22:00:00+00:00","dateModified":"2024-02-22T08:43:08+00:00","description":"The finale to Spanky's legendary trilogy with Mother's Records : 'Let it Be'! The record opens with the title track, transforming the Beatles' classic into an energetic, but soulful hymn. Trumpets sound as Spanky lets her voice loose, heralding the beginning of what is no doubt one of the best soul records of all time! B-side opener and Simon & Garfunkel classic \"Bridge Over Troubled Waters\" takes a mellower approach, no less transformative than any of the other covers, but a testament to the tenderness that Spanky's voice could take on. Spanky makes each song her own, delivering moving performances of classics such as Burt Bacharach's \"Alfie\", \"Love or Let Me Be Lonely\", and \"Loveland\"! Half a century later, this album by Philadelphia Soul-sister Spanky Wilson sounds as fresh as the day it was recorded! Don't miss the newly remastered recordings, available with a Japanese OBI-strip, available only from P-VINE Records!","breadcrumb":{"@id":"https:\/\/wpguerssen-test.odoo.rgbconsulting.com\/es\/producto\/let-it-be-2\/#breadcrumb"},"inLanguage":"es","potentialAction":[{"@type":"ReadAction","target":["https:\/\/wpguerssen-test.odoo.rgbconsulting.com\/es\/producto\/let-it-be-2\/"]}]},{"@type":"ImageObject","inLanguage":"es","@id":"https:\/\/wpguerssen-test.odoo.rgbconsulting.com\/es\/producto\/let-it-be-2\/#primaryimage","url":"https:\/\/wpguerssen-test.odoo.rgbconsulting.com\/wp-content\/uploads\/2023\/06\/43849-scaled.jpg","contentUrl":"https:\/\/wpguerssen-test.odoo.rgbconsulting.com\/wp-content\/uploads\/2023\/06\/43849-scaled.jpg","width":2560,"height":2536,"caption":"Spanky - Let It Be - P-VINE (LP) | Guerssen"},{"@type":"BreadcrumbList","@id":"https:\/\/wpguerssen-test.odoo.rgbconsulting.com\/es\/producto\/let-it-be-2\/#breadcrumb","itemListElement":[{"@type":"ListItem","position":1,"name":"Inicio","item":"https:\/\/wpguerssen-test.odoo.rgbconsulting.com\/es\/"},{"@type":"ListItem","position":2,"name":"Shop","item":"https:\/\/wpguerssen-test.odoo.rgbconsulting.com\/shop\/"},{"@type":"ListItem","position":3,"name":"Let It Be"}]},{"@type":"WebSite","@id":"https:\/\/wpguerssen-test.odoo.rgbconsulting.com\/es\/#website","url":"https:\/\/wpguerssen-test.odoo.rgbconsulting.com\/es\/","name":"Guerssen records","description":"psychedelia - progressive - folk - garage ","publisher":{"@id":"https:\/\/wpguerssen-test.odoo.rgbconsulting.com\/es\/#organization"},"potentialAction":[{"@type":"SearchAction","target":{"@type":"EntryPoint","urlTemplate":"https:\/\/wpguerssen-test.odoo.rgbconsulting.com\/es\/?s={search_term_string}"},"query-input":{"@type":"PropertyValueSpecification","valueRequired":true,"valueName":"search_term_string"}}],"inLanguage":"es"},{"@type":"Organization","@id":"https:\/\/wpguerssen-test.odoo.rgbconsulting.com\/es\/#organization","name":"Guerssen records","url":"https:\/\/wpguerssen-test.odoo.rgbconsulting.com\/es\/","logo":{"@type":"ImageObject","inLanguage":"es","@id":"https:\/\/wpguerssen-test.odoo.rgbconsulting.com\/es\/#\/schema\/logo\/image\/","url":"https:\/\/wpguerssen-test.odoo.rgbconsulting.com\/wp-content\/uploads\/2022\/04\/Logo_Guerssen_trans_100.png","contentUrl":"https:\/\/wpguerssen-test.odoo.rgbconsulting.com\/wp-content\/uploads\/2022\/04\/Logo_Guerssen_trans_100.png","width":122,"height":100,"caption":"Guerssen records"},"image":{"@id":"https:\/\/wpguerssen-test.odoo.rgbconsulting.com\/es\/#\/schema\/logo\/image\/"}}]}},"_links":{"self":[{"href":"https:\/\/wpguerssen-test.odoo.rgbconsulting.com\/es\/wp-json\/wp\/v2\/product\/233831","targetHints":{"allow":["GET"]}}],"collection":[{"href":"https:\/\/wpguerssen-test.odoo.rgbconsulting.com\/es\/wp-json\/wp\/v2\/product"}],"about":[{"href":"https:\/\/wpguerssen-test.odoo.rgbconsulting.com\/es\/wp-json\/wp\/v2\/types\/product"}],"wp:featuredmedia":[{"embeddable":true,"href":"https:\/\/wpguerssen-test.odoo.rgbconsulting.com\/es\/wp-json\/wp\/v2\/media\/233776"}],"wp:attachment":[{"href":"https:\/\/wpguerssen-test.odoo.rgbconsulting.com\/es\/wp-json\/wp\/v2\/media?parent=233831"}],"wp:term":[{"taxonomy":"product_brand","embeddable":true,"href":"https:\/\/wpguerssen-test.odoo.rgbconsulting.com\/es\/wp-json\/wp\/v2\/product_brand?post=233831"},{"taxonomy":"product_cat","embeddable":true,"href":"https:\/\/wpguerssen-test.odoo.rgbconsulting.com\/es\/wp-json\/wp\/v2\/product_cat?post=233831"},{"taxonomy":"product_tag","embeddable":true,"href":"https:\/\/wpguerssen-test.odoo.rgbconsulting.com\/es\/wp-json\/wp\/v2\/product_tag?post=233831"}],"curies":[{"name":"wp","href":"https:\/\/api.w.org\/{rel}","templated":true}]}}