{"id":233832,"date":"2023-08-21T00:00:00","date_gmt":"2023-08-20T22:00:00","guid":{"rendered":"https:\/\/wpguerssen-test.odoo.rgbconsulting.com\/product\/spankin-brand-new\/"},"modified":"2024-02-22T09:43:14","modified_gmt":"2024-02-22T08:43:14","slug":"spankin-brand-new","status":"publish","type":"product","link":"https:\/\/wpguerssen-test.odoo.rgbconsulting.com\/es\/producto\/spankin-brand-new\/","title":{"rendered":"Spankin&#8217; Brand New"},"content":{"rendered":"<p>El legendario debut de Spanky Wilson de Mother&#8217;s Records vio a la futura diva del soul de Filadelfia formando equipo con el legendario productor\/arreglista H.B. Barnum para entregar un LP asesino de 11 pistas! Desde las notas iniciales de \u00abYou&#8217;re Gonna Miss Me\u00bb hasta las campanadas finales de \u00abThe Last Day of Summer\u00bb, la hermosa voz de Spanky Wilson siempre est\u00e1 a la vista. A pesar de la plenitud de su voz, hay una ternura sorprendente, socavando los n\u00fameros funky conmovedores con un elemento de emotividad diferente a cualquier cosa que sus compa\u00f1eros pudieran ofrecer. A medida que la voz de Spanky se eleva, su banda de apoyo, a veces tan escasa como un solo piano, y a veces tan llena como una gran banda, siempre est\u00e1 apretada, lo que le da a Spanky mucho espacio para brillar mientras muestra sus propios talentos inmensos. \u00a1No te pierdas el \u00e1lbum que comenz\u00f3 todo para la legendaria diva del soul Spanky Wilson, ahora disponible en vinilo de edici\u00f3n limitada con una tira Obi japonesa especial!<\/p>\n","protected":false},"excerpt":{"rendered":"<p>El legendario debut de Spanky Wilson de Mother&#8217;s Records vio a la futura diva del soul de Filadelfia formando equipo con el legendario productor\/arreglista H.B.<a class=\"read\" href=\"https:\/\/wpguerssen-test.odoo.rgbconsulting.com\/es\/producto\/spankin-brand-new\/\"> (...)<\/a>","protected":false},"featured_media":233779,"template":"","meta":{"_acf_changed":false},"product_brand":[],"product_cat":[21649],"product_tag":[],"class_list":{"0":"post-233832","1":"product","2":"type-product","3":"status-publish","4":"has-post-thumbnail","6":"product_cat-soul-rnb-es","7":"pa_artist-wilson-spanky","8":"pa_format-lp-es","9":"pa_gender-soul-rnb","10":"pa_label-p-vine","11":"pa_location-north-america-es","12":"pa_other-filters-vinyl-only-es","14":"first","15":"instock","16":"taxable","17":"shipping-taxable","18":"purchasable","19":"product-type-simple"},"acf":[],"yoast_head":"<!-- This site is optimized with the Yoast SEO plugin v24.9 - https:\/\/yoast.com\/wordpress\/plugins\/seo\/ -->\n<title>WILSON, Spanky - Spankin&#039; Brand New -  (LP) | Guerssen<\/title>\n<meta name=\"description\" content=\"Spanky Wilson&#039;s legendary debut from Mother&#039;s Records saw Philadelphia&#039;s soon to be soul diva teaming up with legendary producer\/arranger H.B. Barnum to deliver a killer 11-track LP! From the opening notes of &quot;You&#039;re Gonna Miss Me&quot;, to the final fading chimes of &quot;The Last Day of Summer&quot;, Spanky Wilson&#039;s beautiful voice is always on full display. Despite the fullness of her voice, there&#039;s a surprising tenderness - undercutting soulful funky numbers with an element of emotionality unlike anything her peers would ever put out. As Spanky&#039;s voice soars, her backing band, at times as sparse as a single piano, and at times as full as a big band, is always tight, giving Spanky plenty of room to shine while showing off their own immense talents. Don&#039;t miss the album that started it all for legendary soul diva Spanky Wilson, now available on limited edition vinyl with a special Japanese Obi-strip!\" \/>\n<meta name=\"robots\" content=\"index, follow, max-snippet:-1, max-image-preview:large, max-video-preview:-1\" \/>\n<link rel=\"canonical\" href=\"https:\/\/wpguerssen-test.odoo.rgbconsulting.com\/es\/producto\/spankin-brand-new\/\" \/>\n<meta property=\"og:locale\" content=\"es_ES\" \/>\n<meta property=\"og:type\" content=\"article\" \/>\n<meta property=\"og:title\" content=\"WILSON, Spanky - Spankin&#039; Brand New -  (LP) | Guerssen\" \/>\n<meta property=\"og:description\" content=\"Spanky Wilson&#039;s legendary debut from Mother&#039;s Records saw Philadelphia&#039;s soon to be soul diva teaming up with legendary producer\/arranger H.B. Barnum to deliver a killer 11-track LP! From the opening notes of &quot;You&#039;re Gonna Miss Me&quot;, to the final fading chimes of &quot;The Last Day of Summer&quot;, Spanky Wilson&#039;s beautiful voice is always on full display. Despite the fullness of her voice, there&#039;s a surprising tenderness - undercutting soulful funky numbers with an element of emotionality unlike anything her peers would ever put out. As Spanky&#039;s voice soars, her backing band, at times as sparse as a single piano, and at times as full as a big band, is always tight, giving Spanky plenty of room to shine while showing off their own immense talents. Don&#039;t miss the album that started it all for legendary soul diva Spanky Wilson, now available on limited edition vinyl with a special Japanese Obi-strip!\" \/>\n<meta property=\"og:url\" content=\"https:\/\/wpguerssen-test.odoo.rgbconsulting.com\/es\/producto\/spankin-brand-new\/\" \/>\n<meta property=\"og:site_name\" content=\"Guerssen records\" \/>\n<meta property=\"article:modified_time\" content=\"2024-02-22T08:43:14+00:00\" \/>\n<meta property=\"og:image\" content=\"https:\/\/wpguerssen-test.odoo.rgbconsulting.com\/wp-content\/uploads\/2023\/06\/43850-scaled.jpg\" \/>\n\t<meta property=\"og:image:width\" content=\"2560\" \/>\n\t<meta property=\"og:image:height\" content=\"2536\" \/>\n\t<meta property=\"og:image:type\" content=\"image\/jpeg\" \/>\n<meta name=\"twitter:card\" content=\"summary_large_image\" \/>\n<meta name=\"twitter:title\" content=\"WILSON, Spanky - Spankin&#039; Brand New -  (LP) | Guerssen\" \/>\n<meta name=\"twitter:label1\" content=\"Tiempo de lectura\" \/>\n\t<meta name=\"twitter:data1\" content=\"1 minuto\" \/>\n<script type=\"application\/ld+json\" class=\"yoast-schema-graph\">{\"@context\":\"https:\/\/schema.org\",\"@graph\":[{\"@type\":\"WebPage\",\"@id\":\"https:\/\/wpguerssen-test.odoo.rgbconsulting.com\/es\/producto\/spankin-brand-new\/\",\"url\":\"https:\/\/wpguerssen-test.odoo.rgbconsulting.com\/es\/producto\/spankin-brand-new\/\",\"name\":\"WILSON, Spanky - Spankin' Brand New - (LP) | Guerssen\",\"isPartOf\":{\"@id\":\"https:\/\/wpguerssen-test.odoo.rgbconsulting.com\/es\/#website\"},\"primaryImageOfPage\":{\"@id\":\"https:\/\/wpguerssen-test.odoo.rgbconsulting.com\/es\/producto\/spankin-brand-new\/#primaryimage\"},\"image\":{\"@id\":\"https:\/\/wpguerssen-test.odoo.rgbconsulting.com\/es\/producto\/spankin-brand-new\/#primaryimage\"},\"thumbnailUrl\":\"https:\/\/wpguerssen-test.odoo.rgbconsulting.com\/wp-content\/uploads\/2023\/06\/43850-scaled.jpg\",\"datePublished\":\"2023-08-20T22:00:00+00:00\",\"dateModified\":\"2024-02-22T08:43:14+00:00\",\"description\":\"Spanky Wilson's legendary debut from Mother's Records saw Philadelphia's soon to be soul diva teaming up with legendary producer\/arranger H.B. Barnum to deliver a killer 11-track LP! From the opening notes of \\\"You're Gonna Miss Me\\\", to the final fading chimes of \\\"The Last Day of Summer\\\", Spanky Wilson's beautiful voice is always on full display. Despite the fullness of her voice, there's a surprising tenderness - undercutting soulful funky numbers with an element of emotionality unlike anything her peers would ever put out. As Spanky's voice soars, her backing band, at times as sparse as a single piano, and at times as full as a big band, is always tight, giving Spanky plenty of room to shine while showing off their own immense talents. Don't miss the album that started it all for legendary soul diva Spanky Wilson, now available on limited edition vinyl with a special Japanese Obi-strip!\",\"breadcrumb\":{\"@id\":\"https:\/\/wpguerssen-test.odoo.rgbconsulting.com\/es\/producto\/spankin-brand-new\/#breadcrumb\"},\"inLanguage\":\"es\",\"potentialAction\":[{\"@type\":\"ReadAction\",\"target\":[\"https:\/\/wpguerssen-test.odoo.rgbconsulting.com\/es\/producto\/spankin-brand-new\/\"]}]},{\"@type\":\"ImageObject\",\"inLanguage\":\"es\",\"@id\":\"https:\/\/wpguerssen-test.odoo.rgbconsulting.com\/es\/producto\/spankin-brand-new\/#primaryimage\",\"url\":\"https:\/\/wpguerssen-test.odoo.rgbconsulting.com\/wp-content\/uploads\/2023\/06\/43850-scaled.jpg\",\"contentUrl\":\"https:\/\/wpguerssen-test.odoo.rgbconsulting.com\/wp-content\/uploads\/2023\/06\/43850-scaled.jpg\",\"width\":2560,\"height\":2536,\"caption\":\"Spanky - Spankin' Brand New - P-VINE (LP) | Guerssen\"},{\"@type\":\"BreadcrumbList\",\"@id\":\"https:\/\/wpguerssen-test.odoo.rgbconsulting.com\/es\/producto\/spankin-brand-new\/#breadcrumb\",\"itemListElement\":[{\"@type\":\"ListItem\",\"position\":1,\"name\":\"Inicio\",\"item\":\"https:\/\/wpguerssen-test.odoo.rgbconsulting.com\/es\/\"},{\"@type\":\"ListItem\",\"position\":2,\"name\":\"Shop\",\"item\":\"https:\/\/wpguerssen-test.odoo.rgbconsulting.com\/shop\/\"},{\"@type\":\"ListItem\",\"position\":3,\"name\":\"Spankin&#8217; Brand New\"}]},{\"@type\":\"WebSite\",\"@id\":\"https:\/\/wpguerssen-test.odoo.rgbconsulting.com\/es\/#website\",\"url\":\"https:\/\/wpguerssen-test.odoo.rgbconsulting.com\/es\/\",\"name\":\"Guerssen records\",\"description\":\"psychedelia - progressive - folk - garage \",\"publisher\":{\"@id\":\"https:\/\/wpguerssen-test.odoo.rgbconsulting.com\/es\/#organization\"},\"potentialAction\":[{\"@type\":\"SearchAction\",\"target\":{\"@type\":\"EntryPoint\",\"urlTemplate\":\"https:\/\/wpguerssen-test.odoo.rgbconsulting.com\/es\/?s={search_term_string}\"},\"query-input\":{\"@type\":\"PropertyValueSpecification\",\"valueRequired\":true,\"valueName\":\"search_term_string\"}}],\"inLanguage\":\"es\"},{\"@type\":\"Organization\",\"@id\":\"https:\/\/wpguerssen-test.odoo.rgbconsulting.com\/es\/#organization\",\"name\":\"Guerssen records\",\"url\":\"https:\/\/wpguerssen-test.odoo.rgbconsulting.com\/es\/\",\"logo\":{\"@type\":\"ImageObject\",\"inLanguage\":\"es\",\"@id\":\"https:\/\/wpguerssen-test.odoo.rgbconsulting.com\/es\/#\/schema\/logo\/image\/\",\"url\":\"https:\/\/wpguerssen-test.odoo.rgbconsulting.com\/wp-content\/uploads\/2022\/04\/Logo_Guerssen_trans_100.png\",\"contentUrl\":\"https:\/\/wpguerssen-test.odoo.rgbconsulting.com\/wp-content\/uploads\/2022\/04\/Logo_Guerssen_trans_100.png\",\"width\":122,\"height\":100,\"caption\":\"Guerssen records\"},\"image\":{\"@id\":\"https:\/\/wpguerssen-test.odoo.rgbconsulting.com\/es\/#\/schema\/logo\/image\/\"}}]}<\/script>\n<!-- \/ Yoast SEO plugin. -->","yoast_head_json":{"title":"WILSON, Spanky - Spankin' Brand New -  (LP) | Guerssen","description":"Spanky Wilson's legendary debut from Mother's Records saw Philadelphia's soon to be soul diva teaming up with legendary producer\/arranger H.B. Barnum to deliver a killer 11-track LP! From the opening notes of \"You're Gonna Miss Me\", to the final fading chimes of \"The Last Day of Summer\", Spanky Wilson's beautiful voice is always on full display. Despite the fullness of her voice, there's a surprising tenderness - undercutting soulful funky numbers with an element of emotionality unlike anything her peers would ever put out. As Spanky's voice soars, her backing band, at times as sparse as a single piano, and at times as full as a big band, is always tight, giving Spanky plenty of room to shine while showing off their own immense talents. Don't miss the album that started it all for legendary soul diva Spanky Wilson, now available on limited edition vinyl with a special Japanese Obi-strip!","robots":{"index":"index","follow":"follow","max-snippet":"max-snippet:-1","max-image-preview":"max-image-preview:large","max-video-preview":"max-video-preview:-1"},"canonical":"https:\/\/wpguerssen-test.odoo.rgbconsulting.com\/es\/producto\/spankin-brand-new\/","og_locale":"es_ES","og_type":"article","og_title":"WILSON, Spanky - Spankin' Brand New -  (LP) | Guerssen","og_description":"Spanky Wilson's legendary debut from Mother's Records saw Philadelphia's soon to be soul diva teaming up with legendary producer\/arranger H.B. Barnum to deliver a killer 11-track LP! From the opening notes of \"You're Gonna Miss Me\", to the final fading chimes of \"The Last Day of Summer\", Spanky Wilson's beautiful voice is always on full display. Despite the fullness of her voice, there's a surprising tenderness - undercutting soulful funky numbers with an element of emotionality unlike anything her peers would ever put out. As Spanky's voice soars, her backing band, at times as sparse as a single piano, and at times as full as a big band, is always tight, giving Spanky plenty of room to shine while showing off their own immense talents. Don't miss the album that started it all for legendary soul diva Spanky Wilson, now available on limited edition vinyl with a special Japanese Obi-strip!","og_url":"https:\/\/wpguerssen-test.odoo.rgbconsulting.com\/es\/producto\/spankin-brand-new\/","og_site_name":"Guerssen records","article_modified_time":"2024-02-22T08:43:14+00:00","og_image":[{"width":2560,"height":2536,"url":"https:\/\/wpguerssen-test.odoo.rgbconsulting.com\/wp-content\/uploads\/2023\/06\/43850-scaled.jpg","type":"image\/jpeg"}],"twitter_card":"summary_large_image","twitter_title":"WILSON, Spanky - Spankin' Brand New -  (LP) | Guerssen","twitter_misc":{"Tiempo de lectura":"1 minuto"},"schema":{"@context":"https:\/\/schema.org","@graph":[{"@type":"WebPage","@id":"https:\/\/wpguerssen-test.odoo.rgbconsulting.com\/es\/producto\/spankin-brand-new\/","url":"https:\/\/wpguerssen-test.odoo.rgbconsulting.com\/es\/producto\/spankin-brand-new\/","name":"WILSON, Spanky - Spankin' Brand New - (LP) | Guerssen","isPartOf":{"@id":"https:\/\/wpguerssen-test.odoo.rgbconsulting.com\/es\/#website"},"primaryImageOfPage":{"@id":"https:\/\/wpguerssen-test.odoo.rgbconsulting.com\/es\/producto\/spankin-brand-new\/#primaryimage"},"image":{"@id":"https:\/\/wpguerssen-test.odoo.rgbconsulting.com\/es\/producto\/spankin-brand-new\/#primaryimage"},"thumbnailUrl":"https:\/\/wpguerssen-test.odoo.rgbconsulting.com\/wp-content\/uploads\/2023\/06\/43850-scaled.jpg","datePublished":"2023-08-20T22:00:00+00:00","dateModified":"2024-02-22T08:43:14+00:00","description":"Spanky Wilson's legendary debut from Mother's Records saw Philadelphia's soon to be soul diva teaming up with legendary producer\/arranger H.B. Barnum to deliver a killer 11-track LP! From the opening notes of \"You're Gonna Miss Me\", to the final fading chimes of \"The Last Day of Summer\", Spanky Wilson's beautiful voice is always on full display. Despite the fullness of her voice, there's a surprising tenderness - undercutting soulful funky numbers with an element of emotionality unlike anything her peers would ever put out. As Spanky's voice soars, her backing band, at times as sparse as a single piano, and at times as full as a big band, is always tight, giving Spanky plenty of room to shine while showing off their own immense talents. Don't miss the album that started it all for legendary soul diva Spanky Wilson, now available on limited edition vinyl with a special Japanese Obi-strip!","breadcrumb":{"@id":"https:\/\/wpguerssen-test.odoo.rgbconsulting.com\/es\/producto\/spankin-brand-new\/#breadcrumb"},"inLanguage":"es","potentialAction":[{"@type":"ReadAction","target":["https:\/\/wpguerssen-test.odoo.rgbconsulting.com\/es\/producto\/spankin-brand-new\/"]}]},{"@type":"ImageObject","inLanguage":"es","@id":"https:\/\/wpguerssen-test.odoo.rgbconsulting.com\/es\/producto\/spankin-brand-new\/#primaryimage","url":"https:\/\/wpguerssen-test.odoo.rgbconsulting.com\/wp-content\/uploads\/2023\/06\/43850-scaled.jpg","contentUrl":"https:\/\/wpguerssen-test.odoo.rgbconsulting.com\/wp-content\/uploads\/2023\/06\/43850-scaled.jpg","width":2560,"height":2536,"caption":"Spanky - Spankin' Brand New - P-VINE (LP) | Guerssen"},{"@type":"BreadcrumbList","@id":"https:\/\/wpguerssen-test.odoo.rgbconsulting.com\/es\/producto\/spankin-brand-new\/#breadcrumb","itemListElement":[{"@type":"ListItem","position":1,"name":"Inicio","item":"https:\/\/wpguerssen-test.odoo.rgbconsulting.com\/es\/"},{"@type":"ListItem","position":2,"name":"Shop","item":"https:\/\/wpguerssen-test.odoo.rgbconsulting.com\/shop\/"},{"@type":"ListItem","position":3,"name":"Spankin&#8217; Brand New"}]},{"@type":"WebSite","@id":"https:\/\/wpguerssen-test.odoo.rgbconsulting.com\/es\/#website","url":"https:\/\/wpguerssen-test.odoo.rgbconsulting.com\/es\/","name":"Guerssen records","description":"psychedelia - progressive - folk - garage ","publisher":{"@id":"https:\/\/wpguerssen-test.odoo.rgbconsulting.com\/es\/#organization"},"potentialAction":[{"@type":"SearchAction","target":{"@type":"EntryPoint","urlTemplate":"https:\/\/wpguerssen-test.odoo.rgbconsulting.com\/es\/?s={search_term_string}"},"query-input":{"@type":"PropertyValueSpecification","valueRequired":true,"valueName":"search_term_string"}}],"inLanguage":"es"},{"@type":"Organization","@id":"https:\/\/wpguerssen-test.odoo.rgbconsulting.com\/es\/#organization","name":"Guerssen records","url":"https:\/\/wpguerssen-test.odoo.rgbconsulting.com\/es\/","logo":{"@type":"ImageObject","inLanguage":"es","@id":"https:\/\/wpguerssen-test.odoo.rgbconsulting.com\/es\/#\/schema\/logo\/image\/","url":"https:\/\/wpguerssen-test.odoo.rgbconsulting.com\/wp-content\/uploads\/2022\/04\/Logo_Guerssen_trans_100.png","contentUrl":"https:\/\/wpguerssen-test.odoo.rgbconsulting.com\/wp-content\/uploads\/2022\/04\/Logo_Guerssen_trans_100.png","width":122,"height":100,"caption":"Guerssen records"},"image":{"@id":"https:\/\/wpguerssen-test.odoo.rgbconsulting.com\/es\/#\/schema\/logo\/image\/"}}]}},"_links":{"self":[{"href":"https:\/\/wpguerssen-test.odoo.rgbconsulting.com\/es\/wp-json\/wp\/v2\/product\/233832","targetHints":{"allow":["GET"]}}],"collection":[{"href":"https:\/\/wpguerssen-test.odoo.rgbconsulting.com\/es\/wp-json\/wp\/v2\/product"}],"about":[{"href":"https:\/\/wpguerssen-test.odoo.rgbconsulting.com\/es\/wp-json\/wp\/v2\/types\/product"}],"wp:featuredmedia":[{"embeddable":true,"href":"https:\/\/wpguerssen-test.odoo.rgbconsulting.com\/es\/wp-json\/wp\/v2\/media\/233779"}],"wp:attachment":[{"href":"https:\/\/wpguerssen-test.odoo.rgbconsulting.com\/es\/wp-json\/wp\/v2\/media?parent=233832"}],"wp:term":[{"taxonomy":"product_brand","embeddable":true,"href":"https:\/\/wpguerssen-test.odoo.rgbconsulting.com\/es\/wp-json\/wp\/v2\/product_brand?post=233832"},{"taxonomy":"product_cat","embeddable":true,"href":"https:\/\/wpguerssen-test.odoo.rgbconsulting.com\/es\/wp-json\/wp\/v2\/product_cat?post=233832"},{"taxonomy":"product_tag","embeddable":true,"href":"https:\/\/wpguerssen-test.odoo.rgbconsulting.com\/es\/wp-json\/wp\/v2\/product_tag?post=233832"}],"curies":[{"name":"wp","href":"https:\/\/api.w.org\/{rel}","templated":true}]}}