{"id":233841,"date":"2023-07-20T00:00:00","date_gmt":"2023-07-19T22:00:00","guid":{"rendered":"https:\/\/wpguerssen-test.odoo.rgbconsulting.com\/product\/outros-espaco-pink-lp\/"},"modified":"2023-12-04T08:30:57","modified_gmt":"2023-12-04T07:30:57","slug":"outros-estado-pink-lp","status":"publish","type":"product","link":"https:\/\/wpguerssen-test.odoo.rgbconsulting.com\/es\/producto\/outros-estado-pink-lp\/","title":{"rendered":"Outros Estado (Pink LP)"},"content":{"rendered":"<p>ART\u00cdCULO EN PRE-PEDIDO. FECHA DE SALIDA OFICIAL: 21 DE JULIO. <\/p>\n<p> RES\u00c9RVALO YA Y S\u00c9 EL PRIMERO EN TENERLO. <\/p>\n<p> VINILO ROSA, S\u00d3LO 100 COPIAS!!! <\/p>\n<p> Despu\u00e9s del celebrado \u00abOutros Espa\u00e7o\u00bb, grabado junto a m\u00fasicos de Sun Ra Arkestra, Brand\u00e3o vuelve con un disco que mezcla de forma muy original jazz, psicodelia, Spoken Word, sintes y Afro-Futurismo con toques Brasile\u00f1os. Acompa\u00f1ado de m\u00fasicos de la escena de spiritual jazz como los brasile\u00f1os Thiago Fran\u00e7a (META META) y Guilherme Granado (Rob Mazurek Octet, S\u00e3o Paulo Underground ), los magos del free jazz Rodrigo Amado, Yedo Gibson, Hern\u00e2ni Faustino y Carla Santana &#8230;<\/p>\n","protected":false},"excerpt":{"rendered":"<p>ART\u00cdCULO EN PRE-PEDIDO. FECHA DE SALIDA OFICIAL: 21 DE JULIO. <\/p>\n<p>\u00a0<\/p>\n<p> RES\u00c9RVALO YA Y S\u00c9 EL PRIMERO EN TENERLO. <\/p>\n<p>\u00a0<\/p>\n<p> VINILO ROSA, S\u00d3LO<a class=\"read\" href=\"https:\/\/wpguerssen-test.odoo.rgbconsulting.com\/es\/producto\/outros-estado-pink-lp\/\"> (...)<\/a>","protected":false},"featured_media":233800,"template":"","meta":{"_acf_changed":false},"product_brand":[],"product_cat":[23231,23227],"product_tag":[24189],"class_list":{"0":"post-233841","1":"product","2":"type-product","3":"status-publish","4":"has-post-thumbnail","6":"product_cat-latin-brazilian-es","7":"product_cat-jazz-es","8":"product_tag-recien-llegadas","9":"pa_artist-brandao","10":"pa_format-lp-es","11":"pa_gender-latin-brazilian-jazz","12":"pa_label-comets-coming","13":"pa_location-south-america-caribbean-es","14":"pa_other-filters-vinyl-only-es","16":"first","17":"instock","18":"taxable","19":"shipping-taxable","20":"purchasable","21":"product-type-simple"},"acf":[],"yoast_head":"<!-- This site is optimized with the Yoast SEO plugin v24.9 - https:\/\/yoast.com\/wordpress\/plugins\/seo\/ -->\n<title>BRANDAO - Outros Estado (Pink LP) -  (LP) | Guerssen<\/title>\n<meta name=\"description\" content=\"ITEM ON PRE-ORDER. OFFICIAL RELEASE DATE: JULY, 5th. #nl# ORDER NOW AND BE THE FIRST ONE TO GET IT. #nl# PINK VINYL, 100 COPIES ONLY! #nl# &quot;Style, Style is the answer to everything, an original way to face a boring day, or a dangerous day, I&#039;d rather do a boring job with style, than an exciting thing without style, style is pure art&quot;. It is with these words that Rodrigo Brand\u00e3o begins his poetic, spiritual journey and with high doses of &quot;straight talk&quot; without &quot;eiras or borders&quot;. A record that brings at its core a mixture of elements such as jazz, psychedelia, spoken word, synthesizers and afro futurism with Brazilian matrices. Brand\u00e3o makes us reflect, bothers us and forces us to understand the other sides, questioning society&#039;s problems for the reality of life. The past, now and future in one direction, like a revolutionary celestial storm. #nl# Twisting time and uniting spaces with words and sounds in &quot;other states&quot;. Rodrigo invokes in his narrative the subversion of the listeners. Mentioning that we can face life&#039;s difficulties and beauties through style, propagating love instead of hate. A transcendental journey that will undoubtedly transform many who will embark on this sidereal state. #nl# Here and after the LP &quot;Outros Espa\u00e7o&quot; alongside the mythical SUN RA ARKESTRA, Brand\u00e3o arrives accompanied by musicians with a unique caliber from the spiritual jazz and international free jazz, such as the Brazilians Thiago Fran\u00e7a (META META) and Guilherme Granado (Rob Mazurek Octet, S\u00e3o Paulo Underground ) the free jazz magicians Rodrigo Amado, Yedo Gibson, Hern\u00e2ni Faustino and Carla Santana the Guinean Kora magician Jos\u00e9 Braima Galissa. Luxury cast that make OUTROS ESTADO an unavoidable work in current the current jazz scene. #nl# &quot;The truth is hard to hear. Even in music. But I can tell you that when you really listen to it, it&#039;s beautiful, like the sweetest sound you&#039;ve ever heard. Brand\u00e3o&#039;s poetry is like that. Lower your weapons. And listen with the same vulnerability it was created with. That&#039;s where you&#039;ll find beauty. &quot;Brian Jackson&quot;Felipe PortesJornalista, Soci\u00f3logo, DJ e Escritor\" \/>\n<meta name=\"robots\" content=\"index, follow, max-snippet:-1, max-image-preview:large, max-video-preview:-1\" \/>\n<link rel=\"canonical\" href=\"https:\/\/wpguerssen-test.odoo.rgbconsulting.com\/es\/producto\/outros-estado-pink-lp\/\" \/>\n<meta property=\"og:locale\" content=\"es_ES\" \/>\n<meta property=\"og:type\" content=\"article\" \/>\n<meta property=\"og:title\" content=\"BRANDAO - Outros Estado (Pink LP) -  (LP) | Guerssen\" \/>\n<meta property=\"og:description\" content=\"ITEM ON PRE-ORDER. OFFICIAL RELEASE DATE: JULY, 5th. #nl# ORDER NOW AND BE THE FIRST ONE TO GET IT. #nl# PINK VINYL, 100 COPIES ONLY! #nl# &quot;Style, Style is the answer to everything, an original way to face a boring day, or a dangerous day, I&#039;d rather do a boring job with style, than an exciting thing without style, style is pure art&quot;. It is with these words that Rodrigo Brand\u00e3o begins his poetic, spiritual journey and with high doses of &quot;straight talk&quot; without &quot;eiras or borders&quot;. A record that brings at its core a mixture of elements such as jazz, psychedelia, spoken word, synthesizers and afro futurism with Brazilian matrices. Brand\u00e3o makes us reflect, bothers us and forces us to understand the other sides, questioning society&#039;s problems for the reality of life. The past, now and future in one direction, like a revolutionary celestial storm. #nl# Twisting time and uniting spaces with words and sounds in &quot;other states&quot;. Rodrigo invokes in his narrative the subversion of the listeners. Mentioning that we can face life&#039;s difficulties and beauties through style, propagating love instead of hate. A transcendental journey that will undoubtedly transform many who will embark on this sidereal state. #nl# Here and after the LP &quot;Outros Espa\u00e7o&quot; alongside the mythical SUN RA ARKESTRA, Brand\u00e3o arrives accompanied by musicians with a unique caliber from the spiritual jazz and international free jazz, such as the Brazilians Thiago Fran\u00e7a (META META) and Guilherme Granado (Rob Mazurek Octet, S\u00e3o Paulo Underground ) the free jazz magicians Rodrigo Amado, Yedo Gibson, Hern\u00e2ni Faustino and Carla Santana the Guinean Kora magician Jos\u00e9 Braima Galissa. Luxury cast that make OUTROS ESTADO an unavoidable work in current the current jazz scene. #nl# &quot;The truth is hard to hear. Even in music. But I can tell you that when you really listen to it, it&#039;s beautiful, like the sweetest sound you&#039;ve ever heard. Brand\u00e3o&#039;s poetry is like that. Lower your weapons. And listen with the same vulnerability it was created with. That&#039;s where you&#039;ll find beauty. &quot;Brian Jackson&quot;Felipe PortesJornalista, Soci\u00f3logo, DJ e Escritor\" \/>\n<meta property=\"og:url\" content=\"https:\/\/wpguerssen-test.odoo.rgbconsulting.com\/es\/producto\/outros-estado-pink-lp\/\" \/>\n<meta property=\"og:site_name\" content=\"Guerssen records\" \/>\n<meta property=\"article:modified_time\" content=\"2023-12-04T07:30:57+00:00\" \/>\n<meta property=\"og:image\" content=\"https:\/\/wpguerssen-test.odoo.rgbconsulting.com\/wp-content\/uploads\/2023\/06\/44800.jpg\" \/>\n\t<meta property=\"og:image:width\" content=\"1400\" \/>\n\t<meta property=\"og:image:height\" content=\"1400\" \/>\n\t<meta property=\"og:image:type\" content=\"image\/jpeg\" \/>\n<meta name=\"twitter:card\" content=\"summary_large_image\" \/>\n<meta name=\"twitter:title\" content=\"BRANDAO - Outros Estado (Pink LP) -  (LP) | Guerssen\" \/>\n<meta name=\"twitter:label1\" content=\"Tiempo de lectura\" \/>\n\t<meta name=\"twitter:data1\" content=\"1 minuto\" \/>\n<script type=\"application\/ld+json\" class=\"yoast-schema-graph\">{\"@context\":\"https:\/\/schema.org\",\"@graph\":[{\"@type\":\"WebPage\",\"@id\":\"https:\/\/wpguerssen-test.odoo.rgbconsulting.com\/es\/producto\/outros-estado-pink-lp\/\",\"url\":\"https:\/\/wpguerssen-test.odoo.rgbconsulting.com\/es\/producto\/outros-estado-pink-lp\/\",\"name\":\"BRANDAO - Outros Estado (Pink LP) - (LP) | Guerssen\",\"isPartOf\":{\"@id\":\"https:\/\/wpguerssen-test.odoo.rgbconsulting.com\/es\/#website\"},\"primaryImageOfPage\":{\"@id\":\"https:\/\/wpguerssen-test.odoo.rgbconsulting.com\/es\/producto\/outros-estado-pink-lp\/#primaryimage\"},\"image\":{\"@id\":\"https:\/\/wpguerssen-test.odoo.rgbconsulting.com\/es\/producto\/outros-estado-pink-lp\/#primaryimage\"},\"thumbnailUrl\":\"https:\/\/wpguerssen-test.odoo.rgbconsulting.com\/wp-content\/uploads\/2023\/06\/44800.jpg\",\"datePublished\":\"2023-07-19T22:00:00+00:00\",\"dateModified\":\"2023-12-04T07:30:57+00:00\",\"description\":\"ITEM ON PRE-ORDER. OFFICIAL RELEASE DATE: JULY, 5th. #nl# ORDER NOW AND BE THE FIRST ONE TO GET IT. #nl# PINK VINYL, 100 COPIES ONLY! #nl# \\\"Style, Style is the answer to everything, an original way to face a boring day, or a dangerous day, I'd rather do a boring job with style, than an exciting thing without style, style is pure art\\\". It is with these words that Rodrigo Brand\u00e3o begins his poetic, spiritual journey and with high doses of \\\"straight talk\\\" without \\\"eiras or borders\\\". A record that brings at its core a mixture of elements such as jazz, psychedelia, spoken word, synthesizers and afro futurism with Brazilian matrices. Brand\u00e3o makes us reflect, bothers us and forces us to understand the other sides, questioning society's problems for the reality of life. The past, now and future in one direction, like a revolutionary celestial storm. #nl# Twisting time and uniting spaces with words and sounds in \\\"other states\\\". Rodrigo invokes in his narrative the subversion of the listeners. Mentioning that we can face life's difficulties and beauties through style, propagating love instead of hate. A transcendental journey that will undoubtedly transform many who will embark on this sidereal state. #nl# Here and after the LP \\\"Outros Espa\u00e7o\\\" alongside the mythical SUN RA ARKESTRA, Brand\u00e3o arrives accompanied by musicians with a unique caliber from the spiritual jazz and international free jazz, such as the Brazilians Thiago Fran\u00e7a (META META) and Guilherme Granado (Rob Mazurek Octet, S\u00e3o Paulo Underground ) the free jazz magicians Rodrigo Amado, Yedo Gibson, Hern\u00e2ni Faustino and Carla Santana the Guinean Kora magician Jos\u00e9 Braima Galissa. Luxury cast that make OUTROS ESTADO an unavoidable work in current the current jazz scene. #nl# \\\"The truth is hard to hear. Even in music. But I can tell you that when you really listen to it, it's beautiful, like the sweetest sound you've ever heard. Brand\u00e3o's poetry is like that. Lower your weapons. And listen with the same vulnerability it was created with. That's where you'll find beauty. \\\"Brian Jackson\\\"Felipe PortesJornalista, Soci\u00f3logo, DJ e Escritor\",\"breadcrumb\":{\"@id\":\"https:\/\/wpguerssen-test.odoo.rgbconsulting.com\/es\/producto\/outros-estado-pink-lp\/#breadcrumb\"},\"inLanguage\":\"es\",\"potentialAction\":[{\"@type\":\"ReadAction\",\"target\":[\"https:\/\/wpguerssen-test.odoo.rgbconsulting.com\/es\/producto\/outros-estado-pink-lp\/\"]}]},{\"@type\":\"ImageObject\",\"inLanguage\":\"es\",\"@id\":\"https:\/\/wpguerssen-test.odoo.rgbconsulting.com\/es\/producto\/outros-estado-pink-lp\/#primaryimage\",\"url\":\"https:\/\/wpguerssen-test.odoo.rgbconsulting.com\/wp-content\/uploads\/2023\/06\/44800.jpg\",\"contentUrl\":\"https:\/\/wpguerssen-test.odoo.rgbconsulting.com\/wp-content\/uploads\/2023\/06\/44800.jpg\",\"width\":1400,\"height\":1400},{\"@type\":\"BreadcrumbList\",\"@id\":\"https:\/\/wpguerssen-test.odoo.rgbconsulting.com\/es\/producto\/outros-estado-pink-lp\/#breadcrumb\",\"itemListElement\":[{\"@type\":\"ListItem\",\"position\":1,\"name\":\"Inicio\",\"item\":\"https:\/\/wpguerssen-test.odoo.rgbconsulting.com\/es\/\"},{\"@type\":\"ListItem\",\"position\":2,\"name\":\"Shop\",\"item\":\"https:\/\/wpguerssen-test.odoo.rgbconsulting.com\/shop\/\"},{\"@type\":\"ListItem\",\"position\":3,\"name\":\"Outros Estado (Pink LP)\"}]},{\"@type\":\"WebSite\",\"@id\":\"https:\/\/wpguerssen-test.odoo.rgbconsulting.com\/es\/#website\",\"url\":\"https:\/\/wpguerssen-test.odoo.rgbconsulting.com\/es\/\",\"name\":\"Guerssen records\",\"description\":\"psychedelia - progressive - folk - garage \",\"publisher\":{\"@id\":\"https:\/\/wpguerssen-test.odoo.rgbconsulting.com\/es\/#organization\"},\"potentialAction\":[{\"@type\":\"SearchAction\",\"target\":{\"@type\":\"EntryPoint\",\"urlTemplate\":\"https:\/\/wpguerssen-test.odoo.rgbconsulting.com\/es\/?s={search_term_string}\"},\"query-input\":{\"@type\":\"PropertyValueSpecification\",\"valueRequired\":true,\"valueName\":\"search_term_string\"}}],\"inLanguage\":\"es\"},{\"@type\":\"Organization\",\"@id\":\"https:\/\/wpguerssen-test.odoo.rgbconsulting.com\/es\/#organization\",\"name\":\"Guerssen records\",\"url\":\"https:\/\/wpguerssen-test.odoo.rgbconsulting.com\/es\/\",\"logo\":{\"@type\":\"ImageObject\",\"inLanguage\":\"es\",\"@id\":\"https:\/\/wpguerssen-test.odoo.rgbconsulting.com\/es\/#\/schema\/logo\/image\/\",\"url\":\"https:\/\/wpguerssen-test.odoo.rgbconsulting.com\/wp-content\/uploads\/2022\/04\/Logo_Guerssen_trans_100.png\",\"contentUrl\":\"https:\/\/wpguerssen-test.odoo.rgbconsulting.com\/wp-content\/uploads\/2022\/04\/Logo_Guerssen_trans_100.png\",\"width\":122,\"height\":100,\"caption\":\"Guerssen records\"},\"image\":{\"@id\":\"https:\/\/wpguerssen-test.odoo.rgbconsulting.com\/es\/#\/schema\/logo\/image\/\"}}]}<\/script>\n<!-- \/ Yoast SEO plugin. -->","yoast_head_json":{"title":"BRANDAO - Outros Estado (Pink LP) -  (LP) | Guerssen","description":"ITEM ON PRE-ORDER. OFFICIAL RELEASE DATE: JULY, 5th. #nl# ORDER NOW AND BE THE FIRST ONE TO GET IT. #nl# PINK VINYL, 100 COPIES ONLY! #nl# \"Style, Style is the answer to everything, an original way to face a boring day, or a dangerous day, I'd rather do a boring job with style, than an exciting thing without style, style is pure art\". It is with these words that Rodrigo Brand\u00e3o begins his poetic, spiritual journey and with high doses of \"straight talk\" without \"eiras or borders\". A record that brings at its core a mixture of elements such as jazz, psychedelia, spoken word, synthesizers and afro futurism with Brazilian matrices. Brand\u00e3o makes us reflect, bothers us and forces us to understand the other sides, questioning society's problems for the reality of life. The past, now and future in one direction, like a revolutionary celestial storm. #nl# Twisting time and uniting spaces with words and sounds in \"other states\". Rodrigo invokes in his narrative the subversion of the listeners. Mentioning that we can face life's difficulties and beauties through style, propagating love instead of hate. A transcendental journey that will undoubtedly transform many who will embark on this sidereal state. #nl# Here and after the LP \"Outros Espa\u00e7o\" alongside the mythical SUN RA ARKESTRA, Brand\u00e3o arrives accompanied by musicians with a unique caliber from the spiritual jazz and international free jazz, such as the Brazilians Thiago Fran\u00e7a (META META) and Guilherme Granado (Rob Mazurek Octet, S\u00e3o Paulo Underground ) the free jazz magicians Rodrigo Amado, Yedo Gibson, Hern\u00e2ni Faustino and Carla Santana the Guinean Kora magician Jos\u00e9 Braima Galissa. Luxury cast that make OUTROS ESTADO an unavoidable work in current the current jazz scene. #nl# \"The truth is hard to hear. Even in music. But I can tell you that when you really listen to it, it's beautiful, like the sweetest sound you've ever heard. Brand\u00e3o's poetry is like that. Lower your weapons. And listen with the same vulnerability it was created with. That's where you'll find beauty. \"Brian Jackson\"Felipe PortesJornalista, Soci\u00f3logo, DJ e Escritor","robots":{"index":"index","follow":"follow","max-snippet":"max-snippet:-1","max-image-preview":"max-image-preview:large","max-video-preview":"max-video-preview:-1"},"canonical":"https:\/\/wpguerssen-test.odoo.rgbconsulting.com\/es\/producto\/outros-estado-pink-lp\/","og_locale":"es_ES","og_type":"article","og_title":"BRANDAO - Outros Estado (Pink LP) -  (LP) | Guerssen","og_description":"ITEM ON PRE-ORDER. OFFICIAL RELEASE DATE: JULY, 5th. #nl# ORDER NOW AND BE THE FIRST ONE TO GET IT. #nl# PINK VINYL, 100 COPIES ONLY! #nl# \"Style, Style is the answer to everything, an original way to face a boring day, or a dangerous day, I'd rather do a boring job with style, than an exciting thing without style, style is pure art\". It is with these words that Rodrigo Brand\u00e3o begins his poetic, spiritual journey and with high doses of \"straight talk\" without \"eiras or borders\". A record that brings at its core a mixture of elements such as jazz, psychedelia, spoken word, synthesizers and afro futurism with Brazilian matrices. Brand\u00e3o makes us reflect, bothers us and forces us to understand the other sides, questioning society's problems for the reality of life. The past, now and future in one direction, like a revolutionary celestial storm. #nl# Twisting time and uniting spaces with words and sounds in \"other states\". Rodrigo invokes in his narrative the subversion of the listeners. Mentioning that we can face life's difficulties and beauties through style, propagating love instead of hate. A transcendental journey that will undoubtedly transform many who will embark on this sidereal state. #nl# Here and after the LP \"Outros Espa\u00e7o\" alongside the mythical SUN RA ARKESTRA, Brand\u00e3o arrives accompanied by musicians with a unique caliber from the spiritual jazz and international free jazz, such as the Brazilians Thiago Fran\u00e7a (META META) and Guilherme Granado (Rob Mazurek Octet, S\u00e3o Paulo Underground ) the free jazz magicians Rodrigo Amado, Yedo Gibson, Hern\u00e2ni Faustino and Carla Santana the Guinean Kora magician Jos\u00e9 Braima Galissa. Luxury cast that make OUTROS ESTADO an unavoidable work in current the current jazz scene. #nl# \"The truth is hard to hear. Even in music. But I can tell you that when you really listen to it, it's beautiful, like the sweetest sound you've ever heard. Brand\u00e3o's poetry is like that. Lower your weapons. And listen with the same vulnerability it was created with. That's where you'll find beauty. \"Brian Jackson\"Felipe PortesJornalista, Soci\u00f3logo, DJ e Escritor","og_url":"https:\/\/wpguerssen-test.odoo.rgbconsulting.com\/es\/producto\/outros-estado-pink-lp\/","og_site_name":"Guerssen records","article_modified_time":"2023-12-04T07:30:57+00:00","og_image":[{"width":1400,"height":1400,"url":"https:\/\/wpguerssen-test.odoo.rgbconsulting.com\/wp-content\/uploads\/2023\/06\/44800.jpg","type":"image\/jpeg"}],"twitter_card":"summary_large_image","twitter_title":"BRANDAO - Outros Estado (Pink LP) -  (LP) | Guerssen","twitter_misc":{"Tiempo de lectura":"1 minuto"},"schema":{"@context":"https:\/\/schema.org","@graph":[{"@type":"WebPage","@id":"https:\/\/wpguerssen-test.odoo.rgbconsulting.com\/es\/producto\/outros-estado-pink-lp\/","url":"https:\/\/wpguerssen-test.odoo.rgbconsulting.com\/es\/producto\/outros-estado-pink-lp\/","name":"BRANDAO - Outros Estado (Pink LP) - (LP) | Guerssen","isPartOf":{"@id":"https:\/\/wpguerssen-test.odoo.rgbconsulting.com\/es\/#website"},"primaryImageOfPage":{"@id":"https:\/\/wpguerssen-test.odoo.rgbconsulting.com\/es\/producto\/outros-estado-pink-lp\/#primaryimage"},"image":{"@id":"https:\/\/wpguerssen-test.odoo.rgbconsulting.com\/es\/producto\/outros-estado-pink-lp\/#primaryimage"},"thumbnailUrl":"https:\/\/wpguerssen-test.odoo.rgbconsulting.com\/wp-content\/uploads\/2023\/06\/44800.jpg","datePublished":"2023-07-19T22:00:00+00:00","dateModified":"2023-12-04T07:30:57+00:00","description":"ITEM ON PRE-ORDER. OFFICIAL RELEASE DATE: JULY, 5th. #nl# ORDER NOW AND BE THE FIRST ONE TO GET IT. #nl# PINK VINYL, 100 COPIES ONLY! #nl# \"Style, Style is the answer to everything, an original way to face a boring day, or a dangerous day, I'd rather do a boring job with style, than an exciting thing without style, style is pure art\". It is with these words that Rodrigo Brand\u00e3o begins his poetic, spiritual journey and with high doses of \"straight talk\" without \"eiras or borders\". A record that brings at its core a mixture of elements such as jazz, psychedelia, spoken word, synthesizers and afro futurism with Brazilian matrices. Brand\u00e3o makes us reflect, bothers us and forces us to understand the other sides, questioning society's problems for the reality of life. The past, now and future in one direction, like a revolutionary celestial storm. #nl# Twisting time and uniting spaces with words and sounds in \"other states\". Rodrigo invokes in his narrative the subversion of the listeners. Mentioning that we can face life's difficulties and beauties through style, propagating love instead of hate. A transcendental journey that will undoubtedly transform many who will embark on this sidereal state. #nl# Here and after the LP \"Outros Espa\u00e7o\" alongside the mythical SUN RA ARKESTRA, Brand\u00e3o arrives accompanied by musicians with a unique caliber from the spiritual jazz and international free jazz, such as the Brazilians Thiago Fran\u00e7a (META META) and Guilherme Granado (Rob Mazurek Octet, S\u00e3o Paulo Underground ) the free jazz magicians Rodrigo Amado, Yedo Gibson, Hern\u00e2ni Faustino and Carla Santana the Guinean Kora magician Jos\u00e9 Braima Galissa. Luxury cast that make OUTROS ESTADO an unavoidable work in current the current jazz scene. #nl# \"The truth is hard to hear. Even in music. But I can tell you that when you really listen to it, it's beautiful, like the sweetest sound you've ever heard. Brand\u00e3o's poetry is like that. Lower your weapons. And listen with the same vulnerability it was created with. That's where you'll find beauty. \"Brian Jackson\"Felipe PortesJornalista, Soci\u00f3logo, DJ e Escritor","breadcrumb":{"@id":"https:\/\/wpguerssen-test.odoo.rgbconsulting.com\/es\/producto\/outros-estado-pink-lp\/#breadcrumb"},"inLanguage":"es","potentialAction":[{"@type":"ReadAction","target":["https:\/\/wpguerssen-test.odoo.rgbconsulting.com\/es\/producto\/outros-estado-pink-lp\/"]}]},{"@type":"ImageObject","inLanguage":"es","@id":"https:\/\/wpguerssen-test.odoo.rgbconsulting.com\/es\/producto\/outros-estado-pink-lp\/#primaryimage","url":"https:\/\/wpguerssen-test.odoo.rgbconsulting.com\/wp-content\/uploads\/2023\/06\/44800.jpg","contentUrl":"https:\/\/wpguerssen-test.odoo.rgbconsulting.com\/wp-content\/uploads\/2023\/06\/44800.jpg","width":1400,"height":1400},{"@type":"BreadcrumbList","@id":"https:\/\/wpguerssen-test.odoo.rgbconsulting.com\/es\/producto\/outros-estado-pink-lp\/#breadcrumb","itemListElement":[{"@type":"ListItem","position":1,"name":"Inicio","item":"https:\/\/wpguerssen-test.odoo.rgbconsulting.com\/es\/"},{"@type":"ListItem","position":2,"name":"Shop","item":"https:\/\/wpguerssen-test.odoo.rgbconsulting.com\/shop\/"},{"@type":"ListItem","position":3,"name":"Outros Estado (Pink LP)"}]},{"@type":"WebSite","@id":"https:\/\/wpguerssen-test.odoo.rgbconsulting.com\/es\/#website","url":"https:\/\/wpguerssen-test.odoo.rgbconsulting.com\/es\/","name":"Guerssen records","description":"psychedelia - progressive - folk - garage ","publisher":{"@id":"https:\/\/wpguerssen-test.odoo.rgbconsulting.com\/es\/#organization"},"potentialAction":[{"@type":"SearchAction","target":{"@type":"EntryPoint","urlTemplate":"https:\/\/wpguerssen-test.odoo.rgbconsulting.com\/es\/?s={search_term_string}"},"query-input":{"@type":"PropertyValueSpecification","valueRequired":true,"valueName":"search_term_string"}}],"inLanguage":"es"},{"@type":"Organization","@id":"https:\/\/wpguerssen-test.odoo.rgbconsulting.com\/es\/#organization","name":"Guerssen records","url":"https:\/\/wpguerssen-test.odoo.rgbconsulting.com\/es\/","logo":{"@type":"ImageObject","inLanguage":"es","@id":"https:\/\/wpguerssen-test.odoo.rgbconsulting.com\/es\/#\/schema\/logo\/image\/","url":"https:\/\/wpguerssen-test.odoo.rgbconsulting.com\/wp-content\/uploads\/2022\/04\/Logo_Guerssen_trans_100.png","contentUrl":"https:\/\/wpguerssen-test.odoo.rgbconsulting.com\/wp-content\/uploads\/2022\/04\/Logo_Guerssen_trans_100.png","width":122,"height":100,"caption":"Guerssen records"},"image":{"@id":"https:\/\/wpguerssen-test.odoo.rgbconsulting.com\/es\/#\/schema\/logo\/image\/"}}]}},"_links":{"self":[{"href":"https:\/\/wpguerssen-test.odoo.rgbconsulting.com\/es\/wp-json\/wp\/v2\/product\/233841","targetHints":{"allow":["GET"]}}],"collection":[{"href":"https:\/\/wpguerssen-test.odoo.rgbconsulting.com\/es\/wp-json\/wp\/v2\/product"}],"about":[{"href":"https:\/\/wpguerssen-test.odoo.rgbconsulting.com\/es\/wp-json\/wp\/v2\/types\/product"}],"wp:featuredmedia":[{"embeddable":true,"href":"https:\/\/wpguerssen-test.odoo.rgbconsulting.com\/es\/wp-json\/wp\/v2\/media\/233800"}],"wp:attachment":[{"href":"https:\/\/wpguerssen-test.odoo.rgbconsulting.com\/es\/wp-json\/wp\/v2\/media?parent=233841"}],"wp:term":[{"taxonomy":"product_brand","embeddable":true,"href":"https:\/\/wpguerssen-test.odoo.rgbconsulting.com\/es\/wp-json\/wp\/v2\/product_brand?post=233841"},{"taxonomy":"product_cat","embeddable":true,"href":"https:\/\/wpguerssen-test.odoo.rgbconsulting.com\/es\/wp-json\/wp\/v2\/product_cat?post=233841"},{"taxonomy":"product_tag","embeddable":true,"href":"https:\/\/wpguerssen-test.odoo.rgbconsulting.com\/es\/wp-json\/wp\/v2\/product_tag?post=233841"}],"curies":[{"name":"wp","href":"https:\/\/api.w.org\/{rel}","templated":true}]}}