{"id":233842,"date":"2023-08-07T00:00:00","date_gmt":"2023-08-06T22:00:00","guid":{"rendered":"https:\/\/wpguerssen-test.odoo.rgbconsulting.com\/product\/skies-are-turning-blue-yellow\/"},"modified":"2025-01-09T15:24:36","modified_gmt":"2025-01-09T14:24:36","slug":"skies-are-turning-blue-yellow","status":"publish","type":"product","link":"https:\/\/wpguerssen-test.odoo.rgbconsulting.com\/es\/producto\/skies-are-turning-blue-yellow\/","title":{"rendered":"Skies Are Turning Blue (Yellow)"},"content":{"rendered":"<p>El tercer \u00e1lbum de The Apers, &#8216;Skies Are Turning Blue&#8217; de 2005, \u00a1nunca antes lanzado en vinilo! El LP aparece en vinilo amarillo limitado y est\u00e1 completamente remasterizado por Perry Leenhouts (Travoltas). Este \u00e1lbum encuentra a The Apers en un estado de \u00e1nimo ligeramente m\u00e1s experimental que en sus dos discos anteriores, lo que convirti\u00f3 a este \u00e1lbum casi en la oveja negra de su cat\u00e1logo. Sin embargo, aquellos que le dieron una oportunidad al \u00e1lbum saben que hay mucho que amar aqu\u00ed, desde el sencillo principal escrito por Jerry Hormone &#8216;Hey Girl&#8217; hasta la cl\u00e1sica melod\u00eda de Marien Nicotine &#8216;Wine &#038; Dine&#8217;.<\/p>\n","protected":false},"excerpt":{"rendered":"<p>El tercer \u00e1lbum de The Apers, &#8216;Skies Are Turning Blue&#8217; de 2005, \u00a1nunca antes lanzado en vinilo! El LP aparece en vinilo amarillo limitado y est\u00e1 completamente<a class=\"read\" href=\"https:\/\/wpguerssen-test.odoo.rgbconsulting.com\/es\/producto\/skies-are-turning-blue-yellow\/\"> (...)<\/a>","protected":false},"featured_media":264470,"template":"","meta":{"_acf_changed":false},"product_brand":[],"product_cat":[21650,23234],"product_tag":[29140],"class_list":{"0":"post-233842","1":"product","2":"type-product","3":"status-publish","4":"has-post-thumbnail","6":"product_cat-punk-es","7":"product_cat-pop-rock-es","8":"product_tag-color-vinyl-es","9":"pa_artist-apers-the","10":"pa_format-lp-es","11":"pa_gender-punk-pop-rock","12":"pa_label-stardumb-records","13":"pa_location-europe-es","14":"pa_other-filters-vinyl-only-es","16":"first","17":"instock","18":"taxable","19":"shipping-taxable","20":"purchasable","21":"product-type-simple"},"acf":[],"yoast_head":"<!-- This site is optimized with the Yoast SEO plugin v24.9 - https:\/\/yoast.com\/wordpress\/plugins\/seo\/ -->\n<title>APERS, The - Skies Are Turning Blue (Yellow) -  (LP) | Guerssen<\/title>\n<meta name=\"description\" content=\"The Apers&#039; third album &#039;Skies Are Turning Blue&#039; from 2005, never released on vinyl before! The LP appears on limited sunshine yellow vinyl, and is fully remastered by Perry Leenhouts (Travoltas). This album finds The Apers in a slightly more experimental mood than on their previous two records, which turned this album almost into the black sheep of their catalog. Those who gave the album a chance know there&#039;s a lot to love here though, from the Jerry Hormone-penned lead single &#039;Hey Girl&#039; to the classic Marien Nicotine tune &#039;Wine &amp; Dine&#039;.\" \/>\n<meta name=\"robots\" content=\"index, follow, max-snippet:-1, max-image-preview:large, max-video-preview:-1\" \/>\n<link rel=\"canonical\" href=\"https:\/\/wpguerssen-test.odoo.rgbconsulting.com\/es\/producto\/skies-are-turning-blue-yellow\/\" \/>\n<meta property=\"og:locale\" content=\"es_ES\" \/>\n<meta property=\"og:type\" content=\"article\" \/>\n<meta property=\"og:title\" content=\"APERS, The - Skies Are Turning Blue (Yellow) -  (LP) | Guerssen\" \/>\n<meta property=\"og:description\" content=\"The Apers&#039; third album &#039;Skies Are Turning Blue&#039; from 2005, never released on vinyl before! The LP appears on limited sunshine yellow vinyl, and is fully remastered by Perry Leenhouts (Travoltas). This album finds The Apers in a slightly more experimental mood than on their previous two records, which turned this album almost into the black sheep of their catalog. Those who gave the album a chance know there&#039;s a lot to love here though, from the Jerry Hormone-penned lead single &#039;Hey Girl&#039; to the classic Marien Nicotine tune &#039;Wine &amp; Dine&#039;.\" \/>\n<meta property=\"og:url\" content=\"https:\/\/wpguerssen-test.odoo.rgbconsulting.com\/es\/producto\/skies-are-turning-blue-yellow\/\" \/>\n<meta property=\"og:site_name\" content=\"Guerssen records\" \/>\n<meta property=\"article:modified_time\" content=\"2025-01-09T14:24:36+00:00\" \/>\n<meta property=\"og:image\" content=\"https:\/\/wpguerssen-test.odoo.rgbconsulting.com\/wp-content\/uploads\/2024\/04\/44802.jpg\" \/>\n\t<meta property=\"og:image:width\" content=\"600\" \/>\n\t<meta property=\"og:image:height\" content=\"587\" \/>\n\t<meta property=\"og:image:type\" content=\"image\/jpeg\" \/>\n<meta name=\"twitter:card\" content=\"summary_large_image\" \/>\n<meta name=\"twitter:title\" content=\"APERS, The - Skies Are Turning Blue (Yellow) -  (LP) | Guerssen\" \/>\n<meta name=\"twitter:label1\" content=\"Tiempo de lectura\" \/>\n\t<meta name=\"twitter:data1\" content=\"1 minuto\" \/>\n<script type=\"application\/ld+json\" class=\"yoast-schema-graph\">{\"@context\":\"https:\/\/schema.org\",\"@graph\":[{\"@type\":\"WebPage\",\"@id\":\"https:\/\/wpguerssen-test.odoo.rgbconsulting.com\/es\/producto\/skies-are-turning-blue-yellow\/\",\"url\":\"https:\/\/wpguerssen-test.odoo.rgbconsulting.com\/es\/producto\/skies-are-turning-blue-yellow\/\",\"name\":\"APERS, The - Skies Are Turning Blue (Yellow) - (LP) | Guerssen\",\"isPartOf\":{\"@id\":\"https:\/\/wpguerssen-test.odoo.rgbconsulting.com\/es\/#website\"},\"primaryImageOfPage\":{\"@id\":\"https:\/\/wpguerssen-test.odoo.rgbconsulting.com\/es\/producto\/skies-are-turning-blue-yellow\/#primaryimage\"},\"image\":{\"@id\":\"https:\/\/wpguerssen-test.odoo.rgbconsulting.com\/es\/producto\/skies-are-turning-blue-yellow\/#primaryimage\"},\"thumbnailUrl\":\"https:\/\/wpguerssen-test.odoo.rgbconsulting.com\/wp-content\/uploads\/2024\/04\/44802.jpg\",\"datePublished\":\"2023-08-06T22:00:00+00:00\",\"dateModified\":\"2025-01-09T14:24:36+00:00\",\"description\":\"The Apers' third album 'Skies Are Turning Blue' from 2005, never released on vinyl before! The LP appears on limited sunshine yellow vinyl, and is fully remastered by Perry Leenhouts (Travoltas). This album finds The Apers in a slightly more experimental mood than on their previous two records, which turned this album almost into the black sheep of their catalog. Those who gave the album a chance know there's a lot to love here though, from the Jerry Hormone-penned lead single 'Hey Girl' to the classic Marien Nicotine tune 'Wine & Dine'.\",\"breadcrumb\":{\"@id\":\"https:\/\/wpguerssen-test.odoo.rgbconsulting.com\/es\/producto\/skies-are-turning-blue-yellow\/#breadcrumb\"},\"inLanguage\":\"es\",\"potentialAction\":[{\"@type\":\"ReadAction\",\"target\":[\"https:\/\/wpguerssen-test.odoo.rgbconsulting.com\/es\/producto\/skies-are-turning-blue-yellow\/\"]}]},{\"@type\":\"ImageObject\",\"inLanguage\":\"es\",\"@id\":\"https:\/\/wpguerssen-test.odoo.rgbconsulting.com\/es\/producto\/skies-are-turning-blue-yellow\/#primaryimage\",\"url\":\"https:\/\/wpguerssen-test.odoo.rgbconsulting.com\/wp-content\/uploads\/2024\/04\/44802.jpg\",\"contentUrl\":\"https:\/\/wpguerssen-test.odoo.rgbconsulting.com\/wp-content\/uploads\/2024\/04\/44802.jpg\",\"width\":600,\"height\":587,\"caption\":\"The - Skies Are Turning Blue (Yellow) - STARDUMB RECORDS (LP) | Guerssen\"},{\"@type\":\"BreadcrumbList\",\"@id\":\"https:\/\/wpguerssen-test.odoo.rgbconsulting.com\/es\/producto\/skies-are-turning-blue-yellow\/#breadcrumb\",\"itemListElement\":[{\"@type\":\"ListItem\",\"position\":1,\"name\":\"Inicio\",\"item\":\"https:\/\/wpguerssen-test.odoo.rgbconsulting.com\/es\/\"},{\"@type\":\"ListItem\",\"position\":2,\"name\":\"Shop\",\"item\":\"https:\/\/wpguerssen-test.odoo.rgbconsulting.com\/shop\/\"},{\"@type\":\"ListItem\",\"position\":3,\"name\":\"Skies Are Turning Blue (Yellow)\"}]},{\"@type\":\"WebSite\",\"@id\":\"https:\/\/wpguerssen-test.odoo.rgbconsulting.com\/es\/#website\",\"url\":\"https:\/\/wpguerssen-test.odoo.rgbconsulting.com\/es\/\",\"name\":\"Guerssen records\",\"description\":\"psychedelia - progressive - folk - garage \",\"publisher\":{\"@id\":\"https:\/\/wpguerssen-test.odoo.rgbconsulting.com\/es\/#organization\"},\"potentialAction\":[{\"@type\":\"SearchAction\",\"target\":{\"@type\":\"EntryPoint\",\"urlTemplate\":\"https:\/\/wpguerssen-test.odoo.rgbconsulting.com\/es\/?s={search_term_string}\"},\"query-input\":{\"@type\":\"PropertyValueSpecification\",\"valueRequired\":true,\"valueName\":\"search_term_string\"}}],\"inLanguage\":\"es\"},{\"@type\":\"Organization\",\"@id\":\"https:\/\/wpguerssen-test.odoo.rgbconsulting.com\/es\/#organization\",\"name\":\"Guerssen records\",\"url\":\"https:\/\/wpguerssen-test.odoo.rgbconsulting.com\/es\/\",\"logo\":{\"@type\":\"ImageObject\",\"inLanguage\":\"es\",\"@id\":\"https:\/\/wpguerssen-test.odoo.rgbconsulting.com\/es\/#\/schema\/logo\/image\/\",\"url\":\"https:\/\/wpguerssen-test.odoo.rgbconsulting.com\/wp-content\/uploads\/2022\/04\/Logo_Guerssen_trans_100.png\",\"contentUrl\":\"https:\/\/wpguerssen-test.odoo.rgbconsulting.com\/wp-content\/uploads\/2022\/04\/Logo_Guerssen_trans_100.png\",\"width\":122,\"height\":100,\"caption\":\"Guerssen records\"},\"image\":{\"@id\":\"https:\/\/wpguerssen-test.odoo.rgbconsulting.com\/es\/#\/schema\/logo\/image\/\"}}]}<\/script>\n<!-- \/ Yoast SEO plugin. -->","yoast_head_json":{"title":"APERS, The - Skies Are Turning Blue (Yellow) -  (LP) | Guerssen","description":"The Apers' third album 'Skies Are Turning Blue' from 2005, never released on vinyl before! The LP appears on limited sunshine yellow vinyl, and is fully remastered by Perry Leenhouts (Travoltas). This album finds The Apers in a slightly more experimental mood than on their previous two records, which turned this album almost into the black sheep of their catalog. Those who gave the album a chance know there's a lot to love here though, from the Jerry Hormone-penned lead single 'Hey Girl' to the classic Marien Nicotine tune 'Wine & Dine'.","robots":{"index":"index","follow":"follow","max-snippet":"max-snippet:-1","max-image-preview":"max-image-preview:large","max-video-preview":"max-video-preview:-1"},"canonical":"https:\/\/wpguerssen-test.odoo.rgbconsulting.com\/es\/producto\/skies-are-turning-blue-yellow\/","og_locale":"es_ES","og_type":"article","og_title":"APERS, The - Skies Are Turning Blue (Yellow) -  (LP) | Guerssen","og_description":"The Apers' third album 'Skies Are Turning Blue' from 2005, never released on vinyl before! The LP appears on limited sunshine yellow vinyl, and is fully remastered by Perry Leenhouts (Travoltas). This album finds The Apers in a slightly more experimental mood than on their previous two records, which turned this album almost into the black sheep of their catalog. Those who gave the album a chance know there's a lot to love here though, from the Jerry Hormone-penned lead single 'Hey Girl' to the classic Marien Nicotine tune 'Wine & Dine'.","og_url":"https:\/\/wpguerssen-test.odoo.rgbconsulting.com\/es\/producto\/skies-are-turning-blue-yellow\/","og_site_name":"Guerssen records","article_modified_time":"2025-01-09T14:24:36+00:00","og_image":[{"width":600,"height":587,"url":"https:\/\/wpguerssen-test.odoo.rgbconsulting.com\/wp-content\/uploads\/2024\/04\/44802.jpg","type":"image\/jpeg"}],"twitter_card":"summary_large_image","twitter_title":"APERS, The - Skies Are Turning Blue (Yellow) -  (LP) | Guerssen","twitter_misc":{"Tiempo de lectura":"1 minuto"},"schema":{"@context":"https:\/\/schema.org","@graph":[{"@type":"WebPage","@id":"https:\/\/wpguerssen-test.odoo.rgbconsulting.com\/es\/producto\/skies-are-turning-blue-yellow\/","url":"https:\/\/wpguerssen-test.odoo.rgbconsulting.com\/es\/producto\/skies-are-turning-blue-yellow\/","name":"APERS, The - Skies Are Turning Blue (Yellow) - (LP) | Guerssen","isPartOf":{"@id":"https:\/\/wpguerssen-test.odoo.rgbconsulting.com\/es\/#website"},"primaryImageOfPage":{"@id":"https:\/\/wpguerssen-test.odoo.rgbconsulting.com\/es\/producto\/skies-are-turning-blue-yellow\/#primaryimage"},"image":{"@id":"https:\/\/wpguerssen-test.odoo.rgbconsulting.com\/es\/producto\/skies-are-turning-blue-yellow\/#primaryimage"},"thumbnailUrl":"https:\/\/wpguerssen-test.odoo.rgbconsulting.com\/wp-content\/uploads\/2024\/04\/44802.jpg","datePublished":"2023-08-06T22:00:00+00:00","dateModified":"2025-01-09T14:24:36+00:00","description":"The Apers' third album 'Skies Are Turning Blue' from 2005, never released on vinyl before! The LP appears on limited sunshine yellow vinyl, and is fully remastered by Perry Leenhouts (Travoltas). This album finds The Apers in a slightly more experimental mood than on their previous two records, which turned this album almost into the black sheep of their catalog. Those who gave the album a chance know there's a lot to love here though, from the Jerry Hormone-penned lead single 'Hey Girl' to the classic Marien Nicotine tune 'Wine & Dine'.","breadcrumb":{"@id":"https:\/\/wpguerssen-test.odoo.rgbconsulting.com\/es\/producto\/skies-are-turning-blue-yellow\/#breadcrumb"},"inLanguage":"es","potentialAction":[{"@type":"ReadAction","target":["https:\/\/wpguerssen-test.odoo.rgbconsulting.com\/es\/producto\/skies-are-turning-blue-yellow\/"]}]},{"@type":"ImageObject","inLanguage":"es","@id":"https:\/\/wpguerssen-test.odoo.rgbconsulting.com\/es\/producto\/skies-are-turning-blue-yellow\/#primaryimage","url":"https:\/\/wpguerssen-test.odoo.rgbconsulting.com\/wp-content\/uploads\/2024\/04\/44802.jpg","contentUrl":"https:\/\/wpguerssen-test.odoo.rgbconsulting.com\/wp-content\/uploads\/2024\/04\/44802.jpg","width":600,"height":587,"caption":"The - Skies Are Turning Blue (Yellow) - STARDUMB RECORDS (LP) | Guerssen"},{"@type":"BreadcrumbList","@id":"https:\/\/wpguerssen-test.odoo.rgbconsulting.com\/es\/producto\/skies-are-turning-blue-yellow\/#breadcrumb","itemListElement":[{"@type":"ListItem","position":1,"name":"Inicio","item":"https:\/\/wpguerssen-test.odoo.rgbconsulting.com\/es\/"},{"@type":"ListItem","position":2,"name":"Shop","item":"https:\/\/wpguerssen-test.odoo.rgbconsulting.com\/shop\/"},{"@type":"ListItem","position":3,"name":"Skies Are Turning Blue (Yellow)"}]},{"@type":"WebSite","@id":"https:\/\/wpguerssen-test.odoo.rgbconsulting.com\/es\/#website","url":"https:\/\/wpguerssen-test.odoo.rgbconsulting.com\/es\/","name":"Guerssen records","description":"psychedelia - progressive - folk - garage ","publisher":{"@id":"https:\/\/wpguerssen-test.odoo.rgbconsulting.com\/es\/#organization"},"potentialAction":[{"@type":"SearchAction","target":{"@type":"EntryPoint","urlTemplate":"https:\/\/wpguerssen-test.odoo.rgbconsulting.com\/es\/?s={search_term_string}"},"query-input":{"@type":"PropertyValueSpecification","valueRequired":true,"valueName":"search_term_string"}}],"inLanguage":"es"},{"@type":"Organization","@id":"https:\/\/wpguerssen-test.odoo.rgbconsulting.com\/es\/#organization","name":"Guerssen records","url":"https:\/\/wpguerssen-test.odoo.rgbconsulting.com\/es\/","logo":{"@type":"ImageObject","inLanguage":"es","@id":"https:\/\/wpguerssen-test.odoo.rgbconsulting.com\/es\/#\/schema\/logo\/image\/","url":"https:\/\/wpguerssen-test.odoo.rgbconsulting.com\/wp-content\/uploads\/2022\/04\/Logo_Guerssen_trans_100.png","contentUrl":"https:\/\/wpguerssen-test.odoo.rgbconsulting.com\/wp-content\/uploads\/2022\/04\/Logo_Guerssen_trans_100.png","width":122,"height":100,"caption":"Guerssen records"},"image":{"@id":"https:\/\/wpguerssen-test.odoo.rgbconsulting.com\/es\/#\/schema\/logo\/image\/"}}]}},"_links":{"self":[{"href":"https:\/\/wpguerssen-test.odoo.rgbconsulting.com\/es\/wp-json\/wp\/v2\/product\/233842","targetHints":{"allow":["GET"]}}],"collection":[{"href":"https:\/\/wpguerssen-test.odoo.rgbconsulting.com\/es\/wp-json\/wp\/v2\/product"}],"about":[{"href":"https:\/\/wpguerssen-test.odoo.rgbconsulting.com\/es\/wp-json\/wp\/v2\/types\/product"}],"wp:featuredmedia":[{"embeddable":true,"href":"https:\/\/wpguerssen-test.odoo.rgbconsulting.com\/es\/wp-json\/wp\/v2\/media\/264470"}],"wp:attachment":[{"href":"https:\/\/wpguerssen-test.odoo.rgbconsulting.com\/es\/wp-json\/wp\/v2\/media?parent=233842"}],"wp:term":[{"taxonomy":"product_brand","embeddable":true,"href":"https:\/\/wpguerssen-test.odoo.rgbconsulting.com\/es\/wp-json\/wp\/v2\/product_brand?post=233842"},{"taxonomy":"product_cat","embeddable":true,"href":"https:\/\/wpguerssen-test.odoo.rgbconsulting.com\/es\/wp-json\/wp\/v2\/product_cat?post=233842"},{"taxonomy":"product_tag","embeddable":true,"href":"https:\/\/wpguerssen-test.odoo.rgbconsulting.com\/es\/wp-json\/wp\/v2\/product_tag?post=233842"}],"curies":[{"name":"wp","href":"https:\/\/api.w.org\/{rel}","templated":true}]}}