{"id":237761,"date":"2023-08-28T00:00:00","date_gmt":"2023-08-27T22:00:00","guid":{"rendered":"https:\/\/wpguerssen-test.odoo.rgbconsulting.com\/product\/way-o\/"},"modified":"2025-04-08T15:38:40","modified_gmt":"2025-04-08T13:38:40","slug":"way-o","status":"publish","type":"product","link":"https:\/\/wpguerssen-test.odoo.rgbconsulting.com\/es\/producto\/way-o\/","title":{"rendered":"Way-O"},"content":{"rendered":"<p>Este extraordinario disco, que reeditamos con motivo de RT 30 (la celebraci\u00f3n de los treinta a\u00f1os de actividad de Right Tempo), es un homenaje al gran pianista trinitense Sonnie Taylor que en estas grabaciones, acompa\u00f1ado de la cantante Bunnie Foy, expresa toda su naturaleza musical conectada con \u00c1frica y las ra\u00edces espirituales de la m\u00fasica jazz.<\/p>\n","protected":false},"excerpt":{"rendered":"<p>Este extraordinario disco, que reeditamos con motivo de RT 30 (la celebraci\u00f3n de los treinta a\u00f1os de actividad de Right Tempo), es un homenaje al gran pianista trinitense<a class=\"read\" href=\"https:\/\/wpguerssen-test.odoo.rgbconsulting.com\/es\/producto\/way-o\/\"> (...)<\/a>","protected":false},"featured_media":237727,"template":"","meta":{"_acf_changed":false},"product_brand":[],"product_cat":[21649,23227],"product_tag":[24190],"class_list":{"0":"post-237761","1":"product","2":"type-product","3":"status-publish","4":"has-post-thumbnail","6":"product_cat-soul-rnb-es","7":"product_cat-jazz-es","8":"product_tag-sales-es","9":"pa_artist-gypsy-the","10":"pa_format-lp-es","11":"pa_gender-jazz-soul-rnb","12":"pa_label-mono-jazz","13":"pa_location-north-america-es","14":"pa_other-filters-vinyl-only-es","16":"first","17":"instock","18":"taxable","19":"shipping-taxable","20":"purchasable","21":"product-type-simple"},"acf":[],"yoast_head":"<!-- This site is optimized with the Yoast SEO plugin v24.9 - https:\/\/yoast.com\/wordpress\/plugins\/seo\/ -->\n<title>GYPSY, The - Way-O -  (LP) | Guerssen<\/title>\n<meta name=\"description\" content=\"This extraordinary album, which we are re-issuing on the occasion of RT 30 (the celebration of Right Tempo&#039;s thirty years of activity), is a tribute to the great Trinidadian pianist Sonnie Taylor who in these recordings, accompanied by the singer Bunnie Foy, expresses all his musical nature connected to Africa and the spiritual roots of jazz music. Many of you will recall Mayfra Combo, well, the leader of that seminal soul jazz ensemble was Sonnie Taylor.\" \/>\n<meta name=\"robots\" content=\"index, follow, max-snippet:-1, max-image-preview:large, max-video-preview:-1\" \/>\n<link rel=\"canonical\" href=\"https:\/\/wpguerssen-test.odoo.rgbconsulting.com\/es\/producto\/way-o\/\" \/>\n<meta property=\"og:locale\" content=\"es_ES\" \/>\n<meta property=\"og:type\" content=\"article\" \/>\n<meta property=\"og:title\" content=\"GYPSY, The - Way-O -  (LP) | Guerssen\" \/>\n<meta property=\"og:description\" content=\"This extraordinary album, which we are re-issuing on the occasion of RT 30 (the celebration of Right Tempo&#039;s thirty years of activity), is a tribute to the great Trinidadian pianist Sonnie Taylor who in these recordings, accompanied by the singer Bunnie Foy, expresses all his musical nature connected to Africa and the spiritual roots of jazz music. Many of you will recall Mayfra Combo, well, the leader of that seminal soul jazz ensemble was Sonnie Taylor.\" \/>\n<meta property=\"og:url\" content=\"https:\/\/wpguerssen-test.odoo.rgbconsulting.com\/es\/producto\/way-o\/\" \/>\n<meta property=\"og:site_name\" content=\"Guerssen records\" \/>\n<meta property=\"article:modified_time\" content=\"2025-04-08T13:38:40+00:00\" \/>\n<meta property=\"og:image\" content=\"https:\/\/wpguerssen-test.odoo.rgbconsulting.com\/wp-content\/uploads\/2023\/06\/44815.jpg\" \/>\n\t<meta property=\"og:image:width\" content=\"1320\" \/>\n\t<meta property=\"og:image:height\" content=\"1189\" \/>\n\t<meta property=\"og:image:type\" content=\"image\/png\" \/>\n<meta name=\"twitter:card\" content=\"summary_large_image\" \/>\n<meta name=\"twitter:title\" content=\"GYPSY, The - Way-O -  (LP) | Guerssen\" \/>\n<script type=\"application\/ld+json\" class=\"yoast-schema-graph\">{\"@context\":\"https:\/\/schema.org\",\"@graph\":[{\"@type\":\"WebPage\",\"@id\":\"https:\/\/wpguerssen-test.odoo.rgbconsulting.com\/es\/producto\/way-o\/\",\"url\":\"https:\/\/wpguerssen-test.odoo.rgbconsulting.com\/es\/producto\/way-o\/\",\"name\":\"GYPSY, The - Way-O - (LP) | Guerssen\",\"isPartOf\":{\"@id\":\"https:\/\/wpguerssen-test.odoo.rgbconsulting.com\/es\/#website\"},\"primaryImageOfPage\":{\"@id\":\"https:\/\/wpguerssen-test.odoo.rgbconsulting.com\/es\/producto\/way-o\/#primaryimage\"},\"image\":{\"@id\":\"https:\/\/wpguerssen-test.odoo.rgbconsulting.com\/es\/producto\/way-o\/#primaryimage\"},\"thumbnailUrl\":\"https:\/\/wpguerssen-test.odoo.rgbconsulting.com\/wp-content\/uploads\/2023\/06\/44815.jpg\",\"datePublished\":\"2023-08-27T22:00:00+00:00\",\"dateModified\":\"2025-04-08T13:38:40+00:00\",\"description\":\"This extraordinary album, which we are re-issuing on the occasion of RT 30 (the celebration of Right Tempo's thirty years of activity), is a tribute to the great Trinidadian pianist Sonnie Taylor who in these recordings, accompanied by the singer Bunnie Foy, expresses all his musical nature connected to Africa and the spiritual roots of jazz music. Many of you will recall Mayfra Combo, well, the leader of that seminal soul jazz ensemble was Sonnie Taylor.\",\"breadcrumb\":{\"@id\":\"https:\/\/wpguerssen-test.odoo.rgbconsulting.com\/es\/producto\/way-o\/#breadcrumb\"},\"inLanguage\":\"es\",\"potentialAction\":[{\"@type\":\"ReadAction\",\"target\":[\"https:\/\/wpguerssen-test.odoo.rgbconsulting.com\/es\/producto\/way-o\/\"]}]},{\"@type\":\"ImageObject\",\"inLanguage\":\"es\",\"@id\":\"https:\/\/wpguerssen-test.odoo.rgbconsulting.com\/es\/producto\/way-o\/#primaryimage\",\"url\":\"https:\/\/wpguerssen-test.odoo.rgbconsulting.com\/wp-content\/uploads\/2023\/06\/44815.jpg\",\"contentUrl\":\"https:\/\/wpguerssen-test.odoo.rgbconsulting.com\/wp-content\/uploads\/2023\/06\/44815.jpg\",\"width\":1320,\"height\":1189,\"caption\":\"The - Way-O - MONO JAZZ (LP) | Guerssen\"},{\"@type\":\"BreadcrumbList\",\"@id\":\"https:\/\/wpguerssen-test.odoo.rgbconsulting.com\/es\/producto\/way-o\/#breadcrumb\",\"itemListElement\":[{\"@type\":\"ListItem\",\"position\":1,\"name\":\"Inicio\",\"item\":\"https:\/\/wpguerssen-test.odoo.rgbconsulting.com\/es\/\"},{\"@type\":\"ListItem\",\"position\":2,\"name\":\"Shop\",\"item\":\"https:\/\/wpguerssen-test.odoo.rgbconsulting.com\/shop\/\"},{\"@type\":\"ListItem\",\"position\":3,\"name\":\"Way-O\"}]},{\"@type\":\"WebSite\",\"@id\":\"https:\/\/wpguerssen-test.odoo.rgbconsulting.com\/es\/#website\",\"url\":\"https:\/\/wpguerssen-test.odoo.rgbconsulting.com\/es\/\",\"name\":\"Guerssen records\",\"description\":\"psychedelia - progressive - folk - garage \",\"publisher\":{\"@id\":\"https:\/\/wpguerssen-test.odoo.rgbconsulting.com\/es\/#organization\"},\"potentialAction\":[{\"@type\":\"SearchAction\",\"target\":{\"@type\":\"EntryPoint\",\"urlTemplate\":\"https:\/\/wpguerssen-test.odoo.rgbconsulting.com\/es\/?s={search_term_string}\"},\"query-input\":{\"@type\":\"PropertyValueSpecification\",\"valueRequired\":true,\"valueName\":\"search_term_string\"}}],\"inLanguage\":\"es\"},{\"@type\":\"Organization\",\"@id\":\"https:\/\/wpguerssen-test.odoo.rgbconsulting.com\/es\/#organization\",\"name\":\"Guerssen records\",\"url\":\"https:\/\/wpguerssen-test.odoo.rgbconsulting.com\/es\/\",\"logo\":{\"@type\":\"ImageObject\",\"inLanguage\":\"es\",\"@id\":\"https:\/\/wpguerssen-test.odoo.rgbconsulting.com\/es\/#\/schema\/logo\/image\/\",\"url\":\"https:\/\/wpguerssen-test.odoo.rgbconsulting.com\/wp-content\/uploads\/2022\/04\/Logo_Guerssen_trans_100.png\",\"contentUrl\":\"https:\/\/wpguerssen-test.odoo.rgbconsulting.com\/wp-content\/uploads\/2022\/04\/Logo_Guerssen_trans_100.png\",\"width\":122,\"height\":100,\"caption\":\"Guerssen records\"},\"image\":{\"@id\":\"https:\/\/wpguerssen-test.odoo.rgbconsulting.com\/es\/#\/schema\/logo\/image\/\"}}]}<\/script>\n<!-- \/ Yoast SEO plugin. -->","yoast_head_json":{"title":"GYPSY, The - Way-O -  (LP) | Guerssen","description":"This extraordinary album, which we are re-issuing on the occasion of RT 30 (the celebration of Right Tempo's thirty years of activity), is a tribute to the great Trinidadian pianist Sonnie Taylor who in these recordings, accompanied by the singer Bunnie Foy, expresses all his musical nature connected to Africa and the spiritual roots of jazz music. Many of you will recall Mayfra Combo, well, the leader of that seminal soul jazz ensemble was Sonnie Taylor.","robots":{"index":"index","follow":"follow","max-snippet":"max-snippet:-1","max-image-preview":"max-image-preview:large","max-video-preview":"max-video-preview:-1"},"canonical":"https:\/\/wpguerssen-test.odoo.rgbconsulting.com\/es\/producto\/way-o\/","og_locale":"es_ES","og_type":"article","og_title":"GYPSY, The - Way-O -  (LP) | Guerssen","og_description":"This extraordinary album, which we are re-issuing on the occasion of RT 30 (the celebration of Right Tempo's thirty years of activity), is a tribute to the great Trinidadian pianist Sonnie Taylor who in these recordings, accompanied by the singer Bunnie Foy, expresses all his musical nature connected to Africa and the spiritual roots of jazz music. Many of you will recall Mayfra Combo, well, the leader of that seminal soul jazz ensemble was Sonnie Taylor.","og_url":"https:\/\/wpguerssen-test.odoo.rgbconsulting.com\/es\/producto\/way-o\/","og_site_name":"Guerssen records","article_modified_time":"2025-04-08T13:38:40+00:00","og_image":[{"width":1320,"height":1189,"url":"https:\/\/wpguerssen-test.odoo.rgbconsulting.com\/wp-content\/uploads\/2023\/06\/44815.jpg","type":"image\/png"}],"twitter_card":"summary_large_image","twitter_title":"GYPSY, The - Way-O -  (LP) | Guerssen","schema":{"@context":"https:\/\/schema.org","@graph":[{"@type":"WebPage","@id":"https:\/\/wpguerssen-test.odoo.rgbconsulting.com\/es\/producto\/way-o\/","url":"https:\/\/wpguerssen-test.odoo.rgbconsulting.com\/es\/producto\/way-o\/","name":"GYPSY, The - Way-O - (LP) | Guerssen","isPartOf":{"@id":"https:\/\/wpguerssen-test.odoo.rgbconsulting.com\/es\/#website"},"primaryImageOfPage":{"@id":"https:\/\/wpguerssen-test.odoo.rgbconsulting.com\/es\/producto\/way-o\/#primaryimage"},"image":{"@id":"https:\/\/wpguerssen-test.odoo.rgbconsulting.com\/es\/producto\/way-o\/#primaryimage"},"thumbnailUrl":"https:\/\/wpguerssen-test.odoo.rgbconsulting.com\/wp-content\/uploads\/2023\/06\/44815.jpg","datePublished":"2023-08-27T22:00:00+00:00","dateModified":"2025-04-08T13:38:40+00:00","description":"This extraordinary album, which we are re-issuing on the occasion of RT 30 (the celebration of Right Tempo's thirty years of activity), is a tribute to the great Trinidadian pianist Sonnie Taylor who in these recordings, accompanied by the singer Bunnie Foy, expresses all his musical nature connected to Africa and the spiritual roots of jazz music. Many of you will recall Mayfra Combo, well, the leader of that seminal soul jazz ensemble was Sonnie Taylor.","breadcrumb":{"@id":"https:\/\/wpguerssen-test.odoo.rgbconsulting.com\/es\/producto\/way-o\/#breadcrumb"},"inLanguage":"es","potentialAction":[{"@type":"ReadAction","target":["https:\/\/wpguerssen-test.odoo.rgbconsulting.com\/es\/producto\/way-o\/"]}]},{"@type":"ImageObject","inLanguage":"es","@id":"https:\/\/wpguerssen-test.odoo.rgbconsulting.com\/es\/producto\/way-o\/#primaryimage","url":"https:\/\/wpguerssen-test.odoo.rgbconsulting.com\/wp-content\/uploads\/2023\/06\/44815.jpg","contentUrl":"https:\/\/wpguerssen-test.odoo.rgbconsulting.com\/wp-content\/uploads\/2023\/06\/44815.jpg","width":1320,"height":1189,"caption":"The - Way-O - MONO JAZZ (LP) | Guerssen"},{"@type":"BreadcrumbList","@id":"https:\/\/wpguerssen-test.odoo.rgbconsulting.com\/es\/producto\/way-o\/#breadcrumb","itemListElement":[{"@type":"ListItem","position":1,"name":"Inicio","item":"https:\/\/wpguerssen-test.odoo.rgbconsulting.com\/es\/"},{"@type":"ListItem","position":2,"name":"Shop","item":"https:\/\/wpguerssen-test.odoo.rgbconsulting.com\/shop\/"},{"@type":"ListItem","position":3,"name":"Way-O"}]},{"@type":"WebSite","@id":"https:\/\/wpguerssen-test.odoo.rgbconsulting.com\/es\/#website","url":"https:\/\/wpguerssen-test.odoo.rgbconsulting.com\/es\/","name":"Guerssen records","description":"psychedelia - progressive - folk - garage ","publisher":{"@id":"https:\/\/wpguerssen-test.odoo.rgbconsulting.com\/es\/#organization"},"potentialAction":[{"@type":"SearchAction","target":{"@type":"EntryPoint","urlTemplate":"https:\/\/wpguerssen-test.odoo.rgbconsulting.com\/es\/?s={search_term_string}"},"query-input":{"@type":"PropertyValueSpecification","valueRequired":true,"valueName":"search_term_string"}}],"inLanguage":"es"},{"@type":"Organization","@id":"https:\/\/wpguerssen-test.odoo.rgbconsulting.com\/es\/#organization","name":"Guerssen records","url":"https:\/\/wpguerssen-test.odoo.rgbconsulting.com\/es\/","logo":{"@type":"ImageObject","inLanguage":"es","@id":"https:\/\/wpguerssen-test.odoo.rgbconsulting.com\/es\/#\/schema\/logo\/image\/","url":"https:\/\/wpguerssen-test.odoo.rgbconsulting.com\/wp-content\/uploads\/2022\/04\/Logo_Guerssen_trans_100.png","contentUrl":"https:\/\/wpguerssen-test.odoo.rgbconsulting.com\/wp-content\/uploads\/2022\/04\/Logo_Guerssen_trans_100.png","width":122,"height":100,"caption":"Guerssen records"},"image":{"@id":"https:\/\/wpguerssen-test.odoo.rgbconsulting.com\/es\/#\/schema\/logo\/image\/"}}]}},"_links":{"self":[{"href":"https:\/\/wpguerssen-test.odoo.rgbconsulting.com\/es\/wp-json\/wp\/v2\/product\/237761","targetHints":{"allow":["GET"]}}],"collection":[{"href":"https:\/\/wpguerssen-test.odoo.rgbconsulting.com\/es\/wp-json\/wp\/v2\/product"}],"about":[{"href":"https:\/\/wpguerssen-test.odoo.rgbconsulting.com\/es\/wp-json\/wp\/v2\/types\/product"}],"wp:featuredmedia":[{"embeddable":true,"href":"https:\/\/wpguerssen-test.odoo.rgbconsulting.com\/es\/wp-json\/wp\/v2\/media\/237727"}],"wp:attachment":[{"href":"https:\/\/wpguerssen-test.odoo.rgbconsulting.com\/es\/wp-json\/wp\/v2\/media?parent=237761"}],"wp:term":[{"taxonomy":"product_brand","embeddable":true,"href":"https:\/\/wpguerssen-test.odoo.rgbconsulting.com\/es\/wp-json\/wp\/v2\/product_brand?post=237761"},{"taxonomy":"product_cat","embeddable":true,"href":"https:\/\/wpguerssen-test.odoo.rgbconsulting.com\/es\/wp-json\/wp\/v2\/product_cat?post=237761"},{"taxonomy":"product_tag","embeddable":true,"href":"https:\/\/wpguerssen-test.odoo.rgbconsulting.com\/es\/wp-json\/wp\/v2\/product_tag?post=237761"}],"curies":[{"name":"wp","href":"https:\/\/api.w.org\/{rel}","templated":true}]}}