{"id":237766,"date":"2023-08-21T00:00:00","date_gmt":"2023-08-20T22:00:00","guid":{"rendered":"https:\/\/wpguerssen-test.odoo.rgbconsulting.com\/product\/la-will-make-you-pay\/"},"modified":"2024-02-22T13:41:51","modified_gmt":"2024-02-22T12:41:51","slug":"la-will-make-you-pay","status":"publish","type":"product","link":"https:\/\/wpguerssen-test.odoo.rgbconsulting.com\/es\/producto\/la-will-make-you-pay\/","title":{"rendered":"LA Will Make You Pay $$$"},"content":{"rendered":"<p>Una especie de continuaci\u00f3n de Soulful Proclamation de Messengers Incorporated, LA Will Make You Pay $$$ de Burton Inc. cont\u00f3 con los miembros principales de ambos grupos, Charles y Barbara Burton, y es un brillante ejemplo del soul moderno y la m\u00fasica disco que lat\u00eda a trav\u00e9s del underground de Oklahoma. Lanzado originalmente de forma independiente en 1976, P-VINE se complace en reeditar el \u00e1lbum en vinilo de edici\u00f3n limitada con una ic\u00f3nica tira obi japonesa incluida.<\/p>\n","protected":false},"excerpt":{"rendered":"<p>Una especie de continuaci\u00f3n de Soulful Proclamation de Messengers Incorporated, LA Will Make You Pay $$$ de Burton Inc. cont\u00f3 con los miembros principales de ambos<a class=\"read\" href=\"https:\/\/wpguerssen-test.odoo.rgbconsulting.com\/es\/producto\/la-will-make-you-pay\/\"> (...)<\/a>","protected":false},"featured_media":239906,"template":"","meta":{"_acf_changed":false},"product_brand":[],"product_cat":[21649,23219],"product_tag":[],"class_list":{"0":"post-237766","1":"product","2":"type-product","3":"status-publish","4":"has-post-thumbnail","6":"product_cat-soul-rnb-es","7":"product_cat-funk-es","8":"pa_artist-burton-inc","9":"pa_format-lp-es","10":"pa_gender-funk-soul-rnb","11":"pa_label-p-vine","12":"pa_location-north-america-es","13":"pa_other-filters-vinyl-only-es","15":"first","16":"instock","17":"taxable","18":"shipping-taxable","19":"purchasable","20":"product-type-simple"},"acf":[],"yoast_head":"<!-- This site is optimized with the Yoast SEO plugin v24.9 - https:\/\/yoast.com\/wordpress\/plugins\/seo\/ -->\n<title>BURTON INC - LA Will Make You Pay $$$ -  (LP) | Guerssen<\/title>\n<meta name=\"description\" content=\"A follow-up of sorts to Messengers Incorporated&#039;s Soulful Proclamation, LA Will Make You Pay $$$ by Burton Inc. featured core members Charles and Barbara Burton of both groups, and is a shining example of the modern soul and disco that pulsed through the Oklahoma underground. Moving away from the psych-infused heavy funk jams of Soulful Proclamation, these eight tracks gave Barbara Burton&#039;s vocals the spotlight with heart-tugging soul ballads, sun-soaked horns and bass grooves. Originally released independently in 1976, P-VINE is delighted to reissue the album on limited-edition vinyl with an iconic Japanese obi strip included.\" \/>\n<meta name=\"robots\" content=\"index, follow, max-snippet:-1, max-image-preview:large, max-video-preview:-1\" \/>\n<link rel=\"canonical\" href=\"https:\/\/wpguerssen-test.odoo.rgbconsulting.com\/es\/producto\/la-will-make-you-pay\/\" \/>\n<meta property=\"og:locale\" content=\"es_ES\" \/>\n<meta property=\"og:type\" content=\"article\" \/>\n<meta property=\"og:title\" content=\"BURTON INC - LA Will Make You Pay $$$ -  (LP) | Guerssen\" \/>\n<meta property=\"og:description\" content=\"A follow-up of sorts to Messengers Incorporated&#039;s Soulful Proclamation, LA Will Make You Pay $$$ by Burton Inc. featured core members Charles and Barbara Burton of both groups, and is a shining example of the modern soul and disco that pulsed through the Oklahoma underground. Moving away from the psych-infused heavy funk jams of Soulful Proclamation, these eight tracks gave Barbara Burton&#039;s vocals the spotlight with heart-tugging soul ballads, sun-soaked horns and bass grooves. Originally released independently in 1976, P-VINE is delighted to reissue the album on limited-edition vinyl with an iconic Japanese obi strip included.\" \/>\n<meta property=\"og:url\" content=\"https:\/\/wpguerssen-test.odoo.rgbconsulting.com\/es\/producto\/la-will-make-you-pay\/\" \/>\n<meta property=\"og:site_name\" content=\"Guerssen records\" \/>\n<meta property=\"article:modified_time\" content=\"2024-02-22T12:41:51+00:00\" \/>\n<meta property=\"og:image\" content=\"https:\/\/wpguerssen-test.odoo.rgbconsulting.com\/wp-content\/uploads\/2023\/08\/44820.jpg\" \/>\n\t<meta property=\"og:image:width\" content=\"468\" \/>\n\t<meta property=\"og:image:height\" content=\"464\" \/>\n\t<meta property=\"og:image:type\" content=\"image\/jpeg\" \/>\n<meta name=\"twitter:card\" content=\"summary_large_image\" \/>\n<meta name=\"twitter:title\" content=\"BURTON INC - LA Will Make You Pay $$$ -  (LP) | Guerssen\" \/>\n<script type=\"application\/ld+json\" class=\"yoast-schema-graph\">{\"@context\":\"https:\/\/schema.org\",\"@graph\":[{\"@type\":\"WebPage\",\"@id\":\"https:\/\/wpguerssen-test.odoo.rgbconsulting.com\/es\/producto\/la-will-make-you-pay\/\",\"url\":\"https:\/\/wpguerssen-test.odoo.rgbconsulting.com\/es\/producto\/la-will-make-you-pay\/\",\"name\":\"BURTON INC - LA Will Make You Pay $$$ - (LP) | Guerssen\",\"isPartOf\":{\"@id\":\"https:\/\/wpguerssen-test.odoo.rgbconsulting.com\/es\/#website\"},\"primaryImageOfPage\":{\"@id\":\"https:\/\/wpguerssen-test.odoo.rgbconsulting.com\/es\/producto\/la-will-make-you-pay\/#primaryimage\"},\"image\":{\"@id\":\"https:\/\/wpguerssen-test.odoo.rgbconsulting.com\/es\/producto\/la-will-make-you-pay\/#primaryimage\"},\"thumbnailUrl\":\"https:\/\/wpguerssen-test.odoo.rgbconsulting.com\/wp-content\/uploads\/2023\/08\/44820.jpg\",\"datePublished\":\"2023-08-20T22:00:00+00:00\",\"dateModified\":\"2024-02-22T12:41:51+00:00\",\"description\":\"A follow-up of sorts to Messengers Incorporated's Soulful Proclamation, LA Will Make You Pay $$$ by Burton Inc. featured core members Charles and Barbara Burton of both groups, and is a shining example of the modern soul and disco that pulsed through the Oklahoma underground. Moving away from the psych-infused heavy funk jams of Soulful Proclamation, these eight tracks gave Barbara Burton's vocals the spotlight with heart-tugging soul ballads, sun-soaked horns and bass grooves. Originally released independently in 1976, P-VINE is delighted to reissue the album on limited-edition vinyl with an iconic Japanese obi strip included.\",\"breadcrumb\":{\"@id\":\"https:\/\/wpguerssen-test.odoo.rgbconsulting.com\/es\/producto\/la-will-make-you-pay\/#breadcrumb\"},\"inLanguage\":\"es\",\"potentialAction\":[{\"@type\":\"ReadAction\",\"target\":[\"https:\/\/wpguerssen-test.odoo.rgbconsulting.com\/es\/producto\/la-will-make-you-pay\/\"]}]},{\"@type\":\"ImageObject\",\"inLanguage\":\"es\",\"@id\":\"https:\/\/wpguerssen-test.odoo.rgbconsulting.com\/es\/producto\/la-will-make-you-pay\/#primaryimage\",\"url\":\"https:\/\/wpguerssen-test.odoo.rgbconsulting.com\/wp-content\/uploads\/2023\/08\/44820.jpg\",\"contentUrl\":\"https:\/\/wpguerssen-test.odoo.rgbconsulting.com\/wp-content\/uploads\/2023\/08\/44820.jpg\",\"width\":468,\"height\":464},{\"@type\":\"BreadcrumbList\",\"@id\":\"https:\/\/wpguerssen-test.odoo.rgbconsulting.com\/es\/producto\/la-will-make-you-pay\/#breadcrumb\",\"itemListElement\":[{\"@type\":\"ListItem\",\"position\":1,\"name\":\"Inicio\",\"item\":\"https:\/\/wpguerssen-test.odoo.rgbconsulting.com\/es\/\"},{\"@type\":\"ListItem\",\"position\":2,\"name\":\"Shop\",\"item\":\"https:\/\/wpguerssen-test.odoo.rgbconsulting.com\/shop\/\"},{\"@type\":\"ListItem\",\"position\":3,\"name\":\"LA Will Make You Pay $$$\"}]},{\"@type\":\"WebSite\",\"@id\":\"https:\/\/wpguerssen-test.odoo.rgbconsulting.com\/es\/#website\",\"url\":\"https:\/\/wpguerssen-test.odoo.rgbconsulting.com\/es\/\",\"name\":\"Guerssen records\",\"description\":\"psychedelia - progressive - folk - garage \",\"publisher\":{\"@id\":\"https:\/\/wpguerssen-test.odoo.rgbconsulting.com\/es\/#organization\"},\"potentialAction\":[{\"@type\":\"SearchAction\",\"target\":{\"@type\":\"EntryPoint\",\"urlTemplate\":\"https:\/\/wpguerssen-test.odoo.rgbconsulting.com\/es\/?s={search_term_string}\"},\"query-input\":{\"@type\":\"PropertyValueSpecification\",\"valueRequired\":true,\"valueName\":\"search_term_string\"}}],\"inLanguage\":\"es\"},{\"@type\":\"Organization\",\"@id\":\"https:\/\/wpguerssen-test.odoo.rgbconsulting.com\/es\/#organization\",\"name\":\"Guerssen records\",\"url\":\"https:\/\/wpguerssen-test.odoo.rgbconsulting.com\/es\/\",\"logo\":{\"@type\":\"ImageObject\",\"inLanguage\":\"es\",\"@id\":\"https:\/\/wpguerssen-test.odoo.rgbconsulting.com\/es\/#\/schema\/logo\/image\/\",\"url\":\"https:\/\/wpguerssen-test.odoo.rgbconsulting.com\/wp-content\/uploads\/2022\/04\/Logo_Guerssen_trans_100.png\",\"contentUrl\":\"https:\/\/wpguerssen-test.odoo.rgbconsulting.com\/wp-content\/uploads\/2022\/04\/Logo_Guerssen_trans_100.png\",\"width\":122,\"height\":100,\"caption\":\"Guerssen records\"},\"image\":{\"@id\":\"https:\/\/wpguerssen-test.odoo.rgbconsulting.com\/es\/#\/schema\/logo\/image\/\"}}]}<\/script>\n<!-- \/ Yoast SEO plugin. -->","yoast_head_json":{"title":"BURTON INC - LA Will Make You Pay $$$ -  (LP) | Guerssen","description":"A follow-up of sorts to Messengers Incorporated's Soulful Proclamation, LA Will Make You Pay $$$ by Burton Inc. featured core members Charles and Barbara Burton of both groups, and is a shining example of the modern soul and disco that pulsed through the Oklahoma underground. Moving away from the psych-infused heavy funk jams of Soulful Proclamation, these eight tracks gave Barbara Burton's vocals the spotlight with heart-tugging soul ballads, sun-soaked horns and bass grooves. Originally released independently in 1976, P-VINE is delighted to reissue the album on limited-edition vinyl with an iconic Japanese obi strip included.","robots":{"index":"index","follow":"follow","max-snippet":"max-snippet:-1","max-image-preview":"max-image-preview:large","max-video-preview":"max-video-preview:-1"},"canonical":"https:\/\/wpguerssen-test.odoo.rgbconsulting.com\/es\/producto\/la-will-make-you-pay\/","og_locale":"es_ES","og_type":"article","og_title":"BURTON INC - LA Will Make You Pay $$$ -  (LP) | Guerssen","og_description":"A follow-up of sorts to Messengers Incorporated's Soulful Proclamation, LA Will Make You Pay $$$ by Burton Inc. featured core members Charles and Barbara Burton of both groups, and is a shining example of the modern soul and disco that pulsed through the Oklahoma underground. Moving away from the psych-infused heavy funk jams of Soulful Proclamation, these eight tracks gave Barbara Burton's vocals the spotlight with heart-tugging soul ballads, sun-soaked horns and bass grooves. Originally released independently in 1976, P-VINE is delighted to reissue the album on limited-edition vinyl with an iconic Japanese obi strip included.","og_url":"https:\/\/wpguerssen-test.odoo.rgbconsulting.com\/es\/producto\/la-will-make-you-pay\/","og_site_name":"Guerssen records","article_modified_time":"2024-02-22T12:41:51+00:00","og_image":[{"width":468,"height":464,"url":"https:\/\/wpguerssen-test.odoo.rgbconsulting.com\/wp-content\/uploads\/2023\/08\/44820.jpg","type":"image\/jpeg"}],"twitter_card":"summary_large_image","twitter_title":"BURTON INC - LA Will Make You Pay $$$ -  (LP) | Guerssen","schema":{"@context":"https:\/\/schema.org","@graph":[{"@type":"WebPage","@id":"https:\/\/wpguerssen-test.odoo.rgbconsulting.com\/es\/producto\/la-will-make-you-pay\/","url":"https:\/\/wpguerssen-test.odoo.rgbconsulting.com\/es\/producto\/la-will-make-you-pay\/","name":"BURTON INC - LA Will Make You Pay $$$ - (LP) | Guerssen","isPartOf":{"@id":"https:\/\/wpguerssen-test.odoo.rgbconsulting.com\/es\/#website"},"primaryImageOfPage":{"@id":"https:\/\/wpguerssen-test.odoo.rgbconsulting.com\/es\/producto\/la-will-make-you-pay\/#primaryimage"},"image":{"@id":"https:\/\/wpguerssen-test.odoo.rgbconsulting.com\/es\/producto\/la-will-make-you-pay\/#primaryimage"},"thumbnailUrl":"https:\/\/wpguerssen-test.odoo.rgbconsulting.com\/wp-content\/uploads\/2023\/08\/44820.jpg","datePublished":"2023-08-20T22:00:00+00:00","dateModified":"2024-02-22T12:41:51+00:00","description":"A follow-up of sorts to Messengers Incorporated's Soulful Proclamation, LA Will Make You Pay $$$ by Burton Inc. featured core members Charles and Barbara Burton of both groups, and is a shining example of the modern soul and disco that pulsed through the Oklahoma underground. Moving away from the psych-infused heavy funk jams of Soulful Proclamation, these eight tracks gave Barbara Burton's vocals the spotlight with heart-tugging soul ballads, sun-soaked horns and bass grooves. Originally released independently in 1976, P-VINE is delighted to reissue the album on limited-edition vinyl with an iconic Japanese obi strip included.","breadcrumb":{"@id":"https:\/\/wpguerssen-test.odoo.rgbconsulting.com\/es\/producto\/la-will-make-you-pay\/#breadcrumb"},"inLanguage":"es","potentialAction":[{"@type":"ReadAction","target":["https:\/\/wpguerssen-test.odoo.rgbconsulting.com\/es\/producto\/la-will-make-you-pay\/"]}]},{"@type":"ImageObject","inLanguage":"es","@id":"https:\/\/wpguerssen-test.odoo.rgbconsulting.com\/es\/producto\/la-will-make-you-pay\/#primaryimage","url":"https:\/\/wpguerssen-test.odoo.rgbconsulting.com\/wp-content\/uploads\/2023\/08\/44820.jpg","contentUrl":"https:\/\/wpguerssen-test.odoo.rgbconsulting.com\/wp-content\/uploads\/2023\/08\/44820.jpg","width":468,"height":464},{"@type":"BreadcrumbList","@id":"https:\/\/wpguerssen-test.odoo.rgbconsulting.com\/es\/producto\/la-will-make-you-pay\/#breadcrumb","itemListElement":[{"@type":"ListItem","position":1,"name":"Inicio","item":"https:\/\/wpguerssen-test.odoo.rgbconsulting.com\/es\/"},{"@type":"ListItem","position":2,"name":"Shop","item":"https:\/\/wpguerssen-test.odoo.rgbconsulting.com\/shop\/"},{"@type":"ListItem","position":3,"name":"LA Will Make You Pay $$$"}]},{"@type":"WebSite","@id":"https:\/\/wpguerssen-test.odoo.rgbconsulting.com\/es\/#website","url":"https:\/\/wpguerssen-test.odoo.rgbconsulting.com\/es\/","name":"Guerssen records","description":"psychedelia - progressive - folk - garage ","publisher":{"@id":"https:\/\/wpguerssen-test.odoo.rgbconsulting.com\/es\/#organization"},"potentialAction":[{"@type":"SearchAction","target":{"@type":"EntryPoint","urlTemplate":"https:\/\/wpguerssen-test.odoo.rgbconsulting.com\/es\/?s={search_term_string}"},"query-input":{"@type":"PropertyValueSpecification","valueRequired":true,"valueName":"search_term_string"}}],"inLanguage":"es"},{"@type":"Organization","@id":"https:\/\/wpguerssen-test.odoo.rgbconsulting.com\/es\/#organization","name":"Guerssen records","url":"https:\/\/wpguerssen-test.odoo.rgbconsulting.com\/es\/","logo":{"@type":"ImageObject","inLanguage":"es","@id":"https:\/\/wpguerssen-test.odoo.rgbconsulting.com\/es\/#\/schema\/logo\/image\/","url":"https:\/\/wpguerssen-test.odoo.rgbconsulting.com\/wp-content\/uploads\/2022\/04\/Logo_Guerssen_trans_100.png","contentUrl":"https:\/\/wpguerssen-test.odoo.rgbconsulting.com\/wp-content\/uploads\/2022\/04\/Logo_Guerssen_trans_100.png","width":122,"height":100,"caption":"Guerssen records"},"image":{"@id":"https:\/\/wpguerssen-test.odoo.rgbconsulting.com\/es\/#\/schema\/logo\/image\/"}}]}},"_links":{"self":[{"href":"https:\/\/wpguerssen-test.odoo.rgbconsulting.com\/es\/wp-json\/wp\/v2\/product\/237766","targetHints":{"allow":["GET"]}}],"collection":[{"href":"https:\/\/wpguerssen-test.odoo.rgbconsulting.com\/es\/wp-json\/wp\/v2\/product"}],"about":[{"href":"https:\/\/wpguerssen-test.odoo.rgbconsulting.com\/es\/wp-json\/wp\/v2\/types\/product"}],"wp:featuredmedia":[{"embeddable":true,"href":"https:\/\/wpguerssen-test.odoo.rgbconsulting.com\/es\/wp-json\/wp\/v2\/media\/239906"}],"wp:attachment":[{"href":"https:\/\/wpguerssen-test.odoo.rgbconsulting.com\/es\/wp-json\/wp\/v2\/media?parent=237766"}],"wp:term":[{"taxonomy":"product_brand","embeddable":true,"href":"https:\/\/wpguerssen-test.odoo.rgbconsulting.com\/es\/wp-json\/wp\/v2\/product_brand?post=237766"},{"taxonomy":"product_cat","embeddable":true,"href":"https:\/\/wpguerssen-test.odoo.rgbconsulting.com\/es\/wp-json\/wp\/v2\/product_cat?post=237766"},{"taxonomy":"product_tag","embeddable":true,"href":"https:\/\/wpguerssen-test.odoo.rgbconsulting.com\/es\/wp-json\/wp\/v2\/product_tag?post=237766"}],"curies":[{"name":"wp","href":"https:\/\/api.w.org\/{rel}","templated":true}]}}