{"id":237773,"date":"2023-08-21T00:00:00","date_gmt":"2023-08-20T22:00:00","guid":{"rendered":"https:\/\/wpguerssen-test.odoo.rgbconsulting.com\/product\/the-ingram-kingdom\/"},"modified":"2024-02-22T13:42:34","modified_gmt":"2024-02-22T12:42:34","slug":"the-ingram-kingdom","status":"publish","type":"product","link":"https:\/\/wpguerssen-test.odoo.rgbconsulting.com\/es\/producto\/the-ingram-kingdom\/","title":{"rendered":"The Ingram Kingdom"},"content":{"rendered":"<p>En la portada de su \u00e1lbum debut de 1976, The Ingram Kingdom, los miembros de Ingram est\u00e1n unidos frente a una pancarta que dice \u00abel funk est\u00e1 en nuestra m\u00fasica\u00bb, y la imagen paralizante de la portada fluye profundamente en el cuerpo del paisaje auditivo del \u00e1lbum.<br \/> La canci\u00f3n que abre el t\u00edtulo refuerza a\u00fan m\u00e1s los cimientos del santuario del grupo con una jam de funk en expansi\u00f3n; encaja con solos de guitarra crujientes y voces imponentes. Estos momentos de euforia funk se combinan uniformemente con pausas para pensar y calma en las espaciosas baladas de soul &#8216;Tried It and Liked It&#8217; y &#8216;She&#8217;s All Alone (I Need A Man)&#8217;. P-VINE se complace en presentar The Ingram Kingdom como una reedici\u00f3n de edici\u00f3n limitada con una tira obi adjunta.<\/p>\n","protected":false},"excerpt":{"rendered":"<p>En la portada de su \u00e1lbum debut de 1976, The Ingram Kingdom, los miembros de Ingram est\u00e1n unidos frente a una pancarta que dice \u00abel funk est\u00e1 en nuestra m\u00fasica\u00bb,<a class=\"read\" href=\"https:\/\/wpguerssen-test.odoo.rgbconsulting.com\/es\/producto\/the-ingram-kingdom\/\"> (...)<\/a>","protected":false},"featured_media":239912,"template":"","meta":{"_acf_changed":false},"product_brand":[],"product_cat":[21649],"product_tag":[],"class_list":{"0":"post-237773","1":"product","2":"type-product","3":"status-publish","4":"has-post-thumbnail","6":"product_cat-soul-rnb-es","7":"pa_artist-ingram","8":"pa_format-lp-es","9":"pa_gender-soul-rnb","10":"pa_label-p-vine","11":"pa_location-north-america-es","12":"pa_other-filters-vinyl-only-es","14":"first","15":"instock","16":"taxable","17":"shipping-taxable","18":"purchasable","19":"product-type-simple"},"acf":[],"yoast_head":"<!-- This site is optimized with the Yoast SEO plugin v24.9 - https:\/\/yoast.com\/wordpress\/plugins\/seo\/ -->\n<title>INGRAM - The Ingram Kingdom -  (LP) | Guerssen<\/title>\n<meta name=\"description\" content=\"History tends to look back kindly on musicians unafraid to proudly wear their music on their sleeves. On the cover of their 1976 debut album The Ingram Kingdom, the members of Ingram stand united in front of a banner that reads &quot;the funk is in our music,&quot; and the transfixing image of the cover flows deep in the body of the album&#039;s audio landscape. The title track opener further reinforces the foundations of the group&#039;s sanctuary with a sprawling funk jam; fit with crunching guitar solos and towering vocals. These moments of funk euphoria are matched evenly with pauses for thought and calm in the spacious soul ballads &#039;Tried It and Liked It&#039; and &#039;She&#039;s All Alone (I Need A Man)&#039;. P-VINE is delighted to present The Ingram Kingdom as a limited edition reissue with obi strip attached.\" \/>\n<meta name=\"robots\" content=\"index, follow, max-snippet:-1, max-image-preview:large, max-video-preview:-1\" \/>\n<link rel=\"canonical\" href=\"https:\/\/wpguerssen-test.odoo.rgbconsulting.com\/es\/producto\/the-ingram-kingdom\/\" \/>\n<meta property=\"og:locale\" content=\"es_ES\" \/>\n<meta property=\"og:type\" content=\"article\" \/>\n<meta property=\"og:title\" content=\"INGRAM - The Ingram Kingdom -  (LP) | Guerssen\" \/>\n<meta property=\"og:description\" content=\"History tends to look back kindly on musicians unafraid to proudly wear their music on their sleeves. On the cover of their 1976 debut album The Ingram Kingdom, the members of Ingram stand united in front of a banner that reads &quot;the funk is in our music,&quot; and the transfixing image of the cover flows deep in the body of the album&#039;s audio landscape. The title track opener further reinforces the foundations of the group&#039;s sanctuary with a sprawling funk jam; fit with crunching guitar solos and towering vocals. These moments of funk euphoria are matched evenly with pauses for thought and calm in the spacious soul ballads &#039;Tried It and Liked It&#039; and &#039;She&#039;s All Alone (I Need A Man)&#039;. P-VINE is delighted to present The Ingram Kingdom as a limited edition reissue with obi strip attached.\" \/>\n<meta property=\"og:url\" content=\"https:\/\/wpguerssen-test.odoo.rgbconsulting.com\/es\/producto\/the-ingram-kingdom\/\" \/>\n<meta property=\"og:site_name\" content=\"Guerssen records\" \/>\n<meta property=\"article:modified_time\" content=\"2024-02-22T12:42:34+00:00\" \/>\n<meta property=\"og:image\" content=\"https:\/\/wpguerssen-test.odoo.rgbconsulting.com\/wp-content\/uploads\/2023\/08\/44827.jpg\" \/>\n\t<meta property=\"og:image:width\" content=\"470\" \/>\n\t<meta property=\"og:image:height\" content=\"466\" \/>\n\t<meta property=\"og:image:type\" content=\"image\/jpeg\" \/>\n<meta name=\"twitter:card\" content=\"summary_large_image\" \/>\n<meta name=\"twitter:title\" content=\"INGRAM - The Ingram Kingdom -  (LP) | Guerssen\" \/>\n<meta name=\"twitter:label1\" content=\"Tiempo de lectura\" \/>\n\t<meta name=\"twitter:data1\" content=\"1 minuto\" \/>\n<script type=\"application\/ld+json\" class=\"yoast-schema-graph\">{\"@context\":\"https:\/\/schema.org\",\"@graph\":[{\"@type\":\"WebPage\",\"@id\":\"https:\/\/wpguerssen-test.odoo.rgbconsulting.com\/es\/producto\/the-ingram-kingdom\/\",\"url\":\"https:\/\/wpguerssen-test.odoo.rgbconsulting.com\/es\/producto\/the-ingram-kingdom\/\",\"name\":\"INGRAM - The Ingram Kingdom - (LP) | Guerssen\",\"isPartOf\":{\"@id\":\"https:\/\/wpguerssen-test.odoo.rgbconsulting.com\/es\/#website\"},\"primaryImageOfPage\":{\"@id\":\"https:\/\/wpguerssen-test.odoo.rgbconsulting.com\/es\/producto\/the-ingram-kingdom\/#primaryimage\"},\"image\":{\"@id\":\"https:\/\/wpguerssen-test.odoo.rgbconsulting.com\/es\/producto\/the-ingram-kingdom\/#primaryimage\"},\"thumbnailUrl\":\"https:\/\/wpguerssen-test.odoo.rgbconsulting.com\/wp-content\/uploads\/2023\/08\/44827.jpg\",\"datePublished\":\"2023-08-20T22:00:00+00:00\",\"dateModified\":\"2024-02-22T12:42:34+00:00\",\"description\":\"History tends to look back kindly on musicians unafraid to proudly wear their music on their sleeves. On the cover of their 1976 debut album The Ingram Kingdom, the members of Ingram stand united in front of a banner that reads \\\"the funk is in our music,\\\" and the transfixing image of the cover flows deep in the body of the album's audio landscape. The title track opener further reinforces the foundations of the group's sanctuary with a sprawling funk jam; fit with crunching guitar solos and towering vocals. These moments of funk euphoria are matched evenly with pauses for thought and calm in the spacious soul ballads 'Tried It and Liked It' and 'She's All Alone (I Need A Man)'. P-VINE is delighted to present The Ingram Kingdom as a limited edition reissue with obi strip attached.\",\"breadcrumb\":{\"@id\":\"https:\/\/wpguerssen-test.odoo.rgbconsulting.com\/es\/producto\/the-ingram-kingdom\/#breadcrumb\"},\"inLanguage\":\"es\",\"potentialAction\":[{\"@type\":\"ReadAction\",\"target\":[\"https:\/\/wpguerssen-test.odoo.rgbconsulting.com\/es\/producto\/the-ingram-kingdom\/\"]}]},{\"@type\":\"ImageObject\",\"inLanguage\":\"es\",\"@id\":\"https:\/\/wpguerssen-test.odoo.rgbconsulting.com\/es\/producto\/the-ingram-kingdom\/#primaryimage\",\"url\":\"https:\/\/wpguerssen-test.odoo.rgbconsulting.com\/wp-content\/uploads\/2023\/08\/44827.jpg\",\"contentUrl\":\"https:\/\/wpguerssen-test.odoo.rgbconsulting.com\/wp-content\/uploads\/2023\/08\/44827.jpg\",\"width\":470,\"height\":466},{\"@type\":\"BreadcrumbList\",\"@id\":\"https:\/\/wpguerssen-test.odoo.rgbconsulting.com\/es\/producto\/the-ingram-kingdom\/#breadcrumb\",\"itemListElement\":[{\"@type\":\"ListItem\",\"position\":1,\"name\":\"Inicio\",\"item\":\"https:\/\/wpguerssen-test.odoo.rgbconsulting.com\/es\/\"},{\"@type\":\"ListItem\",\"position\":2,\"name\":\"Shop\",\"item\":\"https:\/\/wpguerssen-test.odoo.rgbconsulting.com\/shop\/\"},{\"@type\":\"ListItem\",\"position\":3,\"name\":\"The Ingram Kingdom\"}]},{\"@type\":\"WebSite\",\"@id\":\"https:\/\/wpguerssen-test.odoo.rgbconsulting.com\/es\/#website\",\"url\":\"https:\/\/wpguerssen-test.odoo.rgbconsulting.com\/es\/\",\"name\":\"Guerssen records\",\"description\":\"psychedelia - progressive - folk - garage \",\"publisher\":{\"@id\":\"https:\/\/wpguerssen-test.odoo.rgbconsulting.com\/es\/#organization\"},\"potentialAction\":[{\"@type\":\"SearchAction\",\"target\":{\"@type\":\"EntryPoint\",\"urlTemplate\":\"https:\/\/wpguerssen-test.odoo.rgbconsulting.com\/es\/?s={search_term_string}\"},\"query-input\":{\"@type\":\"PropertyValueSpecification\",\"valueRequired\":true,\"valueName\":\"search_term_string\"}}],\"inLanguage\":\"es\"},{\"@type\":\"Organization\",\"@id\":\"https:\/\/wpguerssen-test.odoo.rgbconsulting.com\/es\/#organization\",\"name\":\"Guerssen records\",\"url\":\"https:\/\/wpguerssen-test.odoo.rgbconsulting.com\/es\/\",\"logo\":{\"@type\":\"ImageObject\",\"inLanguage\":\"es\",\"@id\":\"https:\/\/wpguerssen-test.odoo.rgbconsulting.com\/es\/#\/schema\/logo\/image\/\",\"url\":\"https:\/\/wpguerssen-test.odoo.rgbconsulting.com\/wp-content\/uploads\/2022\/04\/Logo_Guerssen_trans_100.png\",\"contentUrl\":\"https:\/\/wpguerssen-test.odoo.rgbconsulting.com\/wp-content\/uploads\/2022\/04\/Logo_Guerssen_trans_100.png\",\"width\":122,\"height\":100,\"caption\":\"Guerssen records\"},\"image\":{\"@id\":\"https:\/\/wpguerssen-test.odoo.rgbconsulting.com\/es\/#\/schema\/logo\/image\/\"}}]}<\/script>\n<!-- \/ Yoast SEO plugin. -->","yoast_head_json":{"title":"INGRAM - The Ingram Kingdom -  (LP) | Guerssen","description":"History tends to look back kindly on musicians unafraid to proudly wear their music on their sleeves. On the cover of their 1976 debut album The Ingram Kingdom, the members of Ingram stand united in front of a banner that reads \"the funk is in our music,\" and the transfixing image of the cover flows deep in the body of the album's audio landscape. The title track opener further reinforces the foundations of the group's sanctuary with a sprawling funk jam; fit with crunching guitar solos and towering vocals. These moments of funk euphoria are matched evenly with pauses for thought and calm in the spacious soul ballads 'Tried It and Liked It' and 'She's All Alone (I Need A Man)'. P-VINE is delighted to present The Ingram Kingdom as a limited edition reissue with obi strip attached.","robots":{"index":"index","follow":"follow","max-snippet":"max-snippet:-1","max-image-preview":"max-image-preview:large","max-video-preview":"max-video-preview:-1"},"canonical":"https:\/\/wpguerssen-test.odoo.rgbconsulting.com\/es\/producto\/the-ingram-kingdom\/","og_locale":"es_ES","og_type":"article","og_title":"INGRAM - The Ingram Kingdom -  (LP) | Guerssen","og_description":"History tends to look back kindly on musicians unafraid to proudly wear their music on their sleeves. On the cover of their 1976 debut album The Ingram Kingdom, the members of Ingram stand united in front of a banner that reads \"the funk is in our music,\" and the transfixing image of the cover flows deep in the body of the album's audio landscape. The title track opener further reinforces the foundations of the group's sanctuary with a sprawling funk jam; fit with crunching guitar solos and towering vocals. These moments of funk euphoria are matched evenly with pauses for thought and calm in the spacious soul ballads 'Tried It and Liked It' and 'She's All Alone (I Need A Man)'. P-VINE is delighted to present The Ingram Kingdom as a limited edition reissue with obi strip attached.","og_url":"https:\/\/wpguerssen-test.odoo.rgbconsulting.com\/es\/producto\/the-ingram-kingdom\/","og_site_name":"Guerssen records","article_modified_time":"2024-02-22T12:42:34+00:00","og_image":[{"width":470,"height":466,"url":"https:\/\/wpguerssen-test.odoo.rgbconsulting.com\/wp-content\/uploads\/2023\/08\/44827.jpg","type":"image\/jpeg"}],"twitter_card":"summary_large_image","twitter_title":"INGRAM - The Ingram Kingdom -  (LP) | Guerssen","twitter_misc":{"Tiempo de lectura":"1 minuto"},"schema":{"@context":"https:\/\/schema.org","@graph":[{"@type":"WebPage","@id":"https:\/\/wpguerssen-test.odoo.rgbconsulting.com\/es\/producto\/the-ingram-kingdom\/","url":"https:\/\/wpguerssen-test.odoo.rgbconsulting.com\/es\/producto\/the-ingram-kingdom\/","name":"INGRAM - The Ingram Kingdom - (LP) | Guerssen","isPartOf":{"@id":"https:\/\/wpguerssen-test.odoo.rgbconsulting.com\/es\/#website"},"primaryImageOfPage":{"@id":"https:\/\/wpguerssen-test.odoo.rgbconsulting.com\/es\/producto\/the-ingram-kingdom\/#primaryimage"},"image":{"@id":"https:\/\/wpguerssen-test.odoo.rgbconsulting.com\/es\/producto\/the-ingram-kingdom\/#primaryimage"},"thumbnailUrl":"https:\/\/wpguerssen-test.odoo.rgbconsulting.com\/wp-content\/uploads\/2023\/08\/44827.jpg","datePublished":"2023-08-20T22:00:00+00:00","dateModified":"2024-02-22T12:42:34+00:00","description":"History tends to look back kindly on musicians unafraid to proudly wear their music on their sleeves. On the cover of their 1976 debut album The Ingram Kingdom, the members of Ingram stand united in front of a banner that reads \"the funk is in our music,\" and the transfixing image of the cover flows deep in the body of the album's audio landscape. The title track opener further reinforces the foundations of the group's sanctuary with a sprawling funk jam; fit with crunching guitar solos and towering vocals. These moments of funk euphoria are matched evenly with pauses for thought and calm in the spacious soul ballads 'Tried It and Liked It' and 'She's All Alone (I Need A Man)'. P-VINE is delighted to present The Ingram Kingdom as a limited edition reissue with obi strip attached.","breadcrumb":{"@id":"https:\/\/wpguerssen-test.odoo.rgbconsulting.com\/es\/producto\/the-ingram-kingdom\/#breadcrumb"},"inLanguage":"es","potentialAction":[{"@type":"ReadAction","target":["https:\/\/wpguerssen-test.odoo.rgbconsulting.com\/es\/producto\/the-ingram-kingdom\/"]}]},{"@type":"ImageObject","inLanguage":"es","@id":"https:\/\/wpguerssen-test.odoo.rgbconsulting.com\/es\/producto\/the-ingram-kingdom\/#primaryimage","url":"https:\/\/wpguerssen-test.odoo.rgbconsulting.com\/wp-content\/uploads\/2023\/08\/44827.jpg","contentUrl":"https:\/\/wpguerssen-test.odoo.rgbconsulting.com\/wp-content\/uploads\/2023\/08\/44827.jpg","width":470,"height":466},{"@type":"BreadcrumbList","@id":"https:\/\/wpguerssen-test.odoo.rgbconsulting.com\/es\/producto\/the-ingram-kingdom\/#breadcrumb","itemListElement":[{"@type":"ListItem","position":1,"name":"Inicio","item":"https:\/\/wpguerssen-test.odoo.rgbconsulting.com\/es\/"},{"@type":"ListItem","position":2,"name":"Shop","item":"https:\/\/wpguerssen-test.odoo.rgbconsulting.com\/shop\/"},{"@type":"ListItem","position":3,"name":"The Ingram Kingdom"}]},{"@type":"WebSite","@id":"https:\/\/wpguerssen-test.odoo.rgbconsulting.com\/es\/#website","url":"https:\/\/wpguerssen-test.odoo.rgbconsulting.com\/es\/","name":"Guerssen records","description":"psychedelia - progressive - folk - garage ","publisher":{"@id":"https:\/\/wpguerssen-test.odoo.rgbconsulting.com\/es\/#organization"},"potentialAction":[{"@type":"SearchAction","target":{"@type":"EntryPoint","urlTemplate":"https:\/\/wpguerssen-test.odoo.rgbconsulting.com\/es\/?s={search_term_string}"},"query-input":{"@type":"PropertyValueSpecification","valueRequired":true,"valueName":"search_term_string"}}],"inLanguage":"es"},{"@type":"Organization","@id":"https:\/\/wpguerssen-test.odoo.rgbconsulting.com\/es\/#organization","name":"Guerssen records","url":"https:\/\/wpguerssen-test.odoo.rgbconsulting.com\/es\/","logo":{"@type":"ImageObject","inLanguage":"es","@id":"https:\/\/wpguerssen-test.odoo.rgbconsulting.com\/es\/#\/schema\/logo\/image\/","url":"https:\/\/wpguerssen-test.odoo.rgbconsulting.com\/wp-content\/uploads\/2022\/04\/Logo_Guerssen_trans_100.png","contentUrl":"https:\/\/wpguerssen-test.odoo.rgbconsulting.com\/wp-content\/uploads\/2022\/04\/Logo_Guerssen_trans_100.png","width":122,"height":100,"caption":"Guerssen records"},"image":{"@id":"https:\/\/wpguerssen-test.odoo.rgbconsulting.com\/es\/#\/schema\/logo\/image\/"}}]}},"_links":{"self":[{"href":"https:\/\/wpguerssen-test.odoo.rgbconsulting.com\/es\/wp-json\/wp\/v2\/product\/237773","targetHints":{"allow":["GET"]}}],"collection":[{"href":"https:\/\/wpguerssen-test.odoo.rgbconsulting.com\/es\/wp-json\/wp\/v2\/product"}],"about":[{"href":"https:\/\/wpguerssen-test.odoo.rgbconsulting.com\/es\/wp-json\/wp\/v2\/types\/product"}],"wp:featuredmedia":[{"embeddable":true,"href":"https:\/\/wpguerssen-test.odoo.rgbconsulting.com\/es\/wp-json\/wp\/v2\/media\/239912"}],"wp:attachment":[{"href":"https:\/\/wpguerssen-test.odoo.rgbconsulting.com\/es\/wp-json\/wp\/v2\/media?parent=237773"}],"wp:term":[{"taxonomy":"product_brand","embeddable":true,"href":"https:\/\/wpguerssen-test.odoo.rgbconsulting.com\/es\/wp-json\/wp\/v2\/product_brand?post=237773"},{"taxonomy":"product_cat","embeddable":true,"href":"https:\/\/wpguerssen-test.odoo.rgbconsulting.com\/es\/wp-json\/wp\/v2\/product_cat?post=237773"},{"taxonomy":"product_tag","embeddable":true,"href":"https:\/\/wpguerssen-test.odoo.rgbconsulting.com\/es\/wp-json\/wp\/v2\/product_tag?post=237773"}],"curies":[{"name":"wp","href":"https:\/\/api.w.org\/{rel}","templated":true}]}}