{"id":237785,"date":"2023-06-16T00:00:00","date_gmt":"2023-06-15T22:00:00","guid":{"rendered":"https:\/\/wpguerssen-test.odoo.rgbconsulting.com\/product\/pour-nous-autres-2\/"},"modified":"2025-01-07T19:03:04","modified_gmt":"2025-01-07T18:03:04","slug":"pour-nous-autres","status":"publish","type":"product","link":"https:\/\/wpguerssen-test.odoo.rgbconsulting.com\/es\/producto\/pour-nous-autres\/","title":{"rendered":"Pour Nous Autres"},"content":{"rendered":"<p>Limitado a 250 copias, numeradas a mano. Viene con una pegatina y un insert.<br \/>Archeologie Sonore une fuerzas con Explosive Groove Disquaire para inaugurar su compa\u00f1\u00eda discogr\u00e1fica lanzando el \u00e1lbum in\u00e9dito de Pour Nous Autres, un grupo progresivo de Montreal que existi\u00f3 desde 1974 hasta 1976.<br \/>Las grabaciones de Pour Nous Autres nos llegan casi 50 a\u00f1os despu\u00e9s de que fueran grabadas en el legendario Studio Bobinason.<br \/>La m\u00fasica de Pour Nous Autres es una mezcla inteligente de rock progresivo, folk y fusi\u00f3n de jazz.<br \/>Este \u00e1lbum es sin duda un trabajo que se encuentra entre Contraction y Boule De Son. Jean-Jacques Bourdeau y Jean-Claude B\u00e9liveau son los dos genios creativos y socios detr\u00e1s de Pour Nous Autres.<\/p>\n","protected":false},"excerpt":{"rendered":"<p>Limitado a 250 copias, numeradas a mano. Viene con una pegatina y un insert.<br \/>Archeologie Sonore une fuerzas con Explosive Groove Disquaire para inaugurar su compa\u00f1\u00eda<a class=\"read\" href=\"https:\/\/wpguerssen-test.odoo.rgbconsulting.com\/es\/producto\/pour-nous-autres\/\"> (...)<\/a>","protected":false},"featured_media":233059,"template":"","meta":{"_acf_changed":false},"product_brand":[],"product_cat":[23215],"product_tag":[],"class_list":{"0":"post-237785","1":"product","2":"type-product","3":"status-publish","4":"has-post-thumbnail","6":"product_cat-progressive60s-70s-es","7":"pa_artist-pour-nous-autres","8":"pa_format-lp-es","9":"pa_gender-progressive60s-70s","10":"pa_label-archeologie-sonore","11":"pa_location-north-america-es","12":"pa_other-filters-vinyl-only-es","14":"first","15":"instock","16":"taxable","17":"shipping-taxable","18":"purchasable","19":"product-type-simple"},"acf":[],"yoast_head":"<!-- This site is optimized with the Yoast SEO plugin v24.9 - https:\/\/yoast.com\/wordpress\/plugins\/seo\/ -->\n<title>POUR NOUS AUTRES - Pour Nous Autres -  (LP) | Guerssen<\/title>\n<meta name=\"description\" content=\"Limited to 250 copies, hand numbered.Come with a hype sticker and an insert.Archeologie Sonore joins forces with Explosive Groove Disquaire to inaugurate its record company by releasing the unreleased album of Pour Nous Autres, a progressive Montreal group that existed from 1974 to 1976.The Pour Nous Autres recordings come to us almost 50 years after they were recorded at the legendary Studio Bobinason.The music of Pour Nous Autres is a clever mix of progressive rock, folk and jazz-fusion. &quot;For Us Others can play pieces in which the influence of the former greats is tangible, but where an undeniable personal side nevertheless takes precedence, especially in certain pieces in several movements whose sequence, well planned, does not leave Pour Nous Others nothing to envy anyone&quot;.This album is undoubtedly a work that falls between Contraction and Boule De Son. Jean-Jacques Bourdeau and Jean-Claude B\u00e9liveau, the two creative geniuses and associates behind Pour Nous Autres, will surprise and win over fans of Quebec music, rock and progressive music.\" \/>\n<meta name=\"robots\" content=\"index, follow, max-snippet:-1, max-image-preview:large, max-video-preview:-1\" \/>\n<link rel=\"canonical\" href=\"https:\/\/wpguerssen-test.odoo.rgbconsulting.com\/es\/producto\/pour-nous-autres\/\" \/>\n<meta property=\"og:locale\" content=\"es_ES\" \/>\n<meta property=\"og:type\" content=\"article\" \/>\n<meta property=\"og:title\" content=\"POUR NOUS AUTRES - Pour Nous Autres -  (LP) | Guerssen\" \/>\n<meta property=\"og:description\" content=\"Limited to 250 copies, hand numbered.Come with a hype sticker and an insert.Archeologie Sonore joins forces with Explosive Groove Disquaire to inaugurate its record company by releasing the unreleased album of Pour Nous Autres, a progressive Montreal group that existed from 1974 to 1976.The Pour Nous Autres recordings come to us almost 50 years after they were recorded at the legendary Studio Bobinason.The music of Pour Nous Autres is a clever mix of progressive rock, folk and jazz-fusion. &quot;For Us Others can play pieces in which the influence of the former greats is tangible, but where an undeniable personal side nevertheless takes precedence, especially in certain pieces in several movements whose sequence, well planned, does not leave Pour Nous Others nothing to envy anyone&quot;.This album is undoubtedly a work that falls between Contraction and Boule De Son. Jean-Jacques Bourdeau and Jean-Claude B\u00e9liveau, the two creative geniuses and associates behind Pour Nous Autres, will surprise and win over fans of Quebec music, rock and progressive music.\" \/>\n<meta property=\"og:url\" content=\"https:\/\/wpguerssen-test.odoo.rgbconsulting.com\/es\/producto\/pour-nous-autres\/\" \/>\n<meta property=\"og:site_name\" content=\"Guerssen records\" \/>\n<meta property=\"article:modified_time\" content=\"2025-01-07T18:03:04+00:00\" \/>\n<meta property=\"og:image\" content=\"https:\/\/wpguerssen-test.odoo.rgbconsulting.com\/wp-content\/uploads\/2023\/05\/43717.jpg\" \/>\n\t<meta property=\"og:image:width\" content=\"1200\" \/>\n\t<meta property=\"og:image:height\" content=\"1200\" \/>\n\t<meta property=\"og:image:type\" content=\"image\/jpeg\" \/>\n<meta name=\"twitter:card\" content=\"summary_large_image\" \/>\n<meta name=\"twitter:title\" content=\"POUR NOUS AUTRES - Pour Nous Autres -  (LP) | Guerssen\" \/>\n<meta name=\"twitter:label1\" content=\"Tiempo de lectura\" \/>\n\t<meta name=\"twitter:data1\" content=\"1 minuto\" \/>\n<script type=\"application\/ld+json\" class=\"yoast-schema-graph\">{\"@context\":\"https:\/\/schema.org\",\"@graph\":[{\"@type\":\"WebPage\",\"@id\":\"https:\/\/wpguerssen-test.odoo.rgbconsulting.com\/es\/producto\/pour-nous-autres\/\",\"url\":\"https:\/\/wpguerssen-test.odoo.rgbconsulting.com\/es\/producto\/pour-nous-autres\/\",\"name\":\"POUR NOUS AUTRES - Pour Nous Autres - (LP) | Guerssen\",\"isPartOf\":{\"@id\":\"https:\/\/wpguerssen-test.odoo.rgbconsulting.com\/es\/#website\"},\"primaryImageOfPage\":{\"@id\":\"https:\/\/wpguerssen-test.odoo.rgbconsulting.com\/es\/producto\/pour-nous-autres\/#primaryimage\"},\"image\":{\"@id\":\"https:\/\/wpguerssen-test.odoo.rgbconsulting.com\/es\/producto\/pour-nous-autres\/#primaryimage\"},\"thumbnailUrl\":\"https:\/\/wpguerssen-test.odoo.rgbconsulting.com\/wp-content\/uploads\/2023\/05\/43717.jpg\",\"datePublished\":\"2023-06-15T22:00:00+00:00\",\"dateModified\":\"2025-01-07T18:03:04+00:00\",\"description\":\"Limited to 250 copies, hand numbered.Come with a hype sticker and an insert.Archeologie Sonore joins forces with Explosive Groove Disquaire to inaugurate its record company by releasing the unreleased album of Pour Nous Autres, a progressive Montreal group that existed from 1974 to 1976.The Pour Nous Autres recordings come to us almost 50 years after they were recorded at the legendary Studio Bobinason.The music of Pour Nous Autres is a clever mix of progressive rock, folk and jazz-fusion. \\\"For Us Others can play pieces in which the influence of the former greats is tangible, but where an undeniable personal side nevertheless takes precedence, especially in certain pieces in several movements whose sequence, well planned, does not leave Pour Nous Others nothing to envy anyone\\\".This album is undoubtedly a work that falls between Contraction and Boule De Son. Jean-Jacques Bourdeau and Jean-Claude B\u00e9liveau, the two creative geniuses and associates behind Pour Nous Autres, will surprise and win over fans of Quebec music, rock and progressive music.\",\"breadcrumb\":{\"@id\":\"https:\/\/wpguerssen-test.odoo.rgbconsulting.com\/es\/producto\/pour-nous-autres\/#breadcrumb\"},\"inLanguage\":\"es\",\"potentialAction\":[{\"@type\":\"ReadAction\",\"target\":[\"https:\/\/wpguerssen-test.odoo.rgbconsulting.com\/es\/producto\/pour-nous-autres\/\"]}]},{\"@type\":\"ImageObject\",\"inLanguage\":\"es\",\"@id\":\"https:\/\/wpguerssen-test.odoo.rgbconsulting.com\/es\/producto\/pour-nous-autres\/#primaryimage\",\"url\":\"https:\/\/wpguerssen-test.odoo.rgbconsulting.com\/wp-content\/uploads\/2023\/05\/43717.jpg\",\"contentUrl\":\"https:\/\/wpguerssen-test.odoo.rgbconsulting.com\/wp-content\/uploads\/2023\/05\/43717.jpg\",\"width\":1200,\"height\":1200},{\"@type\":\"BreadcrumbList\",\"@id\":\"https:\/\/wpguerssen-test.odoo.rgbconsulting.com\/es\/producto\/pour-nous-autres\/#breadcrumb\",\"itemListElement\":[{\"@type\":\"ListItem\",\"position\":1,\"name\":\"Inicio\",\"item\":\"https:\/\/wpguerssen-test.odoo.rgbconsulting.com\/es\/\"},{\"@type\":\"ListItem\",\"position\":2,\"name\":\"Shop\",\"item\":\"https:\/\/wpguerssen-test.odoo.rgbconsulting.com\/shop\/\"},{\"@type\":\"ListItem\",\"position\":3,\"name\":\"Pour Nous Autres\"}]},{\"@type\":\"WebSite\",\"@id\":\"https:\/\/wpguerssen-test.odoo.rgbconsulting.com\/es\/#website\",\"url\":\"https:\/\/wpguerssen-test.odoo.rgbconsulting.com\/es\/\",\"name\":\"Guerssen records\",\"description\":\"psychedelia - progressive - folk - garage \",\"publisher\":{\"@id\":\"https:\/\/wpguerssen-test.odoo.rgbconsulting.com\/es\/#organization\"},\"potentialAction\":[{\"@type\":\"SearchAction\",\"target\":{\"@type\":\"EntryPoint\",\"urlTemplate\":\"https:\/\/wpguerssen-test.odoo.rgbconsulting.com\/es\/?s={search_term_string}\"},\"query-input\":{\"@type\":\"PropertyValueSpecification\",\"valueRequired\":true,\"valueName\":\"search_term_string\"}}],\"inLanguage\":\"es\"},{\"@type\":\"Organization\",\"@id\":\"https:\/\/wpguerssen-test.odoo.rgbconsulting.com\/es\/#organization\",\"name\":\"Guerssen records\",\"url\":\"https:\/\/wpguerssen-test.odoo.rgbconsulting.com\/es\/\",\"logo\":{\"@type\":\"ImageObject\",\"inLanguage\":\"es\",\"@id\":\"https:\/\/wpguerssen-test.odoo.rgbconsulting.com\/es\/#\/schema\/logo\/image\/\",\"url\":\"https:\/\/wpguerssen-test.odoo.rgbconsulting.com\/wp-content\/uploads\/2022\/04\/Logo_Guerssen_trans_100.png\",\"contentUrl\":\"https:\/\/wpguerssen-test.odoo.rgbconsulting.com\/wp-content\/uploads\/2022\/04\/Logo_Guerssen_trans_100.png\",\"width\":122,\"height\":100,\"caption\":\"Guerssen records\"},\"image\":{\"@id\":\"https:\/\/wpguerssen-test.odoo.rgbconsulting.com\/es\/#\/schema\/logo\/image\/\"}}]}<\/script>\n<!-- \/ Yoast SEO plugin. -->","yoast_head_json":{"title":"POUR NOUS AUTRES - Pour Nous Autres -  (LP) | Guerssen","description":"Limited to 250 copies, hand numbered.Come with a hype sticker and an insert.Archeologie Sonore joins forces with Explosive Groove Disquaire to inaugurate its record company by releasing the unreleased album of Pour Nous Autres, a progressive Montreal group that existed from 1974 to 1976.The Pour Nous Autres recordings come to us almost 50 years after they were recorded at the legendary Studio Bobinason.The music of Pour Nous Autres is a clever mix of progressive rock, folk and jazz-fusion. \"For Us Others can play pieces in which the influence of the former greats is tangible, but where an undeniable personal side nevertheless takes precedence, especially in certain pieces in several movements whose sequence, well planned, does not leave Pour Nous Others nothing to envy anyone\".This album is undoubtedly a work that falls between Contraction and Boule De Son. Jean-Jacques Bourdeau and Jean-Claude B\u00e9liveau, the two creative geniuses and associates behind Pour Nous Autres, will surprise and win over fans of Quebec music, rock and progressive music.","robots":{"index":"index","follow":"follow","max-snippet":"max-snippet:-1","max-image-preview":"max-image-preview:large","max-video-preview":"max-video-preview:-1"},"canonical":"https:\/\/wpguerssen-test.odoo.rgbconsulting.com\/es\/producto\/pour-nous-autres\/","og_locale":"es_ES","og_type":"article","og_title":"POUR NOUS AUTRES - Pour Nous Autres -  (LP) | Guerssen","og_description":"Limited to 250 copies, hand numbered.Come with a hype sticker and an insert.Archeologie Sonore joins forces with Explosive Groove Disquaire to inaugurate its record company by releasing the unreleased album of Pour Nous Autres, a progressive Montreal group that existed from 1974 to 1976.The Pour Nous Autres recordings come to us almost 50 years after they were recorded at the legendary Studio Bobinason.The music of Pour Nous Autres is a clever mix of progressive rock, folk and jazz-fusion. \"For Us Others can play pieces in which the influence of the former greats is tangible, but where an undeniable personal side nevertheless takes precedence, especially in certain pieces in several movements whose sequence, well planned, does not leave Pour Nous Others nothing to envy anyone\".This album is undoubtedly a work that falls between Contraction and Boule De Son. Jean-Jacques Bourdeau and Jean-Claude B\u00e9liveau, the two creative geniuses and associates behind Pour Nous Autres, will surprise and win over fans of Quebec music, rock and progressive music.","og_url":"https:\/\/wpguerssen-test.odoo.rgbconsulting.com\/es\/producto\/pour-nous-autres\/","og_site_name":"Guerssen records","article_modified_time":"2025-01-07T18:03:04+00:00","og_image":[{"width":1200,"height":1200,"url":"https:\/\/wpguerssen-test.odoo.rgbconsulting.com\/wp-content\/uploads\/2023\/05\/43717.jpg","type":"image\/jpeg"}],"twitter_card":"summary_large_image","twitter_title":"POUR NOUS AUTRES - Pour Nous Autres -  (LP) | Guerssen","twitter_misc":{"Tiempo de lectura":"1 minuto"},"schema":{"@context":"https:\/\/schema.org","@graph":[{"@type":"WebPage","@id":"https:\/\/wpguerssen-test.odoo.rgbconsulting.com\/es\/producto\/pour-nous-autres\/","url":"https:\/\/wpguerssen-test.odoo.rgbconsulting.com\/es\/producto\/pour-nous-autres\/","name":"POUR NOUS AUTRES - Pour Nous Autres - (LP) | Guerssen","isPartOf":{"@id":"https:\/\/wpguerssen-test.odoo.rgbconsulting.com\/es\/#website"},"primaryImageOfPage":{"@id":"https:\/\/wpguerssen-test.odoo.rgbconsulting.com\/es\/producto\/pour-nous-autres\/#primaryimage"},"image":{"@id":"https:\/\/wpguerssen-test.odoo.rgbconsulting.com\/es\/producto\/pour-nous-autres\/#primaryimage"},"thumbnailUrl":"https:\/\/wpguerssen-test.odoo.rgbconsulting.com\/wp-content\/uploads\/2023\/05\/43717.jpg","datePublished":"2023-06-15T22:00:00+00:00","dateModified":"2025-01-07T18:03:04+00:00","description":"Limited to 250 copies, hand numbered.Come with a hype sticker and an insert.Archeologie Sonore joins forces with Explosive Groove Disquaire to inaugurate its record company by releasing the unreleased album of Pour Nous Autres, a progressive Montreal group that existed from 1974 to 1976.The Pour Nous Autres recordings come to us almost 50 years after they were recorded at the legendary Studio Bobinason.The music of Pour Nous Autres is a clever mix of progressive rock, folk and jazz-fusion. \"For Us Others can play pieces in which the influence of the former greats is tangible, but where an undeniable personal side nevertheless takes precedence, especially in certain pieces in several movements whose sequence, well planned, does not leave Pour Nous Others nothing to envy anyone\".This album is undoubtedly a work that falls between Contraction and Boule De Son. Jean-Jacques Bourdeau and Jean-Claude B\u00e9liveau, the two creative geniuses and associates behind Pour Nous Autres, will surprise and win over fans of Quebec music, rock and progressive music.","breadcrumb":{"@id":"https:\/\/wpguerssen-test.odoo.rgbconsulting.com\/es\/producto\/pour-nous-autres\/#breadcrumb"},"inLanguage":"es","potentialAction":[{"@type":"ReadAction","target":["https:\/\/wpguerssen-test.odoo.rgbconsulting.com\/es\/producto\/pour-nous-autres\/"]}]},{"@type":"ImageObject","inLanguage":"es","@id":"https:\/\/wpguerssen-test.odoo.rgbconsulting.com\/es\/producto\/pour-nous-autres\/#primaryimage","url":"https:\/\/wpguerssen-test.odoo.rgbconsulting.com\/wp-content\/uploads\/2023\/05\/43717.jpg","contentUrl":"https:\/\/wpguerssen-test.odoo.rgbconsulting.com\/wp-content\/uploads\/2023\/05\/43717.jpg","width":1200,"height":1200},{"@type":"BreadcrumbList","@id":"https:\/\/wpguerssen-test.odoo.rgbconsulting.com\/es\/producto\/pour-nous-autres\/#breadcrumb","itemListElement":[{"@type":"ListItem","position":1,"name":"Inicio","item":"https:\/\/wpguerssen-test.odoo.rgbconsulting.com\/es\/"},{"@type":"ListItem","position":2,"name":"Shop","item":"https:\/\/wpguerssen-test.odoo.rgbconsulting.com\/shop\/"},{"@type":"ListItem","position":3,"name":"Pour Nous Autres"}]},{"@type":"WebSite","@id":"https:\/\/wpguerssen-test.odoo.rgbconsulting.com\/es\/#website","url":"https:\/\/wpguerssen-test.odoo.rgbconsulting.com\/es\/","name":"Guerssen records","description":"psychedelia - progressive - folk - garage ","publisher":{"@id":"https:\/\/wpguerssen-test.odoo.rgbconsulting.com\/es\/#organization"},"potentialAction":[{"@type":"SearchAction","target":{"@type":"EntryPoint","urlTemplate":"https:\/\/wpguerssen-test.odoo.rgbconsulting.com\/es\/?s={search_term_string}"},"query-input":{"@type":"PropertyValueSpecification","valueRequired":true,"valueName":"search_term_string"}}],"inLanguage":"es"},{"@type":"Organization","@id":"https:\/\/wpguerssen-test.odoo.rgbconsulting.com\/es\/#organization","name":"Guerssen records","url":"https:\/\/wpguerssen-test.odoo.rgbconsulting.com\/es\/","logo":{"@type":"ImageObject","inLanguage":"es","@id":"https:\/\/wpguerssen-test.odoo.rgbconsulting.com\/es\/#\/schema\/logo\/image\/","url":"https:\/\/wpguerssen-test.odoo.rgbconsulting.com\/wp-content\/uploads\/2022\/04\/Logo_Guerssen_trans_100.png","contentUrl":"https:\/\/wpguerssen-test.odoo.rgbconsulting.com\/wp-content\/uploads\/2022\/04\/Logo_Guerssen_trans_100.png","width":122,"height":100,"caption":"Guerssen records"},"image":{"@id":"https:\/\/wpguerssen-test.odoo.rgbconsulting.com\/es\/#\/schema\/logo\/image\/"}}]}},"_links":{"self":[{"href":"https:\/\/wpguerssen-test.odoo.rgbconsulting.com\/es\/wp-json\/wp\/v2\/product\/237785","targetHints":{"allow":["GET"]}}],"collection":[{"href":"https:\/\/wpguerssen-test.odoo.rgbconsulting.com\/es\/wp-json\/wp\/v2\/product"}],"about":[{"href":"https:\/\/wpguerssen-test.odoo.rgbconsulting.com\/es\/wp-json\/wp\/v2\/types\/product"}],"wp:featuredmedia":[{"embeddable":true,"href":"https:\/\/wpguerssen-test.odoo.rgbconsulting.com\/es\/wp-json\/wp\/v2\/media\/233059"}],"wp:attachment":[{"href":"https:\/\/wpguerssen-test.odoo.rgbconsulting.com\/es\/wp-json\/wp\/v2\/media?parent=237785"}],"wp:term":[{"taxonomy":"product_brand","embeddable":true,"href":"https:\/\/wpguerssen-test.odoo.rgbconsulting.com\/es\/wp-json\/wp\/v2\/product_brand?post=237785"},{"taxonomy":"product_cat","embeddable":true,"href":"https:\/\/wpguerssen-test.odoo.rgbconsulting.com\/es\/wp-json\/wp\/v2\/product_cat?post=237785"},{"taxonomy":"product_tag","embeddable":true,"href":"https:\/\/wpguerssen-test.odoo.rgbconsulting.com\/es\/wp-json\/wp\/v2\/product_tag?post=237785"}],"curies":[{"name":"wp","href":"https:\/\/api.w.org\/{rel}","templated":true}]}}