{"id":237937,"date":"2023-07-25T00:00:00","date_gmt":"2023-07-24T22:00:00","guid":{"rendered":"https:\/\/wpguerssen-test.odoo.rgbconsulting.com\/product\/taste-clear\/"},"modified":"2025-01-09T15:25:13","modified_gmt":"2025-01-09T14:25:13","slug":"taste-clear","status":"publish","type":"product","link":"https:\/\/wpguerssen-test.odoo.rgbconsulting.com\/es\/producto\/taste-clear\/","title":{"rendered":"Taste (Clear)"},"content":{"rendered":"<p>El grupo experimental de las Midlands, The Telescopes, no era la banda promedio de los 80. En lugar de optar por tintineos de guitarra formulados, el grupo mezcl\u00f3 psicodelia, rock espacial, rock ruidoso e indie, con un toque de m\u00fasica de c\u00e1mara aqu\u00ed y all\u00e1. El \u00e1lbum debut Taste se considera su obra maestra, y con raz\u00f3n, el resultado \u00fanico que surge de la visi\u00f3n creativa del l\u00edder Stephen Lawrie. El ataque de la guitarra triple pone las cosas al l\u00edmite en algunos lugares, pero tambi\u00e9n hay momentos geniales de respiro. Una obra maestra absoluta de toda la era del shoegaze y uno de los LP m\u00e1s influyentes del rock alternativo de los 90. Sum\u00e9rgete, emp\u00e1pate y sorpr\u00e9ndete.<\/p>\n","protected":false},"excerpt":{"rendered":"<p>El grupo experimental de las Midlands, The Telescopes, no era la banda promedio de los 80. En lugar de optar por tintineos de guitarra formulados, el grupo mezcl\u00f3<a class=\"read\" href=\"https:\/\/wpguerssen-test.odoo.rgbconsulting.com\/es\/producto\/taste-clear\/\"> (...)<\/a>","protected":false},"featured_media":237916,"template":"","meta":{"_acf_changed":false},"product_brand":[],"product_cat":[23222,23234],"product_tag":[29140],"class_list":{"0":"post-237937","1":"product","2":"type-product","3":"status-publish","4":"has-post-thumbnail","6":"product_cat-goth-darkwave-minima-es","7":"product_cat-pop-rock-es","8":"product_tag-color-vinyl-es","9":"pa_artist-telescopes-the","10":"pa_format-lp-es","11":"pa_gender-pop-rock-goth-darkwave-minima","12":"pa_label-radiation","13":"pa_location-uk-ireland-es","14":"pa_other-filters-vinyl-only-es","16":"first","17":"instock","18":"taxable","19":"shipping-taxable","20":"purchasable","21":"product-type-simple"},"acf":[],"yoast_head":"<!-- This site is optimized with the Yoast SEO plugin v24.9 - https:\/\/yoast.com\/wordpress\/plugins\/seo\/ -->\n<title>TELESCOPES, The - Taste (Clear) -  (LP) | Guerssen<\/title>\n<meta name=\"description\" content=\"Midlands experimental group the Telescopes were not your average 80s band. Instead of opting for formulaic guitar jangles, the group mashed up psychedelia, space rock, noise rock and indie, with a touch of chamber music here and there. Debut album Taste is considered their masterpiece, and rightly so, the unique result stemming from frontman Stephen Lawrie&#039;s creative vision. The triple-guitar onslaught tips things over the edge in places, yet there are also cool moments of respite. An absolute masterpiece of the whole shoegaze era, and one of the most influential LPs in 90&#039;s alternative rock. Dive in, soak up and be amazed.\" \/>\n<meta name=\"robots\" content=\"index, follow, max-snippet:-1, max-image-preview:large, max-video-preview:-1\" \/>\n<link rel=\"canonical\" href=\"https:\/\/wpguerssen-test.odoo.rgbconsulting.com\/es\/producto\/taste-clear\/\" \/>\n<meta property=\"og:locale\" content=\"es_ES\" \/>\n<meta property=\"og:type\" content=\"article\" \/>\n<meta property=\"og:title\" content=\"TELESCOPES, The - Taste (Clear) -  (LP) | Guerssen\" \/>\n<meta property=\"og:description\" content=\"Midlands experimental group the Telescopes were not your average 80s band. Instead of opting for formulaic guitar jangles, the group mashed up psychedelia, space rock, noise rock and indie, with a touch of chamber music here and there. Debut album Taste is considered their masterpiece, and rightly so, the unique result stemming from frontman Stephen Lawrie&#039;s creative vision. The triple-guitar onslaught tips things over the edge in places, yet there are also cool moments of respite. An absolute masterpiece of the whole shoegaze era, and one of the most influential LPs in 90&#039;s alternative rock. Dive in, soak up and be amazed.\" \/>\n<meta property=\"og:url\" content=\"https:\/\/wpguerssen-test.odoo.rgbconsulting.com\/es\/producto\/taste-clear\/\" \/>\n<meta property=\"og:site_name\" content=\"Guerssen records\" \/>\n<meta property=\"article:modified_time\" content=\"2025-01-09T14:25:13+00:00\" \/>\n<meta property=\"og:image\" content=\"https:\/\/wpguerssen-test.odoo.rgbconsulting.com\/wp-content\/uploads\/2023\/06\/44875.jpg\" \/>\n\t<meta property=\"og:image:width\" content=\"886\" \/>\n\t<meta property=\"og:image:height\" content=\"886\" \/>\n\t<meta property=\"og:image:type\" content=\"image\/jpeg\" \/>\n<meta name=\"twitter:card\" content=\"summary_large_image\" \/>\n<meta name=\"twitter:title\" content=\"TELESCOPES, The - Taste (Clear) -  (LP) | Guerssen\" \/>\n<meta name=\"twitter:label1\" content=\"Tiempo de lectura\" \/>\n\t<meta name=\"twitter:data1\" content=\"1 minuto\" \/>\n<script type=\"application\/ld+json\" class=\"yoast-schema-graph\">{\"@context\":\"https:\/\/schema.org\",\"@graph\":[{\"@type\":\"WebPage\",\"@id\":\"https:\/\/wpguerssen-test.odoo.rgbconsulting.com\/es\/producto\/taste-clear\/\",\"url\":\"https:\/\/wpguerssen-test.odoo.rgbconsulting.com\/es\/producto\/taste-clear\/\",\"name\":\"TELESCOPES, The - Taste (Clear) - (LP) | Guerssen\",\"isPartOf\":{\"@id\":\"https:\/\/wpguerssen-test.odoo.rgbconsulting.com\/es\/#website\"},\"primaryImageOfPage\":{\"@id\":\"https:\/\/wpguerssen-test.odoo.rgbconsulting.com\/es\/producto\/taste-clear\/#primaryimage\"},\"image\":{\"@id\":\"https:\/\/wpguerssen-test.odoo.rgbconsulting.com\/es\/producto\/taste-clear\/#primaryimage\"},\"thumbnailUrl\":\"https:\/\/wpguerssen-test.odoo.rgbconsulting.com\/wp-content\/uploads\/2023\/06\/44875.jpg\",\"datePublished\":\"2023-07-24T22:00:00+00:00\",\"dateModified\":\"2025-01-09T14:25:13+00:00\",\"description\":\"Midlands experimental group the Telescopes were not your average 80s band. Instead of opting for formulaic guitar jangles, the group mashed up psychedelia, space rock, noise rock and indie, with a touch of chamber music here and there. Debut album Taste is considered their masterpiece, and rightly so, the unique result stemming from frontman Stephen Lawrie's creative vision. The triple-guitar onslaught tips things over the edge in places, yet there are also cool moments of respite. An absolute masterpiece of the whole shoegaze era, and one of the most influential LPs in 90's alternative rock. Dive in, soak up and be amazed.\",\"breadcrumb\":{\"@id\":\"https:\/\/wpguerssen-test.odoo.rgbconsulting.com\/es\/producto\/taste-clear\/#breadcrumb\"},\"inLanguage\":\"es\",\"potentialAction\":[{\"@type\":\"ReadAction\",\"target\":[\"https:\/\/wpguerssen-test.odoo.rgbconsulting.com\/es\/producto\/taste-clear\/\"]}]},{\"@type\":\"ImageObject\",\"inLanguage\":\"es\",\"@id\":\"https:\/\/wpguerssen-test.odoo.rgbconsulting.com\/es\/producto\/taste-clear\/#primaryimage\",\"url\":\"https:\/\/wpguerssen-test.odoo.rgbconsulting.com\/wp-content\/uploads\/2023\/06\/44875.jpg\",\"contentUrl\":\"https:\/\/wpguerssen-test.odoo.rgbconsulting.com\/wp-content\/uploads\/2023\/06\/44875.jpg\",\"width\":886,\"height\":886,\"caption\":\"The - Taste (Clear) - RADIATION (LP) | Guerssen\"},{\"@type\":\"BreadcrumbList\",\"@id\":\"https:\/\/wpguerssen-test.odoo.rgbconsulting.com\/es\/producto\/taste-clear\/#breadcrumb\",\"itemListElement\":[{\"@type\":\"ListItem\",\"position\":1,\"name\":\"Inicio\",\"item\":\"https:\/\/wpguerssen-test.odoo.rgbconsulting.com\/es\/\"},{\"@type\":\"ListItem\",\"position\":2,\"name\":\"Shop\",\"item\":\"https:\/\/wpguerssen-test.odoo.rgbconsulting.com\/shop\/\"},{\"@type\":\"ListItem\",\"position\":3,\"name\":\"Taste (Clear)\"}]},{\"@type\":\"WebSite\",\"@id\":\"https:\/\/wpguerssen-test.odoo.rgbconsulting.com\/es\/#website\",\"url\":\"https:\/\/wpguerssen-test.odoo.rgbconsulting.com\/es\/\",\"name\":\"Guerssen records\",\"description\":\"psychedelia - progressive - folk - garage \",\"publisher\":{\"@id\":\"https:\/\/wpguerssen-test.odoo.rgbconsulting.com\/es\/#organization\"},\"potentialAction\":[{\"@type\":\"SearchAction\",\"target\":{\"@type\":\"EntryPoint\",\"urlTemplate\":\"https:\/\/wpguerssen-test.odoo.rgbconsulting.com\/es\/?s={search_term_string}\"},\"query-input\":{\"@type\":\"PropertyValueSpecification\",\"valueRequired\":true,\"valueName\":\"search_term_string\"}}],\"inLanguage\":\"es\"},{\"@type\":\"Organization\",\"@id\":\"https:\/\/wpguerssen-test.odoo.rgbconsulting.com\/es\/#organization\",\"name\":\"Guerssen records\",\"url\":\"https:\/\/wpguerssen-test.odoo.rgbconsulting.com\/es\/\",\"logo\":{\"@type\":\"ImageObject\",\"inLanguage\":\"es\",\"@id\":\"https:\/\/wpguerssen-test.odoo.rgbconsulting.com\/es\/#\/schema\/logo\/image\/\",\"url\":\"https:\/\/wpguerssen-test.odoo.rgbconsulting.com\/wp-content\/uploads\/2022\/04\/Logo_Guerssen_trans_100.png\",\"contentUrl\":\"https:\/\/wpguerssen-test.odoo.rgbconsulting.com\/wp-content\/uploads\/2022\/04\/Logo_Guerssen_trans_100.png\",\"width\":122,\"height\":100,\"caption\":\"Guerssen records\"},\"image\":{\"@id\":\"https:\/\/wpguerssen-test.odoo.rgbconsulting.com\/es\/#\/schema\/logo\/image\/\"}}]}<\/script>\n<!-- \/ Yoast SEO plugin. -->","yoast_head_json":{"title":"TELESCOPES, The - Taste (Clear) -  (LP) | Guerssen","description":"Midlands experimental group the Telescopes were not your average 80s band. Instead of opting for formulaic guitar jangles, the group mashed up psychedelia, space rock, noise rock and indie, with a touch of chamber music here and there. Debut album Taste is considered their masterpiece, and rightly so, the unique result stemming from frontman Stephen Lawrie's creative vision. The triple-guitar onslaught tips things over the edge in places, yet there are also cool moments of respite. An absolute masterpiece of the whole shoegaze era, and one of the most influential LPs in 90's alternative rock. Dive in, soak up and be amazed.","robots":{"index":"index","follow":"follow","max-snippet":"max-snippet:-1","max-image-preview":"max-image-preview:large","max-video-preview":"max-video-preview:-1"},"canonical":"https:\/\/wpguerssen-test.odoo.rgbconsulting.com\/es\/producto\/taste-clear\/","og_locale":"es_ES","og_type":"article","og_title":"TELESCOPES, The - Taste (Clear) -  (LP) | Guerssen","og_description":"Midlands experimental group the Telescopes were not your average 80s band. Instead of opting for formulaic guitar jangles, the group mashed up psychedelia, space rock, noise rock and indie, with a touch of chamber music here and there. Debut album Taste is considered their masterpiece, and rightly so, the unique result stemming from frontman Stephen Lawrie's creative vision. The triple-guitar onslaught tips things over the edge in places, yet there are also cool moments of respite. An absolute masterpiece of the whole shoegaze era, and one of the most influential LPs in 90's alternative rock. Dive in, soak up and be amazed.","og_url":"https:\/\/wpguerssen-test.odoo.rgbconsulting.com\/es\/producto\/taste-clear\/","og_site_name":"Guerssen records","article_modified_time":"2025-01-09T14:25:13+00:00","og_image":[{"width":886,"height":886,"url":"https:\/\/wpguerssen-test.odoo.rgbconsulting.com\/wp-content\/uploads\/2023\/06\/44875.jpg","type":"image\/jpeg"}],"twitter_card":"summary_large_image","twitter_title":"TELESCOPES, The - Taste (Clear) -  (LP) | Guerssen","twitter_misc":{"Tiempo de lectura":"1 minuto"},"schema":{"@context":"https:\/\/schema.org","@graph":[{"@type":"WebPage","@id":"https:\/\/wpguerssen-test.odoo.rgbconsulting.com\/es\/producto\/taste-clear\/","url":"https:\/\/wpguerssen-test.odoo.rgbconsulting.com\/es\/producto\/taste-clear\/","name":"TELESCOPES, The - Taste (Clear) - (LP) | Guerssen","isPartOf":{"@id":"https:\/\/wpguerssen-test.odoo.rgbconsulting.com\/es\/#website"},"primaryImageOfPage":{"@id":"https:\/\/wpguerssen-test.odoo.rgbconsulting.com\/es\/producto\/taste-clear\/#primaryimage"},"image":{"@id":"https:\/\/wpguerssen-test.odoo.rgbconsulting.com\/es\/producto\/taste-clear\/#primaryimage"},"thumbnailUrl":"https:\/\/wpguerssen-test.odoo.rgbconsulting.com\/wp-content\/uploads\/2023\/06\/44875.jpg","datePublished":"2023-07-24T22:00:00+00:00","dateModified":"2025-01-09T14:25:13+00:00","description":"Midlands experimental group the Telescopes were not your average 80s band. Instead of opting for formulaic guitar jangles, the group mashed up psychedelia, space rock, noise rock and indie, with a touch of chamber music here and there. Debut album Taste is considered their masterpiece, and rightly so, the unique result stemming from frontman Stephen Lawrie's creative vision. The triple-guitar onslaught tips things over the edge in places, yet there are also cool moments of respite. An absolute masterpiece of the whole shoegaze era, and one of the most influential LPs in 90's alternative rock. Dive in, soak up and be amazed.","breadcrumb":{"@id":"https:\/\/wpguerssen-test.odoo.rgbconsulting.com\/es\/producto\/taste-clear\/#breadcrumb"},"inLanguage":"es","potentialAction":[{"@type":"ReadAction","target":["https:\/\/wpguerssen-test.odoo.rgbconsulting.com\/es\/producto\/taste-clear\/"]}]},{"@type":"ImageObject","inLanguage":"es","@id":"https:\/\/wpguerssen-test.odoo.rgbconsulting.com\/es\/producto\/taste-clear\/#primaryimage","url":"https:\/\/wpguerssen-test.odoo.rgbconsulting.com\/wp-content\/uploads\/2023\/06\/44875.jpg","contentUrl":"https:\/\/wpguerssen-test.odoo.rgbconsulting.com\/wp-content\/uploads\/2023\/06\/44875.jpg","width":886,"height":886,"caption":"The - Taste (Clear) - RADIATION (LP) | Guerssen"},{"@type":"BreadcrumbList","@id":"https:\/\/wpguerssen-test.odoo.rgbconsulting.com\/es\/producto\/taste-clear\/#breadcrumb","itemListElement":[{"@type":"ListItem","position":1,"name":"Inicio","item":"https:\/\/wpguerssen-test.odoo.rgbconsulting.com\/es\/"},{"@type":"ListItem","position":2,"name":"Shop","item":"https:\/\/wpguerssen-test.odoo.rgbconsulting.com\/shop\/"},{"@type":"ListItem","position":3,"name":"Taste (Clear)"}]},{"@type":"WebSite","@id":"https:\/\/wpguerssen-test.odoo.rgbconsulting.com\/es\/#website","url":"https:\/\/wpguerssen-test.odoo.rgbconsulting.com\/es\/","name":"Guerssen records","description":"psychedelia - progressive - folk - garage ","publisher":{"@id":"https:\/\/wpguerssen-test.odoo.rgbconsulting.com\/es\/#organization"},"potentialAction":[{"@type":"SearchAction","target":{"@type":"EntryPoint","urlTemplate":"https:\/\/wpguerssen-test.odoo.rgbconsulting.com\/es\/?s={search_term_string}"},"query-input":{"@type":"PropertyValueSpecification","valueRequired":true,"valueName":"search_term_string"}}],"inLanguage":"es"},{"@type":"Organization","@id":"https:\/\/wpguerssen-test.odoo.rgbconsulting.com\/es\/#organization","name":"Guerssen records","url":"https:\/\/wpguerssen-test.odoo.rgbconsulting.com\/es\/","logo":{"@type":"ImageObject","inLanguage":"es","@id":"https:\/\/wpguerssen-test.odoo.rgbconsulting.com\/es\/#\/schema\/logo\/image\/","url":"https:\/\/wpguerssen-test.odoo.rgbconsulting.com\/wp-content\/uploads\/2022\/04\/Logo_Guerssen_trans_100.png","contentUrl":"https:\/\/wpguerssen-test.odoo.rgbconsulting.com\/wp-content\/uploads\/2022\/04\/Logo_Guerssen_trans_100.png","width":122,"height":100,"caption":"Guerssen records"},"image":{"@id":"https:\/\/wpguerssen-test.odoo.rgbconsulting.com\/es\/#\/schema\/logo\/image\/"}}]}},"_links":{"self":[{"href":"https:\/\/wpguerssen-test.odoo.rgbconsulting.com\/es\/wp-json\/wp\/v2\/product\/237937","targetHints":{"allow":["GET"]}}],"collection":[{"href":"https:\/\/wpguerssen-test.odoo.rgbconsulting.com\/es\/wp-json\/wp\/v2\/product"}],"about":[{"href":"https:\/\/wpguerssen-test.odoo.rgbconsulting.com\/es\/wp-json\/wp\/v2\/types\/product"}],"wp:featuredmedia":[{"embeddable":true,"href":"https:\/\/wpguerssen-test.odoo.rgbconsulting.com\/es\/wp-json\/wp\/v2\/media\/237916"}],"wp:attachment":[{"href":"https:\/\/wpguerssen-test.odoo.rgbconsulting.com\/es\/wp-json\/wp\/v2\/media?parent=237937"}],"wp:term":[{"taxonomy":"product_brand","embeddable":true,"href":"https:\/\/wpguerssen-test.odoo.rgbconsulting.com\/es\/wp-json\/wp\/v2\/product_brand?post=237937"},{"taxonomy":"product_cat","embeddable":true,"href":"https:\/\/wpguerssen-test.odoo.rgbconsulting.com\/es\/wp-json\/wp\/v2\/product_cat?post=237937"},{"taxonomy":"product_tag","embeddable":true,"href":"https:\/\/wpguerssen-test.odoo.rgbconsulting.com\/es\/wp-json\/wp\/v2\/product_tag?post=237937"}],"curies":[{"name":"wp","href":"https:\/\/api.w.org\/{rel}","templated":true}]}}