{"id":238012,"date":"2023-08-21T00:00:00","date_gmt":"2023-08-20T22:00:00","guid":{"rendered":"https:\/\/wpguerssen-test.odoo.rgbconsulting.com\/product\/dreamworld-fantasies\/"},"modified":"2024-05-08T09:25:59","modified_gmt":"2024-05-08T07:25:59","slug":"dreamworld-fantasies","status":"publish","type":"product","link":"https:\/\/wpguerssen-test.odoo.rgbconsulting.com\/es\/producto\/dreamworld-fantasies\/","title":{"rendered":"Dreamworld Fantasies"},"content":{"rendered":"<p>Bill Brown produjo una gran cantidad de \u00e9xitos de soul y funk en los a\u00f1os 70 bajo varias formas. Para este lanzamiento, P-VINE est\u00e1 lanzando una rara colecci\u00f3n de sencillos de algunos de sus \u00e9xitos funk m\u00e1s preciados bajo su apodo de Bill Brown and the Soul Injection. No te pierdas esta oportunidad de recoger una maravillosa colecci\u00f3n de rarezas previamente perdidas para el mundo de un maestro del funk y el soul.<\/p>\n","protected":false},"excerpt":{"rendered":"<p>Bill Brown produjo una gran cantidad de \u00e9xitos de soul y funk en los a\u00f1os 70 bajo varias formas. Para este lanzamiento, P-VINE est\u00e1 lanzando una rara colecci\u00f3n<a class=\"read\" href=\"https:\/\/wpguerssen-test.odoo.rgbconsulting.com\/es\/producto\/dreamworld-fantasies\/\"> (...)<\/a>","protected":false},"featured_media":238068,"template":"","meta":{"_acf_changed":false},"product_brand":[],"product_cat":[21649,23219],"product_tag":[],"class_list":{"0":"post-238012","1":"product","2":"type-product","3":"status-publish","4":"has-post-thumbnail","6":"product_cat-soul-rnb-es","7":"product_cat-funk-es","8":"pa_artist-brown-bill-soul-injection","9":"pa_format-lp-es","10":"pa_gender-soul-rnb-funk","11":"pa_label-p-vine","12":"pa_location-north-america-es","13":"pa_other-filters-vinyl-only-es","15":"first","16":"instock","17":"taxable","18":"shipping-taxable","19":"purchasable","20":"product-type-simple"},"acf":[],"yoast_head":"<!-- This site is optimized with the Yoast SEO plugin v24.9 - https:\/\/yoast.com\/wordpress\/plugins\/seo\/ -->\n<title>BROWN, Bill &amp; SOUL INJECTION - Dreamworld Fantasies -  (LP) | Guerssen<\/title>\n<meta name=\"description\" content=\"The brains behind People&#039;s Pleasure&#039;s soul classic, &quot;Do You Hear Me Talking To You?&quot;, Bill Brown produced a slew of soul and funk hits in the 70s under a number of guises. For this release, P-VINE is releasing a rare singles collection of some of his most prized funk hits under his Bill Brown and the Soul Injection moniker. His rich multi-layered vocals are at the forefront of &quot;Time after Time&quot;, the previously unissued opener to this collection, and the following tracks go from strength to strength with the pulsating modern soul track &quot;Love Under The Apple Tree&quot; and the cross-over title-track &quot;Dreamworld Fantasies&quot;. Don&#039;t miss out on this opportunity to pick up a wonderful collection of rarities previously lost to the world from a master of funk and soul.\" \/>\n<meta name=\"robots\" content=\"index, follow, max-snippet:-1, max-image-preview:large, max-video-preview:-1\" \/>\n<link rel=\"canonical\" href=\"https:\/\/wpguerssen-test.odoo.rgbconsulting.com\/es\/producto\/dreamworld-fantasies\/\" \/>\n<meta property=\"og:locale\" content=\"es_ES\" \/>\n<meta property=\"og:type\" content=\"article\" \/>\n<meta property=\"og:title\" content=\"BROWN, Bill &amp; SOUL INJECTION - Dreamworld Fantasies -  (LP) | Guerssen\" \/>\n<meta property=\"og:description\" content=\"The brains behind People&#039;s Pleasure&#039;s soul classic, &quot;Do You Hear Me Talking To You?&quot;, Bill Brown produced a slew of soul and funk hits in the 70s under a number of guises. For this release, P-VINE is releasing a rare singles collection of some of his most prized funk hits under his Bill Brown and the Soul Injection moniker. His rich multi-layered vocals are at the forefront of &quot;Time after Time&quot;, the previously unissued opener to this collection, and the following tracks go from strength to strength with the pulsating modern soul track &quot;Love Under The Apple Tree&quot; and the cross-over title-track &quot;Dreamworld Fantasies&quot;. Don&#039;t miss out on this opportunity to pick up a wonderful collection of rarities previously lost to the world from a master of funk and soul.\" \/>\n<meta property=\"og:url\" content=\"https:\/\/wpguerssen-test.odoo.rgbconsulting.com\/es\/producto\/dreamworld-fantasies\/\" \/>\n<meta property=\"og:site_name\" content=\"Guerssen records\" \/>\n<meta property=\"article:modified_time\" content=\"2024-05-08T07:25:59+00:00\" \/>\n<meta property=\"og:image\" content=\"https:\/\/wpguerssen-test.odoo.rgbconsulting.com\/wp-content\/uploads\/2023\/06\/44882.jpg\" \/>\n\t<meta property=\"og:image:width\" content=\"700\" \/>\n\t<meta property=\"og:image:height\" content=\"700\" \/>\n\t<meta property=\"og:image:type\" content=\"image\/jpeg\" \/>\n<meta name=\"twitter:card\" content=\"summary_large_image\" \/>\n<meta name=\"twitter:title\" content=\"BROWN, Bill &amp; SOUL INJECTION - Dreamworld Fantasies -  (LP) | Guerssen\" \/>\n<script type=\"application\/ld+json\" class=\"yoast-schema-graph\">{\"@context\":\"https:\/\/schema.org\",\"@graph\":[{\"@type\":\"WebPage\",\"@id\":\"https:\/\/wpguerssen-test.odoo.rgbconsulting.com\/es\/producto\/dreamworld-fantasies\/\",\"url\":\"https:\/\/wpguerssen-test.odoo.rgbconsulting.com\/es\/producto\/dreamworld-fantasies\/\",\"name\":\"BROWN, Bill & SOUL INJECTION - Dreamworld Fantasies - (LP) | Guerssen\",\"isPartOf\":{\"@id\":\"https:\/\/wpguerssen-test.odoo.rgbconsulting.com\/es\/#website\"},\"primaryImageOfPage\":{\"@id\":\"https:\/\/wpguerssen-test.odoo.rgbconsulting.com\/es\/producto\/dreamworld-fantasies\/#primaryimage\"},\"image\":{\"@id\":\"https:\/\/wpguerssen-test.odoo.rgbconsulting.com\/es\/producto\/dreamworld-fantasies\/#primaryimage\"},\"thumbnailUrl\":\"https:\/\/wpguerssen-test.odoo.rgbconsulting.com\/wp-content\/uploads\/2023\/06\/44882.jpg\",\"datePublished\":\"2023-08-20T22:00:00+00:00\",\"dateModified\":\"2024-05-08T07:25:59+00:00\",\"description\":\"The brains behind People's Pleasure's soul classic, \\\"Do You Hear Me Talking To You?\\\", Bill Brown produced a slew of soul and funk hits in the 70s under a number of guises. For this release, P-VINE is releasing a rare singles collection of some of his most prized funk hits under his Bill Brown and the Soul Injection moniker. His rich multi-layered vocals are at the forefront of \\\"Time after Time\\\", the previously unissued opener to this collection, and the following tracks go from strength to strength with the pulsating modern soul track \\\"Love Under The Apple Tree\\\" and the cross-over title-track \\\"Dreamworld Fantasies\\\". Don't miss out on this opportunity to pick up a wonderful collection of rarities previously lost to the world from a master of funk and soul.\",\"breadcrumb\":{\"@id\":\"https:\/\/wpguerssen-test.odoo.rgbconsulting.com\/es\/producto\/dreamworld-fantasies\/#breadcrumb\"},\"inLanguage\":\"es\",\"potentialAction\":[{\"@type\":\"ReadAction\",\"target\":[\"https:\/\/wpguerssen-test.odoo.rgbconsulting.com\/es\/producto\/dreamworld-fantasies\/\"]}]},{\"@type\":\"ImageObject\",\"inLanguage\":\"es\",\"@id\":\"https:\/\/wpguerssen-test.odoo.rgbconsulting.com\/es\/producto\/dreamworld-fantasies\/#primaryimage\",\"url\":\"https:\/\/wpguerssen-test.odoo.rgbconsulting.com\/wp-content\/uploads\/2023\/06\/44882.jpg\",\"contentUrl\":\"https:\/\/wpguerssen-test.odoo.rgbconsulting.com\/wp-content\/uploads\/2023\/06\/44882.jpg\",\"width\":700,\"height\":700,\"caption\":\"Bill & SOUL INJECTION - Dreamworld Fantasies - P-VINE (LP) | Guerssen\"},{\"@type\":\"BreadcrumbList\",\"@id\":\"https:\/\/wpguerssen-test.odoo.rgbconsulting.com\/es\/producto\/dreamworld-fantasies\/#breadcrumb\",\"itemListElement\":[{\"@type\":\"ListItem\",\"position\":1,\"name\":\"Inicio\",\"item\":\"https:\/\/wpguerssen-test.odoo.rgbconsulting.com\/es\/\"},{\"@type\":\"ListItem\",\"position\":2,\"name\":\"Shop\",\"item\":\"https:\/\/wpguerssen-test.odoo.rgbconsulting.com\/shop\/\"},{\"@type\":\"ListItem\",\"position\":3,\"name\":\"Dreamworld Fantasies\"}]},{\"@type\":\"WebSite\",\"@id\":\"https:\/\/wpguerssen-test.odoo.rgbconsulting.com\/es\/#website\",\"url\":\"https:\/\/wpguerssen-test.odoo.rgbconsulting.com\/es\/\",\"name\":\"Guerssen records\",\"description\":\"psychedelia - progressive - folk - garage \",\"publisher\":{\"@id\":\"https:\/\/wpguerssen-test.odoo.rgbconsulting.com\/es\/#organization\"},\"potentialAction\":[{\"@type\":\"SearchAction\",\"target\":{\"@type\":\"EntryPoint\",\"urlTemplate\":\"https:\/\/wpguerssen-test.odoo.rgbconsulting.com\/es\/?s={search_term_string}\"},\"query-input\":{\"@type\":\"PropertyValueSpecification\",\"valueRequired\":true,\"valueName\":\"search_term_string\"}}],\"inLanguage\":\"es\"},{\"@type\":\"Organization\",\"@id\":\"https:\/\/wpguerssen-test.odoo.rgbconsulting.com\/es\/#organization\",\"name\":\"Guerssen records\",\"url\":\"https:\/\/wpguerssen-test.odoo.rgbconsulting.com\/es\/\",\"logo\":{\"@type\":\"ImageObject\",\"inLanguage\":\"es\",\"@id\":\"https:\/\/wpguerssen-test.odoo.rgbconsulting.com\/es\/#\/schema\/logo\/image\/\",\"url\":\"https:\/\/wpguerssen-test.odoo.rgbconsulting.com\/wp-content\/uploads\/2022\/04\/Logo_Guerssen_trans_100.png\",\"contentUrl\":\"https:\/\/wpguerssen-test.odoo.rgbconsulting.com\/wp-content\/uploads\/2022\/04\/Logo_Guerssen_trans_100.png\",\"width\":122,\"height\":100,\"caption\":\"Guerssen records\"},\"image\":{\"@id\":\"https:\/\/wpguerssen-test.odoo.rgbconsulting.com\/es\/#\/schema\/logo\/image\/\"}}]}<\/script>\n<!-- \/ Yoast SEO plugin. -->","yoast_head_json":{"title":"BROWN, Bill & SOUL INJECTION - Dreamworld Fantasies -  (LP) | Guerssen","description":"The brains behind People's Pleasure's soul classic, \"Do You Hear Me Talking To You?\", Bill Brown produced a slew of soul and funk hits in the 70s under a number of guises. For this release, P-VINE is releasing a rare singles collection of some of his most prized funk hits under his Bill Brown and the Soul Injection moniker. His rich multi-layered vocals are at the forefront of \"Time after Time\", the previously unissued opener to this collection, and the following tracks go from strength to strength with the pulsating modern soul track \"Love Under The Apple Tree\" and the cross-over title-track \"Dreamworld Fantasies\". Don't miss out on this opportunity to pick up a wonderful collection of rarities previously lost to the world from a master of funk and soul.","robots":{"index":"index","follow":"follow","max-snippet":"max-snippet:-1","max-image-preview":"max-image-preview:large","max-video-preview":"max-video-preview:-1"},"canonical":"https:\/\/wpguerssen-test.odoo.rgbconsulting.com\/es\/producto\/dreamworld-fantasies\/","og_locale":"es_ES","og_type":"article","og_title":"BROWN, Bill & SOUL INJECTION - Dreamworld Fantasies -  (LP) | Guerssen","og_description":"The brains behind People's Pleasure's soul classic, \"Do You Hear Me Talking To You?\", Bill Brown produced a slew of soul and funk hits in the 70s under a number of guises. For this release, P-VINE is releasing a rare singles collection of some of his most prized funk hits under his Bill Brown and the Soul Injection moniker. His rich multi-layered vocals are at the forefront of \"Time after Time\", the previously unissued opener to this collection, and the following tracks go from strength to strength with the pulsating modern soul track \"Love Under The Apple Tree\" and the cross-over title-track \"Dreamworld Fantasies\". Don't miss out on this opportunity to pick up a wonderful collection of rarities previously lost to the world from a master of funk and soul.","og_url":"https:\/\/wpguerssen-test.odoo.rgbconsulting.com\/es\/producto\/dreamworld-fantasies\/","og_site_name":"Guerssen records","article_modified_time":"2024-05-08T07:25:59+00:00","og_image":[{"width":700,"height":700,"url":"https:\/\/wpguerssen-test.odoo.rgbconsulting.com\/wp-content\/uploads\/2023\/06\/44882.jpg","type":"image\/jpeg"}],"twitter_card":"summary_large_image","twitter_title":"BROWN, Bill & SOUL INJECTION - Dreamworld Fantasies -  (LP) | Guerssen","schema":{"@context":"https:\/\/schema.org","@graph":[{"@type":"WebPage","@id":"https:\/\/wpguerssen-test.odoo.rgbconsulting.com\/es\/producto\/dreamworld-fantasies\/","url":"https:\/\/wpguerssen-test.odoo.rgbconsulting.com\/es\/producto\/dreamworld-fantasies\/","name":"BROWN, Bill & SOUL INJECTION - Dreamworld Fantasies - (LP) | Guerssen","isPartOf":{"@id":"https:\/\/wpguerssen-test.odoo.rgbconsulting.com\/es\/#website"},"primaryImageOfPage":{"@id":"https:\/\/wpguerssen-test.odoo.rgbconsulting.com\/es\/producto\/dreamworld-fantasies\/#primaryimage"},"image":{"@id":"https:\/\/wpguerssen-test.odoo.rgbconsulting.com\/es\/producto\/dreamworld-fantasies\/#primaryimage"},"thumbnailUrl":"https:\/\/wpguerssen-test.odoo.rgbconsulting.com\/wp-content\/uploads\/2023\/06\/44882.jpg","datePublished":"2023-08-20T22:00:00+00:00","dateModified":"2024-05-08T07:25:59+00:00","description":"The brains behind People's Pleasure's soul classic, \"Do You Hear Me Talking To You?\", Bill Brown produced a slew of soul and funk hits in the 70s under a number of guises. For this release, P-VINE is releasing a rare singles collection of some of his most prized funk hits under his Bill Brown and the Soul Injection moniker. His rich multi-layered vocals are at the forefront of \"Time after Time\", the previously unissued opener to this collection, and the following tracks go from strength to strength with the pulsating modern soul track \"Love Under The Apple Tree\" and the cross-over title-track \"Dreamworld Fantasies\". Don't miss out on this opportunity to pick up a wonderful collection of rarities previously lost to the world from a master of funk and soul.","breadcrumb":{"@id":"https:\/\/wpguerssen-test.odoo.rgbconsulting.com\/es\/producto\/dreamworld-fantasies\/#breadcrumb"},"inLanguage":"es","potentialAction":[{"@type":"ReadAction","target":["https:\/\/wpguerssen-test.odoo.rgbconsulting.com\/es\/producto\/dreamworld-fantasies\/"]}]},{"@type":"ImageObject","inLanguage":"es","@id":"https:\/\/wpguerssen-test.odoo.rgbconsulting.com\/es\/producto\/dreamworld-fantasies\/#primaryimage","url":"https:\/\/wpguerssen-test.odoo.rgbconsulting.com\/wp-content\/uploads\/2023\/06\/44882.jpg","contentUrl":"https:\/\/wpguerssen-test.odoo.rgbconsulting.com\/wp-content\/uploads\/2023\/06\/44882.jpg","width":700,"height":700,"caption":"Bill & SOUL INJECTION - Dreamworld Fantasies - P-VINE (LP) | Guerssen"},{"@type":"BreadcrumbList","@id":"https:\/\/wpguerssen-test.odoo.rgbconsulting.com\/es\/producto\/dreamworld-fantasies\/#breadcrumb","itemListElement":[{"@type":"ListItem","position":1,"name":"Inicio","item":"https:\/\/wpguerssen-test.odoo.rgbconsulting.com\/es\/"},{"@type":"ListItem","position":2,"name":"Shop","item":"https:\/\/wpguerssen-test.odoo.rgbconsulting.com\/shop\/"},{"@type":"ListItem","position":3,"name":"Dreamworld Fantasies"}]},{"@type":"WebSite","@id":"https:\/\/wpguerssen-test.odoo.rgbconsulting.com\/es\/#website","url":"https:\/\/wpguerssen-test.odoo.rgbconsulting.com\/es\/","name":"Guerssen records","description":"psychedelia - progressive - folk - garage ","publisher":{"@id":"https:\/\/wpguerssen-test.odoo.rgbconsulting.com\/es\/#organization"},"potentialAction":[{"@type":"SearchAction","target":{"@type":"EntryPoint","urlTemplate":"https:\/\/wpguerssen-test.odoo.rgbconsulting.com\/es\/?s={search_term_string}"},"query-input":{"@type":"PropertyValueSpecification","valueRequired":true,"valueName":"search_term_string"}}],"inLanguage":"es"},{"@type":"Organization","@id":"https:\/\/wpguerssen-test.odoo.rgbconsulting.com\/es\/#organization","name":"Guerssen records","url":"https:\/\/wpguerssen-test.odoo.rgbconsulting.com\/es\/","logo":{"@type":"ImageObject","inLanguage":"es","@id":"https:\/\/wpguerssen-test.odoo.rgbconsulting.com\/es\/#\/schema\/logo\/image\/","url":"https:\/\/wpguerssen-test.odoo.rgbconsulting.com\/wp-content\/uploads\/2022\/04\/Logo_Guerssen_trans_100.png","contentUrl":"https:\/\/wpguerssen-test.odoo.rgbconsulting.com\/wp-content\/uploads\/2022\/04\/Logo_Guerssen_trans_100.png","width":122,"height":100,"caption":"Guerssen records"},"image":{"@id":"https:\/\/wpguerssen-test.odoo.rgbconsulting.com\/es\/#\/schema\/logo\/image\/"}}]}},"_links":{"self":[{"href":"https:\/\/wpguerssen-test.odoo.rgbconsulting.com\/es\/wp-json\/wp\/v2\/product\/238012","targetHints":{"allow":["GET"]}}],"collection":[{"href":"https:\/\/wpguerssen-test.odoo.rgbconsulting.com\/es\/wp-json\/wp\/v2\/product"}],"about":[{"href":"https:\/\/wpguerssen-test.odoo.rgbconsulting.com\/es\/wp-json\/wp\/v2\/types\/product"}],"wp:featuredmedia":[{"embeddable":true,"href":"https:\/\/wpguerssen-test.odoo.rgbconsulting.com\/es\/wp-json\/wp\/v2\/media\/238068"}],"wp:attachment":[{"href":"https:\/\/wpguerssen-test.odoo.rgbconsulting.com\/es\/wp-json\/wp\/v2\/media?parent=238012"}],"wp:term":[{"taxonomy":"product_brand","embeddable":true,"href":"https:\/\/wpguerssen-test.odoo.rgbconsulting.com\/es\/wp-json\/wp\/v2\/product_brand?post=238012"},{"taxonomy":"product_cat","embeddable":true,"href":"https:\/\/wpguerssen-test.odoo.rgbconsulting.com\/es\/wp-json\/wp\/v2\/product_cat?post=238012"},{"taxonomy":"product_tag","embeddable":true,"href":"https:\/\/wpguerssen-test.odoo.rgbconsulting.com\/es\/wp-json\/wp\/v2\/product_tag?post=238012"}],"curies":[{"name":"wp","href":"https:\/\/api.w.org\/{rel}","templated":true}]}}