{"id":238014,"date":"2023-08-21T00:00:00","date_gmt":"2023-08-20T22:00:00","guid":{"rendered":"https:\/\/wpguerssen-test.odoo.rgbconsulting.com\/product\/introducing-the-brief-encounter\/"},"modified":"2024-02-22T13:47:40","modified_gmt":"2024-02-22T12:47:40","slug":"introducing-the-brief-encounter","status":"publish","type":"product","link":"https:\/\/wpguerssen-test.odoo.rgbconsulting.com\/es\/producto\/introducing-the-brief-encounter\/","title":{"rendered":"Introducing &#8211; The Brief Encounter"},"content":{"rendered":"<p>Inmediatamente despu\u00e9s de anunciar una colecci\u00f3n de sencillos del grupo de funk y soul de Carolina del Norte, P-VINE Records se enorgullece de reeditar el \u00e1lbum debut de Brief Encounter Introducing &#8211; The Brief Encounter por primera vez en once a\u00f1os. Un favorito muy querido entre los fan\u00e1ticos de RARE GROOVE, este \u00e1lbum fue lanzado originalmente en 1977 en Seventy Seven Records, donde pas\u00f3 la mayor parte de 30 a\u00f1os acumulando precios intocables en el mercado de segunda mano. Con su primera reedici\u00f3n en 2010, muchos fan\u00e1ticos finalmente pudieron subirse a bordo del viaje de placer, y con esos discos ahora convirti\u00e9ndose en una rareza.<\/p>\n","protected":false},"excerpt":{"rendered":"<p>Inmediatamente despu\u00e9s de anunciar una colecci\u00f3n de sencillos del grupo de funk y soul de Carolina del Norte, P-VINE Records se enorgullece de reeditar el \u00e1lbum<a class=\"read\" href=\"https:\/\/wpguerssen-test.odoo.rgbconsulting.com\/es\/producto\/introducing-the-brief-encounter\/\"> (...)<\/a>","protected":false},"featured_media":238070,"template":"","meta":{"_acf_changed":false},"product_brand":[],"product_cat":[21649,23219],"product_tag":[],"class_list":{"0":"post-238014","1":"product","2":"type-product","3":"status-publish","4":"has-post-thumbnail","6":"product_cat-soul-rnb-es","7":"product_cat-funk-es","8":"pa_artist-brief-encounter","9":"pa_format-lp-es","10":"pa_gender-soul-rnb-funk","11":"pa_label-p-vine","12":"pa_location-north-america-es","13":"pa_other-filters-vinyl-only-es","15":"first","16":"instock","17":"taxable","18":"shipping-taxable","19":"purchasable","20":"product-type-simple"},"acf":[],"yoast_head":"<!-- This site is optimized with the Yoast SEO plugin v24.9 - https:\/\/yoast.com\/wordpress\/plugins\/seo\/ -->\n<title>BRIEF ENCOUNTER - Introducing - The Brief Encounter -  (LP) | Guerssen<\/title>\n<meta name=\"description\" content=\"Hot on the heels of announcing a singles collection from the North Carolina funk and soul group, P-VINE Records is proud to be repressing Brief Encounter&#039;s debut album Introducing - The Brief Encounter for the first time in eleven years. A much-loved favourite among RARE GROOVE fans, this album was originally released in 1977 on Seventy Seven Records where it spent the better part of 30 years amassing untouchable prices on the second-hand market. With its first reissue in 2010, many fans were finally able to hop on board the pleasure-bound trip, and with those records now becoming a rarity, a second repress was always on the cards.\" \/>\n<meta name=\"robots\" content=\"index, follow, max-snippet:-1, max-image-preview:large, max-video-preview:-1\" \/>\n<link rel=\"canonical\" href=\"https:\/\/wpguerssen-test.odoo.rgbconsulting.com\/es\/producto\/introducing-the-brief-encounter\/\" \/>\n<meta property=\"og:locale\" content=\"es_ES\" \/>\n<meta property=\"og:type\" content=\"article\" \/>\n<meta property=\"og:title\" content=\"BRIEF ENCOUNTER - Introducing - The Brief Encounter -  (LP) | Guerssen\" \/>\n<meta property=\"og:description\" content=\"Hot on the heels of announcing a singles collection from the North Carolina funk and soul group, P-VINE Records is proud to be repressing Brief Encounter&#039;s debut album Introducing - The Brief Encounter for the first time in eleven years. A much-loved favourite among RARE GROOVE fans, this album was originally released in 1977 on Seventy Seven Records where it spent the better part of 30 years amassing untouchable prices on the second-hand market. With its first reissue in 2010, many fans were finally able to hop on board the pleasure-bound trip, and with those records now becoming a rarity, a second repress was always on the cards.\" \/>\n<meta property=\"og:url\" content=\"https:\/\/wpguerssen-test.odoo.rgbconsulting.com\/es\/producto\/introducing-the-brief-encounter\/\" \/>\n<meta property=\"og:site_name\" content=\"Guerssen records\" \/>\n<meta property=\"article:modified_time\" content=\"2024-02-22T12:47:40+00:00\" \/>\n<meta property=\"og:image\" content=\"https:\/\/wpguerssen-test.odoo.rgbconsulting.com\/wp-content\/uploads\/2023\/06\/44884-scaled.jpg\" \/>\n\t<meta property=\"og:image:width\" content=\"2560\" \/>\n\t<meta property=\"og:image:height\" content=\"2560\" \/>\n\t<meta property=\"og:image:type\" content=\"image\/jpeg\" \/>\n<meta name=\"twitter:card\" content=\"summary_large_image\" \/>\n<meta name=\"twitter:title\" content=\"BRIEF ENCOUNTER - Introducing - The Brief Encounter -  (LP) | Guerssen\" \/>\n<meta name=\"twitter:label1\" content=\"Tiempo de lectura\" \/>\n\t<meta name=\"twitter:data1\" content=\"1 minuto\" \/>\n<script type=\"application\/ld+json\" class=\"yoast-schema-graph\">{\"@context\":\"https:\/\/schema.org\",\"@graph\":[{\"@type\":\"WebPage\",\"@id\":\"https:\/\/wpguerssen-test.odoo.rgbconsulting.com\/es\/producto\/introducing-the-brief-encounter\/\",\"url\":\"https:\/\/wpguerssen-test.odoo.rgbconsulting.com\/es\/producto\/introducing-the-brief-encounter\/\",\"name\":\"BRIEF ENCOUNTER - Introducing - The Brief Encounter - (LP) | Guerssen\",\"isPartOf\":{\"@id\":\"https:\/\/wpguerssen-test.odoo.rgbconsulting.com\/es\/#website\"},\"primaryImageOfPage\":{\"@id\":\"https:\/\/wpguerssen-test.odoo.rgbconsulting.com\/es\/producto\/introducing-the-brief-encounter\/#primaryimage\"},\"image\":{\"@id\":\"https:\/\/wpguerssen-test.odoo.rgbconsulting.com\/es\/producto\/introducing-the-brief-encounter\/#primaryimage\"},\"thumbnailUrl\":\"https:\/\/wpguerssen-test.odoo.rgbconsulting.com\/wp-content\/uploads\/2023\/06\/44884-scaled.jpg\",\"datePublished\":\"2023-08-20T22:00:00+00:00\",\"dateModified\":\"2024-02-22T12:47:40+00:00\",\"description\":\"Hot on the heels of announcing a singles collection from the North Carolina funk and soul group, P-VINE Records is proud to be repressing Brief Encounter's debut album Introducing - The Brief Encounter for the first time in eleven years. A much-loved favourite among RARE GROOVE fans, this album was originally released in 1977 on Seventy Seven Records where it spent the better part of 30 years amassing untouchable prices on the second-hand market. With its first reissue in 2010, many fans were finally able to hop on board the pleasure-bound trip, and with those records now becoming a rarity, a second repress was always on the cards.\",\"breadcrumb\":{\"@id\":\"https:\/\/wpguerssen-test.odoo.rgbconsulting.com\/es\/producto\/introducing-the-brief-encounter\/#breadcrumb\"},\"inLanguage\":\"es\",\"potentialAction\":[{\"@type\":\"ReadAction\",\"target\":[\"https:\/\/wpguerssen-test.odoo.rgbconsulting.com\/es\/producto\/introducing-the-brief-encounter\/\"]}]},{\"@type\":\"ImageObject\",\"inLanguage\":\"es\",\"@id\":\"https:\/\/wpguerssen-test.odoo.rgbconsulting.com\/es\/producto\/introducing-the-brief-encounter\/#primaryimage\",\"url\":\"https:\/\/wpguerssen-test.odoo.rgbconsulting.com\/wp-content\/uploads\/2023\/06\/44884-scaled.jpg\",\"contentUrl\":\"https:\/\/wpguerssen-test.odoo.rgbconsulting.com\/wp-content\/uploads\/2023\/06\/44884-scaled.jpg\",\"width\":2560,\"height\":2560},{\"@type\":\"BreadcrumbList\",\"@id\":\"https:\/\/wpguerssen-test.odoo.rgbconsulting.com\/es\/producto\/introducing-the-brief-encounter\/#breadcrumb\",\"itemListElement\":[{\"@type\":\"ListItem\",\"position\":1,\"name\":\"Inicio\",\"item\":\"https:\/\/wpguerssen-test.odoo.rgbconsulting.com\/es\/\"},{\"@type\":\"ListItem\",\"position\":2,\"name\":\"Shop\",\"item\":\"https:\/\/wpguerssen-test.odoo.rgbconsulting.com\/shop\/\"},{\"@type\":\"ListItem\",\"position\":3,\"name\":\"Introducing &#8211; The Brief Encounter\"}]},{\"@type\":\"WebSite\",\"@id\":\"https:\/\/wpguerssen-test.odoo.rgbconsulting.com\/es\/#website\",\"url\":\"https:\/\/wpguerssen-test.odoo.rgbconsulting.com\/es\/\",\"name\":\"Guerssen records\",\"description\":\"psychedelia - progressive - folk - garage \",\"publisher\":{\"@id\":\"https:\/\/wpguerssen-test.odoo.rgbconsulting.com\/es\/#organization\"},\"potentialAction\":[{\"@type\":\"SearchAction\",\"target\":{\"@type\":\"EntryPoint\",\"urlTemplate\":\"https:\/\/wpguerssen-test.odoo.rgbconsulting.com\/es\/?s={search_term_string}\"},\"query-input\":{\"@type\":\"PropertyValueSpecification\",\"valueRequired\":true,\"valueName\":\"search_term_string\"}}],\"inLanguage\":\"es\"},{\"@type\":\"Organization\",\"@id\":\"https:\/\/wpguerssen-test.odoo.rgbconsulting.com\/es\/#organization\",\"name\":\"Guerssen records\",\"url\":\"https:\/\/wpguerssen-test.odoo.rgbconsulting.com\/es\/\",\"logo\":{\"@type\":\"ImageObject\",\"inLanguage\":\"es\",\"@id\":\"https:\/\/wpguerssen-test.odoo.rgbconsulting.com\/es\/#\/schema\/logo\/image\/\",\"url\":\"https:\/\/wpguerssen-test.odoo.rgbconsulting.com\/wp-content\/uploads\/2022\/04\/Logo_Guerssen_trans_100.png\",\"contentUrl\":\"https:\/\/wpguerssen-test.odoo.rgbconsulting.com\/wp-content\/uploads\/2022\/04\/Logo_Guerssen_trans_100.png\",\"width\":122,\"height\":100,\"caption\":\"Guerssen records\"},\"image\":{\"@id\":\"https:\/\/wpguerssen-test.odoo.rgbconsulting.com\/es\/#\/schema\/logo\/image\/\"}}]}<\/script>\n<!-- \/ Yoast SEO plugin. -->","yoast_head_json":{"title":"BRIEF ENCOUNTER - Introducing - The Brief Encounter -  (LP) | Guerssen","description":"Hot on the heels of announcing a singles collection from the North Carolina funk and soul group, P-VINE Records is proud to be repressing Brief Encounter's debut album Introducing - The Brief Encounter for the first time in eleven years. A much-loved favourite among RARE GROOVE fans, this album was originally released in 1977 on Seventy Seven Records where it spent the better part of 30 years amassing untouchable prices on the second-hand market. With its first reissue in 2010, many fans were finally able to hop on board the pleasure-bound trip, and with those records now becoming a rarity, a second repress was always on the cards.","robots":{"index":"index","follow":"follow","max-snippet":"max-snippet:-1","max-image-preview":"max-image-preview:large","max-video-preview":"max-video-preview:-1"},"canonical":"https:\/\/wpguerssen-test.odoo.rgbconsulting.com\/es\/producto\/introducing-the-brief-encounter\/","og_locale":"es_ES","og_type":"article","og_title":"BRIEF ENCOUNTER - Introducing - The Brief Encounter -  (LP) | Guerssen","og_description":"Hot on the heels of announcing a singles collection from the North Carolina funk and soul group, P-VINE Records is proud to be repressing Brief Encounter's debut album Introducing - The Brief Encounter for the first time in eleven years. A much-loved favourite among RARE GROOVE fans, this album was originally released in 1977 on Seventy Seven Records where it spent the better part of 30 years amassing untouchable prices on the second-hand market. With its first reissue in 2010, many fans were finally able to hop on board the pleasure-bound trip, and with those records now becoming a rarity, a second repress was always on the cards.","og_url":"https:\/\/wpguerssen-test.odoo.rgbconsulting.com\/es\/producto\/introducing-the-brief-encounter\/","og_site_name":"Guerssen records","article_modified_time":"2024-02-22T12:47:40+00:00","og_image":[{"width":2560,"height":2560,"url":"https:\/\/wpguerssen-test.odoo.rgbconsulting.com\/wp-content\/uploads\/2023\/06\/44884-scaled.jpg","type":"image\/jpeg"}],"twitter_card":"summary_large_image","twitter_title":"BRIEF ENCOUNTER - Introducing - The Brief Encounter -  (LP) | Guerssen","twitter_misc":{"Tiempo de lectura":"1 minuto"},"schema":{"@context":"https:\/\/schema.org","@graph":[{"@type":"WebPage","@id":"https:\/\/wpguerssen-test.odoo.rgbconsulting.com\/es\/producto\/introducing-the-brief-encounter\/","url":"https:\/\/wpguerssen-test.odoo.rgbconsulting.com\/es\/producto\/introducing-the-brief-encounter\/","name":"BRIEF ENCOUNTER - Introducing - The Brief Encounter - (LP) | Guerssen","isPartOf":{"@id":"https:\/\/wpguerssen-test.odoo.rgbconsulting.com\/es\/#website"},"primaryImageOfPage":{"@id":"https:\/\/wpguerssen-test.odoo.rgbconsulting.com\/es\/producto\/introducing-the-brief-encounter\/#primaryimage"},"image":{"@id":"https:\/\/wpguerssen-test.odoo.rgbconsulting.com\/es\/producto\/introducing-the-brief-encounter\/#primaryimage"},"thumbnailUrl":"https:\/\/wpguerssen-test.odoo.rgbconsulting.com\/wp-content\/uploads\/2023\/06\/44884-scaled.jpg","datePublished":"2023-08-20T22:00:00+00:00","dateModified":"2024-02-22T12:47:40+00:00","description":"Hot on the heels of announcing a singles collection from the North Carolina funk and soul group, P-VINE Records is proud to be repressing Brief Encounter's debut album Introducing - The Brief Encounter for the first time in eleven years. A much-loved favourite among RARE GROOVE fans, this album was originally released in 1977 on Seventy Seven Records where it spent the better part of 30 years amassing untouchable prices on the second-hand market. With its first reissue in 2010, many fans were finally able to hop on board the pleasure-bound trip, and with those records now becoming a rarity, a second repress was always on the cards.","breadcrumb":{"@id":"https:\/\/wpguerssen-test.odoo.rgbconsulting.com\/es\/producto\/introducing-the-brief-encounter\/#breadcrumb"},"inLanguage":"es","potentialAction":[{"@type":"ReadAction","target":["https:\/\/wpguerssen-test.odoo.rgbconsulting.com\/es\/producto\/introducing-the-brief-encounter\/"]}]},{"@type":"ImageObject","inLanguage":"es","@id":"https:\/\/wpguerssen-test.odoo.rgbconsulting.com\/es\/producto\/introducing-the-brief-encounter\/#primaryimage","url":"https:\/\/wpguerssen-test.odoo.rgbconsulting.com\/wp-content\/uploads\/2023\/06\/44884-scaled.jpg","contentUrl":"https:\/\/wpguerssen-test.odoo.rgbconsulting.com\/wp-content\/uploads\/2023\/06\/44884-scaled.jpg","width":2560,"height":2560},{"@type":"BreadcrumbList","@id":"https:\/\/wpguerssen-test.odoo.rgbconsulting.com\/es\/producto\/introducing-the-brief-encounter\/#breadcrumb","itemListElement":[{"@type":"ListItem","position":1,"name":"Inicio","item":"https:\/\/wpguerssen-test.odoo.rgbconsulting.com\/es\/"},{"@type":"ListItem","position":2,"name":"Shop","item":"https:\/\/wpguerssen-test.odoo.rgbconsulting.com\/shop\/"},{"@type":"ListItem","position":3,"name":"Introducing &#8211; The Brief Encounter"}]},{"@type":"WebSite","@id":"https:\/\/wpguerssen-test.odoo.rgbconsulting.com\/es\/#website","url":"https:\/\/wpguerssen-test.odoo.rgbconsulting.com\/es\/","name":"Guerssen records","description":"psychedelia - progressive - folk - garage ","publisher":{"@id":"https:\/\/wpguerssen-test.odoo.rgbconsulting.com\/es\/#organization"},"potentialAction":[{"@type":"SearchAction","target":{"@type":"EntryPoint","urlTemplate":"https:\/\/wpguerssen-test.odoo.rgbconsulting.com\/es\/?s={search_term_string}"},"query-input":{"@type":"PropertyValueSpecification","valueRequired":true,"valueName":"search_term_string"}}],"inLanguage":"es"},{"@type":"Organization","@id":"https:\/\/wpguerssen-test.odoo.rgbconsulting.com\/es\/#organization","name":"Guerssen records","url":"https:\/\/wpguerssen-test.odoo.rgbconsulting.com\/es\/","logo":{"@type":"ImageObject","inLanguage":"es","@id":"https:\/\/wpguerssen-test.odoo.rgbconsulting.com\/es\/#\/schema\/logo\/image\/","url":"https:\/\/wpguerssen-test.odoo.rgbconsulting.com\/wp-content\/uploads\/2022\/04\/Logo_Guerssen_trans_100.png","contentUrl":"https:\/\/wpguerssen-test.odoo.rgbconsulting.com\/wp-content\/uploads\/2022\/04\/Logo_Guerssen_trans_100.png","width":122,"height":100,"caption":"Guerssen records"},"image":{"@id":"https:\/\/wpguerssen-test.odoo.rgbconsulting.com\/es\/#\/schema\/logo\/image\/"}}]}},"_links":{"self":[{"href":"https:\/\/wpguerssen-test.odoo.rgbconsulting.com\/es\/wp-json\/wp\/v2\/product\/238014","targetHints":{"allow":["GET"]}}],"collection":[{"href":"https:\/\/wpguerssen-test.odoo.rgbconsulting.com\/es\/wp-json\/wp\/v2\/product"}],"about":[{"href":"https:\/\/wpguerssen-test.odoo.rgbconsulting.com\/es\/wp-json\/wp\/v2\/types\/product"}],"wp:featuredmedia":[{"embeddable":true,"href":"https:\/\/wpguerssen-test.odoo.rgbconsulting.com\/es\/wp-json\/wp\/v2\/media\/238070"}],"wp:attachment":[{"href":"https:\/\/wpguerssen-test.odoo.rgbconsulting.com\/es\/wp-json\/wp\/v2\/media?parent=238014"}],"wp:term":[{"taxonomy":"product_brand","embeddable":true,"href":"https:\/\/wpguerssen-test.odoo.rgbconsulting.com\/es\/wp-json\/wp\/v2\/product_brand?post=238014"},{"taxonomy":"product_cat","embeddable":true,"href":"https:\/\/wpguerssen-test.odoo.rgbconsulting.com\/es\/wp-json\/wp\/v2\/product_cat?post=238014"},{"taxonomy":"product_tag","embeddable":true,"href":"https:\/\/wpguerssen-test.odoo.rgbconsulting.com\/es\/wp-json\/wp\/v2\/product_tag?post=238014"}],"curies":[{"name":"wp","href":"https:\/\/api.w.org\/{rel}","templated":true}]}}