{"id":238015,"date":"2023-08-21T00:00:00","date_gmt":"2023-08-20T22:00:00","guid":{"rendered":"https:\/\/wpguerssen-test.odoo.rgbconsulting.com\/product\/stone-out-of-your-mind\/"},"modified":"2024-02-22T13:47:46","modified_gmt":"2024-02-22T12:47:46","slug":"stone-out-of-your-mind","status":"publish","type":"product","link":"https:\/\/wpguerssen-test.odoo.rgbconsulting.com\/es\/producto\/stone-out-of-your-mind\/","title":{"rendered":"Stone Out Of Your Mind"},"content":{"rendered":"<p>Otro lanzamiento de peso pesado del inventario del legendario sello de TSG llega esta reedici\u00f3n de Stone Out Of Your Mind de The Corner Gang. A la altura de la bruma llamativa de la portada del \u00e1lbum, aqu\u00ed hay nueve pistas de pop en\u00e9rgico y alma dulce llenas de calor suficiente para protegerse del m\u00e1s fr\u00edo de los inviernos. Lo m\u00e1s destacado del \u00e1lbum, \u00abThe Music Of Your Mind\u00bb, alcanza el punto \u00f3ptimo del disco con su l\u00ednea de bajo resoplando, guitarras funk y voces gru\u00f1onas que rebotan en las paredes.<br \/> P-VINE se complace en reeditar Stone Out of Your Mind en vinilo con una tirada limitada por primera vez desde su lanzamiento original en 1976. Tambi\u00e9n se remasteriz\u00f3 recientemente y se equip\u00f3 con una ic\u00f3nica tira obi japonesa.<\/p>\n","protected":false},"excerpt":{"rendered":"<p>Otro lanzamiento de peso pesado del inventario del legendario sello de TSG llega esta reedici\u00f3n de Stone Out Of Your Mind de The Corner Gang. A la altura de la bruma<a class=\"read\" href=\"https:\/\/wpguerssen-test.odoo.rgbconsulting.com\/es\/producto\/stone-out-of-your-mind\/\"> (...)<\/a>","protected":false},"featured_media":238072,"template":"","meta":{"_acf_changed":false},"product_brand":[],"product_cat":[21649,23219],"product_tag":[],"class_list":{"0":"post-238015","1":"product","2":"type-product","3":"status-publish","4":"has-post-thumbnail","6":"product_cat-soul-rnb-es","7":"product_cat-funk-es","8":"pa_artist-corner-gang-the","9":"pa_format-lp-es","10":"pa_gender-soul-rnb-funk","11":"pa_label-p-vine","12":"pa_location-north-america-es","13":"pa_other-filters-vinyl-only-es","15":"first","16":"instock","17":"taxable","18":"shipping-taxable","19":"purchasable","20":"product-type-simple"},"acf":[],"yoast_head":"<!-- This site is optimized with the Yoast SEO plugin v24.9 - https:\/\/yoast.com\/wordpress\/plugins\/seo\/ -->\n<title>CORNER GANG, The - Stone Out Of Your Mind -  (LP) | Guerssen<\/title>\n<meta name=\"description\" content=\"Another heavyweight release from the vaults of the legendary tax scam label TSG comes this reissue of The Corner Gang&#039;s Stone Out Of Your Mind. Living up to the striking haze of the album&#039;s sleeve, here are nine tracks of energetic pop and sweet soul packed with enough heat to ward off the coldest of winters. Album highlight &quot;The Music Of Your Mind&quot; hits the sweet-spot of the record with its chugging bassline, funk guitars and snarling vocals bouncing off the walls.By the time the needle reaches the end of the groove, and it finally dawns on you that the album cover may have pinched an idea or two from Jimmy Mcgriff&#039;s At The Organ, the band and its anonymous members have packed up their instruments and disappeared without a trace. P-VINE is thrilled to be reissuing Stone Out of Your Mind on vinyl with a limited run for the first time since its original release in 1976. It is also newly remastered and fitted with an iconic Japanese obi strip.\" \/>\n<meta name=\"robots\" content=\"index, follow, max-snippet:-1, max-image-preview:large, max-video-preview:-1\" \/>\n<link rel=\"canonical\" href=\"https:\/\/wpguerssen-test.odoo.rgbconsulting.com\/es\/producto\/stone-out-of-your-mind\/\" \/>\n<meta property=\"og:locale\" content=\"es_ES\" \/>\n<meta property=\"og:type\" content=\"article\" \/>\n<meta property=\"og:title\" content=\"CORNER GANG, The - Stone Out Of Your Mind -  (LP) | Guerssen\" \/>\n<meta property=\"og:description\" content=\"Another heavyweight release from the vaults of the legendary tax scam label TSG comes this reissue of The Corner Gang&#039;s Stone Out Of Your Mind. Living up to the striking haze of the album&#039;s sleeve, here are nine tracks of energetic pop and sweet soul packed with enough heat to ward off the coldest of winters. Album highlight &quot;The Music Of Your Mind&quot; hits the sweet-spot of the record with its chugging bassline, funk guitars and snarling vocals bouncing off the walls.By the time the needle reaches the end of the groove, and it finally dawns on you that the album cover may have pinched an idea or two from Jimmy Mcgriff&#039;s At The Organ, the band and its anonymous members have packed up their instruments and disappeared without a trace. P-VINE is thrilled to be reissuing Stone Out of Your Mind on vinyl with a limited run for the first time since its original release in 1976. It is also newly remastered and fitted with an iconic Japanese obi strip.\" \/>\n<meta property=\"og:url\" content=\"https:\/\/wpguerssen-test.odoo.rgbconsulting.com\/es\/producto\/stone-out-of-your-mind\/\" \/>\n<meta property=\"og:site_name\" content=\"Guerssen records\" \/>\n<meta property=\"article:modified_time\" content=\"2024-02-22T12:47:46+00:00\" \/>\n<meta property=\"og:image\" content=\"https:\/\/wpguerssen-test.odoo.rgbconsulting.com\/wp-content\/uploads\/2023\/06\/44885-scaled.jpg\" \/>\n\t<meta property=\"og:image:width\" content=\"2560\" \/>\n\t<meta property=\"og:image:height\" content=\"2560\" \/>\n\t<meta property=\"og:image:type\" content=\"image\/jpeg\" \/>\n<meta name=\"twitter:card\" content=\"summary_large_image\" \/>\n<meta name=\"twitter:title\" content=\"CORNER GANG, The - Stone Out Of Your Mind -  (LP) | Guerssen\" \/>\n<meta name=\"twitter:label1\" content=\"Tiempo de lectura\" \/>\n\t<meta name=\"twitter:data1\" content=\"1 minuto\" \/>\n<script type=\"application\/ld+json\" class=\"yoast-schema-graph\">{\"@context\":\"https:\/\/schema.org\",\"@graph\":[{\"@type\":\"WebPage\",\"@id\":\"https:\/\/wpguerssen-test.odoo.rgbconsulting.com\/es\/producto\/stone-out-of-your-mind\/\",\"url\":\"https:\/\/wpguerssen-test.odoo.rgbconsulting.com\/es\/producto\/stone-out-of-your-mind\/\",\"name\":\"CORNER GANG, The - Stone Out Of Your Mind - (LP) | Guerssen\",\"isPartOf\":{\"@id\":\"https:\/\/wpguerssen-test.odoo.rgbconsulting.com\/es\/#website\"},\"primaryImageOfPage\":{\"@id\":\"https:\/\/wpguerssen-test.odoo.rgbconsulting.com\/es\/producto\/stone-out-of-your-mind\/#primaryimage\"},\"image\":{\"@id\":\"https:\/\/wpguerssen-test.odoo.rgbconsulting.com\/es\/producto\/stone-out-of-your-mind\/#primaryimage\"},\"thumbnailUrl\":\"https:\/\/wpguerssen-test.odoo.rgbconsulting.com\/wp-content\/uploads\/2023\/06\/44885-scaled.jpg\",\"datePublished\":\"2023-08-20T22:00:00+00:00\",\"dateModified\":\"2024-02-22T12:47:46+00:00\",\"description\":\"Another heavyweight release from the vaults of the legendary tax scam label TSG comes this reissue of The Corner Gang's Stone Out Of Your Mind. Living up to the striking haze of the album's sleeve, here are nine tracks of energetic pop and sweet soul packed with enough heat to ward off the coldest of winters. Album highlight \\\"The Music Of Your Mind\\\" hits the sweet-spot of the record with its chugging bassline, funk guitars and snarling vocals bouncing off the walls.By the time the needle reaches the end of the groove, and it finally dawns on you that the album cover may have pinched an idea or two from Jimmy Mcgriff's At The Organ, the band and its anonymous members have packed up their instruments and disappeared without a trace. P-VINE is thrilled to be reissuing Stone Out of Your Mind on vinyl with a limited run for the first time since its original release in 1976. It is also newly remastered and fitted with an iconic Japanese obi strip.\",\"breadcrumb\":{\"@id\":\"https:\/\/wpguerssen-test.odoo.rgbconsulting.com\/es\/producto\/stone-out-of-your-mind\/#breadcrumb\"},\"inLanguage\":\"es\",\"potentialAction\":[{\"@type\":\"ReadAction\",\"target\":[\"https:\/\/wpguerssen-test.odoo.rgbconsulting.com\/es\/producto\/stone-out-of-your-mind\/\"]}]},{\"@type\":\"ImageObject\",\"inLanguage\":\"es\",\"@id\":\"https:\/\/wpguerssen-test.odoo.rgbconsulting.com\/es\/producto\/stone-out-of-your-mind\/#primaryimage\",\"url\":\"https:\/\/wpguerssen-test.odoo.rgbconsulting.com\/wp-content\/uploads\/2023\/06\/44885-scaled.jpg\",\"contentUrl\":\"https:\/\/wpguerssen-test.odoo.rgbconsulting.com\/wp-content\/uploads\/2023\/06\/44885-scaled.jpg\",\"width\":2560,\"height\":2560,\"caption\":\"The - Stone Out Of Your Mind - P-VINE (LP) | Guerssen\"},{\"@type\":\"BreadcrumbList\",\"@id\":\"https:\/\/wpguerssen-test.odoo.rgbconsulting.com\/es\/producto\/stone-out-of-your-mind\/#breadcrumb\",\"itemListElement\":[{\"@type\":\"ListItem\",\"position\":1,\"name\":\"Inicio\",\"item\":\"https:\/\/wpguerssen-test.odoo.rgbconsulting.com\/es\/\"},{\"@type\":\"ListItem\",\"position\":2,\"name\":\"Shop\",\"item\":\"https:\/\/wpguerssen-test.odoo.rgbconsulting.com\/shop\/\"},{\"@type\":\"ListItem\",\"position\":3,\"name\":\"Stone Out Of Your Mind\"}]},{\"@type\":\"WebSite\",\"@id\":\"https:\/\/wpguerssen-test.odoo.rgbconsulting.com\/es\/#website\",\"url\":\"https:\/\/wpguerssen-test.odoo.rgbconsulting.com\/es\/\",\"name\":\"Guerssen records\",\"description\":\"psychedelia - progressive - folk - garage \",\"publisher\":{\"@id\":\"https:\/\/wpguerssen-test.odoo.rgbconsulting.com\/es\/#organization\"},\"potentialAction\":[{\"@type\":\"SearchAction\",\"target\":{\"@type\":\"EntryPoint\",\"urlTemplate\":\"https:\/\/wpguerssen-test.odoo.rgbconsulting.com\/es\/?s={search_term_string}\"},\"query-input\":{\"@type\":\"PropertyValueSpecification\",\"valueRequired\":true,\"valueName\":\"search_term_string\"}}],\"inLanguage\":\"es\"},{\"@type\":\"Organization\",\"@id\":\"https:\/\/wpguerssen-test.odoo.rgbconsulting.com\/es\/#organization\",\"name\":\"Guerssen records\",\"url\":\"https:\/\/wpguerssen-test.odoo.rgbconsulting.com\/es\/\",\"logo\":{\"@type\":\"ImageObject\",\"inLanguage\":\"es\",\"@id\":\"https:\/\/wpguerssen-test.odoo.rgbconsulting.com\/es\/#\/schema\/logo\/image\/\",\"url\":\"https:\/\/wpguerssen-test.odoo.rgbconsulting.com\/wp-content\/uploads\/2022\/04\/Logo_Guerssen_trans_100.png\",\"contentUrl\":\"https:\/\/wpguerssen-test.odoo.rgbconsulting.com\/wp-content\/uploads\/2022\/04\/Logo_Guerssen_trans_100.png\",\"width\":122,\"height\":100,\"caption\":\"Guerssen records\"},\"image\":{\"@id\":\"https:\/\/wpguerssen-test.odoo.rgbconsulting.com\/es\/#\/schema\/logo\/image\/\"}}]}<\/script>\n<!-- \/ Yoast SEO plugin. -->","yoast_head_json":{"title":"CORNER GANG, The - Stone Out Of Your Mind -  (LP) | Guerssen","description":"Another heavyweight release from the vaults of the legendary tax scam label TSG comes this reissue of The Corner Gang's Stone Out Of Your Mind. Living up to the striking haze of the album's sleeve, here are nine tracks of energetic pop and sweet soul packed with enough heat to ward off the coldest of winters. Album highlight \"The Music Of Your Mind\" hits the sweet-spot of the record with its chugging bassline, funk guitars and snarling vocals bouncing off the walls.By the time the needle reaches the end of the groove, and it finally dawns on you that the album cover may have pinched an idea or two from Jimmy Mcgriff's At The Organ, the band and its anonymous members have packed up their instruments and disappeared without a trace. P-VINE is thrilled to be reissuing Stone Out of Your Mind on vinyl with a limited run for the first time since its original release in 1976. It is also newly remastered and fitted with an iconic Japanese obi strip.","robots":{"index":"index","follow":"follow","max-snippet":"max-snippet:-1","max-image-preview":"max-image-preview:large","max-video-preview":"max-video-preview:-1"},"canonical":"https:\/\/wpguerssen-test.odoo.rgbconsulting.com\/es\/producto\/stone-out-of-your-mind\/","og_locale":"es_ES","og_type":"article","og_title":"CORNER GANG, The - Stone Out Of Your Mind -  (LP) | Guerssen","og_description":"Another heavyweight release from the vaults of the legendary tax scam label TSG comes this reissue of The Corner Gang's Stone Out Of Your Mind. Living up to the striking haze of the album's sleeve, here are nine tracks of energetic pop and sweet soul packed with enough heat to ward off the coldest of winters. Album highlight \"The Music Of Your Mind\" hits the sweet-spot of the record with its chugging bassline, funk guitars and snarling vocals bouncing off the walls.By the time the needle reaches the end of the groove, and it finally dawns on you that the album cover may have pinched an idea or two from Jimmy Mcgriff's At The Organ, the band and its anonymous members have packed up their instruments and disappeared without a trace. P-VINE is thrilled to be reissuing Stone Out of Your Mind on vinyl with a limited run for the first time since its original release in 1976. It is also newly remastered and fitted with an iconic Japanese obi strip.","og_url":"https:\/\/wpguerssen-test.odoo.rgbconsulting.com\/es\/producto\/stone-out-of-your-mind\/","og_site_name":"Guerssen records","article_modified_time":"2024-02-22T12:47:46+00:00","og_image":[{"width":2560,"height":2560,"url":"https:\/\/wpguerssen-test.odoo.rgbconsulting.com\/wp-content\/uploads\/2023\/06\/44885-scaled.jpg","type":"image\/jpeg"}],"twitter_card":"summary_large_image","twitter_title":"CORNER GANG, The - Stone Out Of Your Mind -  (LP) | Guerssen","twitter_misc":{"Tiempo de lectura":"1 minuto"},"schema":{"@context":"https:\/\/schema.org","@graph":[{"@type":"WebPage","@id":"https:\/\/wpguerssen-test.odoo.rgbconsulting.com\/es\/producto\/stone-out-of-your-mind\/","url":"https:\/\/wpguerssen-test.odoo.rgbconsulting.com\/es\/producto\/stone-out-of-your-mind\/","name":"CORNER GANG, The - Stone Out Of Your Mind - (LP) | Guerssen","isPartOf":{"@id":"https:\/\/wpguerssen-test.odoo.rgbconsulting.com\/es\/#website"},"primaryImageOfPage":{"@id":"https:\/\/wpguerssen-test.odoo.rgbconsulting.com\/es\/producto\/stone-out-of-your-mind\/#primaryimage"},"image":{"@id":"https:\/\/wpguerssen-test.odoo.rgbconsulting.com\/es\/producto\/stone-out-of-your-mind\/#primaryimage"},"thumbnailUrl":"https:\/\/wpguerssen-test.odoo.rgbconsulting.com\/wp-content\/uploads\/2023\/06\/44885-scaled.jpg","datePublished":"2023-08-20T22:00:00+00:00","dateModified":"2024-02-22T12:47:46+00:00","description":"Another heavyweight release from the vaults of the legendary tax scam label TSG comes this reissue of The Corner Gang's Stone Out Of Your Mind. Living up to the striking haze of the album's sleeve, here are nine tracks of energetic pop and sweet soul packed with enough heat to ward off the coldest of winters. Album highlight \"The Music Of Your Mind\" hits the sweet-spot of the record with its chugging bassline, funk guitars and snarling vocals bouncing off the walls.By the time the needle reaches the end of the groove, and it finally dawns on you that the album cover may have pinched an idea or two from Jimmy Mcgriff's At The Organ, the band and its anonymous members have packed up their instruments and disappeared without a trace. P-VINE is thrilled to be reissuing Stone Out of Your Mind on vinyl with a limited run for the first time since its original release in 1976. It is also newly remastered and fitted with an iconic Japanese obi strip.","breadcrumb":{"@id":"https:\/\/wpguerssen-test.odoo.rgbconsulting.com\/es\/producto\/stone-out-of-your-mind\/#breadcrumb"},"inLanguage":"es","potentialAction":[{"@type":"ReadAction","target":["https:\/\/wpguerssen-test.odoo.rgbconsulting.com\/es\/producto\/stone-out-of-your-mind\/"]}]},{"@type":"ImageObject","inLanguage":"es","@id":"https:\/\/wpguerssen-test.odoo.rgbconsulting.com\/es\/producto\/stone-out-of-your-mind\/#primaryimage","url":"https:\/\/wpguerssen-test.odoo.rgbconsulting.com\/wp-content\/uploads\/2023\/06\/44885-scaled.jpg","contentUrl":"https:\/\/wpguerssen-test.odoo.rgbconsulting.com\/wp-content\/uploads\/2023\/06\/44885-scaled.jpg","width":2560,"height":2560,"caption":"The - Stone Out Of Your Mind - P-VINE (LP) | Guerssen"},{"@type":"BreadcrumbList","@id":"https:\/\/wpguerssen-test.odoo.rgbconsulting.com\/es\/producto\/stone-out-of-your-mind\/#breadcrumb","itemListElement":[{"@type":"ListItem","position":1,"name":"Inicio","item":"https:\/\/wpguerssen-test.odoo.rgbconsulting.com\/es\/"},{"@type":"ListItem","position":2,"name":"Shop","item":"https:\/\/wpguerssen-test.odoo.rgbconsulting.com\/shop\/"},{"@type":"ListItem","position":3,"name":"Stone Out Of Your Mind"}]},{"@type":"WebSite","@id":"https:\/\/wpguerssen-test.odoo.rgbconsulting.com\/es\/#website","url":"https:\/\/wpguerssen-test.odoo.rgbconsulting.com\/es\/","name":"Guerssen records","description":"psychedelia - progressive - folk - garage ","publisher":{"@id":"https:\/\/wpguerssen-test.odoo.rgbconsulting.com\/es\/#organization"},"potentialAction":[{"@type":"SearchAction","target":{"@type":"EntryPoint","urlTemplate":"https:\/\/wpguerssen-test.odoo.rgbconsulting.com\/es\/?s={search_term_string}"},"query-input":{"@type":"PropertyValueSpecification","valueRequired":true,"valueName":"search_term_string"}}],"inLanguage":"es"},{"@type":"Organization","@id":"https:\/\/wpguerssen-test.odoo.rgbconsulting.com\/es\/#organization","name":"Guerssen records","url":"https:\/\/wpguerssen-test.odoo.rgbconsulting.com\/es\/","logo":{"@type":"ImageObject","inLanguage":"es","@id":"https:\/\/wpguerssen-test.odoo.rgbconsulting.com\/es\/#\/schema\/logo\/image\/","url":"https:\/\/wpguerssen-test.odoo.rgbconsulting.com\/wp-content\/uploads\/2022\/04\/Logo_Guerssen_trans_100.png","contentUrl":"https:\/\/wpguerssen-test.odoo.rgbconsulting.com\/wp-content\/uploads\/2022\/04\/Logo_Guerssen_trans_100.png","width":122,"height":100,"caption":"Guerssen records"},"image":{"@id":"https:\/\/wpguerssen-test.odoo.rgbconsulting.com\/es\/#\/schema\/logo\/image\/"}}]}},"_links":{"self":[{"href":"https:\/\/wpguerssen-test.odoo.rgbconsulting.com\/es\/wp-json\/wp\/v2\/product\/238015","targetHints":{"allow":["GET"]}}],"collection":[{"href":"https:\/\/wpguerssen-test.odoo.rgbconsulting.com\/es\/wp-json\/wp\/v2\/product"}],"about":[{"href":"https:\/\/wpguerssen-test.odoo.rgbconsulting.com\/es\/wp-json\/wp\/v2\/types\/product"}],"wp:featuredmedia":[{"embeddable":true,"href":"https:\/\/wpguerssen-test.odoo.rgbconsulting.com\/es\/wp-json\/wp\/v2\/media\/238072"}],"wp:attachment":[{"href":"https:\/\/wpguerssen-test.odoo.rgbconsulting.com\/es\/wp-json\/wp\/v2\/media?parent=238015"}],"wp:term":[{"taxonomy":"product_brand","embeddable":true,"href":"https:\/\/wpguerssen-test.odoo.rgbconsulting.com\/es\/wp-json\/wp\/v2\/product_brand?post=238015"},{"taxonomy":"product_cat","embeddable":true,"href":"https:\/\/wpguerssen-test.odoo.rgbconsulting.com\/es\/wp-json\/wp\/v2\/product_cat?post=238015"},{"taxonomy":"product_tag","embeddable":true,"href":"https:\/\/wpguerssen-test.odoo.rgbconsulting.com\/es\/wp-json\/wp\/v2\/product_tag?post=238015"}],"curies":[{"name":"wp","href":"https:\/\/api.w.org\/{rel}","templated":true}]}}