{"id":238016,"date":"2023-08-21T00:00:00","date_gmt":"2023-08-20T22:00:00","guid":{"rendered":"https:\/\/wpguerssen-test.odoo.rgbconsulting.com\/product\/this-is-a-blessing\/"},"modified":"2024-02-22T13:47:52","modified_gmt":"2024-02-22T12:47:52","slug":"this-is-a-blessing","status":"publish","type":"product","link":"https:\/\/wpguerssen-test.odoo.rgbconsulting.com\/es\/producto\/this-is-a-blessing\/","title":{"rendered":"This Is A Blessing"},"content":{"rendered":"<p>Fay Hill vive en Los \u00c1ngeles desde la d\u00e9cada de 1980 y es mejor conocida por su segundo \u00e1lbum \u00abIsland In My Mind\u00bb, que se lanz\u00f3 en 1987 con una rica selecci\u00f3n de m\u00fasicos e ingenieros profesionales de Los \u00c1ngeles. Este, su \u00e1lbum debut \u00abThis Is A Blessing\u00bb, lanzado seis a\u00f1os antes en 1981, es en comparaci\u00f3n un asunto mucho m\u00e1s crudo y espont\u00e1neo que a su vez destaca su poderosa voz gospel y la bulliciosa escena funk y soul de Los \u00c1ngeles a principios de a\u00f1os 80 \u00abI Don&#8217;t Know You\u00bb  es un \u00e1lbum destacado producido por MICHAEL ORR, quien ser\u00e1 familiar para los seguidores de Rare Groove junto con su maravillosa l\u00ednea de guitarra cortante. \u00abI Know Who You Should See\u00bb y \u00abAny Load You Can Handle\u00bb tambi\u00e9n se lanzaron como un solo corte de 7 pulgadas en ese momento y todav\u00eda tienen una gran demanda. \u00a1Es un \u00e1lbum realmente lleno de melod\u00edas geniales, y finalmente ve su primera reedici\u00f3n en el mundo!<\/p>\n","protected":false},"excerpt":{"rendered":"<p>Fay Hill vive en Los \u00c1ngeles desde la d\u00e9cada de 1980 y es mejor conocida por su segundo \u00e1lbum \u00abIsland In My Mind\u00bb, que se lanz\u00f3 en 1987 con una rica selecci\u00f3n<a class=\"read\" href=\"https:\/\/wpguerssen-test.odoo.rgbconsulting.com\/es\/producto\/this-is-a-blessing\/\"> (...)<\/a>","protected":false},"featured_media":238074,"template":"","meta":{"_acf_changed":false},"product_brand":[],"product_cat":[21649],"product_tag":[],"class_list":{"0":"post-238016","1":"product","2":"type-product","3":"status-publish","4":"has-post-thumbnail","6":"product_cat-soul-rnb-es","7":"pa_artist-fay","8":"pa_format-lp-es","9":"pa_gender-soul-rnb","10":"pa_label-p-vine","11":"pa_location-north-america-es","12":"pa_other-filters-vinyl-only-es","14":"first","15":"instock","16":"taxable","17":"shipping-taxable","18":"purchasable","19":"product-type-simple"},"acf":[],"yoast_head":"<!-- This site is optimized with the Yoast SEO plugin v24.9 - https:\/\/yoast.com\/wordpress\/plugins\/seo\/ -->\n<title>FAY - This Is A Blessing -  (LP) | Guerssen<\/title>\n<meta name=\"description\" content=\"Fay Hill has been based in LA since the 1980s and is best known for her 2nd album &quot;Island In My Mind&quot; which was released in 1987 with a rich selection professional musicians and engineers from LA. This, her debut album &quot;This Is A Blessing&quot;, released six years earlier in 1981, is by comparison a much more raw and spontaneous affair which in turn spotlights her powerful gospel vocals, and the bustling funk and soul scene of LA in the early 80s. &quot;I Don&#039;t Know You&quot; (M5) is an album highlight produced by MICHAEL ORR who will be familiar to Rare Groove followers along with its wonderful cutting guitar line. &quot;I Know Who You Should See&quot; (M2) and &quot;Any Load You Can Handle&quot; (M7) were also released as single-cut 7 inches at the time and are still in high demand. It&#039;s an album truly full of killer tunes, and finally seeing its first reissue in the world!\" \/>\n<meta name=\"robots\" content=\"index, follow, max-snippet:-1, max-image-preview:large, max-video-preview:-1\" \/>\n<link rel=\"canonical\" href=\"https:\/\/wpguerssen-test.odoo.rgbconsulting.com\/es\/producto\/this-is-a-blessing\/\" \/>\n<meta property=\"og:locale\" content=\"es_ES\" \/>\n<meta property=\"og:type\" content=\"article\" \/>\n<meta property=\"og:title\" content=\"FAY - This Is A Blessing -  (LP) | Guerssen\" \/>\n<meta property=\"og:description\" content=\"Fay Hill has been based in LA since the 1980s and is best known for her 2nd album &quot;Island In My Mind&quot; which was released in 1987 with a rich selection professional musicians and engineers from LA. This, her debut album &quot;This Is A Blessing&quot;, released six years earlier in 1981, is by comparison a much more raw and spontaneous affair which in turn spotlights her powerful gospel vocals, and the bustling funk and soul scene of LA in the early 80s. &quot;I Don&#039;t Know You&quot; (M5) is an album highlight produced by MICHAEL ORR who will be familiar to Rare Groove followers along with its wonderful cutting guitar line. &quot;I Know Who You Should See&quot; (M2) and &quot;Any Load You Can Handle&quot; (M7) were also released as single-cut 7 inches at the time and are still in high demand. It&#039;s an album truly full of killer tunes, and finally seeing its first reissue in the world!\" \/>\n<meta property=\"og:url\" content=\"https:\/\/wpguerssen-test.odoo.rgbconsulting.com\/es\/producto\/this-is-a-blessing\/\" \/>\n<meta property=\"og:site_name\" content=\"Guerssen records\" \/>\n<meta property=\"article:modified_time\" content=\"2024-02-22T12:47:52+00:00\" \/>\n<meta property=\"og:image\" content=\"https:\/\/wpguerssen-test.odoo.rgbconsulting.com\/wp-content\/uploads\/2023\/06\/44886.jpg\" \/>\n\t<meta property=\"og:image:width\" content=\"600\" \/>\n\t<meta property=\"og:image:height\" content=\"600\" \/>\n\t<meta property=\"og:image:type\" content=\"image\/jpeg\" \/>\n<meta name=\"twitter:card\" content=\"summary_large_image\" \/>\n<meta name=\"twitter:title\" content=\"FAY - This Is A Blessing -  (LP) | Guerssen\" \/>\n<meta name=\"twitter:label1\" content=\"Tiempo de lectura\" \/>\n\t<meta name=\"twitter:data1\" content=\"1 minuto\" \/>\n<script type=\"application\/ld+json\" class=\"yoast-schema-graph\">{\"@context\":\"https:\/\/schema.org\",\"@graph\":[{\"@type\":\"WebPage\",\"@id\":\"https:\/\/wpguerssen-test.odoo.rgbconsulting.com\/es\/producto\/this-is-a-blessing\/\",\"url\":\"https:\/\/wpguerssen-test.odoo.rgbconsulting.com\/es\/producto\/this-is-a-blessing\/\",\"name\":\"FAY - This Is A Blessing - (LP) | Guerssen\",\"isPartOf\":{\"@id\":\"https:\/\/wpguerssen-test.odoo.rgbconsulting.com\/es\/#website\"},\"primaryImageOfPage\":{\"@id\":\"https:\/\/wpguerssen-test.odoo.rgbconsulting.com\/es\/producto\/this-is-a-blessing\/#primaryimage\"},\"image\":{\"@id\":\"https:\/\/wpguerssen-test.odoo.rgbconsulting.com\/es\/producto\/this-is-a-blessing\/#primaryimage\"},\"thumbnailUrl\":\"https:\/\/wpguerssen-test.odoo.rgbconsulting.com\/wp-content\/uploads\/2023\/06\/44886.jpg\",\"datePublished\":\"2023-08-20T22:00:00+00:00\",\"dateModified\":\"2024-02-22T12:47:52+00:00\",\"description\":\"Fay Hill has been based in LA since the 1980s and is best known for her 2nd album \\\"Island In My Mind\\\" which was released in 1987 with a rich selection professional musicians and engineers from LA. This, her debut album \\\"This Is A Blessing\\\", released six years earlier in 1981, is by comparison a much more raw and spontaneous affair which in turn spotlights her powerful gospel vocals, and the bustling funk and soul scene of LA in the early 80s. \\\"I Don't Know You\\\" (M5) is an album highlight produced by MICHAEL ORR who will be familiar to Rare Groove followers along with its wonderful cutting guitar line. \\\"I Know Who You Should See\\\" (M2) and \\\"Any Load You Can Handle\\\" (M7) were also released as single-cut 7 inches at the time and are still in high demand. It's an album truly full of killer tunes, and finally seeing its first reissue in the world!\",\"breadcrumb\":{\"@id\":\"https:\/\/wpguerssen-test.odoo.rgbconsulting.com\/es\/producto\/this-is-a-blessing\/#breadcrumb\"},\"inLanguage\":\"es\",\"potentialAction\":[{\"@type\":\"ReadAction\",\"target\":[\"https:\/\/wpguerssen-test.odoo.rgbconsulting.com\/es\/producto\/this-is-a-blessing\/\"]}]},{\"@type\":\"ImageObject\",\"inLanguage\":\"es\",\"@id\":\"https:\/\/wpguerssen-test.odoo.rgbconsulting.com\/es\/producto\/this-is-a-blessing\/#primaryimage\",\"url\":\"https:\/\/wpguerssen-test.odoo.rgbconsulting.com\/wp-content\/uploads\/2023\/06\/44886.jpg\",\"contentUrl\":\"https:\/\/wpguerssen-test.odoo.rgbconsulting.com\/wp-content\/uploads\/2023\/06\/44886.jpg\",\"width\":600,\"height\":600},{\"@type\":\"BreadcrumbList\",\"@id\":\"https:\/\/wpguerssen-test.odoo.rgbconsulting.com\/es\/producto\/this-is-a-blessing\/#breadcrumb\",\"itemListElement\":[{\"@type\":\"ListItem\",\"position\":1,\"name\":\"Inicio\",\"item\":\"https:\/\/wpguerssen-test.odoo.rgbconsulting.com\/es\/\"},{\"@type\":\"ListItem\",\"position\":2,\"name\":\"Shop\",\"item\":\"https:\/\/wpguerssen-test.odoo.rgbconsulting.com\/shop\/\"},{\"@type\":\"ListItem\",\"position\":3,\"name\":\"This Is A Blessing\"}]},{\"@type\":\"WebSite\",\"@id\":\"https:\/\/wpguerssen-test.odoo.rgbconsulting.com\/es\/#website\",\"url\":\"https:\/\/wpguerssen-test.odoo.rgbconsulting.com\/es\/\",\"name\":\"Guerssen records\",\"description\":\"psychedelia - progressive - folk - garage \",\"publisher\":{\"@id\":\"https:\/\/wpguerssen-test.odoo.rgbconsulting.com\/es\/#organization\"},\"potentialAction\":[{\"@type\":\"SearchAction\",\"target\":{\"@type\":\"EntryPoint\",\"urlTemplate\":\"https:\/\/wpguerssen-test.odoo.rgbconsulting.com\/es\/?s={search_term_string}\"},\"query-input\":{\"@type\":\"PropertyValueSpecification\",\"valueRequired\":true,\"valueName\":\"search_term_string\"}}],\"inLanguage\":\"es\"},{\"@type\":\"Organization\",\"@id\":\"https:\/\/wpguerssen-test.odoo.rgbconsulting.com\/es\/#organization\",\"name\":\"Guerssen records\",\"url\":\"https:\/\/wpguerssen-test.odoo.rgbconsulting.com\/es\/\",\"logo\":{\"@type\":\"ImageObject\",\"inLanguage\":\"es\",\"@id\":\"https:\/\/wpguerssen-test.odoo.rgbconsulting.com\/es\/#\/schema\/logo\/image\/\",\"url\":\"https:\/\/wpguerssen-test.odoo.rgbconsulting.com\/wp-content\/uploads\/2022\/04\/Logo_Guerssen_trans_100.png\",\"contentUrl\":\"https:\/\/wpguerssen-test.odoo.rgbconsulting.com\/wp-content\/uploads\/2022\/04\/Logo_Guerssen_trans_100.png\",\"width\":122,\"height\":100,\"caption\":\"Guerssen records\"},\"image\":{\"@id\":\"https:\/\/wpguerssen-test.odoo.rgbconsulting.com\/es\/#\/schema\/logo\/image\/\"}}]}<\/script>\n<!-- \/ Yoast SEO plugin. -->","yoast_head_json":{"title":"FAY - This Is A Blessing -  (LP) | Guerssen","description":"Fay Hill has been based in LA since the 1980s and is best known for her 2nd album \"Island In My Mind\" which was released in 1987 with a rich selection professional musicians and engineers from LA. This, her debut album \"This Is A Blessing\", released six years earlier in 1981, is by comparison a much more raw and spontaneous affair which in turn spotlights her powerful gospel vocals, and the bustling funk and soul scene of LA in the early 80s. \"I Don't Know You\" (M5) is an album highlight produced by MICHAEL ORR who will be familiar to Rare Groove followers along with its wonderful cutting guitar line. \"I Know Who You Should See\" (M2) and \"Any Load You Can Handle\" (M7) were also released as single-cut 7 inches at the time and are still in high demand. It's an album truly full of killer tunes, and finally seeing its first reissue in the world!","robots":{"index":"index","follow":"follow","max-snippet":"max-snippet:-1","max-image-preview":"max-image-preview:large","max-video-preview":"max-video-preview:-1"},"canonical":"https:\/\/wpguerssen-test.odoo.rgbconsulting.com\/es\/producto\/this-is-a-blessing\/","og_locale":"es_ES","og_type":"article","og_title":"FAY - This Is A Blessing -  (LP) | Guerssen","og_description":"Fay Hill has been based in LA since the 1980s and is best known for her 2nd album \"Island In My Mind\" which was released in 1987 with a rich selection professional musicians and engineers from LA. This, her debut album \"This Is A Blessing\", released six years earlier in 1981, is by comparison a much more raw and spontaneous affair which in turn spotlights her powerful gospel vocals, and the bustling funk and soul scene of LA in the early 80s. \"I Don't Know You\" (M5) is an album highlight produced by MICHAEL ORR who will be familiar to Rare Groove followers along with its wonderful cutting guitar line. \"I Know Who You Should See\" (M2) and \"Any Load You Can Handle\" (M7) were also released as single-cut 7 inches at the time and are still in high demand. It's an album truly full of killer tunes, and finally seeing its first reissue in the world!","og_url":"https:\/\/wpguerssen-test.odoo.rgbconsulting.com\/es\/producto\/this-is-a-blessing\/","og_site_name":"Guerssen records","article_modified_time":"2024-02-22T12:47:52+00:00","og_image":[{"width":600,"height":600,"url":"https:\/\/wpguerssen-test.odoo.rgbconsulting.com\/wp-content\/uploads\/2023\/06\/44886.jpg","type":"image\/jpeg"}],"twitter_card":"summary_large_image","twitter_title":"FAY - This Is A Blessing -  (LP) | Guerssen","twitter_misc":{"Tiempo de lectura":"1 minuto"},"schema":{"@context":"https:\/\/schema.org","@graph":[{"@type":"WebPage","@id":"https:\/\/wpguerssen-test.odoo.rgbconsulting.com\/es\/producto\/this-is-a-blessing\/","url":"https:\/\/wpguerssen-test.odoo.rgbconsulting.com\/es\/producto\/this-is-a-blessing\/","name":"FAY - This Is A Blessing - (LP) | Guerssen","isPartOf":{"@id":"https:\/\/wpguerssen-test.odoo.rgbconsulting.com\/es\/#website"},"primaryImageOfPage":{"@id":"https:\/\/wpguerssen-test.odoo.rgbconsulting.com\/es\/producto\/this-is-a-blessing\/#primaryimage"},"image":{"@id":"https:\/\/wpguerssen-test.odoo.rgbconsulting.com\/es\/producto\/this-is-a-blessing\/#primaryimage"},"thumbnailUrl":"https:\/\/wpguerssen-test.odoo.rgbconsulting.com\/wp-content\/uploads\/2023\/06\/44886.jpg","datePublished":"2023-08-20T22:00:00+00:00","dateModified":"2024-02-22T12:47:52+00:00","description":"Fay Hill has been based in LA since the 1980s and is best known for her 2nd album \"Island In My Mind\" which was released in 1987 with a rich selection professional musicians and engineers from LA. This, her debut album \"This Is A Blessing\", released six years earlier in 1981, is by comparison a much more raw and spontaneous affair which in turn spotlights her powerful gospel vocals, and the bustling funk and soul scene of LA in the early 80s. \"I Don't Know You\" (M5) is an album highlight produced by MICHAEL ORR who will be familiar to Rare Groove followers along with its wonderful cutting guitar line. \"I Know Who You Should See\" (M2) and \"Any Load You Can Handle\" (M7) were also released as single-cut 7 inches at the time and are still in high demand. It's an album truly full of killer tunes, and finally seeing its first reissue in the world!","breadcrumb":{"@id":"https:\/\/wpguerssen-test.odoo.rgbconsulting.com\/es\/producto\/this-is-a-blessing\/#breadcrumb"},"inLanguage":"es","potentialAction":[{"@type":"ReadAction","target":["https:\/\/wpguerssen-test.odoo.rgbconsulting.com\/es\/producto\/this-is-a-blessing\/"]}]},{"@type":"ImageObject","inLanguage":"es","@id":"https:\/\/wpguerssen-test.odoo.rgbconsulting.com\/es\/producto\/this-is-a-blessing\/#primaryimage","url":"https:\/\/wpguerssen-test.odoo.rgbconsulting.com\/wp-content\/uploads\/2023\/06\/44886.jpg","contentUrl":"https:\/\/wpguerssen-test.odoo.rgbconsulting.com\/wp-content\/uploads\/2023\/06\/44886.jpg","width":600,"height":600},{"@type":"BreadcrumbList","@id":"https:\/\/wpguerssen-test.odoo.rgbconsulting.com\/es\/producto\/this-is-a-blessing\/#breadcrumb","itemListElement":[{"@type":"ListItem","position":1,"name":"Inicio","item":"https:\/\/wpguerssen-test.odoo.rgbconsulting.com\/es\/"},{"@type":"ListItem","position":2,"name":"Shop","item":"https:\/\/wpguerssen-test.odoo.rgbconsulting.com\/shop\/"},{"@type":"ListItem","position":3,"name":"This Is A Blessing"}]},{"@type":"WebSite","@id":"https:\/\/wpguerssen-test.odoo.rgbconsulting.com\/es\/#website","url":"https:\/\/wpguerssen-test.odoo.rgbconsulting.com\/es\/","name":"Guerssen records","description":"psychedelia - progressive - folk - garage ","publisher":{"@id":"https:\/\/wpguerssen-test.odoo.rgbconsulting.com\/es\/#organization"},"potentialAction":[{"@type":"SearchAction","target":{"@type":"EntryPoint","urlTemplate":"https:\/\/wpguerssen-test.odoo.rgbconsulting.com\/es\/?s={search_term_string}"},"query-input":{"@type":"PropertyValueSpecification","valueRequired":true,"valueName":"search_term_string"}}],"inLanguage":"es"},{"@type":"Organization","@id":"https:\/\/wpguerssen-test.odoo.rgbconsulting.com\/es\/#organization","name":"Guerssen records","url":"https:\/\/wpguerssen-test.odoo.rgbconsulting.com\/es\/","logo":{"@type":"ImageObject","inLanguage":"es","@id":"https:\/\/wpguerssen-test.odoo.rgbconsulting.com\/es\/#\/schema\/logo\/image\/","url":"https:\/\/wpguerssen-test.odoo.rgbconsulting.com\/wp-content\/uploads\/2022\/04\/Logo_Guerssen_trans_100.png","contentUrl":"https:\/\/wpguerssen-test.odoo.rgbconsulting.com\/wp-content\/uploads\/2022\/04\/Logo_Guerssen_trans_100.png","width":122,"height":100,"caption":"Guerssen records"},"image":{"@id":"https:\/\/wpguerssen-test.odoo.rgbconsulting.com\/es\/#\/schema\/logo\/image\/"}}]}},"_links":{"self":[{"href":"https:\/\/wpguerssen-test.odoo.rgbconsulting.com\/es\/wp-json\/wp\/v2\/product\/238016","targetHints":{"allow":["GET"]}}],"collection":[{"href":"https:\/\/wpguerssen-test.odoo.rgbconsulting.com\/es\/wp-json\/wp\/v2\/product"}],"about":[{"href":"https:\/\/wpguerssen-test.odoo.rgbconsulting.com\/es\/wp-json\/wp\/v2\/types\/product"}],"wp:featuredmedia":[{"embeddable":true,"href":"https:\/\/wpguerssen-test.odoo.rgbconsulting.com\/es\/wp-json\/wp\/v2\/media\/238074"}],"wp:attachment":[{"href":"https:\/\/wpguerssen-test.odoo.rgbconsulting.com\/es\/wp-json\/wp\/v2\/media?parent=238016"}],"wp:term":[{"taxonomy":"product_brand","embeddable":true,"href":"https:\/\/wpguerssen-test.odoo.rgbconsulting.com\/es\/wp-json\/wp\/v2\/product_brand?post=238016"},{"taxonomy":"product_cat","embeddable":true,"href":"https:\/\/wpguerssen-test.odoo.rgbconsulting.com\/es\/wp-json\/wp\/v2\/product_cat?post=238016"},{"taxonomy":"product_tag","embeddable":true,"href":"https:\/\/wpguerssen-test.odoo.rgbconsulting.com\/es\/wp-json\/wp\/v2\/product_tag?post=238016"}],"curies":[{"name":"wp","href":"https:\/\/api.w.org\/{rel}","templated":true}]}}